{"id":453661,"date":"2025-07-22T13:27:44","date_gmt":"2025-07-22T10:27:44","guid":{"rendered":"https:\/\/beebipood.ee\/toode\/beebivoodi-frank-natural\/"},"modified":"2025-07-22T14:32:03","modified_gmt":"2025-07-22T11:32:03","slug":"beebivoodi-frania-60x120-turvapiirdega-natural","status":"publish","type":"product","link":"https:\/\/beebipood.ee\/ru\/produkt\/beebivoodi-frania-60x120-turvapiirdega-natural\/","title":{"rendered":"Beebivoodi Frania 60\u00d7120 turvapiirdega, natural"},"content":{"rendered":"<p>Frania beebivoodi voodi m\u00f5\u00f5tudega 120 x 60 cm<br \/>\non valmistatud t\u00e4ielikult kvaliteetsest m\u00e4nnipuidust,<br \/>\nmis on vastupidav ja loomulikult kaunis.<br \/>\nM\u00e4nd on soe puit, mis toob lapse tuppa hubase ja rahuliku atmosf\u00e4\u00e4ri.<br \/>\nV\u00f5revoodi avaldab muljet oma lihtsa ja elegantse disainiga<br \/>\nning \u00fcmarad pulgad lisavad \u00f5rnust ja harmooniat.<br \/>\n* valmistatud t\u00e4ielikult kvaliteetsest m\u00e4nnipuidust<br \/>\n* viimistlus: nat.lakk<br \/>\n* beebivoodi p\u00f5hja v\u00f5imalik t\u00f5sta 3 erinevat k\u00f5rgust<br \/>\n* \u00fchelt voodi k\u00fcljelt on v\u00f5imalik \u00e4ra v\u00f5tta 3 pulka,<br \/>\net laps kasvades saaks ise voodisse minna ja voodist v\u00e4lja tulla.<br \/>\n* vajadusel on beebivoodi \u00fcks k\u00fclgedest ka eemaldatav<br \/>\n* komplektis on lisa turvapiire<br \/>\n* voodisse sobib madrats m\u00f5\u00f5duga 60x120cm<br \/>\n* madrats ei ole hinna sees<br \/>\n* viimistlemisel on kasutatud ainult vee baasil v\u00e4rve ja lakke<br \/>\n* toodetud EL&#8217;s<br \/>\n* toode vastab k\u00f5ikidele EN turvastandarditele<\/p>\n","protected":false},"excerpt":{"rendered":"<p>Frania beebivoodi voodi m\u00f5\u00f5tudega 120 x 60 cm on valmistatud t\u00e4ielikult kvaliteetsest m\u00e4nnipuidust, mis on vastupidav ja loomulikult kaunis. M\u00e4nd on soe puit, mis toob lapse tuppa hubase ja rahuliku atmosf\u00e4\u00e4ri. V\u00f5revoodi avaldab muljet oma lihtsa ja elegantse disainiga ning \u00fcmarad pulgad lisavad \u00f5rnust ja harmooniat. * valmistatud t\u00e4ielikult kvaliteetsest m\u00e4nnipuidust * viimistlus: nat.lakk * [&hellip;]<\/p>\n","protected":false},"featured_media":505787,"template":"","meta":{"_acf_changed":false},"pwb-brand":[11946],"product_brand":[],"product_cat":[11567,11745,11553,11789],"product_tag":[],"class_list":{"0":"post-453661","1":"product","2":"type-product","3":"status-publish","4":"has-post-thumbnail","6":"pwb-brand-klups-ru","7":"product_cat-vorevoodid-ru","8":"product_cat-madratsile-60x120-ru","9":"product_cat-beebivoodid-reisivoodid-hallid-ru","10":"product_cat-lastemoobel-ja-sisustus-ru","11":"pa_manufacturer-klups-ru","13":"first","14":"onbackorder","15":"sale","16":"taxable","17":"shipping-taxable","18":"purchasable","19":"product-type-simple"},"exclude_global_add_ons":[],"addons":[],"acf":[],"yoast_head":"<!-- This site is optimized with the Yoast SEO plugin v27.1.1 - https:\/\/yoast.com\/product\/yoast-seo-wordpress\/ -->\n<title>Beebivoodi Frank, natural, \u0414\u0435\u0442\u0441\u043a\u0438e \u043a\u0440\u043e\u0432\u0430\u0442\u043a\u0438, \u043f\u0435\u0440\u0435\u043d\u043e\u0441\u043d\u044b\u0435 \u043a\u0440\u043e\u0432\u0430\u0442\u043a\u0438, \u043b\u044e\u043b\u044c\u043a\u0438, \u0414\u0435\u0442\u0441\u043a\u0438e \u043a\u0440\u043e\u0432\u0430\u0442\u043a\u0438, \u043c\u0430\u0442\u0440\u0430\u0441 60x120, M\u0435\u0431\u0435\u043b\u044c, Beebipood<\/title>\n<meta name=\"description\" content=\"Beebivoodi Frank, natural, * valmistatud m\u00e4nnipuidust* viimistlus: nat.lakk* beebivoodi p\u00f5hja v\u00f5imalik t\u00f5sta 3 erinevat\" \/>\n<meta name=\"robots\" content=\"index, follow, max-snippet:-1, max-image-preview:large, max-video-preview:-1\" \/>\n<link rel=\"canonical\" href=\"https:\/\/beebipood.ee\/ru\/produkt\/beebivoodi-frania-60x120-turvapiirdega-natural\/\" \/>\n<meta property=\"og:locale\" content=\"ru_RU\" \/>\n<meta property=\"og:type\" content=\"article\" \/>\n<meta property=\"og:title\" content=\"Beebivoodi Frank, natural, \u0414\u0435\u0442\u0441\u043a\u0438e \u043a\u0440\u043e\u0432\u0430\u0442\u043a\u0438, \u043f\u0435\u0440\u0435\u043d\u043e\u0441\u043d\u044b\u0435 \u043a\u0440\u043e\u0432\u0430\u0442\u043a\u0438, \u043b\u044e\u043b\u044c\u043a\u0438, \u0414\u0435\u0442\u0441\u043a\u0438e \u043a\u0440\u043e\u0432\u0430\u0442\u043a\u0438, \u043c\u0430\u0442\u0440\u0430\u0441 60x120, M\u0435\u0431\u0435\u043b\u044c, Beebipood\" \/>\n<meta property=\"og:description\" content=\"Beebivoodi Frank, natural, * valmistatud m\u00e4nnipuidust* viimistlus: nat.lakk* beebivoodi p\u00f5hja v\u00f5imalik t\u00f5sta 3 erinevat\" \/>\n<meta property=\"og:url\" content=\"https:\/\/beebipood.ee\/ru\/produkt\/beebivoodi-frania-60x120-turvapiirdega-natural\/\" \/>\n<meta property=\"og:site_name\" content=\"Beebipood\" \/>\n<meta property=\"article:modified_time\" content=\"2025-07-22T11:32:03+00:00\" \/>\n<meta property=\"og:image\" content=\"https:\/\/beebipood.ee\/wp-content\/uploads\/2013\/09\/beebivoodi-frania-natural.jpg\" \/>\n\t<meta property=\"og:image:width\" content=\"1000\" \/>\n\t<meta property=\"og:image:height\" content=\"1000\" \/>\n\t<meta property=\"og:image:type\" content=\"image\/jpeg\" \/>\n<meta name=\"twitter:card\" content=\"summary_large_image\" \/>\n<meta name=\"twitter:label1\" content=\"\u041f\u0440\u0438\u043c\u0435\u0440\u043d\u043e\u0435 \u0432\u0440\u0435\u043c\u044f \u0434\u043b\u044f \u0447\u0442\u0435\u043d\u0438\u044f\" \/>\n\t<meta name=\"twitter:data1\" content=\"1 \u043c\u0438\u043d\u0443\u0442\u0430\" \/>\n<script type=\"application\/ld+json\" class=\"yoast-schema-graph\">{\"@context\":\"https:\/\/schema.org\",\"@graph\":[{\"@type\":\"WebPage\",\"@id\":\"https:\/\/beebipood.ee\/ru\/produkt\/beebivoodi-frania-60x120-turvapiirdega-natural\/\",\"url\":\"https:\/\/beebipood.ee\/ru\/produkt\/beebivoodi-frania-60x120-turvapiirdega-natural\/\",\"name\":\"Beebivoodi Frank, natural, \u0414\u0435\u0442\u0441\u043a\u0438e \u043a\u0440\u043e\u0432\u0430\u0442\u043a\u0438, \u043f\u0435\u0440\u0435\u043d\u043e\u0441\u043d\u044b\u0435 \u043a\u0440\u043e\u0432\u0430\u0442\u043a\u0438, \u043b\u044e\u043b\u044c\u043a\u0438, \u0414\u0435\u0442\u0441\u043a\u0438e \u043a\u0440\u043e\u0432\u0430\u0442\u043a\u0438, \u043c\u0430\u0442\u0440\u0430\u0441 60x120, M\u0435\u0431\u0435\u043b\u044c, Beebipood\",\"isPartOf\":{\"@id\":\"https:\/\/beebipood.ee\/ru\/#website\"},\"primaryImageOfPage\":{\"@id\":\"https:\/\/beebipood.ee\/ru\/produkt\/beebivoodi-frania-60x120-turvapiirdega-natural\/#primaryimage\"},\"image\":{\"@id\":\"https:\/\/beebipood.ee\/ru\/produkt\/beebivoodi-frania-60x120-turvapiirdega-natural\/#primaryimage\"},\"thumbnailUrl\":\"https:\/\/beebipood.ee\/wp-content\/uploads\/2013\/09\/beebivoodi-frania-natural.jpg\",\"datePublished\":\"2025-07-22T10:27:44+00:00\",\"dateModified\":\"2025-07-22T11:32:03+00:00\",\"description\":\"Beebivoodi Frank, natural, * valmistatud m\u00e4nnipuidust* viimistlus: nat.lakk* beebivoodi p\u00f5hja v\u00f5imalik t\u00f5sta 3 erinevat\",\"breadcrumb\":{\"@id\":\"https:\/\/beebipood.ee\/ru\/produkt\/beebivoodi-frania-60x120-turvapiirdega-natural\/#breadcrumb\"},\"inLanguage\":\"ru-RU\",\"potentialAction\":[{\"@type\":\"ReadAction\",\"target\":[\"https:\/\/beebipood.ee\/ru\/produkt\/beebivoodi-frania-60x120-turvapiirdega-natural\/\"]}]},{\"@type\":\"ImageObject\",\"inLanguage\":\"ru-RU\",\"@id\":\"https:\/\/beebipood.ee\/ru\/produkt\/beebivoodi-frania-60x120-turvapiirdega-natural\/#primaryimage\",\"url\":\"https:\/\/beebipood.ee\/wp-content\/uploads\/2013\/09\/beebivoodi-frania-natural.jpg\",\"contentUrl\":\"https:\/\/beebipood.ee\/wp-content\/uploads\/2013\/09\/beebivoodi-frania-natural.jpg\",\"width\":1000,\"height\":1000},{\"@type\":\"BreadcrumbList\",\"@id\":\"https:\/\/beebipood.ee\/ru\/produkt\/beebivoodi-frania-60x120-turvapiirdega-natural\/#breadcrumb\",\"itemListElement\":[{\"@type\":\"ListItem\",\"position\":1,\"name\":\"Home\",\"item\":\"https:\/\/beebipood.ee\/ru\/\"},{\"@type\":\"ListItem\",\"position\":2,\"name\":\"\u041a\u0430\u0442\u0430\u043b\u043e\u0433 \u0442\u043e\u0432\u0430\u0440\u043e\u0432\",\"item\":\"https:\/\/beebipood.ee\/tooted\/\"},{\"@type\":\"ListItem\",\"position\":3,\"name\":\"Beebivoodi Frania 60\u00d7120 turvapiirdega, natural\"}]},{\"@type\":\"WebSite\",\"@id\":\"https:\/\/beebipood.ee\/ru\/#website\",\"url\":\"https:\/\/beebipood.ee\/ru\/\",\"name\":\"Beebipood\",\"description\":\"Lastekaubad, beebikaubad, m\u00e4nguasjad\",\"publisher\":{\"@id\":\"https:\/\/beebipood.ee\/ru\/#organization\"},\"potentialAction\":[{\"@type\":\"SearchAction\",\"target\":{\"@type\":\"EntryPoint\",\"urlTemplate\":\"https:\/\/beebipood.ee\/ru\/?s={search_term_string}\"},\"query-input\":{\"@type\":\"PropertyValueSpecification\",\"valueRequired\":true,\"valueName\":\"search_term_string\"}}],\"inLanguage\":\"ru-RU\"},{\"@type\":\"Organization\",\"@id\":\"https:\/\/beebipood.ee\/ru\/#organization\",\"name\":\"Beebipood\",\"url\":\"https:\/\/beebipood.ee\/ru\/\",\"logo\":{\"@type\":\"ImageObject\",\"inLanguage\":\"ru-RU\",\"@id\":\"https:\/\/beebipood.ee\/ru\/#\/schema\/logo\/image\/\",\"url\":\"https:\/\/beebipood.ee\/wp-content\/uploads\/2025\/03\/beebipood.ee-logo-1.svg\",\"contentUrl\":\"https:\/\/beebipood.ee\/wp-content\/uploads\/2025\/03\/beebipood.ee-logo-1.svg\",\"caption\":\"Beebipood\"},\"image\":{\"@id\":\"https:\/\/beebipood.ee\/ru\/#\/schema\/logo\/image\/\"}}]}<\/script>\n<!-- \/ Yoast SEO plugin. -->","yoast_head_json":{"title":"Beebivoodi Frank, natural, \u0414\u0435\u0442\u0441\u043a\u0438e \u043a\u0440\u043e\u0432\u0430\u0442\u043a\u0438, \u043f\u0435\u0440\u0435\u043d\u043e\u0441\u043d\u044b\u0435 \u043a\u0440\u043e\u0432\u0430\u0442\u043a\u0438, \u043b\u044e\u043b\u044c\u043a\u0438, \u0414\u0435\u0442\u0441\u043a\u0438e \u043a\u0440\u043e\u0432\u0430\u0442\u043a\u0438, \u043c\u0430\u0442\u0440\u0430\u0441 60x120, M\u0435\u0431\u0435\u043b\u044c, Beebipood","description":"Beebivoodi Frank, natural, * valmistatud m\u00e4nnipuidust* viimistlus: nat.lakk* beebivoodi p\u00f5hja v\u00f5imalik t\u00f5sta 3 erinevat","robots":{"index":"index","follow":"follow","max-snippet":"max-snippet:-1","max-image-preview":"max-image-preview:large","max-video-preview":"max-video-preview:-1"},"canonical":"https:\/\/beebipood.ee\/ru\/produkt\/beebivoodi-frania-60x120-turvapiirdega-natural\/","og_locale":"ru_RU","og_type":"article","og_title":"Beebivoodi Frank, natural, \u0414\u0435\u0442\u0441\u043a\u0438e \u043a\u0440\u043e\u0432\u0430\u0442\u043a\u0438, \u043f\u0435\u0440\u0435\u043d\u043e\u0441\u043d\u044b\u0435 \u043a\u0440\u043e\u0432\u0430\u0442\u043a\u0438, \u043b\u044e\u043b\u044c\u043a\u0438, \u0414\u0435\u0442\u0441\u043a\u0438e \u043a\u0440\u043e\u0432\u0430\u0442\u043a\u0438, \u043c\u0430\u0442\u0440\u0430\u0441 60x120, M\u0435\u0431\u0435\u043b\u044c, Beebipood","og_description":"Beebivoodi Frank, natural, * valmistatud m\u00e4nnipuidust* viimistlus: nat.lakk* beebivoodi p\u00f5hja v\u00f5imalik t\u00f5sta 3 erinevat","og_url":"https:\/\/beebipood.ee\/ru\/produkt\/beebivoodi-frania-60x120-turvapiirdega-natural\/","og_site_name":"Beebipood","article_modified_time":"2025-07-22T11:32:03+00:00","og_image":[{"width":1000,"height":1000,"url":"https:\/\/beebipood.ee\/wp-content\/uploads\/2013\/09\/beebivoodi-frania-natural.jpg","type":"image\/jpeg"}],"twitter_card":"summary_large_image","twitter_misc":{"\u041f\u0440\u0438\u043c\u0435\u0440\u043d\u043e\u0435 \u0432\u0440\u0435\u043c\u044f \u0434\u043b\u044f \u0447\u0442\u0435\u043d\u0438\u044f":"1 \u043c\u0438\u043d\u0443\u0442\u0430"},"schema":{"@context":"https:\/\/schema.org","@graph":[{"@type":"WebPage","@id":"https:\/\/beebipood.ee\/ru\/produkt\/beebivoodi-frania-60x120-turvapiirdega-natural\/","url":"https:\/\/beebipood.ee\/ru\/produkt\/beebivoodi-frania-60x120-turvapiirdega-natural\/","name":"Beebivoodi Frank, natural, \u0414\u0435\u0442\u0441\u043a\u0438e \u043a\u0440\u043e\u0432\u0430\u0442\u043a\u0438, \u043f\u0435\u0440\u0435\u043d\u043e\u0441\u043d\u044b\u0435 \u043a\u0440\u043e\u0432\u0430\u0442\u043a\u0438, \u043b\u044e\u043b\u044c\u043a\u0438, \u0414\u0435\u0442\u0441\u043a\u0438e \u043a\u0440\u043e\u0432\u0430\u0442\u043a\u0438, \u043c\u0430\u0442\u0440\u0430\u0441 60x120, M\u0435\u0431\u0435\u043b\u044c, Beebipood","isPartOf":{"@id":"https:\/\/beebipood.ee\/ru\/#website"},"primaryImageOfPage":{"@id":"https:\/\/beebipood.ee\/ru\/produkt\/beebivoodi-frania-60x120-turvapiirdega-natural\/#primaryimage"},"image":{"@id":"https:\/\/beebipood.ee\/ru\/produkt\/beebivoodi-frania-60x120-turvapiirdega-natural\/#primaryimage"},"thumbnailUrl":"https:\/\/beebipood.ee\/wp-content\/uploads\/2013\/09\/beebivoodi-frania-natural.jpg","datePublished":"2025-07-22T10:27:44+00:00","dateModified":"2025-07-22T11:32:03+00:00","description":"Beebivoodi Frank, natural, * valmistatud m\u00e4nnipuidust* viimistlus: nat.lakk* beebivoodi p\u00f5hja v\u00f5imalik t\u00f5sta 3 erinevat","breadcrumb":{"@id":"https:\/\/beebipood.ee\/ru\/produkt\/beebivoodi-frania-60x120-turvapiirdega-natural\/#breadcrumb"},"inLanguage":"ru-RU","potentialAction":[{"@type":"ReadAction","target":["https:\/\/beebipood.ee\/ru\/produkt\/beebivoodi-frania-60x120-turvapiirdega-natural\/"]}]},{"@type":"ImageObject","inLanguage":"ru-RU","@id":"https:\/\/beebipood.ee\/ru\/produkt\/beebivoodi-frania-60x120-turvapiirdega-natural\/#primaryimage","url":"https:\/\/beebipood.ee\/wp-content\/uploads\/2013\/09\/beebivoodi-frania-natural.jpg","contentUrl":"https:\/\/beebipood.ee\/wp-content\/uploads\/2013\/09\/beebivoodi-frania-natural.jpg","width":1000,"height":1000},{"@type":"BreadcrumbList","@id":"https:\/\/beebipood.ee\/ru\/produkt\/beebivoodi-frania-60x120-turvapiirdega-natural\/#breadcrumb","itemListElement":[{"@type":"ListItem","position":1,"name":"Home","item":"https:\/\/beebipood.ee\/ru\/"},{"@type":"ListItem","position":2,"name":"\u041a\u0430\u0442\u0430\u043b\u043e\u0433 \u0442\u043e\u0432\u0430\u0440\u043e\u0432","item":"https:\/\/beebipood.ee\/tooted\/"},{"@type":"ListItem","position":3,"name":"Beebivoodi Frania 60\u00d7120 turvapiirdega, natural"}]},{"@type":"WebSite","@id":"https:\/\/beebipood.ee\/ru\/#website","url":"https:\/\/beebipood.ee\/ru\/","name":"Beebipood","description":"Lastekaubad, beebikaubad, m\u00e4nguasjad","publisher":{"@id":"https:\/\/beebipood.ee\/ru\/#organization"},"potentialAction":[{"@type":"SearchAction","target":{"@type":"EntryPoint","urlTemplate":"https:\/\/beebipood.ee\/ru\/?s={search_term_string}"},"query-input":{"@type":"PropertyValueSpecification","valueRequired":true,"valueName":"search_term_string"}}],"inLanguage":"ru-RU"},{"@type":"Organization","@id":"https:\/\/beebipood.ee\/ru\/#organization","name":"Beebipood","url":"https:\/\/beebipood.ee\/ru\/","logo":{"@type":"ImageObject","inLanguage":"ru-RU","@id":"https:\/\/beebipood.ee\/ru\/#\/schema\/logo\/image\/","url":"https:\/\/beebipood.ee\/wp-content\/uploads\/2025\/03\/beebipood.ee-logo-1.svg","contentUrl":"https:\/\/beebipood.ee\/wp-content\/uploads\/2025\/03\/beebipood.ee-logo-1.svg","caption":"Beebipood"},"image":{"@id":"https:\/\/beebipood.ee\/ru\/#\/schema\/logo\/image\/"}}]}},"brands":[{"id":11946,"name":"Klups","slug":"klups-ru"}],"_links":{"self":[{"href":"https:\/\/beebipood.ee\/ru\/wp-json\/wp\/v2\/product\/453661","targetHints":{"allow":["GET"]}}],"collection":[{"href":"https:\/\/beebipood.ee\/ru\/wp-json\/wp\/v2\/product"}],"about":[{"href":"https:\/\/beebipood.ee\/ru\/wp-json\/wp\/v2\/types\/product"}],"wp:featuredmedia":[{"embeddable":true,"href":"https:\/\/beebipood.ee\/ru\/wp-json\/wp\/v2\/media\/505787"}],"wp:attachment":[{"href":"https:\/\/beebipood.ee\/ru\/wp-json\/wp\/v2\/media?parent=453661"}],"wp:term":[{"taxonomy":"pwb-brand","embeddable":true,"href":"https:\/\/beebipood.ee\/ru\/wp-json\/wp\/v2\/pwb-brand?post=453661"},{"taxonomy":"product_brand","embeddable":true,"href":"https:\/\/beebipood.ee\/ru\/wp-json\/wp\/v2\/product_brand?post=453661"},{"taxonomy":"product_cat","embeddable":true,"href":"https:\/\/beebipood.ee\/ru\/wp-json\/wp\/v2\/product_cat?post=453661"},{"taxonomy":"product_tag","embeddable":true,"href":"https:\/\/beebipood.ee\/ru\/wp-json\/wp\/v2\/product_tag?post=453661"}],"curies":[{"name":"wp","href":"https:\/\/api.w.org\/{rel}","templated":true}]}}