{"id":453667,"date":"2013-09-02T13:27:46","date_gmt":"2013-09-02T10:27:46","guid":{"rendered":"https:\/\/beebipood.ee\/toode\/kott-tool-diana-active-150l-varvivalik\/"},"modified":"2025-01-09T10:53:06","modified_gmt":"2025-01-09T08:53:06","slug":"kott-tool-diana-active-150l-varvivalik","status":"publish","type":"product","link":"https:\/\/beebipood.ee\/ru\/produkt\/kott-tool-diana-active-150l-varvivalik\/","title":{"rendered":"Kott-tool Diana Active 150L, v\u00e4rvivalik"},"content":{"rendered":"<p>Diana on klassikaline pirnikujuline kott-tool, <br \/>mis triumfeerib enimostetud mudelite pingereas k\u00f5rgel kohal, <br \/>kuna pakub v\u00e4ga laia kasutusvaldkonda \u2013 v\u00e4iksemad suurused on popid lastetubades <br \/>v\u00f5i lasteaedades ning suuremad mudelid pakuvad stiilset <br \/>ja mugavat istumist elutubades v\u00f5i \u00fcldkasutatavatel aladel (kontorid, koolid, jne.)<br \/>2-kordsed \u00f5mblused annavad kott-toolile vastupidavuse ja tagavad tema pikaealisuse.<br \/>Kott-tool on t\u00e4idetud mittes\u00fcttivate <br \/>ja sertifitseeritud vahtpol\u00fcst\u00fcreengraanulitega (150 ; 250 ; 350 liitrit).<br \/>P\u00f5hja all oleva topeltluku taga on t\u00e4itmise koht, <br \/>mille abil saab vajadusel lisada graanuleid.<br \/>Sisekott annab v\u00f5imaluse v\u00e4limist \u00fcmbriskatet mugavalt<br \/>kogu t\u00e4iega pesta (k\u00e4sipesu v\u00f5i \u00f5rnpesu programm, kuni 30 kraadi).<br \/>Kott-tooli m\u00f5\u00f5dud on ligikaudu:<br \/>150L mudel: Laius 70 cm, S\u00fcgavus 70 cm, K\u00f5rgus 90 cm.<br \/>250L mudel: Laius 85 cm, S\u00fcgavus 85 cm, K\u00f5rgus 110 cm.<br \/>350L mudel: Laius 95 cm, S\u00fcgavus 95 cm, K\u00f5rgus 120 cm.<br \/>Disainitud ja toodetud Eestis!<\/p>\n","protected":false},"excerpt":{"rendered":"<p>Diana on klassikaline pirnikujuline kott-tool, mis triumfeerib enimostetud mudelite pingereas k\u00f5rgel kohal, kuna pakub v\u00e4ga laia kasutusvaldkonda \u2013 v\u00e4iksemad suurused on popid lastetubades v\u00f5i lasteaedades ning suuremad mudelid pakuvad stiilset ja mugavat istumist elutubades v\u00f5i \u00fcldkasutatavatel aladel (kontorid, koolid, jne.)2-kordsed \u00f5mblused annavad kott-toolile vastupidavuse ja tagavad tema pikaealisuse.Kott-tool on t\u00e4idetud mittes\u00fcttivate ja sertifitseeritud vahtpol\u00fcst\u00fcreengraanulitega (150 [&hellip;]<\/p>\n","protected":false},"featured_media":98144,"template":"","meta":{"_acf_changed":false},"pwb-brand":[],"product_brand":[],"product_cat":[11621,11565,11789],"product_tag":[],"class_list":{"0":"post-453667","1":"product","2":"type-product","3":"status-publish","4":"has-post-thumbnail","6":"product_cat-kott-toolid-ru","7":"product_cat-pehme-moobel-kott-toolid-tumbad-ru","8":"product_cat-lastemoobel-ja-sisustus-ru","10":"first","11":"onbackorder","12":"sale","13":"taxable","14":"shipping-taxable","15":"purchasable","16":"product-type-simple"},"exclude_global_add_ons":false,"addons":[{"name":"Vali v\u00e4rv","type":"multiple_choice","position":1,"required":true,"title_format":"heading","default":"","description_enable":false,"description":"","placeholder_enable":false,"placeholder":"","display":"images","restrictions_type":"any_text","adjust_price":false,"price":"","price_type":"flat_fee","restrictions":false,"min":"0","max":"0","options":[{"label":"Helesinine","price":"","price_type":"quantity_based","image":500671,"visibility":true},{"label":"Sinine","price":"","price_type":"quantity_based","image":500673,"visibility":true},{"label":"Tumesinine","price":"","price_type":"quantity_based","image":500675,"visibility":true},{"label":"T\u00fcrkiissinine","price":"","price_type":"quantity_based","image":500677,"visibility":true},{"label":"Laguunisinine","price":"","price_type":"quantity_based","image":500679,"visibility":true},{"label":"Azuurroheline","price":"","price_type":"quantity_based","image":500681,"visibility":true},{"label":"Tumeroheline","price":"","price_type":"quantity_based","image":500683,"visibility":true},{"label":"Lavendlililla","price":"","price_type":"quantity_based","image":500685,"visibility":true},{"label":"Violetne","price":"","price_type":"quantity_based","image":500687,"visibility":true},{"label":"Bordoo","price":"","price_type":"quantity_based","image":500689,"visibility":true},{"label":"Punane","price":"","price_type":"quantity_based","image":500691,"visibility":true},{"label":"Roosa","price":"","price_type":"quantity_based","image":500693,"visibility":true},{"label":"Laimiroheline","price":"","price_type":"quantity_based","image":500695,"visibility":true},{"label":"Roheline","price":"","price_type":"quantity_based","image":500697,"visibility":true},{"label":"Helehall","price":"","price_type":"quantity_based","image":500699,"visibility":true},{"label":"Hall","price":"","price_type":"quantity_based","image":500701,"visibility":true},{"label":"Tumehall","price":"","price_type":"quantity_based","image":500703,"visibility":true},{"label":"Must","price":"","price_type":"quantity_based","image":500705,"visibility":true},{"label":"Kollane","price":"","price_type":"quantity_based","image":500707,"visibility":true},{"label":"Sidrunikollane","price":"","price_type":"quantity_based","image":500709,"visibility":true},{"label":"Oliiviroheline","price":"","price_type":"quantity_based","image":500711,"visibility":true},{"label":"Bee\u017e","price":"","price_type":"quantity_based","image":500713,"visibility":true},{"label":"Kuldpruun","price":"","price_type":"quantity_based","image":500715,"visibility":true},{"label":"Roostepruun","price":"","price_type":"quantity_based","image":500717,"visibility":true},{"label":"Tumepruun ","price":"","price_type":"quantity_based","image":500719,"visibility":true},{"label":"Oran\u017e","price":"","price_type":"quantity_based","image":500721,"visibility":true}]},{"name":"Sisekott","type":"multiple_choice","position":2,"required":true,"title_format":"heading","default":"","description_enable":false,"description":"","placeholder_enable":false,"placeholder":"","display":"select","restrictions_type":"any_text","adjust_price":false,"price":"","price_type":"flat_fee","restrictions":false,"min":"0","max":"0","options":[{"label":"Sisekott EI","price":"","price_type":"quantity_based","image":0,"visibility":true},{"label":"Sisekott JAH","price":"14.0000","price_type":"quantity_based","image":0,"visibility":true}]}],"acf":[],"yoast_head":"<!-- This site is optimized with the Yoast SEO plugin v27.1.1 - https:\/\/yoast.com\/product\/yoast-seo-wordpress\/ -->\n<title>Kott-tool Diana Active 150L, v\u00e4rvivalik, \u041c\u044f\u0433\u043a\u0430\u044f \u043c\u0435\u0431\u0435\u043b\u044c, \u043a\u0440\u0435\u0441\u043b\u043e-\u043c\u0435\u0448\u043e\u043a,\u0442\u0443\u043c\u0431\u044b, \u041a\u0440\u0435\u0441\u043b\u043e-\u043c\u0435\u0448\u043e\u043a, M\u0435\u0431\u0435\u043b\u044c, Beebipood<\/title>\n<meta name=\"description\" content=\"Kott-tool Diana Active 150L, v\u00e4rvivalik, Diana on klassikaline pirnikujuline kott-tool, mis triumfeerib enimostetud mudelite pingereas k&otilde;rgel k\" \/>\n<meta name=\"robots\" content=\"index, follow, max-snippet:-1, max-image-preview:large, max-video-preview:-1\" \/>\n<link rel=\"canonical\" href=\"https:\/\/beebipood.ee\/ru\/produkt\/kott-tool-diana-active-150l-varvivalik\/\" \/>\n<meta property=\"og:locale\" content=\"ru_RU\" \/>\n<meta property=\"og:type\" content=\"article\" \/>\n<meta property=\"og:title\" content=\"Kott-tool Diana Active 150L, v\u00e4rvivalik, \u041c\u044f\u0433\u043a\u0430\u044f \u043c\u0435\u0431\u0435\u043b\u044c, \u043a\u0440\u0435\u0441\u043b\u043e-\u043c\u0435\u0448\u043e\u043a,\u0442\u0443\u043c\u0431\u044b, \u041a\u0440\u0435\u0441\u043b\u043e-\u043c\u0435\u0448\u043e\u043a, M\u0435\u0431\u0435\u043b\u044c, Beebipood\" \/>\n<meta property=\"og:description\" content=\"Kott-tool Diana Active 150L, v\u00e4rvivalik, Diana on klassikaline pirnikujuline kott-tool, mis triumfeerib enimostetud mudelite pingereas k&otilde;rgel k\" \/>\n<meta property=\"og:url\" content=\"https:\/\/beebipood.ee\/ru\/produkt\/kott-tool-diana-active-150l-varvivalik\/\" \/>\n<meta property=\"og:site_name\" content=\"Beebipood\" \/>\n<meta property=\"article:modified_time\" content=\"2025-01-09T08:53:06+00:00\" \/>\n<meta property=\"og:image\" content=\"https:\/\/beebipood.ee\/wp-content\/uploads\/2013\/09\/Kotttool-Diana-Active-150L-varvivalik-Pehme-moobel-kotttoolid-tumbad-UUED-TOOTED-Kotttoolid-Lastemoobel-ja-sisustus_2-0d7.jpg\" \/>\n\t<meta property=\"og:image:width\" content=\"1500\" \/>\n\t<meta property=\"og:image:height\" content=\"1000\" \/>\n\t<meta property=\"og:image:type\" content=\"image\/jpeg\" \/>\n<meta name=\"twitter:card\" content=\"summary_large_image\" \/>\n<meta name=\"twitter:label1\" content=\"\u041f\u0440\u0438\u043c\u0435\u0440\u043d\u043e\u0435 \u0432\u0440\u0435\u043c\u044f \u0434\u043b\u044f \u0447\u0442\u0435\u043d\u0438\u044f\" \/>\n\t<meta name=\"twitter:data1\" content=\"1 \u043c\u0438\u043d\u0443\u0442\u0430\" \/>\n<script type=\"application\/ld+json\" class=\"yoast-schema-graph\">{\"@context\":\"https:\/\/schema.org\",\"@graph\":[{\"@type\":\"WebPage\",\"@id\":\"https:\/\/beebipood.ee\/ru\/produkt\/kott-tool-diana-active-150l-varvivalik\/\",\"url\":\"https:\/\/beebipood.ee\/ru\/produkt\/kott-tool-diana-active-150l-varvivalik\/\",\"name\":\"Kott-tool Diana Active 150L, v\u00e4rvivalik, \u041c\u044f\u0433\u043a\u0430\u044f \u043c\u0435\u0431\u0435\u043b\u044c, \u043a\u0440\u0435\u0441\u043b\u043e-\u043c\u0435\u0448\u043e\u043a,\u0442\u0443\u043c\u0431\u044b, \u041a\u0440\u0435\u0441\u043b\u043e-\u043c\u0435\u0448\u043e\u043a, M\u0435\u0431\u0435\u043b\u044c, Beebipood\",\"isPartOf\":{\"@id\":\"https:\/\/beebipood.ee\/ru\/#website\"},\"primaryImageOfPage\":{\"@id\":\"https:\/\/beebipood.ee\/ru\/produkt\/kott-tool-diana-active-150l-varvivalik\/#primaryimage\"},\"image\":{\"@id\":\"https:\/\/beebipood.ee\/ru\/produkt\/kott-tool-diana-active-150l-varvivalik\/#primaryimage\"},\"thumbnailUrl\":\"https:\/\/beebipood.ee\/wp-content\/uploads\/2013\/09\/Kotttool-Diana-Active-150L-varvivalik-Pehme-moobel-kotttoolid-tumbad-UUED-TOOTED-Kotttoolid-Lastemoobel-ja-sisustus_2-0d7.jpg\",\"datePublished\":\"2013-09-02T10:27:46+00:00\",\"dateModified\":\"2025-01-09T08:53:06+00:00\",\"description\":\"Kott-tool Diana Active 150L, v\u00e4rvivalik, Diana on klassikaline pirnikujuline kott-tool, mis triumfeerib enimostetud mudelite pingereas k&otilde;rgel k\",\"breadcrumb\":{\"@id\":\"https:\/\/beebipood.ee\/ru\/produkt\/kott-tool-diana-active-150l-varvivalik\/#breadcrumb\"},\"inLanguage\":\"ru-RU\",\"potentialAction\":[{\"@type\":\"ReadAction\",\"target\":[\"https:\/\/beebipood.ee\/ru\/produkt\/kott-tool-diana-active-150l-varvivalik\/\"]}]},{\"@type\":\"ImageObject\",\"inLanguage\":\"ru-RU\",\"@id\":\"https:\/\/beebipood.ee\/ru\/produkt\/kott-tool-diana-active-150l-varvivalik\/#primaryimage\",\"url\":\"https:\/\/beebipood.ee\/wp-content\/uploads\/2013\/09\/Kotttool-Diana-Active-150L-varvivalik-Pehme-moobel-kotttoolid-tumbad-UUED-TOOTED-Kotttoolid-Lastemoobel-ja-sisustus_2-0d7.jpg\",\"contentUrl\":\"https:\/\/beebipood.ee\/wp-content\/uploads\/2013\/09\/Kotttool-Diana-Active-150L-varvivalik-Pehme-moobel-kotttoolid-tumbad-UUED-TOOTED-Kotttoolid-Lastemoobel-ja-sisustus_2-0d7.jpg\",\"width\":1500,\"height\":1000},{\"@type\":\"BreadcrumbList\",\"@id\":\"https:\/\/beebipood.ee\/ru\/produkt\/kott-tool-diana-active-150l-varvivalik\/#breadcrumb\",\"itemListElement\":[{\"@type\":\"ListItem\",\"position\":1,\"name\":\"Home\",\"item\":\"https:\/\/beebipood.ee\/ru\/\"},{\"@type\":\"ListItem\",\"position\":2,\"name\":\"\u041a\u0430\u0442\u0430\u043b\u043e\u0433 \u0442\u043e\u0432\u0430\u0440\u043e\u0432\",\"item\":\"https:\/\/beebipood.ee\/tooted\/\"},{\"@type\":\"ListItem\",\"position\":3,\"name\":\"Kott-tool Diana Active 150L, v\u00e4rvivalik\"}]},{\"@type\":\"WebSite\",\"@id\":\"https:\/\/beebipood.ee\/ru\/#website\",\"url\":\"https:\/\/beebipood.ee\/ru\/\",\"name\":\"Beebipood\",\"description\":\"Lastekaubad, beebikaubad, m\u00e4nguasjad\",\"publisher\":{\"@id\":\"https:\/\/beebipood.ee\/ru\/#organization\"},\"potentialAction\":[{\"@type\":\"SearchAction\",\"target\":{\"@type\":\"EntryPoint\",\"urlTemplate\":\"https:\/\/beebipood.ee\/ru\/?s={search_term_string}\"},\"query-input\":{\"@type\":\"PropertyValueSpecification\",\"valueRequired\":true,\"valueName\":\"search_term_string\"}}],\"inLanguage\":\"ru-RU\"},{\"@type\":\"Organization\",\"@id\":\"https:\/\/beebipood.ee\/ru\/#organization\",\"name\":\"Beebipood\",\"url\":\"https:\/\/beebipood.ee\/ru\/\",\"logo\":{\"@type\":\"ImageObject\",\"inLanguage\":\"ru-RU\",\"@id\":\"https:\/\/beebipood.ee\/ru\/#\/schema\/logo\/image\/\",\"url\":\"https:\/\/beebipood.ee\/wp-content\/uploads\/2025\/03\/beebipood.ee-logo-1.svg\",\"contentUrl\":\"https:\/\/beebipood.ee\/wp-content\/uploads\/2025\/03\/beebipood.ee-logo-1.svg\",\"caption\":\"Beebipood\"},\"image\":{\"@id\":\"https:\/\/beebipood.ee\/ru\/#\/schema\/logo\/image\/\"}}]}<\/script>\n<!-- \/ Yoast SEO plugin. -->","yoast_head_json":{"title":"Kott-tool Diana Active 150L, v\u00e4rvivalik, \u041c\u044f\u0433\u043a\u0430\u044f \u043c\u0435\u0431\u0435\u043b\u044c, \u043a\u0440\u0435\u0441\u043b\u043e-\u043c\u0435\u0448\u043e\u043a,\u0442\u0443\u043c\u0431\u044b, \u041a\u0440\u0435\u0441\u043b\u043e-\u043c\u0435\u0448\u043e\u043a, M\u0435\u0431\u0435\u043b\u044c, Beebipood","description":"Kott-tool Diana Active 150L, v\u00e4rvivalik, Diana on klassikaline pirnikujuline kott-tool, mis triumfeerib enimostetud mudelite pingereas k&otilde;rgel k","robots":{"index":"index","follow":"follow","max-snippet":"max-snippet:-1","max-image-preview":"max-image-preview:large","max-video-preview":"max-video-preview:-1"},"canonical":"https:\/\/beebipood.ee\/ru\/produkt\/kott-tool-diana-active-150l-varvivalik\/","og_locale":"ru_RU","og_type":"article","og_title":"Kott-tool Diana Active 150L, v\u00e4rvivalik, \u041c\u044f\u0433\u043a\u0430\u044f \u043c\u0435\u0431\u0435\u043b\u044c, \u043a\u0440\u0435\u0441\u043b\u043e-\u043c\u0435\u0448\u043e\u043a,\u0442\u0443\u043c\u0431\u044b, \u041a\u0440\u0435\u0441\u043b\u043e-\u043c\u0435\u0448\u043e\u043a, M\u0435\u0431\u0435\u043b\u044c, Beebipood","og_description":"Kott-tool Diana Active 150L, v\u00e4rvivalik, Diana on klassikaline pirnikujuline kott-tool, mis triumfeerib enimostetud mudelite pingereas k&otilde;rgel k","og_url":"https:\/\/beebipood.ee\/ru\/produkt\/kott-tool-diana-active-150l-varvivalik\/","og_site_name":"Beebipood","article_modified_time":"2025-01-09T08:53:06+00:00","og_image":[{"width":1500,"height":1000,"url":"https:\/\/beebipood.ee\/wp-content\/uploads\/2013\/09\/Kotttool-Diana-Active-150L-varvivalik-Pehme-moobel-kotttoolid-tumbad-UUED-TOOTED-Kotttoolid-Lastemoobel-ja-sisustus_2-0d7.jpg","type":"image\/jpeg"}],"twitter_card":"summary_large_image","twitter_misc":{"\u041f\u0440\u0438\u043c\u0435\u0440\u043d\u043e\u0435 \u0432\u0440\u0435\u043c\u044f \u0434\u043b\u044f \u0447\u0442\u0435\u043d\u0438\u044f":"1 \u043c\u0438\u043d\u0443\u0442\u0430"},"schema":{"@context":"https:\/\/schema.org","@graph":[{"@type":"WebPage","@id":"https:\/\/beebipood.ee\/ru\/produkt\/kott-tool-diana-active-150l-varvivalik\/","url":"https:\/\/beebipood.ee\/ru\/produkt\/kott-tool-diana-active-150l-varvivalik\/","name":"Kott-tool Diana Active 150L, v\u00e4rvivalik, \u041c\u044f\u0433\u043a\u0430\u044f \u043c\u0435\u0431\u0435\u043b\u044c, \u043a\u0440\u0435\u0441\u043b\u043e-\u043c\u0435\u0448\u043e\u043a,\u0442\u0443\u043c\u0431\u044b, \u041a\u0440\u0435\u0441\u043b\u043e-\u043c\u0435\u0448\u043e\u043a, M\u0435\u0431\u0435\u043b\u044c, Beebipood","isPartOf":{"@id":"https:\/\/beebipood.ee\/ru\/#website"},"primaryImageOfPage":{"@id":"https:\/\/beebipood.ee\/ru\/produkt\/kott-tool-diana-active-150l-varvivalik\/#primaryimage"},"image":{"@id":"https:\/\/beebipood.ee\/ru\/produkt\/kott-tool-diana-active-150l-varvivalik\/#primaryimage"},"thumbnailUrl":"https:\/\/beebipood.ee\/wp-content\/uploads\/2013\/09\/Kotttool-Diana-Active-150L-varvivalik-Pehme-moobel-kotttoolid-tumbad-UUED-TOOTED-Kotttoolid-Lastemoobel-ja-sisustus_2-0d7.jpg","datePublished":"2013-09-02T10:27:46+00:00","dateModified":"2025-01-09T08:53:06+00:00","description":"Kott-tool Diana Active 150L, v\u00e4rvivalik, Diana on klassikaline pirnikujuline kott-tool, mis triumfeerib enimostetud mudelite pingereas k&otilde;rgel k","breadcrumb":{"@id":"https:\/\/beebipood.ee\/ru\/produkt\/kott-tool-diana-active-150l-varvivalik\/#breadcrumb"},"inLanguage":"ru-RU","potentialAction":[{"@type":"ReadAction","target":["https:\/\/beebipood.ee\/ru\/produkt\/kott-tool-diana-active-150l-varvivalik\/"]}]},{"@type":"ImageObject","inLanguage":"ru-RU","@id":"https:\/\/beebipood.ee\/ru\/produkt\/kott-tool-diana-active-150l-varvivalik\/#primaryimage","url":"https:\/\/beebipood.ee\/wp-content\/uploads\/2013\/09\/Kotttool-Diana-Active-150L-varvivalik-Pehme-moobel-kotttoolid-tumbad-UUED-TOOTED-Kotttoolid-Lastemoobel-ja-sisustus_2-0d7.jpg","contentUrl":"https:\/\/beebipood.ee\/wp-content\/uploads\/2013\/09\/Kotttool-Diana-Active-150L-varvivalik-Pehme-moobel-kotttoolid-tumbad-UUED-TOOTED-Kotttoolid-Lastemoobel-ja-sisustus_2-0d7.jpg","width":1500,"height":1000},{"@type":"BreadcrumbList","@id":"https:\/\/beebipood.ee\/ru\/produkt\/kott-tool-diana-active-150l-varvivalik\/#breadcrumb","itemListElement":[{"@type":"ListItem","position":1,"name":"Home","item":"https:\/\/beebipood.ee\/ru\/"},{"@type":"ListItem","position":2,"name":"\u041a\u0430\u0442\u0430\u043b\u043e\u0433 \u0442\u043e\u0432\u0430\u0440\u043e\u0432","item":"https:\/\/beebipood.ee\/tooted\/"},{"@type":"ListItem","position":3,"name":"Kott-tool Diana Active 150L, v\u00e4rvivalik"}]},{"@type":"WebSite","@id":"https:\/\/beebipood.ee\/ru\/#website","url":"https:\/\/beebipood.ee\/ru\/","name":"Beebipood","description":"Lastekaubad, beebikaubad, m\u00e4nguasjad","publisher":{"@id":"https:\/\/beebipood.ee\/ru\/#organization"},"potentialAction":[{"@type":"SearchAction","target":{"@type":"EntryPoint","urlTemplate":"https:\/\/beebipood.ee\/ru\/?s={search_term_string}"},"query-input":{"@type":"PropertyValueSpecification","valueRequired":true,"valueName":"search_term_string"}}],"inLanguage":"ru-RU"},{"@type":"Organization","@id":"https:\/\/beebipood.ee\/ru\/#organization","name":"Beebipood","url":"https:\/\/beebipood.ee\/ru\/","logo":{"@type":"ImageObject","inLanguage":"ru-RU","@id":"https:\/\/beebipood.ee\/ru\/#\/schema\/logo\/image\/","url":"https:\/\/beebipood.ee\/wp-content\/uploads\/2025\/03\/beebipood.ee-logo-1.svg","contentUrl":"https:\/\/beebipood.ee\/wp-content\/uploads\/2025\/03\/beebipood.ee-logo-1.svg","caption":"Beebipood"},"image":{"@id":"https:\/\/beebipood.ee\/ru\/#\/schema\/logo\/image\/"}}]}},"brands":[],"_links":{"self":[{"href":"https:\/\/beebipood.ee\/ru\/wp-json\/wp\/v2\/product\/453667","targetHints":{"allow":["GET"]}}],"collection":[{"href":"https:\/\/beebipood.ee\/ru\/wp-json\/wp\/v2\/product"}],"about":[{"href":"https:\/\/beebipood.ee\/ru\/wp-json\/wp\/v2\/types\/product"}],"wp:featuredmedia":[{"embeddable":true,"href":"https:\/\/beebipood.ee\/ru\/wp-json\/wp\/v2\/media\/98144"}],"wp:attachment":[{"href":"https:\/\/beebipood.ee\/ru\/wp-json\/wp\/v2\/media?parent=453667"}],"wp:term":[{"taxonomy":"pwb-brand","embeddable":true,"href":"https:\/\/beebipood.ee\/ru\/wp-json\/wp\/v2\/pwb-brand?post=453667"},{"taxonomy":"product_brand","embeddable":true,"href":"https:\/\/beebipood.ee\/ru\/wp-json\/wp\/v2\/product_brand?post=453667"},{"taxonomy":"product_cat","embeddable":true,"href":"https:\/\/beebipood.ee\/ru\/wp-json\/wp\/v2\/product_cat?post=453667"},{"taxonomy":"product_tag","embeddable":true,"href":"https:\/\/beebipood.ee\/ru\/wp-json\/wp\/v2\/product_tag?post=453667"}],"curies":[{"name":"wp","href":"https:\/\/api.w.org\/{rel}","templated":true}]}}