{"id":453692,"date":"2013-09-02T13:28:13","date_gmt":"2013-09-02T10:28:13","guid":{"rendered":"https:\/\/beebipood.ee\/toode\/trepivarav-al-1000\/"},"modified":"2025-03-05T07:10:49","modified_gmt":"2025-03-05T05:10:49","slug":"trepivarav-al-1000","status":"publish","type":"product","link":"https:\/\/beebipood.ee\/ru\/produkt\/trepivarav-al-1000\/","title":{"rendered":"Trepiv\u00e4rav AL 1000"},"content":{"rendered":"<p><span>* kasepuidust valmistatud trepi- ja turvav\u00e4rav\u00a0<\/span><br \/><span>* viimistlus on naturaalne (s.t. ei ole lakitud)<\/span><br \/><span>* valmistatud Eestis<\/span><br \/><span>* tugev konstruktsioon<\/span><br \/><span>* kruvikinnitused kaasas<br \/><\/span>*\u00a0<span>avatav kas vasakule, paremale v\u00f5i \u00fclesl\u00fckatavalt<\/span><br \/>* v\u00f5imalik paigaldada nii objekti (trepp, uks, vms) peale kui vahele<br \/><span>* turvav\u00e4rav on m\u00f5eldud trepi-ja ukseavade turvamiseks avadele 50cm &#8212; 95cm<\/span><br \/><span>* toode vastab k\u00f5ikidele EN turvastandarditele<\/span><\/p>\n","protected":false},"excerpt":{"rendered":"<p>* kasepuidust valmistatud trepi- ja turvav\u00e4rav\u00a0* viimistlus on naturaalne (s.t. ei ole lakitud)* valmistatud Eestis* tugev konstruktsioon* kruvikinnitused kaasas*\u00a0avatav kas vasakule, paremale v\u00f5i \u00fclesl\u00fckatavalt* v\u00f5imalik paigaldada nii objekti (trepp, uks, vms) peale kui vahele* turvav\u00e4rav on m\u00f5eldud trepi-ja ukseavade turvamiseks avadele 50cm &#8212; 95cm* toode vastab k\u00f5ikidele EN turvastandarditele<\/p>\n","protected":false},"featured_media":98220,"template":"","meta":{"_acf_changed":false},"pwb-brand":[],"product_brand":[],"product_cat":[11705,11703,11791,11793],"product_tag":[],"class_list":{"0":"post-453692","1":"product","2":"type-product","3":"status-publish","4":"has-post-thumbnail","6":"product_cat-turvavaravad-ru","7":"product_cat-turvalisus-maneezid-turvavaravad-piirded-ru","8":"product_cat-turvavarustus-ru","9":"product_cat-laos-ru","11":"first","12":"onbackorder","13":"taxable","14":"shipping-taxable","15":"purchasable","16":"product-type-simple"},"exclude_global_add_ons":[],"addons":[],"acf":[],"yoast_head":"<!-- This site is optimized with the Yoast SEO plugin v27.1.1 - https:\/\/yoast.com\/product\/yoast-seo-wordpress\/ -->\n<title>Trepiv\u00e4rav AL 1000, \u0411\u0435\u0437\u043e\u043f\u0430\u0441\u043d\u043e\u0441\u0442\u044c, \u0432\u043e\u0440\u043e\u0442\u0430 \u0431\u0435\u0437\u043e\u043f\u0430\u0441\u043d\u043e\u0441\u0442\u0438,\u043c\u0430\u043d\u0435\u0436\u0438, \u0412\u043e\u0440\u043e\u0442\u0430 \u0431\u0435\u0437\u043e\u043f\u0430\u0441\u043d\u043e\u0441\u0442\u0438, \u0421\u043d\u0430\u0440\u044f\u0436\u0435\u043d\u0438\u044f \u0431\u0435\u0437\u043e\u043f\u0430\u0441\u043d\u043e\u0441\u0442\u0438, Ha c\u043a\u043b\u0430\u0434\u0435, Beebipood<\/title>\n<meta name=\"description\" content=\"Trepiv\u00e4rav AL 1000, * kasepuidust valmistatud trepi- ja turvav&auml;rav&nbsp;* viimistlus on naturaalne (s.t. ei ole lakitud)&lt;\/span\" \/>\n<meta name=\"robots\" content=\"index, follow, max-snippet:-1, max-image-preview:large, max-video-preview:-1\" \/>\n<link rel=\"canonical\" href=\"https:\/\/beebipood.ee\/ru\/produkt\/trepivarav-al-1000\/\" \/>\n<meta property=\"og:locale\" content=\"ru_RU\" \/>\n<meta property=\"og:type\" content=\"article\" \/>\n<meta property=\"og:title\" content=\"Trepiv\u00e4rav AL 1000, \u0411\u0435\u0437\u043e\u043f\u0430\u0441\u043d\u043e\u0441\u0442\u044c, \u0432\u043e\u0440\u043e\u0442\u0430 \u0431\u0435\u0437\u043e\u043f\u0430\u0441\u043d\u043e\u0441\u0442\u0438,\u043c\u0430\u043d\u0435\u0436\u0438, \u0412\u043e\u0440\u043e\u0442\u0430 \u0431\u0435\u0437\u043e\u043f\u0430\u0441\u043d\u043e\u0441\u0442\u0438, \u0421\u043d\u0430\u0440\u044f\u0436\u0435\u043d\u0438\u044f \u0431\u0435\u0437\u043e\u043f\u0430\u0441\u043d\u043e\u0441\u0442\u0438, Ha c\u043a\u043b\u0430\u0434\u0435, Beebipood\" \/>\n<meta property=\"og:description\" content=\"Trepiv\u00e4rav AL 1000, * kasepuidust valmistatud trepi- ja turvav&auml;rav&nbsp;* viimistlus on naturaalne (s.t. ei ole lakitud)&lt;\/span\" \/>\n<meta property=\"og:url\" content=\"https:\/\/beebipood.ee\/ru\/produkt\/trepivarav-al-1000\/\" \/>\n<meta property=\"og:site_name\" content=\"Beebipood\" \/>\n<meta property=\"article:modified_time\" content=\"2025-03-05T05:10:49+00:00\" \/>\n<meta property=\"og:image\" content=\"https:\/\/beebipood.ee\/wp-content\/uploads\/2013\/09\/Trepivarav-AL-1000-SOODUSPAKKUMISED-Turvalisus-maneeid-turvavaravad-piirded-Turvavaravad-Laos_9-b2f.jpg\" \/>\n\t<meta property=\"og:image:width\" content=\"640\" \/>\n\t<meta property=\"og:image:height\" content=\"480\" \/>\n\t<meta property=\"og:image:type\" content=\"image\/jpeg\" \/>\n<meta name=\"twitter:card\" content=\"summary_large_image\" \/>\n<script type=\"application\/ld+json\" class=\"yoast-schema-graph\">{\"@context\":\"https:\/\/schema.org\",\"@graph\":[{\"@type\":\"WebPage\",\"@id\":\"https:\/\/beebipood.ee\/ru\/produkt\/trepivarav-al-1000\/\",\"url\":\"https:\/\/beebipood.ee\/ru\/produkt\/trepivarav-al-1000\/\",\"name\":\"Trepiv\u00e4rav AL 1000, \u0411\u0435\u0437\u043e\u043f\u0430\u0441\u043d\u043e\u0441\u0442\u044c, \u0432\u043e\u0440\u043e\u0442\u0430 \u0431\u0435\u0437\u043e\u043f\u0430\u0441\u043d\u043e\u0441\u0442\u0438,\u043c\u0430\u043d\u0435\u0436\u0438, \u0412\u043e\u0440\u043e\u0442\u0430 \u0431\u0435\u0437\u043e\u043f\u0430\u0441\u043d\u043e\u0441\u0442\u0438, \u0421\u043d\u0430\u0440\u044f\u0436\u0435\u043d\u0438\u044f \u0431\u0435\u0437\u043e\u043f\u0430\u0441\u043d\u043e\u0441\u0442\u0438, Ha c\u043a\u043b\u0430\u0434\u0435, Beebipood\",\"isPartOf\":{\"@id\":\"https:\/\/beebipood.ee\/ru\/#website\"},\"primaryImageOfPage\":{\"@id\":\"https:\/\/beebipood.ee\/ru\/produkt\/trepivarav-al-1000\/#primaryimage\"},\"image\":{\"@id\":\"https:\/\/beebipood.ee\/ru\/produkt\/trepivarav-al-1000\/#primaryimage\"},\"thumbnailUrl\":\"https:\/\/beebipood.ee\/wp-content\/uploads\/2013\/09\/Trepivarav-AL-1000-SOODUSPAKKUMISED-Turvalisus-maneeid-turvavaravad-piirded-Turvavaravad-Laos_9-b2f.jpg\",\"datePublished\":\"2013-09-02T10:28:13+00:00\",\"dateModified\":\"2025-03-05T05:10:49+00:00\",\"description\":\"Trepiv\u00e4rav AL 1000, * kasepuidust valmistatud trepi- ja turvav&auml;rav&nbsp;* viimistlus on naturaalne (s.t. ei ole lakitud)&lt;\/span\",\"breadcrumb\":{\"@id\":\"https:\/\/beebipood.ee\/ru\/produkt\/trepivarav-al-1000\/#breadcrumb\"},\"inLanguage\":\"ru-RU\",\"potentialAction\":[{\"@type\":\"ReadAction\",\"target\":[\"https:\/\/beebipood.ee\/ru\/produkt\/trepivarav-al-1000\/\"]}]},{\"@type\":\"ImageObject\",\"inLanguage\":\"ru-RU\",\"@id\":\"https:\/\/beebipood.ee\/ru\/produkt\/trepivarav-al-1000\/#primaryimage\",\"url\":\"https:\/\/beebipood.ee\/wp-content\/uploads\/2013\/09\/Trepivarav-AL-1000-SOODUSPAKKUMISED-Turvalisus-maneeid-turvavaravad-piirded-Turvavaravad-Laos_9-b2f.jpg\",\"contentUrl\":\"https:\/\/beebipood.ee\/wp-content\/uploads\/2013\/09\/Trepivarav-AL-1000-SOODUSPAKKUMISED-Turvalisus-maneeid-turvavaravad-piirded-Turvavaravad-Laos_9-b2f.jpg\",\"width\":640,\"height\":480},{\"@type\":\"BreadcrumbList\",\"@id\":\"https:\/\/beebipood.ee\/ru\/produkt\/trepivarav-al-1000\/#breadcrumb\",\"itemListElement\":[{\"@type\":\"ListItem\",\"position\":1,\"name\":\"Home\",\"item\":\"https:\/\/beebipood.ee\/ru\/\"},{\"@type\":\"ListItem\",\"position\":2,\"name\":\"\u041a\u0430\u0442\u0430\u043b\u043e\u0433 \u0442\u043e\u0432\u0430\u0440\u043e\u0432\",\"item\":\"https:\/\/beebipood.ee\/tooted\/\"},{\"@type\":\"ListItem\",\"position\":3,\"name\":\"Trepiv\u00e4rav AL 1000\"}]},{\"@type\":\"WebSite\",\"@id\":\"https:\/\/beebipood.ee\/ru\/#website\",\"url\":\"https:\/\/beebipood.ee\/ru\/\",\"name\":\"Beebipood\",\"description\":\"Lastekaubad, beebikaubad, m\u00e4nguasjad\",\"publisher\":{\"@id\":\"https:\/\/beebipood.ee\/ru\/#organization\"},\"potentialAction\":[{\"@type\":\"SearchAction\",\"target\":{\"@type\":\"EntryPoint\",\"urlTemplate\":\"https:\/\/beebipood.ee\/ru\/?s={search_term_string}\"},\"query-input\":{\"@type\":\"PropertyValueSpecification\",\"valueRequired\":true,\"valueName\":\"search_term_string\"}}],\"inLanguage\":\"ru-RU\"},{\"@type\":\"Organization\",\"@id\":\"https:\/\/beebipood.ee\/ru\/#organization\",\"name\":\"Beebipood\",\"url\":\"https:\/\/beebipood.ee\/ru\/\",\"logo\":{\"@type\":\"ImageObject\",\"inLanguage\":\"ru-RU\",\"@id\":\"https:\/\/beebipood.ee\/ru\/#\/schema\/logo\/image\/\",\"url\":\"https:\/\/beebipood.ee\/wp-content\/uploads\/2025\/03\/beebipood.ee-logo-1.svg\",\"contentUrl\":\"https:\/\/beebipood.ee\/wp-content\/uploads\/2025\/03\/beebipood.ee-logo-1.svg\",\"caption\":\"Beebipood\"},\"image\":{\"@id\":\"https:\/\/beebipood.ee\/ru\/#\/schema\/logo\/image\/\"}}]}<\/script>\n<!-- \/ Yoast SEO plugin. -->","yoast_head_json":{"title":"Trepiv\u00e4rav AL 1000, \u0411\u0435\u0437\u043e\u043f\u0430\u0441\u043d\u043e\u0441\u0442\u044c, \u0432\u043e\u0440\u043e\u0442\u0430 \u0431\u0435\u0437\u043e\u043f\u0430\u0441\u043d\u043e\u0441\u0442\u0438,\u043c\u0430\u043d\u0435\u0436\u0438, \u0412\u043e\u0440\u043e\u0442\u0430 \u0431\u0435\u0437\u043e\u043f\u0430\u0441\u043d\u043e\u0441\u0442\u0438, \u0421\u043d\u0430\u0440\u044f\u0436\u0435\u043d\u0438\u044f \u0431\u0435\u0437\u043e\u043f\u0430\u0441\u043d\u043e\u0441\u0442\u0438, Ha c\u043a\u043b\u0430\u0434\u0435, Beebipood","description":"Trepiv\u00e4rav AL 1000, * kasepuidust valmistatud trepi- ja turvav&auml;rav&nbsp;* viimistlus on naturaalne (s.t. ei ole lakitud)&lt;\/span","robots":{"index":"index","follow":"follow","max-snippet":"max-snippet:-1","max-image-preview":"max-image-preview:large","max-video-preview":"max-video-preview:-1"},"canonical":"https:\/\/beebipood.ee\/ru\/produkt\/trepivarav-al-1000\/","og_locale":"ru_RU","og_type":"article","og_title":"Trepiv\u00e4rav AL 1000, \u0411\u0435\u0437\u043e\u043f\u0430\u0441\u043d\u043e\u0441\u0442\u044c, \u0432\u043e\u0440\u043e\u0442\u0430 \u0431\u0435\u0437\u043e\u043f\u0430\u0441\u043d\u043e\u0441\u0442\u0438,\u043c\u0430\u043d\u0435\u0436\u0438, \u0412\u043e\u0440\u043e\u0442\u0430 \u0431\u0435\u0437\u043e\u043f\u0430\u0441\u043d\u043e\u0441\u0442\u0438, \u0421\u043d\u0430\u0440\u044f\u0436\u0435\u043d\u0438\u044f \u0431\u0435\u0437\u043e\u043f\u0430\u0441\u043d\u043e\u0441\u0442\u0438, Ha c\u043a\u043b\u0430\u0434\u0435, Beebipood","og_description":"Trepiv\u00e4rav AL 1000, * kasepuidust valmistatud trepi- ja turvav&auml;rav&nbsp;* viimistlus on naturaalne (s.t. ei ole lakitud)&lt;\/span","og_url":"https:\/\/beebipood.ee\/ru\/produkt\/trepivarav-al-1000\/","og_site_name":"Beebipood","article_modified_time":"2025-03-05T05:10:49+00:00","og_image":[{"width":640,"height":480,"url":"https:\/\/beebipood.ee\/wp-content\/uploads\/2013\/09\/Trepivarav-AL-1000-SOODUSPAKKUMISED-Turvalisus-maneeid-turvavaravad-piirded-Turvavaravad-Laos_9-b2f.jpg","type":"image\/jpeg"}],"twitter_card":"summary_large_image","schema":{"@context":"https:\/\/schema.org","@graph":[{"@type":"WebPage","@id":"https:\/\/beebipood.ee\/ru\/produkt\/trepivarav-al-1000\/","url":"https:\/\/beebipood.ee\/ru\/produkt\/trepivarav-al-1000\/","name":"Trepiv\u00e4rav AL 1000, \u0411\u0435\u0437\u043e\u043f\u0430\u0441\u043d\u043e\u0441\u0442\u044c, \u0432\u043e\u0440\u043e\u0442\u0430 \u0431\u0435\u0437\u043e\u043f\u0430\u0441\u043d\u043e\u0441\u0442\u0438,\u043c\u0430\u043d\u0435\u0436\u0438, \u0412\u043e\u0440\u043e\u0442\u0430 \u0431\u0435\u0437\u043e\u043f\u0430\u0441\u043d\u043e\u0441\u0442\u0438, \u0421\u043d\u0430\u0440\u044f\u0436\u0435\u043d\u0438\u044f \u0431\u0435\u0437\u043e\u043f\u0430\u0441\u043d\u043e\u0441\u0442\u0438, Ha c\u043a\u043b\u0430\u0434\u0435, Beebipood","isPartOf":{"@id":"https:\/\/beebipood.ee\/ru\/#website"},"primaryImageOfPage":{"@id":"https:\/\/beebipood.ee\/ru\/produkt\/trepivarav-al-1000\/#primaryimage"},"image":{"@id":"https:\/\/beebipood.ee\/ru\/produkt\/trepivarav-al-1000\/#primaryimage"},"thumbnailUrl":"https:\/\/beebipood.ee\/wp-content\/uploads\/2013\/09\/Trepivarav-AL-1000-SOODUSPAKKUMISED-Turvalisus-maneeid-turvavaravad-piirded-Turvavaravad-Laos_9-b2f.jpg","datePublished":"2013-09-02T10:28:13+00:00","dateModified":"2025-03-05T05:10:49+00:00","description":"Trepiv\u00e4rav AL 1000, * kasepuidust valmistatud trepi- ja turvav&auml;rav&nbsp;* viimistlus on naturaalne (s.t. ei ole lakitud)&lt;\/span","breadcrumb":{"@id":"https:\/\/beebipood.ee\/ru\/produkt\/trepivarav-al-1000\/#breadcrumb"},"inLanguage":"ru-RU","potentialAction":[{"@type":"ReadAction","target":["https:\/\/beebipood.ee\/ru\/produkt\/trepivarav-al-1000\/"]}]},{"@type":"ImageObject","inLanguage":"ru-RU","@id":"https:\/\/beebipood.ee\/ru\/produkt\/trepivarav-al-1000\/#primaryimage","url":"https:\/\/beebipood.ee\/wp-content\/uploads\/2013\/09\/Trepivarav-AL-1000-SOODUSPAKKUMISED-Turvalisus-maneeid-turvavaravad-piirded-Turvavaravad-Laos_9-b2f.jpg","contentUrl":"https:\/\/beebipood.ee\/wp-content\/uploads\/2013\/09\/Trepivarav-AL-1000-SOODUSPAKKUMISED-Turvalisus-maneeid-turvavaravad-piirded-Turvavaravad-Laos_9-b2f.jpg","width":640,"height":480},{"@type":"BreadcrumbList","@id":"https:\/\/beebipood.ee\/ru\/produkt\/trepivarav-al-1000\/#breadcrumb","itemListElement":[{"@type":"ListItem","position":1,"name":"Home","item":"https:\/\/beebipood.ee\/ru\/"},{"@type":"ListItem","position":2,"name":"\u041a\u0430\u0442\u0430\u043b\u043e\u0433 \u0442\u043e\u0432\u0430\u0440\u043e\u0432","item":"https:\/\/beebipood.ee\/tooted\/"},{"@type":"ListItem","position":3,"name":"Trepiv\u00e4rav AL 1000"}]},{"@type":"WebSite","@id":"https:\/\/beebipood.ee\/ru\/#website","url":"https:\/\/beebipood.ee\/ru\/","name":"Beebipood","description":"Lastekaubad, beebikaubad, m\u00e4nguasjad","publisher":{"@id":"https:\/\/beebipood.ee\/ru\/#organization"},"potentialAction":[{"@type":"SearchAction","target":{"@type":"EntryPoint","urlTemplate":"https:\/\/beebipood.ee\/ru\/?s={search_term_string}"},"query-input":{"@type":"PropertyValueSpecification","valueRequired":true,"valueName":"search_term_string"}}],"inLanguage":"ru-RU"},{"@type":"Organization","@id":"https:\/\/beebipood.ee\/ru\/#organization","name":"Beebipood","url":"https:\/\/beebipood.ee\/ru\/","logo":{"@type":"ImageObject","inLanguage":"ru-RU","@id":"https:\/\/beebipood.ee\/ru\/#\/schema\/logo\/image\/","url":"https:\/\/beebipood.ee\/wp-content\/uploads\/2025\/03\/beebipood.ee-logo-1.svg","contentUrl":"https:\/\/beebipood.ee\/wp-content\/uploads\/2025\/03\/beebipood.ee-logo-1.svg","caption":"Beebipood"},"image":{"@id":"https:\/\/beebipood.ee\/ru\/#\/schema\/logo\/image\/"}}]}},"brands":[],"_links":{"self":[{"href":"https:\/\/beebipood.ee\/ru\/wp-json\/wp\/v2\/product\/453692","targetHints":{"allow":["GET"]}}],"collection":[{"href":"https:\/\/beebipood.ee\/ru\/wp-json\/wp\/v2\/product"}],"about":[{"href":"https:\/\/beebipood.ee\/ru\/wp-json\/wp\/v2\/types\/product"}],"wp:featuredmedia":[{"embeddable":true,"href":"https:\/\/beebipood.ee\/ru\/wp-json\/wp\/v2\/media\/98220"}],"wp:attachment":[{"href":"https:\/\/beebipood.ee\/ru\/wp-json\/wp\/v2\/media?parent=453692"}],"wp:term":[{"taxonomy":"pwb-brand","embeddable":true,"href":"https:\/\/beebipood.ee\/ru\/wp-json\/wp\/v2\/pwb-brand?post=453692"},{"taxonomy":"product_brand","embeddable":true,"href":"https:\/\/beebipood.ee\/ru\/wp-json\/wp\/v2\/product_brand?post=453692"},{"taxonomy":"product_cat","embeddable":true,"href":"https:\/\/beebipood.ee\/ru\/wp-json\/wp\/v2\/product_cat?post=453692"},{"taxonomy":"product_tag","embeddable":true,"href":"https:\/\/beebipood.ee\/ru\/wp-json\/wp\/v2\/product_tag?post=453692"}],"curies":[{"name":"wp","href":"https:\/\/api.w.org\/{rel}","templated":true}]}}