{"id":453714,"date":"2013-09-02T13:28:42","date_gmt":"2013-09-02T10:28:42","guid":{"rendered":"https:\/\/beebipood.ee\/toode\/beebivoodi-janika\/"},"modified":"2025-01-09T10:53:04","modified_gmt":"2025-01-09T08:53:04","slug":"beebivoodi-janika","status":"publish","type":"product","link":"https:\/\/beebipood.ee\/ru\/produkt\/beebivoodi-janika\/","title":{"rendered":"Beebivoodi Janika"},"content":{"rendered":"<p>* m\u00e4nnipuidust beebivoodi treitud nurgapostidega <br \/>* viimistlus: naturaalne lakk <br \/>* valmistatud Eestis <br \/>* beebivoodi p\u00f5hjak\u00f5rgust saab muuta kahele erinevale k\u00f5rgusele: 27cm v\u00f5i 55cm k\u00f5rgusele p\u00f5randast <br \/>* v\u00f5imalik muuta \u00fche k\u00fclje k\u00f5rgust: 76cm v\u00f5i 91cm p\u00f5randast <br \/>* madrats ei ole hinna sees <br \/>* sobivat m\u00f5\u00f5tu madrats voodisse: laius 60 cm, pikkus 120 cm<\/p>\n","protected":false},"excerpt":{"rendered":"<p>* m\u00e4nnipuidust beebivoodi treitud nurgapostidega * viimistlus: naturaalne lakk * valmistatud Eestis * beebivoodi p\u00f5hjak\u00f5rgust saab muuta kahele erinevale k\u00f5rgusele: 27cm v\u00f5i 55cm k\u00f5rgusele p\u00f5randast * v\u00f5imalik muuta \u00fche k\u00fclje k\u00f5rgust: 76cm v\u00f5i 91cm p\u00f5randast * madrats ei ole hinna sees * sobivat m\u00f5\u00f5tu madrats voodisse: laius 60 cm, pikkus 120 cm<\/p>\n","protected":false},"featured_media":98293,"template":"","meta":{"_acf_changed":false},"pwb-brand":[],"product_brand":[],"product_cat":[11567,11745,11553],"product_tag":[],"class_list":{"0":"post-453714","1":"product","2":"type-product","3":"status-publish","4":"has-post-thumbnail","6":"product_cat-vorevoodid-ru","7":"product_cat-madratsile-60x120-ru","8":"product_cat-beebivoodid-reisivoodid-hallid-ru","10":"first","11":"onbackorder","12":"sale","13":"taxable","14":"shipping-taxable","15":"purchasable","16":"product-type-simple"},"exclude_global_add_ons":false,"addons":[{"name":"Vali v\u00e4rv","type":"multiple_choice","position":0,"required":true,"title_format":"heading","default":"","description_enable":false,"description":"","placeholder_enable":false,"placeholder":"","display":"images","restrictions_type":"any_text","adjust_price":false,"price":"","price_type":"flat_fee","restrictions":false,"min":"0","max":"0","options":[{"label":"hele lakk","price":"","price_type":"quantity_based","image":500751,"visibility":true},{"label":"vana m\u00e4nd","price":"","price_type":"quantity_based","image":500753,"visibility":true},{"label":"tumepruun","price":"","price_type":"quantity_based","image":500755,"visibility":true},{"label":"mahagon-pruun","price":"","price_type":"quantity_based","image":500757,"visibility":true},{"label":"kirss keskmine","price":"","price_type":"quantity_based","image":500759,"visibility":true},{"label":"kollane peits","price":"","price_type":"quantity_based","image":500761,"visibility":true},{"label":"oran\u017e peits","price":"","price_type":"quantity_based","image":500763,"visibility":true},{"label":"punane peits","price":"","price_type":"quantity_based","image":500765,"visibility":true},{"label":"hele-p\u00f6\u00f6k peits","price":"","price_type":"quantity_based","image":500767,"visibility":true},{"label":"roheline peits","price":"","price_type":"quantity_based","image":500769,"visibility":true},{"label":"roosakas peits","price":"","price_type":"quantity_based","image":500771,"visibility":true},{"label":"hele-sinakas peits","price":"","price_type":"quantity_based","image":500773,"visibility":true},{"label":"valge peits","price":"","price_type":"quantity_based","image":500775,"visibility":true},{"label":"antiik-rohekas peits","price":"","price_type":"quantity_based","image":500777,"visibility":true},{"label":"vana m\u00e4nd keskmine","price":"","price_type":"quantity_based","image":500779,"visibility":true}]}],"acf":[],"yoast_head":"<!-- This site is optimized with the Yoast SEO plugin v27.1.1 - https:\/\/yoast.com\/product\/yoast-seo-wordpress\/ -->\n<title>Beebivoodi Janika, \u0414\u0435\u0442\u0441\u043a\u0438e \u043a\u0440\u043e\u0432\u0430\u0442\u043a\u0438, \u043f\u0435\u0440\u0435\u043d\u043e\u0441\u043d\u044b\u0435 \u043a\u0440\u043e\u0432\u0430\u0442\u043a\u0438, \u043b\u044e\u043b\u044c\u043a\u0438, \u0414\u0435\u0442\u0441\u043a\u0438e \u043a\u0440\u043e\u0432\u0430\u0442\u043a\u0438, \u043c\u0430\u0442\u0440\u0430\u0441 60x120, Beebipood<\/title>\n<meta name=\"description\" content=\"Beebivoodi Janika, * m&auml;nnipuidust beebivoodi treitud nurgapostidega * viimistlus: naturaalne lakk * valmistatud Eestis * beebivoodi p&amp;\" \/>\n<meta name=\"robots\" content=\"index, follow, max-snippet:-1, max-image-preview:large, max-video-preview:-1\" \/>\n<link rel=\"canonical\" href=\"https:\/\/beebipood.ee\/ru\/produkt\/beebivoodi-janika\/\" \/>\n<meta property=\"og:locale\" content=\"ru_RU\" \/>\n<meta property=\"og:type\" content=\"article\" \/>\n<meta property=\"og:title\" content=\"Beebivoodi Janika, \u0414\u0435\u0442\u0441\u043a\u0438e \u043a\u0440\u043e\u0432\u0430\u0442\u043a\u0438, \u043f\u0435\u0440\u0435\u043d\u043e\u0441\u043d\u044b\u0435 \u043a\u0440\u043e\u0432\u0430\u0442\u043a\u0438, \u043b\u044e\u043b\u044c\u043a\u0438, \u0414\u0435\u0442\u0441\u043a\u0438e \u043a\u0440\u043e\u0432\u0430\u0442\u043a\u0438, \u043c\u0430\u0442\u0440\u0430\u0441 60x120, Beebipood\" \/>\n<meta property=\"og:description\" content=\"Beebivoodi Janika, * m&auml;nnipuidust beebivoodi treitud nurgapostidega * viimistlus: naturaalne lakk * valmistatud Eestis * beebivoodi p&amp;\" \/>\n<meta property=\"og:url\" content=\"https:\/\/beebipood.ee\/ru\/produkt\/beebivoodi-janika\/\" \/>\n<meta property=\"og:site_name\" content=\"Beebipood\" \/>\n<meta property=\"article:modified_time\" content=\"2025-01-09T08:53:04+00:00\" \/>\n<meta property=\"og:image\" content=\"https:\/\/beebipood.ee\/wp-content\/uploads\/2013\/09\/Beebivoodi-Trei-Beebivoodid-reisivoodid-hallid-Vorevoodid-madratsile-60x120_6-870.jpg\" \/>\n\t<meta property=\"og:image:width\" content=\"600\" \/>\n\t<meta property=\"og:image:height\" content=\"450\" \/>\n\t<meta property=\"og:image:type\" content=\"image\/jpeg\" \/>\n<meta name=\"twitter:card\" content=\"summary_large_image\" \/>\n<script type=\"application\/ld+json\" class=\"yoast-schema-graph\">{\"@context\":\"https:\/\/schema.org\",\"@graph\":[{\"@type\":\"WebPage\",\"@id\":\"https:\/\/beebipood.ee\/ru\/produkt\/beebivoodi-janika\/\",\"url\":\"https:\/\/beebipood.ee\/ru\/produkt\/beebivoodi-janika\/\",\"name\":\"Beebivoodi Janika, \u0414\u0435\u0442\u0441\u043a\u0438e \u043a\u0440\u043e\u0432\u0430\u0442\u043a\u0438, \u043f\u0435\u0440\u0435\u043d\u043e\u0441\u043d\u044b\u0435 \u043a\u0440\u043e\u0432\u0430\u0442\u043a\u0438, \u043b\u044e\u043b\u044c\u043a\u0438, \u0414\u0435\u0442\u0441\u043a\u0438e \u043a\u0440\u043e\u0432\u0430\u0442\u043a\u0438, \u043c\u0430\u0442\u0440\u0430\u0441 60x120, Beebipood\",\"isPartOf\":{\"@id\":\"https:\/\/beebipood.ee\/ru\/#website\"},\"primaryImageOfPage\":{\"@id\":\"https:\/\/beebipood.ee\/ru\/produkt\/beebivoodi-janika\/#primaryimage\"},\"image\":{\"@id\":\"https:\/\/beebipood.ee\/ru\/produkt\/beebivoodi-janika\/#primaryimage\"},\"thumbnailUrl\":\"https:\/\/beebipood.ee\/wp-content\/uploads\/2013\/09\/Beebivoodi-Trei-Beebivoodid-reisivoodid-hallid-Vorevoodid-madratsile-60x120_6-870.jpg\",\"datePublished\":\"2013-09-02T10:28:42+00:00\",\"dateModified\":\"2025-01-09T08:53:04+00:00\",\"description\":\"Beebivoodi Janika, * m&auml;nnipuidust beebivoodi treitud nurgapostidega * viimistlus: naturaalne lakk * valmistatud Eestis * beebivoodi p&\",\"breadcrumb\":{\"@id\":\"https:\/\/beebipood.ee\/ru\/produkt\/beebivoodi-janika\/#breadcrumb\"},\"inLanguage\":\"ru-RU\",\"potentialAction\":[{\"@type\":\"ReadAction\",\"target\":[\"https:\/\/beebipood.ee\/ru\/produkt\/beebivoodi-janika\/\"]}]},{\"@type\":\"ImageObject\",\"inLanguage\":\"ru-RU\",\"@id\":\"https:\/\/beebipood.ee\/ru\/produkt\/beebivoodi-janika\/#primaryimage\",\"url\":\"https:\/\/beebipood.ee\/wp-content\/uploads\/2013\/09\/Beebivoodi-Trei-Beebivoodid-reisivoodid-hallid-Vorevoodid-madratsile-60x120_6-870.jpg\",\"contentUrl\":\"https:\/\/beebipood.ee\/wp-content\/uploads\/2013\/09\/Beebivoodi-Trei-Beebivoodid-reisivoodid-hallid-Vorevoodid-madratsile-60x120_6-870.jpg\",\"width\":600,\"height\":450},{\"@type\":\"BreadcrumbList\",\"@id\":\"https:\/\/beebipood.ee\/ru\/produkt\/beebivoodi-janika\/#breadcrumb\",\"itemListElement\":[{\"@type\":\"ListItem\",\"position\":1,\"name\":\"Home\",\"item\":\"https:\/\/beebipood.ee\/ru\/\"},{\"@type\":\"ListItem\",\"position\":2,\"name\":\"\u041a\u0430\u0442\u0430\u043b\u043e\u0433 \u0442\u043e\u0432\u0430\u0440\u043e\u0432\",\"item\":\"https:\/\/beebipood.ee\/tooted\/\"},{\"@type\":\"ListItem\",\"position\":3,\"name\":\"Beebivoodi Janika\"}]},{\"@type\":\"WebSite\",\"@id\":\"https:\/\/beebipood.ee\/ru\/#website\",\"url\":\"https:\/\/beebipood.ee\/ru\/\",\"name\":\"Beebipood\",\"description\":\"Lastekaubad, beebikaubad, m\u00e4nguasjad\",\"publisher\":{\"@id\":\"https:\/\/beebipood.ee\/ru\/#organization\"},\"potentialAction\":[{\"@type\":\"SearchAction\",\"target\":{\"@type\":\"EntryPoint\",\"urlTemplate\":\"https:\/\/beebipood.ee\/ru\/?s={search_term_string}\"},\"query-input\":{\"@type\":\"PropertyValueSpecification\",\"valueRequired\":true,\"valueName\":\"search_term_string\"}}],\"inLanguage\":\"ru-RU\"},{\"@type\":\"Organization\",\"@id\":\"https:\/\/beebipood.ee\/ru\/#organization\",\"name\":\"Beebipood\",\"url\":\"https:\/\/beebipood.ee\/ru\/\",\"logo\":{\"@type\":\"ImageObject\",\"inLanguage\":\"ru-RU\",\"@id\":\"https:\/\/beebipood.ee\/ru\/#\/schema\/logo\/image\/\",\"url\":\"https:\/\/beebipood.ee\/wp-content\/uploads\/2025\/03\/beebipood.ee-logo-1.svg\",\"contentUrl\":\"https:\/\/beebipood.ee\/wp-content\/uploads\/2025\/03\/beebipood.ee-logo-1.svg\",\"caption\":\"Beebipood\"},\"image\":{\"@id\":\"https:\/\/beebipood.ee\/ru\/#\/schema\/logo\/image\/\"}}]}<\/script>\n<!-- \/ Yoast SEO plugin. -->","yoast_head_json":{"title":"Beebivoodi Janika, \u0414\u0435\u0442\u0441\u043a\u0438e \u043a\u0440\u043e\u0432\u0430\u0442\u043a\u0438, \u043f\u0435\u0440\u0435\u043d\u043e\u0441\u043d\u044b\u0435 \u043a\u0440\u043e\u0432\u0430\u0442\u043a\u0438, \u043b\u044e\u043b\u044c\u043a\u0438, \u0414\u0435\u0442\u0441\u043a\u0438e \u043a\u0440\u043e\u0432\u0430\u0442\u043a\u0438, \u043c\u0430\u0442\u0440\u0430\u0441 60x120, Beebipood","description":"Beebivoodi Janika, * m&auml;nnipuidust beebivoodi treitud nurgapostidega * viimistlus: naturaalne lakk * valmistatud Eestis * beebivoodi p&","robots":{"index":"index","follow":"follow","max-snippet":"max-snippet:-1","max-image-preview":"max-image-preview:large","max-video-preview":"max-video-preview:-1"},"canonical":"https:\/\/beebipood.ee\/ru\/produkt\/beebivoodi-janika\/","og_locale":"ru_RU","og_type":"article","og_title":"Beebivoodi Janika, \u0414\u0435\u0442\u0441\u043a\u0438e \u043a\u0440\u043e\u0432\u0430\u0442\u043a\u0438, \u043f\u0435\u0440\u0435\u043d\u043e\u0441\u043d\u044b\u0435 \u043a\u0440\u043e\u0432\u0430\u0442\u043a\u0438, \u043b\u044e\u043b\u044c\u043a\u0438, \u0414\u0435\u0442\u0441\u043a\u0438e \u043a\u0440\u043e\u0432\u0430\u0442\u043a\u0438, \u043c\u0430\u0442\u0440\u0430\u0441 60x120, Beebipood","og_description":"Beebivoodi Janika, * m&auml;nnipuidust beebivoodi treitud nurgapostidega * viimistlus: naturaalne lakk * valmistatud Eestis * beebivoodi p&","og_url":"https:\/\/beebipood.ee\/ru\/produkt\/beebivoodi-janika\/","og_site_name":"Beebipood","article_modified_time":"2025-01-09T08:53:04+00:00","og_image":[{"width":600,"height":450,"url":"https:\/\/beebipood.ee\/wp-content\/uploads\/2013\/09\/Beebivoodi-Trei-Beebivoodid-reisivoodid-hallid-Vorevoodid-madratsile-60x120_6-870.jpg","type":"image\/jpeg"}],"twitter_card":"summary_large_image","schema":{"@context":"https:\/\/schema.org","@graph":[{"@type":"WebPage","@id":"https:\/\/beebipood.ee\/ru\/produkt\/beebivoodi-janika\/","url":"https:\/\/beebipood.ee\/ru\/produkt\/beebivoodi-janika\/","name":"Beebivoodi Janika, \u0414\u0435\u0442\u0441\u043a\u0438e \u043a\u0440\u043e\u0432\u0430\u0442\u043a\u0438, \u043f\u0435\u0440\u0435\u043d\u043e\u0441\u043d\u044b\u0435 \u043a\u0440\u043e\u0432\u0430\u0442\u043a\u0438, \u043b\u044e\u043b\u044c\u043a\u0438, \u0414\u0435\u0442\u0441\u043a\u0438e \u043a\u0440\u043e\u0432\u0430\u0442\u043a\u0438, \u043c\u0430\u0442\u0440\u0430\u0441 60x120, Beebipood","isPartOf":{"@id":"https:\/\/beebipood.ee\/ru\/#website"},"primaryImageOfPage":{"@id":"https:\/\/beebipood.ee\/ru\/produkt\/beebivoodi-janika\/#primaryimage"},"image":{"@id":"https:\/\/beebipood.ee\/ru\/produkt\/beebivoodi-janika\/#primaryimage"},"thumbnailUrl":"https:\/\/beebipood.ee\/wp-content\/uploads\/2013\/09\/Beebivoodi-Trei-Beebivoodid-reisivoodid-hallid-Vorevoodid-madratsile-60x120_6-870.jpg","datePublished":"2013-09-02T10:28:42+00:00","dateModified":"2025-01-09T08:53:04+00:00","description":"Beebivoodi Janika, * m&auml;nnipuidust beebivoodi treitud nurgapostidega * viimistlus: naturaalne lakk * valmistatud Eestis * beebivoodi p&","breadcrumb":{"@id":"https:\/\/beebipood.ee\/ru\/produkt\/beebivoodi-janika\/#breadcrumb"},"inLanguage":"ru-RU","potentialAction":[{"@type":"ReadAction","target":["https:\/\/beebipood.ee\/ru\/produkt\/beebivoodi-janika\/"]}]},{"@type":"ImageObject","inLanguage":"ru-RU","@id":"https:\/\/beebipood.ee\/ru\/produkt\/beebivoodi-janika\/#primaryimage","url":"https:\/\/beebipood.ee\/wp-content\/uploads\/2013\/09\/Beebivoodi-Trei-Beebivoodid-reisivoodid-hallid-Vorevoodid-madratsile-60x120_6-870.jpg","contentUrl":"https:\/\/beebipood.ee\/wp-content\/uploads\/2013\/09\/Beebivoodi-Trei-Beebivoodid-reisivoodid-hallid-Vorevoodid-madratsile-60x120_6-870.jpg","width":600,"height":450},{"@type":"BreadcrumbList","@id":"https:\/\/beebipood.ee\/ru\/produkt\/beebivoodi-janika\/#breadcrumb","itemListElement":[{"@type":"ListItem","position":1,"name":"Home","item":"https:\/\/beebipood.ee\/ru\/"},{"@type":"ListItem","position":2,"name":"\u041a\u0430\u0442\u0430\u043b\u043e\u0433 \u0442\u043e\u0432\u0430\u0440\u043e\u0432","item":"https:\/\/beebipood.ee\/tooted\/"},{"@type":"ListItem","position":3,"name":"Beebivoodi Janika"}]},{"@type":"WebSite","@id":"https:\/\/beebipood.ee\/ru\/#website","url":"https:\/\/beebipood.ee\/ru\/","name":"Beebipood","description":"Lastekaubad, beebikaubad, m\u00e4nguasjad","publisher":{"@id":"https:\/\/beebipood.ee\/ru\/#organization"},"potentialAction":[{"@type":"SearchAction","target":{"@type":"EntryPoint","urlTemplate":"https:\/\/beebipood.ee\/ru\/?s={search_term_string}"},"query-input":{"@type":"PropertyValueSpecification","valueRequired":true,"valueName":"search_term_string"}}],"inLanguage":"ru-RU"},{"@type":"Organization","@id":"https:\/\/beebipood.ee\/ru\/#organization","name":"Beebipood","url":"https:\/\/beebipood.ee\/ru\/","logo":{"@type":"ImageObject","inLanguage":"ru-RU","@id":"https:\/\/beebipood.ee\/ru\/#\/schema\/logo\/image\/","url":"https:\/\/beebipood.ee\/wp-content\/uploads\/2025\/03\/beebipood.ee-logo-1.svg","contentUrl":"https:\/\/beebipood.ee\/wp-content\/uploads\/2025\/03\/beebipood.ee-logo-1.svg","caption":"Beebipood"},"image":{"@id":"https:\/\/beebipood.ee\/ru\/#\/schema\/logo\/image\/"}}]}},"brands":[],"_links":{"self":[{"href":"https:\/\/beebipood.ee\/ru\/wp-json\/wp\/v2\/product\/453714","targetHints":{"allow":["GET"]}}],"collection":[{"href":"https:\/\/beebipood.ee\/ru\/wp-json\/wp\/v2\/product"}],"about":[{"href":"https:\/\/beebipood.ee\/ru\/wp-json\/wp\/v2\/types\/product"}],"wp:featuredmedia":[{"embeddable":true,"href":"https:\/\/beebipood.ee\/ru\/wp-json\/wp\/v2\/media\/98293"}],"wp:attachment":[{"href":"https:\/\/beebipood.ee\/ru\/wp-json\/wp\/v2\/media?parent=453714"}],"wp:term":[{"taxonomy":"pwb-brand","embeddable":true,"href":"https:\/\/beebipood.ee\/ru\/wp-json\/wp\/v2\/pwb-brand?post=453714"},{"taxonomy":"product_brand","embeddable":true,"href":"https:\/\/beebipood.ee\/ru\/wp-json\/wp\/v2\/product_brand?post=453714"},{"taxonomy":"product_cat","embeddable":true,"href":"https:\/\/beebipood.ee\/ru\/wp-json\/wp\/v2\/product_cat?post=453714"},{"taxonomy":"product_tag","embeddable":true,"href":"https:\/\/beebipood.ee\/ru\/wp-json\/wp\/v2\/product_tag?post=453714"}],"curies":[{"name":"wp","href":"https:\/\/api.w.org\/{rel}","templated":true}]}}