{"id":453746,"date":"2013-09-02T13:29:01","date_gmt":"2013-09-02T10:29:01","guid":{"rendered":"https:\/\/beebipood.ee\/toode\/bozz-lambavillast-soojakott-ergo-grey-melange\/"},"modified":"2025-03-31T01:00:32","modified_gmt":"2025-03-30T22:00:32","slug":"bozz-lambavillast-soojakott-ergo-grey-melange","status":"publish","type":"product","link":"https:\/\/beebipood.ee\/ru\/produkt\/bozz-lambavillast-soojakott-ergo-grey-melange\/","title":{"rendered":"Bozz lambavillast soojakott Ergo, Grey Melange"},"content":{"rendered":"<p>Lohuga isteosade jaoks m\u00f5eldud lambavillast soojakott, <br \/>mis aitab last kaitsta talviste ilmaolude eest.<br \/><span style=\"text-decoration: underline;\">Omadused<\/span><br \/>M\u00f5nusalt pehme Uus-Meremaa lambavill (pika karvaga)<br \/>V\u00e4line materjal on tuulekindel ja vetth\u00fclgav nailon<br \/>Sobib kasutamiseks ergonoomiliste\/lohuga isteosadega jalutusk\u00e4rudes <br \/>(v\u00f5ib kasutada ka t\u00e4islamava isteosaga)<br \/>5-punkti kinnitusega turvarihmade avad <br \/>(k\u00f5rguse reguleerimiseks 2 pikka ava, jalgevahe rihmal 2 kaugust)<br \/>Eest ning k\u00fclgedelt lukuga avatav<br \/>Jalgade osa on samuti v\u00f5imalik eraldi lukuga avada<br \/>Soojakoti peaosa on varustatud kummiga, mida saab vajadusel t\u00f5mmata kokku, <br \/>et tekitada kapuutsi sarnane omadus<br \/>Soojakoti \u00e4\u00e4red on v\u00f5imalik alla keerata ning kinnitada trukiga<br \/>Hoiab talvel soojas ning suvel jahedana (reguleerib vastavalt lapse temperatuurile)<br \/>Lambanahk on k\u00f5ikidest kahjulikest ainetest vaba ning lastele ohutu<br \/>Masinpestav 30\u00b0C juures (villa programmil koos villa pesuvahendiga)<br \/>Vastab \u00d6KO-TEX 100 standardile (ei sisalda ohtlike aineid, <br \/>mis muudab selle toote turvaliseks valikuks)<br \/>N\u00e4itajad<br \/>M\u00f5\u00f5dud 104 x 45cm<br \/>Sobib kasutamiseks ka t\u00e4islamava isteosaga!<\/p>\n","protected":false},"excerpt":{"rendered":"<p>Lohuga isteosade jaoks m\u00f5eldud lambavillast soojakott, mis aitab last kaitsta talviste ilmaolude eest.OmadusedM\u00f5nusalt pehme Uus-Meremaa lambavill (pika karvaga)V\u00e4line materjal on tuulekindel ja vetth\u00fclgav nailonSobib kasutamiseks ergonoomiliste\/lohuga isteosadega jalutusk\u00e4rudes (v\u00f5ib kasutada ka t\u00e4islamava isteosaga)5-punkti kinnitusega turvarihmade avad (k\u00f5rguse reguleerimiseks 2 pikka ava, jalgevahe rihmal 2 kaugust)Eest ning k\u00fclgedelt lukuga avatavJalgade osa on samuti v\u00f5imalik eraldi lukuga [&hellip;]<\/p>\n","protected":false},"featured_media":98342,"template":"","meta":{"_acf_changed":false},"pwb-brand":[11975],"product_brand":[],"product_cat":[11573,11915,11725,11717],"product_tag":[],"class_list":{"0":"post-453746","1":"product","2":"type-product","3":"status-publish","4":"has-post-thumbnail","6":"pwb-brand-bozz-ru","7":"product_cat-sooduspakkumised-ru","8":"product_cat-soojakotid-ru","9":"product_cat-lisatarvikud-ru","10":"product_cat-lastevankrid-ja-karud-ru","11":"pa_manufacturer-bozz-ru","13":"first","14":"onbackorder","15":"taxable","16":"shipping-taxable","17":"purchasable","18":"product-type-simple"},"exclude_global_add_ons":[],"addons":[],"acf":[],"yoast_head":"<!-- This site is optimized with the Yoast SEO plugin v27.1.1 - https:\/\/yoast.com\/product\/yoast-seo-wordpress\/ -->\n<title>Bozz lambavillast soojakott Ergo, Grey Melange, \u0421\u041a\u0418\u0414\u041a\u0418, \u041a\u043e\u043b\u044f\u0441\u043a\u0438, \u041f\u0440\u0438\u043d\u0430\u0434\u043b\u0435\u0436\u043d\u043e\u0441\u0442\u0438, Soojakotid, Beebipood<\/title>\n<meta name=\"description\" content=\"Bozz lambavillast soojakott Ergo, Grey Melange, Lohuga isteosade jaoks m&otilde;eldud lambavillast soojakott, mis aitab last kaitsta talviste ilmaolude\" \/>\n<meta name=\"robots\" content=\"index, follow, max-snippet:-1, max-image-preview:large, max-video-preview:-1\" \/>\n<link rel=\"canonical\" href=\"https:\/\/beebipood.ee\/ru\/produkt\/bozz-lambavillast-soojakott-ergo-grey-melange\/\" \/>\n<meta property=\"og:locale\" content=\"ru_RU\" \/>\n<meta property=\"og:type\" content=\"article\" \/>\n<meta property=\"og:title\" content=\"Bozz lambavillast soojakott Ergo, Grey Melange, \u0421\u041a\u0418\u0414\u041a\u0418, \u041a\u043e\u043b\u044f\u0441\u043a\u0438, \u041f\u0440\u0438\u043d\u0430\u0434\u043b\u0435\u0436\u043d\u043e\u0441\u0442\u0438, Soojakotid, Beebipood\" \/>\n<meta property=\"og:description\" content=\"Bozz lambavillast soojakott Ergo, Grey Melange, Lohuga isteosade jaoks m&otilde;eldud lambavillast soojakott, mis aitab last kaitsta talviste ilmaolude\" \/>\n<meta property=\"og:url\" content=\"https:\/\/beebipood.ee\/ru\/produkt\/bozz-lambavillast-soojakott-ergo-grey-melange\/\" \/>\n<meta property=\"og:site_name\" content=\"Beebipood\" \/>\n<meta property=\"article:modified_time\" content=\"2025-03-30T22:00:32+00:00\" \/>\n<meta property=\"og:image\" content=\"https:\/\/beebipood.ee\/wp-content\/uploads\/2013\/09\/Bozz-lambavillast-soojakott-Ergo-Grey-Melange-UUED-TOOTED-Lastevankrid-ja-karud-Lisavarustus-Soojakotid_4-8c3.jpg\" \/>\n\t<meta property=\"og:image:width\" content=\"1205\" \/>\n\t<meta property=\"og:image:height\" content=\"1200\" \/>\n\t<meta property=\"og:image:type\" content=\"image\/jpeg\" \/>\n<meta name=\"twitter:card\" content=\"summary_large_image\" \/>\n<meta name=\"twitter:label1\" content=\"\u041f\u0440\u0438\u043c\u0435\u0440\u043d\u043e\u0435 \u0432\u0440\u0435\u043c\u044f \u0434\u043b\u044f \u0447\u0442\u0435\u043d\u0438\u044f\" \/>\n\t<meta name=\"twitter:data1\" content=\"1 \u043c\u0438\u043d\u0443\u0442\u0430\" \/>\n<script type=\"application\/ld+json\" class=\"yoast-schema-graph\">{\"@context\":\"https:\/\/schema.org\",\"@graph\":[{\"@type\":\"WebPage\",\"@id\":\"https:\/\/beebipood.ee\/ru\/produkt\/bozz-lambavillast-soojakott-ergo-grey-melange\/\",\"url\":\"https:\/\/beebipood.ee\/ru\/produkt\/bozz-lambavillast-soojakott-ergo-grey-melange\/\",\"name\":\"Bozz lambavillast soojakott Ergo, Grey Melange, \u0421\u041a\u0418\u0414\u041a\u0418, \u041a\u043e\u043b\u044f\u0441\u043a\u0438, \u041f\u0440\u0438\u043d\u0430\u0434\u043b\u0435\u0436\u043d\u043e\u0441\u0442\u0438, Soojakotid, Beebipood\",\"isPartOf\":{\"@id\":\"https:\/\/beebipood.ee\/ru\/#website\"},\"primaryImageOfPage\":{\"@id\":\"https:\/\/beebipood.ee\/ru\/produkt\/bozz-lambavillast-soojakott-ergo-grey-melange\/#primaryimage\"},\"image\":{\"@id\":\"https:\/\/beebipood.ee\/ru\/produkt\/bozz-lambavillast-soojakott-ergo-grey-melange\/#primaryimage\"},\"thumbnailUrl\":\"https:\/\/beebipood.ee\/wp-content\/uploads\/2013\/09\/Bozz-lambavillast-soojakott-Ergo-Grey-Melange-UUED-TOOTED-Lastevankrid-ja-karud-Lisavarustus-Soojakotid_4-8c3.jpg\",\"datePublished\":\"2013-09-02T10:29:01+00:00\",\"dateModified\":\"2025-03-30T22:00:32+00:00\",\"description\":\"Bozz lambavillast soojakott Ergo, Grey Melange, Lohuga isteosade jaoks m&otilde;eldud lambavillast soojakott, mis aitab last kaitsta talviste ilmaolude\",\"breadcrumb\":{\"@id\":\"https:\/\/beebipood.ee\/ru\/produkt\/bozz-lambavillast-soojakott-ergo-grey-melange\/#breadcrumb\"},\"inLanguage\":\"ru-RU\",\"potentialAction\":[{\"@type\":\"ReadAction\",\"target\":[\"https:\/\/beebipood.ee\/ru\/produkt\/bozz-lambavillast-soojakott-ergo-grey-melange\/\"]}]},{\"@type\":\"ImageObject\",\"inLanguage\":\"ru-RU\",\"@id\":\"https:\/\/beebipood.ee\/ru\/produkt\/bozz-lambavillast-soojakott-ergo-grey-melange\/#primaryimage\",\"url\":\"https:\/\/beebipood.ee\/wp-content\/uploads\/2013\/09\/Bozz-lambavillast-soojakott-Ergo-Grey-Melange-UUED-TOOTED-Lastevankrid-ja-karud-Lisavarustus-Soojakotid_4-8c3.jpg\",\"contentUrl\":\"https:\/\/beebipood.ee\/wp-content\/uploads\/2013\/09\/Bozz-lambavillast-soojakott-Ergo-Grey-Melange-UUED-TOOTED-Lastevankrid-ja-karud-Lisavarustus-Soojakotid_4-8c3.jpg\",\"width\":1205,\"height\":1200},{\"@type\":\"BreadcrumbList\",\"@id\":\"https:\/\/beebipood.ee\/ru\/produkt\/bozz-lambavillast-soojakott-ergo-grey-melange\/#breadcrumb\",\"itemListElement\":[{\"@type\":\"ListItem\",\"position\":1,\"name\":\"Home\",\"item\":\"https:\/\/beebipood.ee\/ru\/\"},{\"@type\":\"ListItem\",\"position\":2,\"name\":\"\u041a\u0430\u0442\u0430\u043b\u043e\u0433 \u0442\u043e\u0432\u0430\u0440\u043e\u0432\",\"item\":\"https:\/\/beebipood.ee\/tooted\/\"},{\"@type\":\"ListItem\",\"position\":3,\"name\":\"Bozz lambavillast soojakott Ergo, Grey Melange\"}]},{\"@type\":\"WebSite\",\"@id\":\"https:\/\/beebipood.ee\/ru\/#website\",\"url\":\"https:\/\/beebipood.ee\/ru\/\",\"name\":\"Beebipood\",\"description\":\"Lastekaubad, beebikaubad, m\u00e4nguasjad\",\"publisher\":{\"@id\":\"https:\/\/beebipood.ee\/ru\/#organization\"},\"potentialAction\":[{\"@type\":\"SearchAction\",\"target\":{\"@type\":\"EntryPoint\",\"urlTemplate\":\"https:\/\/beebipood.ee\/ru\/?s={search_term_string}\"},\"query-input\":{\"@type\":\"PropertyValueSpecification\",\"valueRequired\":true,\"valueName\":\"search_term_string\"}}],\"inLanguage\":\"ru-RU\"},{\"@type\":\"Organization\",\"@id\":\"https:\/\/beebipood.ee\/ru\/#organization\",\"name\":\"Beebipood\",\"url\":\"https:\/\/beebipood.ee\/ru\/\",\"logo\":{\"@type\":\"ImageObject\",\"inLanguage\":\"ru-RU\",\"@id\":\"https:\/\/beebipood.ee\/ru\/#\/schema\/logo\/image\/\",\"url\":\"https:\/\/beebipood.ee\/wp-content\/uploads\/2025\/03\/beebipood.ee-logo-1.svg\",\"contentUrl\":\"https:\/\/beebipood.ee\/wp-content\/uploads\/2025\/03\/beebipood.ee-logo-1.svg\",\"caption\":\"Beebipood\"},\"image\":{\"@id\":\"https:\/\/beebipood.ee\/ru\/#\/schema\/logo\/image\/\"}}]}<\/script>\n<!-- \/ Yoast SEO plugin. -->","yoast_head_json":{"title":"Bozz lambavillast soojakott Ergo, Grey Melange, \u0421\u041a\u0418\u0414\u041a\u0418, \u041a\u043e\u043b\u044f\u0441\u043a\u0438, \u041f\u0440\u0438\u043d\u0430\u0434\u043b\u0435\u0436\u043d\u043e\u0441\u0442\u0438, Soojakotid, Beebipood","description":"Bozz lambavillast soojakott Ergo, Grey Melange, Lohuga isteosade jaoks m&otilde;eldud lambavillast soojakott, mis aitab last kaitsta talviste ilmaolude","robots":{"index":"index","follow":"follow","max-snippet":"max-snippet:-1","max-image-preview":"max-image-preview:large","max-video-preview":"max-video-preview:-1"},"canonical":"https:\/\/beebipood.ee\/ru\/produkt\/bozz-lambavillast-soojakott-ergo-grey-melange\/","og_locale":"ru_RU","og_type":"article","og_title":"Bozz lambavillast soojakott Ergo, Grey Melange, \u0421\u041a\u0418\u0414\u041a\u0418, \u041a\u043e\u043b\u044f\u0441\u043a\u0438, \u041f\u0440\u0438\u043d\u0430\u0434\u043b\u0435\u0436\u043d\u043e\u0441\u0442\u0438, Soojakotid, Beebipood","og_description":"Bozz lambavillast soojakott Ergo, Grey Melange, Lohuga isteosade jaoks m&otilde;eldud lambavillast soojakott, mis aitab last kaitsta talviste ilmaolude","og_url":"https:\/\/beebipood.ee\/ru\/produkt\/bozz-lambavillast-soojakott-ergo-grey-melange\/","og_site_name":"Beebipood","article_modified_time":"2025-03-30T22:00:32+00:00","og_image":[{"width":1205,"height":1200,"url":"https:\/\/beebipood.ee\/wp-content\/uploads\/2013\/09\/Bozz-lambavillast-soojakott-Ergo-Grey-Melange-UUED-TOOTED-Lastevankrid-ja-karud-Lisavarustus-Soojakotid_4-8c3.jpg","type":"image\/jpeg"}],"twitter_card":"summary_large_image","twitter_misc":{"\u041f\u0440\u0438\u043c\u0435\u0440\u043d\u043e\u0435 \u0432\u0440\u0435\u043c\u044f \u0434\u043b\u044f \u0447\u0442\u0435\u043d\u0438\u044f":"1 \u043c\u0438\u043d\u0443\u0442\u0430"},"schema":{"@context":"https:\/\/schema.org","@graph":[{"@type":"WebPage","@id":"https:\/\/beebipood.ee\/ru\/produkt\/bozz-lambavillast-soojakott-ergo-grey-melange\/","url":"https:\/\/beebipood.ee\/ru\/produkt\/bozz-lambavillast-soojakott-ergo-grey-melange\/","name":"Bozz lambavillast soojakott Ergo, Grey Melange, \u0421\u041a\u0418\u0414\u041a\u0418, \u041a\u043e\u043b\u044f\u0441\u043a\u0438, \u041f\u0440\u0438\u043d\u0430\u0434\u043b\u0435\u0436\u043d\u043e\u0441\u0442\u0438, Soojakotid, Beebipood","isPartOf":{"@id":"https:\/\/beebipood.ee\/ru\/#website"},"primaryImageOfPage":{"@id":"https:\/\/beebipood.ee\/ru\/produkt\/bozz-lambavillast-soojakott-ergo-grey-melange\/#primaryimage"},"image":{"@id":"https:\/\/beebipood.ee\/ru\/produkt\/bozz-lambavillast-soojakott-ergo-grey-melange\/#primaryimage"},"thumbnailUrl":"https:\/\/beebipood.ee\/wp-content\/uploads\/2013\/09\/Bozz-lambavillast-soojakott-Ergo-Grey-Melange-UUED-TOOTED-Lastevankrid-ja-karud-Lisavarustus-Soojakotid_4-8c3.jpg","datePublished":"2013-09-02T10:29:01+00:00","dateModified":"2025-03-30T22:00:32+00:00","description":"Bozz lambavillast soojakott Ergo, Grey Melange, Lohuga isteosade jaoks m&otilde;eldud lambavillast soojakott, mis aitab last kaitsta talviste ilmaolude","breadcrumb":{"@id":"https:\/\/beebipood.ee\/ru\/produkt\/bozz-lambavillast-soojakott-ergo-grey-melange\/#breadcrumb"},"inLanguage":"ru-RU","potentialAction":[{"@type":"ReadAction","target":["https:\/\/beebipood.ee\/ru\/produkt\/bozz-lambavillast-soojakott-ergo-grey-melange\/"]}]},{"@type":"ImageObject","inLanguage":"ru-RU","@id":"https:\/\/beebipood.ee\/ru\/produkt\/bozz-lambavillast-soojakott-ergo-grey-melange\/#primaryimage","url":"https:\/\/beebipood.ee\/wp-content\/uploads\/2013\/09\/Bozz-lambavillast-soojakott-Ergo-Grey-Melange-UUED-TOOTED-Lastevankrid-ja-karud-Lisavarustus-Soojakotid_4-8c3.jpg","contentUrl":"https:\/\/beebipood.ee\/wp-content\/uploads\/2013\/09\/Bozz-lambavillast-soojakott-Ergo-Grey-Melange-UUED-TOOTED-Lastevankrid-ja-karud-Lisavarustus-Soojakotid_4-8c3.jpg","width":1205,"height":1200},{"@type":"BreadcrumbList","@id":"https:\/\/beebipood.ee\/ru\/produkt\/bozz-lambavillast-soojakott-ergo-grey-melange\/#breadcrumb","itemListElement":[{"@type":"ListItem","position":1,"name":"Home","item":"https:\/\/beebipood.ee\/ru\/"},{"@type":"ListItem","position":2,"name":"\u041a\u0430\u0442\u0430\u043b\u043e\u0433 \u0442\u043e\u0432\u0430\u0440\u043e\u0432","item":"https:\/\/beebipood.ee\/tooted\/"},{"@type":"ListItem","position":3,"name":"Bozz lambavillast soojakott Ergo, Grey Melange"}]},{"@type":"WebSite","@id":"https:\/\/beebipood.ee\/ru\/#website","url":"https:\/\/beebipood.ee\/ru\/","name":"Beebipood","description":"Lastekaubad, beebikaubad, m\u00e4nguasjad","publisher":{"@id":"https:\/\/beebipood.ee\/ru\/#organization"},"potentialAction":[{"@type":"SearchAction","target":{"@type":"EntryPoint","urlTemplate":"https:\/\/beebipood.ee\/ru\/?s={search_term_string}"},"query-input":{"@type":"PropertyValueSpecification","valueRequired":true,"valueName":"search_term_string"}}],"inLanguage":"ru-RU"},{"@type":"Organization","@id":"https:\/\/beebipood.ee\/ru\/#organization","name":"Beebipood","url":"https:\/\/beebipood.ee\/ru\/","logo":{"@type":"ImageObject","inLanguage":"ru-RU","@id":"https:\/\/beebipood.ee\/ru\/#\/schema\/logo\/image\/","url":"https:\/\/beebipood.ee\/wp-content\/uploads\/2025\/03\/beebipood.ee-logo-1.svg","contentUrl":"https:\/\/beebipood.ee\/wp-content\/uploads\/2025\/03\/beebipood.ee-logo-1.svg","caption":"Beebipood"},"image":{"@id":"https:\/\/beebipood.ee\/ru\/#\/schema\/logo\/image\/"}}]}},"brands":[{"id":11975,"name":"BOZZ","slug":"bozz-ru"}],"_links":{"self":[{"href":"https:\/\/beebipood.ee\/ru\/wp-json\/wp\/v2\/product\/453746","targetHints":{"allow":["GET"]}}],"collection":[{"href":"https:\/\/beebipood.ee\/ru\/wp-json\/wp\/v2\/product"}],"about":[{"href":"https:\/\/beebipood.ee\/ru\/wp-json\/wp\/v2\/types\/product"}],"wp:featuredmedia":[{"embeddable":true,"href":"https:\/\/beebipood.ee\/ru\/wp-json\/wp\/v2\/media\/98342"}],"wp:attachment":[{"href":"https:\/\/beebipood.ee\/ru\/wp-json\/wp\/v2\/media?parent=453746"}],"wp:term":[{"taxonomy":"pwb-brand","embeddable":true,"href":"https:\/\/beebipood.ee\/ru\/wp-json\/wp\/v2\/pwb-brand?post=453746"},{"taxonomy":"product_brand","embeddable":true,"href":"https:\/\/beebipood.ee\/ru\/wp-json\/wp\/v2\/product_brand?post=453746"},{"taxonomy":"product_cat","embeddable":true,"href":"https:\/\/beebipood.ee\/ru\/wp-json\/wp\/v2\/product_cat?post=453746"},{"taxonomy":"product_tag","embeddable":true,"href":"https:\/\/beebipood.ee\/ru\/wp-json\/wp\/v2\/product_tag?post=453746"}],"curies":[{"name":"wp","href":"https:\/\/api.w.org\/{rel}","templated":true}]}}