{"id":453764,"date":"2013-09-02T13:29:16","date_gmt":"2013-09-02T10:29:16","guid":{"rendered":"https:\/\/beebipood.ee\/toode\/kookos-tatramadrats-60x120\/"},"modified":"2025-03-05T07:10:42","modified_gmt":"2025-03-05T05:10:42","slug":"kookos-tatramadrats-60x120","status":"publish","type":"product","link":"https:\/\/beebipood.ee\/ru\/produkt\/kookos-tatramadrats-60x120\/","title":{"rendered":"Kookos-tatramadrats 60&#215;120"},"content":{"rendered":"<p><span>* kookos-tatramadrats<\/span><br \/><span>* valmistatud naturaalsetest materjalidest\u00a0<\/span><br \/><span>* kangas 100% puuvillane, vastab \u00d6ko-Tex Standard 100<\/span><br \/><span>* katteriie eemaldatav ja puhastatav niiske lapiga\u00a0<\/span><br \/><span>* <strong>sisu:<\/strong><\/span><br \/><span>\u00fcks pool kaetud kookoskiududega<\/span><br \/><span>teine pool termiliselt t\u00f6\u00f6deldud tatrakestadega<\/span><br \/><span>m\u00f5lemat poolt katab puuvillakiht<\/span><br \/><span>naturaalsete kihtide vahel on poroloon, mis lisab pehmust<\/span><br \/><span>* kaitse madratsit niiskuse eest<\/span><\/p>\n","protected":false},"excerpt":{"rendered":"<p>* kookos-tatramadrats* valmistatud naturaalsetest materjalidest\u00a0* kangas 100% puuvillane, vastab \u00d6ko-Tex Standard 100* katteriie eemaldatav ja puhastatav niiske lapiga\u00a0* sisu:\u00fcks pool kaetud kookoskiududegateine pool termiliselt t\u00f6\u00f6deldud tatrakestadegam\u00f5lemat poolt katab puuvillakihtnaturaalsete kihtide vahel on poroloon, mis lisab pehmust* kaitse madratsit niiskuse eest<\/p>\n","protected":false},"featured_media":98374,"template":"","meta":{"_acf_changed":false},"pwb-brand":[],"product_brand":[],"product_cat":[11595,11563,11789],"product_tag":[],"class_list":{"0":"post-453764","1":"product","2":"type-product","3":"status-publish","4":"has-post-thumbnail","6":"product_cat-kuni-60cm-laiused-ru","7":"product_cat-madratsid-ja-kattemadratsid-ru","8":"product_cat-lastemoobel-ja-sisustus-ru","10":"first","11":"instock","12":"taxable","13":"shipping-taxable","14":"purchasable","15":"product-type-simple"},"exclude_global_add_ons":[],"addons":[],"acf":[],"yoast_head":"<!-- This site is optimized with the Yoast SEO plugin v27.1.1 - https:\/\/yoast.com\/product\/yoast-seo-wordpress\/ -->\n<title>Kookos-tatramadrats 60x120, \u041c\u0430\u0442\u0440\u0430\u0441\u044b \u0438 \u043c\u0430\u0442\u0440\u0430\u0441\u044b-\u043f\u043e\u043a\u0440\u044b\u0432\u0430\u043b\u0430, \u0428\u0438\u0440\u0438\u043d\u043e\u0439 \u0434\u043e 60 c\u043c, M\u0435\u0431\u0435\u043b\u044c, Beebipood<\/title>\n<meta name=\"description\" content=\"Kookos-tatramadrats 60x120, * kookos-tatramadrats* valmistatud naturaalsetest materjalidest&nbsp;* kangas 100% pu\" \/>\n<meta name=\"robots\" content=\"index, follow, max-snippet:-1, max-image-preview:large, max-video-preview:-1\" \/>\n<link rel=\"canonical\" href=\"https:\/\/beebipood.ee\/ru\/produkt\/kookos-tatramadrats-60x120\/\" \/>\n<meta property=\"og:locale\" content=\"ru_RU\" \/>\n<meta property=\"og:type\" content=\"article\" \/>\n<meta property=\"og:title\" content=\"Kookos-tatramadrats 60x120, \u041c\u0430\u0442\u0440\u0430\u0441\u044b \u0438 \u043c\u0430\u0442\u0440\u0430\u0441\u044b-\u043f\u043e\u043a\u0440\u044b\u0432\u0430\u043b\u0430, \u0428\u0438\u0440\u0438\u043d\u043e\u0439 \u0434\u043e 60 c\u043c, M\u0435\u0431\u0435\u043b\u044c, Beebipood\" \/>\n<meta property=\"og:description\" content=\"Kookos-tatramadrats 60x120, * kookos-tatramadrats* valmistatud naturaalsetest materjalidest&nbsp;* kangas 100% pu\" \/>\n<meta property=\"og:url\" content=\"https:\/\/beebipood.ee\/ru\/produkt\/kookos-tatramadrats-60x120\/\" \/>\n<meta property=\"og:site_name\" content=\"Beebipood\" \/>\n<meta property=\"article:modified_time\" content=\"2025-03-05T05:10:42+00:00\" \/>\n<meta property=\"og:image\" content=\"https:\/\/beebipood.ee\/wp-content\/uploads\/2013\/09\/Madrats-kookosporoloon-Komfort-60x120-Madratsid-ja-kattemadratsid-SOODUSPAKKUMISED-Kuni-60cm-laiused-Lastemoobel-ja-sisustus_4-8e1.jpg\" \/>\n\t<meta property=\"og:image:width\" content=\"680\" \/>\n\t<meta property=\"og:image:height\" content=\"529\" \/>\n\t<meta property=\"og:image:type\" content=\"image\/jpeg\" \/>\n<meta name=\"twitter:card\" content=\"summary_large_image\" \/>\n<script type=\"application\/ld+json\" class=\"yoast-schema-graph\">{\"@context\":\"https:\/\/schema.org\",\"@graph\":[{\"@type\":\"WebPage\",\"@id\":\"https:\/\/beebipood.ee\/ru\/produkt\/kookos-tatramadrats-60x120\/\",\"url\":\"https:\/\/beebipood.ee\/ru\/produkt\/kookos-tatramadrats-60x120\/\",\"name\":\"Kookos-tatramadrats 60x120, \u041c\u0430\u0442\u0440\u0430\u0441\u044b \u0438 \u043c\u0430\u0442\u0440\u0430\u0441\u044b-\u043f\u043e\u043a\u0440\u044b\u0432\u0430\u043b\u0430, \u0428\u0438\u0440\u0438\u043d\u043e\u0439 \u0434\u043e 60 c\u043c, M\u0435\u0431\u0435\u043b\u044c, Beebipood\",\"isPartOf\":{\"@id\":\"https:\/\/beebipood.ee\/ru\/#website\"},\"primaryImageOfPage\":{\"@id\":\"https:\/\/beebipood.ee\/ru\/produkt\/kookos-tatramadrats-60x120\/#primaryimage\"},\"image\":{\"@id\":\"https:\/\/beebipood.ee\/ru\/produkt\/kookos-tatramadrats-60x120\/#primaryimage\"},\"thumbnailUrl\":\"https:\/\/beebipood.ee\/wp-content\/uploads\/2013\/09\/Madrats-kookosporoloon-Komfort-60x120-Madratsid-ja-kattemadratsid-SOODUSPAKKUMISED-Kuni-60cm-laiused-Lastemoobel-ja-sisustus_4-8e1.jpg\",\"datePublished\":\"2013-09-02T10:29:16+00:00\",\"dateModified\":\"2025-03-05T05:10:42+00:00\",\"description\":\"Kookos-tatramadrats 60x120, * kookos-tatramadrats* valmistatud naturaalsetest materjalidest&nbsp;* kangas 100% pu\",\"breadcrumb\":{\"@id\":\"https:\/\/beebipood.ee\/ru\/produkt\/kookos-tatramadrats-60x120\/#breadcrumb\"},\"inLanguage\":\"ru-RU\",\"potentialAction\":[{\"@type\":\"ReadAction\",\"target\":[\"https:\/\/beebipood.ee\/ru\/produkt\/kookos-tatramadrats-60x120\/\"]}]},{\"@type\":\"ImageObject\",\"inLanguage\":\"ru-RU\",\"@id\":\"https:\/\/beebipood.ee\/ru\/produkt\/kookos-tatramadrats-60x120\/#primaryimage\",\"url\":\"https:\/\/beebipood.ee\/wp-content\/uploads\/2013\/09\/Madrats-kookosporoloon-Komfort-60x120-Madratsid-ja-kattemadratsid-SOODUSPAKKUMISED-Kuni-60cm-laiused-Lastemoobel-ja-sisustus_4-8e1.jpg\",\"contentUrl\":\"https:\/\/beebipood.ee\/wp-content\/uploads\/2013\/09\/Madrats-kookosporoloon-Komfort-60x120-Madratsid-ja-kattemadratsid-SOODUSPAKKUMISED-Kuni-60cm-laiused-Lastemoobel-ja-sisustus_4-8e1.jpg\",\"width\":680,\"height\":529},{\"@type\":\"BreadcrumbList\",\"@id\":\"https:\/\/beebipood.ee\/ru\/produkt\/kookos-tatramadrats-60x120\/#breadcrumb\",\"itemListElement\":[{\"@type\":\"ListItem\",\"position\":1,\"name\":\"Home\",\"item\":\"https:\/\/beebipood.ee\/ru\/\"},{\"@type\":\"ListItem\",\"position\":2,\"name\":\"\u041a\u0430\u0442\u0430\u043b\u043e\u0433 \u0442\u043e\u0432\u0430\u0440\u043e\u0432\",\"item\":\"https:\/\/beebipood.ee\/tooted\/\"},{\"@type\":\"ListItem\",\"position\":3,\"name\":\"Kookos-tatramadrats 60&#215;120\"}]},{\"@type\":\"WebSite\",\"@id\":\"https:\/\/beebipood.ee\/ru\/#website\",\"url\":\"https:\/\/beebipood.ee\/ru\/\",\"name\":\"Beebipood\",\"description\":\"Lastekaubad, beebikaubad, m\u00e4nguasjad\",\"publisher\":{\"@id\":\"https:\/\/beebipood.ee\/ru\/#organization\"},\"potentialAction\":[{\"@type\":\"SearchAction\",\"target\":{\"@type\":\"EntryPoint\",\"urlTemplate\":\"https:\/\/beebipood.ee\/ru\/?s={search_term_string}\"},\"query-input\":{\"@type\":\"PropertyValueSpecification\",\"valueRequired\":true,\"valueName\":\"search_term_string\"}}],\"inLanguage\":\"ru-RU\"},{\"@type\":\"Organization\",\"@id\":\"https:\/\/beebipood.ee\/ru\/#organization\",\"name\":\"Beebipood\",\"url\":\"https:\/\/beebipood.ee\/ru\/\",\"logo\":{\"@type\":\"ImageObject\",\"inLanguage\":\"ru-RU\",\"@id\":\"https:\/\/beebipood.ee\/ru\/#\/schema\/logo\/image\/\",\"url\":\"https:\/\/beebipood.ee\/wp-content\/uploads\/2025\/03\/beebipood.ee-logo-1.svg\",\"contentUrl\":\"https:\/\/beebipood.ee\/wp-content\/uploads\/2025\/03\/beebipood.ee-logo-1.svg\",\"caption\":\"Beebipood\"},\"image\":{\"@id\":\"https:\/\/beebipood.ee\/ru\/#\/schema\/logo\/image\/\"}}]}<\/script>\n<!-- \/ Yoast SEO plugin. -->","yoast_head_json":{"title":"Kookos-tatramadrats 60x120, \u041c\u0430\u0442\u0440\u0430\u0441\u044b \u0438 \u043c\u0430\u0442\u0440\u0430\u0441\u044b-\u043f\u043e\u043a\u0440\u044b\u0432\u0430\u043b\u0430, \u0428\u0438\u0440\u0438\u043d\u043e\u0439 \u0434\u043e 60 c\u043c, M\u0435\u0431\u0435\u043b\u044c, Beebipood","description":"Kookos-tatramadrats 60x120, * kookos-tatramadrats* valmistatud naturaalsetest materjalidest&nbsp;* kangas 100% pu","robots":{"index":"index","follow":"follow","max-snippet":"max-snippet:-1","max-image-preview":"max-image-preview:large","max-video-preview":"max-video-preview:-1"},"canonical":"https:\/\/beebipood.ee\/ru\/produkt\/kookos-tatramadrats-60x120\/","og_locale":"ru_RU","og_type":"article","og_title":"Kookos-tatramadrats 60x120, \u041c\u0430\u0442\u0440\u0430\u0441\u044b \u0438 \u043c\u0430\u0442\u0440\u0430\u0441\u044b-\u043f\u043e\u043a\u0440\u044b\u0432\u0430\u043b\u0430, \u0428\u0438\u0440\u0438\u043d\u043e\u0439 \u0434\u043e 60 c\u043c, M\u0435\u0431\u0435\u043b\u044c, Beebipood","og_description":"Kookos-tatramadrats 60x120, * kookos-tatramadrats* valmistatud naturaalsetest materjalidest&nbsp;* kangas 100% pu","og_url":"https:\/\/beebipood.ee\/ru\/produkt\/kookos-tatramadrats-60x120\/","og_site_name":"Beebipood","article_modified_time":"2025-03-05T05:10:42+00:00","og_image":[{"width":680,"height":529,"url":"https:\/\/beebipood.ee\/wp-content\/uploads\/2013\/09\/Madrats-kookosporoloon-Komfort-60x120-Madratsid-ja-kattemadratsid-SOODUSPAKKUMISED-Kuni-60cm-laiused-Lastemoobel-ja-sisustus_4-8e1.jpg","type":"image\/jpeg"}],"twitter_card":"summary_large_image","schema":{"@context":"https:\/\/schema.org","@graph":[{"@type":"WebPage","@id":"https:\/\/beebipood.ee\/ru\/produkt\/kookos-tatramadrats-60x120\/","url":"https:\/\/beebipood.ee\/ru\/produkt\/kookos-tatramadrats-60x120\/","name":"Kookos-tatramadrats 60x120, \u041c\u0430\u0442\u0440\u0430\u0441\u044b \u0438 \u043c\u0430\u0442\u0440\u0430\u0441\u044b-\u043f\u043e\u043a\u0440\u044b\u0432\u0430\u043b\u0430, \u0428\u0438\u0440\u0438\u043d\u043e\u0439 \u0434\u043e 60 c\u043c, M\u0435\u0431\u0435\u043b\u044c, Beebipood","isPartOf":{"@id":"https:\/\/beebipood.ee\/ru\/#website"},"primaryImageOfPage":{"@id":"https:\/\/beebipood.ee\/ru\/produkt\/kookos-tatramadrats-60x120\/#primaryimage"},"image":{"@id":"https:\/\/beebipood.ee\/ru\/produkt\/kookos-tatramadrats-60x120\/#primaryimage"},"thumbnailUrl":"https:\/\/beebipood.ee\/wp-content\/uploads\/2013\/09\/Madrats-kookosporoloon-Komfort-60x120-Madratsid-ja-kattemadratsid-SOODUSPAKKUMISED-Kuni-60cm-laiused-Lastemoobel-ja-sisustus_4-8e1.jpg","datePublished":"2013-09-02T10:29:16+00:00","dateModified":"2025-03-05T05:10:42+00:00","description":"Kookos-tatramadrats 60x120, * kookos-tatramadrats* valmistatud naturaalsetest materjalidest&nbsp;* kangas 100% pu","breadcrumb":{"@id":"https:\/\/beebipood.ee\/ru\/produkt\/kookos-tatramadrats-60x120\/#breadcrumb"},"inLanguage":"ru-RU","potentialAction":[{"@type":"ReadAction","target":["https:\/\/beebipood.ee\/ru\/produkt\/kookos-tatramadrats-60x120\/"]}]},{"@type":"ImageObject","inLanguage":"ru-RU","@id":"https:\/\/beebipood.ee\/ru\/produkt\/kookos-tatramadrats-60x120\/#primaryimage","url":"https:\/\/beebipood.ee\/wp-content\/uploads\/2013\/09\/Madrats-kookosporoloon-Komfort-60x120-Madratsid-ja-kattemadratsid-SOODUSPAKKUMISED-Kuni-60cm-laiused-Lastemoobel-ja-sisustus_4-8e1.jpg","contentUrl":"https:\/\/beebipood.ee\/wp-content\/uploads\/2013\/09\/Madrats-kookosporoloon-Komfort-60x120-Madratsid-ja-kattemadratsid-SOODUSPAKKUMISED-Kuni-60cm-laiused-Lastemoobel-ja-sisustus_4-8e1.jpg","width":680,"height":529},{"@type":"BreadcrumbList","@id":"https:\/\/beebipood.ee\/ru\/produkt\/kookos-tatramadrats-60x120\/#breadcrumb","itemListElement":[{"@type":"ListItem","position":1,"name":"Home","item":"https:\/\/beebipood.ee\/ru\/"},{"@type":"ListItem","position":2,"name":"\u041a\u0430\u0442\u0430\u043b\u043e\u0433 \u0442\u043e\u0432\u0430\u0440\u043e\u0432","item":"https:\/\/beebipood.ee\/tooted\/"},{"@type":"ListItem","position":3,"name":"Kookos-tatramadrats 60&#215;120"}]},{"@type":"WebSite","@id":"https:\/\/beebipood.ee\/ru\/#website","url":"https:\/\/beebipood.ee\/ru\/","name":"Beebipood","description":"Lastekaubad, beebikaubad, m\u00e4nguasjad","publisher":{"@id":"https:\/\/beebipood.ee\/ru\/#organization"},"potentialAction":[{"@type":"SearchAction","target":{"@type":"EntryPoint","urlTemplate":"https:\/\/beebipood.ee\/ru\/?s={search_term_string}"},"query-input":{"@type":"PropertyValueSpecification","valueRequired":true,"valueName":"search_term_string"}}],"inLanguage":"ru-RU"},{"@type":"Organization","@id":"https:\/\/beebipood.ee\/ru\/#organization","name":"Beebipood","url":"https:\/\/beebipood.ee\/ru\/","logo":{"@type":"ImageObject","inLanguage":"ru-RU","@id":"https:\/\/beebipood.ee\/ru\/#\/schema\/logo\/image\/","url":"https:\/\/beebipood.ee\/wp-content\/uploads\/2025\/03\/beebipood.ee-logo-1.svg","contentUrl":"https:\/\/beebipood.ee\/wp-content\/uploads\/2025\/03\/beebipood.ee-logo-1.svg","caption":"Beebipood"},"image":{"@id":"https:\/\/beebipood.ee\/ru\/#\/schema\/logo\/image\/"}}]}},"brands":[],"_links":{"self":[{"href":"https:\/\/beebipood.ee\/ru\/wp-json\/wp\/v2\/product\/453764","targetHints":{"allow":["GET"]}}],"collection":[{"href":"https:\/\/beebipood.ee\/ru\/wp-json\/wp\/v2\/product"}],"about":[{"href":"https:\/\/beebipood.ee\/ru\/wp-json\/wp\/v2\/types\/product"}],"wp:featuredmedia":[{"embeddable":true,"href":"https:\/\/beebipood.ee\/ru\/wp-json\/wp\/v2\/media\/98374"}],"wp:attachment":[{"href":"https:\/\/beebipood.ee\/ru\/wp-json\/wp\/v2\/media?parent=453764"}],"wp:term":[{"taxonomy":"pwb-brand","embeddable":true,"href":"https:\/\/beebipood.ee\/ru\/wp-json\/wp\/v2\/pwb-brand?post=453764"},{"taxonomy":"product_brand","embeddable":true,"href":"https:\/\/beebipood.ee\/ru\/wp-json\/wp\/v2\/product_brand?post=453764"},{"taxonomy":"product_cat","embeddable":true,"href":"https:\/\/beebipood.ee\/ru\/wp-json\/wp\/v2\/product_cat?post=453764"},{"taxonomy":"product_tag","embeddable":true,"href":"https:\/\/beebipood.ee\/ru\/wp-json\/wp\/v2\/product_tag?post=453764"}],"curies":[{"name":"wp","href":"https:\/\/api.w.org\/{rel}","templated":true}]}}