{"id":453780,"date":"2013-09-02T13:29:27","date_gmt":"2013-09-02T10:29:27","guid":{"rendered":"https:\/\/beebipood.ee\/toode\/poroloonmadrats-juno70-80x200\/"},"modified":"2025-01-09T10:53:00","modified_gmt":"2025-01-09T08:53:00","slug":"poroloonmadrats-juno70-80x200","status":"publish","type":"product","link":"https:\/\/beebipood.ee\/ru\/produkt\/poroloonmadrats-juno70-80x200\/","title":{"rendered":"Poroloonmadrats Juno 70, 80&#215;200"},"content":{"rendered":"<p><span>* kahe kihiline poroloonmadrats\u00a0<\/span><br \/><span>* madrats on valmistatud profileeritud poroloonist tihedusega 25 kg\/m3<\/span><br \/><span>* profileering tagab parem \u00f5huliikumine ja niiskuse \u00e4rajuhtimine magamiskohalt\u00a0<\/span><br \/><span>* tepitud mahulise vatiiniga<\/span><br \/><span>* madratsil on kolmes k\u00fcljes lukud<\/span><br \/><span>* kangas 100% puuvillane, \u00d6KO-TEX 100 Standard<\/span><br \/><span>* kott \u00e4rav\u00f5etav ja pestav 60C juures<\/span><br \/><span>* sobib inimestele kehakaaluga kuni 70 kg\u00a0<\/span><br \/><span>* Eesti Allergialiit soovitab<\/span><\/p>\n","protected":false},"excerpt":{"rendered":"<p>* kahe kihiline poroloonmadrats\u00a0* madrats on valmistatud profileeritud poroloonist tihedusega 25 kg\/m3* profileering tagab parem \u00f5huliikumine ja niiskuse \u00e4rajuhtimine magamiskohalt\u00a0* tepitud mahulise vatiiniga* madratsil on kolmes k\u00fcljes lukud* kangas 100% puuvillane, \u00d6KO-TEX 100 Standard* kott \u00e4rav\u00f5etav ja pestav 60C juures* sobib inimestele kehakaaluga kuni 70 kg\u00a0* Eesti Allergialiit soovitab<\/p>\n","protected":false},"featured_media":98392,"template":"","meta":{"_acf_changed":false},"pwb-brand":[],"product_brand":[],"product_cat":[11599,11563],"product_tag":[],"class_list":{"0":"post-453780","1":"product","2":"type-product","3":"status-publish","4":"has-post-thumbnail","6":"product_cat-kuni-80cm-laiused-ru","7":"product_cat-madratsid-ja-kattemadratsid-ru","9":"first","10":"outofstock","11":"taxable","12":"shipping-taxable","13":"purchasable","14":"product-type-simple"},"exclude_global_add_ons":[],"addons":[],"acf":[],"yoast_head":"<!-- This site is optimized with the Yoast SEO plugin v27.1.1 - https:\/\/yoast.com\/product\/yoast-seo-wordpress\/ -->\n<title>Poroloonmadrats Juno 70, 80x200, \u041c\u0430\u0442\u0440\u0430\u0441\u044b \u0438 \u043c\u0430\u0442\u0440\u0430\u0441\u044b-\u043f\u043e\u043a\u0440\u044b\u0432\u0430\u043b\u0430, \u0428\u0438\u0440\u0438\u043d\u043e\u0439 \u0434\u043e 80 c\u043c, Beebipood<\/title>\n<meta name=\"description\" content=\"Poroloonmadrats Juno 70, 80x200, * kahe kihiline poroloonmadrats&nbsp;* madrats on valmistatud profileeritud poroloonist tihedusega\" \/>\n<meta name=\"robots\" content=\"index, follow, max-snippet:-1, max-image-preview:large, max-video-preview:-1\" \/>\n<link rel=\"canonical\" href=\"https:\/\/beebipood.ee\/ru\/produkt\/poroloonmadrats-juno70-80x200\/\" \/>\n<meta property=\"og:locale\" content=\"ru_RU\" \/>\n<meta property=\"og:type\" content=\"article\" \/>\n<meta property=\"og:title\" content=\"Poroloonmadrats Juno 70, 80x200, \u041c\u0430\u0442\u0440\u0430\u0441\u044b \u0438 \u043c\u0430\u0442\u0440\u0430\u0441\u044b-\u043f\u043e\u043a\u0440\u044b\u0432\u0430\u043b\u0430, \u0428\u0438\u0440\u0438\u043d\u043e\u0439 \u0434\u043e 80 c\u043c, Beebipood\" \/>\n<meta property=\"og:description\" content=\"Poroloonmadrats Juno 70, 80x200, * kahe kihiline poroloonmadrats&nbsp;* madrats on valmistatud profileeritud poroloonist tihedusega\" \/>\n<meta property=\"og:url\" content=\"https:\/\/beebipood.ee\/ru\/produkt\/poroloonmadrats-juno70-80x200\/\" \/>\n<meta property=\"og:site_name\" content=\"Beebipood\" \/>\n<meta property=\"article:modified_time\" content=\"2025-01-09T08:53:00+00:00\" \/>\n<meta property=\"og:image\" content=\"https:\/\/beebipood.ee\/wp-content\/uploads\/2013\/09\/Poroloonmadrats-Juno70-80x200-Madratsid-ja-kattemadratsid-Kuni-80cm-laiused_3-bee.jpg\" \/>\n\t<meta property=\"og:image:width\" content=\"935\" \/>\n\t<meta property=\"og:image:height\" content=\"675\" \/>\n\t<meta property=\"og:image:type\" content=\"image\/jpeg\" \/>\n<meta name=\"twitter:card\" content=\"summary_large_image\" \/>\n<script type=\"application\/ld+json\" class=\"yoast-schema-graph\">{\"@context\":\"https:\/\/schema.org\",\"@graph\":[{\"@type\":\"WebPage\",\"@id\":\"https:\/\/beebipood.ee\/ru\/produkt\/poroloonmadrats-juno70-80x200\/\",\"url\":\"https:\/\/beebipood.ee\/ru\/produkt\/poroloonmadrats-juno70-80x200\/\",\"name\":\"Poroloonmadrats Juno 70, 80x200, \u041c\u0430\u0442\u0440\u0430\u0441\u044b \u0438 \u043c\u0430\u0442\u0440\u0430\u0441\u044b-\u043f\u043e\u043a\u0440\u044b\u0432\u0430\u043b\u0430, \u0428\u0438\u0440\u0438\u043d\u043e\u0439 \u0434\u043e 80 c\u043c, Beebipood\",\"isPartOf\":{\"@id\":\"https:\/\/beebipood.ee\/ru\/#website\"},\"primaryImageOfPage\":{\"@id\":\"https:\/\/beebipood.ee\/ru\/produkt\/poroloonmadrats-juno70-80x200\/#primaryimage\"},\"image\":{\"@id\":\"https:\/\/beebipood.ee\/ru\/produkt\/poroloonmadrats-juno70-80x200\/#primaryimage\"},\"thumbnailUrl\":\"https:\/\/beebipood.ee\/wp-content\/uploads\/2013\/09\/Poroloonmadrats-Juno70-80x200-Madratsid-ja-kattemadratsid-Kuni-80cm-laiused_3-bee.jpg\",\"datePublished\":\"2013-09-02T10:29:27+00:00\",\"dateModified\":\"2025-01-09T08:53:00+00:00\",\"description\":\"Poroloonmadrats Juno 70, 80x200, * kahe kihiline poroloonmadrats&nbsp;* madrats on valmistatud profileeritud poroloonist tihedusega\",\"breadcrumb\":{\"@id\":\"https:\/\/beebipood.ee\/ru\/produkt\/poroloonmadrats-juno70-80x200\/#breadcrumb\"},\"inLanguage\":\"ru-RU\",\"potentialAction\":[{\"@type\":\"ReadAction\",\"target\":[\"https:\/\/beebipood.ee\/ru\/produkt\/poroloonmadrats-juno70-80x200\/\"]}]},{\"@type\":\"ImageObject\",\"inLanguage\":\"ru-RU\",\"@id\":\"https:\/\/beebipood.ee\/ru\/produkt\/poroloonmadrats-juno70-80x200\/#primaryimage\",\"url\":\"https:\/\/beebipood.ee\/wp-content\/uploads\/2013\/09\/Poroloonmadrats-Juno70-80x200-Madratsid-ja-kattemadratsid-Kuni-80cm-laiused_3-bee.jpg\",\"contentUrl\":\"https:\/\/beebipood.ee\/wp-content\/uploads\/2013\/09\/Poroloonmadrats-Juno70-80x200-Madratsid-ja-kattemadratsid-Kuni-80cm-laiused_3-bee.jpg\",\"width\":935,\"height\":675},{\"@type\":\"BreadcrumbList\",\"@id\":\"https:\/\/beebipood.ee\/ru\/produkt\/poroloonmadrats-juno70-80x200\/#breadcrumb\",\"itemListElement\":[{\"@type\":\"ListItem\",\"position\":1,\"name\":\"Home\",\"item\":\"https:\/\/beebipood.ee\/ru\/\"},{\"@type\":\"ListItem\",\"position\":2,\"name\":\"\u041a\u0430\u0442\u0430\u043b\u043e\u0433 \u0442\u043e\u0432\u0430\u0440\u043e\u0432\",\"item\":\"https:\/\/beebipood.ee\/tooted\/\"},{\"@type\":\"ListItem\",\"position\":3,\"name\":\"Poroloonmadrats Juno 70, 80&#215;200\"}]},{\"@type\":\"WebSite\",\"@id\":\"https:\/\/beebipood.ee\/ru\/#website\",\"url\":\"https:\/\/beebipood.ee\/ru\/\",\"name\":\"Beebipood\",\"description\":\"Lastekaubad, beebikaubad, m\u00e4nguasjad\",\"publisher\":{\"@id\":\"https:\/\/beebipood.ee\/ru\/#organization\"},\"potentialAction\":[{\"@type\":\"SearchAction\",\"target\":{\"@type\":\"EntryPoint\",\"urlTemplate\":\"https:\/\/beebipood.ee\/ru\/?s={search_term_string}\"},\"query-input\":{\"@type\":\"PropertyValueSpecification\",\"valueRequired\":true,\"valueName\":\"search_term_string\"}}],\"inLanguage\":\"ru-RU\"},{\"@type\":\"Organization\",\"@id\":\"https:\/\/beebipood.ee\/ru\/#organization\",\"name\":\"Beebipood\",\"url\":\"https:\/\/beebipood.ee\/ru\/\",\"logo\":{\"@type\":\"ImageObject\",\"inLanguage\":\"ru-RU\",\"@id\":\"https:\/\/beebipood.ee\/ru\/#\/schema\/logo\/image\/\",\"url\":\"https:\/\/beebipood.ee\/wp-content\/uploads\/2025\/03\/beebipood.ee-logo-1.svg\",\"contentUrl\":\"https:\/\/beebipood.ee\/wp-content\/uploads\/2025\/03\/beebipood.ee-logo-1.svg\",\"caption\":\"Beebipood\"},\"image\":{\"@id\":\"https:\/\/beebipood.ee\/ru\/#\/schema\/logo\/image\/\"}}]}<\/script>\n<!-- \/ Yoast SEO plugin. -->","yoast_head_json":{"title":"Poroloonmadrats Juno 70, 80x200, \u041c\u0430\u0442\u0440\u0430\u0441\u044b \u0438 \u043c\u0430\u0442\u0440\u0430\u0441\u044b-\u043f\u043e\u043a\u0440\u044b\u0432\u0430\u043b\u0430, \u0428\u0438\u0440\u0438\u043d\u043e\u0439 \u0434\u043e 80 c\u043c, Beebipood","description":"Poroloonmadrats Juno 70, 80x200, * kahe kihiline poroloonmadrats&nbsp;* madrats on valmistatud profileeritud poroloonist tihedusega","robots":{"index":"index","follow":"follow","max-snippet":"max-snippet:-1","max-image-preview":"max-image-preview:large","max-video-preview":"max-video-preview:-1"},"canonical":"https:\/\/beebipood.ee\/ru\/produkt\/poroloonmadrats-juno70-80x200\/","og_locale":"ru_RU","og_type":"article","og_title":"Poroloonmadrats Juno 70, 80x200, \u041c\u0430\u0442\u0440\u0430\u0441\u044b \u0438 \u043c\u0430\u0442\u0440\u0430\u0441\u044b-\u043f\u043e\u043a\u0440\u044b\u0432\u0430\u043b\u0430, \u0428\u0438\u0440\u0438\u043d\u043e\u0439 \u0434\u043e 80 c\u043c, Beebipood","og_description":"Poroloonmadrats Juno 70, 80x200, * kahe kihiline poroloonmadrats&nbsp;* madrats on valmistatud profileeritud poroloonist tihedusega","og_url":"https:\/\/beebipood.ee\/ru\/produkt\/poroloonmadrats-juno70-80x200\/","og_site_name":"Beebipood","article_modified_time":"2025-01-09T08:53:00+00:00","og_image":[{"width":935,"height":675,"url":"https:\/\/beebipood.ee\/wp-content\/uploads\/2013\/09\/Poroloonmadrats-Juno70-80x200-Madratsid-ja-kattemadratsid-Kuni-80cm-laiused_3-bee.jpg","type":"image\/jpeg"}],"twitter_card":"summary_large_image","schema":{"@context":"https:\/\/schema.org","@graph":[{"@type":"WebPage","@id":"https:\/\/beebipood.ee\/ru\/produkt\/poroloonmadrats-juno70-80x200\/","url":"https:\/\/beebipood.ee\/ru\/produkt\/poroloonmadrats-juno70-80x200\/","name":"Poroloonmadrats Juno 70, 80x200, \u041c\u0430\u0442\u0440\u0430\u0441\u044b \u0438 \u043c\u0430\u0442\u0440\u0430\u0441\u044b-\u043f\u043e\u043a\u0440\u044b\u0432\u0430\u043b\u0430, \u0428\u0438\u0440\u0438\u043d\u043e\u0439 \u0434\u043e 80 c\u043c, Beebipood","isPartOf":{"@id":"https:\/\/beebipood.ee\/ru\/#website"},"primaryImageOfPage":{"@id":"https:\/\/beebipood.ee\/ru\/produkt\/poroloonmadrats-juno70-80x200\/#primaryimage"},"image":{"@id":"https:\/\/beebipood.ee\/ru\/produkt\/poroloonmadrats-juno70-80x200\/#primaryimage"},"thumbnailUrl":"https:\/\/beebipood.ee\/wp-content\/uploads\/2013\/09\/Poroloonmadrats-Juno70-80x200-Madratsid-ja-kattemadratsid-Kuni-80cm-laiused_3-bee.jpg","datePublished":"2013-09-02T10:29:27+00:00","dateModified":"2025-01-09T08:53:00+00:00","description":"Poroloonmadrats Juno 70, 80x200, * kahe kihiline poroloonmadrats&nbsp;* madrats on valmistatud profileeritud poroloonist tihedusega","breadcrumb":{"@id":"https:\/\/beebipood.ee\/ru\/produkt\/poroloonmadrats-juno70-80x200\/#breadcrumb"},"inLanguage":"ru-RU","potentialAction":[{"@type":"ReadAction","target":["https:\/\/beebipood.ee\/ru\/produkt\/poroloonmadrats-juno70-80x200\/"]}]},{"@type":"ImageObject","inLanguage":"ru-RU","@id":"https:\/\/beebipood.ee\/ru\/produkt\/poroloonmadrats-juno70-80x200\/#primaryimage","url":"https:\/\/beebipood.ee\/wp-content\/uploads\/2013\/09\/Poroloonmadrats-Juno70-80x200-Madratsid-ja-kattemadratsid-Kuni-80cm-laiused_3-bee.jpg","contentUrl":"https:\/\/beebipood.ee\/wp-content\/uploads\/2013\/09\/Poroloonmadrats-Juno70-80x200-Madratsid-ja-kattemadratsid-Kuni-80cm-laiused_3-bee.jpg","width":935,"height":675},{"@type":"BreadcrumbList","@id":"https:\/\/beebipood.ee\/ru\/produkt\/poroloonmadrats-juno70-80x200\/#breadcrumb","itemListElement":[{"@type":"ListItem","position":1,"name":"Home","item":"https:\/\/beebipood.ee\/ru\/"},{"@type":"ListItem","position":2,"name":"\u041a\u0430\u0442\u0430\u043b\u043e\u0433 \u0442\u043e\u0432\u0430\u0440\u043e\u0432","item":"https:\/\/beebipood.ee\/tooted\/"},{"@type":"ListItem","position":3,"name":"Poroloonmadrats Juno 70, 80&#215;200"}]},{"@type":"WebSite","@id":"https:\/\/beebipood.ee\/ru\/#website","url":"https:\/\/beebipood.ee\/ru\/","name":"Beebipood","description":"Lastekaubad, beebikaubad, m\u00e4nguasjad","publisher":{"@id":"https:\/\/beebipood.ee\/ru\/#organization"},"potentialAction":[{"@type":"SearchAction","target":{"@type":"EntryPoint","urlTemplate":"https:\/\/beebipood.ee\/ru\/?s={search_term_string}"},"query-input":{"@type":"PropertyValueSpecification","valueRequired":true,"valueName":"search_term_string"}}],"inLanguage":"ru-RU"},{"@type":"Organization","@id":"https:\/\/beebipood.ee\/ru\/#organization","name":"Beebipood","url":"https:\/\/beebipood.ee\/ru\/","logo":{"@type":"ImageObject","inLanguage":"ru-RU","@id":"https:\/\/beebipood.ee\/ru\/#\/schema\/logo\/image\/","url":"https:\/\/beebipood.ee\/wp-content\/uploads\/2025\/03\/beebipood.ee-logo-1.svg","contentUrl":"https:\/\/beebipood.ee\/wp-content\/uploads\/2025\/03\/beebipood.ee-logo-1.svg","caption":"Beebipood"},"image":{"@id":"https:\/\/beebipood.ee\/ru\/#\/schema\/logo\/image\/"}}]}},"brands":[],"_links":{"self":[{"href":"https:\/\/beebipood.ee\/ru\/wp-json\/wp\/v2\/product\/453780","targetHints":{"allow":["GET"]}}],"collection":[{"href":"https:\/\/beebipood.ee\/ru\/wp-json\/wp\/v2\/product"}],"about":[{"href":"https:\/\/beebipood.ee\/ru\/wp-json\/wp\/v2\/types\/product"}],"wp:featuredmedia":[{"embeddable":true,"href":"https:\/\/beebipood.ee\/ru\/wp-json\/wp\/v2\/media\/98392"}],"wp:attachment":[{"href":"https:\/\/beebipood.ee\/ru\/wp-json\/wp\/v2\/media?parent=453780"}],"wp:term":[{"taxonomy":"pwb-brand","embeddable":true,"href":"https:\/\/beebipood.ee\/ru\/wp-json\/wp\/v2\/pwb-brand?post=453780"},{"taxonomy":"product_brand","embeddable":true,"href":"https:\/\/beebipood.ee\/ru\/wp-json\/wp\/v2\/product_brand?post=453780"},{"taxonomy":"product_cat","embeddable":true,"href":"https:\/\/beebipood.ee\/ru\/wp-json\/wp\/v2\/product_cat?post=453780"},{"taxonomy":"product_tag","embeddable":true,"href":"https:\/\/beebipood.ee\/ru\/wp-json\/wp\/v2\/product_tag?post=453780"}],"curies":[{"name":"wp","href":"https:\/\/api.w.org\/{rel}","templated":true}]}}