{"id":453792,"date":"2013-09-02T13:29:33","date_gmt":"2013-09-02T10:29:33","guid":{"rendered":"https:\/\/beebipood.ee\/toode\/vedrumadrats-hypnos-hemera-5-zone-pocket-80x200\/"},"modified":"2025-01-09T10:53:00","modified_gmt":"2025-01-09T08:53:00","slug":"vedrumadrats-hypnos-hemera-5-zone-pocket-80x200","status":"publish","type":"product","link":"https:\/\/beebipood.ee\/ru\/produkt\/vedrumadrats-hypnos-hemera-5-zone-pocket-80x200\/","title":{"rendered":"Vedrumadrats Hypnos Hemera 5-zone pocket 80&#215;200"},"content":{"rendered":"<p>Ideaalselt keha toetav k\u00f5rge 5-tsoonilise pocket vedrustusega madrats.<br \/>K\u00f5rge 5-tsooniline pocket-vedrustus tagab vajaliku toe keha k\u00f5ikidele piirkondadele, <br \/>vedruploki k\u00f5rgus annab lisamugavust ja vastupidavust. <br \/>H\u00e4\u00e4letu ning s\u00f5ltumatu vedrustus tagab rahuliku une. <br \/>Pehmenduseks on vetruv ja vastupidav HR poroloon. <br \/>Kangas Silver Protect t\u00f6\u00f6tlusega &#8212; tolmulestade vastane, antibakteriaalne t\u00f6\u00f6tlus, <br \/>antistaatiline, antiallergiline. <br \/>T\u00e4nu kolmele erinevale j\u00e4ikusele sobib toode kehamassiindeksitele 20-35 (M1- M4)<br \/>K\u00f5rge (16 cm) 5-tsooniline taskustatud (Pocket) vedrustus: 245 vedru\/m2<br \/>Vedrumadratsit on v\u00f5imalik tellida kolme erinevat j\u00e4ikust, <br \/>traadi l\u00e4bim\u00f5\u00f5dud vastavalt: pehme 1,6\/1,8 mm, keskmine 1,8\/2,0 mm ja j\u00e4ik 1,9\/2,1mm .<br \/>Pehmenduseks HR poroloon 3 cm.<br \/>Kangas: veniv kangas, tepitud mahulise vatiiniga (200 gr\/m2).<br \/>Toote paksus 23 cm<\/p>\n","protected":false},"excerpt":{"rendered":"<p>Ideaalselt keha toetav k\u00f5rge 5-tsoonilise pocket vedrustusega madrats.K\u00f5rge 5-tsooniline pocket-vedrustus tagab vajaliku toe keha k\u00f5ikidele piirkondadele, vedruploki k\u00f5rgus annab lisamugavust ja vastupidavust. H\u00e4\u00e4letu ning s\u00f5ltumatu vedrustus tagab rahuliku une. Pehmenduseks on vetruv ja vastupidav HR poroloon. Kangas Silver Protect t\u00f6\u00f6tlusega &#8212; tolmulestade vastane, antibakteriaalne t\u00f6\u00f6tlus, antistaatiline, antiallergiline. T\u00e4nu kolmele erinevale j\u00e4ikusele sobib toode kehamassiindeksitele 20-35 [&hellip;]<\/p>\n","protected":false},"featured_media":98407,"template":"","meta":{"_acf_changed":false},"pwb-brand":[11951],"product_brand":[],"product_cat":[11599,11563,11789],"product_tag":[],"class_list":{"0":"post-453792","1":"product","2":"type-product","3":"status-publish","4":"has-post-thumbnail","6":"pwb-brand-hypnos-ru","7":"product_cat-kuni-80cm-laiused-ru","8":"product_cat-madratsid-ja-kattemadratsid-ru","9":"product_cat-lastemoobel-ja-sisustus-ru","10":"pa_manufacturer-hypnos-ru","12":"first","13":"outofstock","14":"taxable","15":"shipping-taxable","16":"purchasable","17":"product-type-simple"},"exclude_global_add_ons":false,"addons":[{"name":"Vali madratsi j\u00e4ikus","type":"multiple_choice","position":0,"required":true,"title_format":"heading","default":"","description_enable":false,"description":"","placeholder_enable":false,"placeholder":"","display":"images","restrictions_type":"any_text","adjust_price":false,"price":"","price_type":"flat_fee","restrictions":false,"min":"0","max":"0","options":[{"label":"pehme 1,6\/1,8","price":"","price_type":"quantity_based","image":500783,"visibility":true},{"label":"keskmine 1,8\/2,0 mm","price":"","price_type":"quantity_based","image":500785,"visibility":true},{"label":"j\u00e4ik 2,0\/2,1 mm","price":"","price_type":"quantity_based","image":500787,"visibility":true}]}],"acf":[],"yoast_head":"<!-- This site is optimized with the Yoast SEO plugin v27.1.1 - https:\/\/yoast.com\/product\/yoast-seo-wordpress\/ -->\n<title>Vedrumadrats Hypnos Hemera 5-zone pocket 80x200, \u041c\u0430\u0442\u0440\u0430\u0441\u044b \u0438 \u043c\u0430\u0442\u0440\u0430\u0441\u044b-\u043f\u043e\u043a\u0440\u044b\u0432\u0430\u043b\u0430, \u0428\u0438\u0440\u0438\u043d\u043e\u0439 \u0434\u043e 80 c\u043c, M\u0435\u0431\u0435\u043b\u044c, Beebipood<\/title>\n<meta name=\"description\" content=\"Vedrumadrats Hypnos Hemera 5-zone pocket 80x200, Ideaalselt keha toetav k&otilde;rge 5-tsoonilise pocket vedrustusega madrats.K&otilde;rge 5-tsooniline\" \/>\n<meta name=\"robots\" content=\"index, follow, max-snippet:-1, max-image-preview:large, max-video-preview:-1\" \/>\n<link rel=\"canonical\" href=\"https:\/\/beebipood.ee\/ru\/produkt\/vedrumadrats-hypnos-hemera-5-zone-pocket-80x200\/\" \/>\n<meta property=\"og:locale\" content=\"ru_RU\" \/>\n<meta property=\"og:type\" content=\"article\" \/>\n<meta property=\"og:title\" content=\"Vedrumadrats Hypnos Hemera 5-zone pocket 80x200, \u041c\u0430\u0442\u0440\u0430\u0441\u044b \u0438 \u043c\u0430\u0442\u0440\u0430\u0441\u044b-\u043f\u043e\u043a\u0440\u044b\u0432\u0430\u043b\u0430, \u0428\u0438\u0440\u0438\u043d\u043e\u0439 \u0434\u043e 80 c\u043c, M\u0435\u0431\u0435\u043b\u044c, Beebipood\" \/>\n<meta property=\"og:description\" content=\"Vedrumadrats Hypnos Hemera 5-zone pocket 80x200, Ideaalselt keha toetav k&otilde;rge 5-tsoonilise pocket vedrustusega madrats.K&otilde;rge 5-tsooniline\" \/>\n<meta property=\"og:url\" content=\"https:\/\/beebipood.ee\/ru\/produkt\/vedrumadrats-hypnos-hemera-5-zone-pocket-80x200\/\" \/>\n<meta property=\"og:site_name\" content=\"Beebipood\" \/>\n<meta property=\"article:modified_time\" content=\"2025-01-09T08:53:00+00:00\" \/>\n<meta property=\"og:image\" content=\"https:\/\/beebipood.ee\/wp-content\/uploads\/2013\/09\/Vedrumadrats-Hypnos-Hemera-5zone-pocket-80x200-Madratsid-ja-kattemadratsid-Kuni-80cm-laiused-Lastemoobel-ja-sisustus_1-e43.jpg\" \/>\n\t<meta property=\"og:image:width\" content=\"1502\" \/>\n\t<meta property=\"og:image:height\" content=\"1417\" \/>\n\t<meta property=\"og:image:type\" content=\"image\/jpeg\" \/>\n<meta name=\"twitter:card\" content=\"summary_large_image\" \/>\n<meta name=\"twitter:label1\" content=\"\u041f\u0440\u0438\u043c\u0435\u0440\u043d\u043e\u0435 \u0432\u0440\u0435\u043c\u044f \u0434\u043b\u044f \u0447\u0442\u0435\u043d\u0438\u044f\" \/>\n\t<meta name=\"twitter:data1\" content=\"1 \u043c\u0438\u043d\u0443\u0442\u0430\" \/>\n<script type=\"application\/ld+json\" class=\"yoast-schema-graph\">{\"@context\":\"https:\/\/schema.org\",\"@graph\":[{\"@type\":\"WebPage\",\"@id\":\"https:\/\/beebipood.ee\/ru\/produkt\/vedrumadrats-hypnos-hemera-5-zone-pocket-80x200\/\",\"url\":\"https:\/\/beebipood.ee\/ru\/produkt\/vedrumadrats-hypnos-hemera-5-zone-pocket-80x200\/\",\"name\":\"Vedrumadrats Hypnos Hemera 5-zone pocket 80x200, \u041c\u0430\u0442\u0440\u0430\u0441\u044b \u0438 \u043c\u0430\u0442\u0440\u0430\u0441\u044b-\u043f\u043e\u043a\u0440\u044b\u0432\u0430\u043b\u0430, \u0428\u0438\u0440\u0438\u043d\u043e\u0439 \u0434\u043e 80 c\u043c, M\u0435\u0431\u0435\u043b\u044c, Beebipood\",\"isPartOf\":{\"@id\":\"https:\/\/beebipood.ee\/ru\/#website\"},\"primaryImageOfPage\":{\"@id\":\"https:\/\/beebipood.ee\/ru\/produkt\/vedrumadrats-hypnos-hemera-5-zone-pocket-80x200\/#primaryimage\"},\"image\":{\"@id\":\"https:\/\/beebipood.ee\/ru\/produkt\/vedrumadrats-hypnos-hemera-5-zone-pocket-80x200\/#primaryimage\"},\"thumbnailUrl\":\"https:\/\/beebipood.ee\/wp-content\/uploads\/2013\/09\/Vedrumadrats-Hypnos-Hemera-5zone-pocket-80x200-Madratsid-ja-kattemadratsid-Kuni-80cm-laiused-Lastemoobel-ja-sisustus_1-e43.jpg\",\"datePublished\":\"2013-09-02T10:29:33+00:00\",\"dateModified\":\"2025-01-09T08:53:00+00:00\",\"description\":\"Vedrumadrats Hypnos Hemera 5-zone pocket 80x200, Ideaalselt keha toetav k&otilde;rge 5-tsoonilise pocket vedrustusega madrats.K&otilde;rge 5-tsooniline\",\"breadcrumb\":{\"@id\":\"https:\/\/beebipood.ee\/ru\/produkt\/vedrumadrats-hypnos-hemera-5-zone-pocket-80x200\/#breadcrumb\"},\"inLanguage\":\"ru-RU\",\"potentialAction\":[{\"@type\":\"ReadAction\",\"target\":[\"https:\/\/beebipood.ee\/ru\/produkt\/vedrumadrats-hypnos-hemera-5-zone-pocket-80x200\/\"]}]},{\"@type\":\"ImageObject\",\"inLanguage\":\"ru-RU\",\"@id\":\"https:\/\/beebipood.ee\/ru\/produkt\/vedrumadrats-hypnos-hemera-5-zone-pocket-80x200\/#primaryimage\",\"url\":\"https:\/\/beebipood.ee\/wp-content\/uploads\/2013\/09\/Vedrumadrats-Hypnos-Hemera-5zone-pocket-80x200-Madratsid-ja-kattemadratsid-Kuni-80cm-laiused-Lastemoobel-ja-sisustus_1-e43.jpg\",\"contentUrl\":\"https:\/\/beebipood.ee\/wp-content\/uploads\/2013\/09\/Vedrumadrats-Hypnos-Hemera-5zone-pocket-80x200-Madratsid-ja-kattemadratsid-Kuni-80cm-laiused-Lastemoobel-ja-sisustus_1-e43.jpg\",\"width\":1502,\"height\":1417},{\"@type\":\"BreadcrumbList\",\"@id\":\"https:\/\/beebipood.ee\/ru\/produkt\/vedrumadrats-hypnos-hemera-5-zone-pocket-80x200\/#breadcrumb\",\"itemListElement\":[{\"@type\":\"ListItem\",\"position\":1,\"name\":\"Home\",\"item\":\"https:\/\/beebipood.ee\/ru\/\"},{\"@type\":\"ListItem\",\"position\":2,\"name\":\"\u041a\u0430\u0442\u0430\u043b\u043e\u0433 \u0442\u043e\u0432\u0430\u0440\u043e\u0432\",\"item\":\"https:\/\/beebipood.ee\/tooted\/\"},{\"@type\":\"ListItem\",\"position\":3,\"name\":\"Vedrumadrats Hypnos Hemera 5-zone pocket 80&#215;200\"}]},{\"@type\":\"WebSite\",\"@id\":\"https:\/\/beebipood.ee\/ru\/#website\",\"url\":\"https:\/\/beebipood.ee\/ru\/\",\"name\":\"Beebipood\",\"description\":\"Lastekaubad, beebikaubad, m\u00e4nguasjad\",\"publisher\":{\"@id\":\"https:\/\/beebipood.ee\/ru\/#organization\"},\"potentialAction\":[{\"@type\":\"SearchAction\",\"target\":{\"@type\":\"EntryPoint\",\"urlTemplate\":\"https:\/\/beebipood.ee\/ru\/?s={search_term_string}\"},\"query-input\":{\"@type\":\"PropertyValueSpecification\",\"valueRequired\":true,\"valueName\":\"search_term_string\"}}],\"inLanguage\":\"ru-RU\"},{\"@type\":\"Organization\",\"@id\":\"https:\/\/beebipood.ee\/ru\/#organization\",\"name\":\"Beebipood\",\"url\":\"https:\/\/beebipood.ee\/ru\/\",\"logo\":{\"@type\":\"ImageObject\",\"inLanguage\":\"ru-RU\",\"@id\":\"https:\/\/beebipood.ee\/ru\/#\/schema\/logo\/image\/\",\"url\":\"https:\/\/beebipood.ee\/wp-content\/uploads\/2025\/03\/beebipood.ee-logo-1.svg\",\"contentUrl\":\"https:\/\/beebipood.ee\/wp-content\/uploads\/2025\/03\/beebipood.ee-logo-1.svg\",\"caption\":\"Beebipood\"},\"image\":{\"@id\":\"https:\/\/beebipood.ee\/ru\/#\/schema\/logo\/image\/\"}}]}<\/script>\n<!-- \/ Yoast SEO plugin. -->","yoast_head_json":{"title":"Vedrumadrats Hypnos Hemera 5-zone pocket 80x200, \u041c\u0430\u0442\u0440\u0430\u0441\u044b \u0438 \u043c\u0430\u0442\u0440\u0430\u0441\u044b-\u043f\u043e\u043a\u0440\u044b\u0432\u0430\u043b\u0430, \u0428\u0438\u0440\u0438\u043d\u043e\u0439 \u0434\u043e 80 c\u043c, M\u0435\u0431\u0435\u043b\u044c, Beebipood","description":"Vedrumadrats Hypnos Hemera 5-zone pocket 80x200, Ideaalselt keha toetav k&otilde;rge 5-tsoonilise pocket vedrustusega madrats.K&otilde;rge 5-tsooniline","robots":{"index":"index","follow":"follow","max-snippet":"max-snippet:-1","max-image-preview":"max-image-preview:large","max-video-preview":"max-video-preview:-1"},"canonical":"https:\/\/beebipood.ee\/ru\/produkt\/vedrumadrats-hypnos-hemera-5-zone-pocket-80x200\/","og_locale":"ru_RU","og_type":"article","og_title":"Vedrumadrats Hypnos Hemera 5-zone pocket 80x200, \u041c\u0430\u0442\u0440\u0430\u0441\u044b \u0438 \u043c\u0430\u0442\u0440\u0430\u0441\u044b-\u043f\u043e\u043a\u0440\u044b\u0432\u0430\u043b\u0430, \u0428\u0438\u0440\u0438\u043d\u043e\u0439 \u0434\u043e 80 c\u043c, M\u0435\u0431\u0435\u043b\u044c, Beebipood","og_description":"Vedrumadrats Hypnos Hemera 5-zone pocket 80x200, Ideaalselt keha toetav k&otilde;rge 5-tsoonilise pocket vedrustusega madrats.K&otilde;rge 5-tsooniline","og_url":"https:\/\/beebipood.ee\/ru\/produkt\/vedrumadrats-hypnos-hemera-5-zone-pocket-80x200\/","og_site_name":"Beebipood","article_modified_time":"2025-01-09T08:53:00+00:00","og_image":[{"width":1502,"height":1417,"url":"https:\/\/beebipood.ee\/wp-content\/uploads\/2013\/09\/Vedrumadrats-Hypnos-Hemera-5zone-pocket-80x200-Madratsid-ja-kattemadratsid-Kuni-80cm-laiused-Lastemoobel-ja-sisustus_1-e43.jpg","type":"image\/jpeg"}],"twitter_card":"summary_large_image","twitter_misc":{"\u041f\u0440\u0438\u043c\u0435\u0440\u043d\u043e\u0435 \u0432\u0440\u0435\u043c\u044f \u0434\u043b\u044f \u0447\u0442\u0435\u043d\u0438\u044f":"1 \u043c\u0438\u043d\u0443\u0442\u0430"},"schema":{"@context":"https:\/\/schema.org","@graph":[{"@type":"WebPage","@id":"https:\/\/beebipood.ee\/ru\/produkt\/vedrumadrats-hypnos-hemera-5-zone-pocket-80x200\/","url":"https:\/\/beebipood.ee\/ru\/produkt\/vedrumadrats-hypnos-hemera-5-zone-pocket-80x200\/","name":"Vedrumadrats Hypnos Hemera 5-zone pocket 80x200, \u041c\u0430\u0442\u0440\u0430\u0441\u044b \u0438 \u043c\u0430\u0442\u0440\u0430\u0441\u044b-\u043f\u043e\u043a\u0440\u044b\u0432\u0430\u043b\u0430, \u0428\u0438\u0440\u0438\u043d\u043e\u0439 \u0434\u043e 80 c\u043c, M\u0435\u0431\u0435\u043b\u044c, Beebipood","isPartOf":{"@id":"https:\/\/beebipood.ee\/ru\/#website"},"primaryImageOfPage":{"@id":"https:\/\/beebipood.ee\/ru\/produkt\/vedrumadrats-hypnos-hemera-5-zone-pocket-80x200\/#primaryimage"},"image":{"@id":"https:\/\/beebipood.ee\/ru\/produkt\/vedrumadrats-hypnos-hemera-5-zone-pocket-80x200\/#primaryimage"},"thumbnailUrl":"https:\/\/beebipood.ee\/wp-content\/uploads\/2013\/09\/Vedrumadrats-Hypnos-Hemera-5zone-pocket-80x200-Madratsid-ja-kattemadratsid-Kuni-80cm-laiused-Lastemoobel-ja-sisustus_1-e43.jpg","datePublished":"2013-09-02T10:29:33+00:00","dateModified":"2025-01-09T08:53:00+00:00","description":"Vedrumadrats Hypnos Hemera 5-zone pocket 80x200, Ideaalselt keha toetav k&otilde;rge 5-tsoonilise pocket vedrustusega madrats.K&otilde;rge 5-tsooniline","breadcrumb":{"@id":"https:\/\/beebipood.ee\/ru\/produkt\/vedrumadrats-hypnos-hemera-5-zone-pocket-80x200\/#breadcrumb"},"inLanguage":"ru-RU","potentialAction":[{"@type":"ReadAction","target":["https:\/\/beebipood.ee\/ru\/produkt\/vedrumadrats-hypnos-hemera-5-zone-pocket-80x200\/"]}]},{"@type":"ImageObject","inLanguage":"ru-RU","@id":"https:\/\/beebipood.ee\/ru\/produkt\/vedrumadrats-hypnos-hemera-5-zone-pocket-80x200\/#primaryimage","url":"https:\/\/beebipood.ee\/wp-content\/uploads\/2013\/09\/Vedrumadrats-Hypnos-Hemera-5zone-pocket-80x200-Madratsid-ja-kattemadratsid-Kuni-80cm-laiused-Lastemoobel-ja-sisustus_1-e43.jpg","contentUrl":"https:\/\/beebipood.ee\/wp-content\/uploads\/2013\/09\/Vedrumadrats-Hypnos-Hemera-5zone-pocket-80x200-Madratsid-ja-kattemadratsid-Kuni-80cm-laiused-Lastemoobel-ja-sisustus_1-e43.jpg","width":1502,"height":1417},{"@type":"BreadcrumbList","@id":"https:\/\/beebipood.ee\/ru\/produkt\/vedrumadrats-hypnos-hemera-5-zone-pocket-80x200\/#breadcrumb","itemListElement":[{"@type":"ListItem","position":1,"name":"Home","item":"https:\/\/beebipood.ee\/ru\/"},{"@type":"ListItem","position":2,"name":"\u041a\u0430\u0442\u0430\u043b\u043e\u0433 \u0442\u043e\u0432\u0430\u0440\u043e\u0432","item":"https:\/\/beebipood.ee\/tooted\/"},{"@type":"ListItem","position":3,"name":"Vedrumadrats Hypnos Hemera 5-zone pocket 80&#215;200"}]},{"@type":"WebSite","@id":"https:\/\/beebipood.ee\/ru\/#website","url":"https:\/\/beebipood.ee\/ru\/","name":"Beebipood","description":"Lastekaubad, beebikaubad, m\u00e4nguasjad","publisher":{"@id":"https:\/\/beebipood.ee\/ru\/#organization"},"potentialAction":[{"@type":"SearchAction","target":{"@type":"EntryPoint","urlTemplate":"https:\/\/beebipood.ee\/ru\/?s={search_term_string}"},"query-input":{"@type":"PropertyValueSpecification","valueRequired":true,"valueName":"search_term_string"}}],"inLanguage":"ru-RU"},{"@type":"Organization","@id":"https:\/\/beebipood.ee\/ru\/#organization","name":"Beebipood","url":"https:\/\/beebipood.ee\/ru\/","logo":{"@type":"ImageObject","inLanguage":"ru-RU","@id":"https:\/\/beebipood.ee\/ru\/#\/schema\/logo\/image\/","url":"https:\/\/beebipood.ee\/wp-content\/uploads\/2025\/03\/beebipood.ee-logo-1.svg","contentUrl":"https:\/\/beebipood.ee\/wp-content\/uploads\/2025\/03\/beebipood.ee-logo-1.svg","caption":"Beebipood"},"image":{"@id":"https:\/\/beebipood.ee\/ru\/#\/schema\/logo\/image\/"}}]}},"brands":[{"id":11951,"name":"Hypnos","slug":"hypnos-ru"}],"_links":{"self":[{"href":"https:\/\/beebipood.ee\/ru\/wp-json\/wp\/v2\/product\/453792","targetHints":{"allow":["GET"]}}],"collection":[{"href":"https:\/\/beebipood.ee\/ru\/wp-json\/wp\/v2\/product"}],"about":[{"href":"https:\/\/beebipood.ee\/ru\/wp-json\/wp\/v2\/types\/product"}],"wp:featuredmedia":[{"embeddable":true,"href":"https:\/\/beebipood.ee\/ru\/wp-json\/wp\/v2\/media\/98407"}],"wp:attachment":[{"href":"https:\/\/beebipood.ee\/ru\/wp-json\/wp\/v2\/media?parent=453792"}],"wp:term":[{"taxonomy":"pwb-brand","embeddable":true,"href":"https:\/\/beebipood.ee\/ru\/wp-json\/wp\/v2\/pwb-brand?post=453792"},{"taxonomy":"product_brand","embeddable":true,"href":"https:\/\/beebipood.ee\/ru\/wp-json\/wp\/v2\/product_brand?post=453792"},{"taxonomy":"product_cat","embeddable":true,"href":"https:\/\/beebipood.ee\/ru\/wp-json\/wp\/v2\/product_cat?post=453792"},{"taxonomy":"product_tag","embeddable":true,"href":"https:\/\/beebipood.ee\/ru\/wp-json\/wp\/v2\/product_tag?post=453792"}],"curies":[{"name":"wp","href":"https:\/\/api.w.org\/{rel}","templated":true}]}}