{"id":453802,"date":"2013-09-02T13:29:37","date_gmt":"2013-09-02T10:29:37","guid":{"rendered":"https:\/\/beebipood.ee\/toode\/babymoov-koogikombain-nutribaby-plus-soft-white\/"},"modified":"2025-01-09T10:52:59","modified_gmt":"2025-01-09T08:52:59","slug":"babymoov-koogikombain-nutribaby-plus-soft-white","status":"publish","type":"product","link":"https:\/\/beebipood.ee\/ru\/produkt\/babymoov-koogikombain-nutribaby-plus-soft-white\/","title":{"rendered":"Babymoov Nutribaby Plus k\u00f6\u00f6gikombain, Soft White"},"content":{"rendered":"<p>Babymoov Nutribaby Plus k\u00f6\u00f6gikombain aitab valmistada tasakaalustatud <br \/>ja mitmekesiseid eineid, hoides kokku v\u00e4\u00e4rtusliku aega. <br \/>Selle funktsioonide hulka kuuluvad ka lutipudelite soojendamine, <br \/>steriliseerimine ning toiduainete sulatamine. <br \/>Koostisosade eraldi aurutamine aitab s\u00e4ilitada nendes sisalduvat rauda <br \/>ning C-vitamiine. Raua ning C-vitamiini kooslus on lapseootel emadele <br \/>ning beebidele v\u00e4ga oluline, kuna C-vitamiin aitab kehal imendada rauda <br \/>ning koost\u00f6\u00f6s v\u00f5idelda nakkustega.<br \/><span style=\"text-decoration: underline;\"><br \/>Omadused<\/span><br \/>4 seadet \u00fches: lutipudeli soojendaja, steriliseerija, auruti ja blender<br \/>XXL mahutavus: 2200ml (auruti 1500ml, blender 700ml): <br \/>\u00fche ts\u00fckliga on v\u00f5imalik valmistada eine kogu perele v\u00f5i kogu n\u00e4dala jagu beebitoitu<br \/>Areneb koos sinu vajadustega: aurutit on v\u00f5imalik kasutada ka eraldi (ideaalne enne lapse s\u00fcndi)<br \/>2 eraldiseisvat aurutit (v\u00f5imalik valmistada k\u00f5ike: puuviljad, k\u00f6\u00f6giviljad, kala, liha, pasta, munad jne.)<br \/>Automaatne taimer<br \/>S\u00e4ilitab k\u00fcpsetusvedeliku, et seda hiljem kasutada p\u00fcreedes v\u00f5i suppides<br \/>Blenderil 3 kiirust<br \/>V\u00f5imalik kasutada blenderit ja aurutit samaaegselt<br \/>Intuitiivne konsool: 1 nupp = 1 funktsioon<br \/>Lihtne kasutada: 10 eelprogrammeeritud funktsiooni (visuaalsed ja helisignaalidega hoiatused)<br \/>Eemaldatavad osad, mida on v\u00f5imalik pesta ka n\u00f5udepesumasinas (korvid, kandikud, blenderi tera)<br \/>Lihtne hoiustada t\u00e4nu kompaktsele disainile ja eemaldatavatele detailidele<br \/>V\u00f5imalik kohandada vastavalt oma soovile t\u00e4nu erinevatele konsooli v\u00e4rvidele (m\u00fc\u00fcgil eraldi)<br \/>BPA vabad detailid<br \/>Eluaegne garantii<br \/><span style=\"text-decoration: underline;\">N\u00e4itajad<\/span><br \/>M\u00f5\u00f5dud: 36 x 20 x 26cm<br \/>Kaal: 2,94kg<br \/>V\u00f5imsus: 230V<br \/>Lisaks<br \/>Erinevad retseptid saadaval kodulehel: https:\/\/www.cookingbabyfood.com\/<br \/>V\u00f5imalik laadida alla ka spetsiaalne rakendus siit!<\/p>\n","protected":false},"excerpt":{"rendered":"<p>Babymoov Nutribaby Plus k\u00f6\u00f6gikombain aitab valmistada tasakaalustatud ja mitmekesiseid eineid, hoides kokku v\u00e4\u00e4rtusliku aega. Selle funktsioonide hulka kuuluvad ka lutipudelite soojendamine, steriliseerimine ning toiduainete sulatamine. Koostisosade eraldi aurutamine aitab s\u00e4ilitada nendes sisalduvat rauda ning C-vitamiine. Raua ning C-vitamiini kooslus on lapseootel emadele ning beebidele v\u00e4ga oluline, kuna C-vitamiin aitab kehal imendada rauda ning koost\u00f6\u00f6s v\u00f5idelda [&hellip;]<\/p>\n","protected":false},"featured_media":98412,"template":"","meta":{"_acf_changed":false},"pwb-brand":[11976],"product_brand":[],"product_cat":[11709,11883],"product_tag":[],"class_list":{"0":"post-453802","1":"product","2":"type-product","3":"status-publish","4":"has-post-thumbnail","6":"pwb-brand-babymoov-ru","7":"product_cat-sootmistoolid-beebi-ja-lastetarbed-mahkimine-hugieen-ru","8":"product_cat-toidu-valmistamine-ru","9":"pa_manufacturer-babymoov-ru","11":"first","12":"onbackorder","13":"taxable","14":"shipping-taxable","15":"purchasable","16":"product-type-simple"},"exclude_global_add_ons":[],"addons":[],"acf":[],"yoast_head":"<!-- This site is optimized with the Yoast SEO plugin v27.1.1 - https:\/\/yoast.com\/product\/yoast-seo-wordpress\/ -->\n<title>Babymoov Nutribaby Plus k\u00f6\u00f6gikombain, Soft White, \u0421\u041a\u0418\u0414\u041a\u0418, \u041f\u0440\u0438\u043d\u0430\u0434\u043b\u0435\u0436\u043d\u043e\u0441\u0442\u0438 \u0434\u043b\u044f \u043c\u043b\u0430\u0434\u0435\u043d\u0446\u0435\u0432, \u041f\u0440\u0438\u0433\u043e\u0442\u043e\u0432\u043b\u0435\u043d\u0438\u0435 , Beebipood<\/title>\n<meta name=\"description\" content=\"Babymoov Nutribaby Plus k\u00f6\u00f6gikombain, Soft White, Babymoov Nutribaby Plus k&ouml;&ouml;gikombain aitab valmistada tasakaalustatud ja mitmekesiseid ei\" \/>\n<meta name=\"robots\" content=\"index, follow, max-snippet:-1, max-image-preview:large, max-video-preview:-1\" \/>\n<link rel=\"canonical\" href=\"https:\/\/beebipood.ee\/ru\/produkt\/babymoov-koogikombain-nutribaby-plus-soft-white\/\" \/>\n<meta property=\"og:locale\" content=\"ru_RU\" \/>\n<meta property=\"og:type\" content=\"article\" \/>\n<meta property=\"og:title\" content=\"Babymoov Nutribaby Plus k\u00f6\u00f6gikombain, Soft White, \u0421\u041a\u0418\u0414\u041a\u0418, \u041f\u0440\u0438\u043d\u0430\u0434\u043b\u0435\u0436\u043d\u043e\u0441\u0442\u0438 \u0434\u043b\u044f \u043c\u043b\u0430\u0434\u0435\u043d\u0446\u0435\u0432, \u041f\u0440\u0438\u0433\u043e\u0442\u043e\u0432\u043b\u0435\u043d\u0438\u0435 , Beebipood\" \/>\n<meta property=\"og:description\" content=\"Babymoov Nutribaby Plus k\u00f6\u00f6gikombain, Soft White, Babymoov Nutribaby Plus k&ouml;&ouml;gikombain aitab valmistada tasakaalustatud ja mitmekesiseid ei\" \/>\n<meta property=\"og:url\" content=\"https:\/\/beebipood.ee\/ru\/produkt\/babymoov-koogikombain-nutribaby-plus-soft-white\/\" \/>\n<meta property=\"og:site_name\" content=\"Beebipood\" \/>\n<meta property=\"article:modified_time\" content=\"2025-01-09T08:52:59+00:00\" \/>\n<meta property=\"og:image\" content=\"https:\/\/beebipood.ee\/wp-content\/uploads\/2013\/09\/Babymoov-koogikombain-Nutribaby-Plus-Soft-White-Madratsid-ja-kattemadratsid-Kuni-80cm-laiused_8-f66.jpg\" \/>\n\t<meta property=\"og:image:width\" content=\"1595\" \/>\n\t<meta property=\"og:image:height\" content=\"1022\" \/>\n\t<meta property=\"og:image:type\" content=\"image\/jpeg\" \/>\n<meta name=\"twitter:card\" content=\"summary_large_image\" \/>\n<meta name=\"twitter:label1\" content=\"\u041f\u0440\u0438\u043c\u0435\u0440\u043d\u043e\u0435 \u0432\u0440\u0435\u043c\u044f \u0434\u043b\u044f \u0447\u0442\u0435\u043d\u0438\u044f\" \/>\n\t<meta name=\"twitter:data1\" content=\"1 \u043c\u0438\u043d\u0443\u0442\u0430\" \/>\n<script type=\"application\/ld+json\" class=\"yoast-schema-graph\">{\"@context\":\"https:\/\/schema.org\",\"@graph\":[{\"@type\":\"WebPage\",\"@id\":\"https:\/\/beebipood.ee\/ru\/produkt\/babymoov-koogikombain-nutribaby-plus-soft-white\/\",\"url\":\"https:\/\/beebipood.ee\/ru\/produkt\/babymoov-koogikombain-nutribaby-plus-soft-white\/\",\"name\":\"Babymoov Nutribaby Plus k\u00f6\u00f6gikombain, Soft White, \u0421\u041a\u0418\u0414\u041a\u0418, \u041f\u0440\u0438\u043d\u0430\u0434\u043b\u0435\u0436\u043d\u043e\u0441\u0442\u0438 \u0434\u043b\u044f \u043c\u043b\u0430\u0434\u0435\u043d\u0446\u0435\u0432, \u041f\u0440\u0438\u0433\u043e\u0442\u043e\u0432\u043b\u0435\u043d\u0438\u0435 , Beebipood\",\"isPartOf\":{\"@id\":\"https:\/\/beebipood.ee\/ru\/#website\"},\"primaryImageOfPage\":{\"@id\":\"https:\/\/beebipood.ee\/ru\/produkt\/babymoov-koogikombain-nutribaby-plus-soft-white\/#primaryimage\"},\"image\":{\"@id\":\"https:\/\/beebipood.ee\/ru\/produkt\/babymoov-koogikombain-nutribaby-plus-soft-white\/#primaryimage\"},\"thumbnailUrl\":\"https:\/\/beebipood.ee\/wp-content\/uploads\/2013\/09\/Babymoov-koogikombain-Nutribaby-Plus-Soft-White-Madratsid-ja-kattemadratsid-Kuni-80cm-laiused_8-f66.jpg\",\"datePublished\":\"2013-09-02T10:29:37+00:00\",\"dateModified\":\"2025-01-09T08:52:59+00:00\",\"description\":\"Babymoov Nutribaby Plus k\u00f6\u00f6gikombain, Soft White, Babymoov Nutribaby Plus k&ouml;&ouml;gikombain aitab valmistada tasakaalustatud ja mitmekesiseid ei\",\"breadcrumb\":{\"@id\":\"https:\/\/beebipood.ee\/ru\/produkt\/babymoov-koogikombain-nutribaby-plus-soft-white\/#breadcrumb\"},\"inLanguage\":\"ru-RU\",\"potentialAction\":[{\"@type\":\"ReadAction\",\"target\":[\"https:\/\/beebipood.ee\/ru\/produkt\/babymoov-koogikombain-nutribaby-plus-soft-white\/\"]}]},{\"@type\":\"ImageObject\",\"inLanguage\":\"ru-RU\",\"@id\":\"https:\/\/beebipood.ee\/ru\/produkt\/babymoov-koogikombain-nutribaby-plus-soft-white\/#primaryimage\",\"url\":\"https:\/\/beebipood.ee\/wp-content\/uploads\/2013\/09\/Babymoov-koogikombain-Nutribaby-Plus-Soft-White-Madratsid-ja-kattemadratsid-Kuni-80cm-laiused_8-f66.jpg\",\"contentUrl\":\"https:\/\/beebipood.ee\/wp-content\/uploads\/2013\/09\/Babymoov-koogikombain-Nutribaby-Plus-Soft-White-Madratsid-ja-kattemadratsid-Kuni-80cm-laiused_8-f66.jpg\",\"width\":1595,\"height\":1022},{\"@type\":\"BreadcrumbList\",\"@id\":\"https:\/\/beebipood.ee\/ru\/produkt\/babymoov-koogikombain-nutribaby-plus-soft-white\/#breadcrumb\",\"itemListElement\":[{\"@type\":\"ListItem\",\"position\":1,\"name\":\"Home\",\"item\":\"https:\/\/beebipood.ee\/ru\/\"},{\"@type\":\"ListItem\",\"position\":2,\"name\":\"\u041a\u0430\u0442\u0430\u043b\u043e\u0433 \u0442\u043e\u0432\u0430\u0440\u043e\u0432\",\"item\":\"https:\/\/beebipood.ee\/tooted\/\"},{\"@type\":\"ListItem\",\"position\":3,\"name\":\"Babymoov Nutribaby Plus k\u00f6\u00f6gikombain, Soft White\"}]},{\"@type\":\"WebSite\",\"@id\":\"https:\/\/beebipood.ee\/ru\/#website\",\"url\":\"https:\/\/beebipood.ee\/ru\/\",\"name\":\"Beebipood\",\"description\":\"Lastekaubad, beebikaubad, m\u00e4nguasjad\",\"publisher\":{\"@id\":\"https:\/\/beebipood.ee\/ru\/#organization\"},\"potentialAction\":[{\"@type\":\"SearchAction\",\"target\":{\"@type\":\"EntryPoint\",\"urlTemplate\":\"https:\/\/beebipood.ee\/ru\/?s={search_term_string}\"},\"query-input\":{\"@type\":\"PropertyValueSpecification\",\"valueRequired\":true,\"valueName\":\"search_term_string\"}}],\"inLanguage\":\"ru-RU\"},{\"@type\":\"Organization\",\"@id\":\"https:\/\/beebipood.ee\/ru\/#organization\",\"name\":\"Beebipood\",\"url\":\"https:\/\/beebipood.ee\/ru\/\",\"logo\":{\"@type\":\"ImageObject\",\"inLanguage\":\"ru-RU\",\"@id\":\"https:\/\/beebipood.ee\/ru\/#\/schema\/logo\/image\/\",\"url\":\"https:\/\/beebipood.ee\/wp-content\/uploads\/2025\/03\/beebipood.ee-logo-1.svg\",\"contentUrl\":\"https:\/\/beebipood.ee\/wp-content\/uploads\/2025\/03\/beebipood.ee-logo-1.svg\",\"caption\":\"Beebipood\"},\"image\":{\"@id\":\"https:\/\/beebipood.ee\/ru\/#\/schema\/logo\/image\/\"}}]}<\/script>\n<!-- \/ Yoast SEO plugin. -->","yoast_head_json":{"title":"Babymoov Nutribaby Plus k\u00f6\u00f6gikombain, Soft White, \u0421\u041a\u0418\u0414\u041a\u0418, \u041f\u0440\u0438\u043d\u0430\u0434\u043b\u0435\u0436\u043d\u043e\u0441\u0442\u0438 \u0434\u043b\u044f \u043c\u043b\u0430\u0434\u0435\u043d\u0446\u0435\u0432, \u041f\u0440\u0438\u0433\u043e\u0442\u043e\u0432\u043b\u0435\u043d\u0438\u0435 , Beebipood","description":"Babymoov Nutribaby Plus k\u00f6\u00f6gikombain, Soft White, Babymoov Nutribaby Plus k&ouml;&ouml;gikombain aitab valmistada tasakaalustatud ja mitmekesiseid ei","robots":{"index":"index","follow":"follow","max-snippet":"max-snippet:-1","max-image-preview":"max-image-preview:large","max-video-preview":"max-video-preview:-1"},"canonical":"https:\/\/beebipood.ee\/ru\/produkt\/babymoov-koogikombain-nutribaby-plus-soft-white\/","og_locale":"ru_RU","og_type":"article","og_title":"Babymoov Nutribaby Plus k\u00f6\u00f6gikombain, Soft White, \u0421\u041a\u0418\u0414\u041a\u0418, \u041f\u0440\u0438\u043d\u0430\u0434\u043b\u0435\u0436\u043d\u043e\u0441\u0442\u0438 \u0434\u043b\u044f \u043c\u043b\u0430\u0434\u0435\u043d\u0446\u0435\u0432, \u041f\u0440\u0438\u0433\u043e\u0442\u043e\u0432\u043b\u0435\u043d\u0438\u0435 , Beebipood","og_description":"Babymoov Nutribaby Plus k\u00f6\u00f6gikombain, Soft White, Babymoov Nutribaby Plus k&ouml;&ouml;gikombain aitab valmistada tasakaalustatud ja mitmekesiseid ei","og_url":"https:\/\/beebipood.ee\/ru\/produkt\/babymoov-koogikombain-nutribaby-plus-soft-white\/","og_site_name":"Beebipood","article_modified_time":"2025-01-09T08:52:59+00:00","og_image":[{"width":1595,"height":1022,"url":"https:\/\/beebipood.ee\/wp-content\/uploads\/2013\/09\/Babymoov-koogikombain-Nutribaby-Plus-Soft-White-Madratsid-ja-kattemadratsid-Kuni-80cm-laiused_8-f66.jpg","type":"image\/jpeg"}],"twitter_card":"summary_large_image","twitter_misc":{"\u041f\u0440\u0438\u043c\u0435\u0440\u043d\u043e\u0435 \u0432\u0440\u0435\u043c\u044f \u0434\u043b\u044f \u0447\u0442\u0435\u043d\u0438\u044f":"1 \u043c\u0438\u043d\u0443\u0442\u0430"},"schema":{"@context":"https:\/\/schema.org","@graph":[{"@type":"WebPage","@id":"https:\/\/beebipood.ee\/ru\/produkt\/babymoov-koogikombain-nutribaby-plus-soft-white\/","url":"https:\/\/beebipood.ee\/ru\/produkt\/babymoov-koogikombain-nutribaby-plus-soft-white\/","name":"Babymoov Nutribaby Plus k\u00f6\u00f6gikombain, Soft White, \u0421\u041a\u0418\u0414\u041a\u0418, \u041f\u0440\u0438\u043d\u0430\u0434\u043b\u0435\u0436\u043d\u043e\u0441\u0442\u0438 \u0434\u043b\u044f \u043c\u043b\u0430\u0434\u0435\u043d\u0446\u0435\u0432, \u041f\u0440\u0438\u0433\u043e\u0442\u043e\u0432\u043b\u0435\u043d\u0438\u0435 , Beebipood","isPartOf":{"@id":"https:\/\/beebipood.ee\/ru\/#website"},"primaryImageOfPage":{"@id":"https:\/\/beebipood.ee\/ru\/produkt\/babymoov-koogikombain-nutribaby-plus-soft-white\/#primaryimage"},"image":{"@id":"https:\/\/beebipood.ee\/ru\/produkt\/babymoov-koogikombain-nutribaby-plus-soft-white\/#primaryimage"},"thumbnailUrl":"https:\/\/beebipood.ee\/wp-content\/uploads\/2013\/09\/Babymoov-koogikombain-Nutribaby-Plus-Soft-White-Madratsid-ja-kattemadratsid-Kuni-80cm-laiused_8-f66.jpg","datePublished":"2013-09-02T10:29:37+00:00","dateModified":"2025-01-09T08:52:59+00:00","description":"Babymoov Nutribaby Plus k\u00f6\u00f6gikombain, Soft White, Babymoov Nutribaby Plus k&ouml;&ouml;gikombain aitab valmistada tasakaalustatud ja mitmekesiseid ei","breadcrumb":{"@id":"https:\/\/beebipood.ee\/ru\/produkt\/babymoov-koogikombain-nutribaby-plus-soft-white\/#breadcrumb"},"inLanguage":"ru-RU","potentialAction":[{"@type":"ReadAction","target":["https:\/\/beebipood.ee\/ru\/produkt\/babymoov-koogikombain-nutribaby-plus-soft-white\/"]}]},{"@type":"ImageObject","inLanguage":"ru-RU","@id":"https:\/\/beebipood.ee\/ru\/produkt\/babymoov-koogikombain-nutribaby-plus-soft-white\/#primaryimage","url":"https:\/\/beebipood.ee\/wp-content\/uploads\/2013\/09\/Babymoov-koogikombain-Nutribaby-Plus-Soft-White-Madratsid-ja-kattemadratsid-Kuni-80cm-laiused_8-f66.jpg","contentUrl":"https:\/\/beebipood.ee\/wp-content\/uploads\/2013\/09\/Babymoov-koogikombain-Nutribaby-Plus-Soft-White-Madratsid-ja-kattemadratsid-Kuni-80cm-laiused_8-f66.jpg","width":1595,"height":1022},{"@type":"BreadcrumbList","@id":"https:\/\/beebipood.ee\/ru\/produkt\/babymoov-koogikombain-nutribaby-plus-soft-white\/#breadcrumb","itemListElement":[{"@type":"ListItem","position":1,"name":"Home","item":"https:\/\/beebipood.ee\/ru\/"},{"@type":"ListItem","position":2,"name":"\u041a\u0430\u0442\u0430\u043b\u043e\u0433 \u0442\u043e\u0432\u0430\u0440\u043e\u0432","item":"https:\/\/beebipood.ee\/tooted\/"},{"@type":"ListItem","position":3,"name":"Babymoov Nutribaby Plus k\u00f6\u00f6gikombain, Soft White"}]},{"@type":"WebSite","@id":"https:\/\/beebipood.ee\/ru\/#website","url":"https:\/\/beebipood.ee\/ru\/","name":"Beebipood","description":"Lastekaubad, beebikaubad, m\u00e4nguasjad","publisher":{"@id":"https:\/\/beebipood.ee\/ru\/#organization"},"potentialAction":[{"@type":"SearchAction","target":{"@type":"EntryPoint","urlTemplate":"https:\/\/beebipood.ee\/ru\/?s={search_term_string}"},"query-input":{"@type":"PropertyValueSpecification","valueRequired":true,"valueName":"search_term_string"}}],"inLanguage":"ru-RU"},{"@type":"Organization","@id":"https:\/\/beebipood.ee\/ru\/#organization","name":"Beebipood","url":"https:\/\/beebipood.ee\/ru\/","logo":{"@type":"ImageObject","inLanguage":"ru-RU","@id":"https:\/\/beebipood.ee\/ru\/#\/schema\/logo\/image\/","url":"https:\/\/beebipood.ee\/wp-content\/uploads\/2025\/03\/beebipood.ee-logo-1.svg","contentUrl":"https:\/\/beebipood.ee\/wp-content\/uploads\/2025\/03\/beebipood.ee-logo-1.svg","caption":"Beebipood"},"image":{"@id":"https:\/\/beebipood.ee\/ru\/#\/schema\/logo\/image\/"}}]}},"brands":[{"id":11976,"name":"Babymoov","slug":"babymoov-ru"}],"_links":{"self":[{"href":"https:\/\/beebipood.ee\/ru\/wp-json\/wp\/v2\/product\/453802","targetHints":{"allow":["GET"]}}],"collection":[{"href":"https:\/\/beebipood.ee\/ru\/wp-json\/wp\/v2\/product"}],"about":[{"href":"https:\/\/beebipood.ee\/ru\/wp-json\/wp\/v2\/types\/product"}],"wp:featuredmedia":[{"embeddable":true,"href":"https:\/\/beebipood.ee\/ru\/wp-json\/wp\/v2\/media\/98412"}],"wp:attachment":[{"href":"https:\/\/beebipood.ee\/ru\/wp-json\/wp\/v2\/media?parent=453802"}],"wp:term":[{"taxonomy":"pwb-brand","embeddable":true,"href":"https:\/\/beebipood.ee\/ru\/wp-json\/wp\/v2\/pwb-brand?post=453802"},{"taxonomy":"product_brand","embeddable":true,"href":"https:\/\/beebipood.ee\/ru\/wp-json\/wp\/v2\/product_brand?post=453802"},{"taxonomy":"product_cat","embeddable":true,"href":"https:\/\/beebipood.ee\/ru\/wp-json\/wp\/v2\/product_cat?post=453802"},{"taxonomy":"product_tag","embeddable":true,"href":"https:\/\/beebipood.ee\/ru\/wp-json\/wp\/v2\/product_tag?post=453802"}],"curies":[{"name":"wp","href":"https:\/\/api.w.org\/{rel}","templated":true}]}}