{"id":453804,"date":"2013-09-02T13:29:37","date_gmt":"2013-09-02T10:29:37","guid":{"rendered":"https:\/\/beebipood.ee\/toode\/babymoov-lutipudeli-soojendaja-koju-ja-autosse-tulp\/"},"modified":"2025-01-09T10:52:59","modified_gmt":"2025-01-09T08:52:59","slug":"babymoov-lutipudeli-soojendaja-koju-ja-autosse-tulp","status":"publish","type":"product","link":"https:\/\/beebipood.ee\/ru\/produkt\/babymoov-lutipudeli-soojendaja-koju-ja-autosse-tulp\/","title":{"rendered":"Babymoov pudelisoojendaja NutriSmart koju ja autosse"},"content":{"rendered":"<p>NutriSmart pudelisoojendaja on m\u00f5eldud lutipudelite, <br \/>toidupurkide, p\u00fcreede jms soojendamiseks nii kodus kui ka autos.<br \/>Mitu erinevat re\u017eiimi, mis v\u00f5imaldab sul optimaalse ajakuluga <br \/>soojendada soovitud toitu v\u00f5i piima.<\/p>\n<p><span style=\"text-decoration: underline;\">Praktiline<\/span><br \/>Sisesta kogus ja soovitud temperatuur milleni piima soovid soojendada. <br \/>NutriSmart seab seej\u00e4rel automaatselt k\u00f5ige optimaalsema aja <br \/>arvestades sisestatuad informatsiooni, et hoida toitaineid ning tagada t\u00e4iuslik <br \/>ja turvaline soojendamine v\u00f5i sulatamine.<br \/><span style=\"text-decoration: underline;\">S\u00e4ilitab rinnapiima toitained<\/span><br \/>NutriSmart pudelisoojendaja &#171;bain-marie&#187; funktsioon (65\u00b0C max) <br \/>soojendab piima aeglaselt ja \u00fchtlaselt<br \/><span style=\"text-decoration: underline;\">Kiire<\/span><br \/>Aurutamisfunktsioon suudab 65ml vett soojendada 80 sekundiga 37\u00b0C juurde<br \/><span style=\"text-decoration: underline;\">Programmeeritav<\/span><br \/>Eelseadistatud programm pudeli soojendamiseks tulevikus (kuni 12 tundi ette). <br \/>Ideaalne \u00f6iseks s\u00f6\u00f6tmiseks v\u00f5i hommikuks (soe pudel valmis vastavaks ajaks)<br \/>Soojashoidmise funktsioon<br \/>Hoiab pudelit v\u00f5i purki ideaalsel temperatuuril (37\u00b0C) kuni 1 tund<br \/><span style=\"text-decoration: underline;\">N\u00e4itajad<\/span><br \/>M\u00f5\u00f5dud 16, 5 x 12 x 13cm (k\u00f5rgus, laius, s\u00fcgavus)<br \/>Komplektis kaasas ka autoadapter<br \/>Sobib kasutamiseks purkidele diameetriga kuni 8cm<\/p>\n","protected":false},"excerpt":{"rendered":"<p>NutriSmart pudelisoojendaja on m\u00f5eldud lutipudelite, toidupurkide, p\u00fcreede jms soojendamiseks nii kodus kui ka autos.Mitu erinevat re\u017eiimi, mis v\u00f5imaldab sul optimaalse ajakuluga soojendada soovitud toitu v\u00f5i piima. PraktilineSisesta kogus ja soovitud temperatuur milleni piima soovid soojendada. NutriSmart seab seej\u00e4rel automaatselt k\u00f5ige optimaalsema aja arvestades sisestatuad informatsiooni, et hoida toitaineid ning tagada t\u00e4iuslik ja turvaline soojendamine v\u00f5i [&hellip;]<\/p>\n","protected":false},"featured_media":98420,"template":"","meta":{"_acf_changed":false},"pwb-brand":[11976],"product_brand":[],"product_cat":[11709,11883],"product_tag":[],"class_list":{"0":"post-453804","1":"product","2":"type-product","3":"status-publish","4":"has-post-thumbnail","6":"pwb-brand-babymoov-ru","7":"product_cat-sootmistoolid-beebi-ja-lastetarbed-mahkimine-hugieen-ru","8":"product_cat-toidu-valmistamine-ru","9":"pa_manufacturer-babymoov-ru","11":"first","12":"onbackorder","13":"taxable","14":"shipping-taxable","15":"purchasable","16":"product-type-simple"},"exclude_global_add_ons":[],"addons":[],"acf":[],"yoast_head":"<!-- This site is optimized with the Yoast SEO plugin v27.1.1 - https:\/\/yoast.com\/product\/yoast-seo-wordpress\/ -->\n<title>Babymoov pudelisoojendaja NutriSmart koju ja autosse, \u0421\u041a\u0418\u0414\u041a\u0418, \u041f\u0440\u0438\u043d\u0430\u0434\u043b\u0435\u0436\u043d\u043e\u0441\u0442\u0438 \u0434\u043b\u044f \u043c\u043b\u0430\u0434\u0435\u043d\u0446\u0435\u0432, \u041f\u0440\u0438\u0433\u043e\u0442\u043e\u0432\u043b\u0435\u043d\u0438\u0435 , Beebipood<\/title>\n<meta name=\"description\" content=\"Babymoov pudelisoojendaja NutriSmart koju ja autosse, NutriSmart pudelisoojendaja on m&otilde;eldud lutipudelite, toidupurkide, p&uuml;reede jms soojen\" \/>\n<meta name=\"robots\" content=\"index, follow, max-snippet:-1, max-image-preview:large, max-video-preview:-1\" \/>\n<link rel=\"canonical\" href=\"https:\/\/beebipood.ee\/ru\/produkt\/babymoov-lutipudeli-soojendaja-koju-ja-autosse-tulp\/\" \/>\n<meta property=\"og:locale\" content=\"ru_RU\" \/>\n<meta property=\"og:type\" content=\"article\" \/>\n<meta property=\"og:title\" content=\"Babymoov pudelisoojendaja NutriSmart koju ja autosse, \u0421\u041a\u0418\u0414\u041a\u0418, \u041f\u0440\u0438\u043d\u0430\u0434\u043b\u0435\u0436\u043d\u043e\u0441\u0442\u0438 \u0434\u043b\u044f \u043c\u043b\u0430\u0434\u0435\u043d\u0446\u0435\u0432, \u041f\u0440\u0438\u0433\u043e\u0442\u043e\u0432\u043b\u0435\u043d\u0438\u0435 , Beebipood\" \/>\n<meta property=\"og:description\" content=\"Babymoov pudelisoojendaja NutriSmart koju ja autosse, NutriSmart pudelisoojendaja on m&otilde;eldud lutipudelite, toidupurkide, p&uuml;reede jms soojen\" \/>\n<meta property=\"og:url\" content=\"https:\/\/beebipood.ee\/ru\/produkt\/babymoov-lutipudeli-soojendaja-koju-ja-autosse-tulp\/\" \/>\n<meta property=\"og:site_name\" content=\"Beebipood\" \/>\n<meta property=\"article:modified_time\" content=\"2025-01-09T08:52:59+00:00\" \/>\n<meta property=\"og:image\" content=\"https:\/\/beebipood.ee\/wp-content\/uploads\/2013\/09\/Babymoov-pudelisoojendaja-NutriSmart-koju-ja-autosse-UUED-TOOTED-Beebi-ja-lastetarbed-Toiduvalmistamine_2-a48.jpg\" \/>\n\t<meta property=\"og:image:width\" content=\"1200\" \/>\n\t<meta property=\"og:image:height\" content=\"1200\" \/>\n\t<meta property=\"og:image:type\" content=\"image\/jpeg\" \/>\n<meta name=\"twitter:card\" content=\"summary_large_image\" \/>\n<meta name=\"twitter:label1\" content=\"\u041f\u0440\u0438\u043c\u0435\u0440\u043d\u043e\u0435 \u0432\u0440\u0435\u043c\u044f \u0434\u043b\u044f \u0447\u0442\u0435\u043d\u0438\u044f\" \/>\n\t<meta name=\"twitter:data1\" content=\"1 \u043c\u0438\u043d\u0443\u0442\u0430\" \/>\n<script type=\"application\/ld+json\" class=\"yoast-schema-graph\">{\"@context\":\"https:\/\/schema.org\",\"@graph\":[{\"@type\":\"WebPage\",\"@id\":\"https:\/\/beebipood.ee\/ru\/produkt\/babymoov-lutipudeli-soojendaja-koju-ja-autosse-tulp\/\",\"url\":\"https:\/\/beebipood.ee\/ru\/produkt\/babymoov-lutipudeli-soojendaja-koju-ja-autosse-tulp\/\",\"name\":\"Babymoov pudelisoojendaja NutriSmart koju ja autosse, \u0421\u041a\u0418\u0414\u041a\u0418, \u041f\u0440\u0438\u043d\u0430\u0434\u043b\u0435\u0436\u043d\u043e\u0441\u0442\u0438 \u0434\u043b\u044f \u043c\u043b\u0430\u0434\u0435\u043d\u0446\u0435\u0432, \u041f\u0440\u0438\u0433\u043e\u0442\u043e\u0432\u043b\u0435\u043d\u0438\u0435 , Beebipood\",\"isPartOf\":{\"@id\":\"https:\/\/beebipood.ee\/ru\/#website\"},\"primaryImageOfPage\":{\"@id\":\"https:\/\/beebipood.ee\/ru\/produkt\/babymoov-lutipudeli-soojendaja-koju-ja-autosse-tulp\/#primaryimage\"},\"image\":{\"@id\":\"https:\/\/beebipood.ee\/ru\/produkt\/babymoov-lutipudeli-soojendaja-koju-ja-autosse-tulp\/#primaryimage\"},\"thumbnailUrl\":\"https:\/\/beebipood.ee\/wp-content\/uploads\/2013\/09\/Babymoov-pudelisoojendaja-NutriSmart-koju-ja-autosse-UUED-TOOTED-Beebi-ja-lastetarbed-Toiduvalmistamine_2-a48.jpg\",\"datePublished\":\"2013-09-02T10:29:37+00:00\",\"dateModified\":\"2025-01-09T08:52:59+00:00\",\"description\":\"Babymoov pudelisoojendaja NutriSmart koju ja autosse, NutriSmart pudelisoojendaja on m&otilde;eldud lutipudelite, toidupurkide, p&uuml;reede jms soojen\",\"breadcrumb\":{\"@id\":\"https:\/\/beebipood.ee\/ru\/produkt\/babymoov-lutipudeli-soojendaja-koju-ja-autosse-tulp\/#breadcrumb\"},\"inLanguage\":\"ru-RU\",\"potentialAction\":[{\"@type\":\"ReadAction\",\"target\":[\"https:\/\/beebipood.ee\/ru\/produkt\/babymoov-lutipudeli-soojendaja-koju-ja-autosse-tulp\/\"]}]},{\"@type\":\"ImageObject\",\"inLanguage\":\"ru-RU\",\"@id\":\"https:\/\/beebipood.ee\/ru\/produkt\/babymoov-lutipudeli-soojendaja-koju-ja-autosse-tulp\/#primaryimage\",\"url\":\"https:\/\/beebipood.ee\/wp-content\/uploads\/2013\/09\/Babymoov-pudelisoojendaja-NutriSmart-koju-ja-autosse-UUED-TOOTED-Beebi-ja-lastetarbed-Toiduvalmistamine_2-a48.jpg\",\"contentUrl\":\"https:\/\/beebipood.ee\/wp-content\/uploads\/2013\/09\/Babymoov-pudelisoojendaja-NutriSmart-koju-ja-autosse-UUED-TOOTED-Beebi-ja-lastetarbed-Toiduvalmistamine_2-a48.jpg\",\"width\":1200,\"height\":1200},{\"@type\":\"BreadcrumbList\",\"@id\":\"https:\/\/beebipood.ee\/ru\/produkt\/babymoov-lutipudeli-soojendaja-koju-ja-autosse-tulp\/#breadcrumb\",\"itemListElement\":[{\"@type\":\"ListItem\",\"position\":1,\"name\":\"Home\",\"item\":\"https:\/\/beebipood.ee\/ru\/\"},{\"@type\":\"ListItem\",\"position\":2,\"name\":\"\u041a\u0430\u0442\u0430\u043b\u043e\u0433 \u0442\u043e\u0432\u0430\u0440\u043e\u0432\",\"item\":\"https:\/\/beebipood.ee\/tooted\/\"},{\"@type\":\"ListItem\",\"position\":3,\"name\":\"Babymoov pudelisoojendaja NutriSmart koju ja autosse\"}]},{\"@type\":\"WebSite\",\"@id\":\"https:\/\/beebipood.ee\/ru\/#website\",\"url\":\"https:\/\/beebipood.ee\/ru\/\",\"name\":\"Beebipood\",\"description\":\"Lastekaubad, beebikaubad, m\u00e4nguasjad\",\"publisher\":{\"@id\":\"https:\/\/beebipood.ee\/ru\/#organization\"},\"potentialAction\":[{\"@type\":\"SearchAction\",\"target\":{\"@type\":\"EntryPoint\",\"urlTemplate\":\"https:\/\/beebipood.ee\/ru\/?s={search_term_string}\"},\"query-input\":{\"@type\":\"PropertyValueSpecification\",\"valueRequired\":true,\"valueName\":\"search_term_string\"}}],\"inLanguage\":\"ru-RU\"},{\"@type\":\"Organization\",\"@id\":\"https:\/\/beebipood.ee\/ru\/#organization\",\"name\":\"Beebipood\",\"url\":\"https:\/\/beebipood.ee\/ru\/\",\"logo\":{\"@type\":\"ImageObject\",\"inLanguage\":\"ru-RU\",\"@id\":\"https:\/\/beebipood.ee\/ru\/#\/schema\/logo\/image\/\",\"url\":\"https:\/\/beebipood.ee\/wp-content\/uploads\/2025\/03\/beebipood.ee-logo-1.svg\",\"contentUrl\":\"https:\/\/beebipood.ee\/wp-content\/uploads\/2025\/03\/beebipood.ee-logo-1.svg\",\"caption\":\"Beebipood\"},\"image\":{\"@id\":\"https:\/\/beebipood.ee\/ru\/#\/schema\/logo\/image\/\"}}]}<\/script>\n<!-- \/ Yoast SEO plugin. -->","yoast_head_json":{"title":"Babymoov pudelisoojendaja NutriSmart koju ja autosse, \u0421\u041a\u0418\u0414\u041a\u0418, \u041f\u0440\u0438\u043d\u0430\u0434\u043b\u0435\u0436\u043d\u043e\u0441\u0442\u0438 \u0434\u043b\u044f \u043c\u043b\u0430\u0434\u0435\u043d\u0446\u0435\u0432, \u041f\u0440\u0438\u0433\u043e\u0442\u043e\u0432\u043b\u0435\u043d\u0438\u0435 , Beebipood","description":"Babymoov pudelisoojendaja NutriSmart koju ja autosse, NutriSmart pudelisoojendaja on m&otilde;eldud lutipudelite, toidupurkide, p&uuml;reede jms soojen","robots":{"index":"index","follow":"follow","max-snippet":"max-snippet:-1","max-image-preview":"max-image-preview:large","max-video-preview":"max-video-preview:-1"},"canonical":"https:\/\/beebipood.ee\/ru\/produkt\/babymoov-lutipudeli-soojendaja-koju-ja-autosse-tulp\/","og_locale":"ru_RU","og_type":"article","og_title":"Babymoov pudelisoojendaja NutriSmart koju ja autosse, \u0421\u041a\u0418\u0414\u041a\u0418, \u041f\u0440\u0438\u043d\u0430\u0434\u043b\u0435\u0436\u043d\u043e\u0441\u0442\u0438 \u0434\u043b\u044f \u043c\u043b\u0430\u0434\u0435\u043d\u0446\u0435\u0432, \u041f\u0440\u0438\u0433\u043e\u0442\u043e\u0432\u043b\u0435\u043d\u0438\u0435 , Beebipood","og_description":"Babymoov pudelisoojendaja NutriSmart koju ja autosse, NutriSmart pudelisoojendaja on m&otilde;eldud lutipudelite, toidupurkide, p&uuml;reede jms soojen","og_url":"https:\/\/beebipood.ee\/ru\/produkt\/babymoov-lutipudeli-soojendaja-koju-ja-autosse-tulp\/","og_site_name":"Beebipood","article_modified_time":"2025-01-09T08:52:59+00:00","og_image":[{"width":1200,"height":1200,"url":"https:\/\/beebipood.ee\/wp-content\/uploads\/2013\/09\/Babymoov-pudelisoojendaja-NutriSmart-koju-ja-autosse-UUED-TOOTED-Beebi-ja-lastetarbed-Toiduvalmistamine_2-a48.jpg","type":"image\/jpeg"}],"twitter_card":"summary_large_image","twitter_misc":{"\u041f\u0440\u0438\u043c\u0435\u0440\u043d\u043e\u0435 \u0432\u0440\u0435\u043c\u044f \u0434\u043b\u044f \u0447\u0442\u0435\u043d\u0438\u044f":"1 \u043c\u0438\u043d\u0443\u0442\u0430"},"schema":{"@context":"https:\/\/schema.org","@graph":[{"@type":"WebPage","@id":"https:\/\/beebipood.ee\/ru\/produkt\/babymoov-lutipudeli-soojendaja-koju-ja-autosse-tulp\/","url":"https:\/\/beebipood.ee\/ru\/produkt\/babymoov-lutipudeli-soojendaja-koju-ja-autosse-tulp\/","name":"Babymoov pudelisoojendaja NutriSmart koju ja autosse, \u0421\u041a\u0418\u0414\u041a\u0418, \u041f\u0440\u0438\u043d\u0430\u0434\u043b\u0435\u0436\u043d\u043e\u0441\u0442\u0438 \u0434\u043b\u044f \u043c\u043b\u0430\u0434\u0435\u043d\u0446\u0435\u0432, \u041f\u0440\u0438\u0433\u043e\u0442\u043e\u0432\u043b\u0435\u043d\u0438\u0435 , Beebipood","isPartOf":{"@id":"https:\/\/beebipood.ee\/ru\/#website"},"primaryImageOfPage":{"@id":"https:\/\/beebipood.ee\/ru\/produkt\/babymoov-lutipudeli-soojendaja-koju-ja-autosse-tulp\/#primaryimage"},"image":{"@id":"https:\/\/beebipood.ee\/ru\/produkt\/babymoov-lutipudeli-soojendaja-koju-ja-autosse-tulp\/#primaryimage"},"thumbnailUrl":"https:\/\/beebipood.ee\/wp-content\/uploads\/2013\/09\/Babymoov-pudelisoojendaja-NutriSmart-koju-ja-autosse-UUED-TOOTED-Beebi-ja-lastetarbed-Toiduvalmistamine_2-a48.jpg","datePublished":"2013-09-02T10:29:37+00:00","dateModified":"2025-01-09T08:52:59+00:00","description":"Babymoov pudelisoojendaja NutriSmart koju ja autosse, NutriSmart pudelisoojendaja on m&otilde;eldud lutipudelite, toidupurkide, p&uuml;reede jms soojen","breadcrumb":{"@id":"https:\/\/beebipood.ee\/ru\/produkt\/babymoov-lutipudeli-soojendaja-koju-ja-autosse-tulp\/#breadcrumb"},"inLanguage":"ru-RU","potentialAction":[{"@type":"ReadAction","target":["https:\/\/beebipood.ee\/ru\/produkt\/babymoov-lutipudeli-soojendaja-koju-ja-autosse-tulp\/"]}]},{"@type":"ImageObject","inLanguage":"ru-RU","@id":"https:\/\/beebipood.ee\/ru\/produkt\/babymoov-lutipudeli-soojendaja-koju-ja-autosse-tulp\/#primaryimage","url":"https:\/\/beebipood.ee\/wp-content\/uploads\/2013\/09\/Babymoov-pudelisoojendaja-NutriSmart-koju-ja-autosse-UUED-TOOTED-Beebi-ja-lastetarbed-Toiduvalmistamine_2-a48.jpg","contentUrl":"https:\/\/beebipood.ee\/wp-content\/uploads\/2013\/09\/Babymoov-pudelisoojendaja-NutriSmart-koju-ja-autosse-UUED-TOOTED-Beebi-ja-lastetarbed-Toiduvalmistamine_2-a48.jpg","width":1200,"height":1200},{"@type":"BreadcrumbList","@id":"https:\/\/beebipood.ee\/ru\/produkt\/babymoov-lutipudeli-soojendaja-koju-ja-autosse-tulp\/#breadcrumb","itemListElement":[{"@type":"ListItem","position":1,"name":"Home","item":"https:\/\/beebipood.ee\/ru\/"},{"@type":"ListItem","position":2,"name":"\u041a\u0430\u0442\u0430\u043b\u043e\u0433 \u0442\u043e\u0432\u0430\u0440\u043e\u0432","item":"https:\/\/beebipood.ee\/tooted\/"},{"@type":"ListItem","position":3,"name":"Babymoov pudelisoojendaja NutriSmart koju ja autosse"}]},{"@type":"WebSite","@id":"https:\/\/beebipood.ee\/ru\/#website","url":"https:\/\/beebipood.ee\/ru\/","name":"Beebipood","description":"Lastekaubad, beebikaubad, m\u00e4nguasjad","publisher":{"@id":"https:\/\/beebipood.ee\/ru\/#organization"},"potentialAction":[{"@type":"SearchAction","target":{"@type":"EntryPoint","urlTemplate":"https:\/\/beebipood.ee\/ru\/?s={search_term_string}"},"query-input":{"@type":"PropertyValueSpecification","valueRequired":true,"valueName":"search_term_string"}}],"inLanguage":"ru-RU"},{"@type":"Organization","@id":"https:\/\/beebipood.ee\/ru\/#organization","name":"Beebipood","url":"https:\/\/beebipood.ee\/ru\/","logo":{"@type":"ImageObject","inLanguage":"ru-RU","@id":"https:\/\/beebipood.ee\/ru\/#\/schema\/logo\/image\/","url":"https:\/\/beebipood.ee\/wp-content\/uploads\/2025\/03\/beebipood.ee-logo-1.svg","contentUrl":"https:\/\/beebipood.ee\/wp-content\/uploads\/2025\/03\/beebipood.ee-logo-1.svg","caption":"Beebipood"},"image":{"@id":"https:\/\/beebipood.ee\/ru\/#\/schema\/logo\/image\/"}}]}},"brands":[{"id":11976,"name":"Babymoov","slug":"babymoov-ru"}],"_links":{"self":[{"href":"https:\/\/beebipood.ee\/ru\/wp-json\/wp\/v2\/product\/453804","targetHints":{"allow":["GET"]}}],"collection":[{"href":"https:\/\/beebipood.ee\/ru\/wp-json\/wp\/v2\/product"}],"about":[{"href":"https:\/\/beebipood.ee\/ru\/wp-json\/wp\/v2\/types\/product"}],"wp:featuredmedia":[{"embeddable":true,"href":"https:\/\/beebipood.ee\/ru\/wp-json\/wp\/v2\/media\/98420"}],"wp:attachment":[{"href":"https:\/\/beebipood.ee\/ru\/wp-json\/wp\/v2\/media?parent=453804"}],"wp:term":[{"taxonomy":"pwb-brand","embeddable":true,"href":"https:\/\/beebipood.ee\/ru\/wp-json\/wp\/v2\/pwb-brand?post=453804"},{"taxonomy":"product_brand","embeddable":true,"href":"https:\/\/beebipood.ee\/ru\/wp-json\/wp\/v2\/product_brand?post=453804"},{"taxonomy":"product_cat","embeddable":true,"href":"https:\/\/beebipood.ee\/ru\/wp-json\/wp\/v2\/product_cat?post=453804"},{"taxonomy":"product_tag","embeddable":true,"href":"https:\/\/beebipood.ee\/ru\/wp-json\/wp\/v2\/product_tag?post=453804"}],"curies":[{"name":"wp","href":"https:\/\/api.w.org\/{rel}","templated":true}]}}