{"id":453838,"date":"2013-09-02T13:29:51","date_gmt":"2013-09-02T10:29:51","guid":{"rendered":"https:\/\/beebipood.ee\/toode\/stroma-lastemadrats-ortopeediline-okoloogiline-60x120\/"},"modified":"2025-05-28T00:00:09","modified_gmt":"2025-05-27T21:00:09","slug":"stroma-lastemadrats-ortopeediline-okoloogiline-60x120","status":"publish","type":"product","link":"https:\/\/beebipood.ee\/ru\/produkt\/stroma-lastemadrats-ortopeediline-okoloogiline-60x120\/","title":{"rendered":"Stroma lastemadrats ortopeediline \u00f6koloogiline 60&#215;120"},"content":{"rendered":"<p>Keskmiselt k\u00f5va vedrumadrats.<br \/>Madrats on kaetud kvaliteetse Damaskuse puuvillase kangaga, <br \/>mis on t\u00f6\u00f6deldud Aloe Veraga ning omab kaitset tolmulestade vastu.<br \/>Kangas \u00fchelt poolt tepitud puuvillakiuga, teiselt poolt naturaalse lambavilla kiuga.<br \/>Bonell vedrud \u00fchendatud lameda terastraadist raamiga.<br \/>Vedrudel on pressitud puuvilla ja puuvillakiu kihid.<br \/>Madratsi paksus on 15cm.<\/p>\n","protected":false},"excerpt":{"rendered":"<p>Keskmiselt k\u00f5va vedrumadrats.Madrats on kaetud kvaliteetse Damaskuse puuvillase kangaga, mis on t\u00f6\u00f6deldud Aloe Veraga ning omab kaitset tolmulestade vastu.Kangas \u00fchelt poolt tepitud puuvillakiuga, teiselt poolt naturaalse lambavilla kiuga.Bonell vedrud \u00fchendatud lameda terastraadist raamiga.Vedrudel on pressitud puuvilla ja puuvillakiu kihid.Madratsi paksus on 15cm.<\/p>\n","protected":false},"featured_media":98449,"template":"","meta":{"_acf_changed":false},"pwb-brand":[],"product_brand":[],"product_cat":[11573,11595,11563,11789],"product_tag":[],"class_list":{"0":"post-453838","1":"product","2":"type-product","3":"status-publish","4":"has-post-thumbnail","6":"product_cat-sooduspakkumised-ru","7":"product_cat-kuni-60cm-laiused-ru","8":"product_cat-madratsid-ja-kattemadratsid-ru","9":"product_cat-lastemoobel-ja-sisustus-ru","11":"first","12":"onbackorder","13":"sale","14":"taxable","15":"shipping-taxable","16":"purchasable","17":"product-type-simple"},"exclude_global_add_ons":[],"addons":[],"acf":[],"yoast_head":"<!-- This site is optimized with the Yoast SEO plugin v27.1.1 - https:\/\/yoast.com\/product\/yoast-seo-wordpress\/ -->\n<title>Stroma lastemadrats ortopeediline \u00f6koloogiline 60x120, \u041c\u0430\u0442\u0440\u0430\u0441\u044b \u0438 \u043c\u0430\u0442\u0440\u0430\u0441\u044b-\u043f\u043e\u043a\u0440\u044b\u0432\u0430\u043b\u0430, \u0428\u0438\u0440\u0438\u043d\u043e\u0439 \u0434\u043e 60 c\u043c, M\u0435\u0431\u0435\u043b\u044c, Stroma -20%, Beebipood<\/title>\n<meta name=\"description\" content=\"Stroma lastemadrats ortopeediline \u00f6koloogiline 60x120, Keskmiselt k&otilde;va vedrumadrats.Madrats on kaetud kvaliteetse Damaskuse puuvillase kangaga,\" \/>\n<meta name=\"robots\" content=\"index, follow, max-snippet:-1, max-image-preview:large, max-video-preview:-1\" \/>\n<link rel=\"canonical\" href=\"https:\/\/beebipood.ee\/ru\/produkt\/stroma-lastemadrats-ortopeediline-okoloogiline-60x120\/\" \/>\n<meta property=\"og:locale\" content=\"ru_RU\" \/>\n<meta property=\"og:type\" content=\"article\" \/>\n<meta property=\"og:title\" content=\"Stroma lastemadrats ortopeediline \u00f6koloogiline 60x120, \u041c\u0430\u0442\u0440\u0430\u0441\u044b \u0438 \u043c\u0430\u0442\u0440\u0430\u0441\u044b-\u043f\u043e\u043a\u0440\u044b\u0432\u0430\u043b\u0430, \u0428\u0438\u0440\u0438\u043d\u043e\u0439 \u0434\u043e 60 c\u043c, M\u0435\u0431\u0435\u043b\u044c, Stroma -20%, Beebipood\" \/>\n<meta property=\"og:description\" content=\"Stroma lastemadrats ortopeediline \u00f6koloogiline 60x120, Keskmiselt k&otilde;va vedrumadrats.Madrats on kaetud kvaliteetse Damaskuse puuvillase kangaga,\" \/>\n<meta property=\"og:url\" content=\"https:\/\/beebipood.ee\/ru\/produkt\/stroma-lastemadrats-ortopeediline-okoloogiline-60x120\/\" \/>\n<meta property=\"og:site_name\" content=\"Beebipood\" \/>\n<meta property=\"article:modified_time\" content=\"2025-05-27T21:00:09+00:00\" \/>\n<meta property=\"og:image\" content=\"https:\/\/beebipood.ee\/wp-content\/uploads\/2013\/09\/Stroma-lastemadrats-ortopeediline-okoloogiline-60x120-Madratsid-ja-kattemadratsid-Kuni-60cm-laiused-Stroma-20_2-bbb.jpg\" \/>\n\t<meta property=\"og:image:width\" content=\"1134\" \/>\n\t<meta property=\"og:image:height\" content=\"945\" \/>\n\t<meta property=\"og:image:type\" content=\"image\/jpeg\" \/>\n<meta name=\"twitter:card\" content=\"summary_large_image\" \/>\n<script type=\"application\/ld+json\" class=\"yoast-schema-graph\">{\"@context\":\"https:\/\/schema.org\",\"@graph\":[{\"@type\":\"WebPage\",\"@id\":\"https:\/\/beebipood.ee\/ru\/produkt\/stroma-lastemadrats-ortopeediline-okoloogiline-60x120\/\",\"url\":\"https:\/\/beebipood.ee\/ru\/produkt\/stroma-lastemadrats-ortopeediline-okoloogiline-60x120\/\",\"name\":\"Stroma lastemadrats ortopeediline \u00f6koloogiline 60x120, \u041c\u0430\u0442\u0440\u0430\u0441\u044b \u0438 \u043c\u0430\u0442\u0440\u0430\u0441\u044b-\u043f\u043e\u043a\u0440\u044b\u0432\u0430\u043b\u0430, \u0428\u0438\u0440\u0438\u043d\u043e\u0439 \u0434\u043e 60 c\u043c, M\u0435\u0431\u0435\u043b\u044c, Stroma -20%, Beebipood\",\"isPartOf\":{\"@id\":\"https:\/\/beebipood.ee\/ru\/#website\"},\"primaryImageOfPage\":{\"@id\":\"https:\/\/beebipood.ee\/ru\/produkt\/stroma-lastemadrats-ortopeediline-okoloogiline-60x120\/#primaryimage\"},\"image\":{\"@id\":\"https:\/\/beebipood.ee\/ru\/produkt\/stroma-lastemadrats-ortopeediline-okoloogiline-60x120\/#primaryimage\"},\"thumbnailUrl\":\"https:\/\/beebipood.ee\/wp-content\/uploads\/2013\/09\/Stroma-lastemadrats-ortopeediline-okoloogiline-60x120-Madratsid-ja-kattemadratsid-Kuni-60cm-laiused-Stroma-20_2-bbb.jpg\",\"datePublished\":\"2013-09-02T10:29:51+00:00\",\"dateModified\":\"2025-05-27T21:00:09+00:00\",\"description\":\"Stroma lastemadrats ortopeediline \u00f6koloogiline 60x120, Keskmiselt k&otilde;va vedrumadrats.Madrats on kaetud kvaliteetse Damaskuse puuvillase kangaga,\",\"breadcrumb\":{\"@id\":\"https:\/\/beebipood.ee\/ru\/produkt\/stroma-lastemadrats-ortopeediline-okoloogiline-60x120\/#breadcrumb\"},\"inLanguage\":\"ru-RU\",\"potentialAction\":[{\"@type\":\"ReadAction\",\"target\":[\"https:\/\/beebipood.ee\/ru\/produkt\/stroma-lastemadrats-ortopeediline-okoloogiline-60x120\/\"]}]},{\"@type\":\"ImageObject\",\"inLanguage\":\"ru-RU\",\"@id\":\"https:\/\/beebipood.ee\/ru\/produkt\/stroma-lastemadrats-ortopeediline-okoloogiline-60x120\/#primaryimage\",\"url\":\"https:\/\/beebipood.ee\/wp-content\/uploads\/2013\/09\/Stroma-lastemadrats-ortopeediline-okoloogiline-60x120-Madratsid-ja-kattemadratsid-Kuni-60cm-laiused-Stroma-20_2-bbb.jpg\",\"contentUrl\":\"https:\/\/beebipood.ee\/wp-content\/uploads\/2013\/09\/Stroma-lastemadrats-ortopeediline-okoloogiline-60x120-Madratsid-ja-kattemadratsid-Kuni-60cm-laiused-Stroma-20_2-bbb.jpg\",\"width\":1134,\"height\":945},{\"@type\":\"BreadcrumbList\",\"@id\":\"https:\/\/beebipood.ee\/ru\/produkt\/stroma-lastemadrats-ortopeediline-okoloogiline-60x120\/#breadcrumb\",\"itemListElement\":[{\"@type\":\"ListItem\",\"position\":1,\"name\":\"Home\",\"item\":\"https:\/\/beebipood.ee\/ru\/\"},{\"@type\":\"ListItem\",\"position\":2,\"name\":\"\u041a\u0430\u0442\u0430\u043b\u043e\u0433 \u0442\u043e\u0432\u0430\u0440\u043e\u0432\",\"item\":\"https:\/\/beebipood.ee\/tooted\/\"},{\"@type\":\"ListItem\",\"position\":3,\"name\":\"Stroma lastemadrats ortopeediline \u00f6koloogiline 60&#215;120\"}]},{\"@type\":\"WebSite\",\"@id\":\"https:\/\/beebipood.ee\/ru\/#website\",\"url\":\"https:\/\/beebipood.ee\/ru\/\",\"name\":\"Beebipood\",\"description\":\"Lastekaubad, beebikaubad, m\u00e4nguasjad\",\"publisher\":{\"@id\":\"https:\/\/beebipood.ee\/ru\/#organization\"},\"potentialAction\":[{\"@type\":\"SearchAction\",\"target\":{\"@type\":\"EntryPoint\",\"urlTemplate\":\"https:\/\/beebipood.ee\/ru\/?s={search_term_string}\"},\"query-input\":{\"@type\":\"PropertyValueSpecification\",\"valueRequired\":true,\"valueName\":\"search_term_string\"}}],\"inLanguage\":\"ru-RU\"},{\"@type\":\"Organization\",\"@id\":\"https:\/\/beebipood.ee\/ru\/#organization\",\"name\":\"Beebipood\",\"url\":\"https:\/\/beebipood.ee\/ru\/\",\"logo\":{\"@type\":\"ImageObject\",\"inLanguage\":\"ru-RU\",\"@id\":\"https:\/\/beebipood.ee\/ru\/#\/schema\/logo\/image\/\",\"url\":\"https:\/\/beebipood.ee\/wp-content\/uploads\/2025\/03\/beebipood.ee-logo-1.svg\",\"contentUrl\":\"https:\/\/beebipood.ee\/wp-content\/uploads\/2025\/03\/beebipood.ee-logo-1.svg\",\"caption\":\"Beebipood\"},\"image\":{\"@id\":\"https:\/\/beebipood.ee\/ru\/#\/schema\/logo\/image\/\"}}]}<\/script>\n<!-- \/ Yoast SEO plugin. -->","yoast_head_json":{"title":"Stroma lastemadrats ortopeediline \u00f6koloogiline 60x120, \u041c\u0430\u0442\u0440\u0430\u0441\u044b \u0438 \u043c\u0430\u0442\u0440\u0430\u0441\u044b-\u043f\u043e\u043a\u0440\u044b\u0432\u0430\u043b\u0430, \u0428\u0438\u0440\u0438\u043d\u043e\u0439 \u0434\u043e 60 c\u043c, M\u0435\u0431\u0435\u043b\u044c, Stroma -20%, Beebipood","description":"Stroma lastemadrats ortopeediline \u00f6koloogiline 60x120, Keskmiselt k&otilde;va vedrumadrats.Madrats on kaetud kvaliteetse Damaskuse puuvillase kangaga,","robots":{"index":"index","follow":"follow","max-snippet":"max-snippet:-1","max-image-preview":"max-image-preview:large","max-video-preview":"max-video-preview:-1"},"canonical":"https:\/\/beebipood.ee\/ru\/produkt\/stroma-lastemadrats-ortopeediline-okoloogiline-60x120\/","og_locale":"ru_RU","og_type":"article","og_title":"Stroma lastemadrats ortopeediline \u00f6koloogiline 60x120, \u041c\u0430\u0442\u0440\u0430\u0441\u044b \u0438 \u043c\u0430\u0442\u0440\u0430\u0441\u044b-\u043f\u043e\u043a\u0440\u044b\u0432\u0430\u043b\u0430, \u0428\u0438\u0440\u0438\u043d\u043e\u0439 \u0434\u043e 60 c\u043c, M\u0435\u0431\u0435\u043b\u044c, Stroma -20%, Beebipood","og_description":"Stroma lastemadrats ortopeediline \u00f6koloogiline 60x120, Keskmiselt k&otilde;va vedrumadrats.Madrats on kaetud kvaliteetse Damaskuse puuvillase kangaga,","og_url":"https:\/\/beebipood.ee\/ru\/produkt\/stroma-lastemadrats-ortopeediline-okoloogiline-60x120\/","og_site_name":"Beebipood","article_modified_time":"2025-05-27T21:00:09+00:00","og_image":[{"width":1134,"height":945,"url":"https:\/\/beebipood.ee\/wp-content\/uploads\/2013\/09\/Stroma-lastemadrats-ortopeediline-okoloogiline-60x120-Madratsid-ja-kattemadratsid-Kuni-60cm-laiused-Stroma-20_2-bbb.jpg","type":"image\/jpeg"}],"twitter_card":"summary_large_image","schema":{"@context":"https:\/\/schema.org","@graph":[{"@type":"WebPage","@id":"https:\/\/beebipood.ee\/ru\/produkt\/stroma-lastemadrats-ortopeediline-okoloogiline-60x120\/","url":"https:\/\/beebipood.ee\/ru\/produkt\/stroma-lastemadrats-ortopeediline-okoloogiline-60x120\/","name":"Stroma lastemadrats ortopeediline \u00f6koloogiline 60x120, \u041c\u0430\u0442\u0440\u0430\u0441\u044b \u0438 \u043c\u0430\u0442\u0440\u0430\u0441\u044b-\u043f\u043e\u043a\u0440\u044b\u0432\u0430\u043b\u0430, \u0428\u0438\u0440\u0438\u043d\u043e\u0439 \u0434\u043e 60 c\u043c, M\u0435\u0431\u0435\u043b\u044c, Stroma -20%, Beebipood","isPartOf":{"@id":"https:\/\/beebipood.ee\/ru\/#website"},"primaryImageOfPage":{"@id":"https:\/\/beebipood.ee\/ru\/produkt\/stroma-lastemadrats-ortopeediline-okoloogiline-60x120\/#primaryimage"},"image":{"@id":"https:\/\/beebipood.ee\/ru\/produkt\/stroma-lastemadrats-ortopeediline-okoloogiline-60x120\/#primaryimage"},"thumbnailUrl":"https:\/\/beebipood.ee\/wp-content\/uploads\/2013\/09\/Stroma-lastemadrats-ortopeediline-okoloogiline-60x120-Madratsid-ja-kattemadratsid-Kuni-60cm-laiused-Stroma-20_2-bbb.jpg","datePublished":"2013-09-02T10:29:51+00:00","dateModified":"2025-05-27T21:00:09+00:00","description":"Stroma lastemadrats ortopeediline \u00f6koloogiline 60x120, Keskmiselt k&otilde;va vedrumadrats.Madrats on kaetud kvaliteetse Damaskuse puuvillase kangaga,","breadcrumb":{"@id":"https:\/\/beebipood.ee\/ru\/produkt\/stroma-lastemadrats-ortopeediline-okoloogiline-60x120\/#breadcrumb"},"inLanguage":"ru-RU","potentialAction":[{"@type":"ReadAction","target":["https:\/\/beebipood.ee\/ru\/produkt\/stroma-lastemadrats-ortopeediline-okoloogiline-60x120\/"]}]},{"@type":"ImageObject","inLanguage":"ru-RU","@id":"https:\/\/beebipood.ee\/ru\/produkt\/stroma-lastemadrats-ortopeediline-okoloogiline-60x120\/#primaryimage","url":"https:\/\/beebipood.ee\/wp-content\/uploads\/2013\/09\/Stroma-lastemadrats-ortopeediline-okoloogiline-60x120-Madratsid-ja-kattemadratsid-Kuni-60cm-laiused-Stroma-20_2-bbb.jpg","contentUrl":"https:\/\/beebipood.ee\/wp-content\/uploads\/2013\/09\/Stroma-lastemadrats-ortopeediline-okoloogiline-60x120-Madratsid-ja-kattemadratsid-Kuni-60cm-laiused-Stroma-20_2-bbb.jpg","width":1134,"height":945},{"@type":"BreadcrumbList","@id":"https:\/\/beebipood.ee\/ru\/produkt\/stroma-lastemadrats-ortopeediline-okoloogiline-60x120\/#breadcrumb","itemListElement":[{"@type":"ListItem","position":1,"name":"Home","item":"https:\/\/beebipood.ee\/ru\/"},{"@type":"ListItem","position":2,"name":"\u041a\u0430\u0442\u0430\u043b\u043e\u0433 \u0442\u043e\u0432\u0430\u0440\u043e\u0432","item":"https:\/\/beebipood.ee\/tooted\/"},{"@type":"ListItem","position":3,"name":"Stroma lastemadrats ortopeediline \u00f6koloogiline 60&#215;120"}]},{"@type":"WebSite","@id":"https:\/\/beebipood.ee\/ru\/#website","url":"https:\/\/beebipood.ee\/ru\/","name":"Beebipood","description":"Lastekaubad, beebikaubad, m\u00e4nguasjad","publisher":{"@id":"https:\/\/beebipood.ee\/ru\/#organization"},"potentialAction":[{"@type":"SearchAction","target":{"@type":"EntryPoint","urlTemplate":"https:\/\/beebipood.ee\/ru\/?s={search_term_string}"},"query-input":{"@type":"PropertyValueSpecification","valueRequired":true,"valueName":"search_term_string"}}],"inLanguage":"ru-RU"},{"@type":"Organization","@id":"https:\/\/beebipood.ee\/ru\/#organization","name":"Beebipood","url":"https:\/\/beebipood.ee\/ru\/","logo":{"@type":"ImageObject","inLanguage":"ru-RU","@id":"https:\/\/beebipood.ee\/ru\/#\/schema\/logo\/image\/","url":"https:\/\/beebipood.ee\/wp-content\/uploads\/2025\/03\/beebipood.ee-logo-1.svg","contentUrl":"https:\/\/beebipood.ee\/wp-content\/uploads\/2025\/03\/beebipood.ee-logo-1.svg","caption":"Beebipood"},"image":{"@id":"https:\/\/beebipood.ee\/ru\/#\/schema\/logo\/image\/"}}]}},"brands":[],"_links":{"self":[{"href":"https:\/\/beebipood.ee\/ru\/wp-json\/wp\/v2\/product\/453838","targetHints":{"allow":["GET"]}}],"collection":[{"href":"https:\/\/beebipood.ee\/ru\/wp-json\/wp\/v2\/product"}],"about":[{"href":"https:\/\/beebipood.ee\/ru\/wp-json\/wp\/v2\/types\/product"}],"wp:featuredmedia":[{"embeddable":true,"href":"https:\/\/beebipood.ee\/ru\/wp-json\/wp\/v2\/media\/98449"}],"wp:attachment":[{"href":"https:\/\/beebipood.ee\/ru\/wp-json\/wp\/v2\/media?parent=453838"}],"wp:term":[{"taxonomy":"pwb-brand","embeddable":true,"href":"https:\/\/beebipood.ee\/ru\/wp-json\/wp\/v2\/pwb-brand?post=453838"},{"taxonomy":"product_brand","embeddable":true,"href":"https:\/\/beebipood.ee\/ru\/wp-json\/wp\/v2\/product_brand?post=453838"},{"taxonomy":"product_cat","embeddable":true,"href":"https:\/\/beebipood.ee\/ru\/wp-json\/wp\/v2\/product_cat?post=453838"},{"taxonomy":"product_tag","embeddable":true,"href":"https:\/\/beebipood.ee\/ru\/wp-json\/wp\/v2\/product_tag?post=453838"}],"curies":[{"name":"wp","href":"https:\/\/api.w.org\/{rel}","templated":true}]}}