{"id":453864,"date":"2013-09-02T13:30:04","date_gmt":"2013-09-02T10:30:04","guid":{"rendered":"https:\/\/beebipood.ee\/toode\/yappytrygg-majavoodi-90x200-natural\/"},"modified":"2025-01-09T10:52:56","modified_gmt":"2025-01-09T08:52:56","slug":"yappytrygg-majavoodi-90x200-natural","status":"publish","type":"product","link":"https:\/\/beebipood.ee\/ru\/produkt\/yappytrygg-majavoodi-90x200-natural\/","title":{"rendered":"YappyTrygg majavoodi 90&#215;200, natural"},"content":{"rendered":"<p>YappyTrygg on suurep\u00e4rane lahendus, kui laps on suureks kasvanud ja vajab suuremat voodit. <br \/>See multifunktsionaalne m\u00f6\u00f6bel sobib nii voodiks kui ka m\u00e4ngukohaks.<br \/>Teie lapse ohutuse tagamiseks on voodi varustatud turvapiiretega (kuulub komplekti), <br \/>mida saab kinnitada YappyTrygg voodi \u00fchele v\u00f5i teisele k\u00fcljele.<br \/>Kuigi YappyTrygg voodi alla pole v\u00f5imalik paigaldada meie sahtleid, <br \/>vastab konstruktsioon Montessori k\u00f5rgetele n\u00f5uetele: <br \/>laps ei maga k\u00f5rgel maapinnast (ainult 10 cm on madratsi alus) <br \/>ja robot tolmuimeja saab voodi all puhastada.<br \/>Majavoodi komplekt sisaldab voodip\u00f5hja ja turvapiideid.<br \/>Voodip\u00f5hi on vastupidav ja moodustab madratsile \u00f5ige ja ergonoomilise aluse, <br \/>mist\u00f5ttu on YappyTrygg voodis magamine lapsele t\u00f5eline r\u00f5\u00f5m.<br \/>Sobib madratsile: <a href=\"https:\/\/www.beebipood.ee\/lastemoobel-ja-sisustus\/madratsid-ja-kattemadratsid\/kuni-90cm-laiused.html\">90 x 200 cm.<\/a><br \/>Materjal: m\u00e4nnipuit.<br \/>Puit on t\u00f6\u00f6deldud \u00f6koloogilise, lastele ohutu loodusliku puiduvahaga. <br \/>See on multifunktsionaalne materjal, mis annab l\u00e4ike, t\u00f5rjub niiskust <br \/>ja kaitseb m\u00f6\u00f6blit m\u00e4\u00e4rdumise eest. <br \/>Kuna puidust osadel on kalduvus teiste puidust osadega kokku puutudes teha kuiva heli (krigistada), <br \/>kasutatakse puiduvaha, mis k\u00f5rvaldab need helid ja m\u00f6\u00f6bli kasutamise ajal ei teki helisid.<br \/>See m\u00f6\u00f6bel on valmistatud FSC sertifitseeritud puidust. <br \/>FSC sertifikaat tagab, et tooted p\u00e4rinevad vastutustundlikult majandatud metsadest, <br \/>mis toovad keskkonna-, sotsiaalset ja majanduslikku kasu.<br \/><span style=\"text-decoration: underline;\">Hooldus<\/span>:<br \/>Puhastage niiske puuvillase lapiga. Seej\u00e4rel p\u00fchkige kuivaks.<\/p>\n","protected":false},"excerpt":{"rendered":"<p>YappyTrygg on suurep\u00e4rane lahendus, kui laps on suureks kasvanud ja vajab suuremat voodit. See multifunktsionaalne m\u00f6\u00f6bel sobib nii voodiks kui ka m\u00e4ngukohaks.Teie lapse ohutuse tagamiseks on voodi varustatud turvapiiretega (kuulub komplekti), mida saab kinnitada YappyTrygg voodi \u00fchele v\u00f5i teisele k\u00fcljele.Kuigi YappyTrygg voodi alla pole v\u00f5imalik paigaldada meie sahtleid, vastab konstruktsioon Montessori k\u00f5rgetele n\u00f5uetele: laps ei [&hellip;]<\/p>\n","protected":false},"featured_media":142890,"template":"","meta":{"_acf_changed":false},"pwb-brand":[11969],"product_brand":[],"product_cat":[11711,11591,11559,11709,11789],"product_tag":[],"class_list":{"0":"post-453864","1":"product","2":"type-product","3":"status-publish","4":"has-post-thumbnail","6":"pwb-brand-yappykids-ru","7":"product_cat-mahkimisalused-ja-riiulid-ru","8":"product_cat-90cm-laiused-ru","9":"product_cat-laste-ja-noortevoodid-ru","10":"product_cat-sootmistoolid-beebi-ja-lastetarbed-mahkimine-hugieen-ru","11":"product_cat-lastemoobel-ja-sisustus-ru","12":"pa_manufacturer-yappykids-ru","14":"first","15":"onbackorder","16":"sale","17":"taxable","18":"shipping-taxable","19":"purchasable","20":"product-type-simple"},"exclude_global_add_ons":[],"addons":[],"acf":[],"yoast_head":"<!-- This site is optimized with the Yoast SEO plugin v27.1.1 - https:\/\/yoast.com\/product\/yoast-seo-wordpress\/ -->\n<title>YappyTrygg majavoodi 90x200, natural, \u041a\u0440\u043e\u0432\u0430\u0442\u0438 \u0434\u043b\u044f \u0434\u0435\u0442\u0435\u0439 \u0438 \u043f\u043e\u0434\u0440\u043e\u0441\u0442\u043a\u043e\u0432, \u041d\u041e\u0412\u042b\u0415 \u0422\u041e\u0412\u0410\u0420\u042b, \u0428\u0438\u0440\u0438\u043d\u0430 90c\u043c, \u041f\u0440\u0438\u043d\u0430\u0434\u043b\u0435\u0436\u043d\u043e\u0441\u0442\u0438 \u0434\u043b\u044f \u043c\u043b\u0430\u0434\u0435\u043d\u0446\u0435\u0432, \u041f\u0435\u043b\u0435\u043d\u0430\u043b\u044c\u043d\u044b\u0435 \u0441\u0442\u043e\u043b\u0438\u043a\u0438 \u0438 \u043f\u043e\u043b\u043a\u0438, M\u0435\u0431\u0435\u043b\u044c, YappyKids -20%, Beebipood<\/title>\n<meta name=\"description\" content=\"YappyTrygg majavoodi 90x200, natural, YappyTrygg on suurep&auml;rane lahendus, kui laps on suureks kasvanud ja vajab suuremat voodit. See multifunktsio\" \/>\n<meta name=\"robots\" content=\"index, follow, max-snippet:-1, max-image-preview:large, max-video-preview:-1\" \/>\n<link rel=\"canonical\" href=\"https:\/\/beebipood.ee\/ru\/produkt\/yappytrygg-majavoodi-90x200-natural\/\" \/>\n<meta property=\"og:locale\" content=\"ru_RU\" \/>\n<meta property=\"og:type\" content=\"article\" \/>\n<meta property=\"og:title\" content=\"YappyTrygg majavoodi 90x200, natural, \u041a\u0440\u043e\u0432\u0430\u0442\u0438 \u0434\u043b\u044f \u0434\u0435\u0442\u0435\u0439 \u0438 \u043f\u043e\u0434\u0440\u043e\u0441\u0442\u043a\u043e\u0432, \u041d\u041e\u0412\u042b\u0415 \u0422\u041e\u0412\u0410\u0420\u042b, \u0428\u0438\u0440\u0438\u043d\u0430 90c\u043c, \u041f\u0440\u0438\u043d\u0430\u0434\u043b\u0435\u0436\u043d\u043e\u0441\u0442\u0438 \u0434\u043b\u044f \u043c\u043b\u0430\u0434\u0435\u043d\u0446\u0435\u0432, \u041f\u0435\u043b\u0435\u043d\u0430\u043b\u044c\u043d\u044b\u0435 \u0441\u0442\u043e\u043b\u0438\u043a\u0438 \u0438 \u043f\u043e\u043b\u043a\u0438, M\u0435\u0431\u0435\u043b\u044c, YappyKids -20%, Beebipood\" \/>\n<meta property=\"og:description\" content=\"YappyTrygg majavoodi 90x200, natural, YappyTrygg on suurep&auml;rane lahendus, kui laps on suureks kasvanud ja vajab suuremat voodit. See multifunktsio\" \/>\n<meta property=\"og:url\" content=\"https:\/\/beebipood.ee\/ru\/produkt\/yappytrygg-majavoodi-90x200-natural\/\" \/>\n<meta property=\"og:site_name\" content=\"Beebipood\" \/>\n<meta property=\"article:modified_time\" content=\"2025-01-09T08:52:56+00:00\" \/>\n<meta property=\"og:image\" content=\"https:\/\/beebipood.ee\/wp-content\/uploads\/2013\/09\/YappyTrygg-majavoodi-90x200-natural-Laste-ja-noortevoodid-UUED-TOOTED-90cm-laiused-Beebi-ja-lastetarbed-Mahkimisalused-ja-riiulid-Lastemoobel-ja-sisustus-YappyKids-20_2-dfa.jpg\" \/>\n\t<meta property=\"og:image:width\" content=\"1123\" \/>\n\t<meta property=\"og:image:height\" content=\"893\" \/>\n\t<meta property=\"og:image:type\" content=\"image\/jpeg\" \/>\n<meta name=\"twitter:card\" content=\"summary_large_image\" \/>\n<meta name=\"twitter:label1\" content=\"\u041f\u0440\u0438\u043c\u0435\u0440\u043d\u043e\u0435 \u0432\u0440\u0435\u043c\u044f \u0434\u043b\u044f \u0447\u0442\u0435\u043d\u0438\u044f\" \/>\n\t<meta name=\"twitter:data1\" content=\"1 \u043c\u0438\u043d\u0443\u0442\u0430\" \/>\n<script type=\"application\/ld+json\" class=\"yoast-schema-graph\">{\"@context\":\"https:\/\/schema.org\",\"@graph\":[{\"@type\":\"WebPage\",\"@id\":\"https:\/\/beebipood.ee\/ru\/produkt\/yappytrygg-majavoodi-90x200-natural\/\",\"url\":\"https:\/\/beebipood.ee\/ru\/produkt\/yappytrygg-majavoodi-90x200-natural\/\",\"name\":\"YappyTrygg majavoodi 90x200, natural, \u041a\u0440\u043e\u0432\u0430\u0442\u0438 \u0434\u043b\u044f \u0434\u0435\u0442\u0435\u0439 \u0438 \u043f\u043e\u0434\u0440\u043e\u0441\u0442\u043a\u043e\u0432, \u041d\u041e\u0412\u042b\u0415 \u0422\u041e\u0412\u0410\u0420\u042b, \u0428\u0438\u0440\u0438\u043d\u0430 90c\u043c, \u041f\u0440\u0438\u043d\u0430\u0434\u043b\u0435\u0436\u043d\u043e\u0441\u0442\u0438 \u0434\u043b\u044f \u043c\u043b\u0430\u0434\u0435\u043d\u0446\u0435\u0432, \u041f\u0435\u043b\u0435\u043d\u0430\u043b\u044c\u043d\u044b\u0435 \u0441\u0442\u043e\u043b\u0438\u043a\u0438 \u0438 \u043f\u043e\u043b\u043a\u0438, M\u0435\u0431\u0435\u043b\u044c, YappyKids -20%, Beebipood\",\"isPartOf\":{\"@id\":\"https:\/\/beebipood.ee\/ru\/#website\"},\"primaryImageOfPage\":{\"@id\":\"https:\/\/beebipood.ee\/ru\/produkt\/yappytrygg-majavoodi-90x200-natural\/#primaryimage\"},\"image\":{\"@id\":\"https:\/\/beebipood.ee\/ru\/produkt\/yappytrygg-majavoodi-90x200-natural\/#primaryimage\"},\"thumbnailUrl\":\"https:\/\/beebipood.ee\/wp-content\/uploads\/2013\/09\/YappyTrygg-majavoodi-90x200-natural-Laste-ja-noortevoodid-UUED-TOOTED-90cm-laiused-Beebi-ja-lastetarbed-Mahkimisalused-ja-riiulid-Lastemoobel-ja-sisustus-YappyKids-20_2-dfa.jpg\",\"datePublished\":\"2013-09-02T10:30:04+00:00\",\"dateModified\":\"2025-01-09T08:52:56+00:00\",\"description\":\"YappyTrygg majavoodi 90x200, natural, YappyTrygg on suurep&auml;rane lahendus, kui laps on suureks kasvanud ja vajab suuremat voodit. See multifunktsio\",\"breadcrumb\":{\"@id\":\"https:\/\/beebipood.ee\/ru\/produkt\/yappytrygg-majavoodi-90x200-natural\/#breadcrumb\"},\"inLanguage\":\"ru-RU\",\"potentialAction\":[{\"@type\":\"ReadAction\",\"target\":[\"https:\/\/beebipood.ee\/ru\/produkt\/yappytrygg-majavoodi-90x200-natural\/\"]}]},{\"@type\":\"ImageObject\",\"inLanguage\":\"ru-RU\",\"@id\":\"https:\/\/beebipood.ee\/ru\/produkt\/yappytrygg-majavoodi-90x200-natural\/#primaryimage\",\"url\":\"https:\/\/beebipood.ee\/wp-content\/uploads\/2013\/09\/YappyTrygg-majavoodi-90x200-natural-Laste-ja-noortevoodid-UUED-TOOTED-90cm-laiused-Beebi-ja-lastetarbed-Mahkimisalused-ja-riiulid-Lastemoobel-ja-sisustus-YappyKids-20_2-dfa.jpg\",\"contentUrl\":\"https:\/\/beebipood.ee\/wp-content\/uploads\/2013\/09\/YappyTrygg-majavoodi-90x200-natural-Laste-ja-noortevoodid-UUED-TOOTED-90cm-laiused-Beebi-ja-lastetarbed-Mahkimisalused-ja-riiulid-Lastemoobel-ja-sisustus-YappyKids-20_2-dfa.jpg\",\"width\":1123,\"height\":893},{\"@type\":\"BreadcrumbList\",\"@id\":\"https:\/\/beebipood.ee\/ru\/produkt\/yappytrygg-majavoodi-90x200-natural\/#breadcrumb\",\"itemListElement\":[{\"@type\":\"ListItem\",\"position\":1,\"name\":\"Home\",\"item\":\"https:\/\/beebipood.ee\/ru\/\"},{\"@type\":\"ListItem\",\"position\":2,\"name\":\"\u041a\u0430\u0442\u0430\u043b\u043e\u0433 \u0442\u043e\u0432\u0430\u0440\u043e\u0432\",\"item\":\"https:\/\/beebipood.ee\/tooted\/\"},{\"@type\":\"ListItem\",\"position\":3,\"name\":\"YappyTrygg majavoodi 90&#215;200, natural\"}]},{\"@type\":\"WebSite\",\"@id\":\"https:\/\/beebipood.ee\/ru\/#website\",\"url\":\"https:\/\/beebipood.ee\/ru\/\",\"name\":\"Beebipood\",\"description\":\"Lastekaubad, beebikaubad, m\u00e4nguasjad\",\"publisher\":{\"@id\":\"https:\/\/beebipood.ee\/ru\/#organization\"},\"potentialAction\":[{\"@type\":\"SearchAction\",\"target\":{\"@type\":\"EntryPoint\",\"urlTemplate\":\"https:\/\/beebipood.ee\/ru\/?s={search_term_string}\"},\"query-input\":{\"@type\":\"PropertyValueSpecification\",\"valueRequired\":true,\"valueName\":\"search_term_string\"}}],\"inLanguage\":\"ru-RU\"},{\"@type\":\"Organization\",\"@id\":\"https:\/\/beebipood.ee\/ru\/#organization\",\"name\":\"Beebipood\",\"url\":\"https:\/\/beebipood.ee\/ru\/\",\"logo\":{\"@type\":\"ImageObject\",\"inLanguage\":\"ru-RU\",\"@id\":\"https:\/\/beebipood.ee\/ru\/#\/schema\/logo\/image\/\",\"url\":\"https:\/\/beebipood.ee\/wp-content\/uploads\/2025\/03\/beebipood.ee-logo-1.svg\",\"contentUrl\":\"https:\/\/beebipood.ee\/wp-content\/uploads\/2025\/03\/beebipood.ee-logo-1.svg\",\"caption\":\"Beebipood\"},\"image\":{\"@id\":\"https:\/\/beebipood.ee\/ru\/#\/schema\/logo\/image\/\"}}]}<\/script>\n<!-- \/ Yoast SEO plugin. -->","yoast_head_json":{"title":"YappyTrygg majavoodi 90x200, natural, \u041a\u0440\u043e\u0432\u0430\u0442\u0438 \u0434\u043b\u044f \u0434\u0435\u0442\u0435\u0439 \u0438 \u043f\u043e\u0434\u0440\u043e\u0441\u0442\u043a\u043e\u0432, \u041d\u041e\u0412\u042b\u0415 \u0422\u041e\u0412\u0410\u0420\u042b, \u0428\u0438\u0440\u0438\u043d\u0430 90c\u043c, \u041f\u0440\u0438\u043d\u0430\u0434\u043b\u0435\u0436\u043d\u043e\u0441\u0442\u0438 \u0434\u043b\u044f \u043c\u043b\u0430\u0434\u0435\u043d\u0446\u0435\u0432, \u041f\u0435\u043b\u0435\u043d\u0430\u043b\u044c\u043d\u044b\u0435 \u0441\u0442\u043e\u043b\u0438\u043a\u0438 \u0438 \u043f\u043e\u043b\u043a\u0438, M\u0435\u0431\u0435\u043b\u044c, YappyKids -20%, Beebipood","description":"YappyTrygg majavoodi 90x200, natural, YappyTrygg on suurep&auml;rane lahendus, kui laps on suureks kasvanud ja vajab suuremat voodit. See multifunktsio","robots":{"index":"index","follow":"follow","max-snippet":"max-snippet:-1","max-image-preview":"max-image-preview:large","max-video-preview":"max-video-preview:-1"},"canonical":"https:\/\/beebipood.ee\/ru\/produkt\/yappytrygg-majavoodi-90x200-natural\/","og_locale":"ru_RU","og_type":"article","og_title":"YappyTrygg majavoodi 90x200, natural, \u041a\u0440\u043e\u0432\u0430\u0442\u0438 \u0434\u043b\u044f \u0434\u0435\u0442\u0435\u0439 \u0438 \u043f\u043e\u0434\u0440\u043e\u0441\u0442\u043a\u043e\u0432, \u041d\u041e\u0412\u042b\u0415 \u0422\u041e\u0412\u0410\u0420\u042b, \u0428\u0438\u0440\u0438\u043d\u0430 90c\u043c, \u041f\u0440\u0438\u043d\u0430\u0434\u043b\u0435\u0436\u043d\u043e\u0441\u0442\u0438 \u0434\u043b\u044f \u043c\u043b\u0430\u0434\u0435\u043d\u0446\u0435\u0432, \u041f\u0435\u043b\u0435\u043d\u0430\u043b\u044c\u043d\u044b\u0435 \u0441\u0442\u043e\u043b\u0438\u043a\u0438 \u0438 \u043f\u043e\u043b\u043a\u0438, M\u0435\u0431\u0435\u043b\u044c, YappyKids -20%, Beebipood","og_description":"YappyTrygg majavoodi 90x200, natural, YappyTrygg on suurep&auml;rane lahendus, kui laps on suureks kasvanud ja vajab suuremat voodit. See multifunktsio","og_url":"https:\/\/beebipood.ee\/ru\/produkt\/yappytrygg-majavoodi-90x200-natural\/","og_site_name":"Beebipood","article_modified_time":"2025-01-09T08:52:56+00:00","og_image":[{"width":1123,"height":893,"url":"https:\/\/beebipood.ee\/wp-content\/uploads\/2013\/09\/YappyTrygg-majavoodi-90x200-natural-Laste-ja-noortevoodid-UUED-TOOTED-90cm-laiused-Beebi-ja-lastetarbed-Mahkimisalused-ja-riiulid-Lastemoobel-ja-sisustus-YappyKids-20_2-dfa.jpg","type":"image\/jpeg"}],"twitter_card":"summary_large_image","twitter_misc":{"\u041f\u0440\u0438\u043c\u0435\u0440\u043d\u043e\u0435 \u0432\u0440\u0435\u043c\u044f \u0434\u043b\u044f \u0447\u0442\u0435\u043d\u0438\u044f":"1 \u043c\u0438\u043d\u0443\u0442\u0430"},"schema":{"@context":"https:\/\/schema.org","@graph":[{"@type":"WebPage","@id":"https:\/\/beebipood.ee\/ru\/produkt\/yappytrygg-majavoodi-90x200-natural\/","url":"https:\/\/beebipood.ee\/ru\/produkt\/yappytrygg-majavoodi-90x200-natural\/","name":"YappyTrygg majavoodi 90x200, natural, \u041a\u0440\u043e\u0432\u0430\u0442\u0438 \u0434\u043b\u044f \u0434\u0435\u0442\u0435\u0439 \u0438 \u043f\u043e\u0434\u0440\u043e\u0441\u0442\u043a\u043e\u0432, \u041d\u041e\u0412\u042b\u0415 \u0422\u041e\u0412\u0410\u0420\u042b, \u0428\u0438\u0440\u0438\u043d\u0430 90c\u043c, \u041f\u0440\u0438\u043d\u0430\u0434\u043b\u0435\u0436\u043d\u043e\u0441\u0442\u0438 \u0434\u043b\u044f \u043c\u043b\u0430\u0434\u0435\u043d\u0446\u0435\u0432, \u041f\u0435\u043b\u0435\u043d\u0430\u043b\u044c\u043d\u044b\u0435 \u0441\u0442\u043e\u043b\u0438\u043a\u0438 \u0438 \u043f\u043e\u043b\u043a\u0438, M\u0435\u0431\u0435\u043b\u044c, YappyKids -20%, Beebipood","isPartOf":{"@id":"https:\/\/beebipood.ee\/ru\/#website"},"primaryImageOfPage":{"@id":"https:\/\/beebipood.ee\/ru\/produkt\/yappytrygg-majavoodi-90x200-natural\/#primaryimage"},"image":{"@id":"https:\/\/beebipood.ee\/ru\/produkt\/yappytrygg-majavoodi-90x200-natural\/#primaryimage"},"thumbnailUrl":"https:\/\/beebipood.ee\/wp-content\/uploads\/2013\/09\/YappyTrygg-majavoodi-90x200-natural-Laste-ja-noortevoodid-UUED-TOOTED-90cm-laiused-Beebi-ja-lastetarbed-Mahkimisalused-ja-riiulid-Lastemoobel-ja-sisustus-YappyKids-20_2-dfa.jpg","datePublished":"2013-09-02T10:30:04+00:00","dateModified":"2025-01-09T08:52:56+00:00","description":"YappyTrygg majavoodi 90x200, natural, YappyTrygg on suurep&auml;rane lahendus, kui laps on suureks kasvanud ja vajab suuremat voodit. See multifunktsio","breadcrumb":{"@id":"https:\/\/beebipood.ee\/ru\/produkt\/yappytrygg-majavoodi-90x200-natural\/#breadcrumb"},"inLanguage":"ru-RU","potentialAction":[{"@type":"ReadAction","target":["https:\/\/beebipood.ee\/ru\/produkt\/yappytrygg-majavoodi-90x200-natural\/"]}]},{"@type":"ImageObject","inLanguage":"ru-RU","@id":"https:\/\/beebipood.ee\/ru\/produkt\/yappytrygg-majavoodi-90x200-natural\/#primaryimage","url":"https:\/\/beebipood.ee\/wp-content\/uploads\/2013\/09\/YappyTrygg-majavoodi-90x200-natural-Laste-ja-noortevoodid-UUED-TOOTED-90cm-laiused-Beebi-ja-lastetarbed-Mahkimisalused-ja-riiulid-Lastemoobel-ja-sisustus-YappyKids-20_2-dfa.jpg","contentUrl":"https:\/\/beebipood.ee\/wp-content\/uploads\/2013\/09\/YappyTrygg-majavoodi-90x200-natural-Laste-ja-noortevoodid-UUED-TOOTED-90cm-laiused-Beebi-ja-lastetarbed-Mahkimisalused-ja-riiulid-Lastemoobel-ja-sisustus-YappyKids-20_2-dfa.jpg","width":1123,"height":893},{"@type":"BreadcrumbList","@id":"https:\/\/beebipood.ee\/ru\/produkt\/yappytrygg-majavoodi-90x200-natural\/#breadcrumb","itemListElement":[{"@type":"ListItem","position":1,"name":"Home","item":"https:\/\/beebipood.ee\/ru\/"},{"@type":"ListItem","position":2,"name":"\u041a\u0430\u0442\u0430\u043b\u043e\u0433 \u0442\u043e\u0432\u0430\u0440\u043e\u0432","item":"https:\/\/beebipood.ee\/tooted\/"},{"@type":"ListItem","position":3,"name":"YappyTrygg majavoodi 90&#215;200, natural"}]},{"@type":"WebSite","@id":"https:\/\/beebipood.ee\/ru\/#website","url":"https:\/\/beebipood.ee\/ru\/","name":"Beebipood","description":"Lastekaubad, beebikaubad, m\u00e4nguasjad","publisher":{"@id":"https:\/\/beebipood.ee\/ru\/#organization"},"potentialAction":[{"@type":"SearchAction","target":{"@type":"EntryPoint","urlTemplate":"https:\/\/beebipood.ee\/ru\/?s={search_term_string}"},"query-input":{"@type":"PropertyValueSpecification","valueRequired":true,"valueName":"search_term_string"}}],"inLanguage":"ru-RU"},{"@type":"Organization","@id":"https:\/\/beebipood.ee\/ru\/#organization","name":"Beebipood","url":"https:\/\/beebipood.ee\/ru\/","logo":{"@type":"ImageObject","inLanguage":"ru-RU","@id":"https:\/\/beebipood.ee\/ru\/#\/schema\/logo\/image\/","url":"https:\/\/beebipood.ee\/wp-content\/uploads\/2025\/03\/beebipood.ee-logo-1.svg","contentUrl":"https:\/\/beebipood.ee\/wp-content\/uploads\/2025\/03\/beebipood.ee-logo-1.svg","caption":"Beebipood"},"image":{"@id":"https:\/\/beebipood.ee\/ru\/#\/schema\/logo\/image\/"}}]}},"brands":[{"id":11969,"name":"YappyKids","slug":"yappykids-ru"}],"_links":{"self":[{"href":"https:\/\/beebipood.ee\/ru\/wp-json\/wp\/v2\/product\/453864","targetHints":{"allow":["GET"]}}],"collection":[{"href":"https:\/\/beebipood.ee\/ru\/wp-json\/wp\/v2\/product"}],"about":[{"href":"https:\/\/beebipood.ee\/ru\/wp-json\/wp\/v2\/types\/product"}],"wp:featuredmedia":[{"embeddable":true,"href":"https:\/\/beebipood.ee\/ru\/wp-json\/wp\/v2\/media\/142890"}],"wp:attachment":[{"href":"https:\/\/beebipood.ee\/ru\/wp-json\/wp\/v2\/media?parent=453864"}],"wp:term":[{"taxonomy":"pwb-brand","embeddable":true,"href":"https:\/\/beebipood.ee\/ru\/wp-json\/wp\/v2\/pwb-brand?post=453864"},{"taxonomy":"product_brand","embeddable":true,"href":"https:\/\/beebipood.ee\/ru\/wp-json\/wp\/v2\/product_brand?post=453864"},{"taxonomy":"product_cat","embeddable":true,"href":"https:\/\/beebipood.ee\/ru\/wp-json\/wp\/v2\/product_cat?post=453864"},{"taxonomy":"product_tag","embeddable":true,"href":"https:\/\/beebipood.ee\/ru\/wp-json\/wp\/v2\/product_tag?post=453864"}],"curies":[{"name":"wp","href":"https:\/\/api.w.org\/{rel}","templated":true}]}}