{"id":453906,"date":"2013-09-02T13:30:23","date_gmt":"2013-09-02T10:30:23","guid":{"rendered":"https:\/\/beebipood.ee\/toode\/vedrumadrats-hypnos-theia-160x200cm\/"},"modified":"2025-01-09T10:52:54","modified_gmt":"2025-01-09T08:52:54","slug":"vedrumadrats-hypnos-theia-160x200cm","status":"publish","type":"product","link":"https:\/\/beebipood.ee\/ru\/produkt\/vedrumadrats-hypnos-theia-160x200cm\/","title":{"rendered":"Vedrumadrats Hypnos Theia 160x200cm"},"content":{"rendered":"<ul>\n<li>Erineva j\u00e4ikusega kahepoolne vedrumadrats pocket vedrustusega<\/li>\n<li>245 vedru\/m\u00b2, vedru l\u00e4bim\u00f5\u00f5t 1,9 mm<\/li>\n<li>\u00fchel pool vedruploki peal tugev kookosematt, mis on vooderdatud puuvillaga<\/li>\n<li>teisel pool pehmenduseks poroloon, mis on vooderdatud puuvillaga<\/li>\n<li>t\u00e4nu erinevatele pooltele saab valida just endale sobiva j\u00e4ikusega poole<\/li>\n<li>kvaliteetne veniv kangas Silver Protect t\u00f6\u00f6tlusega &#8212; kaitse tolmulestade,<\/li>\n<li>bakterite vastu, soodustab niiskuse \u00e4rajuhtimist magamiskohalt<\/li>\n<li>sobib normaalkaalule ja raskematele<\/li>\n<li>valmistatud Eestis<\/li>\n<\/ul>\n","protected":false},"excerpt":{"rendered":"<p>Erineva j\u00e4ikusega kahepoolne vedrumadrats pocket vedrustusega 245 vedru\/m\u00b2, vedru l\u00e4bim\u00f5\u00f5t 1,9 mm \u00fchel pool vedruploki peal tugev kookosematt, mis on vooderdatud puuvillaga teisel pool pehmenduseks poroloon, mis on vooderdatud puuvillaga t\u00e4nu erinevatele pooltele saab valida just endale sobiva j\u00e4ikusega poole kvaliteetne veniv kangas Silver Protect t\u00f6\u00f6tlusega &#8212; kaitse tolmulestade, bakterite vastu, soodustab niiskuse \u00e4rajuhtimist magamiskohalt [&hellip;]<\/p>\n","protected":false},"featured_media":98517,"template":"","meta":{"_acf_changed":false},"pwb-brand":[11951],"product_brand":[],"product_cat":[11607,11563],"product_tag":[],"class_list":{"0":"post-453906","1":"product","2":"type-product","3":"status-publish","4":"has-post-thumbnail","6":"pwb-brand-hypnos-ru","7":"product_cat-kuni-160cm-laiused-ru","8":"product_cat-madratsid-ja-kattemadratsid-ru","9":"pa_manufacturer-hypnos-ru","11":"first","12":"outofstock","13":"taxable","14":"shipping-taxable","15":"purchasable","16":"product-type-simple"},"exclude_global_add_ons":[],"addons":[],"acf":[],"yoast_head":"<!-- This site is optimized with the Yoast SEO plugin v27.1.1 - https:\/\/yoast.com\/product\/yoast-seo-wordpress\/ -->\n<title>Vedrumadrats Hypnos Theia 160x200cm, \u041c\u0430\u0442\u0440\u0430\u0441\u044b \u0438 \u043c\u0430\u0442\u0440\u0430\u0441\u044b-\u043f\u043e\u043a\u0440\u044b\u0432\u0430\u043b\u0430, \u0428\u0438\u0440\u0438\u043d\u043e\u0439 \u0434\u043e 160 c\u043c, Beebipood<\/title>\n<meta name=\"description\" content=\"Vedrumadrats Hypnos Theia 160x200cm, Erineva j&auml;ikusega kahepoolne vedrumadrats pocket vedrustusega 245 vedru\/m&sup2;, vedru l&auml;bim&amp;\" \/>\n<meta name=\"robots\" content=\"index, follow, max-snippet:-1, max-image-preview:large, max-video-preview:-1\" \/>\n<link rel=\"canonical\" href=\"https:\/\/beebipood.ee\/ru\/produkt\/vedrumadrats-hypnos-theia-160x200cm\/\" \/>\n<meta property=\"og:locale\" content=\"ru_RU\" \/>\n<meta property=\"og:type\" content=\"article\" \/>\n<meta property=\"og:title\" content=\"Vedrumadrats Hypnos Theia 160x200cm, \u041c\u0430\u0442\u0440\u0430\u0441\u044b \u0438 \u043c\u0430\u0442\u0440\u0430\u0441\u044b-\u043f\u043e\u043a\u0440\u044b\u0432\u0430\u043b\u0430, \u0428\u0438\u0440\u0438\u043d\u043e\u0439 \u0434\u043e 160 c\u043c, Beebipood\" \/>\n<meta property=\"og:description\" content=\"Vedrumadrats Hypnos Theia 160x200cm, Erineva j&auml;ikusega kahepoolne vedrumadrats pocket vedrustusega 245 vedru\/m&sup2;, vedru l&auml;bim&amp;\" \/>\n<meta property=\"og:url\" content=\"https:\/\/beebipood.ee\/ru\/produkt\/vedrumadrats-hypnos-theia-160x200cm\/\" \/>\n<meta property=\"og:site_name\" content=\"Beebipood\" \/>\n<meta property=\"article:modified_time\" content=\"2025-01-09T08:52:54+00:00\" \/>\n<meta property=\"og:image\" content=\"https:\/\/beebipood.ee\/wp-content\/uploads\/2013\/09\/Vedrumadrats-Hypnos-Theia-160x200cm-Madratsid-ja-kattemadratsid-Kuni-160cm-laiused_2-4ee.jpg\" \/>\n\t<meta property=\"og:image:width\" content=\"684\" \/>\n\t<meta property=\"og:image:height\" content=\"512\" \/>\n\t<meta property=\"og:image:type\" content=\"image\/jpeg\" \/>\n<meta name=\"twitter:card\" content=\"summary_large_image\" \/>\n<script type=\"application\/ld+json\" class=\"yoast-schema-graph\">{\"@context\":\"https:\/\/schema.org\",\"@graph\":[{\"@type\":\"WebPage\",\"@id\":\"https:\/\/beebipood.ee\/ru\/produkt\/vedrumadrats-hypnos-theia-160x200cm\/\",\"url\":\"https:\/\/beebipood.ee\/ru\/produkt\/vedrumadrats-hypnos-theia-160x200cm\/\",\"name\":\"Vedrumadrats Hypnos Theia 160x200cm, \u041c\u0430\u0442\u0440\u0430\u0441\u044b \u0438 \u043c\u0430\u0442\u0440\u0430\u0441\u044b-\u043f\u043e\u043a\u0440\u044b\u0432\u0430\u043b\u0430, \u0428\u0438\u0440\u0438\u043d\u043e\u0439 \u0434\u043e 160 c\u043c, Beebipood\",\"isPartOf\":{\"@id\":\"https:\/\/beebipood.ee\/ru\/#website\"},\"primaryImageOfPage\":{\"@id\":\"https:\/\/beebipood.ee\/ru\/produkt\/vedrumadrats-hypnos-theia-160x200cm\/#primaryimage\"},\"image\":{\"@id\":\"https:\/\/beebipood.ee\/ru\/produkt\/vedrumadrats-hypnos-theia-160x200cm\/#primaryimage\"},\"thumbnailUrl\":\"https:\/\/beebipood.ee\/wp-content\/uploads\/2013\/09\/Vedrumadrats-Hypnos-Theia-160x200cm-Madratsid-ja-kattemadratsid-Kuni-160cm-laiused_2-4ee.jpg\",\"datePublished\":\"2013-09-02T10:30:23+00:00\",\"dateModified\":\"2025-01-09T08:52:54+00:00\",\"description\":\"Vedrumadrats Hypnos Theia 160x200cm, Erineva j&auml;ikusega kahepoolne vedrumadrats pocket vedrustusega 245 vedru\/m&sup2;, vedru l&auml;bim&\",\"breadcrumb\":{\"@id\":\"https:\/\/beebipood.ee\/ru\/produkt\/vedrumadrats-hypnos-theia-160x200cm\/#breadcrumb\"},\"inLanguage\":\"ru-RU\",\"potentialAction\":[{\"@type\":\"ReadAction\",\"target\":[\"https:\/\/beebipood.ee\/ru\/produkt\/vedrumadrats-hypnos-theia-160x200cm\/\"]}]},{\"@type\":\"ImageObject\",\"inLanguage\":\"ru-RU\",\"@id\":\"https:\/\/beebipood.ee\/ru\/produkt\/vedrumadrats-hypnos-theia-160x200cm\/#primaryimage\",\"url\":\"https:\/\/beebipood.ee\/wp-content\/uploads\/2013\/09\/Vedrumadrats-Hypnos-Theia-160x200cm-Madratsid-ja-kattemadratsid-Kuni-160cm-laiused_2-4ee.jpg\",\"contentUrl\":\"https:\/\/beebipood.ee\/wp-content\/uploads\/2013\/09\/Vedrumadrats-Hypnos-Theia-160x200cm-Madratsid-ja-kattemadratsid-Kuni-160cm-laiused_2-4ee.jpg\",\"width\":684,\"height\":512},{\"@type\":\"BreadcrumbList\",\"@id\":\"https:\/\/beebipood.ee\/ru\/produkt\/vedrumadrats-hypnos-theia-160x200cm\/#breadcrumb\",\"itemListElement\":[{\"@type\":\"ListItem\",\"position\":1,\"name\":\"Home\",\"item\":\"https:\/\/beebipood.ee\/ru\/\"},{\"@type\":\"ListItem\",\"position\":2,\"name\":\"\u041a\u0430\u0442\u0430\u043b\u043e\u0433 \u0442\u043e\u0432\u0430\u0440\u043e\u0432\",\"item\":\"https:\/\/beebipood.ee\/tooted\/\"},{\"@type\":\"ListItem\",\"position\":3,\"name\":\"Vedrumadrats Hypnos Theia 160x200cm\"}]},{\"@type\":\"WebSite\",\"@id\":\"https:\/\/beebipood.ee\/ru\/#website\",\"url\":\"https:\/\/beebipood.ee\/ru\/\",\"name\":\"Beebipood\",\"description\":\"Lastekaubad, beebikaubad, m\u00e4nguasjad\",\"publisher\":{\"@id\":\"https:\/\/beebipood.ee\/ru\/#organization\"},\"potentialAction\":[{\"@type\":\"SearchAction\",\"target\":{\"@type\":\"EntryPoint\",\"urlTemplate\":\"https:\/\/beebipood.ee\/ru\/?s={search_term_string}\"},\"query-input\":{\"@type\":\"PropertyValueSpecification\",\"valueRequired\":true,\"valueName\":\"search_term_string\"}}],\"inLanguage\":\"ru-RU\"},{\"@type\":\"Organization\",\"@id\":\"https:\/\/beebipood.ee\/ru\/#organization\",\"name\":\"Beebipood\",\"url\":\"https:\/\/beebipood.ee\/ru\/\",\"logo\":{\"@type\":\"ImageObject\",\"inLanguage\":\"ru-RU\",\"@id\":\"https:\/\/beebipood.ee\/ru\/#\/schema\/logo\/image\/\",\"url\":\"https:\/\/beebipood.ee\/wp-content\/uploads\/2025\/03\/beebipood.ee-logo-1.svg\",\"contentUrl\":\"https:\/\/beebipood.ee\/wp-content\/uploads\/2025\/03\/beebipood.ee-logo-1.svg\",\"caption\":\"Beebipood\"},\"image\":{\"@id\":\"https:\/\/beebipood.ee\/ru\/#\/schema\/logo\/image\/\"}}]}<\/script>\n<!-- \/ Yoast SEO plugin. -->","yoast_head_json":{"title":"Vedrumadrats Hypnos Theia 160x200cm, \u041c\u0430\u0442\u0440\u0430\u0441\u044b \u0438 \u043c\u0430\u0442\u0440\u0430\u0441\u044b-\u043f\u043e\u043a\u0440\u044b\u0432\u0430\u043b\u0430, \u0428\u0438\u0440\u0438\u043d\u043e\u0439 \u0434\u043e 160 c\u043c, Beebipood","description":"Vedrumadrats Hypnos Theia 160x200cm, Erineva j&auml;ikusega kahepoolne vedrumadrats pocket vedrustusega 245 vedru\/m&sup2;, vedru l&auml;bim&","robots":{"index":"index","follow":"follow","max-snippet":"max-snippet:-1","max-image-preview":"max-image-preview:large","max-video-preview":"max-video-preview:-1"},"canonical":"https:\/\/beebipood.ee\/ru\/produkt\/vedrumadrats-hypnos-theia-160x200cm\/","og_locale":"ru_RU","og_type":"article","og_title":"Vedrumadrats Hypnos Theia 160x200cm, \u041c\u0430\u0442\u0440\u0430\u0441\u044b \u0438 \u043c\u0430\u0442\u0440\u0430\u0441\u044b-\u043f\u043e\u043a\u0440\u044b\u0432\u0430\u043b\u0430, \u0428\u0438\u0440\u0438\u043d\u043e\u0439 \u0434\u043e 160 c\u043c, Beebipood","og_description":"Vedrumadrats Hypnos Theia 160x200cm, Erineva j&auml;ikusega kahepoolne vedrumadrats pocket vedrustusega 245 vedru\/m&sup2;, vedru l&auml;bim&","og_url":"https:\/\/beebipood.ee\/ru\/produkt\/vedrumadrats-hypnos-theia-160x200cm\/","og_site_name":"Beebipood","article_modified_time":"2025-01-09T08:52:54+00:00","og_image":[{"width":684,"height":512,"url":"https:\/\/beebipood.ee\/wp-content\/uploads\/2013\/09\/Vedrumadrats-Hypnos-Theia-160x200cm-Madratsid-ja-kattemadratsid-Kuni-160cm-laiused_2-4ee.jpg","type":"image\/jpeg"}],"twitter_card":"summary_large_image","schema":{"@context":"https:\/\/schema.org","@graph":[{"@type":"WebPage","@id":"https:\/\/beebipood.ee\/ru\/produkt\/vedrumadrats-hypnos-theia-160x200cm\/","url":"https:\/\/beebipood.ee\/ru\/produkt\/vedrumadrats-hypnos-theia-160x200cm\/","name":"Vedrumadrats Hypnos Theia 160x200cm, \u041c\u0430\u0442\u0440\u0430\u0441\u044b \u0438 \u043c\u0430\u0442\u0440\u0430\u0441\u044b-\u043f\u043e\u043a\u0440\u044b\u0432\u0430\u043b\u0430, \u0428\u0438\u0440\u0438\u043d\u043e\u0439 \u0434\u043e 160 c\u043c, Beebipood","isPartOf":{"@id":"https:\/\/beebipood.ee\/ru\/#website"},"primaryImageOfPage":{"@id":"https:\/\/beebipood.ee\/ru\/produkt\/vedrumadrats-hypnos-theia-160x200cm\/#primaryimage"},"image":{"@id":"https:\/\/beebipood.ee\/ru\/produkt\/vedrumadrats-hypnos-theia-160x200cm\/#primaryimage"},"thumbnailUrl":"https:\/\/beebipood.ee\/wp-content\/uploads\/2013\/09\/Vedrumadrats-Hypnos-Theia-160x200cm-Madratsid-ja-kattemadratsid-Kuni-160cm-laiused_2-4ee.jpg","datePublished":"2013-09-02T10:30:23+00:00","dateModified":"2025-01-09T08:52:54+00:00","description":"Vedrumadrats Hypnos Theia 160x200cm, Erineva j&auml;ikusega kahepoolne vedrumadrats pocket vedrustusega 245 vedru\/m&sup2;, vedru l&auml;bim&","breadcrumb":{"@id":"https:\/\/beebipood.ee\/ru\/produkt\/vedrumadrats-hypnos-theia-160x200cm\/#breadcrumb"},"inLanguage":"ru-RU","potentialAction":[{"@type":"ReadAction","target":["https:\/\/beebipood.ee\/ru\/produkt\/vedrumadrats-hypnos-theia-160x200cm\/"]}]},{"@type":"ImageObject","inLanguage":"ru-RU","@id":"https:\/\/beebipood.ee\/ru\/produkt\/vedrumadrats-hypnos-theia-160x200cm\/#primaryimage","url":"https:\/\/beebipood.ee\/wp-content\/uploads\/2013\/09\/Vedrumadrats-Hypnos-Theia-160x200cm-Madratsid-ja-kattemadratsid-Kuni-160cm-laiused_2-4ee.jpg","contentUrl":"https:\/\/beebipood.ee\/wp-content\/uploads\/2013\/09\/Vedrumadrats-Hypnos-Theia-160x200cm-Madratsid-ja-kattemadratsid-Kuni-160cm-laiused_2-4ee.jpg","width":684,"height":512},{"@type":"BreadcrumbList","@id":"https:\/\/beebipood.ee\/ru\/produkt\/vedrumadrats-hypnos-theia-160x200cm\/#breadcrumb","itemListElement":[{"@type":"ListItem","position":1,"name":"Home","item":"https:\/\/beebipood.ee\/ru\/"},{"@type":"ListItem","position":2,"name":"\u041a\u0430\u0442\u0430\u043b\u043e\u0433 \u0442\u043e\u0432\u0430\u0440\u043e\u0432","item":"https:\/\/beebipood.ee\/tooted\/"},{"@type":"ListItem","position":3,"name":"Vedrumadrats Hypnos Theia 160x200cm"}]},{"@type":"WebSite","@id":"https:\/\/beebipood.ee\/ru\/#website","url":"https:\/\/beebipood.ee\/ru\/","name":"Beebipood","description":"Lastekaubad, beebikaubad, m\u00e4nguasjad","publisher":{"@id":"https:\/\/beebipood.ee\/ru\/#organization"},"potentialAction":[{"@type":"SearchAction","target":{"@type":"EntryPoint","urlTemplate":"https:\/\/beebipood.ee\/ru\/?s={search_term_string}"},"query-input":{"@type":"PropertyValueSpecification","valueRequired":true,"valueName":"search_term_string"}}],"inLanguage":"ru-RU"},{"@type":"Organization","@id":"https:\/\/beebipood.ee\/ru\/#organization","name":"Beebipood","url":"https:\/\/beebipood.ee\/ru\/","logo":{"@type":"ImageObject","inLanguage":"ru-RU","@id":"https:\/\/beebipood.ee\/ru\/#\/schema\/logo\/image\/","url":"https:\/\/beebipood.ee\/wp-content\/uploads\/2025\/03\/beebipood.ee-logo-1.svg","contentUrl":"https:\/\/beebipood.ee\/wp-content\/uploads\/2025\/03\/beebipood.ee-logo-1.svg","caption":"Beebipood"},"image":{"@id":"https:\/\/beebipood.ee\/ru\/#\/schema\/logo\/image\/"}}]}},"brands":[{"id":11951,"name":"Hypnos","slug":"hypnos-ru"}],"_links":{"self":[{"href":"https:\/\/beebipood.ee\/ru\/wp-json\/wp\/v2\/product\/453906","targetHints":{"allow":["GET"]}}],"collection":[{"href":"https:\/\/beebipood.ee\/ru\/wp-json\/wp\/v2\/product"}],"about":[{"href":"https:\/\/beebipood.ee\/ru\/wp-json\/wp\/v2\/types\/product"}],"wp:featuredmedia":[{"embeddable":true,"href":"https:\/\/beebipood.ee\/ru\/wp-json\/wp\/v2\/media\/98517"}],"wp:attachment":[{"href":"https:\/\/beebipood.ee\/ru\/wp-json\/wp\/v2\/media?parent=453906"}],"wp:term":[{"taxonomy":"pwb-brand","embeddable":true,"href":"https:\/\/beebipood.ee\/ru\/wp-json\/wp\/v2\/pwb-brand?post=453906"},{"taxonomy":"product_brand","embeddable":true,"href":"https:\/\/beebipood.ee\/ru\/wp-json\/wp\/v2\/product_brand?post=453906"},{"taxonomy":"product_cat","embeddable":true,"href":"https:\/\/beebipood.ee\/ru\/wp-json\/wp\/v2\/product_cat?post=453906"},{"taxonomy":"product_tag","embeddable":true,"href":"https:\/\/beebipood.ee\/ru\/wp-json\/wp\/v2\/product_tag?post=453906"}],"curies":[{"name":"wp","href":"https:\/\/api.w.org\/{rel}","templated":true}]}}