{"id":453914,"date":"2013-09-02T13:30:27","date_gmt":"2013-09-02T10:30:27","guid":{"rendered":"https:\/\/beebipood.ee\/toode\/thule-alfi-isofix-alus\/"},"modified":"2025-01-09T10:52:54","modified_gmt":"2025-01-09T08:52:54","slug":"thule-alfi-isofix-alus","status":"publish","type":"product","link":"https:\/\/beebipood.ee\/ru\/produkt\/thule-alfi-isofix-alus\/","title":{"rendered":"Thule Alfi Isofix alus"},"content":{"rendered":"<p>Kogege stressivaba paigaldust ja t\u00e4ielikku meelerahu Thule Alfi ISOFIX alusega, <br \/>mis tagab t\u00e4nu Thule SenseAffirm Systemile turvalise seadistuse. <br \/>Thule Alfi tagab turvah\u00e4lli ja turvatooli kiire ja intuitiivse kinnitamise, <br \/>muutes reisid ohutumaks ja lihtsamaks.<br \/>ADAC testiv\u00f5itja 10\/2024 ja Red Dot disaini auhinna v\u00f5itja 2024.<br \/>Thule Alfi ISOFIX alus koos Thule Maple turvah\u00e4lliga said ADAC testis 1,6<br \/>mis t\u00f5estab Thule Maple silmapaistvat kvaliteeti.<\/p>\n<p><span style=\"text-decoration: underline;\">EasyDock tehnoloogia<\/span><br \/>Dokkige iste iga nurga alt autoukse juurde meie intuitiivse EasyDock s\u00fcsteemiga. <br \/>Lihtsalt p\u00f6\u00f6rake istet, kuni see oma kohale kl\u00f5psab, tagades enne iga s\u00f5itu t\u00f5rkekindla luku. <br \/>Nii lihtne see ongi &#8212; dokkige, lukustage ja olete valmis s\u00f5iduks<br \/><span style=\"text-decoration: underline;\">Lihtne paigaldamine<\/span><br \/>Thule Alfi aluse kinnitamine autosse on lihtne t\u00e4nu meie AcuTight tehnoloogiale, <br \/>mis v\u00f5imaldab turvalist aktiveerimist ainult siis, <br \/>kui m\u00f5lemad \u00fchendused on sisse l\u00fclitatud. Lihtsalt kuulake kl\u00f5psu; <br \/>See heli n\u00e4itab, et alus on korralikult suletud ja turvaliselt kinnitatud<br \/><span style=\"text-decoration: underline;\">Thule SenseAffirm s\u00fcsteem<\/span><br \/>Enam pole vaja arvata, kas teie turvatool on \u00f5igesti paigaldatud. <br \/>Meie digitaalne ekraan annab t\u00e4pseid juhiseid reguleerimiseks, <br \/>kinnitades teile, et k\u00f5ik on alati ideaalselt paigas<br \/><span style=\"text-decoration: underline;\">Intuitiivne digitaalne ekraan<\/span><br \/>Nautige meelerahu igal teekonnal meie intuitiivse ekraaniga, <br \/>millel on rohelised ja punased tuled, mis n\u00e4itavad selgelt, <br \/>kas paigaldus on turvaline. See on osa meie Thule SenseAffirm s\u00fcsteemist, <br \/>mis on loodud selleks, et pakkuda teile lihtsat ja visuaalset kinnitust<br \/><span style=\"text-decoration: underline;\">Peidetud vabastusnupp<\/span><br \/>Meie ISOFIX s\u00fcsteemil on h\u00f5lpsasti vajutatavad vabastamisnupud, <br \/>mis muudavad ISOFIXi hoidikute sirutamise v\u00f5i aluse autost vabastamise lihtsaks. <br \/>Aluse \u00fclaosale paigutatud nupud j\u00e4\u00e4vad turvaistme alla peitu, et v\u00e4ltida juhuslikke vabanemisi<br \/><span style=\"text-decoration: underline;\">Mitmek\u00fclgne \u00fchilduvus<\/span><br \/>Thule Alfi on loodud toetama nii turvah\u00e4lli kui ka turvatooli, <br \/>kasvades koos lapsega ja tagades pikaajalise v\u00e4\u00e4rtuse<br \/><span style=\"text-decoration: underline;\">Tugev ehitus<\/span><br \/>Valmistatud esmaklassilistest materjalidest, et taluda igap\u00e4evast kulumist, <br \/>r\u00f5hutades meie p\u00fchendumust kvaliteedile ja vastupidavusele<br \/><span style=\"text-decoration: underline;\">Reguleeritav tugijalg<\/span><br \/>Reguleeritav tugijalg kohandub teie auto istmega, <br \/>suurendades nii ohutust kui ka mugavust<br \/><span style=\"text-decoration: underline;\">Ohutuse uuesti m\u00e4\u00e4ratlemine<\/span><br \/>Tagasil\u00f6\u00f6givastane seade (ARD) on loodud kokkup\u00f5rke korral m\u00e4rkimisv\u00e4\u00e4rselt v\u00e4hendama l\u00f6\u00f6gij\u00f5udu, <br \/>pakkudes teie lapsele t\u00e4iendavat kaitsekihti ja ohutust<br \/><span style=\"text-decoration: underline;\">Istme vabastusnupp<\/span><br \/>Kergesti ligip\u00e4\u00e4setav vabastusnupp v\u00f5imaldab turvaistet lukustatud asendist p\u00f6\u00f6rata <br \/>k\u00fcljele muutes lapse istmele panemise ja sealt v\u00e4lja t\u00f5stmise lihtsamaks<\/p>\n<p><span style=\"text-decoration: underline;\">N\u00e4itajad<\/span><br \/>Sertifitseerimine: EN R129\/3, i-Size \u00fchilduv<br \/>Toote kaal: 7,4 kg<br \/>Maksimaalne lapse kaal: 18 kg<br \/>Sobib: Thule Maple h\u00e4lliga ja Thule Elm tooliga<\/p>\n","protected":false},"excerpt":{"rendered":"<p>Kogege stressivaba paigaldust ja t\u00e4ielikku meelerahu Thule Alfi ISOFIX alusega, mis tagab t\u00e4nu Thule SenseAffirm Systemile turvalise seadistuse. Thule Alfi tagab turvah\u00e4lli ja turvatooli kiire ja intuitiivse kinnitamise, muutes reisid ohutumaks ja lihtsamaks.ADAC testiv\u00f5itja 10\/2024 ja Red Dot disaini auhinna v\u00f5itja 2024.Thule Alfi ISOFIX alus koos Thule Maple turvah\u00e4lliga said ADAC testis 1,6mis t\u00f5estab Thule [&hellip;]<\/p>\n","protected":false},"featured_media":319452,"template":"","meta":{"_acf_changed":false},"pwb-brand":[11980],"product_brand":[],"product_cat":[11573,11727,11797,11791],"product_tag":[],"class_list":{"0":"post-453914","1":"product","2":"type-product","3":"status-publish","4":"has-post-thumbnail","6":"pwb-brand-thule-ru","7":"product_cat-sooduspakkumised-ru","8":"product_cat-turvatoolid-hallid-ru","9":"product_cat-lisatarvikud-ru-1","10":"product_cat-turvavarustus-ru","11":"pa_manufacturer-thule-ru","13":"first","14":"instock","15":"sale","16":"taxable","17":"shipping-taxable","18":"purchasable","19":"product-type-simple"},"exclude_global_add_ons":[],"addons":[],"acf":[],"yoast_head":"<!-- This site is optimized with the Yoast SEO plugin v27.1.1 - https:\/\/yoast.com\/product\/yoast-seo-wordpress\/ -->\n<title>Thule Alfi Isofix alus, \u0421\u041a\u0418\u0414\u041a\u0418, \u041d\u041e\u0412\u042b\u0415 \u0422\u041e\u0412\u0410\u0420\u042b, \u0410\u0432\u0442\u043e\u043a\u0440\u0435\u0441\u043b\u0430, \u043b\u044e\u043b\u044c\u043a\u0438, \u0421\u043d\u0430\u0440\u044f\u0436\u0435\u043d\u0438\u044f \u0431\u0435\u0437\u043e\u043f\u0430\u0441\u043d\u043e\u0441\u0442\u0438, \u0410\u043a\u0441\u0435\u0441\u0441\u0443\u0430\u0440\u044b, Beebipood<\/title>\n<meta name=\"description\" content=\"Thule Alfi Isofix alus, Kogege stressivaba paigaldust ja t&auml;ielikku meelerahu Thule Alfi ISOFIX alusega, mis tagab t&auml;nu Thule SenseAffirm Syst\" \/>\n<meta name=\"robots\" content=\"index, follow, max-snippet:-1, max-image-preview:large, max-video-preview:-1\" \/>\n<link rel=\"canonical\" href=\"https:\/\/beebipood.ee\/ru\/produkt\/thule-alfi-isofix-alus\/\" \/>\n<meta property=\"og:locale\" content=\"ru_RU\" \/>\n<meta property=\"og:type\" content=\"article\" \/>\n<meta property=\"og:title\" content=\"Thule Alfi Isofix alus, \u0421\u041a\u0418\u0414\u041a\u0418, \u041d\u041e\u0412\u042b\u0415 \u0422\u041e\u0412\u0410\u0420\u042b, \u0410\u0432\u0442\u043e\u043a\u0440\u0435\u0441\u043b\u0430, \u043b\u044e\u043b\u044c\u043a\u0438, \u0421\u043d\u0430\u0440\u044f\u0436\u0435\u043d\u0438\u044f \u0431\u0435\u0437\u043e\u043f\u0430\u0441\u043d\u043e\u0441\u0442\u0438, \u0410\u043a\u0441\u0435\u0441\u0441\u0443\u0430\u0440\u044b, Beebipood\" \/>\n<meta property=\"og:description\" content=\"Thule Alfi Isofix alus, Kogege stressivaba paigaldust ja t&auml;ielikku meelerahu Thule Alfi ISOFIX alusega, mis tagab t&auml;nu Thule SenseAffirm Syst\" \/>\n<meta property=\"og:url\" content=\"https:\/\/beebipood.ee\/ru\/produkt\/thule-alfi-isofix-alus\/\" \/>\n<meta property=\"og:site_name\" content=\"Beebipood\" \/>\n<meta property=\"article:modified_time\" content=\"2025-01-09T08:52:54+00:00\" \/>\n<meta property=\"og:image\" content=\"https:\/\/beebipood.ee\/wp-content\/uploads\/2013\/09\/Thule-Alfie-Isofix-alus-Turvatoolid-hallid-Turvahallid-Turvavarustus_2-2a7.jpg\" \/>\n\t<meta property=\"og:image:width\" content=\"1440\" \/>\n\t<meta property=\"og:image:height\" content=\"960\" \/>\n\t<meta property=\"og:image:type\" content=\"image\/jpeg\" \/>\n<meta name=\"twitter:card\" content=\"summary_large_image\" \/>\n<meta name=\"twitter:label1\" content=\"\u041f\u0440\u0438\u043c\u0435\u0440\u043d\u043e\u0435 \u0432\u0440\u0435\u043c\u044f \u0434\u043b\u044f \u0447\u0442\u0435\u043d\u0438\u044f\" \/>\n\t<meta name=\"twitter:data1\" content=\"2 \u043c\u0438\u043d\u0443\u0442\u044b\" \/>\n<script type=\"application\/ld+json\" class=\"yoast-schema-graph\">{\"@context\":\"https:\/\/schema.org\",\"@graph\":[{\"@type\":\"WebPage\",\"@id\":\"https:\/\/beebipood.ee\/ru\/produkt\/thule-alfi-isofix-alus\/\",\"url\":\"https:\/\/beebipood.ee\/ru\/produkt\/thule-alfi-isofix-alus\/\",\"name\":\"Thule Alfi Isofix alus, \u0421\u041a\u0418\u0414\u041a\u0418, \u041d\u041e\u0412\u042b\u0415 \u0422\u041e\u0412\u0410\u0420\u042b, \u0410\u0432\u0442\u043e\u043a\u0440\u0435\u0441\u043b\u0430, \u043b\u044e\u043b\u044c\u043a\u0438, \u0421\u043d\u0430\u0440\u044f\u0436\u0435\u043d\u0438\u044f \u0431\u0435\u0437\u043e\u043f\u0430\u0441\u043d\u043e\u0441\u0442\u0438, \u0410\u043a\u0441\u0435\u0441\u0441\u0443\u0430\u0440\u044b, Beebipood\",\"isPartOf\":{\"@id\":\"https:\/\/beebipood.ee\/ru\/#website\"},\"primaryImageOfPage\":{\"@id\":\"https:\/\/beebipood.ee\/ru\/produkt\/thule-alfi-isofix-alus\/#primaryimage\"},\"image\":{\"@id\":\"https:\/\/beebipood.ee\/ru\/produkt\/thule-alfi-isofix-alus\/#primaryimage\"},\"thumbnailUrl\":\"https:\/\/beebipood.ee\/wp-content\/uploads\/2013\/09\/Thule-Alfie-Isofix-alus-Turvatoolid-hallid-Turvahallid-Turvavarustus_2-2a7.jpg\",\"datePublished\":\"2013-09-02T10:30:27+00:00\",\"dateModified\":\"2025-01-09T08:52:54+00:00\",\"description\":\"Thule Alfi Isofix alus, Kogege stressivaba paigaldust ja t&auml;ielikku meelerahu Thule Alfi ISOFIX alusega, mis tagab t&auml;nu Thule SenseAffirm Syst\",\"breadcrumb\":{\"@id\":\"https:\/\/beebipood.ee\/ru\/produkt\/thule-alfi-isofix-alus\/#breadcrumb\"},\"inLanguage\":\"ru-RU\",\"potentialAction\":[{\"@type\":\"ReadAction\",\"target\":[\"https:\/\/beebipood.ee\/ru\/produkt\/thule-alfi-isofix-alus\/\"]}]},{\"@type\":\"ImageObject\",\"inLanguage\":\"ru-RU\",\"@id\":\"https:\/\/beebipood.ee\/ru\/produkt\/thule-alfi-isofix-alus\/#primaryimage\",\"url\":\"https:\/\/beebipood.ee\/wp-content\/uploads\/2013\/09\/Thule-Alfie-Isofix-alus-Turvatoolid-hallid-Turvahallid-Turvavarustus_2-2a7.jpg\",\"contentUrl\":\"https:\/\/beebipood.ee\/wp-content\/uploads\/2013\/09\/Thule-Alfie-Isofix-alus-Turvatoolid-hallid-Turvahallid-Turvavarustus_2-2a7.jpg\",\"width\":1440,\"height\":960},{\"@type\":\"BreadcrumbList\",\"@id\":\"https:\/\/beebipood.ee\/ru\/produkt\/thule-alfi-isofix-alus\/#breadcrumb\",\"itemListElement\":[{\"@type\":\"ListItem\",\"position\":1,\"name\":\"Home\",\"item\":\"https:\/\/beebipood.ee\/ru\/\"},{\"@type\":\"ListItem\",\"position\":2,\"name\":\"\u041a\u0430\u0442\u0430\u043b\u043e\u0433 \u0442\u043e\u0432\u0430\u0440\u043e\u0432\",\"item\":\"https:\/\/beebipood.ee\/tooted\/\"},{\"@type\":\"ListItem\",\"position\":3,\"name\":\"Thule Alfi Isofix alus\"}]},{\"@type\":\"WebSite\",\"@id\":\"https:\/\/beebipood.ee\/ru\/#website\",\"url\":\"https:\/\/beebipood.ee\/ru\/\",\"name\":\"Beebipood\",\"description\":\"Lastekaubad, beebikaubad, m\u00e4nguasjad\",\"publisher\":{\"@id\":\"https:\/\/beebipood.ee\/ru\/#organization\"},\"potentialAction\":[{\"@type\":\"SearchAction\",\"target\":{\"@type\":\"EntryPoint\",\"urlTemplate\":\"https:\/\/beebipood.ee\/ru\/?s={search_term_string}\"},\"query-input\":{\"@type\":\"PropertyValueSpecification\",\"valueRequired\":true,\"valueName\":\"search_term_string\"}}],\"inLanguage\":\"ru-RU\"},{\"@type\":\"Organization\",\"@id\":\"https:\/\/beebipood.ee\/ru\/#organization\",\"name\":\"Beebipood\",\"url\":\"https:\/\/beebipood.ee\/ru\/\",\"logo\":{\"@type\":\"ImageObject\",\"inLanguage\":\"ru-RU\",\"@id\":\"https:\/\/beebipood.ee\/ru\/#\/schema\/logo\/image\/\",\"url\":\"https:\/\/beebipood.ee\/wp-content\/uploads\/2025\/03\/beebipood.ee-logo-1.svg\",\"contentUrl\":\"https:\/\/beebipood.ee\/wp-content\/uploads\/2025\/03\/beebipood.ee-logo-1.svg\",\"caption\":\"Beebipood\"},\"image\":{\"@id\":\"https:\/\/beebipood.ee\/ru\/#\/schema\/logo\/image\/\"}}]}<\/script>\n<!-- \/ Yoast SEO plugin. -->","yoast_head_json":{"title":"Thule Alfi Isofix alus, \u0421\u041a\u0418\u0414\u041a\u0418, \u041d\u041e\u0412\u042b\u0415 \u0422\u041e\u0412\u0410\u0420\u042b, \u0410\u0432\u0442\u043e\u043a\u0440\u0435\u0441\u043b\u0430, \u043b\u044e\u043b\u044c\u043a\u0438, \u0421\u043d\u0430\u0440\u044f\u0436\u0435\u043d\u0438\u044f \u0431\u0435\u0437\u043e\u043f\u0430\u0441\u043d\u043e\u0441\u0442\u0438, \u0410\u043a\u0441\u0435\u0441\u0441\u0443\u0430\u0440\u044b, Beebipood","description":"Thule Alfi Isofix alus, Kogege stressivaba paigaldust ja t&auml;ielikku meelerahu Thule Alfi ISOFIX alusega, mis tagab t&auml;nu Thule SenseAffirm Syst","robots":{"index":"index","follow":"follow","max-snippet":"max-snippet:-1","max-image-preview":"max-image-preview:large","max-video-preview":"max-video-preview:-1"},"canonical":"https:\/\/beebipood.ee\/ru\/produkt\/thule-alfi-isofix-alus\/","og_locale":"ru_RU","og_type":"article","og_title":"Thule Alfi Isofix alus, \u0421\u041a\u0418\u0414\u041a\u0418, \u041d\u041e\u0412\u042b\u0415 \u0422\u041e\u0412\u0410\u0420\u042b, \u0410\u0432\u0442\u043e\u043a\u0440\u0435\u0441\u043b\u0430, \u043b\u044e\u043b\u044c\u043a\u0438, \u0421\u043d\u0430\u0440\u044f\u0436\u0435\u043d\u0438\u044f \u0431\u0435\u0437\u043e\u043f\u0430\u0441\u043d\u043e\u0441\u0442\u0438, \u0410\u043a\u0441\u0435\u0441\u0441\u0443\u0430\u0440\u044b, Beebipood","og_description":"Thule Alfi Isofix alus, Kogege stressivaba paigaldust ja t&auml;ielikku meelerahu Thule Alfi ISOFIX alusega, mis tagab t&auml;nu Thule SenseAffirm Syst","og_url":"https:\/\/beebipood.ee\/ru\/produkt\/thule-alfi-isofix-alus\/","og_site_name":"Beebipood","article_modified_time":"2025-01-09T08:52:54+00:00","og_image":[{"width":1440,"height":960,"url":"https:\/\/beebipood.ee\/wp-content\/uploads\/2013\/09\/Thule-Alfie-Isofix-alus-Turvatoolid-hallid-Turvahallid-Turvavarustus_2-2a7.jpg","type":"image\/jpeg"}],"twitter_card":"summary_large_image","twitter_misc":{"\u041f\u0440\u0438\u043c\u0435\u0440\u043d\u043e\u0435 \u0432\u0440\u0435\u043c\u044f \u0434\u043b\u044f \u0447\u0442\u0435\u043d\u0438\u044f":"2 \u043c\u0438\u043d\u0443\u0442\u044b"},"schema":{"@context":"https:\/\/schema.org","@graph":[{"@type":"WebPage","@id":"https:\/\/beebipood.ee\/ru\/produkt\/thule-alfi-isofix-alus\/","url":"https:\/\/beebipood.ee\/ru\/produkt\/thule-alfi-isofix-alus\/","name":"Thule Alfi Isofix alus, \u0421\u041a\u0418\u0414\u041a\u0418, \u041d\u041e\u0412\u042b\u0415 \u0422\u041e\u0412\u0410\u0420\u042b, \u0410\u0432\u0442\u043e\u043a\u0440\u0435\u0441\u043b\u0430, \u043b\u044e\u043b\u044c\u043a\u0438, \u0421\u043d\u0430\u0440\u044f\u0436\u0435\u043d\u0438\u044f \u0431\u0435\u0437\u043e\u043f\u0430\u0441\u043d\u043e\u0441\u0442\u0438, \u0410\u043a\u0441\u0435\u0441\u0441\u0443\u0430\u0440\u044b, Beebipood","isPartOf":{"@id":"https:\/\/beebipood.ee\/ru\/#website"},"primaryImageOfPage":{"@id":"https:\/\/beebipood.ee\/ru\/produkt\/thule-alfi-isofix-alus\/#primaryimage"},"image":{"@id":"https:\/\/beebipood.ee\/ru\/produkt\/thule-alfi-isofix-alus\/#primaryimage"},"thumbnailUrl":"https:\/\/beebipood.ee\/wp-content\/uploads\/2013\/09\/Thule-Alfie-Isofix-alus-Turvatoolid-hallid-Turvahallid-Turvavarustus_2-2a7.jpg","datePublished":"2013-09-02T10:30:27+00:00","dateModified":"2025-01-09T08:52:54+00:00","description":"Thule Alfi Isofix alus, Kogege stressivaba paigaldust ja t&auml;ielikku meelerahu Thule Alfi ISOFIX alusega, mis tagab t&auml;nu Thule SenseAffirm Syst","breadcrumb":{"@id":"https:\/\/beebipood.ee\/ru\/produkt\/thule-alfi-isofix-alus\/#breadcrumb"},"inLanguage":"ru-RU","potentialAction":[{"@type":"ReadAction","target":["https:\/\/beebipood.ee\/ru\/produkt\/thule-alfi-isofix-alus\/"]}]},{"@type":"ImageObject","inLanguage":"ru-RU","@id":"https:\/\/beebipood.ee\/ru\/produkt\/thule-alfi-isofix-alus\/#primaryimage","url":"https:\/\/beebipood.ee\/wp-content\/uploads\/2013\/09\/Thule-Alfie-Isofix-alus-Turvatoolid-hallid-Turvahallid-Turvavarustus_2-2a7.jpg","contentUrl":"https:\/\/beebipood.ee\/wp-content\/uploads\/2013\/09\/Thule-Alfie-Isofix-alus-Turvatoolid-hallid-Turvahallid-Turvavarustus_2-2a7.jpg","width":1440,"height":960},{"@type":"BreadcrumbList","@id":"https:\/\/beebipood.ee\/ru\/produkt\/thule-alfi-isofix-alus\/#breadcrumb","itemListElement":[{"@type":"ListItem","position":1,"name":"Home","item":"https:\/\/beebipood.ee\/ru\/"},{"@type":"ListItem","position":2,"name":"\u041a\u0430\u0442\u0430\u043b\u043e\u0433 \u0442\u043e\u0432\u0430\u0440\u043e\u0432","item":"https:\/\/beebipood.ee\/tooted\/"},{"@type":"ListItem","position":3,"name":"Thule Alfi Isofix alus"}]},{"@type":"WebSite","@id":"https:\/\/beebipood.ee\/ru\/#website","url":"https:\/\/beebipood.ee\/ru\/","name":"Beebipood","description":"Lastekaubad, beebikaubad, m\u00e4nguasjad","publisher":{"@id":"https:\/\/beebipood.ee\/ru\/#organization"},"potentialAction":[{"@type":"SearchAction","target":{"@type":"EntryPoint","urlTemplate":"https:\/\/beebipood.ee\/ru\/?s={search_term_string}"},"query-input":{"@type":"PropertyValueSpecification","valueRequired":true,"valueName":"search_term_string"}}],"inLanguage":"ru-RU"},{"@type":"Organization","@id":"https:\/\/beebipood.ee\/ru\/#organization","name":"Beebipood","url":"https:\/\/beebipood.ee\/ru\/","logo":{"@type":"ImageObject","inLanguage":"ru-RU","@id":"https:\/\/beebipood.ee\/ru\/#\/schema\/logo\/image\/","url":"https:\/\/beebipood.ee\/wp-content\/uploads\/2025\/03\/beebipood.ee-logo-1.svg","contentUrl":"https:\/\/beebipood.ee\/wp-content\/uploads\/2025\/03\/beebipood.ee-logo-1.svg","caption":"Beebipood"},"image":{"@id":"https:\/\/beebipood.ee\/ru\/#\/schema\/logo\/image\/"}}]}},"brands":[{"id":11980,"name":"THULE","slug":"thule-ru"}],"_links":{"self":[{"href":"https:\/\/beebipood.ee\/ru\/wp-json\/wp\/v2\/product\/453914","targetHints":{"allow":["GET"]}}],"collection":[{"href":"https:\/\/beebipood.ee\/ru\/wp-json\/wp\/v2\/product"}],"about":[{"href":"https:\/\/beebipood.ee\/ru\/wp-json\/wp\/v2\/types\/product"}],"wp:featuredmedia":[{"embeddable":true,"href":"https:\/\/beebipood.ee\/ru\/wp-json\/wp\/v2\/media\/319452"}],"wp:attachment":[{"href":"https:\/\/beebipood.ee\/ru\/wp-json\/wp\/v2\/media?parent=453914"}],"wp:term":[{"taxonomy":"pwb-brand","embeddable":true,"href":"https:\/\/beebipood.ee\/ru\/wp-json\/wp\/v2\/pwb-brand?post=453914"},{"taxonomy":"product_brand","embeddable":true,"href":"https:\/\/beebipood.ee\/ru\/wp-json\/wp\/v2\/product_brand?post=453914"},{"taxonomy":"product_cat","embeddable":true,"href":"https:\/\/beebipood.ee\/ru\/wp-json\/wp\/v2\/product_cat?post=453914"},{"taxonomy":"product_tag","embeddable":true,"href":"https:\/\/beebipood.ee\/ru\/wp-json\/wp\/v2\/product_tag?post=453914"}],"curies":[{"name":"wp","href":"https:\/\/api.w.org\/{rel}","templated":true}]}}