{"id":453946,"date":"2013-09-02T13:30:42","date_gmt":"2013-09-02T10:30:42","guid":{"rendered":"https:\/\/beebipood.ee\/toode\/kattemadrats-juno-mega-160x200\/"},"modified":"2025-01-09T10:52:52","modified_gmt":"2025-01-09T08:52:52","slug":"kattemadrats-juno-mega-160x200","status":"publish","type":"product","link":"https:\/\/beebipood.ee\/ru\/produkt\/kattemadrats-juno-mega-160x200\/","title":{"rendered":"Kattemadrats JUNO MEGA 160&#215;200"},"content":{"rendered":"<p><span>* Juno Mega annab p\u00f5himadratsile lisa pehmust\u00a0<\/span><br \/><span>* kattemadratsil on 2 poolt: sile pool on j\u00e4igem; profileeritud pool pehmem<\/span><br \/><span>* profileeritud ehk nn. munaresti poroloon tagab parema \u00f5hu liikumise ja juhib \u00e4ra kehaniiskuse magamise kohalt<\/span><br \/><span>* profileeritud poroloon paksusega 6 cm ja tihedusega 25 kg\/m3\u00a0<\/span><br \/><span>* sobib h\u00e4sti vanematele vooditele ja madratsitele<\/span><br \/><span>* kangas puuvillasegu, vastab \u00d6KO-Tex 100 Standardile, mis on tepitud mahulise vatiiniga<\/span><br \/><span>* kate on eemaldatav ja pestav (\u00f5rnpesu 60\u00baC)\u00a0<\/span><br \/><span>* Eesti Allergialiit soovitab<\/span><br \/><span>* valmistatud Eestis<\/span><\/p>\n","protected":false},"excerpt":{"rendered":"<p>* Juno Mega annab p\u00f5himadratsile lisa pehmust\u00a0* kattemadratsil on 2 poolt: sile pool on j\u00e4igem; profileeritud pool pehmem* profileeritud ehk nn. munaresti poroloon tagab parema \u00f5hu liikumise ja juhib \u00e4ra kehaniiskuse magamise kohalt* profileeritud poroloon paksusega 6 cm ja tihedusega 25 kg\/m3\u00a0* sobib h\u00e4sti vanematele vooditele ja madratsitele* kangas puuvillasegu, vastab \u00d6KO-Tex 100 Standardile, mis [&hellip;]<\/p>\n","protected":false},"featured_media":98562,"template":"","meta":{"_acf_changed":false},"pwb-brand":[],"product_brand":[],"product_cat":[11611,11777],"product_tag":[],"class_list":{"0":"post-453946","1":"product","2":"type-product","3":"status-publish","4":"has-post-thumbnail","6":"product_cat-kattemadratsid-ru","7":"product_cat-kuni-160cm-laiused-ru-1","9":"first","10":"outofstock","11":"taxable","12":"shipping-taxable","13":"purchasable","14":"product-type-simple"},"exclude_global_add_ons":[],"addons":[],"acf":[],"yoast_head":"<!-- This site is optimized with the Yoast SEO plugin v27.1.1 - https:\/\/yoast.com\/product\/yoast-seo-wordpress\/ -->\n<title>Kattemadrats JUNO MEGA 160x200, M\u0430\u0442\u0440\u0430\u0441\u044b-\u043f\u043e\u043a\u0440\u044b\u0432\u0430\u043b\u0430, \u0428\u0438\u0440\u0438\u043d\u043e\u0439 \u0434\u043e 160 c\u043c, Beebipood<\/title>\n<meta name=\"description\" content=\"Kattemadrats JUNO MEGA 160x200, * Juno Mega annab p&otilde;himadratsile lisa pehmust&nbsp;* kattemadratsil on 2 poolt: sile pool on\" \/>\n<meta name=\"robots\" content=\"index, follow, max-snippet:-1, max-image-preview:large, max-video-preview:-1\" \/>\n<link rel=\"canonical\" href=\"https:\/\/beebipood.ee\/ru\/produkt\/kattemadrats-juno-mega-160x200\/\" \/>\n<meta property=\"og:locale\" content=\"ru_RU\" \/>\n<meta property=\"og:type\" content=\"article\" \/>\n<meta property=\"og:title\" content=\"Kattemadrats JUNO MEGA 160x200, M\u0430\u0442\u0440\u0430\u0441\u044b-\u043f\u043e\u043a\u0440\u044b\u0432\u0430\u043b\u0430, \u0428\u0438\u0440\u0438\u043d\u043e\u0439 \u0434\u043e 160 c\u043c, Beebipood\" \/>\n<meta property=\"og:description\" content=\"Kattemadrats JUNO MEGA 160x200, * Juno Mega annab p&otilde;himadratsile lisa pehmust&nbsp;* kattemadratsil on 2 poolt: sile pool on\" \/>\n<meta property=\"og:url\" content=\"https:\/\/beebipood.ee\/ru\/produkt\/kattemadrats-juno-mega-160x200\/\" \/>\n<meta property=\"og:site_name\" content=\"Beebipood\" \/>\n<meta property=\"article:modified_time\" content=\"2025-01-09T08:52:52+00:00\" \/>\n<meta property=\"og:image\" content=\"https:\/\/beebipood.ee\/wp-content\/uploads\/2013\/09\/Kattemadrats-JUNO-MEGA-160x200-Kattemadratsid-kuni-160cm-laiused_3-a5a.jpg\" \/>\n\t<meta property=\"og:image:width\" content=\"957\" \/>\n\t<meta property=\"og:image:height\" content=\"691\" \/>\n\t<meta property=\"og:image:type\" content=\"image\/jpeg\" \/>\n<meta name=\"twitter:card\" content=\"summary_large_image\" \/>\n<script type=\"application\/ld+json\" class=\"yoast-schema-graph\">{\"@context\":\"https:\/\/schema.org\",\"@graph\":[{\"@type\":\"WebPage\",\"@id\":\"https:\/\/beebipood.ee\/ru\/produkt\/kattemadrats-juno-mega-160x200\/\",\"url\":\"https:\/\/beebipood.ee\/ru\/produkt\/kattemadrats-juno-mega-160x200\/\",\"name\":\"Kattemadrats JUNO MEGA 160x200, M\u0430\u0442\u0440\u0430\u0441\u044b-\u043f\u043e\u043a\u0440\u044b\u0432\u0430\u043b\u0430, \u0428\u0438\u0440\u0438\u043d\u043e\u0439 \u0434\u043e 160 c\u043c, Beebipood\",\"isPartOf\":{\"@id\":\"https:\/\/beebipood.ee\/ru\/#website\"},\"primaryImageOfPage\":{\"@id\":\"https:\/\/beebipood.ee\/ru\/produkt\/kattemadrats-juno-mega-160x200\/#primaryimage\"},\"image\":{\"@id\":\"https:\/\/beebipood.ee\/ru\/produkt\/kattemadrats-juno-mega-160x200\/#primaryimage\"},\"thumbnailUrl\":\"https:\/\/beebipood.ee\/wp-content\/uploads\/2013\/09\/Kattemadrats-JUNO-MEGA-160x200-Kattemadratsid-kuni-160cm-laiused_3-a5a.jpg\",\"datePublished\":\"2013-09-02T10:30:42+00:00\",\"dateModified\":\"2025-01-09T08:52:52+00:00\",\"description\":\"Kattemadrats JUNO MEGA 160x200, * Juno Mega annab p&otilde;himadratsile lisa pehmust&nbsp;* kattemadratsil on 2 poolt: sile pool on\",\"breadcrumb\":{\"@id\":\"https:\/\/beebipood.ee\/ru\/produkt\/kattemadrats-juno-mega-160x200\/#breadcrumb\"},\"inLanguage\":\"ru-RU\",\"potentialAction\":[{\"@type\":\"ReadAction\",\"target\":[\"https:\/\/beebipood.ee\/ru\/produkt\/kattemadrats-juno-mega-160x200\/\"]}]},{\"@type\":\"ImageObject\",\"inLanguage\":\"ru-RU\",\"@id\":\"https:\/\/beebipood.ee\/ru\/produkt\/kattemadrats-juno-mega-160x200\/#primaryimage\",\"url\":\"https:\/\/beebipood.ee\/wp-content\/uploads\/2013\/09\/Kattemadrats-JUNO-MEGA-160x200-Kattemadratsid-kuni-160cm-laiused_3-a5a.jpg\",\"contentUrl\":\"https:\/\/beebipood.ee\/wp-content\/uploads\/2013\/09\/Kattemadrats-JUNO-MEGA-160x200-Kattemadratsid-kuni-160cm-laiused_3-a5a.jpg\",\"width\":957,\"height\":691},{\"@type\":\"BreadcrumbList\",\"@id\":\"https:\/\/beebipood.ee\/ru\/produkt\/kattemadrats-juno-mega-160x200\/#breadcrumb\",\"itemListElement\":[{\"@type\":\"ListItem\",\"position\":1,\"name\":\"Home\",\"item\":\"https:\/\/beebipood.ee\/ru\/\"},{\"@type\":\"ListItem\",\"position\":2,\"name\":\"\u041a\u0430\u0442\u0430\u043b\u043e\u0433 \u0442\u043e\u0432\u0430\u0440\u043e\u0432\",\"item\":\"https:\/\/beebipood.ee\/tooted\/\"},{\"@type\":\"ListItem\",\"position\":3,\"name\":\"Kattemadrats JUNO MEGA 160&#215;200\"}]},{\"@type\":\"WebSite\",\"@id\":\"https:\/\/beebipood.ee\/ru\/#website\",\"url\":\"https:\/\/beebipood.ee\/ru\/\",\"name\":\"Beebipood\",\"description\":\"Lastekaubad, beebikaubad, m\u00e4nguasjad\",\"publisher\":{\"@id\":\"https:\/\/beebipood.ee\/ru\/#organization\"},\"potentialAction\":[{\"@type\":\"SearchAction\",\"target\":{\"@type\":\"EntryPoint\",\"urlTemplate\":\"https:\/\/beebipood.ee\/ru\/?s={search_term_string}\"},\"query-input\":{\"@type\":\"PropertyValueSpecification\",\"valueRequired\":true,\"valueName\":\"search_term_string\"}}],\"inLanguage\":\"ru-RU\"},{\"@type\":\"Organization\",\"@id\":\"https:\/\/beebipood.ee\/ru\/#organization\",\"name\":\"Beebipood\",\"url\":\"https:\/\/beebipood.ee\/ru\/\",\"logo\":{\"@type\":\"ImageObject\",\"inLanguage\":\"ru-RU\",\"@id\":\"https:\/\/beebipood.ee\/ru\/#\/schema\/logo\/image\/\",\"url\":\"https:\/\/beebipood.ee\/wp-content\/uploads\/2025\/03\/beebipood.ee-logo-1.svg\",\"contentUrl\":\"https:\/\/beebipood.ee\/wp-content\/uploads\/2025\/03\/beebipood.ee-logo-1.svg\",\"caption\":\"Beebipood\"},\"image\":{\"@id\":\"https:\/\/beebipood.ee\/ru\/#\/schema\/logo\/image\/\"}}]}<\/script>\n<!-- \/ Yoast SEO plugin. -->","yoast_head_json":{"title":"Kattemadrats JUNO MEGA 160x200, M\u0430\u0442\u0440\u0430\u0441\u044b-\u043f\u043e\u043a\u0440\u044b\u0432\u0430\u043b\u0430, \u0428\u0438\u0440\u0438\u043d\u043e\u0439 \u0434\u043e 160 c\u043c, Beebipood","description":"Kattemadrats JUNO MEGA 160x200, * Juno Mega annab p&otilde;himadratsile lisa pehmust&nbsp;* kattemadratsil on 2 poolt: sile pool on","robots":{"index":"index","follow":"follow","max-snippet":"max-snippet:-1","max-image-preview":"max-image-preview:large","max-video-preview":"max-video-preview:-1"},"canonical":"https:\/\/beebipood.ee\/ru\/produkt\/kattemadrats-juno-mega-160x200\/","og_locale":"ru_RU","og_type":"article","og_title":"Kattemadrats JUNO MEGA 160x200, M\u0430\u0442\u0440\u0430\u0441\u044b-\u043f\u043e\u043a\u0440\u044b\u0432\u0430\u043b\u0430, \u0428\u0438\u0440\u0438\u043d\u043e\u0439 \u0434\u043e 160 c\u043c, Beebipood","og_description":"Kattemadrats JUNO MEGA 160x200, * Juno Mega annab p&otilde;himadratsile lisa pehmust&nbsp;* kattemadratsil on 2 poolt: sile pool on","og_url":"https:\/\/beebipood.ee\/ru\/produkt\/kattemadrats-juno-mega-160x200\/","og_site_name":"Beebipood","article_modified_time":"2025-01-09T08:52:52+00:00","og_image":[{"width":957,"height":691,"url":"https:\/\/beebipood.ee\/wp-content\/uploads\/2013\/09\/Kattemadrats-JUNO-MEGA-160x200-Kattemadratsid-kuni-160cm-laiused_3-a5a.jpg","type":"image\/jpeg"}],"twitter_card":"summary_large_image","schema":{"@context":"https:\/\/schema.org","@graph":[{"@type":"WebPage","@id":"https:\/\/beebipood.ee\/ru\/produkt\/kattemadrats-juno-mega-160x200\/","url":"https:\/\/beebipood.ee\/ru\/produkt\/kattemadrats-juno-mega-160x200\/","name":"Kattemadrats JUNO MEGA 160x200, M\u0430\u0442\u0440\u0430\u0441\u044b-\u043f\u043e\u043a\u0440\u044b\u0432\u0430\u043b\u0430, \u0428\u0438\u0440\u0438\u043d\u043e\u0439 \u0434\u043e 160 c\u043c, Beebipood","isPartOf":{"@id":"https:\/\/beebipood.ee\/ru\/#website"},"primaryImageOfPage":{"@id":"https:\/\/beebipood.ee\/ru\/produkt\/kattemadrats-juno-mega-160x200\/#primaryimage"},"image":{"@id":"https:\/\/beebipood.ee\/ru\/produkt\/kattemadrats-juno-mega-160x200\/#primaryimage"},"thumbnailUrl":"https:\/\/beebipood.ee\/wp-content\/uploads\/2013\/09\/Kattemadrats-JUNO-MEGA-160x200-Kattemadratsid-kuni-160cm-laiused_3-a5a.jpg","datePublished":"2013-09-02T10:30:42+00:00","dateModified":"2025-01-09T08:52:52+00:00","description":"Kattemadrats JUNO MEGA 160x200, * Juno Mega annab p&otilde;himadratsile lisa pehmust&nbsp;* kattemadratsil on 2 poolt: sile pool on","breadcrumb":{"@id":"https:\/\/beebipood.ee\/ru\/produkt\/kattemadrats-juno-mega-160x200\/#breadcrumb"},"inLanguage":"ru-RU","potentialAction":[{"@type":"ReadAction","target":["https:\/\/beebipood.ee\/ru\/produkt\/kattemadrats-juno-mega-160x200\/"]}]},{"@type":"ImageObject","inLanguage":"ru-RU","@id":"https:\/\/beebipood.ee\/ru\/produkt\/kattemadrats-juno-mega-160x200\/#primaryimage","url":"https:\/\/beebipood.ee\/wp-content\/uploads\/2013\/09\/Kattemadrats-JUNO-MEGA-160x200-Kattemadratsid-kuni-160cm-laiused_3-a5a.jpg","contentUrl":"https:\/\/beebipood.ee\/wp-content\/uploads\/2013\/09\/Kattemadrats-JUNO-MEGA-160x200-Kattemadratsid-kuni-160cm-laiused_3-a5a.jpg","width":957,"height":691},{"@type":"BreadcrumbList","@id":"https:\/\/beebipood.ee\/ru\/produkt\/kattemadrats-juno-mega-160x200\/#breadcrumb","itemListElement":[{"@type":"ListItem","position":1,"name":"Home","item":"https:\/\/beebipood.ee\/ru\/"},{"@type":"ListItem","position":2,"name":"\u041a\u0430\u0442\u0430\u043b\u043e\u0433 \u0442\u043e\u0432\u0430\u0440\u043e\u0432","item":"https:\/\/beebipood.ee\/tooted\/"},{"@type":"ListItem","position":3,"name":"Kattemadrats JUNO MEGA 160&#215;200"}]},{"@type":"WebSite","@id":"https:\/\/beebipood.ee\/ru\/#website","url":"https:\/\/beebipood.ee\/ru\/","name":"Beebipood","description":"Lastekaubad, beebikaubad, m\u00e4nguasjad","publisher":{"@id":"https:\/\/beebipood.ee\/ru\/#organization"},"potentialAction":[{"@type":"SearchAction","target":{"@type":"EntryPoint","urlTemplate":"https:\/\/beebipood.ee\/ru\/?s={search_term_string}"},"query-input":{"@type":"PropertyValueSpecification","valueRequired":true,"valueName":"search_term_string"}}],"inLanguage":"ru-RU"},{"@type":"Organization","@id":"https:\/\/beebipood.ee\/ru\/#organization","name":"Beebipood","url":"https:\/\/beebipood.ee\/ru\/","logo":{"@type":"ImageObject","inLanguage":"ru-RU","@id":"https:\/\/beebipood.ee\/ru\/#\/schema\/logo\/image\/","url":"https:\/\/beebipood.ee\/wp-content\/uploads\/2025\/03\/beebipood.ee-logo-1.svg","contentUrl":"https:\/\/beebipood.ee\/wp-content\/uploads\/2025\/03\/beebipood.ee-logo-1.svg","caption":"Beebipood"},"image":{"@id":"https:\/\/beebipood.ee\/ru\/#\/schema\/logo\/image\/"}}]}},"brands":[],"_links":{"self":[{"href":"https:\/\/beebipood.ee\/ru\/wp-json\/wp\/v2\/product\/453946","targetHints":{"allow":["GET"]}}],"collection":[{"href":"https:\/\/beebipood.ee\/ru\/wp-json\/wp\/v2\/product"}],"about":[{"href":"https:\/\/beebipood.ee\/ru\/wp-json\/wp\/v2\/types\/product"}],"wp:featuredmedia":[{"embeddable":true,"href":"https:\/\/beebipood.ee\/ru\/wp-json\/wp\/v2\/media\/98562"}],"wp:attachment":[{"href":"https:\/\/beebipood.ee\/ru\/wp-json\/wp\/v2\/media?parent=453946"}],"wp:term":[{"taxonomy":"pwb-brand","embeddable":true,"href":"https:\/\/beebipood.ee\/ru\/wp-json\/wp\/v2\/pwb-brand?post=453946"},{"taxonomy":"product_brand","embeddable":true,"href":"https:\/\/beebipood.ee\/ru\/wp-json\/wp\/v2\/product_brand?post=453946"},{"taxonomy":"product_cat","embeddable":true,"href":"https:\/\/beebipood.ee\/ru\/wp-json\/wp\/v2\/product_cat?post=453946"},{"taxonomy":"product_tag","embeddable":true,"href":"https:\/\/beebipood.ee\/ru\/wp-json\/wp\/v2\/product_tag?post=453946"}],"curies":[{"name":"wp","href":"https:\/\/api.w.org\/{rel}","templated":true}]}}