{"id":454002,"date":"2013-09-02T13:31:23","date_gmt":"2013-09-02T10:31:23","guid":{"rendered":"https:\/\/beebipood.ee\/toode\/tutti-bambini-zizee-kiikuv-beebihall-oak-charcoal\/"},"modified":"2025-03-31T01:00:33","modified_gmt":"2025-03-30T22:00:33","slug":"tutti-bambini-zizee-kiikuv-beebihall-oak-charcoal","status":"publish","type":"product","link":"https:\/\/beebipood.ee\/ru\/produkt\/tutti-bambini-zizee-kiikuv-beebihall-oak-charcoal\/","title":{"rendered":"Tutti Bambini ZiZee kiikuv beebih\u00e4ll, Oak-Charcoal"},"content":{"rendered":"<p>Hingavast v\u00f5rkkangast kiikuv beebih\u00e4ll Tutti Bambini ZiZee. <br \/>\u00dclimalt kerge ning kompaktne, mis muudab selle h\u00e4lli parimaks <br \/>reisikaaslaseks (komplektis ka transpordikott).<br \/>Samuti on komplektis rattad, mille abil saab seda beebih\u00e4lli <br \/>lihtsasti \u00fchest toast teise liigutada.<br \/><span style=\"text-decoration: underline;\">Omadused<\/span><br \/>Kiikumisfunktsioon, mille abil saad oma beebi <br \/>rahulikult unne suigutada (kiikumine on v\u00f5imalik ka lukustada)<br \/>\u00dcmberringi v\u00f5rkkangas &#8212; parandab \u00f5huvoolu ning tagab ka selge \u00fclevaate lapsest<br \/>Eemaldatavate rataste komplektiga varustatud ZiZee <br \/>annab teile vabaduse liikuda \u00fchest ruumist teise<br \/><span style=\"text-decoration: underline;\">N\u00e4itajad<\/span><br \/>M\u00f5\u00f5dud kokkupandult 90 x 54 x 76cm (laius, s\u00fcgavus, k\u00f5rgus)<br \/>Kaal 6,5kg<br \/>Vanus: alates s\u00fcnnist kuni 6. elukuuni <br \/>(v\u00f5i kuni laps hakkab iseseisvalt istuma)<br \/>Kokkupanek: 30 sekundit<br \/>Komplektis<br \/>Beebih\u00e4ll<br \/>Hingav madrats<br \/>Transpordikott<br \/>Rataste komplekt<\/p>\n","protected":false},"excerpt":{"rendered":"<p>Hingavast v\u00f5rkkangast kiikuv beebih\u00e4ll Tutti Bambini ZiZee. \u00dclimalt kerge ning kompaktne, mis muudab selle h\u00e4lli parimaks reisikaaslaseks (komplektis ka transpordikott).Samuti on komplektis rattad, mille abil saab seda beebih\u00e4lli lihtsasti \u00fchest toast teise liigutada.OmadusedKiikumisfunktsioon, mille abil saad oma beebi rahulikult unne suigutada (kiikumine on v\u00f5imalik ka lukustada)\u00dcmberringi v\u00f5rkkangas &#8212; parandab \u00f5huvoolu ning tagab ka selge \u00fclevaate [&hellip;]<\/p>\n","protected":false},"featured_media":144549,"template":"","meta":{"_acf_changed":false},"pwb-brand":[],"product_brand":[],"product_cat":[11571],"product_tag":[],"class_list":{"0":"post-454002","1":"product","2":"type-product","3":"status-publish","4":"has-post-thumbnail","6":"product_cat-hallid-ja-vooditaskud-ru","8":"first","9":"outofstock","10":"taxable","11":"shipping-taxable","12":"purchasable","13":"product-type-simple"},"exclude_global_add_ons":[],"addons":[],"acf":[],"yoast_head":"<!-- This site is optimized with the Yoast SEO plugin v27.1.1 - https:\/\/yoast.com\/product\/yoast-seo-wordpress\/ -->\n<title>Tutti Bambini ZiZee kiikuv beebih\u00e4ll, Oak-Charcoal, \u041b\u044e\u043b\u044c\u043a\u0438 \u0438 \u043a\u0430\u0440\u043c\u0430\u0448\u043a\u0438 \u0434\u043b\u044f \u043a\u0440\u043e\u0432\u0430\u0442\u043a\u0438, \u0421\u041a\u0418\u0414\u041a\u0418, \u041d\u041e\u0412\u042b\u0415 \u0422\u041e\u0412\u0410\u0420\u042b, Beebipood<\/title>\n<meta name=\"description\" content=\"Tutti Bambini ZiZee kiikuv beebih\u00e4ll, Oak-Charcoal, Hingavast v&otilde;rkkangast kiikuv beebih&auml;ll Tutti Bambini ZiZee. &Uuml;limalt kerge ning ko\" \/>\n<meta name=\"robots\" content=\"index, follow, max-snippet:-1, max-image-preview:large, max-video-preview:-1\" \/>\n<link rel=\"canonical\" href=\"https:\/\/beebipood.ee\/ru\/produkt\/tutti-bambini-zizee-kiikuv-beebihall-oak-charcoal\/\" \/>\n<meta property=\"og:locale\" content=\"ru_RU\" \/>\n<meta property=\"og:type\" content=\"article\" \/>\n<meta property=\"og:title\" content=\"Tutti Bambini ZiZee kiikuv beebih\u00e4ll, Oak-Charcoal, \u041b\u044e\u043b\u044c\u043a\u0438 \u0438 \u043a\u0430\u0440\u043c\u0430\u0448\u043a\u0438 \u0434\u043b\u044f \u043a\u0440\u043e\u0432\u0430\u0442\u043a\u0438, \u0421\u041a\u0418\u0414\u041a\u0418, \u041d\u041e\u0412\u042b\u0415 \u0422\u041e\u0412\u0410\u0420\u042b, Beebipood\" \/>\n<meta property=\"og:description\" content=\"Tutti Bambini ZiZee kiikuv beebih\u00e4ll, Oak-Charcoal, Hingavast v&otilde;rkkangast kiikuv beebih&auml;ll Tutti Bambini ZiZee. &Uuml;limalt kerge ning ko\" \/>\n<meta property=\"og:url\" content=\"https:\/\/beebipood.ee\/ru\/produkt\/tutti-bambini-zizee-kiikuv-beebihall-oak-charcoal\/\" \/>\n<meta property=\"og:site_name\" content=\"Beebipood\" \/>\n<meta property=\"article:modified_time\" content=\"2025-03-30T22:00:33+00:00\" \/>\n<meta property=\"og:image\" content=\"https:\/\/beebipood.ee\/wp-content\/uploads\/2013\/09\/Tutti-Bambini-ZiZee-kiikuv-beebihall-OakCharcoal-Hallid-ja-vooditaskud-UUED-TOOTED_1-854.jpg\" \/>\n\t<meta property=\"og:image:width\" content=\"1000\" \/>\n\t<meta property=\"og:image:height\" content=\"1000\" \/>\n\t<meta property=\"og:image:type\" content=\"image\/jpeg\" \/>\n<meta name=\"twitter:card\" content=\"summary_large_image\" \/>\n<meta name=\"twitter:label1\" content=\"\u041f\u0440\u0438\u043c\u0435\u0440\u043d\u043e\u0435 \u0432\u0440\u0435\u043c\u044f \u0434\u043b\u044f \u0447\u0442\u0435\u043d\u0438\u044f\" \/>\n\t<meta name=\"twitter:data1\" content=\"1 \u043c\u0438\u043d\u0443\u0442\u0430\" \/>\n<script type=\"application\/ld+json\" class=\"yoast-schema-graph\">{\"@context\":\"https:\/\/schema.org\",\"@graph\":[{\"@type\":\"WebPage\",\"@id\":\"https:\/\/beebipood.ee\/ru\/produkt\/tutti-bambini-zizee-kiikuv-beebihall-oak-charcoal\/\",\"url\":\"https:\/\/beebipood.ee\/ru\/produkt\/tutti-bambini-zizee-kiikuv-beebihall-oak-charcoal\/\",\"name\":\"Tutti Bambini ZiZee kiikuv beebih\u00e4ll, Oak-Charcoal, \u041b\u044e\u043b\u044c\u043a\u0438 \u0438 \u043a\u0430\u0440\u043c\u0430\u0448\u043a\u0438 \u0434\u043b\u044f \u043a\u0440\u043e\u0432\u0430\u0442\u043a\u0438, \u0421\u041a\u0418\u0414\u041a\u0418, \u041d\u041e\u0412\u042b\u0415 \u0422\u041e\u0412\u0410\u0420\u042b, Beebipood\",\"isPartOf\":{\"@id\":\"https:\/\/beebipood.ee\/ru\/#website\"},\"primaryImageOfPage\":{\"@id\":\"https:\/\/beebipood.ee\/ru\/produkt\/tutti-bambini-zizee-kiikuv-beebihall-oak-charcoal\/#primaryimage\"},\"image\":{\"@id\":\"https:\/\/beebipood.ee\/ru\/produkt\/tutti-bambini-zizee-kiikuv-beebihall-oak-charcoal\/#primaryimage\"},\"thumbnailUrl\":\"https:\/\/beebipood.ee\/wp-content\/uploads\/2013\/09\/Tutti-Bambini-ZiZee-kiikuv-beebihall-OakCharcoal-Hallid-ja-vooditaskud-UUED-TOOTED_1-854.jpg\",\"datePublished\":\"2013-09-02T10:31:23+00:00\",\"dateModified\":\"2025-03-30T22:00:33+00:00\",\"description\":\"Tutti Bambini ZiZee kiikuv beebih\u00e4ll, Oak-Charcoal, Hingavast v&otilde;rkkangast kiikuv beebih&auml;ll Tutti Bambini ZiZee. &Uuml;limalt kerge ning ko\",\"breadcrumb\":{\"@id\":\"https:\/\/beebipood.ee\/ru\/produkt\/tutti-bambini-zizee-kiikuv-beebihall-oak-charcoal\/#breadcrumb\"},\"inLanguage\":\"ru-RU\",\"potentialAction\":[{\"@type\":\"ReadAction\",\"target\":[\"https:\/\/beebipood.ee\/ru\/produkt\/tutti-bambini-zizee-kiikuv-beebihall-oak-charcoal\/\"]}]},{\"@type\":\"ImageObject\",\"inLanguage\":\"ru-RU\",\"@id\":\"https:\/\/beebipood.ee\/ru\/produkt\/tutti-bambini-zizee-kiikuv-beebihall-oak-charcoal\/#primaryimage\",\"url\":\"https:\/\/beebipood.ee\/wp-content\/uploads\/2013\/09\/Tutti-Bambini-ZiZee-kiikuv-beebihall-OakCharcoal-Hallid-ja-vooditaskud-UUED-TOOTED_1-854.jpg\",\"contentUrl\":\"https:\/\/beebipood.ee\/wp-content\/uploads\/2013\/09\/Tutti-Bambini-ZiZee-kiikuv-beebihall-OakCharcoal-Hallid-ja-vooditaskud-UUED-TOOTED_1-854.jpg\",\"width\":1000,\"height\":1000},{\"@type\":\"BreadcrumbList\",\"@id\":\"https:\/\/beebipood.ee\/ru\/produkt\/tutti-bambini-zizee-kiikuv-beebihall-oak-charcoal\/#breadcrumb\",\"itemListElement\":[{\"@type\":\"ListItem\",\"position\":1,\"name\":\"Home\",\"item\":\"https:\/\/beebipood.ee\/ru\/\"},{\"@type\":\"ListItem\",\"position\":2,\"name\":\"\u041a\u0430\u0442\u0430\u043b\u043e\u0433 \u0442\u043e\u0432\u0430\u0440\u043e\u0432\",\"item\":\"https:\/\/beebipood.ee\/tooted\/\"},{\"@type\":\"ListItem\",\"position\":3,\"name\":\"Tutti Bambini ZiZee kiikuv beebih\u00e4ll, Oak-Charcoal\"}]},{\"@type\":\"WebSite\",\"@id\":\"https:\/\/beebipood.ee\/ru\/#website\",\"url\":\"https:\/\/beebipood.ee\/ru\/\",\"name\":\"Beebipood\",\"description\":\"Lastekaubad, beebikaubad, m\u00e4nguasjad\",\"publisher\":{\"@id\":\"https:\/\/beebipood.ee\/ru\/#organization\"},\"potentialAction\":[{\"@type\":\"SearchAction\",\"target\":{\"@type\":\"EntryPoint\",\"urlTemplate\":\"https:\/\/beebipood.ee\/ru\/?s={search_term_string}\"},\"query-input\":{\"@type\":\"PropertyValueSpecification\",\"valueRequired\":true,\"valueName\":\"search_term_string\"}}],\"inLanguage\":\"ru-RU\"},{\"@type\":\"Organization\",\"@id\":\"https:\/\/beebipood.ee\/ru\/#organization\",\"name\":\"Beebipood\",\"url\":\"https:\/\/beebipood.ee\/ru\/\",\"logo\":{\"@type\":\"ImageObject\",\"inLanguage\":\"ru-RU\",\"@id\":\"https:\/\/beebipood.ee\/ru\/#\/schema\/logo\/image\/\",\"url\":\"https:\/\/beebipood.ee\/wp-content\/uploads\/2025\/03\/beebipood.ee-logo-1.svg\",\"contentUrl\":\"https:\/\/beebipood.ee\/wp-content\/uploads\/2025\/03\/beebipood.ee-logo-1.svg\",\"caption\":\"Beebipood\"},\"image\":{\"@id\":\"https:\/\/beebipood.ee\/ru\/#\/schema\/logo\/image\/\"}}]}<\/script>\n<!-- \/ Yoast SEO plugin. -->","yoast_head_json":{"title":"Tutti Bambini ZiZee kiikuv beebih\u00e4ll, Oak-Charcoal, \u041b\u044e\u043b\u044c\u043a\u0438 \u0438 \u043a\u0430\u0440\u043c\u0430\u0448\u043a\u0438 \u0434\u043b\u044f \u043a\u0440\u043e\u0432\u0430\u0442\u043a\u0438, \u0421\u041a\u0418\u0414\u041a\u0418, \u041d\u041e\u0412\u042b\u0415 \u0422\u041e\u0412\u0410\u0420\u042b, Beebipood","description":"Tutti Bambini ZiZee kiikuv beebih\u00e4ll, Oak-Charcoal, Hingavast v&otilde;rkkangast kiikuv beebih&auml;ll Tutti Bambini ZiZee. &Uuml;limalt kerge ning ko","robots":{"index":"index","follow":"follow","max-snippet":"max-snippet:-1","max-image-preview":"max-image-preview:large","max-video-preview":"max-video-preview:-1"},"canonical":"https:\/\/beebipood.ee\/ru\/produkt\/tutti-bambini-zizee-kiikuv-beebihall-oak-charcoal\/","og_locale":"ru_RU","og_type":"article","og_title":"Tutti Bambini ZiZee kiikuv beebih\u00e4ll, Oak-Charcoal, \u041b\u044e\u043b\u044c\u043a\u0438 \u0438 \u043a\u0430\u0440\u043c\u0430\u0448\u043a\u0438 \u0434\u043b\u044f \u043a\u0440\u043e\u0432\u0430\u0442\u043a\u0438, \u0421\u041a\u0418\u0414\u041a\u0418, \u041d\u041e\u0412\u042b\u0415 \u0422\u041e\u0412\u0410\u0420\u042b, Beebipood","og_description":"Tutti Bambini ZiZee kiikuv beebih\u00e4ll, Oak-Charcoal, Hingavast v&otilde;rkkangast kiikuv beebih&auml;ll Tutti Bambini ZiZee. &Uuml;limalt kerge ning ko","og_url":"https:\/\/beebipood.ee\/ru\/produkt\/tutti-bambini-zizee-kiikuv-beebihall-oak-charcoal\/","og_site_name":"Beebipood","article_modified_time":"2025-03-30T22:00:33+00:00","og_image":[{"width":1000,"height":1000,"url":"https:\/\/beebipood.ee\/wp-content\/uploads\/2013\/09\/Tutti-Bambini-ZiZee-kiikuv-beebihall-OakCharcoal-Hallid-ja-vooditaskud-UUED-TOOTED_1-854.jpg","type":"image\/jpeg"}],"twitter_card":"summary_large_image","twitter_misc":{"\u041f\u0440\u0438\u043c\u0435\u0440\u043d\u043e\u0435 \u0432\u0440\u0435\u043c\u044f \u0434\u043b\u044f \u0447\u0442\u0435\u043d\u0438\u044f":"1 \u043c\u0438\u043d\u0443\u0442\u0430"},"schema":{"@context":"https:\/\/schema.org","@graph":[{"@type":"WebPage","@id":"https:\/\/beebipood.ee\/ru\/produkt\/tutti-bambini-zizee-kiikuv-beebihall-oak-charcoal\/","url":"https:\/\/beebipood.ee\/ru\/produkt\/tutti-bambini-zizee-kiikuv-beebihall-oak-charcoal\/","name":"Tutti Bambini ZiZee kiikuv beebih\u00e4ll, Oak-Charcoal, \u041b\u044e\u043b\u044c\u043a\u0438 \u0438 \u043a\u0430\u0440\u043c\u0430\u0448\u043a\u0438 \u0434\u043b\u044f \u043a\u0440\u043e\u0432\u0430\u0442\u043a\u0438, \u0421\u041a\u0418\u0414\u041a\u0418, \u041d\u041e\u0412\u042b\u0415 \u0422\u041e\u0412\u0410\u0420\u042b, Beebipood","isPartOf":{"@id":"https:\/\/beebipood.ee\/ru\/#website"},"primaryImageOfPage":{"@id":"https:\/\/beebipood.ee\/ru\/produkt\/tutti-bambini-zizee-kiikuv-beebihall-oak-charcoal\/#primaryimage"},"image":{"@id":"https:\/\/beebipood.ee\/ru\/produkt\/tutti-bambini-zizee-kiikuv-beebihall-oak-charcoal\/#primaryimage"},"thumbnailUrl":"https:\/\/beebipood.ee\/wp-content\/uploads\/2013\/09\/Tutti-Bambini-ZiZee-kiikuv-beebihall-OakCharcoal-Hallid-ja-vooditaskud-UUED-TOOTED_1-854.jpg","datePublished":"2013-09-02T10:31:23+00:00","dateModified":"2025-03-30T22:00:33+00:00","description":"Tutti Bambini ZiZee kiikuv beebih\u00e4ll, Oak-Charcoal, Hingavast v&otilde;rkkangast kiikuv beebih&auml;ll Tutti Bambini ZiZee. &Uuml;limalt kerge ning ko","breadcrumb":{"@id":"https:\/\/beebipood.ee\/ru\/produkt\/tutti-bambini-zizee-kiikuv-beebihall-oak-charcoal\/#breadcrumb"},"inLanguage":"ru-RU","potentialAction":[{"@type":"ReadAction","target":["https:\/\/beebipood.ee\/ru\/produkt\/tutti-bambini-zizee-kiikuv-beebihall-oak-charcoal\/"]}]},{"@type":"ImageObject","inLanguage":"ru-RU","@id":"https:\/\/beebipood.ee\/ru\/produkt\/tutti-bambini-zizee-kiikuv-beebihall-oak-charcoal\/#primaryimage","url":"https:\/\/beebipood.ee\/wp-content\/uploads\/2013\/09\/Tutti-Bambini-ZiZee-kiikuv-beebihall-OakCharcoal-Hallid-ja-vooditaskud-UUED-TOOTED_1-854.jpg","contentUrl":"https:\/\/beebipood.ee\/wp-content\/uploads\/2013\/09\/Tutti-Bambini-ZiZee-kiikuv-beebihall-OakCharcoal-Hallid-ja-vooditaskud-UUED-TOOTED_1-854.jpg","width":1000,"height":1000},{"@type":"BreadcrumbList","@id":"https:\/\/beebipood.ee\/ru\/produkt\/tutti-bambini-zizee-kiikuv-beebihall-oak-charcoal\/#breadcrumb","itemListElement":[{"@type":"ListItem","position":1,"name":"Home","item":"https:\/\/beebipood.ee\/ru\/"},{"@type":"ListItem","position":2,"name":"\u041a\u0430\u0442\u0430\u043b\u043e\u0433 \u0442\u043e\u0432\u0430\u0440\u043e\u0432","item":"https:\/\/beebipood.ee\/tooted\/"},{"@type":"ListItem","position":3,"name":"Tutti Bambini ZiZee kiikuv beebih\u00e4ll, Oak-Charcoal"}]},{"@type":"WebSite","@id":"https:\/\/beebipood.ee\/ru\/#website","url":"https:\/\/beebipood.ee\/ru\/","name":"Beebipood","description":"Lastekaubad, beebikaubad, m\u00e4nguasjad","publisher":{"@id":"https:\/\/beebipood.ee\/ru\/#organization"},"potentialAction":[{"@type":"SearchAction","target":{"@type":"EntryPoint","urlTemplate":"https:\/\/beebipood.ee\/ru\/?s={search_term_string}"},"query-input":{"@type":"PropertyValueSpecification","valueRequired":true,"valueName":"search_term_string"}}],"inLanguage":"ru-RU"},{"@type":"Organization","@id":"https:\/\/beebipood.ee\/ru\/#organization","name":"Beebipood","url":"https:\/\/beebipood.ee\/ru\/","logo":{"@type":"ImageObject","inLanguage":"ru-RU","@id":"https:\/\/beebipood.ee\/ru\/#\/schema\/logo\/image\/","url":"https:\/\/beebipood.ee\/wp-content\/uploads\/2025\/03\/beebipood.ee-logo-1.svg","contentUrl":"https:\/\/beebipood.ee\/wp-content\/uploads\/2025\/03\/beebipood.ee-logo-1.svg","caption":"Beebipood"},"image":{"@id":"https:\/\/beebipood.ee\/ru\/#\/schema\/logo\/image\/"}}]}},"brands":[],"_links":{"self":[{"href":"https:\/\/beebipood.ee\/ru\/wp-json\/wp\/v2\/product\/454002","targetHints":{"allow":["GET"]}}],"collection":[{"href":"https:\/\/beebipood.ee\/ru\/wp-json\/wp\/v2\/product"}],"about":[{"href":"https:\/\/beebipood.ee\/ru\/wp-json\/wp\/v2\/types\/product"}],"wp:featuredmedia":[{"embeddable":true,"href":"https:\/\/beebipood.ee\/ru\/wp-json\/wp\/v2\/media\/144549"}],"wp:attachment":[{"href":"https:\/\/beebipood.ee\/ru\/wp-json\/wp\/v2\/media?parent=454002"}],"wp:term":[{"taxonomy":"pwb-brand","embeddable":true,"href":"https:\/\/beebipood.ee\/ru\/wp-json\/wp\/v2\/pwb-brand?post=454002"},{"taxonomy":"product_brand","embeddable":true,"href":"https:\/\/beebipood.ee\/ru\/wp-json\/wp\/v2\/product_brand?post=454002"},{"taxonomy":"product_cat","embeddable":true,"href":"https:\/\/beebipood.ee\/ru\/wp-json\/wp\/v2\/product_cat?post=454002"},{"taxonomy":"product_tag","embeddable":true,"href":"https:\/\/beebipood.ee\/ru\/wp-json\/wp\/v2\/product_tag?post=454002"}],"curies":[{"name":"wp","href":"https:\/\/api.w.org\/{rel}","templated":true}]}}