{"id":454004,"date":"2013-09-02T13:31:28","date_gmt":"2013-09-02T10:31:28","guid":{"rendered":"https:\/\/beebipood.ee\/toode\/babybjorn-lamamistooli-transpordikott\/"},"modified":"2025-01-09T10:52:50","modified_gmt":"2025-01-09T08:52:50","slug":"babybjorn-lamamistooli-transpordikott","status":"publish","type":"product","link":"https:\/\/beebipood.ee\/ru\/produkt\/babybjorn-lamamistooli-transpordikott\/","title":{"rendered":"BabyBj\u00f6rn lamamistooli transpordikott"},"content":{"rendered":"<p>Praktiline transpordikott sinu BabyBj\u00f6rni lamamistoolile. <br \/>Aitab kaitsta lamamistooli mustuse ja tolmu eest ning t\u00e4nu kotile on seda lihtne kaasa v\u00f5tta.<br \/><span style=\"text-decoration: underline;\"><br \/>Omadused<\/span><br \/>Valmistatud vastupidavast pol\u00fcestrist<br \/>Praktiline kandesang<br \/>Lukuga avatav<br \/>Aitab hoida lamamistooli puhta ja v\u00e4rskena<br \/>Muudab BabyBj\u00f6rn lamamistooli transportimise \u00e4\u00e4rmiselt lihtsaks<br \/>Mahutab nii Bliss kui ka Balance Soft lamamistooli<br \/>V\u00e4rvus: must<\/p>\n","protected":false},"excerpt":{"rendered":"<p>Praktiline transpordikott sinu BabyBj\u00f6rni lamamistoolile. Aitab kaitsta lamamistooli mustuse ja tolmu eest ning t\u00e4nu kotile on seda lihtne kaasa v\u00f5tta.OmadusedValmistatud vastupidavast pol\u00fcestristPraktiline kandesangLukuga avatavAitab hoida lamamistooli puhta ja v\u00e4rskenaMuudab BabyBj\u00f6rn lamamistooli transportimise \u00e4\u00e4rmiselt lihtsaksMahutab nii Bliss kui ka Balance Soft lamamistooliV\u00e4rvus: must<\/p>\n","protected":false},"featured_media":98738,"template":"","meta":{"_acf_changed":false},"pwb-brand":[11966],"product_brand":[],"product_cat":[11879,11709],"product_tag":[],"class_list":{"0":"post-454004","1":"product","2":"type-product","3":"status-publish","4":"has-post-thumbnail","6":"pwb-brand-babybjorn-ru","7":"product_cat-lamamistoolid-ja-kiiged-ru","8":"product_cat-sootmistoolid-beebi-ja-lastetarbed-mahkimine-hugieen-ru","9":"pa_manufacturer-babybjorn-ru","11":"first","12":"onbackorder","13":"taxable","14":"shipping-taxable","15":"purchasable","16":"product-type-simple"},"exclude_global_add_ons":[],"addons":[],"acf":[],"yoast_head":"<!-- This site is optimized with the Yoast SEO plugin v27.1.1 - https:\/\/yoast.com\/product\/yoast-seo-wordpress\/ -->\n<title>BabyBj\u00f6rn lamamistooli transpordikott, \u041f\u0440\u0438\u043d\u0430\u0434\u043b\u0435\u0436\u043d\u043e\u0441\u0442\u0438 \u0434\u043b\u044f \u043c\u043b\u0430\u0434\u0435\u043d\u0446\u0435\u0432, \u0428\u0435\u0437\u043b\u043e\u043d\u0433\u0438 \u0438 \u043a\u0430\u0447\u0435\u043b\u0438, Beebipood<\/title>\n<meta name=\"description\" content=\"BabyBj\u00f6rn lamamistooli transpordikott, Praktiline transpordikott sinu BabyBj&ouml;rni lamamistoolile. Aitab kaitsta lamamistooli mustuse ja tolmu eest\" \/>\n<meta name=\"robots\" content=\"index, follow, max-snippet:-1, max-image-preview:large, max-video-preview:-1\" \/>\n<link rel=\"canonical\" href=\"https:\/\/beebipood.ee\/ru\/produkt\/babybjorn-lamamistooli-transpordikott\/\" \/>\n<meta property=\"og:locale\" content=\"ru_RU\" \/>\n<meta property=\"og:type\" content=\"article\" \/>\n<meta property=\"og:title\" content=\"BabyBj\u00f6rn lamamistooli transpordikott, \u041f\u0440\u0438\u043d\u0430\u0434\u043b\u0435\u0436\u043d\u043e\u0441\u0442\u0438 \u0434\u043b\u044f \u043c\u043b\u0430\u0434\u0435\u043d\u0446\u0435\u0432, \u0428\u0435\u0437\u043b\u043e\u043d\u0433\u0438 \u0438 \u043a\u0430\u0447\u0435\u043b\u0438, Beebipood\" \/>\n<meta property=\"og:description\" content=\"BabyBj\u00f6rn lamamistooli transpordikott, Praktiline transpordikott sinu BabyBj&ouml;rni lamamistoolile. Aitab kaitsta lamamistooli mustuse ja tolmu eest\" \/>\n<meta property=\"og:url\" content=\"https:\/\/beebipood.ee\/ru\/produkt\/babybjorn-lamamistooli-transpordikott\/\" \/>\n<meta property=\"og:site_name\" content=\"Beebipood\" \/>\n<meta property=\"article:modified_time\" content=\"2025-01-09T08:52:50+00:00\" \/>\n<meta property=\"og:image\" content=\"https:\/\/beebipood.ee\/wp-content\/uploads\/2013\/09\/BabyBjorn-lamamistooli-transpordikott-UUED-TOOTED-Beebi-ja-lastetarbed-Lamamistoolid-ja-kiiged_2-0ee.jpg\" \/>\n\t<meta property=\"og:image:width\" content=\"799\" \/>\n\t<meta property=\"og:image:height\" content=\"1200\" \/>\n\t<meta property=\"og:image:type\" content=\"image\/jpeg\" \/>\n<meta name=\"twitter:card\" content=\"summary_large_image\" \/>\n<script type=\"application\/ld+json\" class=\"yoast-schema-graph\">{\"@context\":\"https:\/\/schema.org\",\"@graph\":[{\"@type\":\"WebPage\",\"@id\":\"https:\/\/beebipood.ee\/ru\/produkt\/babybjorn-lamamistooli-transpordikott\/\",\"url\":\"https:\/\/beebipood.ee\/ru\/produkt\/babybjorn-lamamistooli-transpordikott\/\",\"name\":\"BabyBj\u00f6rn lamamistooli transpordikott, \u041f\u0440\u0438\u043d\u0430\u0434\u043b\u0435\u0436\u043d\u043e\u0441\u0442\u0438 \u0434\u043b\u044f \u043c\u043b\u0430\u0434\u0435\u043d\u0446\u0435\u0432, \u0428\u0435\u0437\u043b\u043e\u043d\u0433\u0438 \u0438 \u043a\u0430\u0447\u0435\u043b\u0438, Beebipood\",\"isPartOf\":{\"@id\":\"https:\/\/beebipood.ee\/ru\/#website\"},\"primaryImageOfPage\":{\"@id\":\"https:\/\/beebipood.ee\/ru\/produkt\/babybjorn-lamamistooli-transpordikott\/#primaryimage\"},\"image\":{\"@id\":\"https:\/\/beebipood.ee\/ru\/produkt\/babybjorn-lamamistooli-transpordikott\/#primaryimage\"},\"thumbnailUrl\":\"https:\/\/beebipood.ee\/wp-content\/uploads\/2013\/09\/BabyBjorn-lamamistooli-transpordikott-UUED-TOOTED-Beebi-ja-lastetarbed-Lamamistoolid-ja-kiiged_2-0ee.jpg\",\"datePublished\":\"2013-09-02T10:31:28+00:00\",\"dateModified\":\"2025-01-09T08:52:50+00:00\",\"description\":\"BabyBj\u00f6rn lamamistooli transpordikott, Praktiline transpordikott sinu BabyBj&ouml;rni lamamistoolile. Aitab kaitsta lamamistooli mustuse ja tolmu eest\",\"breadcrumb\":{\"@id\":\"https:\/\/beebipood.ee\/ru\/produkt\/babybjorn-lamamistooli-transpordikott\/#breadcrumb\"},\"inLanguage\":\"ru-RU\",\"potentialAction\":[{\"@type\":\"ReadAction\",\"target\":[\"https:\/\/beebipood.ee\/ru\/produkt\/babybjorn-lamamistooli-transpordikott\/\"]}]},{\"@type\":\"ImageObject\",\"inLanguage\":\"ru-RU\",\"@id\":\"https:\/\/beebipood.ee\/ru\/produkt\/babybjorn-lamamistooli-transpordikott\/#primaryimage\",\"url\":\"https:\/\/beebipood.ee\/wp-content\/uploads\/2013\/09\/BabyBjorn-lamamistooli-transpordikott-UUED-TOOTED-Beebi-ja-lastetarbed-Lamamistoolid-ja-kiiged_2-0ee.jpg\",\"contentUrl\":\"https:\/\/beebipood.ee\/wp-content\/uploads\/2013\/09\/BabyBjorn-lamamistooli-transpordikott-UUED-TOOTED-Beebi-ja-lastetarbed-Lamamistoolid-ja-kiiged_2-0ee.jpg\",\"width\":799,\"height\":1200},{\"@type\":\"BreadcrumbList\",\"@id\":\"https:\/\/beebipood.ee\/ru\/produkt\/babybjorn-lamamistooli-transpordikott\/#breadcrumb\",\"itemListElement\":[{\"@type\":\"ListItem\",\"position\":1,\"name\":\"Home\",\"item\":\"https:\/\/beebipood.ee\/ru\/\"},{\"@type\":\"ListItem\",\"position\":2,\"name\":\"\u041a\u0430\u0442\u0430\u043b\u043e\u0433 \u0442\u043e\u0432\u0430\u0440\u043e\u0432\",\"item\":\"https:\/\/beebipood.ee\/tooted\/\"},{\"@type\":\"ListItem\",\"position\":3,\"name\":\"BabyBj\u00f6rn lamamistooli transpordikott\"}]},{\"@type\":\"WebSite\",\"@id\":\"https:\/\/beebipood.ee\/ru\/#website\",\"url\":\"https:\/\/beebipood.ee\/ru\/\",\"name\":\"Beebipood\",\"description\":\"Lastekaubad, beebikaubad, m\u00e4nguasjad\",\"publisher\":{\"@id\":\"https:\/\/beebipood.ee\/ru\/#organization\"},\"potentialAction\":[{\"@type\":\"SearchAction\",\"target\":{\"@type\":\"EntryPoint\",\"urlTemplate\":\"https:\/\/beebipood.ee\/ru\/?s={search_term_string}\"},\"query-input\":{\"@type\":\"PropertyValueSpecification\",\"valueRequired\":true,\"valueName\":\"search_term_string\"}}],\"inLanguage\":\"ru-RU\"},{\"@type\":\"Organization\",\"@id\":\"https:\/\/beebipood.ee\/ru\/#organization\",\"name\":\"Beebipood\",\"url\":\"https:\/\/beebipood.ee\/ru\/\",\"logo\":{\"@type\":\"ImageObject\",\"inLanguage\":\"ru-RU\",\"@id\":\"https:\/\/beebipood.ee\/ru\/#\/schema\/logo\/image\/\",\"url\":\"https:\/\/beebipood.ee\/wp-content\/uploads\/2025\/03\/beebipood.ee-logo-1.svg\",\"contentUrl\":\"https:\/\/beebipood.ee\/wp-content\/uploads\/2025\/03\/beebipood.ee-logo-1.svg\",\"caption\":\"Beebipood\"},\"image\":{\"@id\":\"https:\/\/beebipood.ee\/ru\/#\/schema\/logo\/image\/\"}}]}<\/script>\n<!-- \/ Yoast SEO plugin. -->","yoast_head_json":{"title":"BabyBj\u00f6rn lamamistooli transpordikott, \u041f\u0440\u0438\u043d\u0430\u0434\u043b\u0435\u0436\u043d\u043e\u0441\u0442\u0438 \u0434\u043b\u044f \u043c\u043b\u0430\u0434\u0435\u043d\u0446\u0435\u0432, \u0428\u0435\u0437\u043b\u043e\u043d\u0433\u0438 \u0438 \u043a\u0430\u0447\u0435\u043b\u0438, Beebipood","description":"BabyBj\u00f6rn lamamistooli transpordikott, Praktiline transpordikott sinu BabyBj&ouml;rni lamamistoolile. Aitab kaitsta lamamistooli mustuse ja tolmu eest","robots":{"index":"index","follow":"follow","max-snippet":"max-snippet:-1","max-image-preview":"max-image-preview:large","max-video-preview":"max-video-preview:-1"},"canonical":"https:\/\/beebipood.ee\/ru\/produkt\/babybjorn-lamamistooli-transpordikott\/","og_locale":"ru_RU","og_type":"article","og_title":"BabyBj\u00f6rn lamamistooli transpordikott, \u041f\u0440\u0438\u043d\u0430\u0434\u043b\u0435\u0436\u043d\u043e\u0441\u0442\u0438 \u0434\u043b\u044f \u043c\u043b\u0430\u0434\u0435\u043d\u0446\u0435\u0432, \u0428\u0435\u0437\u043b\u043e\u043d\u0433\u0438 \u0438 \u043a\u0430\u0447\u0435\u043b\u0438, Beebipood","og_description":"BabyBj\u00f6rn lamamistooli transpordikott, Praktiline transpordikott sinu BabyBj&ouml;rni lamamistoolile. Aitab kaitsta lamamistooli mustuse ja tolmu eest","og_url":"https:\/\/beebipood.ee\/ru\/produkt\/babybjorn-lamamistooli-transpordikott\/","og_site_name":"Beebipood","article_modified_time":"2025-01-09T08:52:50+00:00","og_image":[{"width":799,"height":1200,"url":"https:\/\/beebipood.ee\/wp-content\/uploads\/2013\/09\/BabyBjorn-lamamistooli-transpordikott-UUED-TOOTED-Beebi-ja-lastetarbed-Lamamistoolid-ja-kiiged_2-0ee.jpg","type":"image\/jpeg"}],"twitter_card":"summary_large_image","schema":{"@context":"https:\/\/schema.org","@graph":[{"@type":"WebPage","@id":"https:\/\/beebipood.ee\/ru\/produkt\/babybjorn-lamamistooli-transpordikott\/","url":"https:\/\/beebipood.ee\/ru\/produkt\/babybjorn-lamamistooli-transpordikott\/","name":"BabyBj\u00f6rn lamamistooli transpordikott, \u041f\u0440\u0438\u043d\u0430\u0434\u043b\u0435\u0436\u043d\u043e\u0441\u0442\u0438 \u0434\u043b\u044f \u043c\u043b\u0430\u0434\u0435\u043d\u0446\u0435\u0432, \u0428\u0435\u0437\u043b\u043e\u043d\u0433\u0438 \u0438 \u043a\u0430\u0447\u0435\u043b\u0438, Beebipood","isPartOf":{"@id":"https:\/\/beebipood.ee\/ru\/#website"},"primaryImageOfPage":{"@id":"https:\/\/beebipood.ee\/ru\/produkt\/babybjorn-lamamistooli-transpordikott\/#primaryimage"},"image":{"@id":"https:\/\/beebipood.ee\/ru\/produkt\/babybjorn-lamamistooli-transpordikott\/#primaryimage"},"thumbnailUrl":"https:\/\/beebipood.ee\/wp-content\/uploads\/2013\/09\/BabyBjorn-lamamistooli-transpordikott-UUED-TOOTED-Beebi-ja-lastetarbed-Lamamistoolid-ja-kiiged_2-0ee.jpg","datePublished":"2013-09-02T10:31:28+00:00","dateModified":"2025-01-09T08:52:50+00:00","description":"BabyBj\u00f6rn lamamistooli transpordikott, Praktiline transpordikott sinu BabyBj&ouml;rni lamamistoolile. Aitab kaitsta lamamistooli mustuse ja tolmu eest","breadcrumb":{"@id":"https:\/\/beebipood.ee\/ru\/produkt\/babybjorn-lamamistooli-transpordikott\/#breadcrumb"},"inLanguage":"ru-RU","potentialAction":[{"@type":"ReadAction","target":["https:\/\/beebipood.ee\/ru\/produkt\/babybjorn-lamamistooli-transpordikott\/"]}]},{"@type":"ImageObject","inLanguage":"ru-RU","@id":"https:\/\/beebipood.ee\/ru\/produkt\/babybjorn-lamamistooli-transpordikott\/#primaryimage","url":"https:\/\/beebipood.ee\/wp-content\/uploads\/2013\/09\/BabyBjorn-lamamistooli-transpordikott-UUED-TOOTED-Beebi-ja-lastetarbed-Lamamistoolid-ja-kiiged_2-0ee.jpg","contentUrl":"https:\/\/beebipood.ee\/wp-content\/uploads\/2013\/09\/BabyBjorn-lamamistooli-transpordikott-UUED-TOOTED-Beebi-ja-lastetarbed-Lamamistoolid-ja-kiiged_2-0ee.jpg","width":799,"height":1200},{"@type":"BreadcrumbList","@id":"https:\/\/beebipood.ee\/ru\/produkt\/babybjorn-lamamistooli-transpordikott\/#breadcrumb","itemListElement":[{"@type":"ListItem","position":1,"name":"Home","item":"https:\/\/beebipood.ee\/ru\/"},{"@type":"ListItem","position":2,"name":"\u041a\u0430\u0442\u0430\u043b\u043e\u0433 \u0442\u043e\u0432\u0430\u0440\u043e\u0432","item":"https:\/\/beebipood.ee\/tooted\/"},{"@type":"ListItem","position":3,"name":"BabyBj\u00f6rn lamamistooli transpordikott"}]},{"@type":"WebSite","@id":"https:\/\/beebipood.ee\/ru\/#website","url":"https:\/\/beebipood.ee\/ru\/","name":"Beebipood","description":"Lastekaubad, beebikaubad, m\u00e4nguasjad","publisher":{"@id":"https:\/\/beebipood.ee\/ru\/#organization"},"potentialAction":[{"@type":"SearchAction","target":{"@type":"EntryPoint","urlTemplate":"https:\/\/beebipood.ee\/ru\/?s={search_term_string}"},"query-input":{"@type":"PropertyValueSpecification","valueRequired":true,"valueName":"search_term_string"}}],"inLanguage":"ru-RU"},{"@type":"Organization","@id":"https:\/\/beebipood.ee\/ru\/#organization","name":"Beebipood","url":"https:\/\/beebipood.ee\/ru\/","logo":{"@type":"ImageObject","inLanguage":"ru-RU","@id":"https:\/\/beebipood.ee\/ru\/#\/schema\/logo\/image\/","url":"https:\/\/beebipood.ee\/wp-content\/uploads\/2025\/03\/beebipood.ee-logo-1.svg","contentUrl":"https:\/\/beebipood.ee\/wp-content\/uploads\/2025\/03\/beebipood.ee-logo-1.svg","caption":"Beebipood"},"image":{"@id":"https:\/\/beebipood.ee\/ru\/#\/schema\/logo\/image\/"}}]}},"brands":[{"id":11966,"name":"BabyBj\u00f6rn","slug":"babybjorn-ru"}],"_links":{"self":[{"href":"https:\/\/beebipood.ee\/ru\/wp-json\/wp\/v2\/product\/454004","targetHints":{"allow":["GET"]}}],"collection":[{"href":"https:\/\/beebipood.ee\/ru\/wp-json\/wp\/v2\/product"}],"about":[{"href":"https:\/\/beebipood.ee\/ru\/wp-json\/wp\/v2\/types\/product"}],"wp:featuredmedia":[{"embeddable":true,"href":"https:\/\/beebipood.ee\/ru\/wp-json\/wp\/v2\/media\/98738"}],"wp:attachment":[{"href":"https:\/\/beebipood.ee\/ru\/wp-json\/wp\/v2\/media?parent=454004"}],"wp:term":[{"taxonomy":"pwb-brand","embeddable":true,"href":"https:\/\/beebipood.ee\/ru\/wp-json\/wp\/v2\/pwb-brand?post=454004"},{"taxonomy":"product_brand","embeddable":true,"href":"https:\/\/beebipood.ee\/ru\/wp-json\/wp\/v2\/product_brand?post=454004"},{"taxonomy":"product_cat","embeddable":true,"href":"https:\/\/beebipood.ee\/ru\/wp-json\/wp\/v2\/product_cat?post=454004"},{"taxonomy":"product_tag","embeddable":true,"href":"https:\/\/beebipood.ee\/ru\/wp-json\/wp\/v2\/product_tag?post=454004"}],"curies":[{"name":"wp","href":"https:\/\/api.w.org\/{rel}","templated":true}]}}