{"id":454022,"date":"2013-09-02T13:31:39","date_gmt":"2013-09-02T10:31:39","guid":{"rendered":"https:\/\/beebipood.ee\/toode\/kott-tool-triinu-250l\/"},"modified":"2025-01-09T10:52:50","modified_gmt":"2025-01-09T08:52:50","slug":"kott-tool-triinu-250l","status":"publish","type":"product","link":"https:\/\/beebipood.ee\/ru\/produkt\/kott-tool-triinu-250l\/","title":{"rendered":"Kott-tool Triinu 250L"},"content":{"rendered":"<p>Triinu on kunstnahast \u00fchev\u00e4rviline, kuid kelmikate triipudega kott-tool, <br \/>mille iga kattepaani servale on lisatud musta v\u00e4rvi kandipael <br \/>ning tipus on musta v\u00e4rvi otsmik.<br \/>2-kordsed \u00f5mblused annavad kott-toolile vastupidavuse ja tagavad tema pikaealisuse.<br \/>Kott-tool on t\u00e4idetud mittes\u00fcttivate <br \/>ja sertifitseeritud vahtpol\u00fcst\u00fcreengraanulitega (150 v\u00f5i 250 v\u00f5i 350 liitrit).<br \/>P\u00f5hja all oleva topeltluku taga on t\u00e4itmise koht, <br \/>mille abil saab vajadusel lisada graanuleid.<br \/>Disainitud ja toodetud Eestis!<br \/>M\u00f5\u00f5dud on ligikaudu: laius 85 cm, s\u00fcgavus 85 cm, k\u00f5rgus 110 cm.<\/p>\n","protected":false},"excerpt":{"rendered":"<p>Triinu on kunstnahast \u00fchev\u00e4rviline, kuid kelmikate triipudega kott-tool, mille iga kattepaani servale on lisatud musta v\u00e4rvi kandipael ning tipus on musta v\u00e4rvi otsmik.2-kordsed \u00f5mblused annavad kott-toolile vastupidavuse ja tagavad tema pikaealisuse.Kott-tool on t\u00e4idetud mittes\u00fcttivate ja sertifitseeritud vahtpol\u00fcst\u00fcreengraanulitega (150 v\u00f5i 250 v\u00f5i 350 liitrit).P\u00f5hja all oleva topeltluku taga on t\u00e4itmise koht, mille abil saab vajadusel lisada [&hellip;]<\/p>\n","protected":false},"featured_media":98771,"template":"","meta":{"_acf_changed":false},"pwb-brand":[],"product_brand":[],"product_cat":[11621,11565,11789],"product_tag":[],"class_list":{"0":"post-454022","1":"product","2":"type-product","3":"status-publish","4":"has-post-thumbnail","6":"product_cat-kott-toolid-ru","7":"product_cat-pehme-moobel-kott-toolid-tumbad-ru","8":"product_cat-lastemoobel-ja-sisustus-ru","10":"first","11":"onbackorder","12":"sale","13":"taxable","14":"shipping-taxable","15":"purchasable","16":"product-type-simple"},"exclude_global_add_ons":false,"addons":[{"name":"Vali v\u00e4rv","type":"multiple_choice","position":0,"required":true,"title_format":"heading","default":"","description_enable":false,"description":"","placeholder_enable":false,"placeholder":"","display":"images","restrictions_type":"any_text","adjust_price":false,"price":"","price_type":"flat_fee","restrictions":false,"min":"0","max":"0","options":[{"label":"Kollane","price":"","price_type":"quantity_based","image":500799,"visibility":true},{"label":"Lilla","price":"","price_type":"quantity_based","image":500801,"visibility":true},{"label":"Oran\u017e","price":"","price_type":"quantity_based","image":500803,"visibility":true},{"label":"\u00d5unaroheline","price":"","price_type":"quantity_based","image":500805,"visibility":true},{"label":"Sinine","price":"","price_type":"quantity_based","image":500807,"visibility":true}]}],"acf":[],"yoast_head":"<!-- This site is optimized with the Yoast SEO plugin v27.1.1 - https:\/\/yoast.com\/product\/yoast-seo-wordpress\/ -->\n<title>Kott-tool Triinu 250L, \u041c\u044f\u0433\u043a\u0430\u044f \u043c\u0435\u0431\u0435\u043b\u044c, \u043a\u0440\u0435\u0441\u043b\u043e-\u043c\u0435\u0448\u043e\u043a,\u0442\u0443\u043c\u0431\u044b, \u041a\u0440\u0435\u0441\u043b\u043e-\u043c\u0435\u0448\u043e\u043a, M\u0435\u0431\u0435\u043b\u044c, Beebipood<\/title>\n<meta name=\"description\" content=\"Kott-tool Triinu 250L, Triinu on kunstnahast &uuml;hev&auml;rviline, kuid kelmikate triipudega kott-tool, mille iga kattepaani servale on lisatud musta\" \/>\n<meta name=\"robots\" content=\"index, follow, max-snippet:-1, max-image-preview:large, max-video-preview:-1\" \/>\n<link rel=\"canonical\" href=\"https:\/\/beebipood.ee\/ru\/produkt\/kott-tool-triinu-250l\/\" \/>\n<meta property=\"og:locale\" content=\"ru_RU\" \/>\n<meta property=\"og:type\" content=\"article\" \/>\n<meta property=\"og:title\" content=\"Kott-tool Triinu 250L, \u041c\u044f\u0433\u043a\u0430\u044f \u043c\u0435\u0431\u0435\u043b\u044c, \u043a\u0440\u0435\u0441\u043b\u043e-\u043c\u0435\u0448\u043e\u043a,\u0442\u0443\u043c\u0431\u044b, \u041a\u0440\u0435\u0441\u043b\u043e-\u043c\u0435\u0448\u043e\u043a, M\u0435\u0431\u0435\u043b\u044c, Beebipood\" \/>\n<meta property=\"og:description\" content=\"Kott-tool Triinu 250L, Triinu on kunstnahast &uuml;hev&auml;rviline, kuid kelmikate triipudega kott-tool, mille iga kattepaani servale on lisatud musta\" \/>\n<meta property=\"og:url\" content=\"https:\/\/beebipood.ee\/ru\/produkt\/kott-tool-triinu-250l\/\" \/>\n<meta property=\"og:site_name\" content=\"Beebipood\" \/>\n<meta property=\"article:modified_time\" content=\"2025-01-09T08:52:50+00:00\" \/>\n<meta property=\"og:image\" content=\"https:\/\/beebipood.ee\/wp-content\/uploads\/2013\/09\/Kotttool-Triinu-250L-Pehme-moobel-kotttoolid-tumbad-Kotttoolid-Lastemoobel-ja-sisustus_4-c0e.jpg\" \/>\n\t<meta property=\"og:image:width\" content=\"1500\" \/>\n\t<meta property=\"og:image:height\" content=\"1000\" \/>\n\t<meta property=\"og:image:type\" content=\"image\/jpeg\" \/>\n<meta name=\"twitter:card\" content=\"summary_large_image\" \/>\n<script type=\"application\/ld+json\" class=\"yoast-schema-graph\">{\"@context\":\"https:\/\/schema.org\",\"@graph\":[{\"@type\":\"WebPage\",\"@id\":\"https:\/\/beebipood.ee\/ru\/produkt\/kott-tool-triinu-250l\/\",\"url\":\"https:\/\/beebipood.ee\/ru\/produkt\/kott-tool-triinu-250l\/\",\"name\":\"Kott-tool Triinu 250L, \u041c\u044f\u0433\u043a\u0430\u044f \u043c\u0435\u0431\u0435\u043b\u044c, \u043a\u0440\u0435\u0441\u043b\u043e-\u043c\u0435\u0448\u043e\u043a,\u0442\u0443\u043c\u0431\u044b, \u041a\u0440\u0435\u0441\u043b\u043e-\u043c\u0435\u0448\u043e\u043a, M\u0435\u0431\u0435\u043b\u044c, Beebipood\",\"isPartOf\":{\"@id\":\"https:\/\/beebipood.ee\/ru\/#website\"},\"primaryImageOfPage\":{\"@id\":\"https:\/\/beebipood.ee\/ru\/produkt\/kott-tool-triinu-250l\/#primaryimage\"},\"image\":{\"@id\":\"https:\/\/beebipood.ee\/ru\/produkt\/kott-tool-triinu-250l\/#primaryimage\"},\"thumbnailUrl\":\"https:\/\/beebipood.ee\/wp-content\/uploads\/2013\/09\/Kotttool-Triinu-250L-Pehme-moobel-kotttoolid-tumbad-Kotttoolid-Lastemoobel-ja-sisustus_4-c0e.jpg\",\"datePublished\":\"2013-09-02T10:31:39+00:00\",\"dateModified\":\"2025-01-09T08:52:50+00:00\",\"description\":\"Kott-tool Triinu 250L, Triinu on kunstnahast &uuml;hev&auml;rviline, kuid kelmikate triipudega kott-tool, mille iga kattepaani servale on lisatud musta\",\"breadcrumb\":{\"@id\":\"https:\/\/beebipood.ee\/ru\/produkt\/kott-tool-triinu-250l\/#breadcrumb\"},\"inLanguage\":\"ru-RU\",\"potentialAction\":[{\"@type\":\"ReadAction\",\"target\":[\"https:\/\/beebipood.ee\/ru\/produkt\/kott-tool-triinu-250l\/\"]}]},{\"@type\":\"ImageObject\",\"inLanguage\":\"ru-RU\",\"@id\":\"https:\/\/beebipood.ee\/ru\/produkt\/kott-tool-triinu-250l\/#primaryimage\",\"url\":\"https:\/\/beebipood.ee\/wp-content\/uploads\/2013\/09\/Kotttool-Triinu-250L-Pehme-moobel-kotttoolid-tumbad-Kotttoolid-Lastemoobel-ja-sisustus_4-c0e.jpg\",\"contentUrl\":\"https:\/\/beebipood.ee\/wp-content\/uploads\/2013\/09\/Kotttool-Triinu-250L-Pehme-moobel-kotttoolid-tumbad-Kotttoolid-Lastemoobel-ja-sisustus_4-c0e.jpg\",\"width\":1500,\"height\":1000},{\"@type\":\"BreadcrumbList\",\"@id\":\"https:\/\/beebipood.ee\/ru\/produkt\/kott-tool-triinu-250l\/#breadcrumb\",\"itemListElement\":[{\"@type\":\"ListItem\",\"position\":1,\"name\":\"Home\",\"item\":\"https:\/\/beebipood.ee\/ru\/\"},{\"@type\":\"ListItem\",\"position\":2,\"name\":\"\u041a\u0430\u0442\u0430\u043b\u043e\u0433 \u0442\u043e\u0432\u0430\u0440\u043e\u0432\",\"item\":\"https:\/\/beebipood.ee\/tooted\/\"},{\"@type\":\"ListItem\",\"position\":3,\"name\":\"Kott-tool Triinu 250L\"}]},{\"@type\":\"WebSite\",\"@id\":\"https:\/\/beebipood.ee\/ru\/#website\",\"url\":\"https:\/\/beebipood.ee\/ru\/\",\"name\":\"Beebipood\",\"description\":\"Lastekaubad, beebikaubad, m\u00e4nguasjad\",\"publisher\":{\"@id\":\"https:\/\/beebipood.ee\/ru\/#organization\"},\"potentialAction\":[{\"@type\":\"SearchAction\",\"target\":{\"@type\":\"EntryPoint\",\"urlTemplate\":\"https:\/\/beebipood.ee\/ru\/?s={search_term_string}\"},\"query-input\":{\"@type\":\"PropertyValueSpecification\",\"valueRequired\":true,\"valueName\":\"search_term_string\"}}],\"inLanguage\":\"ru-RU\"},{\"@type\":\"Organization\",\"@id\":\"https:\/\/beebipood.ee\/ru\/#organization\",\"name\":\"Beebipood\",\"url\":\"https:\/\/beebipood.ee\/ru\/\",\"logo\":{\"@type\":\"ImageObject\",\"inLanguage\":\"ru-RU\",\"@id\":\"https:\/\/beebipood.ee\/ru\/#\/schema\/logo\/image\/\",\"url\":\"https:\/\/beebipood.ee\/wp-content\/uploads\/2025\/03\/beebipood.ee-logo-1.svg\",\"contentUrl\":\"https:\/\/beebipood.ee\/wp-content\/uploads\/2025\/03\/beebipood.ee-logo-1.svg\",\"caption\":\"Beebipood\"},\"image\":{\"@id\":\"https:\/\/beebipood.ee\/ru\/#\/schema\/logo\/image\/\"}}]}<\/script>\n<!-- \/ Yoast SEO plugin. -->","yoast_head_json":{"title":"Kott-tool Triinu 250L, \u041c\u044f\u0433\u043a\u0430\u044f \u043c\u0435\u0431\u0435\u043b\u044c, \u043a\u0440\u0435\u0441\u043b\u043e-\u043c\u0435\u0448\u043e\u043a,\u0442\u0443\u043c\u0431\u044b, \u041a\u0440\u0435\u0441\u043b\u043e-\u043c\u0435\u0448\u043e\u043a, M\u0435\u0431\u0435\u043b\u044c, Beebipood","description":"Kott-tool Triinu 250L, Triinu on kunstnahast &uuml;hev&auml;rviline, kuid kelmikate triipudega kott-tool, mille iga kattepaani servale on lisatud musta","robots":{"index":"index","follow":"follow","max-snippet":"max-snippet:-1","max-image-preview":"max-image-preview:large","max-video-preview":"max-video-preview:-1"},"canonical":"https:\/\/beebipood.ee\/ru\/produkt\/kott-tool-triinu-250l\/","og_locale":"ru_RU","og_type":"article","og_title":"Kott-tool Triinu 250L, \u041c\u044f\u0433\u043a\u0430\u044f \u043c\u0435\u0431\u0435\u043b\u044c, \u043a\u0440\u0435\u0441\u043b\u043e-\u043c\u0435\u0448\u043e\u043a,\u0442\u0443\u043c\u0431\u044b, \u041a\u0440\u0435\u0441\u043b\u043e-\u043c\u0435\u0448\u043e\u043a, M\u0435\u0431\u0435\u043b\u044c, Beebipood","og_description":"Kott-tool Triinu 250L, Triinu on kunstnahast &uuml;hev&auml;rviline, kuid kelmikate triipudega kott-tool, mille iga kattepaani servale on lisatud musta","og_url":"https:\/\/beebipood.ee\/ru\/produkt\/kott-tool-triinu-250l\/","og_site_name":"Beebipood","article_modified_time":"2025-01-09T08:52:50+00:00","og_image":[{"width":1500,"height":1000,"url":"https:\/\/beebipood.ee\/wp-content\/uploads\/2013\/09\/Kotttool-Triinu-250L-Pehme-moobel-kotttoolid-tumbad-Kotttoolid-Lastemoobel-ja-sisustus_4-c0e.jpg","type":"image\/jpeg"}],"twitter_card":"summary_large_image","schema":{"@context":"https:\/\/schema.org","@graph":[{"@type":"WebPage","@id":"https:\/\/beebipood.ee\/ru\/produkt\/kott-tool-triinu-250l\/","url":"https:\/\/beebipood.ee\/ru\/produkt\/kott-tool-triinu-250l\/","name":"Kott-tool Triinu 250L, \u041c\u044f\u0433\u043a\u0430\u044f \u043c\u0435\u0431\u0435\u043b\u044c, \u043a\u0440\u0435\u0441\u043b\u043e-\u043c\u0435\u0448\u043e\u043a,\u0442\u0443\u043c\u0431\u044b, \u041a\u0440\u0435\u0441\u043b\u043e-\u043c\u0435\u0448\u043e\u043a, M\u0435\u0431\u0435\u043b\u044c, Beebipood","isPartOf":{"@id":"https:\/\/beebipood.ee\/ru\/#website"},"primaryImageOfPage":{"@id":"https:\/\/beebipood.ee\/ru\/produkt\/kott-tool-triinu-250l\/#primaryimage"},"image":{"@id":"https:\/\/beebipood.ee\/ru\/produkt\/kott-tool-triinu-250l\/#primaryimage"},"thumbnailUrl":"https:\/\/beebipood.ee\/wp-content\/uploads\/2013\/09\/Kotttool-Triinu-250L-Pehme-moobel-kotttoolid-tumbad-Kotttoolid-Lastemoobel-ja-sisustus_4-c0e.jpg","datePublished":"2013-09-02T10:31:39+00:00","dateModified":"2025-01-09T08:52:50+00:00","description":"Kott-tool Triinu 250L, Triinu on kunstnahast &uuml;hev&auml;rviline, kuid kelmikate triipudega kott-tool, mille iga kattepaani servale on lisatud musta","breadcrumb":{"@id":"https:\/\/beebipood.ee\/ru\/produkt\/kott-tool-triinu-250l\/#breadcrumb"},"inLanguage":"ru-RU","potentialAction":[{"@type":"ReadAction","target":["https:\/\/beebipood.ee\/ru\/produkt\/kott-tool-triinu-250l\/"]}]},{"@type":"ImageObject","inLanguage":"ru-RU","@id":"https:\/\/beebipood.ee\/ru\/produkt\/kott-tool-triinu-250l\/#primaryimage","url":"https:\/\/beebipood.ee\/wp-content\/uploads\/2013\/09\/Kotttool-Triinu-250L-Pehme-moobel-kotttoolid-tumbad-Kotttoolid-Lastemoobel-ja-sisustus_4-c0e.jpg","contentUrl":"https:\/\/beebipood.ee\/wp-content\/uploads\/2013\/09\/Kotttool-Triinu-250L-Pehme-moobel-kotttoolid-tumbad-Kotttoolid-Lastemoobel-ja-sisustus_4-c0e.jpg","width":1500,"height":1000},{"@type":"BreadcrumbList","@id":"https:\/\/beebipood.ee\/ru\/produkt\/kott-tool-triinu-250l\/#breadcrumb","itemListElement":[{"@type":"ListItem","position":1,"name":"Home","item":"https:\/\/beebipood.ee\/ru\/"},{"@type":"ListItem","position":2,"name":"\u041a\u0430\u0442\u0430\u043b\u043e\u0433 \u0442\u043e\u0432\u0430\u0440\u043e\u0432","item":"https:\/\/beebipood.ee\/tooted\/"},{"@type":"ListItem","position":3,"name":"Kott-tool Triinu 250L"}]},{"@type":"WebSite","@id":"https:\/\/beebipood.ee\/ru\/#website","url":"https:\/\/beebipood.ee\/ru\/","name":"Beebipood","description":"Lastekaubad, beebikaubad, m\u00e4nguasjad","publisher":{"@id":"https:\/\/beebipood.ee\/ru\/#organization"},"potentialAction":[{"@type":"SearchAction","target":{"@type":"EntryPoint","urlTemplate":"https:\/\/beebipood.ee\/ru\/?s={search_term_string}"},"query-input":{"@type":"PropertyValueSpecification","valueRequired":true,"valueName":"search_term_string"}}],"inLanguage":"ru-RU"},{"@type":"Organization","@id":"https:\/\/beebipood.ee\/ru\/#organization","name":"Beebipood","url":"https:\/\/beebipood.ee\/ru\/","logo":{"@type":"ImageObject","inLanguage":"ru-RU","@id":"https:\/\/beebipood.ee\/ru\/#\/schema\/logo\/image\/","url":"https:\/\/beebipood.ee\/wp-content\/uploads\/2025\/03\/beebipood.ee-logo-1.svg","contentUrl":"https:\/\/beebipood.ee\/wp-content\/uploads\/2025\/03\/beebipood.ee-logo-1.svg","caption":"Beebipood"},"image":{"@id":"https:\/\/beebipood.ee\/ru\/#\/schema\/logo\/image\/"}}]}},"brands":[],"_links":{"self":[{"href":"https:\/\/beebipood.ee\/ru\/wp-json\/wp\/v2\/product\/454022","targetHints":{"allow":["GET"]}}],"collection":[{"href":"https:\/\/beebipood.ee\/ru\/wp-json\/wp\/v2\/product"}],"about":[{"href":"https:\/\/beebipood.ee\/ru\/wp-json\/wp\/v2\/types\/product"}],"wp:featuredmedia":[{"embeddable":true,"href":"https:\/\/beebipood.ee\/ru\/wp-json\/wp\/v2\/media\/98771"}],"wp:attachment":[{"href":"https:\/\/beebipood.ee\/ru\/wp-json\/wp\/v2\/media?parent=454022"}],"wp:term":[{"taxonomy":"pwb-brand","embeddable":true,"href":"https:\/\/beebipood.ee\/ru\/wp-json\/wp\/v2\/pwb-brand?post=454022"},{"taxonomy":"product_brand","embeddable":true,"href":"https:\/\/beebipood.ee\/ru\/wp-json\/wp\/v2\/product_brand?post=454022"},{"taxonomy":"product_cat","embeddable":true,"href":"https:\/\/beebipood.ee\/ru\/wp-json\/wp\/v2\/product_cat?post=454022"},{"taxonomy":"product_tag","embeddable":true,"href":"https:\/\/beebipood.ee\/ru\/wp-json\/wp\/v2\/product_tag?post=454022"}],"curies":[{"name":"wp","href":"https:\/\/api.w.org\/{rel}","templated":true}]}}