{"id":454046,"date":"2013-09-02T13:31:54","date_gmt":"2013-09-02T10:31:54","guid":{"rendered":"https:\/\/beebipood.ee\/toode\/treitud-peatsiga-voodi-90x200cm\/"},"modified":"2025-01-09T10:52:48","modified_gmt":"2025-01-09T08:52:48","slug":"treitud-peatsiga-voodi-90x200cm","status":"publish","type":"product","link":"https:\/\/beebipood.ee\/ru\/produkt\/treitud-peatsiga-voodi-90x200cm\/","title":{"rendered":"Treitud peatsiga voodi 90x200cm, v\u00e4rvivalik"},"content":{"rendered":"<p><span>* m\u00e4nnipuidust treitud peatsiga voodi<\/span><br \/><span>* viimistletud: peitsi ja naturaalse lakiga\u00a0<\/span><br \/><span>* valmistatud Eestis<\/span><br \/><span>* tugev konstruktsioon<br \/>* tugevad p\u00f5hjalipid kuuluvad komplekti<\/span><br \/><span>* madrats ei ole hinna sees<\/span><br \/><span>* sobivat m\u00f5\u00f5tu madrats voodisse: laius 90cm, pikkus 200cm<\/span><\/p>\n","protected":false},"excerpt":{"rendered":"<p>* m\u00e4nnipuidust treitud peatsiga voodi* viimistletud: peitsi ja naturaalse lakiga\u00a0* valmistatud Eestis* tugev konstruktsioon* tugevad p\u00f5hjalipid kuuluvad komplekti* madrats ei ole hinna sees* sobivat m\u00f5\u00f5tu madrats voodisse: laius 90cm, pikkus 200cm<\/p>\n","protected":false},"featured_media":98867,"template":"","meta":{"_acf_changed":false},"pwb-brand":[],"product_brand":[],"product_cat":[11591,11559,11789],"product_tag":[],"class_list":{"0":"post-454046","1":"product","2":"type-product","3":"status-publish","4":"has-post-thumbnail","6":"product_cat-90cm-laiused-ru","7":"product_cat-laste-ja-noortevoodid-ru","8":"product_cat-lastemoobel-ja-sisustus-ru","10":"first","11":"onbackorder","12":"sale","13":"taxable","14":"shipping-taxable","15":"purchasable","16":"product-type-simple"},"exclude_global_add_ons":false,"addons":[{"name":"Vali v\u00e4rv","type":"multiple_choice","position":0,"required":true,"title_format":"heading","default":"","description_enable":false,"description":"","placeholder_enable":false,"placeholder":"","display":"images","restrictions_type":"any_text","adjust_price":false,"price":"","price_type":"flat_fee","restrictions":false,"min":"0","max":"0","options":[{"label":"hele lakk","price":"","price_type":"quantity_based","image":500751,"visibility":true},{"label":"vana m\u00e4nd","price":"","price_type":"quantity_based","image":500753,"visibility":true},{"label":"valge v\u00e4rv","price":"","price_type":"quantity_based","image":500781,"visibility":true},{"label":"tumepruun","price":"","price_type":"quantity_based","image":500755,"visibility":true},{"label":"mahagon-pruun","price":"","price_type":"quantity_based","image":500757,"visibility":true},{"label":"kirss keskmine","price":"","price_type":"quantity_based","image":500759,"visibility":true},{"label":"kollane peits","price":"","price_type":"quantity_based","image":500761,"visibility":true},{"label":"oran\u017e peits","price":"","price_type":"quantity_based","image":500763,"visibility":true},{"label":"punane peits","price":"","price_type":"quantity_based","image":500765,"visibility":true},{"label":"hele-p\u00f6\u00f6k peits","price":"","price_type":"quantity_based","image":500767,"visibility":true},{"label":"roheline peits","price":"","price_type":"quantity_based","image":500769,"visibility":true},{"label":"roosakas peits","price":"","price_type":"quantity_based","image":500771,"visibility":true},{"label":"hele-sinakas peits","price":"","price_type":"quantity_based","image":500773,"visibility":true},{"label":"valge peits","price":"","price_type":"quantity_based","image":500775,"visibility":true},{"label":"antiik-rohekas peits","price":"","price_type":"quantity_based","image":500777,"visibility":true},{"label":"vana m\u00e4nd keskmine","price":"","price_type":"quantity_based","image":500779,"visibility":true}]}],"acf":[],"yoast_head":"<!-- This site is optimized with the Yoast SEO plugin v27.1.1 - https:\/\/yoast.com\/product\/yoast-seo-wordpress\/ -->\n<title>Treitud peatsiga voodi 90x200cm, v\u00e4rvivalik, \u041a\u0440\u043e\u0432\u0430\u0442\u0438 \u0434\u043b\u044f \u0434\u0435\u0442\u0435\u0439 \u0438 \u043f\u043e\u0434\u0440\u043e\u0441\u0442\u043a\u043e\u0432, \u0428\u0438\u0440\u0438\u043d\u0430 90c\u043c, M\u0435\u0431\u0435\u043b\u044c, Beebipood<\/title>\n<meta name=\"description\" content=\"Treitud peatsiga voodi 90x200cm, v\u00e4rvivalik, * m&auml;nnipuidust treitud peatsiga voodi* viimistletud: peitsi ja naturaalse lakiga&amp;\" \/>\n<meta name=\"robots\" content=\"index, follow, max-snippet:-1, max-image-preview:large, max-video-preview:-1\" \/>\n<link rel=\"canonical\" href=\"https:\/\/beebipood.ee\/ru\/produkt\/treitud-peatsiga-voodi-90x200cm\/\" \/>\n<meta property=\"og:locale\" content=\"ru_RU\" \/>\n<meta property=\"og:type\" content=\"article\" \/>\n<meta property=\"og:title\" content=\"Treitud peatsiga voodi 90x200cm, v\u00e4rvivalik, \u041a\u0440\u043e\u0432\u0430\u0442\u0438 \u0434\u043b\u044f \u0434\u0435\u0442\u0435\u0439 \u0438 \u043f\u043e\u0434\u0440\u043e\u0441\u0442\u043a\u043e\u0432, \u0428\u0438\u0440\u0438\u043d\u0430 90c\u043c, M\u0435\u0431\u0435\u043b\u044c, Beebipood\" \/>\n<meta property=\"og:description\" content=\"Treitud peatsiga voodi 90x200cm, v\u00e4rvivalik, * m&auml;nnipuidust treitud peatsiga voodi* viimistletud: peitsi ja naturaalse lakiga&amp;\" \/>\n<meta property=\"og:url\" content=\"https:\/\/beebipood.ee\/ru\/produkt\/treitud-peatsiga-voodi-90x200cm\/\" \/>\n<meta property=\"og:site_name\" content=\"Beebipood\" \/>\n<meta property=\"article:modified_time\" content=\"2025-01-09T08:52:48+00:00\" \/>\n<meta property=\"og:image\" content=\"https:\/\/beebipood.ee\/wp-content\/uploads\/2013\/09\/Treitud-peatsiga-voodi-90x200cm-Laste-ja-noortevoodid-90cm-laiused-Lastemoobel-ja-sisustus_3-463.jpg\" \/>\n\t<meta property=\"og:image:width\" content=\"2126\" \/>\n\t<meta property=\"og:image:height\" content=\"1984\" \/>\n\t<meta property=\"og:image:type\" content=\"image\/jpeg\" \/>\n<meta name=\"twitter:card\" content=\"summary_large_image\" \/>\n<script type=\"application\/ld+json\" class=\"yoast-schema-graph\">{\"@context\":\"https:\/\/schema.org\",\"@graph\":[{\"@type\":\"WebPage\",\"@id\":\"https:\/\/beebipood.ee\/ru\/produkt\/treitud-peatsiga-voodi-90x200cm\/\",\"url\":\"https:\/\/beebipood.ee\/ru\/produkt\/treitud-peatsiga-voodi-90x200cm\/\",\"name\":\"Treitud peatsiga voodi 90x200cm, v\u00e4rvivalik, \u041a\u0440\u043e\u0432\u0430\u0442\u0438 \u0434\u043b\u044f \u0434\u0435\u0442\u0435\u0439 \u0438 \u043f\u043e\u0434\u0440\u043e\u0441\u0442\u043a\u043e\u0432, \u0428\u0438\u0440\u0438\u043d\u0430 90c\u043c, M\u0435\u0431\u0435\u043b\u044c, Beebipood\",\"isPartOf\":{\"@id\":\"https:\/\/beebipood.ee\/ru\/#website\"},\"primaryImageOfPage\":{\"@id\":\"https:\/\/beebipood.ee\/ru\/produkt\/treitud-peatsiga-voodi-90x200cm\/#primaryimage\"},\"image\":{\"@id\":\"https:\/\/beebipood.ee\/ru\/produkt\/treitud-peatsiga-voodi-90x200cm\/#primaryimage\"},\"thumbnailUrl\":\"https:\/\/beebipood.ee\/wp-content\/uploads\/2013\/09\/Treitud-peatsiga-voodi-90x200cm-Laste-ja-noortevoodid-90cm-laiused-Lastemoobel-ja-sisustus_3-463.jpg\",\"datePublished\":\"2013-09-02T10:31:54+00:00\",\"dateModified\":\"2025-01-09T08:52:48+00:00\",\"description\":\"Treitud peatsiga voodi 90x200cm, v\u00e4rvivalik, * m&auml;nnipuidust treitud peatsiga voodi* viimistletud: peitsi ja naturaalse lakiga&\",\"breadcrumb\":{\"@id\":\"https:\/\/beebipood.ee\/ru\/produkt\/treitud-peatsiga-voodi-90x200cm\/#breadcrumb\"},\"inLanguage\":\"ru-RU\",\"potentialAction\":[{\"@type\":\"ReadAction\",\"target\":[\"https:\/\/beebipood.ee\/ru\/produkt\/treitud-peatsiga-voodi-90x200cm\/\"]}]},{\"@type\":\"ImageObject\",\"inLanguage\":\"ru-RU\",\"@id\":\"https:\/\/beebipood.ee\/ru\/produkt\/treitud-peatsiga-voodi-90x200cm\/#primaryimage\",\"url\":\"https:\/\/beebipood.ee\/wp-content\/uploads\/2013\/09\/Treitud-peatsiga-voodi-90x200cm-Laste-ja-noortevoodid-90cm-laiused-Lastemoobel-ja-sisustus_3-463.jpg\",\"contentUrl\":\"https:\/\/beebipood.ee\/wp-content\/uploads\/2013\/09\/Treitud-peatsiga-voodi-90x200cm-Laste-ja-noortevoodid-90cm-laiused-Lastemoobel-ja-sisustus_3-463.jpg\",\"width\":2126,\"height\":1984},{\"@type\":\"BreadcrumbList\",\"@id\":\"https:\/\/beebipood.ee\/ru\/produkt\/treitud-peatsiga-voodi-90x200cm\/#breadcrumb\",\"itemListElement\":[{\"@type\":\"ListItem\",\"position\":1,\"name\":\"Home\",\"item\":\"https:\/\/beebipood.ee\/ru\/\"},{\"@type\":\"ListItem\",\"position\":2,\"name\":\"\u041a\u0430\u0442\u0430\u043b\u043e\u0433 \u0442\u043e\u0432\u0430\u0440\u043e\u0432\",\"item\":\"https:\/\/beebipood.ee\/tooted\/\"},{\"@type\":\"ListItem\",\"position\":3,\"name\":\"Treitud peatsiga voodi 90x200cm, v\u00e4rvivalik\"}]},{\"@type\":\"WebSite\",\"@id\":\"https:\/\/beebipood.ee\/ru\/#website\",\"url\":\"https:\/\/beebipood.ee\/ru\/\",\"name\":\"Beebipood\",\"description\":\"Lastekaubad, beebikaubad, m\u00e4nguasjad\",\"publisher\":{\"@id\":\"https:\/\/beebipood.ee\/ru\/#organization\"},\"potentialAction\":[{\"@type\":\"SearchAction\",\"target\":{\"@type\":\"EntryPoint\",\"urlTemplate\":\"https:\/\/beebipood.ee\/ru\/?s={search_term_string}\"},\"query-input\":{\"@type\":\"PropertyValueSpecification\",\"valueRequired\":true,\"valueName\":\"search_term_string\"}}],\"inLanguage\":\"ru-RU\"},{\"@type\":\"Organization\",\"@id\":\"https:\/\/beebipood.ee\/ru\/#organization\",\"name\":\"Beebipood\",\"url\":\"https:\/\/beebipood.ee\/ru\/\",\"logo\":{\"@type\":\"ImageObject\",\"inLanguage\":\"ru-RU\",\"@id\":\"https:\/\/beebipood.ee\/ru\/#\/schema\/logo\/image\/\",\"url\":\"https:\/\/beebipood.ee\/wp-content\/uploads\/2025\/03\/beebipood.ee-logo-1.svg\",\"contentUrl\":\"https:\/\/beebipood.ee\/wp-content\/uploads\/2025\/03\/beebipood.ee-logo-1.svg\",\"caption\":\"Beebipood\"},\"image\":{\"@id\":\"https:\/\/beebipood.ee\/ru\/#\/schema\/logo\/image\/\"}}]}<\/script>\n<!-- \/ Yoast SEO plugin. -->","yoast_head_json":{"title":"Treitud peatsiga voodi 90x200cm, v\u00e4rvivalik, \u041a\u0440\u043e\u0432\u0430\u0442\u0438 \u0434\u043b\u044f \u0434\u0435\u0442\u0435\u0439 \u0438 \u043f\u043e\u0434\u0440\u043e\u0441\u0442\u043a\u043e\u0432, \u0428\u0438\u0440\u0438\u043d\u0430 90c\u043c, M\u0435\u0431\u0435\u043b\u044c, Beebipood","description":"Treitud peatsiga voodi 90x200cm, v\u00e4rvivalik, * m&auml;nnipuidust treitud peatsiga voodi* viimistletud: peitsi ja naturaalse lakiga&","robots":{"index":"index","follow":"follow","max-snippet":"max-snippet:-1","max-image-preview":"max-image-preview:large","max-video-preview":"max-video-preview:-1"},"canonical":"https:\/\/beebipood.ee\/ru\/produkt\/treitud-peatsiga-voodi-90x200cm\/","og_locale":"ru_RU","og_type":"article","og_title":"Treitud peatsiga voodi 90x200cm, v\u00e4rvivalik, \u041a\u0440\u043e\u0432\u0430\u0442\u0438 \u0434\u043b\u044f \u0434\u0435\u0442\u0435\u0439 \u0438 \u043f\u043e\u0434\u0440\u043e\u0441\u0442\u043a\u043e\u0432, \u0428\u0438\u0440\u0438\u043d\u0430 90c\u043c, M\u0435\u0431\u0435\u043b\u044c, Beebipood","og_description":"Treitud peatsiga voodi 90x200cm, v\u00e4rvivalik, * m&auml;nnipuidust treitud peatsiga voodi* viimistletud: peitsi ja naturaalse lakiga&","og_url":"https:\/\/beebipood.ee\/ru\/produkt\/treitud-peatsiga-voodi-90x200cm\/","og_site_name":"Beebipood","article_modified_time":"2025-01-09T08:52:48+00:00","og_image":[{"width":2126,"height":1984,"url":"https:\/\/beebipood.ee\/wp-content\/uploads\/2013\/09\/Treitud-peatsiga-voodi-90x200cm-Laste-ja-noortevoodid-90cm-laiused-Lastemoobel-ja-sisustus_3-463.jpg","type":"image\/jpeg"}],"twitter_card":"summary_large_image","schema":{"@context":"https:\/\/schema.org","@graph":[{"@type":"WebPage","@id":"https:\/\/beebipood.ee\/ru\/produkt\/treitud-peatsiga-voodi-90x200cm\/","url":"https:\/\/beebipood.ee\/ru\/produkt\/treitud-peatsiga-voodi-90x200cm\/","name":"Treitud peatsiga voodi 90x200cm, v\u00e4rvivalik, \u041a\u0440\u043e\u0432\u0430\u0442\u0438 \u0434\u043b\u044f \u0434\u0435\u0442\u0435\u0439 \u0438 \u043f\u043e\u0434\u0440\u043e\u0441\u0442\u043a\u043e\u0432, \u0428\u0438\u0440\u0438\u043d\u0430 90c\u043c, M\u0435\u0431\u0435\u043b\u044c, Beebipood","isPartOf":{"@id":"https:\/\/beebipood.ee\/ru\/#website"},"primaryImageOfPage":{"@id":"https:\/\/beebipood.ee\/ru\/produkt\/treitud-peatsiga-voodi-90x200cm\/#primaryimage"},"image":{"@id":"https:\/\/beebipood.ee\/ru\/produkt\/treitud-peatsiga-voodi-90x200cm\/#primaryimage"},"thumbnailUrl":"https:\/\/beebipood.ee\/wp-content\/uploads\/2013\/09\/Treitud-peatsiga-voodi-90x200cm-Laste-ja-noortevoodid-90cm-laiused-Lastemoobel-ja-sisustus_3-463.jpg","datePublished":"2013-09-02T10:31:54+00:00","dateModified":"2025-01-09T08:52:48+00:00","description":"Treitud peatsiga voodi 90x200cm, v\u00e4rvivalik, * m&auml;nnipuidust treitud peatsiga voodi* viimistletud: peitsi ja naturaalse lakiga&","breadcrumb":{"@id":"https:\/\/beebipood.ee\/ru\/produkt\/treitud-peatsiga-voodi-90x200cm\/#breadcrumb"},"inLanguage":"ru-RU","potentialAction":[{"@type":"ReadAction","target":["https:\/\/beebipood.ee\/ru\/produkt\/treitud-peatsiga-voodi-90x200cm\/"]}]},{"@type":"ImageObject","inLanguage":"ru-RU","@id":"https:\/\/beebipood.ee\/ru\/produkt\/treitud-peatsiga-voodi-90x200cm\/#primaryimage","url":"https:\/\/beebipood.ee\/wp-content\/uploads\/2013\/09\/Treitud-peatsiga-voodi-90x200cm-Laste-ja-noortevoodid-90cm-laiused-Lastemoobel-ja-sisustus_3-463.jpg","contentUrl":"https:\/\/beebipood.ee\/wp-content\/uploads\/2013\/09\/Treitud-peatsiga-voodi-90x200cm-Laste-ja-noortevoodid-90cm-laiused-Lastemoobel-ja-sisustus_3-463.jpg","width":2126,"height":1984},{"@type":"BreadcrumbList","@id":"https:\/\/beebipood.ee\/ru\/produkt\/treitud-peatsiga-voodi-90x200cm\/#breadcrumb","itemListElement":[{"@type":"ListItem","position":1,"name":"Home","item":"https:\/\/beebipood.ee\/ru\/"},{"@type":"ListItem","position":2,"name":"\u041a\u0430\u0442\u0430\u043b\u043e\u0433 \u0442\u043e\u0432\u0430\u0440\u043e\u0432","item":"https:\/\/beebipood.ee\/tooted\/"},{"@type":"ListItem","position":3,"name":"Treitud peatsiga voodi 90x200cm, v\u00e4rvivalik"}]},{"@type":"WebSite","@id":"https:\/\/beebipood.ee\/ru\/#website","url":"https:\/\/beebipood.ee\/ru\/","name":"Beebipood","description":"Lastekaubad, beebikaubad, m\u00e4nguasjad","publisher":{"@id":"https:\/\/beebipood.ee\/ru\/#organization"},"potentialAction":[{"@type":"SearchAction","target":{"@type":"EntryPoint","urlTemplate":"https:\/\/beebipood.ee\/ru\/?s={search_term_string}"},"query-input":{"@type":"PropertyValueSpecification","valueRequired":true,"valueName":"search_term_string"}}],"inLanguage":"ru-RU"},{"@type":"Organization","@id":"https:\/\/beebipood.ee\/ru\/#organization","name":"Beebipood","url":"https:\/\/beebipood.ee\/ru\/","logo":{"@type":"ImageObject","inLanguage":"ru-RU","@id":"https:\/\/beebipood.ee\/ru\/#\/schema\/logo\/image\/","url":"https:\/\/beebipood.ee\/wp-content\/uploads\/2025\/03\/beebipood.ee-logo-1.svg","contentUrl":"https:\/\/beebipood.ee\/wp-content\/uploads\/2025\/03\/beebipood.ee-logo-1.svg","caption":"Beebipood"},"image":{"@id":"https:\/\/beebipood.ee\/ru\/#\/schema\/logo\/image\/"}}]}},"brands":[],"_links":{"self":[{"href":"https:\/\/beebipood.ee\/ru\/wp-json\/wp\/v2\/product\/454046","targetHints":{"allow":["GET"]}}],"collection":[{"href":"https:\/\/beebipood.ee\/ru\/wp-json\/wp\/v2\/product"}],"about":[{"href":"https:\/\/beebipood.ee\/ru\/wp-json\/wp\/v2\/types\/product"}],"wp:featuredmedia":[{"embeddable":true,"href":"https:\/\/beebipood.ee\/ru\/wp-json\/wp\/v2\/media\/98867"}],"wp:attachment":[{"href":"https:\/\/beebipood.ee\/ru\/wp-json\/wp\/v2\/media?parent=454046"}],"wp:term":[{"taxonomy":"pwb-brand","embeddable":true,"href":"https:\/\/beebipood.ee\/ru\/wp-json\/wp\/v2\/pwb-brand?post=454046"},{"taxonomy":"product_brand","embeddable":true,"href":"https:\/\/beebipood.ee\/ru\/wp-json\/wp\/v2\/product_brand?post=454046"},{"taxonomy":"product_cat","embeddable":true,"href":"https:\/\/beebipood.ee\/ru\/wp-json\/wp\/v2\/product_cat?post=454046"},{"taxonomy":"product_tag","embeddable":true,"href":"https:\/\/beebipood.ee\/ru\/wp-json\/wp\/v2\/product_tag?post=454046"}],"curies":[{"name":"wp","href":"https:\/\/api.w.org\/{rel}","templated":true}]}}