{"id":454050,"date":"2013-09-02T13:32:01","date_gmt":"2013-09-02T10:32:01","guid":{"rendered":"https:\/\/beebipood.ee\/toode\/pesukastiga-voodi-loft-120x200-cm-naturaalne-tamm\/"},"modified":"2025-01-09T10:52:48","modified_gmt":"2025-01-09T08:52:48","slug":"pesukastiga-voodi-loft-120x200-cm-naturaalne-tamm","status":"publish","type":"product","link":"https:\/\/beebipood.ee\/ru\/produkt\/pesukastiga-voodi-loft-120x200-cm-naturaalne-tamm\/","title":{"rendered":"Pesukastiga voodi Loft 120&#215;200 cm, naturaalne tamm"},"content":{"rendered":"<p>LOFT voodi on sobib k\u00f5igile, kellele meeldib naturaalse puidu <br \/>ja musta metalli universaalne kombinatsioon. <br \/>Seda t\u00fc\u00fcpi voodid sobivad paljude erinevate sisustustega.<br \/>Veelgi enam, kahe materjal metalli ja puidu kombinatsioon <br \/>on eklektilise interj\u00f6\u00f6ri klassika.<br \/>LOFT voodi 120&#215;200 on suurep\u00e4rane v\u00f5imalus laiaks <br \/>ja mugavaks m\u00f6\u00f6bliesemeks \u00fchele inimesele v\u00f5i kompaktseks kaheinimesevoodiks. <br \/>LOFT voodi kandev\u00f5ime on kuni 400 kg.<br \/>Voodi on metallist t\u00f5steraamil, mis tagab mugavuse ja \u00f5huringluse l\u00e4bi madratsi <br \/>ning annab t\u00e4iendavat hoiuruumi. <br \/>Voodi mugav pesukast sobib voodipesu ja muude asjade hoidmiseks.<br \/>Gaasiautomaatika avab pesukast lihtslt ja mugavalt voodi jalutsist suunaga \u00fcles. <br \/>Igap\u00e4evane vooditegu lihtne ja m\u00f5nus ning teie voodipesu tolmu ja mustuse eest kaitstud.<br \/>LOFT voodit on lihtne kokku panna \u2013 selle kokkupanemine ei vaja spetsialisti tuge<br \/>Madrats ei kuulu komplekti<br \/>Voodisse sobib madrats m\u00f5\u00f5duga <a href=\"https:\/\/www.beebipood.ee\/lastemoobel-ja-sisustus\/madratsid-ja-kattemadratsid\/kuni-120cm-laiused.html\">120&#215;200<\/a><\/p>\n","protected":false},"excerpt":{"rendered":"<p>LOFT voodi on sobib k\u00f5igile, kellele meeldib naturaalse puidu ja musta metalli universaalne kombinatsioon. Seda t\u00fc\u00fcpi voodid sobivad paljude erinevate sisustustega.Veelgi enam, kahe materjal metalli ja puidu kombinatsioon on eklektilise interj\u00f6\u00f6ri klassika.LOFT voodi 120&#215;200 on suurep\u00e4rane v\u00f5imalus laiaks ja mugavaks m\u00f6\u00f6bliesemeks \u00fchele inimesele v\u00f5i kompaktseks kaheinimesevoodiks. LOFT voodi kandev\u00f5ime on kuni 400 kg.Voodi on metallist [&hellip;]<\/p>\n","protected":false},"featured_media":98886,"template":"","meta":{"_acf_changed":false},"pwb-brand":[],"product_brand":[],"product_cat":[11749,11559,11789],"product_tag":[],"class_list":{"0":"post-454050","1":"product","2":"type-product","3":"status-publish","4":"has-post-thumbnail","6":"product_cat-120cm-laiused-ru","7":"product_cat-laste-ja-noortevoodid-ru","8":"product_cat-lastemoobel-ja-sisustus-ru","10":"first","11":"onbackorder","12":"sale","13":"taxable","14":"shipping-taxable","15":"purchasable","16":"product-type-simple"},"exclude_global_add_ons":[],"addons":[],"acf":[],"yoast_head":"<!-- This site is optimized with the Yoast SEO plugin v27.1.1 - https:\/\/yoast.com\/product\/yoast-seo-wordpress\/ -->\n<title>Pesukastiga voodi Loft 120x200 cm, naturaalne tamm, \u041a\u0440\u043e\u0432\u0430\u0442\u0438 \u0434\u043b\u044f \u0434\u0435\u0442\u0435\u0439 \u0438 \u043f\u043e\u0434\u0440\u043e\u0441\u0442\u043a\u043e\u0432, \u0428\u0438\u0440\u0438\u043d\u0430 120c\u043c, M\u0435\u0431\u0435\u043b\u044c, Beebipood<\/title>\n<meta name=\"description\" content=\"Pesukastiga voodi Loft 120x200 cm, naturaalne tamm, LOFT voodi on sobib k&otilde;igile, kellele meeldib naturaalse puidu ja musta metalli universaalne\" \/>\n<meta name=\"robots\" content=\"index, follow, max-snippet:-1, max-image-preview:large, max-video-preview:-1\" \/>\n<link rel=\"canonical\" href=\"https:\/\/beebipood.ee\/ru\/produkt\/pesukastiga-voodi-loft-120x200-cm-naturaalne-tamm\/\" \/>\n<meta property=\"og:locale\" content=\"ru_RU\" \/>\n<meta property=\"og:type\" content=\"article\" \/>\n<meta property=\"og:title\" content=\"Pesukastiga voodi Loft 120x200 cm, naturaalne tamm, \u041a\u0440\u043e\u0432\u0430\u0442\u0438 \u0434\u043b\u044f \u0434\u0435\u0442\u0435\u0439 \u0438 \u043f\u043e\u0434\u0440\u043e\u0441\u0442\u043a\u043e\u0432, \u0428\u0438\u0440\u0438\u043d\u0430 120c\u043c, M\u0435\u0431\u0435\u043b\u044c, Beebipood\" \/>\n<meta property=\"og:description\" content=\"Pesukastiga voodi Loft 120x200 cm, naturaalne tamm, LOFT voodi on sobib k&otilde;igile, kellele meeldib naturaalse puidu ja musta metalli universaalne\" \/>\n<meta property=\"og:url\" content=\"https:\/\/beebipood.ee\/ru\/produkt\/pesukastiga-voodi-loft-120x200-cm-naturaalne-tamm\/\" \/>\n<meta property=\"og:site_name\" content=\"Beebipood\" \/>\n<meta property=\"article:modified_time\" content=\"2025-01-09T08:52:48+00:00\" \/>\n<meta property=\"og:image\" content=\"https:\/\/beebipood.ee\/wp-content\/uploads\/2013\/09\/Pesukastiga-voodi-Loft-120x200-cm-naturaalne-tamm-Laste-ja-noortevoodid-UUED-TOOTED-120cm-laiused-Lastemoobel-ja-sisustus_2-683.jpg\" \/>\n\t<meta property=\"og:image:width\" content=\"1190\" \/>\n\t<meta property=\"og:image:height\" content=\"791\" \/>\n\t<meta property=\"og:image:type\" content=\"image\/jpeg\" \/>\n<meta name=\"twitter:card\" content=\"summary_large_image\" \/>\n<meta name=\"twitter:label1\" content=\"\u041f\u0440\u0438\u043c\u0435\u0440\u043d\u043e\u0435 \u0432\u0440\u0435\u043c\u044f \u0434\u043b\u044f \u0447\u0442\u0435\u043d\u0438\u044f\" \/>\n\t<meta name=\"twitter:data1\" content=\"1 \u043c\u0438\u043d\u0443\u0442\u0430\" \/>\n<script type=\"application\/ld+json\" class=\"yoast-schema-graph\">{\"@context\":\"https:\/\/schema.org\",\"@graph\":[{\"@type\":\"WebPage\",\"@id\":\"https:\/\/beebipood.ee\/ru\/produkt\/pesukastiga-voodi-loft-120x200-cm-naturaalne-tamm\/\",\"url\":\"https:\/\/beebipood.ee\/ru\/produkt\/pesukastiga-voodi-loft-120x200-cm-naturaalne-tamm\/\",\"name\":\"Pesukastiga voodi Loft 120x200 cm, naturaalne tamm, \u041a\u0440\u043e\u0432\u0430\u0442\u0438 \u0434\u043b\u044f \u0434\u0435\u0442\u0435\u0439 \u0438 \u043f\u043e\u0434\u0440\u043e\u0441\u0442\u043a\u043e\u0432, \u0428\u0438\u0440\u0438\u043d\u0430 120c\u043c, M\u0435\u0431\u0435\u043b\u044c, Beebipood\",\"isPartOf\":{\"@id\":\"https:\/\/beebipood.ee\/ru\/#website\"},\"primaryImageOfPage\":{\"@id\":\"https:\/\/beebipood.ee\/ru\/produkt\/pesukastiga-voodi-loft-120x200-cm-naturaalne-tamm\/#primaryimage\"},\"image\":{\"@id\":\"https:\/\/beebipood.ee\/ru\/produkt\/pesukastiga-voodi-loft-120x200-cm-naturaalne-tamm\/#primaryimage\"},\"thumbnailUrl\":\"https:\/\/beebipood.ee\/wp-content\/uploads\/2013\/09\/Pesukastiga-voodi-Loft-120x200-cm-naturaalne-tamm-Laste-ja-noortevoodid-UUED-TOOTED-120cm-laiused-Lastemoobel-ja-sisustus_2-683.jpg\",\"datePublished\":\"2013-09-02T10:32:01+00:00\",\"dateModified\":\"2025-01-09T08:52:48+00:00\",\"description\":\"Pesukastiga voodi Loft 120x200 cm, naturaalne tamm, LOFT voodi on sobib k&otilde;igile, kellele meeldib naturaalse puidu ja musta metalli universaalne\",\"breadcrumb\":{\"@id\":\"https:\/\/beebipood.ee\/ru\/produkt\/pesukastiga-voodi-loft-120x200-cm-naturaalne-tamm\/#breadcrumb\"},\"inLanguage\":\"ru-RU\",\"potentialAction\":[{\"@type\":\"ReadAction\",\"target\":[\"https:\/\/beebipood.ee\/ru\/produkt\/pesukastiga-voodi-loft-120x200-cm-naturaalne-tamm\/\"]}]},{\"@type\":\"ImageObject\",\"inLanguage\":\"ru-RU\",\"@id\":\"https:\/\/beebipood.ee\/ru\/produkt\/pesukastiga-voodi-loft-120x200-cm-naturaalne-tamm\/#primaryimage\",\"url\":\"https:\/\/beebipood.ee\/wp-content\/uploads\/2013\/09\/Pesukastiga-voodi-Loft-120x200-cm-naturaalne-tamm-Laste-ja-noortevoodid-UUED-TOOTED-120cm-laiused-Lastemoobel-ja-sisustus_2-683.jpg\",\"contentUrl\":\"https:\/\/beebipood.ee\/wp-content\/uploads\/2013\/09\/Pesukastiga-voodi-Loft-120x200-cm-naturaalne-tamm-Laste-ja-noortevoodid-UUED-TOOTED-120cm-laiused-Lastemoobel-ja-sisustus_2-683.jpg\",\"width\":1190,\"height\":791},{\"@type\":\"BreadcrumbList\",\"@id\":\"https:\/\/beebipood.ee\/ru\/produkt\/pesukastiga-voodi-loft-120x200-cm-naturaalne-tamm\/#breadcrumb\",\"itemListElement\":[{\"@type\":\"ListItem\",\"position\":1,\"name\":\"Home\",\"item\":\"https:\/\/beebipood.ee\/ru\/\"},{\"@type\":\"ListItem\",\"position\":2,\"name\":\"\u041a\u0430\u0442\u0430\u043b\u043e\u0433 \u0442\u043e\u0432\u0430\u0440\u043e\u0432\",\"item\":\"https:\/\/beebipood.ee\/tooted\/\"},{\"@type\":\"ListItem\",\"position\":3,\"name\":\"Pesukastiga voodi Loft 120&#215;200 cm, naturaalne tamm\"}]},{\"@type\":\"WebSite\",\"@id\":\"https:\/\/beebipood.ee\/ru\/#website\",\"url\":\"https:\/\/beebipood.ee\/ru\/\",\"name\":\"Beebipood\",\"description\":\"Lastekaubad, beebikaubad, m\u00e4nguasjad\",\"publisher\":{\"@id\":\"https:\/\/beebipood.ee\/ru\/#organization\"},\"potentialAction\":[{\"@type\":\"SearchAction\",\"target\":{\"@type\":\"EntryPoint\",\"urlTemplate\":\"https:\/\/beebipood.ee\/ru\/?s={search_term_string}\"},\"query-input\":{\"@type\":\"PropertyValueSpecification\",\"valueRequired\":true,\"valueName\":\"search_term_string\"}}],\"inLanguage\":\"ru-RU\"},{\"@type\":\"Organization\",\"@id\":\"https:\/\/beebipood.ee\/ru\/#organization\",\"name\":\"Beebipood\",\"url\":\"https:\/\/beebipood.ee\/ru\/\",\"logo\":{\"@type\":\"ImageObject\",\"inLanguage\":\"ru-RU\",\"@id\":\"https:\/\/beebipood.ee\/ru\/#\/schema\/logo\/image\/\",\"url\":\"https:\/\/beebipood.ee\/wp-content\/uploads\/2025\/03\/beebipood.ee-logo-1.svg\",\"contentUrl\":\"https:\/\/beebipood.ee\/wp-content\/uploads\/2025\/03\/beebipood.ee-logo-1.svg\",\"caption\":\"Beebipood\"},\"image\":{\"@id\":\"https:\/\/beebipood.ee\/ru\/#\/schema\/logo\/image\/\"}}]}<\/script>\n<!-- \/ Yoast SEO plugin. -->","yoast_head_json":{"title":"Pesukastiga voodi Loft 120x200 cm, naturaalne tamm, \u041a\u0440\u043e\u0432\u0430\u0442\u0438 \u0434\u043b\u044f \u0434\u0435\u0442\u0435\u0439 \u0438 \u043f\u043e\u0434\u0440\u043e\u0441\u0442\u043a\u043e\u0432, \u0428\u0438\u0440\u0438\u043d\u0430 120c\u043c, M\u0435\u0431\u0435\u043b\u044c, Beebipood","description":"Pesukastiga voodi Loft 120x200 cm, naturaalne tamm, LOFT voodi on sobib k&otilde;igile, kellele meeldib naturaalse puidu ja musta metalli universaalne","robots":{"index":"index","follow":"follow","max-snippet":"max-snippet:-1","max-image-preview":"max-image-preview:large","max-video-preview":"max-video-preview:-1"},"canonical":"https:\/\/beebipood.ee\/ru\/produkt\/pesukastiga-voodi-loft-120x200-cm-naturaalne-tamm\/","og_locale":"ru_RU","og_type":"article","og_title":"Pesukastiga voodi Loft 120x200 cm, naturaalne tamm, \u041a\u0440\u043e\u0432\u0430\u0442\u0438 \u0434\u043b\u044f \u0434\u0435\u0442\u0435\u0439 \u0438 \u043f\u043e\u0434\u0440\u043e\u0441\u0442\u043a\u043e\u0432, \u0428\u0438\u0440\u0438\u043d\u0430 120c\u043c, M\u0435\u0431\u0435\u043b\u044c, Beebipood","og_description":"Pesukastiga voodi Loft 120x200 cm, naturaalne tamm, LOFT voodi on sobib k&otilde;igile, kellele meeldib naturaalse puidu ja musta metalli universaalne","og_url":"https:\/\/beebipood.ee\/ru\/produkt\/pesukastiga-voodi-loft-120x200-cm-naturaalne-tamm\/","og_site_name":"Beebipood","article_modified_time":"2025-01-09T08:52:48+00:00","og_image":[{"width":1190,"height":791,"url":"https:\/\/beebipood.ee\/wp-content\/uploads\/2013\/09\/Pesukastiga-voodi-Loft-120x200-cm-naturaalne-tamm-Laste-ja-noortevoodid-UUED-TOOTED-120cm-laiused-Lastemoobel-ja-sisustus_2-683.jpg","type":"image\/jpeg"}],"twitter_card":"summary_large_image","twitter_misc":{"\u041f\u0440\u0438\u043c\u0435\u0440\u043d\u043e\u0435 \u0432\u0440\u0435\u043c\u044f \u0434\u043b\u044f \u0447\u0442\u0435\u043d\u0438\u044f":"1 \u043c\u0438\u043d\u0443\u0442\u0430"},"schema":{"@context":"https:\/\/schema.org","@graph":[{"@type":"WebPage","@id":"https:\/\/beebipood.ee\/ru\/produkt\/pesukastiga-voodi-loft-120x200-cm-naturaalne-tamm\/","url":"https:\/\/beebipood.ee\/ru\/produkt\/pesukastiga-voodi-loft-120x200-cm-naturaalne-tamm\/","name":"Pesukastiga voodi Loft 120x200 cm, naturaalne tamm, \u041a\u0440\u043e\u0432\u0430\u0442\u0438 \u0434\u043b\u044f \u0434\u0435\u0442\u0435\u0439 \u0438 \u043f\u043e\u0434\u0440\u043e\u0441\u0442\u043a\u043e\u0432, \u0428\u0438\u0440\u0438\u043d\u0430 120c\u043c, M\u0435\u0431\u0435\u043b\u044c, Beebipood","isPartOf":{"@id":"https:\/\/beebipood.ee\/ru\/#website"},"primaryImageOfPage":{"@id":"https:\/\/beebipood.ee\/ru\/produkt\/pesukastiga-voodi-loft-120x200-cm-naturaalne-tamm\/#primaryimage"},"image":{"@id":"https:\/\/beebipood.ee\/ru\/produkt\/pesukastiga-voodi-loft-120x200-cm-naturaalne-tamm\/#primaryimage"},"thumbnailUrl":"https:\/\/beebipood.ee\/wp-content\/uploads\/2013\/09\/Pesukastiga-voodi-Loft-120x200-cm-naturaalne-tamm-Laste-ja-noortevoodid-UUED-TOOTED-120cm-laiused-Lastemoobel-ja-sisustus_2-683.jpg","datePublished":"2013-09-02T10:32:01+00:00","dateModified":"2025-01-09T08:52:48+00:00","description":"Pesukastiga voodi Loft 120x200 cm, naturaalne tamm, LOFT voodi on sobib k&otilde;igile, kellele meeldib naturaalse puidu ja musta metalli universaalne","breadcrumb":{"@id":"https:\/\/beebipood.ee\/ru\/produkt\/pesukastiga-voodi-loft-120x200-cm-naturaalne-tamm\/#breadcrumb"},"inLanguage":"ru-RU","potentialAction":[{"@type":"ReadAction","target":["https:\/\/beebipood.ee\/ru\/produkt\/pesukastiga-voodi-loft-120x200-cm-naturaalne-tamm\/"]}]},{"@type":"ImageObject","inLanguage":"ru-RU","@id":"https:\/\/beebipood.ee\/ru\/produkt\/pesukastiga-voodi-loft-120x200-cm-naturaalne-tamm\/#primaryimage","url":"https:\/\/beebipood.ee\/wp-content\/uploads\/2013\/09\/Pesukastiga-voodi-Loft-120x200-cm-naturaalne-tamm-Laste-ja-noortevoodid-UUED-TOOTED-120cm-laiused-Lastemoobel-ja-sisustus_2-683.jpg","contentUrl":"https:\/\/beebipood.ee\/wp-content\/uploads\/2013\/09\/Pesukastiga-voodi-Loft-120x200-cm-naturaalne-tamm-Laste-ja-noortevoodid-UUED-TOOTED-120cm-laiused-Lastemoobel-ja-sisustus_2-683.jpg","width":1190,"height":791},{"@type":"BreadcrumbList","@id":"https:\/\/beebipood.ee\/ru\/produkt\/pesukastiga-voodi-loft-120x200-cm-naturaalne-tamm\/#breadcrumb","itemListElement":[{"@type":"ListItem","position":1,"name":"Home","item":"https:\/\/beebipood.ee\/ru\/"},{"@type":"ListItem","position":2,"name":"\u041a\u0430\u0442\u0430\u043b\u043e\u0433 \u0442\u043e\u0432\u0430\u0440\u043e\u0432","item":"https:\/\/beebipood.ee\/tooted\/"},{"@type":"ListItem","position":3,"name":"Pesukastiga voodi Loft 120&#215;200 cm, naturaalne tamm"}]},{"@type":"WebSite","@id":"https:\/\/beebipood.ee\/ru\/#website","url":"https:\/\/beebipood.ee\/ru\/","name":"Beebipood","description":"Lastekaubad, beebikaubad, m\u00e4nguasjad","publisher":{"@id":"https:\/\/beebipood.ee\/ru\/#organization"},"potentialAction":[{"@type":"SearchAction","target":{"@type":"EntryPoint","urlTemplate":"https:\/\/beebipood.ee\/ru\/?s={search_term_string}"},"query-input":{"@type":"PropertyValueSpecification","valueRequired":true,"valueName":"search_term_string"}}],"inLanguage":"ru-RU"},{"@type":"Organization","@id":"https:\/\/beebipood.ee\/ru\/#organization","name":"Beebipood","url":"https:\/\/beebipood.ee\/ru\/","logo":{"@type":"ImageObject","inLanguage":"ru-RU","@id":"https:\/\/beebipood.ee\/ru\/#\/schema\/logo\/image\/","url":"https:\/\/beebipood.ee\/wp-content\/uploads\/2025\/03\/beebipood.ee-logo-1.svg","contentUrl":"https:\/\/beebipood.ee\/wp-content\/uploads\/2025\/03\/beebipood.ee-logo-1.svg","caption":"Beebipood"},"image":{"@id":"https:\/\/beebipood.ee\/ru\/#\/schema\/logo\/image\/"}}]}},"brands":[],"_links":{"self":[{"href":"https:\/\/beebipood.ee\/ru\/wp-json\/wp\/v2\/product\/454050","targetHints":{"allow":["GET"]}}],"collection":[{"href":"https:\/\/beebipood.ee\/ru\/wp-json\/wp\/v2\/product"}],"about":[{"href":"https:\/\/beebipood.ee\/ru\/wp-json\/wp\/v2\/types\/product"}],"wp:featuredmedia":[{"embeddable":true,"href":"https:\/\/beebipood.ee\/ru\/wp-json\/wp\/v2\/media\/98886"}],"wp:attachment":[{"href":"https:\/\/beebipood.ee\/ru\/wp-json\/wp\/v2\/media?parent=454050"}],"wp:term":[{"taxonomy":"pwb-brand","embeddable":true,"href":"https:\/\/beebipood.ee\/ru\/wp-json\/wp\/v2\/pwb-brand?post=454050"},{"taxonomy":"product_brand","embeddable":true,"href":"https:\/\/beebipood.ee\/ru\/wp-json\/wp\/v2\/product_brand?post=454050"},{"taxonomy":"product_cat","embeddable":true,"href":"https:\/\/beebipood.ee\/ru\/wp-json\/wp\/v2\/product_cat?post=454050"},{"taxonomy":"product_tag","embeddable":true,"href":"https:\/\/beebipood.ee\/ru\/wp-json\/wp\/v2\/product_tag?post=454050"}],"curies":[{"name":"wp","href":"https:\/\/api.w.org\/{rel}","templated":true}]}}