{"id":454094,"date":"2013-09-02T13:32:54","date_gmt":"2013-09-02T10:32:54","guid":{"rendered":"https:\/\/beebipood.ee\/toode\/yappyetude-beebivoodi-white\/"},"modified":"2025-01-09T10:52:46","modified_gmt":"2025-01-09T08:52:46","slug":"yappyetude-beebivoodi-white","status":"publish","type":"product","link":"https:\/\/beebipood.ee\/ru\/produkt\/yappyetude-beebivoodi-white\/","title":{"rendered":"Yappy\u00c9tude beebivoodi, White"},"content":{"rendered":"<p>YappyKids Yappy\u00c9tude kollektsioon on kaitstud patendiga nr. D 15 855<br \/>Yappy\u00c9tude &#8212; Esimene v\u00f5revoodi maailmas, <br \/>mille madratsip\u00f5hja saab paigaldada nurga all. <br \/>See v\u00e4hendab k\u00fclmetushaiguste s\u00fcmptomeid, aitab seedimisega ja toetab Sinu beebi hingamist.<\/p>\n<p>Yappy\u00c9tude kollektsioon<br \/>Et\u00fc\u00fcd on muusikapala, mis on loodud tehniliste oskuste arendamiseks. <br \/>Meie Yappy\u00c9tude kollektsioon on kogum oskustest, <br \/>mis on YappyKids poolt arendatud koos ilusate filigraansete kujundustega.<br \/>Just nagu ilus muusika<br \/>Yappy\u00c9tude m\u00f6\u00f6blikollektsioon lastetuppa muudab toa silmadele nauditavamaks ja igap\u00e4evase elu mugavamaks.<br \/>Yappy\u00c9tude v\u00f5revoodil on spetsiaalselt kujundatud \u00fcmmargused k\u00fcljed, <br \/>mis muudavad selle teistest v\u00f5revooditest erinevaks. <br \/>Voodil on neli madratsi p\u00f5hja k\u00f5rgust <br \/>ning samuti innovatiivne valik asetada madrats 3-kraadise nurga alla. <br \/>Kaldus magamisasend on sageli soovitatud k\u00fclmetushaiguste, <br \/>hambavalu v\u00f5i k\u00f5rvavalu s\u00fcmptomite leevendamiseks. <br \/>Samuti soodustab kaldus magamisasend seedimist ja toetab beebi hingamist.<br \/>K\u00fclge on v\u00f5imalik langetada \u00fche k\u00e4ega, <br \/>ning samuti on seda v\u00f5imalik t\u00e4iesti eemaldada, <br \/>mis muudab v\u00f5revoodi palju mugavamaks.<br \/>Voodi on tehtud k\u00f5rgkvaliteetsest kasest, v\u00e4rv ja lakk on veep\u00f5hised.<br \/>Voodisse sobib standard 120x60cm m\u00f5\u00f5duga madrats.<br \/>Lisakd on v\u00f5imalik osta voodile rattad.<\/p>\n","protected":false},"excerpt":{"rendered":"<p>YappyKids Yappy\u00c9tude kollektsioon on kaitstud patendiga nr. D 15 855Yappy\u00c9tude &#8212; Esimene v\u00f5revoodi maailmas, mille madratsip\u00f5hja saab paigaldada nurga all. See v\u00e4hendab k\u00fclmetushaiguste s\u00fcmptomeid, aitab seedimisega ja toetab Sinu beebi hingamist. Yappy\u00c9tude kollektsioonEt\u00fc\u00fcd on muusikapala, mis on loodud tehniliste oskuste arendamiseks. Meie Yappy\u00c9tude kollektsioon on kogum oskustest, mis on YappyKids poolt arendatud koos ilusate filigraansete [&hellip;]<\/p>\n","protected":false},"featured_media":98963,"template":"","meta":{"_acf_changed":false},"pwb-brand":[11969],"product_brand":[],"product_cat":[11567,11745,11553,11789],"product_tag":[],"class_list":{"0":"post-454094","1":"product","2":"type-product","3":"status-publish","4":"has-post-thumbnail","6":"pwb-brand-yappykids-ru","7":"product_cat-vorevoodid-ru","8":"product_cat-madratsile-60x120-ru","9":"product_cat-beebivoodid-reisivoodid-hallid-ru","10":"product_cat-lastemoobel-ja-sisustus-ru","11":"pa_manufacturer-yappykids-ru","13":"first","14":"onbackorder","15":"sale","16":"taxable","17":"shipping-taxable","18":"purchasable","19":"product-type-simple"},"exclude_global_add_ons":[],"addons":[],"acf":[],"yoast_head":"<!-- This site is optimized with the Yoast SEO plugin v27.1.1 - https:\/\/yoast.com\/product\/yoast-seo-wordpress\/ -->\n<title>Yappy\u00c9tude beebivoodi, White, \u0414\u0435\u0442\u0441\u043a\u0438e \u043a\u0440\u043e\u0432\u0430\u0442\u043a\u0438, \u043f\u0435\u0440\u0435\u043d\u043e\u0441\u043d\u044b\u0435 \u043a\u0440\u043e\u0432\u0430\u0442\u043a\u0438, \u043b\u044e\u043b\u044c\u043a\u0438, \u0414\u0435\u0442\u0441\u043a\u0438e \u043a\u0440\u043e\u0432\u0430\u0442\u043a\u0438, \u043c\u0430\u0442\u0440\u0430\u0441 60x120, M\u0435\u0431\u0435\u043b\u044c, YappyKids -20%, Beebipood<\/title>\n<meta name=\"description\" content=\"Yappy\u00c9tude beebivoodi, White, YappyKids Yappy&Eacute;tude kollektsioon on kaitstud patendiga nr. D 15 855Yappy&Eacute;tude - Esimene v&otilde;revoodi\" \/>\n<meta name=\"robots\" content=\"index, follow, max-snippet:-1, max-image-preview:large, max-video-preview:-1\" \/>\n<link rel=\"canonical\" href=\"https:\/\/beebipood.ee\/ru\/produkt\/yappyetude-beebivoodi-white\/\" \/>\n<meta property=\"og:locale\" content=\"ru_RU\" \/>\n<meta property=\"og:type\" content=\"article\" \/>\n<meta property=\"og:title\" content=\"Yappy\u00c9tude beebivoodi, White, \u0414\u0435\u0442\u0441\u043a\u0438e \u043a\u0440\u043e\u0432\u0430\u0442\u043a\u0438, \u043f\u0435\u0440\u0435\u043d\u043e\u0441\u043d\u044b\u0435 \u043a\u0440\u043e\u0432\u0430\u0442\u043a\u0438, \u043b\u044e\u043b\u044c\u043a\u0438, \u0414\u0435\u0442\u0441\u043a\u0438e \u043a\u0440\u043e\u0432\u0430\u0442\u043a\u0438, \u043c\u0430\u0442\u0440\u0430\u0441 60x120, M\u0435\u0431\u0435\u043b\u044c, YappyKids -20%, Beebipood\" \/>\n<meta property=\"og:description\" content=\"Yappy\u00c9tude beebivoodi, White, YappyKids Yappy&Eacute;tude kollektsioon on kaitstud patendiga nr. D 15 855Yappy&Eacute;tude - Esimene v&otilde;revoodi\" \/>\n<meta property=\"og:url\" content=\"https:\/\/beebipood.ee\/ru\/produkt\/yappyetude-beebivoodi-white\/\" \/>\n<meta property=\"og:site_name\" content=\"Beebipood\" \/>\n<meta property=\"article:modified_time\" content=\"2025-01-09T08:52:46+00:00\" \/>\n<meta property=\"og:image\" content=\"https:\/\/beebipood.ee\/wp-content\/uploads\/2013\/09\/Yappytude-beebivoodi-White-Beebivoodid-reisivoodid-hallid-Vorevoodid-madratsile-60x120-Lastemoobel-ja-sisustus_5-615.jpg\" \/>\n\t<meta property=\"og:image:width\" content=\"1146\" \/>\n\t<meta property=\"og:image:height\" content=\"1000\" \/>\n\t<meta property=\"og:image:type\" content=\"image\/jpeg\" \/>\n<meta name=\"twitter:card\" content=\"summary_large_image\" \/>\n<meta name=\"twitter:label1\" content=\"\u041f\u0440\u0438\u043c\u0435\u0440\u043d\u043e\u0435 \u0432\u0440\u0435\u043c\u044f \u0434\u043b\u044f \u0447\u0442\u0435\u043d\u0438\u044f\" \/>\n\t<meta name=\"twitter:data1\" content=\"1 \u043c\u0438\u043d\u0443\u0442\u0430\" \/>\n<script type=\"application\/ld+json\" class=\"yoast-schema-graph\">{\"@context\":\"https:\/\/schema.org\",\"@graph\":[{\"@type\":\"WebPage\",\"@id\":\"https:\/\/beebipood.ee\/ru\/produkt\/yappyetude-beebivoodi-white\/\",\"url\":\"https:\/\/beebipood.ee\/ru\/produkt\/yappyetude-beebivoodi-white\/\",\"name\":\"Yappy\u00c9tude beebivoodi, White, \u0414\u0435\u0442\u0441\u043a\u0438e \u043a\u0440\u043e\u0432\u0430\u0442\u043a\u0438, \u043f\u0435\u0440\u0435\u043d\u043e\u0441\u043d\u044b\u0435 \u043a\u0440\u043e\u0432\u0430\u0442\u043a\u0438, \u043b\u044e\u043b\u044c\u043a\u0438, \u0414\u0435\u0442\u0441\u043a\u0438e \u043a\u0440\u043e\u0432\u0430\u0442\u043a\u0438, \u043c\u0430\u0442\u0440\u0430\u0441 60x120, M\u0435\u0431\u0435\u043b\u044c, YappyKids -20%, Beebipood\",\"isPartOf\":{\"@id\":\"https:\/\/beebipood.ee\/ru\/#website\"},\"primaryImageOfPage\":{\"@id\":\"https:\/\/beebipood.ee\/ru\/produkt\/yappyetude-beebivoodi-white\/#primaryimage\"},\"image\":{\"@id\":\"https:\/\/beebipood.ee\/ru\/produkt\/yappyetude-beebivoodi-white\/#primaryimage\"},\"thumbnailUrl\":\"https:\/\/beebipood.ee\/wp-content\/uploads\/2013\/09\/Yappytude-beebivoodi-White-Beebivoodid-reisivoodid-hallid-Vorevoodid-madratsile-60x120-Lastemoobel-ja-sisustus_5-615.jpg\",\"datePublished\":\"2013-09-02T10:32:54+00:00\",\"dateModified\":\"2025-01-09T08:52:46+00:00\",\"description\":\"Yappy\u00c9tude beebivoodi, White, YappyKids Yappy&Eacute;tude kollektsioon on kaitstud patendiga nr. D 15 855Yappy&Eacute;tude - Esimene v&otilde;revoodi\",\"breadcrumb\":{\"@id\":\"https:\/\/beebipood.ee\/ru\/produkt\/yappyetude-beebivoodi-white\/#breadcrumb\"},\"inLanguage\":\"ru-RU\",\"potentialAction\":[{\"@type\":\"ReadAction\",\"target\":[\"https:\/\/beebipood.ee\/ru\/produkt\/yappyetude-beebivoodi-white\/\"]}]},{\"@type\":\"ImageObject\",\"inLanguage\":\"ru-RU\",\"@id\":\"https:\/\/beebipood.ee\/ru\/produkt\/yappyetude-beebivoodi-white\/#primaryimage\",\"url\":\"https:\/\/beebipood.ee\/wp-content\/uploads\/2013\/09\/Yappytude-beebivoodi-White-Beebivoodid-reisivoodid-hallid-Vorevoodid-madratsile-60x120-Lastemoobel-ja-sisustus_5-615.jpg\",\"contentUrl\":\"https:\/\/beebipood.ee\/wp-content\/uploads\/2013\/09\/Yappytude-beebivoodi-White-Beebivoodid-reisivoodid-hallid-Vorevoodid-madratsile-60x120-Lastemoobel-ja-sisustus_5-615.jpg\",\"width\":1146,\"height\":1000},{\"@type\":\"BreadcrumbList\",\"@id\":\"https:\/\/beebipood.ee\/ru\/produkt\/yappyetude-beebivoodi-white\/#breadcrumb\",\"itemListElement\":[{\"@type\":\"ListItem\",\"position\":1,\"name\":\"Home\",\"item\":\"https:\/\/beebipood.ee\/ru\/\"},{\"@type\":\"ListItem\",\"position\":2,\"name\":\"\u041a\u0430\u0442\u0430\u043b\u043e\u0433 \u0442\u043e\u0432\u0430\u0440\u043e\u0432\",\"item\":\"https:\/\/beebipood.ee\/tooted\/\"},{\"@type\":\"ListItem\",\"position\":3,\"name\":\"Yappy\u00c9tude beebivoodi, White\"}]},{\"@type\":\"WebSite\",\"@id\":\"https:\/\/beebipood.ee\/ru\/#website\",\"url\":\"https:\/\/beebipood.ee\/ru\/\",\"name\":\"Beebipood\",\"description\":\"Lastekaubad, beebikaubad, m\u00e4nguasjad\",\"publisher\":{\"@id\":\"https:\/\/beebipood.ee\/ru\/#organization\"},\"potentialAction\":[{\"@type\":\"SearchAction\",\"target\":{\"@type\":\"EntryPoint\",\"urlTemplate\":\"https:\/\/beebipood.ee\/ru\/?s={search_term_string}\"},\"query-input\":{\"@type\":\"PropertyValueSpecification\",\"valueRequired\":true,\"valueName\":\"search_term_string\"}}],\"inLanguage\":\"ru-RU\"},{\"@type\":\"Organization\",\"@id\":\"https:\/\/beebipood.ee\/ru\/#organization\",\"name\":\"Beebipood\",\"url\":\"https:\/\/beebipood.ee\/ru\/\",\"logo\":{\"@type\":\"ImageObject\",\"inLanguage\":\"ru-RU\",\"@id\":\"https:\/\/beebipood.ee\/ru\/#\/schema\/logo\/image\/\",\"url\":\"https:\/\/beebipood.ee\/wp-content\/uploads\/2025\/03\/beebipood.ee-logo-1.svg\",\"contentUrl\":\"https:\/\/beebipood.ee\/wp-content\/uploads\/2025\/03\/beebipood.ee-logo-1.svg\",\"caption\":\"Beebipood\"},\"image\":{\"@id\":\"https:\/\/beebipood.ee\/ru\/#\/schema\/logo\/image\/\"}}]}<\/script>\n<!-- \/ Yoast SEO plugin. -->","yoast_head_json":{"title":"Yappy\u00c9tude beebivoodi, White, \u0414\u0435\u0442\u0441\u043a\u0438e \u043a\u0440\u043e\u0432\u0430\u0442\u043a\u0438, \u043f\u0435\u0440\u0435\u043d\u043e\u0441\u043d\u044b\u0435 \u043a\u0440\u043e\u0432\u0430\u0442\u043a\u0438, \u043b\u044e\u043b\u044c\u043a\u0438, \u0414\u0435\u0442\u0441\u043a\u0438e \u043a\u0440\u043e\u0432\u0430\u0442\u043a\u0438, \u043c\u0430\u0442\u0440\u0430\u0441 60x120, M\u0435\u0431\u0435\u043b\u044c, YappyKids -20%, Beebipood","description":"Yappy\u00c9tude beebivoodi, White, YappyKids Yappy&Eacute;tude kollektsioon on kaitstud patendiga nr. D 15 855Yappy&Eacute;tude - Esimene v&otilde;revoodi","robots":{"index":"index","follow":"follow","max-snippet":"max-snippet:-1","max-image-preview":"max-image-preview:large","max-video-preview":"max-video-preview:-1"},"canonical":"https:\/\/beebipood.ee\/ru\/produkt\/yappyetude-beebivoodi-white\/","og_locale":"ru_RU","og_type":"article","og_title":"Yappy\u00c9tude beebivoodi, White, \u0414\u0435\u0442\u0441\u043a\u0438e \u043a\u0440\u043e\u0432\u0430\u0442\u043a\u0438, \u043f\u0435\u0440\u0435\u043d\u043e\u0441\u043d\u044b\u0435 \u043a\u0440\u043e\u0432\u0430\u0442\u043a\u0438, \u043b\u044e\u043b\u044c\u043a\u0438, \u0414\u0435\u0442\u0441\u043a\u0438e \u043a\u0440\u043e\u0432\u0430\u0442\u043a\u0438, \u043c\u0430\u0442\u0440\u0430\u0441 60x120, M\u0435\u0431\u0435\u043b\u044c, YappyKids -20%, Beebipood","og_description":"Yappy\u00c9tude beebivoodi, White, YappyKids Yappy&Eacute;tude kollektsioon on kaitstud patendiga nr. D 15 855Yappy&Eacute;tude - Esimene v&otilde;revoodi","og_url":"https:\/\/beebipood.ee\/ru\/produkt\/yappyetude-beebivoodi-white\/","og_site_name":"Beebipood","article_modified_time":"2025-01-09T08:52:46+00:00","og_image":[{"width":1146,"height":1000,"url":"https:\/\/beebipood.ee\/wp-content\/uploads\/2013\/09\/Yappytude-beebivoodi-White-Beebivoodid-reisivoodid-hallid-Vorevoodid-madratsile-60x120-Lastemoobel-ja-sisustus_5-615.jpg","type":"image\/jpeg"}],"twitter_card":"summary_large_image","twitter_misc":{"\u041f\u0440\u0438\u043c\u0435\u0440\u043d\u043e\u0435 \u0432\u0440\u0435\u043c\u044f \u0434\u043b\u044f \u0447\u0442\u0435\u043d\u0438\u044f":"1 \u043c\u0438\u043d\u0443\u0442\u0430"},"schema":{"@context":"https:\/\/schema.org","@graph":[{"@type":"WebPage","@id":"https:\/\/beebipood.ee\/ru\/produkt\/yappyetude-beebivoodi-white\/","url":"https:\/\/beebipood.ee\/ru\/produkt\/yappyetude-beebivoodi-white\/","name":"Yappy\u00c9tude beebivoodi, White, \u0414\u0435\u0442\u0441\u043a\u0438e \u043a\u0440\u043e\u0432\u0430\u0442\u043a\u0438, \u043f\u0435\u0440\u0435\u043d\u043e\u0441\u043d\u044b\u0435 \u043a\u0440\u043e\u0432\u0430\u0442\u043a\u0438, \u043b\u044e\u043b\u044c\u043a\u0438, \u0414\u0435\u0442\u0441\u043a\u0438e \u043a\u0440\u043e\u0432\u0430\u0442\u043a\u0438, \u043c\u0430\u0442\u0440\u0430\u0441 60x120, M\u0435\u0431\u0435\u043b\u044c, YappyKids -20%, Beebipood","isPartOf":{"@id":"https:\/\/beebipood.ee\/ru\/#website"},"primaryImageOfPage":{"@id":"https:\/\/beebipood.ee\/ru\/produkt\/yappyetude-beebivoodi-white\/#primaryimage"},"image":{"@id":"https:\/\/beebipood.ee\/ru\/produkt\/yappyetude-beebivoodi-white\/#primaryimage"},"thumbnailUrl":"https:\/\/beebipood.ee\/wp-content\/uploads\/2013\/09\/Yappytude-beebivoodi-White-Beebivoodid-reisivoodid-hallid-Vorevoodid-madratsile-60x120-Lastemoobel-ja-sisustus_5-615.jpg","datePublished":"2013-09-02T10:32:54+00:00","dateModified":"2025-01-09T08:52:46+00:00","description":"Yappy\u00c9tude beebivoodi, White, YappyKids Yappy&Eacute;tude kollektsioon on kaitstud patendiga nr. D 15 855Yappy&Eacute;tude - Esimene v&otilde;revoodi","breadcrumb":{"@id":"https:\/\/beebipood.ee\/ru\/produkt\/yappyetude-beebivoodi-white\/#breadcrumb"},"inLanguage":"ru-RU","potentialAction":[{"@type":"ReadAction","target":["https:\/\/beebipood.ee\/ru\/produkt\/yappyetude-beebivoodi-white\/"]}]},{"@type":"ImageObject","inLanguage":"ru-RU","@id":"https:\/\/beebipood.ee\/ru\/produkt\/yappyetude-beebivoodi-white\/#primaryimage","url":"https:\/\/beebipood.ee\/wp-content\/uploads\/2013\/09\/Yappytude-beebivoodi-White-Beebivoodid-reisivoodid-hallid-Vorevoodid-madratsile-60x120-Lastemoobel-ja-sisustus_5-615.jpg","contentUrl":"https:\/\/beebipood.ee\/wp-content\/uploads\/2013\/09\/Yappytude-beebivoodi-White-Beebivoodid-reisivoodid-hallid-Vorevoodid-madratsile-60x120-Lastemoobel-ja-sisustus_5-615.jpg","width":1146,"height":1000},{"@type":"BreadcrumbList","@id":"https:\/\/beebipood.ee\/ru\/produkt\/yappyetude-beebivoodi-white\/#breadcrumb","itemListElement":[{"@type":"ListItem","position":1,"name":"Home","item":"https:\/\/beebipood.ee\/ru\/"},{"@type":"ListItem","position":2,"name":"\u041a\u0430\u0442\u0430\u043b\u043e\u0433 \u0442\u043e\u0432\u0430\u0440\u043e\u0432","item":"https:\/\/beebipood.ee\/tooted\/"},{"@type":"ListItem","position":3,"name":"Yappy\u00c9tude beebivoodi, White"}]},{"@type":"WebSite","@id":"https:\/\/beebipood.ee\/ru\/#website","url":"https:\/\/beebipood.ee\/ru\/","name":"Beebipood","description":"Lastekaubad, beebikaubad, m\u00e4nguasjad","publisher":{"@id":"https:\/\/beebipood.ee\/ru\/#organization"},"potentialAction":[{"@type":"SearchAction","target":{"@type":"EntryPoint","urlTemplate":"https:\/\/beebipood.ee\/ru\/?s={search_term_string}"},"query-input":{"@type":"PropertyValueSpecification","valueRequired":true,"valueName":"search_term_string"}}],"inLanguage":"ru-RU"},{"@type":"Organization","@id":"https:\/\/beebipood.ee\/ru\/#organization","name":"Beebipood","url":"https:\/\/beebipood.ee\/ru\/","logo":{"@type":"ImageObject","inLanguage":"ru-RU","@id":"https:\/\/beebipood.ee\/ru\/#\/schema\/logo\/image\/","url":"https:\/\/beebipood.ee\/wp-content\/uploads\/2025\/03\/beebipood.ee-logo-1.svg","contentUrl":"https:\/\/beebipood.ee\/wp-content\/uploads\/2025\/03\/beebipood.ee-logo-1.svg","caption":"Beebipood"},"image":{"@id":"https:\/\/beebipood.ee\/ru\/#\/schema\/logo\/image\/"}}]}},"brands":[{"id":11969,"name":"YappyKids","slug":"yappykids-ru"}],"_links":{"self":[{"href":"https:\/\/beebipood.ee\/ru\/wp-json\/wp\/v2\/product\/454094","targetHints":{"allow":["GET"]}}],"collection":[{"href":"https:\/\/beebipood.ee\/ru\/wp-json\/wp\/v2\/product"}],"about":[{"href":"https:\/\/beebipood.ee\/ru\/wp-json\/wp\/v2\/types\/product"}],"wp:featuredmedia":[{"embeddable":true,"href":"https:\/\/beebipood.ee\/ru\/wp-json\/wp\/v2\/media\/98963"}],"wp:attachment":[{"href":"https:\/\/beebipood.ee\/ru\/wp-json\/wp\/v2\/media?parent=454094"}],"wp:term":[{"taxonomy":"pwb-brand","embeddable":true,"href":"https:\/\/beebipood.ee\/ru\/wp-json\/wp\/v2\/pwb-brand?post=454094"},{"taxonomy":"product_brand","embeddable":true,"href":"https:\/\/beebipood.ee\/ru\/wp-json\/wp\/v2\/product_brand?post=454094"},{"taxonomy":"product_cat","embeddable":true,"href":"https:\/\/beebipood.ee\/ru\/wp-json\/wp\/v2\/product_cat?post=454094"},{"taxonomy":"product_tag","embeddable":true,"href":"https:\/\/beebipood.ee\/ru\/wp-json\/wp\/v2\/product_tag?post=454094"}],"curies":[{"name":"wp","href":"https:\/\/api.w.org\/{rel}","templated":true}]}}