{"id":454120,"date":"2013-09-02T13:33:55","date_gmt":"2013-09-02T10:33:55","guid":{"rendered":"https:\/\/beebipood.ee\/toode\/tumba-nelly-vogue-varvivalik\/"},"modified":"2025-01-09T10:52:44","modified_gmt":"2025-01-09T08:52:44","slug":"tumba-nelly-vogue-varvivalik","status":"publish","type":"product","link":"https:\/\/beebipood.ee\/ru\/produkt\/tumba-nelly-vogue-varvivalik\/","title":{"rendered":"Tumba Nelly Vogue, v\u00e4rvivalik"},"content":{"rendered":"<p>Nelly on heaks alternatiiviks klassikalisele puitraamiga tumbale, <br \/>triumfeerides oma imekerge kaaluga, samas olles praktiline valik neile, <br \/>kes soovivad v\u00e4ikest ja ilusat istumist oma koju.<br \/>2-kordsed \u00f5mblused annavad tumbale vastupidavuse <br \/>ja tagavad tema pikaealisuse.<br \/>Tumba on t\u00e4idetud mittes\u00fcttivate ja sertifitseeritud vahtpol\u00fcst\u00fcreengraanulitega (110 liitrit).<br \/>P\u00f5hja all oleva topeltluku taga on t\u00e4itmise koht, <br \/>mille abil saab vajadusel lisada graanuleid.<br \/>Tumba m\u00f5\u00f5dud on ligikaudu: laius 45 cm, s\u00fcgavus 45 cm, k\u00f5rgus 45 cm.<br \/>Tumbal on eraldi sisekott, mis annab v\u00f5imaluse v\u00e4limist \u00fcmbriskatet <br \/>mugavalt kogu t\u00e4iega pesta (tavapesu programm, kuni 40 kraadi).<br \/>Disainitud ja toodetud Eestis!<\/p>\n","protected":false},"excerpt":{"rendered":"<p>Nelly on heaks alternatiiviks klassikalisele puitraamiga tumbale, triumfeerides oma imekerge kaaluga, samas olles praktiline valik neile, kes soovivad v\u00e4ikest ja ilusat istumist oma koju.2-kordsed \u00f5mblused annavad tumbale vastupidavuse ja tagavad tema pikaealisuse.Tumba on t\u00e4idetud mittes\u00fcttivate ja sertifitseeritud vahtpol\u00fcst\u00fcreengraanulitega (110 liitrit).P\u00f5hja all oleva topeltluku taga on t\u00e4itmise koht, mille abil saab vajadusel lisada graanuleid.Tumba m\u00f5\u00f5dud on [&hellip;]<\/p>\n","protected":false},"featured_media":99031,"template":"","meta":{"_acf_changed":false},"pwb-brand":[],"product_brand":[],"product_cat":[11619,11565,11789],"product_tag":[],"class_list":{"0":"post-454120","1":"product","2":"type-product","3":"status-publish","4":"has-post-thumbnail","6":"product_cat-tumbad-ru","7":"product_cat-pehme-moobel-kott-toolid-tumbad-ru","8":"product_cat-lastemoobel-ja-sisustus-ru","10":"first","11":"onbackorder","12":"sale","13":"taxable","14":"shipping-taxable","15":"purchasable","16":"product-type-simple"},"exclude_global_add_ons":false,"addons":[{"name":"Vali v\u00e4rv","type":"multiple_choice","position":0,"required":true,"title_format":"heading","default":"","description_enable":false,"description":"","placeholder_enable":false,"placeholder":"","display":"images","restrictions_type":"any_text","adjust_price":false,"price":"","price_type":"flat_fee","restrictions":false,"min":"0","max":"0","options":[{"label":"Bordoopunane","price":"","price_type":"quantity_based","image":500867,"visibility":true},{"label":"Korallpunane","price":"","price_type":"quantity_based","image":500869,"visibility":true},{"label":"Kuldne","price":"","price_type":"quantity_based","image":500871,"visibility":true},{"label":"Oliiviroheline","price":"","price_type":"quantity_based","image":500873,"visibility":true},{"label":"Kreemvalge","price":"","price_type":"quantity_based","image":500875,"visibility":true},{"label":"Hall","price":"","price_type":"quantity_based","image":500877,"visibility":true},{"label":"Tumehall","price":"","price_type":"quantity_based","image":500879,"visibility":true},{"label":"Rohekassinine","price":"","price_type":"quantity_based","image":500881,"visibility":true},{"label":"S\u00fcgavsinine ","price":"","price_type":"quantity_based","image":500883,"visibility":true}]}],"acf":[],"yoast_head":"<!-- This site is optimized with the Yoast SEO plugin v27.1.1 - https:\/\/yoast.com\/product\/yoast-seo-wordpress\/ -->\n<title>Tumba Nelly Vogue, v\u00e4rvivalik, \u041c\u044f\u0433\u043a\u0430\u044f \u043c\u0435\u0431\u0435\u043b\u044c, \u043a\u0440\u0435\u0441\u043b\u043e-\u043c\u0435\u0448\u043e\u043a,\u0442\u0443\u043c\u0431\u044b, \u041d\u041e\u0412\u042b\u0415 \u0422\u041e\u0412\u0410\u0420\u042b, T\u0443\u043c\u0431\u044b, M\u0435\u0431\u0435\u043b\u044c, Beebipood<\/title>\n<meta name=\"description\" content=\"Tumba Nelly Vogue, v\u00e4rvivalik, Nelly on heaks alternatiiviks klassikalisele puitraamiga tumbale, triumfeerides oma imekerge kaaluga, samas olles prakt\" \/>\n<meta name=\"robots\" content=\"index, follow, max-snippet:-1, max-image-preview:large, max-video-preview:-1\" \/>\n<link rel=\"canonical\" href=\"https:\/\/beebipood.ee\/ru\/produkt\/tumba-nelly-vogue-varvivalik\/\" \/>\n<meta property=\"og:locale\" content=\"ru_RU\" \/>\n<meta property=\"og:type\" content=\"article\" \/>\n<meta property=\"og:title\" content=\"Tumba Nelly Vogue, v\u00e4rvivalik, \u041c\u044f\u0433\u043a\u0430\u044f \u043c\u0435\u0431\u0435\u043b\u044c, \u043a\u0440\u0435\u0441\u043b\u043e-\u043c\u0435\u0448\u043e\u043a,\u0442\u0443\u043c\u0431\u044b, \u041d\u041e\u0412\u042b\u0415 \u0422\u041e\u0412\u0410\u0420\u042b, T\u0443\u043c\u0431\u044b, M\u0435\u0431\u0435\u043b\u044c, Beebipood\" \/>\n<meta property=\"og:description\" content=\"Tumba Nelly Vogue, v\u00e4rvivalik, Nelly on heaks alternatiiviks klassikalisele puitraamiga tumbale, triumfeerides oma imekerge kaaluga, samas olles prakt\" \/>\n<meta property=\"og:url\" content=\"https:\/\/beebipood.ee\/ru\/produkt\/tumba-nelly-vogue-varvivalik\/\" \/>\n<meta property=\"og:site_name\" content=\"Beebipood\" \/>\n<meta property=\"article:modified_time\" content=\"2025-01-09T08:52:44+00:00\" \/>\n<meta property=\"og:image\" content=\"https:\/\/beebipood.ee\/wp-content\/uploads\/2013\/09\/Tumba-Nelly-Vogue-varvivalik-Pehme-moobel-kotttoolid-tumbad-Tumbad_7-f98.jpg\" \/>\n\t<meta property=\"og:image:width\" content=\"1500\" \/>\n\t<meta property=\"og:image:height\" content=\"1000\" \/>\n\t<meta property=\"og:image:type\" content=\"image\/jpeg\" \/>\n<meta name=\"twitter:card\" content=\"summary_large_image\" \/>\n<script type=\"application\/ld+json\" class=\"yoast-schema-graph\">{\"@context\":\"https:\/\/schema.org\",\"@graph\":[{\"@type\":\"WebPage\",\"@id\":\"https:\/\/beebipood.ee\/ru\/produkt\/tumba-nelly-vogue-varvivalik\/\",\"url\":\"https:\/\/beebipood.ee\/ru\/produkt\/tumba-nelly-vogue-varvivalik\/\",\"name\":\"Tumba Nelly Vogue, v\u00e4rvivalik, \u041c\u044f\u0433\u043a\u0430\u044f \u043c\u0435\u0431\u0435\u043b\u044c, \u043a\u0440\u0435\u0441\u043b\u043e-\u043c\u0435\u0448\u043e\u043a,\u0442\u0443\u043c\u0431\u044b, \u041d\u041e\u0412\u042b\u0415 \u0422\u041e\u0412\u0410\u0420\u042b, T\u0443\u043c\u0431\u044b, M\u0435\u0431\u0435\u043b\u044c, Beebipood\",\"isPartOf\":{\"@id\":\"https:\/\/beebipood.ee\/ru\/#website\"},\"primaryImageOfPage\":{\"@id\":\"https:\/\/beebipood.ee\/ru\/produkt\/tumba-nelly-vogue-varvivalik\/#primaryimage\"},\"image\":{\"@id\":\"https:\/\/beebipood.ee\/ru\/produkt\/tumba-nelly-vogue-varvivalik\/#primaryimage\"},\"thumbnailUrl\":\"https:\/\/beebipood.ee\/wp-content\/uploads\/2013\/09\/Tumba-Nelly-Vogue-varvivalik-Pehme-moobel-kotttoolid-tumbad-Tumbad_7-f98.jpg\",\"datePublished\":\"2013-09-02T10:33:55+00:00\",\"dateModified\":\"2025-01-09T08:52:44+00:00\",\"description\":\"Tumba Nelly Vogue, v\u00e4rvivalik, Nelly on heaks alternatiiviks klassikalisele puitraamiga tumbale, triumfeerides oma imekerge kaaluga, samas olles prakt\",\"breadcrumb\":{\"@id\":\"https:\/\/beebipood.ee\/ru\/produkt\/tumba-nelly-vogue-varvivalik\/#breadcrumb\"},\"inLanguage\":\"ru-RU\",\"potentialAction\":[{\"@type\":\"ReadAction\",\"target\":[\"https:\/\/beebipood.ee\/ru\/produkt\/tumba-nelly-vogue-varvivalik\/\"]}]},{\"@type\":\"ImageObject\",\"inLanguage\":\"ru-RU\",\"@id\":\"https:\/\/beebipood.ee\/ru\/produkt\/tumba-nelly-vogue-varvivalik\/#primaryimage\",\"url\":\"https:\/\/beebipood.ee\/wp-content\/uploads\/2013\/09\/Tumba-Nelly-Vogue-varvivalik-Pehme-moobel-kotttoolid-tumbad-Tumbad_7-f98.jpg\",\"contentUrl\":\"https:\/\/beebipood.ee\/wp-content\/uploads\/2013\/09\/Tumba-Nelly-Vogue-varvivalik-Pehme-moobel-kotttoolid-tumbad-Tumbad_7-f98.jpg\",\"width\":1500,\"height\":1000},{\"@type\":\"BreadcrumbList\",\"@id\":\"https:\/\/beebipood.ee\/ru\/produkt\/tumba-nelly-vogue-varvivalik\/#breadcrumb\",\"itemListElement\":[{\"@type\":\"ListItem\",\"position\":1,\"name\":\"Home\",\"item\":\"https:\/\/beebipood.ee\/ru\/\"},{\"@type\":\"ListItem\",\"position\":2,\"name\":\"\u041a\u0430\u0442\u0430\u043b\u043e\u0433 \u0442\u043e\u0432\u0430\u0440\u043e\u0432\",\"item\":\"https:\/\/beebipood.ee\/tooted\/\"},{\"@type\":\"ListItem\",\"position\":3,\"name\":\"Tumba Nelly Vogue, v\u00e4rvivalik\"}]},{\"@type\":\"WebSite\",\"@id\":\"https:\/\/beebipood.ee\/ru\/#website\",\"url\":\"https:\/\/beebipood.ee\/ru\/\",\"name\":\"Beebipood\",\"description\":\"Lastekaubad, beebikaubad, m\u00e4nguasjad\",\"publisher\":{\"@id\":\"https:\/\/beebipood.ee\/ru\/#organization\"},\"potentialAction\":[{\"@type\":\"SearchAction\",\"target\":{\"@type\":\"EntryPoint\",\"urlTemplate\":\"https:\/\/beebipood.ee\/ru\/?s={search_term_string}\"},\"query-input\":{\"@type\":\"PropertyValueSpecification\",\"valueRequired\":true,\"valueName\":\"search_term_string\"}}],\"inLanguage\":\"ru-RU\"},{\"@type\":\"Organization\",\"@id\":\"https:\/\/beebipood.ee\/ru\/#organization\",\"name\":\"Beebipood\",\"url\":\"https:\/\/beebipood.ee\/ru\/\",\"logo\":{\"@type\":\"ImageObject\",\"inLanguage\":\"ru-RU\",\"@id\":\"https:\/\/beebipood.ee\/ru\/#\/schema\/logo\/image\/\",\"url\":\"https:\/\/beebipood.ee\/wp-content\/uploads\/2025\/03\/beebipood.ee-logo-1.svg\",\"contentUrl\":\"https:\/\/beebipood.ee\/wp-content\/uploads\/2025\/03\/beebipood.ee-logo-1.svg\",\"caption\":\"Beebipood\"},\"image\":{\"@id\":\"https:\/\/beebipood.ee\/ru\/#\/schema\/logo\/image\/\"}}]}<\/script>\n<!-- \/ Yoast SEO plugin. -->","yoast_head_json":{"title":"Tumba Nelly Vogue, v\u00e4rvivalik, \u041c\u044f\u0433\u043a\u0430\u044f \u043c\u0435\u0431\u0435\u043b\u044c, \u043a\u0440\u0435\u0441\u043b\u043e-\u043c\u0435\u0448\u043e\u043a,\u0442\u0443\u043c\u0431\u044b, \u041d\u041e\u0412\u042b\u0415 \u0422\u041e\u0412\u0410\u0420\u042b, T\u0443\u043c\u0431\u044b, M\u0435\u0431\u0435\u043b\u044c, Beebipood","description":"Tumba Nelly Vogue, v\u00e4rvivalik, Nelly on heaks alternatiiviks klassikalisele puitraamiga tumbale, triumfeerides oma imekerge kaaluga, samas olles prakt","robots":{"index":"index","follow":"follow","max-snippet":"max-snippet:-1","max-image-preview":"max-image-preview:large","max-video-preview":"max-video-preview:-1"},"canonical":"https:\/\/beebipood.ee\/ru\/produkt\/tumba-nelly-vogue-varvivalik\/","og_locale":"ru_RU","og_type":"article","og_title":"Tumba Nelly Vogue, v\u00e4rvivalik, \u041c\u044f\u0433\u043a\u0430\u044f \u043c\u0435\u0431\u0435\u043b\u044c, \u043a\u0440\u0435\u0441\u043b\u043e-\u043c\u0435\u0448\u043e\u043a,\u0442\u0443\u043c\u0431\u044b, \u041d\u041e\u0412\u042b\u0415 \u0422\u041e\u0412\u0410\u0420\u042b, T\u0443\u043c\u0431\u044b, M\u0435\u0431\u0435\u043b\u044c, Beebipood","og_description":"Tumba Nelly Vogue, v\u00e4rvivalik, Nelly on heaks alternatiiviks klassikalisele puitraamiga tumbale, triumfeerides oma imekerge kaaluga, samas olles prakt","og_url":"https:\/\/beebipood.ee\/ru\/produkt\/tumba-nelly-vogue-varvivalik\/","og_site_name":"Beebipood","article_modified_time":"2025-01-09T08:52:44+00:00","og_image":[{"width":1500,"height":1000,"url":"https:\/\/beebipood.ee\/wp-content\/uploads\/2013\/09\/Tumba-Nelly-Vogue-varvivalik-Pehme-moobel-kotttoolid-tumbad-Tumbad_7-f98.jpg","type":"image\/jpeg"}],"twitter_card":"summary_large_image","schema":{"@context":"https:\/\/schema.org","@graph":[{"@type":"WebPage","@id":"https:\/\/beebipood.ee\/ru\/produkt\/tumba-nelly-vogue-varvivalik\/","url":"https:\/\/beebipood.ee\/ru\/produkt\/tumba-nelly-vogue-varvivalik\/","name":"Tumba Nelly Vogue, v\u00e4rvivalik, \u041c\u044f\u0433\u043a\u0430\u044f \u043c\u0435\u0431\u0435\u043b\u044c, \u043a\u0440\u0435\u0441\u043b\u043e-\u043c\u0435\u0448\u043e\u043a,\u0442\u0443\u043c\u0431\u044b, \u041d\u041e\u0412\u042b\u0415 \u0422\u041e\u0412\u0410\u0420\u042b, T\u0443\u043c\u0431\u044b, M\u0435\u0431\u0435\u043b\u044c, Beebipood","isPartOf":{"@id":"https:\/\/beebipood.ee\/ru\/#website"},"primaryImageOfPage":{"@id":"https:\/\/beebipood.ee\/ru\/produkt\/tumba-nelly-vogue-varvivalik\/#primaryimage"},"image":{"@id":"https:\/\/beebipood.ee\/ru\/produkt\/tumba-nelly-vogue-varvivalik\/#primaryimage"},"thumbnailUrl":"https:\/\/beebipood.ee\/wp-content\/uploads\/2013\/09\/Tumba-Nelly-Vogue-varvivalik-Pehme-moobel-kotttoolid-tumbad-Tumbad_7-f98.jpg","datePublished":"2013-09-02T10:33:55+00:00","dateModified":"2025-01-09T08:52:44+00:00","description":"Tumba Nelly Vogue, v\u00e4rvivalik, Nelly on heaks alternatiiviks klassikalisele puitraamiga tumbale, triumfeerides oma imekerge kaaluga, samas olles prakt","breadcrumb":{"@id":"https:\/\/beebipood.ee\/ru\/produkt\/tumba-nelly-vogue-varvivalik\/#breadcrumb"},"inLanguage":"ru-RU","potentialAction":[{"@type":"ReadAction","target":["https:\/\/beebipood.ee\/ru\/produkt\/tumba-nelly-vogue-varvivalik\/"]}]},{"@type":"ImageObject","inLanguage":"ru-RU","@id":"https:\/\/beebipood.ee\/ru\/produkt\/tumba-nelly-vogue-varvivalik\/#primaryimage","url":"https:\/\/beebipood.ee\/wp-content\/uploads\/2013\/09\/Tumba-Nelly-Vogue-varvivalik-Pehme-moobel-kotttoolid-tumbad-Tumbad_7-f98.jpg","contentUrl":"https:\/\/beebipood.ee\/wp-content\/uploads\/2013\/09\/Tumba-Nelly-Vogue-varvivalik-Pehme-moobel-kotttoolid-tumbad-Tumbad_7-f98.jpg","width":1500,"height":1000},{"@type":"BreadcrumbList","@id":"https:\/\/beebipood.ee\/ru\/produkt\/tumba-nelly-vogue-varvivalik\/#breadcrumb","itemListElement":[{"@type":"ListItem","position":1,"name":"Home","item":"https:\/\/beebipood.ee\/ru\/"},{"@type":"ListItem","position":2,"name":"\u041a\u0430\u0442\u0430\u043b\u043e\u0433 \u0442\u043e\u0432\u0430\u0440\u043e\u0432","item":"https:\/\/beebipood.ee\/tooted\/"},{"@type":"ListItem","position":3,"name":"Tumba Nelly Vogue, v\u00e4rvivalik"}]},{"@type":"WebSite","@id":"https:\/\/beebipood.ee\/ru\/#website","url":"https:\/\/beebipood.ee\/ru\/","name":"Beebipood","description":"Lastekaubad, beebikaubad, m\u00e4nguasjad","publisher":{"@id":"https:\/\/beebipood.ee\/ru\/#organization"},"potentialAction":[{"@type":"SearchAction","target":{"@type":"EntryPoint","urlTemplate":"https:\/\/beebipood.ee\/ru\/?s={search_term_string}"},"query-input":{"@type":"PropertyValueSpecification","valueRequired":true,"valueName":"search_term_string"}}],"inLanguage":"ru-RU"},{"@type":"Organization","@id":"https:\/\/beebipood.ee\/ru\/#organization","name":"Beebipood","url":"https:\/\/beebipood.ee\/ru\/","logo":{"@type":"ImageObject","inLanguage":"ru-RU","@id":"https:\/\/beebipood.ee\/ru\/#\/schema\/logo\/image\/","url":"https:\/\/beebipood.ee\/wp-content\/uploads\/2025\/03\/beebipood.ee-logo-1.svg","contentUrl":"https:\/\/beebipood.ee\/wp-content\/uploads\/2025\/03\/beebipood.ee-logo-1.svg","caption":"Beebipood"},"image":{"@id":"https:\/\/beebipood.ee\/ru\/#\/schema\/logo\/image\/"}}]}},"brands":[],"_links":{"self":[{"href":"https:\/\/beebipood.ee\/ru\/wp-json\/wp\/v2\/product\/454120","targetHints":{"allow":["GET"]}}],"collection":[{"href":"https:\/\/beebipood.ee\/ru\/wp-json\/wp\/v2\/product"}],"about":[{"href":"https:\/\/beebipood.ee\/ru\/wp-json\/wp\/v2\/types\/product"}],"wp:featuredmedia":[{"embeddable":true,"href":"https:\/\/beebipood.ee\/ru\/wp-json\/wp\/v2\/media\/99031"}],"wp:attachment":[{"href":"https:\/\/beebipood.ee\/ru\/wp-json\/wp\/v2\/media?parent=454120"}],"wp:term":[{"taxonomy":"pwb-brand","embeddable":true,"href":"https:\/\/beebipood.ee\/ru\/wp-json\/wp\/v2\/pwb-brand?post=454120"},{"taxonomy":"product_brand","embeddable":true,"href":"https:\/\/beebipood.ee\/ru\/wp-json\/wp\/v2\/product_brand?post=454120"},{"taxonomy":"product_cat","embeddable":true,"href":"https:\/\/beebipood.ee\/ru\/wp-json\/wp\/v2\/product_cat?post=454120"},{"taxonomy":"product_tag","embeddable":true,"href":"https:\/\/beebipood.ee\/ru\/wp-json\/wp\/v2\/product_tag?post=454120"}],"curies":[{"name":"wp","href":"https:\/\/api.w.org\/{rel}","templated":true}]}}