{"id":454122,"date":"2013-09-02T13:33:56","date_gmt":"2013-09-02T10:33:56","guid":{"rendered":"https:\/\/beebipood.ee\/toode\/tumba-nelly\/"},"modified":"2025-01-09T10:52:44","modified_gmt":"2025-01-09T08:52:44","slug":"tumba-nelly","status":"publish","type":"product","link":"https:\/\/beebipood.ee\/ru\/produkt\/tumba-nelly\/","title":{"rendered":"Tumba Nelly"},"content":{"rendered":"<p><span>* kvaliteetsest m\u00f6\u00f6blikunstnahast tumba<\/span><br \/><span>* t\u00e4idisena on kasutatud vahtpol\u00fcst\u00fcreen graanuleid<\/span><br \/><span>* tumba on ilma puitkarkassita<\/span><br \/><span>* sobib h\u00e4sti lastetuppa<\/span><br \/><span>* lai v\u00e4rvivalik<\/span><\/p>\n","protected":false},"excerpt":{"rendered":"<p>* kvaliteetsest m\u00f6\u00f6blikunstnahast tumba* t\u00e4idisena on kasutatud vahtpol\u00fcst\u00fcreen graanuleid* tumba on ilma puitkarkassita* sobib h\u00e4sti lastetuppa* lai v\u00e4rvivalik<\/p>\n","protected":false},"featured_media":99040,"template":"","meta":{"_acf_changed":false},"pwb-brand":[],"product_brand":[],"product_cat":[11619,11565],"product_tag":[],"class_list":{"0":"post-454122","1":"product","2":"type-product","3":"status-publish","4":"has-post-thumbnail","6":"product_cat-tumbad-ru","7":"product_cat-pehme-moobel-kott-toolid-tumbad-ru","9":"first","10":"onbackorder","11":"sale","12":"taxable","13":"shipping-taxable","14":"purchasable","15":"product-type-simple"},"exclude_global_add_ons":false,"addons":[{"name":"Vali v\u00e4rv","type":"multiple_choice","position":0,"required":true,"title_format":"heading","default":"","description_enable":false,"description":"","placeholder_enable":false,"placeholder":"","display":"images","restrictions_type":"any_text","adjust_price":false,"price":"","price_type":"flat_fee","restrictions":false,"min":"0","max":"0","options":[{"label":"valge CO-55","price":"","price_type":"quantity_based","image":500635,"visibility":true},{"label":"elevandiluu Dpcv-1","price":"","price_type":"quantity_based","image":500637,"visibility":true},{"label":"bee\u017e CO-45","price":"","price_type":"quantity_based","image":500639,"visibility":true},{"label":"kollane CO-56","price":"","price_type":"quantity_based","image":500641,"visibility":true},{"label":"oran\u017e Da-2","price":"","price_type":"quantity_based","image":500643,"visibility":true},{"label":"roosa CO-65","price":"","price_type":"quantity_based","image":500645,"visibility":true},{"label":"punane CO-29","price":"","price_type":"quantity_based","image":500647,"visibility":true},{"label":"h.pruun CO-54","price":"","price_type":"quantity_based","image":500649,"visibility":true},{"label":"t.pruun CO-37","price":"","price_type":"quantity_based","image":500651,"visibility":true},{"label":"h.hall CO-42","price":"","price_type":"quantity_based","image":500653,"visibility":true},{"label":"hall D-504","price":"","price_type":"quantity_based","image":500655,"visibility":true},{"label":"t.hall CO-15","price":"","price_type":"quantity_based","image":500657,"visibility":true},{"label":"lilla D4C","price":"","price_type":"quantity_based","image":500659,"visibility":true},{"label":"laim D6F","price":"","price_type":"quantity_based","image":500661,"visibility":true},{"label":"roheline Dpcv-11","price":"","price_type":"quantity_based","image":500663,"visibility":true},{"label":"t\u00fcrkiis D-534","price":"","price_type":"quantity_based","image":500665,"visibility":true},{"label":"sinine D-6","price":"","price_type":"quantity_based","image":500667,"visibility":true},{"label":"must CO5","price":"","price_type":"quantity_based","image":500669,"visibility":true}]}],"acf":[],"yoast_head":"<!-- This site is optimized with the Yoast SEO plugin v27.1.1 - https:\/\/yoast.com\/product\/yoast-seo-wordpress\/ -->\n<title>Tumba Nelly, \u041c\u044f\u0433\u043a\u0430\u044f \u043c\u0435\u0431\u0435\u043b\u044c, \u043a\u0440\u0435\u0441\u043b\u043e-\u043c\u0435\u0448\u043e\u043a,\u0442\u0443\u043c\u0431\u044b, T\u0443\u043c\u0431\u044b, Beebipood<\/title>\n<meta name=\"description\" content=\"Tumba Nelly, * kvaliteetsest m&ouml;&ouml;blikunstnahast tumba* t&auml;idisena on kasutatud vahtpol&uuml;st&uuml;reen graanuleid&lt;\/sp\" \/>\n<meta name=\"robots\" content=\"index, follow, max-snippet:-1, max-image-preview:large, max-video-preview:-1\" \/>\n<link rel=\"canonical\" href=\"https:\/\/beebipood.ee\/ru\/produkt\/tumba-nelly\/\" \/>\n<meta property=\"og:locale\" content=\"ru_RU\" \/>\n<meta property=\"og:type\" content=\"article\" \/>\n<meta property=\"og:title\" content=\"Tumba Nelly, \u041c\u044f\u0433\u043a\u0430\u044f \u043c\u0435\u0431\u0435\u043b\u044c, \u043a\u0440\u0435\u0441\u043b\u043e-\u043c\u0435\u0448\u043e\u043a,\u0442\u0443\u043c\u0431\u044b, T\u0443\u043c\u0431\u044b, Beebipood\" \/>\n<meta property=\"og:description\" content=\"Tumba Nelly, * kvaliteetsest m&ouml;&ouml;blikunstnahast tumba* t&auml;idisena on kasutatud vahtpol&uuml;st&uuml;reen graanuleid&lt;\/sp\" \/>\n<meta property=\"og:url\" content=\"https:\/\/beebipood.ee\/ru\/produkt\/tumba-nelly\/\" \/>\n<meta property=\"og:site_name\" content=\"Beebipood\" \/>\n<meta property=\"article:modified_time\" content=\"2025-01-09T08:52:44+00:00\" \/>\n<meta property=\"og:image\" content=\"https:\/\/beebipood.ee\/wp-content\/uploads\/2013\/09\/Tumba-Nelly-Pehme-moobel-kotttoolid-tumbad-Tumbad_2-4cc.jpg\" \/>\n\t<meta property=\"og:image:width\" content=\"724\" \/>\n\t<meta property=\"og:image:height\" content=\"484\" \/>\n\t<meta property=\"og:image:type\" content=\"image\/jpeg\" \/>\n<meta name=\"twitter:card\" content=\"summary_large_image\" \/>\n<script type=\"application\/ld+json\" class=\"yoast-schema-graph\">{\"@context\":\"https:\/\/schema.org\",\"@graph\":[{\"@type\":\"WebPage\",\"@id\":\"https:\/\/beebipood.ee\/ru\/produkt\/tumba-nelly\/\",\"url\":\"https:\/\/beebipood.ee\/ru\/produkt\/tumba-nelly\/\",\"name\":\"Tumba Nelly, \u041c\u044f\u0433\u043a\u0430\u044f \u043c\u0435\u0431\u0435\u043b\u044c, \u043a\u0440\u0435\u0441\u043b\u043e-\u043c\u0435\u0448\u043e\u043a,\u0442\u0443\u043c\u0431\u044b, T\u0443\u043c\u0431\u044b, Beebipood\",\"isPartOf\":{\"@id\":\"https:\/\/beebipood.ee\/ru\/#website\"},\"primaryImageOfPage\":{\"@id\":\"https:\/\/beebipood.ee\/ru\/produkt\/tumba-nelly\/#primaryimage\"},\"image\":{\"@id\":\"https:\/\/beebipood.ee\/ru\/produkt\/tumba-nelly\/#primaryimage\"},\"thumbnailUrl\":\"https:\/\/beebipood.ee\/wp-content\/uploads\/2013\/09\/Tumba-Nelly-Pehme-moobel-kotttoolid-tumbad-Tumbad_2-4cc.jpg\",\"datePublished\":\"2013-09-02T10:33:56+00:00\",\"dateModified\":\"2025-01-09T08:52:44+00:00\",\"description\":\"Tumba Nelly, * kvaliteetsest m&ouml;&ouml;blikunstnahast tumba* t&auml;idisena on kasutatud vahtpol&uuml;st&uuml;reen graanuleid&lt;\/sp\",\"breadcrumb\":{\"@id\":\"https:\/\/beebipood.ee\/ru\/produkt\/tumba-nelly\/#breadcrumb\"},\"inLanguage\":\"ru-RU\",\"potentialAction\":[{\"@type\":\"ReadAction\",\"target\":[\"https:\/\/beebipood.ee\/ru\/produkt\/tumba-nelly\/\"]}]},{\"@type\":\"ImageObject\",\"inLanguage\":\"ru-RU\",\"@id\":\"https:\/\/beebipood.ee\/ru\/produkt\/tumba-nelly\/#primaryimage\",\"url\":\"https:\/\/beebipood.ee\/wp-content\/uploads\/2013\/09\/Tumba-Nelly-Pehme-moobel-kotttoolid-tumbad-Tumbad_2-4cc.jpg\",\"contentUrl\":\"https:\/\/beebipood.ee\/wp-content\/uploads\/2013\/09\/Tumba-Nelly-Pehme-moobel-kotttoolid-tumbad-Tumbad_2-4cc.jpg\",\"width\":724,\"height\":484},{\"@type\":\"BreadcrumbList\",\"@id\":\"https:\/\/beebipood.ee\/ru\/produkt\/tumba-nelly\/#breadcrumb\",\"itemListElement\":[{\"@type\":\"ListItem\",\"position\":1,\"name\":\"Home\",\"item\":\"https:\/\/beebipood.ee\/ru\/\"},{\"@type\":\"ListItem\",\"position\":2,\"name\":\"\u041a\u0430\u0442\u0430\u043b\u043e\u0433 \u0442\u043e\u0432\u0430\u0440\u043e\u0432\",\"item\":\"https:\/\/beebipood.ee\/tooted\/\"},{\"@type\":\"ListItem\",\"position\":3,\"name\":\"Tumba Nelly\"}]},{\"@type\":\"WebSite\",\"@id\":\"https:\/\/beebipood.ee\/ru\/#website\",\"url\":\"https:\/\/beebipood.ee\/ru\/\",\"name\":\"Beebipood\",\"description\":\"Lastekaubad, beebikaubad, m\u00e4nguasjad\",\"publisher\":{\"@id\":\"https:\/\/beebipood.ee\/ru\/#organization\"},\"potentialAction\":[{\"@type\":\"SearchAction\",\"target\":{\"@type\":\"EntryPoint\",\"urlTemplate\":\"https:\/\/beebipood.ee\/ru\/?s={search_term_string}\"},\"query-input\":{\"@type\":\"PropertyValueSpecification\",\"valueRequired\":true,\"valueName\":\"search_term_string\"}}],\"inLanguage\":\"ru-RU\"},{\"@type\":\"Organization\",\"@id\":\"https:\/\/beebipood.ee\/ru\/#organization\",\"name\":\"Beebipood\",\"url\":\"https:\/\/beebipood.ee\/ru\/\",\"logo\":{\"@type\":\"ImageObject\",\"inLanguage\":\"ru-RU\",\"@id\":\"https:\/\/beebipood.ee\/ru\/#\/schema\/logo\/image\/\",\"url\":\"https:\/\/beebipood.ee\/wp-content\/uploads\/2025\/03\/beebipood.ee-logo-1.svg\",\"contentUrl\":\"https:\/\/beebipood.ee\/wp-content\/uploads\/2025\/03\/beebipood.ee-logo-1.svg\",\"caption\":\"Beebipood\"},\"image\":{\"@id\":\"https:\/\/beebipood.ee\/ru\/#\/schema\/logo\/image\/\"}}]}<\/script>\n<!-- \/ Yoast SEO plugin. -->","yoast_head_json":{"title":"Tumba Nelly, \u041c\u044f\u0433\u043a\u0430\u044f \u043c\u0435\u0431\u0435\u043b\u044c, \u043a\u0440\u0435\u0441\u043b\u043e-\u043c\u0435\u0448\u043e\u043a,\u0442\u0443\u043c\u0431\u044b, T\u0443\u043c\u0431\u044b, Beebipood","description":"Tumba Nelly, * kvaliteetsest m&ouml;&ouml;blikunstnahast tumba* t&auml;idisena on kasutatud vahtpol&uuml;st&uuml;reen graanuleid&lt;\/sp","robots":{"index":"index","follow":"follow","max-snippet":"max-snippet:-1","max-image-preview":"max-image-preview:large","max-video-preview":"max-video-preview:-1"},"canonical":"https:\/\/beebipood.ee\/ru\/produkt\/tumba-nelly\/","og_locale":"ru_RU","og_type":"article","og_title":"Tumba Nelly, \u041c\u044f\u0433\u043a\u0430\u044f \u043c\u0435\u0431\u0435\u043b\u044c, \u043a\u0440\u0435\u0441\u043b\u043e-\u043c\u0435\u0448\u043e\u043a,\u0442\u0443\u043c\u0431\u044b, T\u0443\u043c\u0431\u044b, Beebipood","og_description":"Tumba Nelly, * kvaliteetsest m&ouml;&ouml;blikunstnahast tumba* t&auml;idisena on kasutatud vahtpol&uuml;st&uuml;reen graanuleid&lt;\/sp","og_url":"https:\/\/beebipood.ee\/ru\/produkt\/tumba-nelly\/","og_site_name":"Beebipood","article_modified_time":"2025-01-09T08:52:44+00:00","og_image":[{"width":724,"height":484,"url":"https:\/\/beebipood.ee\/wp-content\/uploads\/2013\/09\/Tumba-Nelly-Pehme-moobel-kotttoolid-tumbad-Tumbad_2-4cc.jpg","type":"image\/jpeg"}],"twitter_card":"summary_large_image","schema":{"@context":"https:\/\/schema.org","@graph":[{"@type":"WebPage","@id":"https:\/\/beebipood.ee\/ru\/produkt\/tumba-nelly\/","url":"https:\/\/beebipood.ee\/ru\/produkt\/tumba-nelly\/","name":"Tumba Nelly, \u041c\u044f\u0433\u043a\u0430\u044f \u043c\u0435\u0431\u0435\u043b\u044c, \u043a\u0440\u0435\u0441\u043b\u043e-\u043c\u0435\u0448\u043e\u043a,\u0442\u0443\u043c\u0431\u044b, T\u0443\u043c\u0431\u044b, Beebipood","isPartOf":{"@id":"https:\/\/beebipood.ee\/ru\/#website"},"primaryImageOfPage":{"@id":"https:\/\/beebipood.ee\/ru\/produkt\/tumba-nelly\/#primaryimage"},"image":{"@id":"https:\/\/beebipood.ee\/ru\/produkt\/tumba-nelly\/#primaryimage"},"thumbnailUrl":"https:\/\/beebipood.ee\/wp-content\/uploads\/2013\/09\/Tumba-Nelly-Pehme-moobel-kotttoolid-tumbad-Tumbad_2-4cc.jpg","datePublished":"2013-09-02T10:33:56+00:00","dateModified":"2025-01-09T08:52:44+00:00","description":"Tumba Nelly, * kvaliteetsest m&ouml;&ouml;blikunstnahast tumba* t&auml;idisena on kasutatud vahtpol&uuml;st&uuml;reen graanuleid&lt;\/sp","breadcrumb":{"@id":"https:\/\/beebipood.ee\/ru\/produkt\/tumba-nelly\/#breadcrumb"},"inLanguage":"ru-RU","potentialAction":[{"@type":"ReadAction","target":["https:\/\/beebipood.ee\/ru\/produkt\/tumba-nelly\/"]}]},{"@type":"ImageObject","inLanguage":"ru-RU","@id":"https:\/\/beebipood.ee\/ru\/produkt\/tumba-nelly\/#primaryimage","url":"https:\/\/beebipood.ee\/wp-content\/uploads\/2013\/09\/Tumba-Nelly-Pehme-moobel-kotttoolid-tumbad-Tumbad_2-4cc.jpg","contentUrl":"https:\/\/beebipood.ee\/wp-content\/uploads\/2013\/09\/Tumba-Nelly-Pehme-moobel-kotttoolid-tumbad-Tumbad_2-4cc.jpg","width":724,"height":484},{"@type":"BreadcrumbList","@id":"https:\/\/beebipood.ee\/ru\/produkt\/tumba-nelly\/#breadcrumb","itemListElement":[{"@type":"ListItem","position":1,"name":"Home","item":"https:\/\/beebipood.ee\/ru\/"},{"@type":"ListItem","position":2,"name":"\u041a\u0430\u0442\u0430\u043b\u043e\u0433 \u0442\u043e\u0432\u0430\u0440\u043e\u0432","item":"https:\/\/beebipood.ee\/tooted\/"},{"@type":"ListItem","position":3,"name":"Tumba Nelly"}]},{"@type":"WebSite","@id":"https:\/\/beebipood.ee\/ru\/#website","url":"https:\/\/beebipood.ee\/ru\/","name":"Beebipood","description":"Lastekaubad, beebikaubad, m\u00e4nguasjad","publisher":{"@id":"https:\/\/beebipood.ee\/ru\/#organization"},"potentialAction":[{"@type":"SearchAction","target":{"@type":"EntryPoint","urlTemplate":"https:\/\/beebipood.ee\/ru\/?s={search_term_string}"},"query-input":{"@type":"PropertyValueSpecification","valueRequired":true,"valueName":"search_term_string"}}],"inLanguage":"ru-RU"},{"@type":"Organization","@id":"https:\/\/beebipood.ee\/ru\/#organization","name":"Beebipood","url":"https:\/\/beebipood.ee\/ru\/","logo":{"@type":"ImageObject","inLanguage":"ru-RU","@id":"https:\/\/beebipood.ee\/ru\/#\/schema\/logo\/image\/","url":"https:\/\/beebipood.ee\/wp-content\/uploads\/2025\/03\/beebipood.ee-logo-1.svg","contentUrl":"https:\/\/beebipood.ee\/wp-content\/uploads\/2025\/03\/beebipood.ee-logo-1.svg","caption":"Beebipood"},"image":{"@id":"https:\/\/beebipood.ee\/ru\/#\/schema\/logo\/image\/"}}]}},"brands":[],"_links":{"self":[{"href":"https:\/\/beebipood.ee\/ru\/wp-json\/wp\/v2\/product\/454122","targetHints":{"allow":["GET"]}}],"collection":[{"href":"https:\/\/beebipood.ee\/ru\/wp-json\/wp\/v2\/product"}],"about":[{"href":"https:\/\/beebipood.ee\/ru\/wp-json\/wp\/v2\/types\/product"}],"wp:featuredmedia":[{"embeddable":true,"href":"https:\/\/beebipood.ee\/ru\/wp-json\/wp\/v2\/media\/99040"}],"wp:attachment":[{"href":"https:\/\/beebipood.ee\/ru\/wp-json\/wp\/v2\/media?parent=454122"}],"wp:term":[{"taxonomy":"pwb-brand","embeddable":true,"href":"https:\/\/beebipood.ee\/ru\/wp-json\/wp\/v2\/pwb-brand?post=454122"},{"taxonomy":"product_brand","embeddable":true,"href":"https:\/\/beebipood.ee\/ru\/wp-json\/wp\/v2\/product_brand?post=454122"},{"taxonomy":"product_cat","embeddable":true,"href":"https:\/\/beebipood.ee\/ru\/wp-json\/wp\/v2\/product_cat?post=454122"},{"taxonomy":"product_tag","embeddable":true,"href":"https:\/\/beebipood.ee\/ru\/wp-json\/wp\/v2\/product_tag?post=454122"}],"curies":[{"name":"wp","href":"https:\/\/api.w.org\/{rel}","templated":true}]}}