{"id":454124,"date":"2013-09-02T13:33:57","date_gmt":"2013-09-02T10:33:57","guid":{"rendered":"https:\/\/beebipood.ee\/toode\/tumba-lill\/"},"modified":"2025-01-09T10:52:44","modified_gmt":"2025-01-09T08:52:44","slug":"tumba-lill","status":"publish","type":"product","link":"https:\/\/beebipood.ee\/ru\/produkt\/tumba-lill\/","title":{"rendered":"Tumba Lill"},"content":{"rendered":"<p>Tumba Lill on inspiratsiooni saanud lille\u00f5iest <br \/>ning vahva v\u00e4rviline tumba sobib ideaalselt lastetuppa. <br \/>Kattematerjaliks on kvaliteetne ja vastupidav kunstnahk, <br \/>mida vajadusel kerge puhastada.<br \/>T\u00e4itematerjalina on kasutatud vahtpol\u00fcst\u00fcreeni ning poroloonvooderdust.<br \/>Tumba on ilma puitkarkassita.<br \/>Kaal vaid 1,7kg<\/p>\n","protected":false},"excerpt":{"rendered":"<p>Tumba Lill on inspiratsiooni saanud lille\u00f5iest ning vahva v\u00e4rviline tumba sobib ideaalselt lastetuppa. Kattematerjaliks on kvaliteetne ja vastupidav kunstnahk, mida vajadusel kerge puhastada.T\u00e4itematerjalina on kasutatud vahtpol\u00fcst\u00fcreeni ning poroloonvooderdust.Tumba on ilma puitkarkassita.Kaal vaid 1,7kg<\/p>\n","protected":false},"featured_media":99041,"template":"","meta":{"_acf_changed":false},"pwb-brand":[],"product_brand":[],"product_cat":[11619,11565,11789],"product_tag":[],"class_list":{"0":"post-454124","1":"product","2":"type-product","3":"status-publish","4":"has-post-thumbnail","6":"product_cat-tumbad-ru","7":"product_cat-pehme-moobel-kott-toolid-tumbad-ru","8":"product_cat-lastemoobel-ja-sisustus-ru","10":"first","11":"onbackorder","12":"sale","13":"taxable","14":"shipping-taxable","15":"purchasable","16":"product-type-simple"},"exclude_global_add_ons":false,"addons":[{"name":"Vali v\u00e4rv","type":"multiple_choice","position":0,"required":true,"title_format":"heading","default":"","description_enable":false,"description":"","placeholder_enable":false,"placeholder":"","display":"images","restrictions_type":"any_text","adjust_price":false,"price":"","price_type":"flat_fee","restrictions":false,"min":"0","max":"0","options":[{"label":"DSC_6053","price":"","price_type":"quantity_based","image":500885,"visibility":true},{"label":"DSC_6027","price":"","price_type":"quantity_based","image":500887,"visibility":true},{"label":"DSC_6033","price":"","price_type":"quantity_based","image":500889,"visibility":true},{"label":"DSC_6041","price":"","price_type":"quantity_based","image":500891,"visibility":true},{"label":"DSC_6043","price":"","price_type":"quantity_based","image":500893,"visibility":true},{"label":"DSC_6055","price":"","price_type":"quantity_based","image":500895,"visibility":true},{"label":"DSC_6068","price":"","price_type":"quantity_based","image":500897,"visibility":true},{"label":"DSC_6086","price":"","price_type":"quantity_based","image":500899,"visibility":true},{"label":"DSC_6094","price":"","price_type":"quantity_based","image":500901,"visibility":true},{"label":"DSC_6097","price":"","price_type":"quantity_based","image":500903,"visibility":true}]}],"acf":[],"yoast_head":"<!-- This site is optimized with the Yoast SEO plugin v27.1.1 - https:\/\/yoast.com\/product\/yoast-seo-wordpress\/ -->\n<title>Tumba Lill, \u041c\u044f\u0433\u043a\u0430\u044f \u043c\u0435\u0431\u0435\u043b\u044c, \u043a\u0440\u0435\u0441\u043b\u043e-\u043c\u0435\u0448\u043e\u043a,\u0442\u0443\u043c\u0431\u044b, T\u0443\u043c\u0431\u044b, M\u0435\u0431\u0435\u043b\u044c, Beebipood<\/title>\n<meta name=\"description\" content=\"Tumba Lill, Tumba Lill on inspiratsiooni saanud lille&otilde;iest ning vahva v&auml;rviline tumba sobib ideaalselt lastetuppa. Kattematerjaliks o\" \/>\n<meta name=\"robots\" content=\"index, follow, max-snippet:-1, max-image-preview:large, max-video-preview:-1\" \/>\n<link rel=\"canonical\" href=\"https:\/\/beebipood.ee\/ru\/produkt\/tumba-lill\/\" \/>\n<meta property=\"og:locale\" content=\"ru_RU\" \/>\n<meta property=\"og:type\" content=\"article\" \/>\n<meta property=\"og:title\" content=\"Tumba Lill, \u041c\u044f\u0433\u043a\u0430\u044f \u043c\u0435\u0431\u0435\u043b\u044c, \u043a\u0440\u0435\u0441\u043b\u043e-\u043c\u0435\u0448\u043e\u043a,\u0442\u0443\u043c\u0431\u044b, T\u0443\u043c\u0431\u044b, M\u0435\u0431\u0435\u043b\u044c, Beebipood\" \/>\n<meta property=\"og:description\" content=\"Tumba Lill, Tumba Lill on inspiratsiooni saanud lille&otilde;iest ning vahva v&auml;rviline tumba sobib ideaalselt lastetuppa. Kattematerjaliks o\" \/>\n<meta property=\"og:url\" content=\"https:\/\/beebipood.ee\/ru\/produkt\/tumba-lill\/\" \/>\n<meta property=\"og:site_name\" content=\"Beebipood\" \/>\n<meta property=\"article:modified_time\" content=\"2025-01-09T08:52:44+00:00\" \/>\n<meta property=\"og:image\" content=\"https:\/\/beebipood.ee\/wp-content\/uploads\/2013\/09\/Tumba-Lill-Pehme-moobel-kotttoolid-tumbad-Tumbad-Lastemoobel-ja-sisustus_5-652.jpg\" \/>\n\t<meta property=\"og:image:width\" content=\"1124\" \/>\n\t<meta property=\"og:image:height\" content=\"818\" \/>\n\t<meta property=\"og:image:type\" content=\"image\/jpeg\" \/>\n<meta name=\"twitter:card\" content=\"summary_large_image\" \/>\n<script type=\"application\/ld+json\" class=\"yoast-schema-graph\">{\"@context\":\"https:\/\/schema.org\",\"@graph\":[{\"@type\":\"WebPage\",\"@id\":\"https:\/\/beebipood.ee\/ru\/produkt\/tumba-lill\/\",\"url\":\"https:\/\/beebipood.ee\/ru\/produkt\/tumba-lill\/\",\"name\":\"Tumba Lill, \u041c\u044f\u0433\u043a\u0430\u044f \u043c\u0435\u0431\u0435\u043b\u044c, \u043a\u0440\u0435\u0441\u043b\u043e-\u043c\u0435\u0448\u043e\u043a,\u0442\u0443\u043c\u0431\u044b, T\u0443\u043c\u0431\u044b, M\u0435\u0431\u0435\u043b\u044c, Beebipood\",\"isPartOf\":{\"@id\":\"https:\/\/beebipood.ee\/ru\/#website\"},\"primaryImageOfPage\":{\"@id\":\"https:\/\/beebipood.ee\/ru\/produkt\/tumba-lill\/#primaryimage\"},\"image\":{\"@id\":\"https:\/\/beebipood.ee\/ru\/produkt\/tumba-lill\/#primaryimage\"},\"thumbnailUrl\":\"https:\/\/beebipood.ee\/wp-content\/uploads\/2013\/09\/Tumba-Lill-Pehme-moobel-kotttoolid-tumbad-Tumbad-Lastemoobel-ja-sisustus_5-652.jpg\",\"datePublished\":\"2013-09-02T10:33:57+00:00\",\"dateModified\":\"2025-01-09T08:52:44+00:00\",\"description\":\"Tumba Lill, Tumba Lill on inspiratsiooni saanud lille&otilde;iest ning vahva v&auml;rviline tumba sobib ideaalselt lastetuppa. Kattematerjaliks o\",\"breadcrumb\":{\"@id\":\"https:\/\/beebipood.ee\/ru\/produkt\/tumba-lill\/#breadcrumb\"},\"inLanguage\":\"ru-RU\",\"potentialAction\":[{\"@type\":\"ReadAction\",\"target\":[\"https:\/\/beebipood.ee\/ru\/produkt\/tumba-lill\/\"]}]},{\"@type\":\"ImageObject\",\"inLanguage\":\"ru-RU\",\"@id\":\"https:\/\/beebipood.ee\/ru\/produkt\/tumba-lill\/#primaryimage\",\"url\":\"https:\/\/beebipood.ee\/wp-content\/uploads\/2013\/09\/Tumba-Lill-Pehme-moobel-kotttoolid-tumbad-Tumbad-Lastemoobel-ja-sisustus_5-652.jpg\",\"contentUrl\":\"https:\/\/beebipood.ee\/wp-content\/uploads\/2013\/09\/Tumba-Lill-Pehme-moobel-kotttoolid-tumbad-Tumbad-Lastemoobel-ja-sisustus_5-652.jpg\",\"width\":1124,\"height\":818},{\"@type\":\"BreadcrumbList\",\"@id\":\"https:\/\/beebipood.ee\/ru\/produkt\/tumba-lill\/#breadcrumb\",\"itemListElement\":[{\"@type\":\"ListItem\",\"position\":1,\"name\":\"Home\",\"item\":\"https:\/\/beebipood.ee\/ru\/\"},{\"@type\":\"ListItem\",\"position\":2,\"name\":\"\u041a\u0430\u0442\u0430\u043b\u043e\u0433 \u0442\u043e\u0432\u0430\u0440\u043e\u0432\",\"item\":\"https:\/\/beebipood.ee\/tooted\/\"},{\"@type\":\"ListItem\",\"position\":3,\"name\":\"Tumba Lill\"}]},{\"@type\":\"WebSite\",\"@id\":\"https:\/\/beebipood.ee\/ru\/#website\",\"url\":\"https:\/\/beebipood.ee\/ru\/\",\"name\":\"Beebipood\",\"description\":\"Lastekaubad, beebikaubad, m\u00e4nguasjad\",\"publisher\":{\"@id\":\"https:\/\/beebipood.ee\/ru\/#organization\"},\"potentialAction\":[{\"@type\":\"SearchAction\",\"target\":{\"@type\":\"EntryPoint\",\"urlTemplate\":\"https:\/\/beebipood.ee\/ru\/?s={search_term_string}\"},\"query-input\":{\"@type\":\"PropertyValueSpecification\",\"valueRequired\":true,\"valueName\":\"search_term_string\"}}],\"inLanguage\":\"ru-RU\"},{\"@type\":\"Organization\",\"@id\":\"https:\/\/beebipood.ee\/ru\/#organization\",\"name\":\"Beebipood\",\"url\":\"https:\/\/beebipood.ee\/ru\/\",\"logo\":{\"@type\":\"ImageObject\",\"inLanguage\":\"ru-RU\",\"@id\":\"https:\/\/beebipood.ee\/ru\/#\/schema\/logo\/image\/\",\"url\":\"https:\/\/beebipood.ee\/wp-content\/uploads\/2025\/03\/beebipood.ee-logo-1.svg\",\"contentUrl\":\"https:\/\/beebipood.ee\/wp-content\/uploads\/2025\/03\/beebipood.ee-logo-1.svg\",\"caption\":\"Beebipood\"},\"image\":{\"@id\":\"https:\/\/beebipood.ee\/ru\/#\/schema\/logo\/image\/\"}}]}<\/script>\n<!-- \/ Yoast SEO plugin. -->","yoast_head_json":{"title":"Tumba Lill, \u041c\u044f\u0433\u043a\u0430\u044f \u043c\u0435\u0431\u0435\u043b\u044c, \u043a\u0440\u0435\u0441\u043b\u043e-\u043c\u0435\u0448\u043e\u043a,\u0442\u0443\u043c\u0431\u044b, T\u0443\u043c\u0431\u044b, M\u0435\u0431\u0435\u043b\u044c, Beebipood","description":"Tumba Lill, Tumba Lill on inspiratsiooni saanud lille&otilde;iest ning vahva v&auml;rviline tumba sobib ideaalselt lastetuppa. Kattematerjaliks o","robots":{"index":"index","follow":"follow","max-snippet":"max-snippet:-1","max-image-preview":"max-image-preview:large","max-video-preview":"max-video-preview:-1"},"canonical":"https:\/\/beebipood.ee\/ru\/produkt\/tumba-lill\/","og_locale":"ru_RU","og_type":"article","og_title":"Tumba Lill, \u041c\u044f\u0433\u043a\u0430\u044f \u043c\u0435\u0431\u0435\u043b\u044c, \u043a\u0440\u0435\u0441\u043b\u043e-\u043c\u0435\u0448\u043e\u043a,\u0442\u0443\u043c\u0431\u044b, T\u0443\u043c\u0431\u044b, M\u0435\u0431\u0435\u043b\u044c, Beebipood","og_description":"Tumba Lill, Tumba Lill on inspiratsiooni saanud lille&otilde;iest ning vahva v&auml;rviline tumba sobib ideaalselt lastetuppa. Kattematerjaliks o","og_url":"https:\/\/beebipood.ee\/ru\/produkt\/tumba-lill\/","og_site_name":"Beebipood","article_modified_time":"2025-01-09T08:52:44+00:00","og_image":[{"width":1124,"height":818,"url":"https:\/\/beebipood.ee\/wp-content\/uploads\/2013\/09\/Tumba-Lill-Pehme-moobel-kotttoolid-tumbad-Tumbad-Lastemoobel-ja-sisustus_5-652.jpg","type":"image\/jpeg"}],"twitter_card":"summary_large_image","schema":{"@context":"https:\/\/schema.org","@graph":[{"@type":"WebPage","@id":"https:\/\/beebipood.ee\/ru\/produkt\/tumba-lill\/","url":"https:\/\/beebipood.ee\/ru\/produkt\/tumba-lill\/","name":"Tumba Lill, \u041c\u044f\u0433\u043a\u0430\u044f \u043c\u0435\u0431\u0435\u043b\u044c, \u043a\u0440\u0435\u0441\u043b\u043e-\u043c\u0435\u0448\u043e\u043a,\u0442\u0443\u043c\u0431\u044b, T\u0443\u043c\u0431\u044b, M\u0435\u0431\u0435\u043b\u044c, Beebipood","isPartOf":{"@id":"https:\/\/beebipood.ee\/ru\/#website"},"primaryImageOfPage":{"@id":"https:\/\/beebipood.ee\/ru\/produkt\/tumba-lill\/#primaryimage"},"image":{"@id":"https:\/\/beebipood.ee\/ru\/produkt\/tumba-lill\/#primaryimage"},"thumbnailUrl":"https:\/\/beebipood.ee\/wp-content\/uploads\/2013\/09\/Tumba-Lill-Pehme-moobel-kotttoolid-tumbad-Tumbad-Lastemoobel-ja-sisustus_5-652.jpg","datePublished":"2013-09-02T10:33:57+00:00","dateModified":"2025-01-09T08:52:44+00:00","description":"Tumba Lill, Tumba Lill on inspiratsiooni saanud lille&otilde;iest ning vahva v&auml;rviline tumba sobib ideaalselt lastetuppa. Kattematerjaliks o","breadcrumb":{"@id":"https:\/\/beebipood.ee\/ru\/produkt\/tumba-lill\/#breadcrumb"},"inLanguage":"ru-RU","potentialAction":[{"@type":"ReadAction","target":["https:\/\/beebipood.ee\/ru\/produkt\/tumba-lill\/"]}]},{"@type":"ImageObject","inLanguage":"ru-RU","@id":"https:\/\/beebipood.ee\/ru\/produkt\/tumba-lill\/#primaryimage","url":"https:\/\/beebipood.ee\/wp-content\/uploads\/2013\/09\/Tumba-Lill-Pehme-moobel-kotttoolid-tumbad-Tumbad-Lastemoobel-ja-sisustus_5-652.jpg","contentUrl":"https:\/\/beebipood.ee\/wp-content\/uploads\/2013\/09\/Tumba-Lill-Pehme-moobel-kotttoolid-tumbad-Tumbad-Lastemoobel-ja-sisustus_5-652.jpg","width":1124,"height":818},{"@type":"BreadcrumbList","@id":"https:\/\/beebipood.ee\/ru\/produkt\/tumba-lill\/#breadcrumb","itemListElement":[{"@type":"ListItem","position":1,"name":"Home","item":"https:\/\/beebipood.ee\/ru\/"},{"@type":"ListItem","position":2,"name":"\u041a\u0430\u0442\u0430\u043b\u043e\u0433 \u0442\u043e\u0432\u0430\u0440\u043e\u0432","item":"https:\/\/beebipood.ee\/tooted\/"},{"@type":"ListItem","position":3,"name":"Tumba Lill"}]},{"@type":"WebSite","@id":"https:\/\/beebipood.ee\/ru\/#website","url":"https:\/\/beebipood.ee\/ru\/","name":"Beebipood","description":"Lastekaubad, beebikaubad, m\u00e4nguasjad","publisher":{"@id":"https:\/\/beebipood.ee\/ru\/#organization"},"potentialAction":[{"@type":"SearchAction","target":{"@type":"EntryPoint","urlTemplate":"https:\/\/beebipood.ee\/ru\/?s={search_term_string}"},"query-input":{"@type":"PropertyValueSpecification","valueRequired":true,"valueName":"search_term_string"}}],"inLanguage":"ru-RU"},{"@type":"Organization","@id":"https:\/\/beebipood.ee\/ru\/#organization","name":"Beebipood","url":"https:\/\/beebipood.ee\/ru\/","logo":{"@type":"ImageObject","inLanguage":"ru-RU","@id":"https:\/\/beebipood.ee\/ru\/#\/schema\/logo\/image\/","url":"https:\/\/beebipood.ee\/wp-content\/uploads\/2025\/03\/beebipood.ee-logo-1.svg","contentUrl":"https:\/\/beebipood.ee\/wp-content\/uploads\/2025\/03\/beebipood.ee-logo-1.svg","caption":"Beebipood"},"image":{"@id":"https:\/\/beebipood.ee\/ru\/#\/schema\/logo\/image\/"}}]}},"brands":[],"_links":{"self":[{"href":"https:\/\/beebipood.ee\/ru\/wp-json\/wp\/v2\/product\/454124","targetHints":{"allow":["GET"]}}],"collection":[{"href":"https:\/\/beebipood.ee\/ru\/wp-json\/wp\/v2\/product"}],"about":[{"href":"https:\/\/beebipood.ee\/ru\/wp-json\/wp\/v2\/types\/product"}],"wp:featuredmedia":[{"embeddable":true,"href":"https:\/\/beebipood.ee\/ru\/wp-json\/wp\/v2\/media\/99041"}],"wp:attachment":[{"href":"https:\/\/beebipood.ee\/ru\/wp-json\/wp\/v2\/media?parent=454124"}],"wp:term":[{"taxonomy":"pwb-brand","embeddable":true,"href":"https:\/\/beebipood.ee\/ru\/wp-json\/wp\/v2\/pwb-brand?post=454124"},{"taxonomy":"product_brand","embeddable":true,"href":"https:\/\/beebipood.ee\/ru\/wp-json\/wp\/v2\/product_brand?post=454124"},{"taxonomy":"product_cat","embeddable":true,"href":"https:\/\/beebipood.ee\/ru\/wp-json\/wp\/v2\/product_cat?post=454124"},{"taxonomy":"product_tag","embeddable":true,"href":"https:\/\/beebipood.ee\/ru\/wp-json\/wp\/v2\/product_tag?post=454124"}],"curies":[{"name":"wp","href":"https:\/\/api.w.org\/{rel}","templated":true}]}}