{"id":454134,"date":"2013-09-02T13:34:16","date_gmt":"2013-09-02T10:34:16","guid":{"rendered":"https:\/\/beebipood.ee\/toode\/we-too-mahkmekonteiner-pink\/"},"modified":"2025-09-15T09:36:43","modified_gmt":"2025-09-15T06:36:43","slug":"we-too-mahkmekonteiner-soft-pink","status":"publish","type":"product","link":"https:\/\/beebipood.ee\/ru\/produkt\/we-too-mahkmekonteiner-soft-pink\/","title":{"rendered":"We-Too m\u00e4hkmekonteiner, Soft Pink"},"content":{"rendered":"<p>Praktiline We-Too m\u00e4hkmekonteiner,<br \/>\nmillel on patenteeritud haisuluku s\u00fcsteem.<br \/>\nEraldi sisusid pole tarvis osta.<br \/>\n<span style=\"text-decoration: underline;\"><br \/>\nOmadused<\/span><br \/>\nKasutatav tavaliste plastikust pr\u00fcgikottidega<br \/>\nHaisulevikut takistav s\u00fcsteem<br \/>\nMahutab kuni 25 m\u00e4het (olenevalt suurusest)<br \/>\nLihtsasti \u00fche k\u00e4ega kasutatav<br \/>\nMugava k\u00f5rgusega<br \/>\n<span style=\"text-decoration: underline;\">N\u00e4itajad<\/span><br \/>\nM\u00f5\u00f5dud: 25 x 25 x 46cm (laius, s\u00fcgavus, k\u00f5rgus)<br \/>\nMaterjal: plastik<\/p>\n","protected":false},"excerpt":{"rendered":"<p>Praktiline We-Too m\u00e4hkmekonteiner, millel on patenteeritud haisuluku s\u00fcsteem. Eraldi sisusid pole tarvis osta. Omadused Kasutatav tavaliste plastikust pr\u00fcgikottidega Haisulevikut takistav s\u00fcsteem Mahutab kuni 25 m\u00e4het (olenevalt suurusest) Lihtsasti \u00fche k\u00e4ega kasutatav Mugava k\u00f5rgusega N\u00e4itajad M\u00f5\u00f5dud: 25 x 25 x 46cm (laius, s\u00fcgavus, k\u00f5rgus) Materjal: plastik<\/p>\n","protected":false},"featured_media":506769,"template":"","meta":{"_acf_changed":false},"pwb-brand":[],"product_brand":[],"product_cat":[11715,11709],"product_tag":[],"class_list":{"0":"post-454134","1":"product","2":"type-product","3":"status-publish","4":"has-post-thumbnail","6":"product_cat-hugieenitarbed-ru","7":"product_cat-sootmistoolid-beebi-ja-lastetarbed-mahkimine-hugieen-ru","9":"first","10":"onbackorder","11":"taxable","12":"shipping-taxable","13":"purchasable","14":"product-type-simple"},"exclude_global_add_ons":[],"addons":[],"acf":[],"yoast_head":"<!-- This site is optimized with the Yoast SEO plugin v27.1.1 - https:\/\/yoast.com\/product\/yoast-seo-wordpress\/ -->\n<title>We-Too m\u00e4hkmekonteiner, Pink, \u041d\u041e\u0412\u042b\u0415 \u0422\u041e\u0412\u0410\u0420\u042b, \u041f\u0440\u0438\u043d\u0430\u0434\u043b\u0435\u0436\u043d\u043e\u0441\u0442\u0438 \u0434\u043b\u044f \u043c\u043b\u0430\u0434\u0435\u043d\u0446\u0435\u0432, \u0413\u0438\u0433\u0438\u0435\u043d\u0430, Beebipood<\/title>\n<meta name=\"description\" content=\"We-Too m\u00e4hkmekonteiner, Pink, Praktiline We-Too m\u00e4hkmekonteiner, millel on patenteeritud haisuluku s\u00fcsteem. Eraldi sisusid pole tarvis\" \/>\n<meta name=\"robots\" content=\"index, follow, max-snippet:-1, max-image-preview:large, max-video-preview:-1\" \/>\n<link rel=\"canonical\" href=\"https:\/\/beebipood.ee\/ru\/produkt\/we-too-mahkmekonteiner-soft-pink\/\" \/>\n<meta property=\"og:locale\" content=\"ru_RU\" \/>\n<meta property=\"og:type\" content=\"article\" \/>\n<meta property=\"og:title\" content=\"We-Too m\u00e4hkmekonteiner, Pink, \u041d\u041e\u0412\u042b\u0415 \u0422\u041e\u0412\u0410\u0420\u042b, \u041f\u0440\u0438\u043d\u0430\u0434\u043b\u0435\u0436\u043d\u043e\u0441\u0442\u0438 \u0434\u043b\u044f \u043c\u043b\u0430\u0434\u0435\u043d\u0446\u0435\u0432, \u0413\u0438\u0433\u0438\u0435\u043d\u0430, Beebipood\" \/>\n<meta property=\"og:description\" content=\"We-Too m\u00e4hkmekonteiner, Pink, Praktiline We-Too m\u00e4hkmekonteiner, millel on patenteeritud haisuluku s\u00fcsteem. Eraldi sisusid pole tarvis\" \/>\n<meta property=\"og:url\" content=\"https:\/\/beebipood.ee\/ru\/produkt\/we-too-mahkmekonteiner-soft-pink\/\" \/>\n<meta property=\"og:site_name\" content=\"Beebipood\" \/>\n<meta property=\"article:modified_time\" content=\"2025-09-15T06:36:43+00:00\" \/>\n<meta property=\"og:image\" content=\"https:\/\/beebipood.ee\/wp-content\/uploads\/2013\/09\/we-too_m_hkmekonteiner_soft_pink_159756.jpg\" \/>\n\t<meta property=\"og:image:width\" content=\"600\" \/>\n\t<meta property=\"og:image:height\" content=\"600\" \/>\n\t<meta property=\"og:image:type\" content=\"image\/jpeg\" \/>\n<meta name=\"twitter:card\" content=\"summary_large_image\" \/>\n<meta name=\"twitter:label1\" content=\"\u041f\u0440\u0438\u043c\u0435\u0440\u043d\u043e\u0435 \u0432\u0440\u0435\u043c\u044f \u0434\u043b\u044f \u0447\u0442\u0435\u043d\u0438\u044f\" \/>\n\t<meta name=\"twitter:data1\" content=\"1 \u043c\u0438\u043d\u0443\u0442\u0430\" \/>\n<script type=\"application\/ld+json\" class=\"yoast-schema-graph\">{\"@context\":\"https:\/\/schema.org\",\"@graph\":[{\"@type\":\"WebPage\",\"@id\":\"https:\/\/beebipood.ee\/ru\/produkt\/we-too-mahkmekonteiner-soft-pink\/\",\"url\":\"https:\/\/beebipood.ee\/ru\/produkt\/we-too-mahkmekonteiner-soft-pink\/\",\"name\":\"We-Too m\u00e4hkmekonteiner, Pink, \u041d\u041e\u0412\u042b\u0415 \u0422\u041e\u0412\u0410\u0420\u042b, \u041f\u0440\u0438\u043d\u0430\u0434\u043b\u0435\u0436\u043d\u043e\u0441\u0442\u0438 \u0434\u043b\u044f \u043c\u043b\u0430\u0434\u0435\u043d\u0446\u0435\u0432, \u0413\u0438\u0433\u0438\u0435\u043d\u0430, Beebipood\",\"isPartOf\":{\"@id\":\"https:\/\/beebipood.ee\/ru\/#website\"},\"primaryImageOfPage\":{\"@id\":\"https:\/\/beebipood.ee\/ru\/produkt\/we-too-mahkmekonteiner-soft-pink\/#primaryimage\"},\"image\":{\"@id\":\"https:\/\/beebipood.ee\/ru\/produkt\/we-too-mahkmekonteiner-soft-pink\/#primaryimage\"},\"thumbnailUrl\":\"https:\/\/beebipood.ee\/wp-content\/uploads\/2013\/09\/we-too_m_hkmekonteiner_soft_pink_159756.jpg\",\"datePublished\":\"2013-09-02T10:34:16+00:00\",\"dateModified\":\"2025-09-15T06:36:43+00:00\",\"description\":\"We-Too m\u00e4hkmekonteiner, Pink, Praktiline We-Too m\u00e4hkmekonteiner, millel on patenteeritud haisuluku s\u00fcsteem. Eraldi sisusid pole tarvis\",\"breadcrumb\":{\"@id\":\"https:\/\/beebipood.ee\/ru\/produkt\/we-too-mahkmekonteiner-soft-pink\/#breadcrumb\"},\"inLanguage\":\"ru-RU\",\"potentialAction\":[{\"@type\":\"ReadAction\",\"target\":[\"https:\/\/beebipood.ee\/ru\/produkt\/we-too-mahkmekonteiner-soft-pink\/\"]}]},{\"@type\":\"ImageObject\",\"inLanguage\":\"ru-RU\",\"@id\":\"https:\/\/beebipood.ee\/ru\/produkt\/we-too-mahkmekonteiner-soft-pink\/#primaryimage\",\"url\":\"https:\/\/beebipood.ee\/wp-content\/uploads\/2013\/09\/we-too_m_hkmekonteiner_soft_pink_159756.jpg\",\"contentUrl\":\"https:\/\/beebipood.ee\/wp-content\/uploads\/2013\/09\/we-too_m_hkmekonteiner_soft_pink_159756.jpg\",\"width\":600,\"height\":600},{\"@type\":\"BreadcrumbList\",\"@id\":\"https:\/\/beebipood.ee\/ru\/produkt\/we-too-mahkmekonteiner-soft-pink\/#breadcrumb\",\"itemListElement\":[{\"@type\":\"ListItem\",\"position\":1,\"name\":\"Home\",\"item\":\"https:\/\/beebipood.ee\/ru\/\"},{\"@type\":\"ListItem\",\"position\":2,\"name\":\"\u041a\u0430\u0442\u0430\u043b\u043e\u0433 \u0442\u043e\u0432\u0430\u0440\u043e\u0432\",\"item\":\"https:\/\/beebipood.ee\/tooted\/\"},{\"@type\":\"ListItem\",\"position\":3,\"name\":\"We-Too m\u00e4hkmekonteiner, Soft Pink\"}]},{\"@type\":\"WebSite\",\"@id\":\"https:\/\/beebipood.ee\/ru\/#website\",\"url\":\"https:\/\/beebipood.ee\/ru\/\",\"name\":\"Beebipood\",\"description\":\"Lastekaubad, beebikaubad, m\u00e4nguasjad\",\"publisher\":{\"@id\":\"https:\/\/beebipood.ee\/ru\/#organization\"},\"potentialAction\":[{\"@type\":\"SearchAction\",\"target\":{\"@type\":\"EntryPoint\",\"urlTemplate\":\"https:\/\/beebipood.ee\/ru\/?s={search_term_string}\"},\"query-input\":{\"@type\":\"PropertyValueSpecification\",\"valueRequired\":true,\"valueName\":\"search_term_string\"}}],\"inLanguage\":\"ru-RU\"},{\"@type\":\"Organization\",\"@id\":\"https:\/\/beebipood.ee\/ru\/#organization\",\"name\":\"Beebipood\",\"url\":\"https:\/\/beebipood.ee\/ru\/\",\"logo\":{\"@type\":\"ImageObject\",\"inLanguage\":\"ru-RU\",\"@id\":\"https:\/\/beebipood.ee\/ru\/#\/schema\/logo\/image\/\",\"url\":\"https:\/\/beebipood.ee\/wp-content\/uploads\/2025\/03\/beebipood.ee-logo-1.svg\",\"contentUrl\":\"https:\/\/beebipood.ee\/wp-content\/uploads\/2025\/03\/beebipood.ee-logo-1.svg\",\"caption\":\"Beebipood\"},\"image\":{\"@id\":\"https:\/\/beebipood.ee\/ru\/#\/schema\/logo\/image\/\"}}]}<\/script>\n<!-- \/ Yoast SEO plugin. -->","yoast_head_json":{"title":"We-Too m\u00e4hkmekonteiner, Pink, \u041d\u041e\u0412\u042b\u0415 \u0422\u041e\u0412\u0410\u0420\u042b, \u041f\u0440\u0438\u043d\u0430\u0434\u043b\u0435\u0436\u043d\u043e\u0441\u0442\u0438 \u0434\u043b\u044f \u043c\u043b\u0430\u0434\u0435\u043d\u0446\u0435\u0432, \u0413\u0438\u0433\u0438\u0435\u043d\u0430, Beebipood","description":"We-Too m\u00e4hkmekonteiner, Pink, Praktiline We-Too m\u00e4hkmekonteiner, millel on patenteeritud haisuluku s\u00fcsteem. Eraldi sisusid pole tarvis","robots":{"index":"index","follow":"follow","max-snippet":"max-snippet:-1","max-image-preview":"max-image-preview:large","max-video-preview":"max-video-preview:-1"},"canonical":"https:\/\/beebipood.ee\/ru\/produkt\/we-too-mahkmekonteiner-soft-pink\/","og_locale":"ru_RU","og_type":"article","og_title":"We-Too m\u00e4hkmekonteiner, Pink, \u041d\u041e\u0412\u042b\u0415 \u0422\u041e\u0412\u0410\u0420\u042b, \u041f\u0440\u0438\u043d\u0430\u0434\u043b\u0435\u0436\u043d\u043e\u0441\u0442\u0438 \u0434\u043b\u044f \u043c\u043b\u0430\u0434\u0435\u043d\u0446\u0435\u0432, \u0413\u0438\u0433\u0438\u0435\u043d\u0430, Beebipood","og_description":"We-Too m\u00e4hkmekonteiner, Pink, Praktiline We-Too m\u00e4hkmekonteiner, millel on patenteeritud haisuluku s\u00fcsteem. Eraldi sisusid pole tarvis","og_url":"https:\/\/beebipood.ee\/ru\/produkt\/we-too-mahkmekonteiner-soft-pink\/","og_site_name":"Beebipood","article_modified_time":"2025-09-15T06:36:43+00:00","og_image":[{"width":600,"height":600,"url":"https:\/\/beebipood.ee\/wp-content\/uploads\/2013\/09\/we-too_m_hkmekonteiner_soft_pink_159756.jpg","type":"image\/jpeg"}],"twitter_card":"summary_large_image","twitter_misc":{"\u041f\u0440\u0438\u043c\u0435\u0440\u043d\u043e\u0435 \u0432\u0440\u0435\u043c\u044f \u0434\u043b\u044f \u0447\u0442\u0435\u043d\u0438\u044f":"1 \u043c\u0438\u043d\u0443\u0442\u0430"},"schema":{"@context":"https:\/\/schema.org","@graph":[{"@type":"WebPage","@id":"https:\/\/beebipood.ee\/ru\/produkt\/we-too-mahkmekonteiner-soft-pink\/","url":"https:\/\/beebipood.ee\/ru\/produkt\/we-too-mahkmekonteiner-soft-pink\/","name":"We-Too m\u00e4hkmekonteiner, Pink, \u041d\u041e\u0412\u042b\u0415 \u0422\u041e\u0412\u0410\u0420\u042b, \u041f\u0440\u0438\u043d\u0430\u0434\u043b\u0435\u0436\u043d\u043e\u0441\u0442\u0438 \u0434\u043b\u044f \u043c\u043b\u0430\u0434\u0435\u043d\u0446\u0435\u0432, \u0413\u0438\u0433\u0438\u0435\u043d\u0430, Beebipood","isPartOf":{"@id":"https:\/\/beebipood.ee\/ru\/#website"},"primaryImageOfPage":{"@id":"https:\/\/beebipood.ee\/ru\/produkt\/we-too-mahkmekonteiner-soft-pink\/#primaryimage"},"image":{"@id":"https:\/\/beebipood.ee\/ru\/produkt\/we-too-mahkmekonteiner-soft-pink\/#primaryimage"},"thumbnailUrl":"https:\/\/beebipood.ee\/wp-content\/uploads\/2013\/09\/we-too_m_hkmekonteiner_soft_pink_159756.jpg","datePublished":"2013-09-02T10:34:16+00:00","dateModified":"2025-09-15T06:36:43+00:00","description":"We-Too m\u00e4hkmekonteiner, Pink, Praktiline We-Too m\u00e4hkmekonteiner, millel on patenteeritud haisuluku s\u00fcsteem. Eraldi sisusid pole tarvis","breadcrumb":{"@id":"https:\/\/beebipood.ee\/ru\/produkt\/we-too-mahkmekonteiner-soft-pink\/#breadcrumb"},"inLanguage":"ru-RU","potentialAction":[{"@type":"ReadAction","target":["https:\/\/beebipood.ee\/ru\/produkt\/we-too-mahkmekonteiner-soft-pink\/"]}]},{"@type":"ImageObject","inLanguage":"ru-RU","@id":"https:\/\/beebipood.ee\/ru\/produkt\/we-too-mahkmekonteiner-soft-pink\/#primaryimage","url":"https:\/\/beebipood.ee\/wp-content\/uploads\/2013\/09\/we-too_m_hkmekonteiner_soft_pink_159756.jpg","contentUrl":"https:\/\/beebipood.ee\/wp-content\/uploads\/2013\/09\/we-too_m_hkmekonteiner_soft_pink_159756.jpg","width":600,"height":600},{"@type":"BreadcrumbList","@id":"https:\/\/beebipood.ee\/ru\/produkt\/we-too-mahkmekonteiner-soft-pink\/#breadcrumb","itemListElement":[{"@type":"ListItem","position":1,"name":"Home","item":"https:\/\/beebipood.ee\/ru\/"},{"@type":"ListItem","position":2,"name":"\u041a\u0430\u0442\u0430\u043b\u043e\u0433 \u0442\u043e\u0432\u0430\u0440\u043e\u0432","item":"https:\/\/beebipood.ee\/tooted\/"},{"@type":"ListItem","position":3,"name":"We-Too m\u00e4hkmekonteiner, Soft Pink"}]},{"@type":"WebSite","@id":"https:\/\/beebipood.ee\/ru\/#website","url":"https:\/\/beebipood.ee\/ru\/","name":"Beebipood","description":"Lastekaubad, beebikaubad, m\u00e4nguasjad","publisher":{"@id":"https:\/\/beebipood.ee\/ru\/#organization"},"potentialAction":[{"@type":"SearchAction","target":{"@type":"EntryPoint","urlTemplate":"https:\/\/beebipood.ee\/ru\/?s={search_term_string}"},"query-input":{"@type":"PropertyValueSpecification","valueRequired":true,"valueName":"search_term_string"}}],"inLanguage":"ru-RU"},{"@type":"Organization","@id":"https:\/\/beebipood.ee\/ru\/#organization","name":"Beebipood","url":"https:\/\/beebipood.ee\/ru\/","logo":{"@type":"ImageObject","inLanguage":"ru-RU","@id":"https:\/\/beebipood.ee\/ru\/#\/schema\/logo\/image\/","url":"https:\/\/beebipood.ee\/wp-content\/uploads\/2025\/03\/beebipood.ee-logo-1.svg","contentUrl":"https:\/\/beebipood.ee\/wp-content\/uploads\/2025\/03\/beebipood.ee-logo-1.svg","caption":"Beebipood"},"image":{"@id":"https:\/\/beebipood.ee\/ru\/#\/schema\/logo\/image\/"}}]}},"brands":[],"_links":{"self":[{"href":"https:\/\/beebipood.ee\/ru\/wp-json\/wp\/v2\/product\/454134","targetHints":{"allow":["GET"]}}],"collection":[{"href":"https:\/\/beebipood.ee\/ru\/wp-json\/wp\/v2\/product"}],"about":[{"href":"https:\/\/beebipood.ee\/ru\/wp-json\/wp\/v2\/types\/product"}],"wp:featuredmedia":[{"embeddable":true,"href":"https:\/\/beebipood.ee\/ru\/wp-json\/wp\/v2\/media\/506769"}],"wp:attachment":[{"href":"https:\/\/beebipood.ee\/ru\/wp-json\/wp\/v2\/media?parent=454134"}],"wp:term":[{"taxonomy":"pwb-brand","embeddable":true,"href":"https:\/\/beebipood.ee\/ru\/wp-json\/wp\/v2\/pwb-brand?post=454134"},{"taxonomy":"product_brand","embeddable":true,"href":"https:\/\/beebipood.ee\/ru\/wp-json\/wp\/v2\/product_brand?post=454134"},{"taxonomy":"product_cat","embeddable":true,"href":"https:\/\/beebipood.ee\/ru\/wp-json\/wp\/v2\/product_cat?post=454134"},{"taxonomy":"product_tag","embeddable":true,"href":"https:\/\/beebipood.ee\/ru\/wp-json\/wp\/v2\/product_tag?post=454134"}],"curies":[{"name":"wp","href":"https:\/\/api.w.org\/{rel}","templated":true}]}}