{"id":454140,"date":"2013-09-02T13:34:32","date_gmt":"2013-09-02T10:34:32","guid":{"rendered":"https:\/\/beebipood.ee\/toode\/babybjorn-pissipott-seljatoega-varvivalik\/"},"modified":"2025-01-09T10:52:43","modified_gmt":"2025-01-09T08:52:43","slug":"babybjorn-pissipott-seljatoega-varvivalik","status":"publish","type":"product","link":"https:\/\/beebipood.ee\/ru\/produkt\/babybjorn-pissipott-seljatoega-varvivalik\/","title":{"rendered":"BabyBj\u00f6rn pissipott seljatoega, v\u00e4rvivalik"},"content":{"rendered":"<p>Vastupidav ja mugav pissipott, mida on lihtne kasutada. <br \/>Laps saab rahulikult istuda ning toetada vastu seljatuge. <br \/>Kummist \u00e4\u00e4ris \u00fcmber p\u00f5hja hoiab poti kindlalt p\u00f5randa k\u00fcljes <br \/>ning v\u00e4ldib selle libisemist.<\/p>\n<p>Mugav pissipott lastele, kellel on aega<br \/>Pissipotil on k\u00f5rge seljatugi ja k\u00e4etoed, <br \/>mis muudavad selle mugavaks istmeks.<br \/>Lihtne hoida puhtana<br \/>Pissipoti praktiline pritsmekaitse hoiab p\u00f5randad puhtana. <br \/>Potisisu on v\u00f5imalik t\u00fchjendamiseks ja puhastamiseks v\u00e4lja t\u00f5sta, <br \/>selleks kasutage pritsmekaitsme all olevat k\u00e4epidet. &#8216;<br \/>Pissipoti sile ja puhas disain ilma nurkade <br \/>ning soonteta aitab v\u00e4ltida igasugu mustuse teket poti pinnale.<br \/>Kindlalt p\u00f5randa k\u00fcljes<br \/>Pisspoti p\u00f5hja \u00fcmber olev kummist \u00e4\u00e4ris, <br \/>hoiab poti kindlalt paigalt ning v\u00e4ldib libisemist.<br \/>Turvalised ja testitud materjalid<br \/>K\u00f5ik BabyBj\u00f6rni k\u00f6\u00f6gi- ja vannitoatooted vastavad nii Euroopa <br \/>kui ka Usa plastikmaterjali turvan\u00f5uetele. <br \/>See t\u00e4hendab, et seda plastikut testitakse pidevalt <br \/>bisfenool A (BPA) ja tervist kahjustavate ainete suhtes.<br \/>Materjal<br \/>Pissipott on valmistatud pol\u00fcprop\u00fcleenist (PP) <br \/>ja termoplastilisest elastomeerist (TPE). <br \/>BPA-vaba plastik.<br \/><span style=\"text-decoration: underline;\">N\u00e4itajad<\/span><br \/>Kaal: 900g<br \/>M\u00f5\u00f5dud: 36 x\u200d 35 x\u200d 31.5 cm<\/p>\n","protected":false},"excerpt":{"rendered":"<p>Vastupidav ja mugav pissipott, mida on lihtne kasutada. Laps saab rahulikult istuda ning toetada vastu seljatuge. Kummist \u00e4\u00e4ris \u00fcmber p\u00f5hja hoiab poti kindlalt p\u00f5randa k\u00fcljes ning v\u00e4ldib selle libisemist. Mugav pissipott lastele, kellel on aegaPissipotil on k\u00f5rge seljatugi ja k\u00e4etoed, mis muudavad selle mugavaks istmeks.Lihtne hoida puhtanaPissipoti praktiline pritsmekaitse hoiab p\u00f5randad puhtana. Potisisu on v\u00f5imalik [&hellip;]<\/p>\n","protected":false},"featured_media":99107,"template":"","meta":{"_acf_changed":false},"pwb-brand":[11966],"product_brand":[],"product_cat":[11715,11709],"product_tag":[],"class_list":{"0":"post-454140","1":"product","2":"type-product","3":"status-publish","4":"has-post-thumbnail","6":"pwb-brand-babybjorn-ru","7":"product_cat-hugieenitarbed-ru","8":"product_cat-sootmistoolid-beebi-ja-lastetarbed-mahkimine-hugieen-ru","9":"pa_manufacturer-babybjorn-ru","11":"first","12":"onbackorder","13":"taxable","14":"shipping-taxable","15":"purchasable","16":"product-type-simple"},"exclude_global_add_ons":false,"addons":[{"name":"Vali v\u00e4rv","type":"multiple_choice","position":0,"required":true,"title_format":"heading","default":"","description_enable":false,"description":"","placeholder_enable":false,"placeholder":"","display":"images","restrictions_type":"any_text","adjust_price":false,"price":"","price_type":"flat_fee","restrictions":false,"min":"0","max":"0","options":[{"label":"White","price":"","price_type":"quantity_based","image":500933,"visibility":true},{"label":"Deep Blue-White","price":"","price_type":"quantity_based","image":500935,"visibility":true},{"label":"Deep Green-White","price":"","price_type":"quantity_based","image":500937,"visibility":true},{"label":"Grey","price":"","price_type":"quantity_based","image":500939,"visibility":true},{"label":"Powder Pink","price":"","price_type":"quantity_based","image":500941,"visibility":true},{"label":"Powder Yellow","price":"","price_type":"quantity_based","image":500943,"visibility":true},{"label":"Black-White","price":"","price_type":"quantity_based","image":500945,"visibility":true}]}],"acf":[],"yoast_head":"<!-- This site is optimized with the Yoast SEO plugin v27.1.1 - https:\/\/yoast.com\/product\/yoast-seo-wordpress\/ -->\n<title>BabyBj\u00f6rn pissipott seljatoega, v\u00e4rvivalik, \u041f\u0440\u0438\u043d\u0430\u0434\u043b\u0435\u0436\u043d\u043e\u0441\u0442\u0438 \u0434\u043b\u044f \u043c\u043b\u0430\u0434\u0435\u043d\u0446\u0435\u0432, \u0413\u0438\u0433\u0438\u0435\u043d\u0430, Beebipood<\/title>\n<meta name=\"description\" content=\"BabyBj\u00f6rn pissipott seljatoega, v\u00e4rvivalik, Vastupidav ja mugav pissipott, mida on lihtne kasutada. Laps saab rahulikult istuda ning toetada vastu se\" \/>\n<meta name=\"robots\" content=\"index, follow, max-snippet:-1, max-image-preview:large, max-video-preview:-1\" \/>\n<link rel=\"canonical\" href=\"https:\/\/beebipood.ee\/ru\/produkt\/babybjorn-pissipott-seljatoega-varvivalik\/\" \/>\n<meta property=\"og:locale\" content=\"ru_RU\" \/>\n<meta property=\"og:type\" content=\"article\" \/>\n<meta property=\"og:title\" content=\"BabyBj\u00f6rn pissipott seljatoega, v\u00e4rvivalik, \u041f\u0440\u0438\u043d\u0430\u0434\u043b\u0435\u0436\u043d\u043e\u0441\u0442\u0438 \u0434\u043b\u044f \u043c\u043b\u0430\u0434\u0435\u043d\u0446\u0435\u0432, \u0413\u0438\u0433\u0438\u0435\u043d\u0430, Beebipood\" \/>\n<meta property=\"og:description\" content=\"BabyBj\u00f6rn pissipott seljatoega, v\u00e4rvivalik, Vastupidav ja mugav pissipott, mida on lihtne kasutada. Laps saab rahulikult istuda ning toetada vastu se\" \/>\n<meta property=\"og:url\" content=\"https:\/\/beebipood.ee\/ru\/produkt\/babybjorn-pissipott-seljatoega-varvivalik\/\" \/>\n<meta property=\"og:site_name\" content=\"Beebipood\" \/>\n<meta property=\"article:modified_time\" content=\"2025-01-09T08:52:43+00:00\" \/>\n<meta property=\"og:image\" content=\"https:\/\/beebipood.ee\/wp-content\/uploads\/2013\/09\/BabyBjorn-pissipott-seljatoega-varvivalik-UUED-TOOTED-Beebi-ja-lastetarbed-Hugieenitarbed_1-755.jpg\" \/>\n\t<meta property=\"og:image:width\" content=\"1018\" \/>\n\t<meta property=\"og:image:height\" content=\"1200\" \/>\n\t<meta property=\"og:image:type\" content=\"image\/jpeg\" \/>\n<meta name=\"twitter:card\" content=\"summary_large_image\" \/>\n<meta name=\"twitter:label1\" content=\"\u041f\u0440\u0438\u043c\u0435\u0440\u043d\u043e\u0435 \u0432\u0440\u0435\u043c\u044f \u0434\u043b\u044f \u0447\u0442\u0435\u043d\u0438\u044f\" \/>\n\t<meta name=\"twitter:data1\" content=\"1 \u043c\u0438\u043d\u0443\u0442\u0430\" \/>\n<script type=\"application\/ld+json\" class=\"yoast-schema-graph\">{\"@context\":\"https:\/\/schema.org\",\"@graph\":[{\"@type\":\"WebPage\",\"@id\":\"https:\/\/beebipood.ee\/ru\/produkt\/babybjorn-pissipott-seljatoega-varvivalik\/\",\"url\":\"https:\/\/beebipood.ee\/ru\/produkt\/babybjorn-pissipott-seljatoega-varvivalik\/\",\"name\":\"BabyBj\u00f6rn pissipott seljatoega, v\u00e4rvivalik, \u041f\u0440\u0438\u043d\u0430\u0434\u043b\u0435\u0436\u043d\u043e\u0441\u0442\u0438 \u0434\u043b\u044f \u043c\u043b\u0430\u0434\u0435\u043d\u0446\u0435\u0432, \u0413\u0438\u0433\u0438\u0435\u043d\u0430, Beebipood\",\"isPartOf\":{\"@id\":\"https:\/\/beebipood.ee\/ru\/#website\"},\"primaryImageOfPage\":{\"@id\":\"https:\/\/beebipood.ee\/ru\/produkt\/babybjorn-pissipott-seljatoega-varvivalik\/#primaryimage\"},\"image\":{\"@id\":\"https:\/\/beebipood.ee\/ru\/produkt\/babybjorn-pissipott-seljatoega-varvivalik\/#primaryimage\"},\"thumbnailUrl\":\"https:\/\/beebipood.ee\/wp-content\/uploads\/2013\/09\/BabyBjorn-pissipott-seljatoega-varvivalik-UUED-TOOTED-Beebi-ja-lastetarbed-Hugieenitarbed_1-755.jpg\",\"datePublished\":\"2013-09-02T10:34:32+00:00\",\"dateModified\":\"2025-01-09T08:52:43+00:00\",\"description\":\"BabyBj\u00f6rn pissipott seljatoega, v\u00e4rvivalik, Vastupidav ja mugav pissipott, mida on lihtne kasutada. Laps saab rahulikult istuda ning toetada vastu se\",\"breadcrumb\":{\"@id\":\"https:\/\/beebipood.ee\/ru\/produkt\/babybjorn-pissipott-seljatoega-varvivalik\/#breadcrumb\"},\"inLanguage\":\"ru-RU\",\"potentialAction\":[{\"@type\":\"ReadAction\",\"target\":[\"https:\/\/beebipood.ee\/ru\/produkt\/babybjorn-pissipott-seljatoega-varvivalik\/\"]}]},{\"@type\":\"ImageObject\",\"inLanguage\":\"ru-RU\",\"@id\":\"https:\/\/beebipood.ee\/ru\/produkt\/babybjorn-pissipott-seljatoega-varvivalik\/#primaryimage\",\"url\":\"https:\/\/beebipood.ee\/wp-content\/uploads\/2013\/09\/BabyBjorn-pissipott-seljatoega-varvivalik-UUED-TOOTED-Beebi-ja-lastetarbed-Hugieenitarbed_1-755.jpg\",\"contentUrl\":\"https:\/\/beebipood.ee\/wp-content\/uploads\/2013\/09\/BabyBjorn-pissipott-seljatoega-varvivalik-UUED-TOOTED-Beebi-ja-lastetarbed-Hugieenitarbed_1-755.jpg\",\"width\":1018,\"height\":1200},{\"@type\":\"BreadcrumbList\",\"@id\":\"https:\/\/beebipood.ee\/ru\/produkt\/babybjorn-pissipott-seljatoega-varvivalik\/#breadcrumb\",\"itemListElement\":[{\"@type\":\"ListItem\",\"position\":1,\"name\":\"Home\",\"item\":\"https:\/\/beebipood.ee\/ru\/\"},{\"@type\":\"ListItem\",\"position\":2,\"name\":\"\u041a\u0430\u0442\u0430\u043b\u043e\u0433 \u0442\u043e\u0432\u0430\u0440\u043e\u0432\",\"item\":\"https:\/\/beebipood.ee\/tooted\/\"},{\"@type\":\"ListItem\",\"position\":3,\"name\":\"BabyBj\u00f6rn pissipott seljatoega, v\u00e4rvivalik\"}]},{\"@type\":\"WebSite\",\"@id\":\"https:\/\/beebipood.ee\/ru\/#website\",\"url\":\"https:\/\/beebipood.ee\/ru\/\",\"name\":\"Beebipood\",\"description\":\"Lastekaubad, beebikaubad, m\u00e4nguasjad\",\"publisher\":{\"@id\":\"https:\/\/beebipood.ee\/ru\/#organization\"},\"potentialAction\":[{\"@type\":\"SearchAction\",\"target\":{\"@type\":\"EntryPoint\",\"urlTemplate\":\"https:\/\/beebipood.ee\/ru\/?s={search_term_string}\"},\"query-input\":{\"@type\":\"PropertyValueSpecification\",\"valueRequired\":true,\"valueName\":\"search_term_string\"}}],\"inLanguage\":\"ru-RU\"},{\"@type\":\"Organization\",\"@id\":\"https:\/\/beebipood.ee\/ru\/#organization\",\"name\":\"Beebipood\",\"url\":\"https:\/\/beebipood.ee\/ru\/\",\"logo\":{\"@type\":\"ImageObject\",\"inLanguage\":\"ru-RU\",\"@id\":\"https:\/\/beebipood.ee\/ru\/#\/schema\/logo\/image\/\",\"url\":\"https:\/\/beebipood.ee\/wp-content\/uploads\/2025\/03\/beebipood.ee-logo-1.svg\",\"contentUrl\":\"https:\/\/beebipood.ee\/wp-content\/uploads\/2025\/03\/beebipood.ee-logo-1.svg\",\"caption\":\"Beebipood\"},\"image\":{\"@id\":\"https:\/\/beebipood.ee\/ru\/#\/schema\/logo\/image\/\"}}]}<\/script>\n<!-- \/ Yoast SEO plugin. -->","yoast_head_json":{"title":"BabyBj\u00f6rn pissipott seljatoega, v\u00e4rvivalik, \u041f\u0440\u0438\u043d\u0430\u0434\u043b\u0435\u0436\u043d\u043e\u0441\u0442\u0438 \u0434\u043b\u044f \u043c\u043b\u0430\u0434\u0435\u043d\u0446\u0435\u0432, \u0413\u0438\u0433\u0438\u0435\u043d\u0430, Beebipood","description":"BabyBj\u00f6rn pissipott seljatoega, v\u00e4rvivalik, Vastupidav ja mugav pissipott, mida on lihtne kasutada. Laps saab rahulikult istuda ning toetada vastu se","robots":{"index":"index","follow":"follow","max-snippet":"max-snippet:-1","max-image-preview":"max-image-preview:large","max-video-preview":"max-video-preview:-1"},"canonical":"https:\/\/beebipood.ee\/ru\/produkt\/babybjorn-pissipott-seljatoega-varvivalik\/","og_locale":"ru_RU","og_type":"article","og_title":"BabyBj\u00f6rn pissipott seljatoega, v\u00e4rvivalik, \u041f\u0440\u0438\u043d\u0430\u0434\u043b\u0435\u0436\u043d\u043e\u0441\u0442\u0438 \u0434\u043b\u044f \u043c\u043b\u0430\u0434\u0435\u043d\u0446\u0435\u0432, \u0413\u0438\u0433\u0438\u0435\u043d\u0430, Beebipood","og_description":"BabyBj\u00f6rn pissipott seljatoega, v\u00e4rvivalik, Vastupidav ja mugav pissipott, mida on lihtne kasutada. Laps saab rahulikult istuda ning toetada vastu se","og_url":"https:\/\/beebipood.ee\/ru\/produkt\/babybjorn-pissipott-seljatoega-varvivalik\/","og_site_name":"Beebipood","article_modified_time":"2025-01-09T08:52:43+00:00","og_image":[{"width":1018,"height":1200,"url":"https:\/\/beebipood.ee\/wp-content\/uploads\/2013\/09\/BabyBjorn-pissipott-seljatoega-varvivalik-UUED-TOOTED-Beebi-ja-lastetarbed-Hugieenitarbed_1-755.jpg","type":"image\/jpeg"}],"twitter_card":"summary_large_image","twitter_misc":{"\u041f\u0440\u0438\u043c\u0435\u0440\u043d\u043e\u0435 \u0432\u0440\u0435\u043c\u044f \u0434\u043b\u044f \u0447\u0442\u0435\u043d\u0438\u044f":"1 \u043c\u0438\u043d\u0443\u0442\u0430"},"schema":{"@context":"https:\/\/schema.org","@graph":[{"@type":"WebPage","@id":"https:\/\/beebipood.ee\/ru\/produkt\/babybjorn-pissipott-seljatoega-varvivalik\/","url":"https:\/\/beebipood.ee\/ru\/produkt\/babybjorn-pissipott-seljatoega-varvivalik\/","name":"BabyBj\u00f6rn pissipott seljatoega, v\u00e4rvivalik, \u041f\u0440\u0438\u043d\u0430\u0434\u043b\u0435\u0436\u043d\u043e\u0441\u0442\u0438 \u0434\u043b\u044f \u043c\u043b\u0430\u0434\u0435\u043d\u0446\u0435\u0432, \u0413\u0438\u0433\u0438\u0435\u043d\u0430, Beebipood","isPartOf":{"@id":"https:\/\/beebipood.ee\/ru\/#website"},"primaryImageOfPage":{"@id":"https:\/\/beebipood.ee\/ru\/produkt\/babybjorn-pissipott-seljatoega-varvivalik\/#primaryimage"},"image":{"@id":"https:\/\/beebipood.ee\/ru\/produkt\/babybjorn-pissipott-seljatoega-varvivalik\/#primaryimage"},"thumbnailUrl":"https:\/\/beebipood.ee\/wp-content\/uploads\/2013\/09\/BabyBjorn-pissipott-seljatoega-varvivalik-UUED-TOOTED-Beebi-ja-lastetarbed-Hugieenitarbed_1-755.jpg","datePublished":"2013-09-02T10:34:32+00:00","dateModified":"2025-01-09T08:52:43+00:00","description":"BabyBj\u00f6rn pissipott seljatoega, v\u00e4rvivalik, Vastupidav ja mugav pissipott, mida on lihtne kasutada. Laps saab rahulikult istuda ning toetada vastu se","breadcrumb":{"@id":"https:\/\/beebipood.ee\/ru\/produkt\/babybjorn-pissipott-seljatoega-varvivalik\/#breadcrumb"},"inLanguage":"ru-RU","potentialAction":[{"@type":"ReadAction","target":["https:\/\/beebipood.ee\/ru\/produkt\/babybjorn-pissipott-seljatoega-varvivalik\/"]}]},{"@type":"ImageObject","inLanguage":"ru-RU","@id":"https:\/\/beebipood.ee\/ru\/produkt\/babybjorn-pissipott-seljatoega-varvivalik\/#primaryimage","url":"https:\/\/beebipood.ee\/wp-content\/uploads\/2013\/09\/BabyBjorn-pissipott-seljatoega-varvivalik-UUED-TOOTED-Beebi-ja-lastetarbed-Hugieenitarbed_1-755.jpg","contentUrl":"https:\/\/beebipood.ee\/wp-content\/uploads\/2013\/09\/BabyBjorn-pissipott-seljatoega-varvivalik-UUED-TOOTED-Beebi-ja-lastetarbed-Hugieenitarbed_1-755.jpg","width":1018,"height":1200},{"@type":"BreadcrumbList","@id":"https:\/\/beebipood.ee\/ru\/produkt\/babybjorn-pissipott-seljatoega-varvivalik\/#breadcrumb","itemListElement":[{"@type":"ListItem","position":1,"name":"Home","item":"https:\/\/beebipood.ee\/ru\/"},{"@type":"ListItem","position":2,"name":"\u041a\u0430\u0442\u0430\u043b\u043e\u0433 \u0442\u043e\u0432\u0430\u0440\u043e\u0432","item":"https:\/\/beebipood.ee\/tooted\/"},{"@type":"ListItem","position":3,"name":"BabyBj\u00f6rn pissipott seljatoega, v\u00e4rvivalik"}]},{"@type":"WebSite","@id":"https:\/\/beebipood.ee\/ru\/#website","url":"https:\/\/beebipood.ee\/ru\/","name":"Beebipood","description":"Lastekaubad, beebikaubad, m\u00e4nguasjad","publisher":{"@id":"https:\/\/beebipood.ee\/ru\/#organization"},"potentialAction":[{"@type":"SearchAction","target":{"@type":"EntryPoint","urlTemplate":"https:\/\/beebipood.ee\/ru\/?s={search_term_string}"},"query-input":{"@type":"PropertyValueSpecification","valueRequired":true,"valueName":"search_term_string"}}],"inLanguage":"ru-RU"},{"@type":"Organization","@id":"https:\/\/beebipood.ee\/ru\/#organization","name":"Beebipood","url":"https:\/\/beebipood.ee\/ru\/","logo":{"@type":"ImageObject","inLanguage":"ru-RU","@id":"https:\/\/beebipood.ee\/ru\/#\/schema\/logo\/image\/","url":"https:\/\/beebipood.ee\/wp-content\/uploads\/2025\/03\/beebipood.ee-logo-1.svg","contentUrl":"https:\/\/beebipood.ee\/wp-content\/uploads\/2025\/03\/beebipood.ee-logo-1.svg","caption":"Beebipood"},"image":{"@id":"https:\/\/beebipood.ee\/ru\/#\/schema\/logo\/image\/"}}]}},"brands":[{"id":11966,"name":"BabyBj\u00f6rn","slug":"babybjorn-ru"}],"_links":{"self":[{"href":"https:\/\/beebipood.ee\/ru\/wp-json\/wp\/v2\/product\/454140","targetHints":{"allow":["GET"]}}],"collection":[{"href":"https:\/\/beebipood.ee\/ru\/wp-json\/wp\/v2\/product"}],"about":[{"href":"https:\/\/beebipood.ee\/ru\/wp-json\/wp\/v2\/types\/product"}],"wp:featuredmedia":[{"embeddable":true,"href":"https:\/\/beebipood.ee\/ru\/wp-json\/wp\/v2\/media\/99107"}],"wp:attachment":[{"href":"https:\/\/beebipood.ee\/ru\/wp-json\/wp\/v2\/media?parent=454140"}],"wp:term":[{"taxonomy":"pwb-brand","embeddable":true,"href":"https:\/\/beebipood.ee\/ru\/wp-json\/wp\/v2\/pwb-brand?post=454140"},{"taxonomy":"product_brand","embeddable":true,"href":"https:\/\/beebipood.ee\/ru\/wp-json\/wp\/v2\/product_brand?post=454140"},{"taxonomy":"product_cat","embeddable":true,"href":"https:\/\/beebipood.ee\/ru\/wp-json\/wp\/v2\/product_cat?post=454140"},{"taxonomy":"product_tag","embeddable":true,"href":"https:\/\/beebipood.ee\/ru\/wp-json\/wp\/v2\/product_tag?post=454140"}],"curies":[{"name":"wp","href":"https:\/\/api.w.org\/{rel}","templated":true}]}}