{"id":454144,"date":"2013-09-02T13:34:37","date_gmt":"2013-09-02T10:34:37","guid":{"rendered":"https:\/\/beebipood.ee\/toode\/babybjorn-harmony-kandekott-navy-blue-mesh\/"},"modified":"2025-01-09T10:52:43","modified_gmt":"2025-01-09T08:52:43","slug":"babybjorn-harmony-kandekott-navy-blue-mesh","status":"publish","type":"product","link":"https:\/\/beebipood.ee\/ru\/produkt\/babybjorn-harmony-kandekott-navy-blue-mesh\/","title":{"rendered":"BabyBj\u00f6rn Harmony kandekott, Navy Blue Mesh"},"content":{"rendered":"<p>\u00dclimalt mugav ning pehmest v\u00f5rkkangast kandekott Harmony <br \/>on ergonoomiline nii sinule kui ka sinu beebile.<br \/>Uuendatud v\u00f6\u00f6rihm tagab parema toestuse lapsevanemale <br \/>ning pehmest kangast riie v\u00f5imaldab lapsel tunda ennast eriti mugavalt.<br \/>Sobib kasutamiseks alates s\u00fcnnist (53cm) kuni 3. eluaastani (3,2-15kg)<\/p>\n<p><span style=\"text-decoration: underline;\">Omadused<\/span><br \/>Luksusliku v\u00e4limusega kandekott<br \/>Survet v\u00e4hendav v\u00f6\u00f6rihm<br \/>Polsterdatud seljatugi ning \u00f5larihmad<br \/>\u00dclimalt pehme struktuuriga v\u00f5rkkangas on lapse naha vastu \u00f5rn<br \/>Reguleeritav vastavalt lapse pikkusele<br \/>Toestav peatugi (3 erinevat asendit)<br \/>Unikaalne 3D v\u00f5rkkanga struktuur on \u00fclimalt h\u00e4sti hingav ja pehme<br \/>V\u00f5imalik kasutada neljas erinevas asendis: vasts\u00fcndinu k\u00f5rgusel, <br \/>n\u00e4oga sissepoole, n\u00e4oga v\u00e4ljapoole ja seljal<br \/><span style=\"text-decoration: underline;\">N\u00e4itajad<\/span><br \/>M\u00f5eldud lastele vanuses 0-3 eluaastat<br \/>Lastele kaaluga 3,2-15kg ja alates pikkusest 53cm<\/p>\n","protected":false},"excerpt":{"rendered":"<p>\u00dclimalt mugav ning pehmest v\u00f5rkkangast kandekott Harmony on ergonoomiline nii sinule kui ka sinu beebile.Uuendatud v\u00f6\u00f6rihm tagab parema toestuse lapsevanemale ning pehmest kangast riie v\u00f5imaldab lapsel tunda ennast eriti mugavalt.Sobib kasutamiseks alates s\u00fcnnist (53cm) kuni 3. eluaastani (3,2-15kg) OmadusedLuksusliku v\u00e4limusega kandekottSurvet v\u00e4hendav v\u00f6\u00f6rihmPolsterdatud seljatugi ning \u00f5larihmad\u00dclimalt pehme struktuuriga v\u00f5rkkangas on lapse naha vastu \u00f5rnReguleeritav vastavalt [&hellip;]<\/p>\n","protected":false},"featured_media":99140,"template":"","meta":{"_acf_changed":false},"pwb-brand":[11966],"product_brand":[],"product_cat":[11573,11709,11881],"product_tag":[],"class_list":{"0":"post-454144","1":"product","2":"type-product","3":"status-publish","4":"has-post-thumbnail","6":"pwb-brand-babybjorn-ru","7":"product_cat-sooduspakkumised-ru","8":"product_cat-sootmistoolid-beebi-ja-lastetarbed-mahkimine-hugieen-ru","9":"product_cat-kandekotid-ja-linad-ru","10":"pa_manufacturer-babybjorn-ru","12":"first","13":"onbackorder","14":"sale","15":"taxable","16":"shipping-taxable","17":"purchasable","18":"product-type-simple"},"exclude_global_add_ons":[],"addons":[],"acf":[],"yoast_head":"<!-- This site is optimized with the Yoast SEO plugin v27.1.1 - https:\/\/yoast.com\/product\/yoast-seo-wordpress\/ -->\n<title>BabyBj\u00f6rn Harmony kandekott, Navy Blue Mesh, \u0421\u041a\u0418\u0414\u041a\u0418, \u041f\u0440\u0438\u043d\u0430\u0434\u043b\u0435\u0436\u043d\u043e\u0441\u0442\u0438 \u0434\u043b\u044f \u043c\u043b\u0430\u0434\u0435\u043d\u0446\u0435\u0432, \u0420\u044e\u043a\u0437\u0430\u043a-\u043f\u0435\u0440\u0435\u043d\u043e\u0441\u043a\u0430, Beebipood<\/title>\n<meta name=\"description\" content=\"BabyBj\u00f6rn Harmony kandekott, Navy Blue Mesh, &Uuml;limalt mugav ning pehmest v&otilde;rkkangast kandekott Harmony on ergonoomiline nii sinule kui ka s\" \/>\n<meta name=\"robots\" content=\"index, follow, max-snippet:-1, max-image-preview:large, max-video-preview:-1\" \/>\n<link rel=\"canonical\" href=\"https:\/\/beebipood.ee\/ru\/produkt\/babybjorn-harmony-kandekott-navy-blue-mesh\/\" \/>\n<meta property=\"og:locale\" content=\"ru_RU\" \/>\n<meta property=\"og:type\" content=\"article\" \/>\n<meta property=\"og:title\" content=\"BabyBj\u00f6rn Harmony kandekott, Navy Blue Mesh, \u0421\u041a\u0418\u0414\u041a\u0418, \u041f\u0440\u0438\u043d\u0430\u0434\u043b\u0435\u0436\u043d\u043e\u0441\u0442\u0438 \u0434\u043b\u044f \u043c\u043b\u0430\u0434\u0435\u043d\u0446\u0435\u0432, \u0420\u044e\u043a\u0437\u0430\u043a-\u043f\u0435\u0440\u0435\u043d\u043e\u0441\u043a\u0430, Beebipood\" \/>\n<meta property=\"og:description\" content=\"BabyBj\u00f6rn Harmony kandekott, Navy Blue Mesh, &Uuml;limalt mugav ning pehmest v&otilde;rkkangast kandekott Harmony on ergonoomiline nii sinule kui ka s\" \/>\n<meta property=\"og:url\" content=\"https:\/\/beebipood.ee\/ru\/produkt\/babybjorn-harmony-kandekott-navy-blue-mesh\/\" \/>\n<meta property=\"og:site_name\" content=\"Beebipood\" \/>\n<meta property=\"article:modified_time\" content=\"2025-01-09T08:52:43+00:00\" \/>\n<meta property=\"og:image\" content=\"https:\/\/beebipood.ee\/wp-content\/uploads\/2013\/09\/babybj_rn_harmony_kandekott_navy_blue_mesh-f21.png\" \/>\n\t<meta property=\"og:image:width\" content=\"900\" \/>\n\t<meta property=\"og:image:height\" content=\"1200\" \/>\n\t<meta property=\"og:image:type\" content=\"image\/png\" \/>\n<meta name=\"twitter:card\" content=\"summary_large_image\" \/>\n<meta name=\"twitter:label1\" content=\"\u041f\u0440\u0438\u043c\u0435\u0440\u043d\u043e\u0435 \u0432\u0440\u0435\u043c\u044f \u0434\u043b\u044f \u0447\u0442\u0435\u043d\u0438\u044f\" \/>\n\t<meta name=\"twitter:data1\" content=\"1 \u043c\u0438\u043d\u0443\u0442\u0430\" \/>\n<script type=\"application\/ld+json\" class=\"yoast-schema-graph\">{\"@context\":\"https:\/\/schema.org\",\"@graph\":[{\"@type\":\"WebPage\",\"@id\":\"https:\/\/beebipood.ee\/ru\/produkt\/babybjorn-harmony-kandekott-navy-blue-mesh\/\",\"url\":\"https:\/\/beebipood.ee\/ru\/produkt\/babybjorn-harmony-kandekott-navy-blue-mesh\/\",\"name\":\"BabyBj\u00f6rn Harmony kandekott, Navy Blue Mesh, \u0421\u041a\u0418\u0414\u041a\u0418, \u041f\u0440\u0438\u043d\u0430\u0434\u043b\u0435\u0436\u043d\u043e\u0441\u0442\u0438 \u0434\u043b\u044f \u043c\u043b\u0430\u0434\u0435\u043d\u0446\u0435\u0432, \u0420\u044e\u043a\u0437\u0430\u043a-\u043f\u0435\u0440\u0435\u043d\u043e\u0441\u043a\u0430, Beebipood\",\"isPartOf\":{\"@id\":\"https:\/\/beebipood.ee\/ru\/#website\"},\"primaryImageOfPage\":{\"@id\":\"https:\/\/beebipood.ee\/ru\/produkt\/babybjorn-harmony-kandekott-navy-blue-mesh\/#primaryimage\"},\"image\":{\"@id\":\"https:\/\/beebipood.ee\/ru\/produkt\/babybjorn-harmony-kandekott-navy-blue-mesh\/#primaryimage\"},\"thumbnailUrl\":\"https:\/\/beebipood.ee\/wp-content\/uploads\/2013\/09\/babybj_rn_harmony_kandekott_navy_blue_mesh-f21.png\",\"datePublished\":\"2013-09-02T10:34:37+00:00\",\"dateModified\":\"2025-01-09T08:52:43+00:00\",\"description\":\"BabyBj\u00f6rn Harmony kandekott, Navy Blue Mesh, &Uuml;limalt mugav ning pehmest v&otilde;rkkangast kandekott Harmony on ergonoomiline nii sinule kui ka s\",\"breadcrumb\":{\"@id\":\"https:\/\/beebipood.ee\/ru\/produkt\/babybjorn-harmony-kandekott-navy-blue-mesh\/#breadcrumb\"},\"inLanguage\":\"ru-RU\",\"potentialAction\":[{\"@type\":\"ReadAction\",\"target\":[\"https:\/\/beebipood.ee\/ru\/produkt\/babybjorn-harmony-kandekott-navy-blue-mesh\/\"]}]},{\"@type\":\"ImageObject\",\"inLanguage\":\"ru-RU\",\"@id\":\"https:\/\/beebipood.ee\/ru\/produkt\/babybjorn-harmony-kandekott-navy-blue-mesh\/#primaryimage\",\"url\":\"https:\/\/beebipood.ee\/wp-content\/uploads\/2013\/09\/babybj_rn_harmony_kandekott_navy_blue_mesh-f21.png\",\"contentUrl\":\"https:\/\/beebipood.ee\/wp-content\/uploads\/2013\/09\/babybj_rn_harmony_kandekott_navy_blue_mesh-f21.png\",\"width\":900,\"height\":1200},{\"@type\":\"BreadcrumbList\",\"@id\":\"https:\/\/beebipood.ee\/ru\/produkt\/babybjorn-harmony-kandekott-navy-blue-mesh\/#breadcrumb\",\"itemListElement\":[{\"@type\":\"ListItem\",\"position\":1,\"name\":\"Home\",\"item\":\"https:\/\/beebipood.ee\/ru\/\"},{\"@type\":\"ListItem\",\"position\":2,\"name\":\"\u041a\u0430\u0442\u0430\u043b\u043e\u0433 \u0442\u043e\u0432\u0430\u0440\u043e\u0432\",\"item\":\"https:\/\/beebipood.ee\/tooted\/\"},{\"@type\":\"ListItem\",\"position\":3,\"name\":\"BabyBj\u00f6rn Harmony kandekott, Navy Blue Mesh\"}]},{\"@type\":\"WebSite\",\"@id\":\"https:\/\/beebipood.ee\/ru\/#website\",\"url\":\"https:\/\/beebipood.ee\/ru\/\",\"name\":\"Beebipood\",\"description\":\"Lastekaubad, beebikaubad, m\u00e4nguasjad\",\"publisher\":{\"@id\":\"https:\/\/beebipood.ee\/ru\/#organization\"},\"potentialAction\":[{\"@type\":\"SearchAction\",\"target\":{\"@type\":\"EntryPoint\",\"urlTemplate\":\"https:\/\/beebipood.ee\/ru\/?s={search_term_string}\"},\"query-input\":{\"@type\":\"PropertyValueSpecification\",\"valueRequired\":true,\"valueName\":\"search_term_string\"}}],\"inLanguage\":\"ru-RU\"},{\"@type\":\"Organization\",\"@id\":\"https:\/\/beebipood.ee\/ru\/#organization\",\"name\":\"Beebipood\",\"url\":\"https:\/\/beebipood.ee\/ru\/\",\"logo\":{\"@type\":\"ImageObject\",\"inLanguage\":\"ru-RU\",\"@id\":\"https:\/\/beebipood.ee\/ru\/#\/schema\/logo\/image\/\",\"url\":\"https:\/\/beebipood.ee\/wp-content\/uploads\/2025\/03\/beebipood.ee-logo-1.svg\",\"contentUrl\":\"https:\/\/beebipood.ee\/wp-content\/uploads\/2025\/03\/beebipood.ee-logo-1.svg\",\"caption\":\"Beebipood\"},\"image\":{\"@id\":\"https:\/\/beebipood.ee\/ru\/#\/schema\/logo\/image\/\"}}]}<\/script>\n<!-- \/ Yoast SEO plugin. -->","yoast_head_json":{"title":"BabyBj\u00f6rn Harmony kandekott, Navy Blue Mesh, \u0421\u041a\u0418\u0414\u041a\u0418, \u041f\u0440\u0438\u043d\u0430\u0434\u043b\u0435\u0436\u043d\u043e\u0441\u0442\u0438 \u0434\u043b\u044f \u043c\u043b\u0430\u0434\u0435\u043d\u0446\u0435\u0432, \u0420\u044e\u043a\u0437\u0430\u043a-\u043f\u0435\u0440\u0435\u043d\u043e\u0441\u043a\u0430, Beebipood","description":"BabyBj\u00f6rn Harmony kandekott, Navy Blue Mesh, &Uuml;limalt mugav ning pehmest v&otilde;rkkangast kandekott Harmony on ergonoomiline nii sinule kui ka s","robots":{"index":"index","follow":"follow","max-snippet":"max-snippet:-1","max-image-preview":"max-image-preview:large","max-video-preview":"max-video-preview:-1"},"canonical":"https:\/\/beebipood.ee\/ru\/produkt\/babybjorn-harmony-kandekott-navy-blue-mesh\/","og_locale":"ru_RU","og_type":"article","og_title":"BabyBj\u00f6rn Harmony kandekott, Navy Blue Mesh, \u0421\u041a\u0418\u0414\u041a\u0418, \u041f\u0440\u0438\u043d\u0430\u0434\u043b\u0435\u0436\u043d\u043e\u0441\u0442\u0438 \u0434\u043b\u044f \u043c\u043b\u0430\u0434\u0435\u043d\u0446\u0435\u0432, \u0420\u044e\u043a\u0437\u0430\u043a-\u043f\u0435\u0440\u0435\u043d\u043e\u0441\u043a\u0430, Beebipood","og_description":"BabyBj\u00f6rn Harmony kandekott, Navy Blue Mesh, &Uuml;limalt mugav ning pehmest v&otilde;rkkangast kandekott Harmony on ergonoomiline nii sinule kui ka s","og_url":"https:\/\/beebipood.ee\/ru\/produkt\/babybjorn-harmony-kandekott-navy-blue-mesh\/","og_site_name":"Beebipood","article_modified_time":"2025-01-09T08:52:43+00:00","og_image":[{"width":900,"height":1200,"url":"https:\/\/beebipood.ee\/wp-content\/uploads\/2013\/09\/babybj_rn_harmony_kandekott_navy_blue_mesh-f21.png","type":"image\/png"}],"twitter_card":"summary_large_image","twitter_misc":{"\u041f\u0440\u0438\u043c\u0435\u0440\u043d\u043e\u0435 \u0432\u0440\u0435\u043c\u044f \u0434\u043b\u044f \u0447\u0442\u0435\u043d\u0438\u044f":"1 \u043c\u0438\u043d\u0443\u0442\u0430"},"schema":{"@context":"https:\/\/schema.org","@graph":[{"@type":"WebPage","@id":"https:\/\/beebipood.ee\/ru\/produkt\/babybjorn-harmony-kandekott-navy-blue-mesh\/","url":"https:\/\/beebipood.ee\/ru\/produkt\/babybjorn-harmony-kandekott-navy-blue-mesh\/","name":"BabyBj\u00f6rn Harmony kandekott, Navy Blue Mesh, \u0421\u041a\u0418\u0414\u041a\u0418, \u041f\u0440\u0438\u043d\u0430\u0434\u043b\u0435\u0436\u043d\u043e\u0441\u0442\u0438 \u0434\u043b\u044f \u043c\u043b\u0430\u0434\u0435\u043d\u0446\u0435\u0432, \u0420\u044e\u043a\u0437\u0430\u043a-\u043f\u0435\u0440\u0435\u043d\u043e\u0441\u043a\u0430, Beebipood","isPartOf":{"@id":"https:\/\/beebipood.ee\/ru\/#website"},"primaryImageOfPage":{"@id":"https:\/\/beebipood.ee\/ru\/produkt\/babybjorn-harmony-kandekott-navy-blue-mesh\/#primaryimage"},"image":{"@id":"https:\/\/beebipood.ee\/ru\/produkt\/babybjorn-harmony-kandekott-navy-blue-mesh\/#primaryimage"},"thumbnailUrl":"https:\/\/beebipood.ee\/wp-content\/uploads\/2013\/09\/babybj_rn_harmony_kandekott_navy_blue_mesh-f21.png","datePublished":"2013-09-02T10:34:37+00:00","dateModified":"2025-01-09T08:52:43+00:00","description":"BabyBj\u00f6rn Harmony kandekott, Navy Blue Mesh, &Uuml;limalt mugav ning pehmest v&otilde;rkkangast kandekott Harmony on ergonoomiline nii sinule kui ka s","breadcrumb":{"@id":"https:\/\/beebipood.ee\/ru\/produkt\/babybjorn-harmony-kandekott-navy-blue-mesh\/#breadcrumb"},"inLanguage":"ru-RU","potentialAction":[{"@type":"ReadAction","target":["https:\/\/beebipood.ee\/ru\/produkt\/babybjorn-harmony-kandekott-navy-blue-mesh\/"]}]},{"@type":"ImageObject","inLanguage":"ru-RU","@id":"https:\/\/beebipood.ee\/ru\/produkt\/babybjorn-harmony-kandekott-navy-blue-mesh\/#primaryimage","url":"https:\/\/beebipood.ee\/wp-content\/uploads\/2013\/09\/babybj_rn_harmony_kandekott_navy_blue_mesh-f21.png","contentUrl":"https:\/\/beebipood.ee\/wp-content\/uploads\/2013\/09\/babybj_rn_harmony_kandekott_navy_blue_mesh-f21.png","width":900,"height":1200},{"@type":"BreadcrumbList","@id":"https:\/\/beebipood.ee\/ru\/produkt\/babybjorn-harmony-kandekott-navy-blue-mesh\/#breadcrumb","itemListElement":[{"@type":"ListItem","position":1,"name":"Home","item":"https:\/\/beebipood.ee\/ru\/"},{"@type":"ListItem","position":2,"name":"\u041a\u0430\u0442\u0430\u043b\u043e\u0433 \u0442\u043e\u0432\u0430\u0440\u043e\u0432","item":"https:\/\/beebipood.ee\/tooted\/"},{"@type":"ListItem","position":3,"name":"BabyBj\u00f6rn Harmony kandekott, Navy Blue Mesh"}]},{"@type":"WebSite","@id":"https:\/\/beebipood.ee\/ru\/#website","url":"https:\/\/beebipood.ee\/ru\/","name":"Beebipood","description":"Lastekaubad, beebikaubad, m\u00e4nguasjad","publisher":{"@id":"https:\/\/beebipood.ee\/ru\/#organization"},"potentialAction":[{"@type":"SearchAction","target":{"@type":"EntryPoint","urlTemplate":"https:\/\/beebipood.ee\/ru\/?s={search_term_string}"},"query-input":{"@type":"PropertyValueSpecification","valueRequired":true,"valueName":"search_term_string"}}],"inLanguage":"ru-RU"},{"@type":"Organization","@id":"https:\/\/beebipood.ee\/ru\/#organization","name":"Beebipood","url":"https:\/\/beebipood.ee\/ru\/","logo":{"@type":"ImageObject","inLanguage":"ru-RU","@id":"https:\/\/beebipood.ee\/ru\/#\/schema\/logo\/image\/","url":"https:\/\/beebipood.ee\/wp-content\/uploads\/2025\/03\/beebipood.ee-logo-1.svg","contentUrl":"https:\/\/beebipood.ee\/wp-content\/uploads\/2025\/03\/beebipood.ee-logo-1.svg","caption":"Beebipood"},"image":{"@id":"https:\/\/beebipood.ee\/ru\/#\/schema\/logo\/image\/"}}]}},"brands":[{"id":11966,"name":"BabyBj\u00f6rn","slug":"babybjorn-ru"}],"_links":{"self":[{"href":"https:\/\/beebipood.ee\/ru\/wp-json\/wp\/v2\/product\/454144","targetHints":{"allow":["GET"]}}],"collection":[{"href":"https:\/\/beebipood.ee\/ru\/wp-json\/wp\/v2\/product"}],"about":[{"href":"https:\/\/beebipood.ee\/ru\/wp-json\/wp\/v2\/types\/product"}],"wp:featuredmedia":[{"embeddable":true,"href":"https:\/\/beebipood.ee\/ru\/wp-json\/wp\/v2\/media\/99140"}],"wp:attachment":[{"href":"https:\/\/beebipood.ee\/ru\/wp-json\/wp\/v2\/media?parent=454144"}],"wp:term":[{"taxonomy":"pwb-brand","embeddable":true,"href":"https:\/\/beebipood.ee\/ru\/wp-json\/wp\/v2\/pwb-brand?post=454144"},{"taxonomy":"product_brand","embeddable":true,"href":"https:\/\/beebipood.ee\/ru\/wp-json\/wp\/v2\/product_brand?post=454144"},{"taxonomy":"product_cat","embeddable":true,"href":"https:\/\/beebipood.ee\/ru\/wp-json\/wp\/v2\/product_cat?post=454144"},{"taxonomy":"product_tag","embeddable":true,"href":"https:\/\/beebipood.ee\/ru\/wp-json\/wp\/v2\/product_tag?post=454144"}],"curies":[{"name":"wp","href":"https:\/\/api.w.org\/{rel}","templated":true}]}}