{"id":454146,"date":"2013-09-02T13:34:39","date_gmt":"2013-09-02T10:34:39","guid":{"rendered":"https:\/\/beebipood.ee\/toode\/lastevoodi-julia-voodikastiga-70-140-valge\/"},"modified":"2025-01-09T10:52:43","modified_gmt":"2025-01-09T08:52:43","slug":"lastevoodi-julia-voodikastiga-70-140-valge","status":"publish","type":"product","link":"https:\/\/beebipood.ee\/ru\/produkt\/lastevoodi-julia-voodikastiga-70-140-valge\/","title":{"rendered":"Lastevoodi Julia voodikastiga 70\u00d7140, valge"},"content":{"rendered":"<p>Julia kollektsioon peidab endas nii funktsionaalsust kui ka elegantsi, <br \/>luues k\u00fctkestava interj\u00f6\u00f6ri.<br \/>M\u00f6\u00f6blil on dekoratiivsed s\u00fcdamekujulised v\u00e4ljal\u00f5iked.<br \/>* valmistatud kvaliteetsest 18 mm MDF m\u00f6\u00f6bliplaadist (m\u00e4nnipuit)<br \/>* kvaliteetne ja vastupidav, lihtne kokku panna<br \/>* k\u00f5ige pisemate kasutajate turvalisuse huvides on voodil \u00fcmarad servad<br \/>* viimistletud peitsi ja lakiga<br \/>* viimistluses on kasutatud \u00f6koloogiliselt puhtaid ja ohutuid v\u00e4rve<br \/>* voodikast liigub ratastel<br \/>* Komplekti kuulub: voodi, turvapiire, voodikast ning voodip\u00f5hi.<br \/>* madrats ei kuulu komplekti<br \/>* voodisse sobib madrats m\u00f5\u00f5duga 70&#215;140<br \/>* maksimaalne kandev\u00f5ime kuni 100 kg<\/p>\n","protected":false},"excerpt":{"rendered":"<p>Julia kollektsioon peidab endas nii funktsionaalsust kui ka elegantsi, luues k\u00fctkestava interj\u00f6\u00f6ri.M\u00f6\u00f6blil on dekoratiivsed s\u00fcdamekujulised v\u00e4ljal\u00f5iked.* valmistatud kvaliteetsest 18 mm MDF m\u00f6\u00f6bliplaadist (m\u00e4nnipuit)* kvaliteetne ja vastupidav, lihtne kokku panna* k\u00f5ige pisemate kasutajate turvalisuse huvides on voodil \u00fcmarad servad* viimistletud peitsi ja lakiga* viimistluses on kasutatud \u00f6koloogiliselt puhtaid ja ohutuid v\u00e4rve* voodikast liigub ratastel* Komplekti kuulub: [&hellip;]<\/p>\n","protected":false},"featured_media":99145,"template":"","meta":{"_acf_changed":false},"pwb-brand":[11945],"product_brand":[],"product_cat":[11587,11559,11789],"product_tag":[],"class_list":{"0":"post-454146","1":"product","2":"type-product","3":"status-publish","4":"has-post-thumbnail","6":"pwb-brand-kocot-kids-ru","7":"product_cat-70cm-laiused-ru","8":"product_cat-laste-ja-noortevoodid-ru","9":"product_cat-lastemoobel-ja-sisustus-ru","10":"pa_manufacturer-kocotkids-ru","12":"first","13":"onbackorder","14":"sale","15":"taxable","16":"shipping-taxable","17":"purchasable","18":"product-type-simple"},"exclude_global_add_ons":[],"addons":[],"acf":[],"yoast_head":"<!-- This site is optimized with the Yoast SEO plugin v27.1.1 - https:\/\/yoast.com\/product\/yoast-seo-wordpress\/ -->\n<title>Lastevoodi Julia voodikastiga 70\u00d7140, valge, \u041a\u0440\u043e\u0432\u0430\u0442\u0438 \u0434\u043b\u044f \u0434\u0435\u0442\u0435\u0439 \u0438 \u043f\u043e\u0434\u0440\u043e\u0441\u0442\u043a\u043e\u0432, \u0428\u0438\u0440\u0438\u043d\u0430 70c\u043c, M\u0435\u0431\u0435\u043b\u044c, Beebipood<\/title>\n<meta name=\"description\" content=\"Lastevoodi Julia voodikastiga 70\u00d7140, valge, Julia kollektsioon peidab endas nii funktsionaalsust kui ka elegantsi, luues k&uuml;tkestava interj&ouml;\" \/>\n<meta name=\"robots\" content=\"index, follow, max-snippet:-1, max-image-preview:large, max-video-preview:-1\" \/>\n<link rel=\"canonical\" href=\"https:\/\/beebipood.ee\/ru\/produkt\/lastevoodi-julia-voodikastiga-70-140-valge\/\" \/>\n<meta property=\"og:locale\" content=\"ru_RU\" \/>\n<meta property=\"og:type\" content=\"article\" \/>\n<meta property=\"og:title\" content=\"Lastevoodi Julia voodikastiga 70\u00d7140, valge, \u041a\u0440\u043e\u0432\u0430\u0442\u0438 \u0434\u043b\u044f \u0434\u0435\u0442\u0435\u0439 \u0438 \u043f\u043e\u0434\u0440\u043e\u0441\u0442\u043a\u043e\u0432, \u0428\u0438\u0440\u0438\u043d\u0430 70c\u043c, M\u0435\u0431\u0435\u043b\u044c, Beebipood\" \/>\n<meta property=\"og:description\" content=\"Lastevoodi Julia voodikastiga 70\u00d7140, valge, Julia kollektsioon peidab endas nii funktsionaalsust kui ka elegantsi, luues k&uuml;tkestava interj&ouml;\" \/>\n<meta property=\"og:url\" content=\"https:\/\/beebipood.ee\/ru\/produkt\/lastevoodi-julia-voodikastiga-70-140-valge\/\" \/>\n<meta property=\"og:site_name\" content=\"Beebipood\" \/>\n<meta property=\"article:modified_time\" content=\"2025-01-09T08:52:43+00:00\" \/>\n<meta property=\"og:image\" content=\"https:\/\/beebipood.ee\/wp-content\/uploads\/2013\/09\/Lastevoodi-Julia-voodikastiga-70140-valge-Laste-ja-noortevoodid-70cm-laiused_2-780.jpg\" \/>\n\t<meta property=\"og:image:width\" content=\"989\" \/>\n\t<meta property=\"og:image:height\" content=\"986\" \/>\n\t<meta property=\"og:image:type\" content=\"image\/jpeg\" \/>\n<meta name=\"twitter:card\" content=\"summary_large_image\" \/>\n<script type=\"application\/ld+json\" class=\"yoast-schema-graph\">{\"@context\":\"https:\/\/schema.org\",\"@graph\":[{\"@type\":\"WebPage\",\"@id\":\"https:\/\/beebipood.ee\/ru\/produkt\/lastevoodi-julia-voodikastiga-70-140-valge\/\",\"url\":\"https:\/\/beebipood.ee\/ru\/produkt\/lastevoodi-julia-voodikastiga-70-140-valge\/\",\"name\":\"Lastevoodi Julia voodikastiga 70\u00d7140, valge, \u041a\u0440\u043e\u0432\u0430\u0442\u0438 \u0434\u043b\u044f \u0434\u0435\u0442\u0435\u0439 \u0438 \u043f\u043e\u0434\u0440\u043e\u0441\u0442\u043a\u043e\u0432, \u0428\u0438\u0440\u0438\u043d\u0430 70c\u043c, M\u0435\u0431\u0435\u043b\u044c, Beebipood\",\"isPartOf\":{\"@id\":\"https:\/\/beebipood.ee\/ru\/#website\"},\"primaryImageOfPage\":{\"@id\":\"https:\/\/beebipood.ee\/ru\/produkt\/lastevoodi-julia-voodikastiga-70-140-valge\/#primaryimage\"},\"image\":{\"@id\":\"https:\/\/beebipood.ee\/ru\/produkt\/lastevoodi-julia-voodikastiga-70-140-valge\/#primaryimage\"},\"thumbnailUrl\":\"https:\/\/beebipood.ee\/wp-content\/uploads\/2013\/09\/Lastevoodi-Julia-voodikastiga-70140-valge-Laste-ja-noortevoodid-70cm-laiused_2-780.jpg\",\"datePublished\":\"2013-09-02T10:34:39+00:00\",\"dateModified\":\"2025-01-09T08:52:43+00:00\",\"description\":\"Lastevoodi Julia voodikastiga 70\u00d7140, valge, Julia kollektsioon peidab endas nii funktsionaalsust kui ka elegantsi, luues k&uuml;tkestava interj&ouml;\",\"breadcrumb\":{\"@id\":\"https:\/\/beebipood.ee\/ru\/produkt\/lastevoodi-julia-voodikastiga-70-140-valge\/#breadcrumb\"},\"inLanguage\":\"ru-RU\",\"potentialAction\":[{\"@type\":\"ReadAction\",\"target\":[\"https:\/\/beebipood.ee\/ru\/produkt\/lastevoodi-julia-voodikastiga-70-140-valge\/\"]}]},{\"@type\":\"ImageObject\",\"inLanguage\":\"ru-RU\",\"@id\":\"https:\/\/beebipood.ee\/ru\/produkt\/lastevoodi-julia-voodikastiga-70-140-valge\/#primaryimage\",\"url\":\"https:\/\/beebipood.ee\/wp-content\/uploads\/2013\/09\/Lastevoodi-Julia-voodikastiga-70140-valge-Laste-ja-noortevoodid-70cm-laiused_2-780.jpg\",\"contentUrl\":\"https:\/\/beebipood.ee\/wp-content\/uploads\/2013\/09\/Lastevoodi-Julia-voodikastiga-70140-valge-Laste-ja-noortevoodid-70cm-laiused_2-780.jpg\",\"width\":989,\"height\":986},{\"@type\":\"BreadcrumbList\",\"@id\":\"https:\/\/beebipood.ee\/ru\/produkt\/lastevoodi-julia-voodikastiga-70-140-valge\/#breadcrumb\",\"itemListElement\":[{\"@type\":\"ListItem\",\"position\":1,\"name\":\"Home\",\"item\":\"https:\/\/beebipood.ee\/ru\/\"},{\"@type\":\"ListItem\",\"position\":2,\"name\":\"\u041a\u0430\u0442\u0430\u043b\u043e\u0433 \u0442\u043e\u0432\u0430\u0440\u043e\u0432\",\"item\":\"https:\/\/beebipood.ee\/tooted\/\"},{\"@type\":\"ListItem\",\"position\":3,\"name\":\"Lastevoodi Julia voodikastiga 70\u00d7140, valge\"}]},{\"@type\":\"WebSite\",\"@id\":\"https:\/\/beebipood.ee\/ru\/#website\",\"url\":\"https:\/\/beebipood.ee\/ru\/\",\"name\":\"Beebipood\",\"description\":\"Lastekaubad, beebikaubad, m\u00e4nguasjad\",\"publisher\":{\"@id\":\"https:\/\/beebipood.ee\/ru\/#organization\"},\"potentialAction\":[{\"@type\":\"SearchAction\",\"target\":{\"@type\":\"EntryPoint\",\"urlTemplate\":\"https:\/\/beebipood.ee\/ru\/?s={search_term_string}\"},\"query-input\":{\"@type\":\"PropertyValueSpecification\",\"valueRequired\":true,\"valueName\":\"search_term_string\"}}],\"inLanguage\":\"ru-RU\"},{\"@type\":\"Organization\",\"@id\":\"https:\/\/beebipood.ee\/ru\/#organization\",\"name\":\"Beebipood\",\"url\":\"https:\/\/beebipood.ee\/ru\/\",\"logo\":{\"@type\":\"ImageObject\",\"inLanguage\":\"ru-RU\",\"@id\":\"https:\/\/beebipood.ee\/ru\/#\/schema\/logo\/image\/\",\"url\":\"https:\/\/beebipood.ee\/wp-content\/uploads\/2025\/03\/beebipood.ee-logo-1.svg\",\"contentUrl\":\"https:\/\/beebipood.ee\/wp-content\/uploads\/2025\/03\/beebipood.ee-logo-1.svg\",\"caption\":\"Beebipood\"},\"image\":{\"@id\":\"https:\/\/beebipood.ee\/ru\/#\/schema\/logo\/image\/\"}}]}<\/script>\n<!-- \/ Yoast SEO plugin. -->","yoast_head_json":{"title":"Lastevoodi Julia voodikastiga 70\u00d7140, valge, \u041a\u0440\u043e\u0432\u0430\u0442\u0438 \u0434\u043b\u044f \u0434\u0435\u0442\u0435\u0439 \u0438 \u043f\u043e\u0434\u0440\u043e\u0441\u0442\u043a\u043e\u0432, \u0428\u0438\u0440\u0438\u043d\u0430 70c\u043c, M\u0435\u0431\u0435\u043b\u044c, Beebipood","description":"Lastevoodi Julia voodikastiga 70\u00d7140, valge, Julia kollektsioon peidab endas nii funktsionaalsust kui ka elegantsi, luues k&uuml;tkestava interj&ouml;","robots":{"index":"index","follow":"follow","max-snippet":"max-snippet:-1","max-image-preview":"max-image-preview:large","max-video-preview":"max-video-preview:-1"},"canonical":"https:\/\/beebipood.ee\/ru\/produkt\/lastevoodi-julia-voodikastiga-70-140-valge\/","og_locale":"ru_RU","og_type":"article","og_title":"Lastevoodi Julia voodikastiga 70\u00d7140, valge, \u041a\u0440\u043e\u0432\u0430\u0442\u0438 \u0434\u043b\u044f \u0434\u0435\u0442\u0435\u0439 \u0438 \u043f\u043e\u0434\u0440\u043e\u0441\u0442\u043a\u043e\u0432, \u0428\u0438\u0440\u0438\u043d\u0430 70c\u043c, M\u0435\u0431\u0435\u043b\u044c, Beebipood","og_description":"Lastevoodi Julia voodikastiga 70\u00d7140, valge, Julia kollektsioon peidab endas nii funktsionaalsust kui ka elegantsi, luues k&uuml;tkestava interj&ouml;","og_url":"https:\/\/beebipood.ee\/ru\/produkt\/lastevoodi-julia-voodikastiga-70-140-valge\/","og_site_name":"Beebipood","article_modified_time":"2025-01-09T08:52:43+00:00","og_image":[{"width":989,"height":986,"url":"https:\/\/beebipood.ee\/wp-content\/uploads\/2013\/09\/Lastevoodi-Julia-voodikastiga-70140-valge-Laste-ja-noortevoodid-70cm-laiused_2-780.jpg","type":"image\/jpeg"}],"twitter_card":"summary_large_image","schema":{"@context":"https:\/\/schema.org","@graph":[{"@type":"WebPage","@id":"https:\/\/beebipood.ee\/ru\/produkt\/lastevoodi-julia-voodikastiga-70-140-valge\/","url":"https:\/\/beebipood.ee\/ru\/produkt\/lastevoodi-julia-voodikastiga-70-140-valge\/","name":"Lastevoodi Julia voodikastiga 70\u00d7140, valge, \u041a\u0440\u043e\u0432\u0430\u0442\u0438 \u0434\u043b\u044f \u0434\u0435\u0442\u0435\u0439 \u0438 \u043f\u043e\u0434\u0440\u043e\u0441\u0442\u043a\u043e\u0432, \u0428\u0438\u0440\u0438\u043d\u0430 70c\u043c, M\u0435\u0431\u0435\u043b\u044c, Beebipood","isPartOf":{"@id":"https:\/\/beebipood.ee\/ru\/#website"},"primaryImageOfPage":{"@id":"https:\/\/beebipood.ee\/ru\/produkt\/lastevoodi-julia-voodikastiga-70-140-valge\/#primaryimage"},"image":{"@id":"https:\/\/beebipood.ee\/ru\/produkt\/lastevoodi-julia-voodikastiga-70-140-valge\/#primaryimage"},"thumbnailUrl":"https:\/\/beebipood.ee\/wp-content\/uploads\/2013\/09\/Lastevoodi-Julia-voodikastiga-70140-valge-Laste-ja-noortevoodid-70cm-laiused_2-780.jpg","datePublished":"2013-09-02T10:34:39+00:00","dateModified":"2025-01-09T08:52:43+00:00","description":"Lastevoodi Julia voodikastiga 70\u00d7140, valge, Julia kollektsioon peidab endas nii funktsionaalsust kui ka elegantsi, luues k&uuml;tkestava interj&ouml;","breadcrumb":{"@id":"https:\/\/beebipood.ee\/ru\/produkt\/lastevoodi-julia-voodikastiga-70-140-valge\/#breadcrumb"},"inLanguage":"ru-RU","potentialAction":[{"@type":"ReadAction","target":["https:\/\/beebipood.ee\/ru\/produkt\/lastevoodi-julia-voodikastiga-70-140-valge\/"]}]},{"@type":"ImageObject","inLanguage":"ru-RU","@id":"https:\/\/beebipood.ee\/ru\/produkt\/lastevoodi-julia-voodikastiga-70-140-valge\/#primaryimage","url":"https:\/\/beebipood.ee\/wp-content\/uploads\/2013\/09\/Lastevoodi-Julia-voodikastiga-70140-valge-Laste-ja-noortevoodid-70cm-laiused_2-780.jpg","contentUrl":"https:\/\/beebipood.ee\/wp-content\/uploads\/2013\/09\/Lastevoodi-Julia-voodikastiga-70140-valge-Laste-ja-noortevoodid-70cm-laiused_2-780.jpg","width":989,"height":986},{"@type":"BreadcrumbList","@id":"https:\/\/beebipood.ee\/ru\/produkt\/lastevoodi-julia-voodikastiga-70-140-valge\/#breadcrumb","itemListElement":[{"@type":"ListItem","position":1,"name":"Home","item":"https:\/\/beebipood.ee\/ru\/"},{"@type":"ListItem","position":2,"name":"\u041a\u0430\u0442\u0430\u043b\u043e\u0433 \u0442\u043e\u0432\u0430\u0440\u043e\u0432","item":"https:\/\/beebipood.ee\/tooted\/"},{"@type":"ListItem","position":3,"name":"Lastevoodi Julia voodikastiga 70\u00d7140, valge"}]},{"@type":"WebSite","@id":"https:\/\/beebipood.ee\/ru\/#website","url":"https:\/\/beebipood.ee\/ru\/","name":"Beebipood","description":"Lastekaubad, beebikaubad, m\u00e4nguasjad","publisher":{"@id":"https:\/\/beebipood.ee\/ru\/#organization"},"potentialAction":[{"@type":"SearchAction","target":{"@type":"EntryPoint","urlTemplate":"https:\/\/beebipood.ee\/ru\/?s={search_term_string}"},"query-input":{"@type":"PropertyValueSpecification","valueRequired":true,"valueName":"search_term_string"}}],"inLanguage":"ru-RU"},{"@type":"Organization","@id":"https:\/\/beebipood.ee\/ru\/#organization","name":"Beebipood","url":"https:\/\/beebipood.ee\/ru\/","logo":{"@type":"ImageObject","inLanguage":"ru-RU","@id":"https:\/\/beebipood.ee\/ru\/#\/schema\/logo\/image\/","url":"https:\/\/beebipood.ee\/wp-content\/uploads\/2025\/03\/beebipood.ee-logo-1.svg","contentUrl":"https:\/\/beebipood.ee\/wp-content\/uploads\/2025\/03\/beebipood.ee-logo-1.svg","caption":"Beebipood"},"image":{"@id":"https:\/\/beebipood.ee\/ru\/#\/schema\/logo\/image\/"}}]}},"brands":[{"id":11945,"name":"Kocot Kids","slug":"kocot-kids-ru"}],"_links":{"self":[{"href":"https:\/\/beebipood.ee\/ru\/wp-json\/wp\/v2\/product\/454146","targetHints":{"allow":["GET"]}}],"collection":[{"href":"https:\/\/beebipood.ee\/ru\/wp-json\/wp\/v2\/product"}],"about":[{"href":"https:\/\/beebipood.ee\/ru\/wp-json\/wp\/v2\/types\/product"}],"wp:featuredmedia":[{"embeddable":true,"href":"https:\/\/beebipood.ee\/ru\/wp-json\/wp\/v2\/media\/99145"}],"wp:attachment":[{"href":"https:\/\/beebipood.ee\/ru\/wp-json\/wp\/v2\/media?parent=454146"}],"wp:term":[{"taxonomy":"pwb-brand","embeddable":true,"href":"https:\/\/beebipood.ee\/ru\/wp-json\/wp\/v2\/pwb-brand?post=454146"},{"taxonomy":"product_brand","embeddable":true,"href":"https:\/\/beebipood.ee\/ru\/wp-json\/wp\/v2\/product_brand?post=454146"},{"taxonomy":"product_cat","embeddable":true,"href":"https:\/\/beebipood.ee\/ru\/wp-json\/wp\/v2\/product_cat?post=454146"},{"taxonomy":"product_tag","embeddable":true,"href":"https:\/\/beebipood.ee\/ru\/wp-json\/wp\/v2\/product_tag?post=454146"}],"curies":[{"name":"wp","href":"https:\/\/api.w.org\/{rel}","templated":true}]}}