{"id":454152,"date":"2013-09-02T13:34:51","date_gmt":"2013-09-02T10:34:51","guid":{"rendered":"https:\/\/beebipood.ee\/toode\/maxi-cosi-nesta-soogitool-natural\/"},"modified":"2025-05-01T00:00:27","modified_gmt":"2025-04-30T21:00:27","slug":"maxi-cosi-nesta-soogitool-natural","status":"publish","type":"product","link":"https:\/\/beebipood.ee\/ru\/produkt\/maxi-cosi-nesta-soogitool-natural\/","title":{"rendered":"Maxi-Cosi Nesta s\u00f6\u00f6gitool, natural"},"content":{"rendered":"<p>Nesta on stiilne puidust s\u00f6\u00f6gitool, <br \/>mis pakub parimat mugavust s\u00fcnnist kuni t\u00e4iskasvanuni. <br \/>Selle ainulaadne disain on kergesti reguleeritav, <br \/>et teie laps saaks alati mugavalt laua taga istuda, olenemata vanusest. <br \/>Nesta on valmistatud vastupidavast p\u00f6\u00f6gipuidust <br \/>ja esmaklassilisest taaskasutatud kangast. <br \/>Selle kaasaegne, kuid ajatu disain pakub eluaegset kasutusaega.<br \/><span style=\"text-decoration: underline;\"><br \/>Omadused:<\/span><br \/>Nesta elegantsed jooned ja voolav disain tagavad, et puru ja toit ei j\u00e4\u00e4ks vahedesse ega pragudesse<br \/>Nesta kokkupanek k\u00e4ib kiiresti ja lihtsalt<br \/>Tooli sobivaks reguleerimine k\u00e4ib h\u00f5lpsalt kaasasoleva kuuskantv\u00f5tmega (Allen key)<br \/><span style=\"text-decoration: underline;\">Mugavus<\/span><br \/>Seljatugi, iste ning jalatugi on reguleeritavad vastavalt lapse suurusele ja mugavusele.<br \/>2 vasts\u00fcndinu asendit: 1. asend on peaaegu lamades, kasutamiseks vasts\u00fcndinutel. <br \/>2. asend on natukene rohkem istuv, m\u00f5eldud umbes 3-6 kuu vanustele beebidele.<br \/>Nesta seljatoel on parima mugavuse tagamiseks 4 erinevat asendit: <br \/>2 vasts\u00fcndinu asendit, 1 beebi\/v\u00e4ikelapse\/teismelise asend ja 1 t\u00e4iskasvanu asend<br \/>Vasts\u00fcndinu ja v\u00e4ikelapse komplektid kuuluvad lisadesse ning on v\u00f5imalik osta eraldi. <br \/>T\u00e4nu nendele muutub s\u00f6\u00f6gitool 100% turvaliseks vasts\u00fcndinu, beebi ja v\u00e4ikelapse jaoks.<br \/>Stiilse ja kaasaegse disainiga Nesta sobib igasse stiilsesse kodu interj\u00f6\u00f6ri, <br \/>olgu see siis k\u00f6\u00f6gilaua \u00fcmber, s\u00f6\u00f6gituppa v\u00f5i isegi teismelise magamistuppa.<br \/><span style=\"text-decoration: underline;\">N\u00e4itajad:<\/span><br \/>Kaal: 9kg<br \/>M\u00f5\u00f5dud: 46 x 65-71 x 83-100cm (laius, s\u00fcgavus, k\u00f5rgus)<br \/>Kandev\u00f5ime: 110kg<br \/>Materjal: p\u00f6\u00f6k<br \/>Komplektis:<br \/>S\u00f6\u00f6gitool<br \/>4x kruvi M6 x 10mm<br \/>Kuuskantv\u00f5ti (Allen key)<\/p>\n","protected":false},"excerpt":{"rendered":"<p>Nesta on stiilne puidust s\u00f6\u00f6gitool, mis pakub parimat mugavust s\u00fcnnist kuni t\u00e4iskasvanuni. Selle ainulaadne disain on kergesti reguleeritav, et teie laps saaks alati mugavalt laua taga istuda, olenemata vanusest. Nesta on valmistatud vastupidavast p\u00f6\u00f6gipuidust ja esmaklassilisest taaskasutatud kangast. Selle kaasaegne, kuid ajatu disain pakub eluaegset kasutusaega.Omadused:Nesta elegantsed jooned ja voolav disain tagavad, et puru ja [&hellip;]<\/p>\n","protected":false},"featured_media":99165,"template":"","meta":{"_acf_changed":false},"pwb-brand":[11961],"product_brand":[],"product_cat":[11645,11709],"product_tag":[],"class_list":{"0":"post-454152","1":"product","2":"type-product","3":"status-publish","4":"has-post-thumbnail","6":"pwb-brand-maxi-cosi-ru","7":"product_cat-sootmistoolid-ru","8":"product_cat-sootmistoolid-beebi-ja-lastetarbed-mahkimine-hugieen-ru","9":"pa_manufacturer-maxi_cosi-ru","11":"first","12":"onbackorder","13":"taxable","14":"shipping-taxable","15":"purchasable","16":"product-type-simple"},"exclude_global_add_ons":[],"addons":[],"acf":[],"yoast_head":"<!-- This site is optimized with the Yoast SEO plugin v27.1.1 - https:\/\/yoast.com\/product\/yoast-seo-wordpress\/ -->\n<title>Maxi-Cosi Nesta s\u00f6\u00f6gitool, natural, \u0421\u041a\u0418\u0414\u041a\u0418, \u0421\u0442\u0443\u043b\u044c\u0447\u0438\u043a\u0438 \u0434\u043b\u044f \u043a\u043e\u0440\u043c\u043b\u0435\u043d\u0438\u044f, \u041f\u0440\u0438\u043d\u0430\u0434\u043b\u0435\u0436\u043d\u043e\u0441\u0442\u0438 \u0434\u043b\u044f \u043c\u043b\u0430\u0434\u0435\u043d\u0446\u0435\u0432, Beebipood<\/title>\n<meta name=\"description\" content=\"Maxi-Cosi Nesta s\u00f6\u00f6gitool, natural, Nesta on stiilne puidust s&ouml;&ouml;gitool, mis pakub parimat mugavust s&uuml;nnist kuni t&auml;iskasvanuni. &lt;b\" \/>\n<meta name=\"robots\" content=\"index, follow, max-snippet:-1, max-image-preview:large, max-video-preview:-1\" \/>\n<link rel=\"canonical\" href=\"https:\/\/beebipood.ee\/ru\/produkt\/maxi-cosi-nesta-soogitool-natural\/\" \/>\n<meta property=\"og:locale\" content=\"ru_RU\" \/>\n<meta property=\"og:type\" content=\"article\" \/>\n<meta property=\"og:title\" content=\"Maxi-Cosi Nesta s\u00f6\u00f6gitool, natural, \u0421\u041a\u0418\u0414\u041a\u0418, \u0421\u0442\u0443\u043b\u044c\u0447\u0438\u043a\u0438 \u0434\u043b\u044f \u043a\u043e\u0440\u043c\u043b\u0435\u043d\u0438\u044f, \u041f\u0440\u0438\u043d\u0430\u0434\u043b\u0435\u0436\u043d\u043e\u0441\u0442\u0438 \u0434\u043b\u044f \u043c\u043b\u0430\u0434\u0435\u043d\u0446\u0435\u0432, Beebipood\" \/>\n<meta property=\"og:description\" content=\"Maxi-Cosi Nesta s\u00f6\u00f6gitool, natural, Nesta on stiilne puidust s&ouml;&ouml;gitool, mis pakub parimat mugavust s&uuml;nnist kuni t&auml;iskasvanuni. &lt;b\" \/>\n<meta property=\"og:url\" content=\"https:\/\/beebipood.ee\/ru\/produkt\/maxi-cosi-nesta-soogitool-natural\/\" \/>\n<meta property=\"og:site_name\" content=\"Beebipood\" \/>\n<meta property=\"article:modified_time\" content=\"2025-04-30T21:00:27+00:00\" \/>\n<meta property=\"og:image\" content=\"https:\/\/beebipood.ee\/wp-content\/uploads\/2013\/09\/MaxiCosi-soogitool-Nesta-natural-SOODUSPAKKUMISED-Sootmistoolid-Beebi-ja-lastetarbed_1-04e.jpg\" \/>\n\t<meta property=\"og:image:width\" content=\"1200\" \/>\n\t<meta property=\"og:image:height\" content=\"1200\" \/>\n\t<meta property=\"og:image:type\" content=\"image\/jpeg\" \/>\n<meta name=\"twitter:card\" content=\"summary_large_image\" \/>\n<meta name=\"twitter:label1\" content=\"\u041f\u0440\u0438\u043c\u0435\u0440\u043d\u043e\u0435 \u0432\u0440\u0435\u043c\u044f \u0434\u043b\u044f \u0447\u0442\u0435\u043d\u0438\u044f\" \/>\n\t<meta name=\"twitter:data1\" content=\"1 \u043c\u0438\u043d\u0443\u0442\u0430\" \/>\n<script type=\"application\/ld+json\" class=\"yoast-schema-graph\">{\"@context\":\"https:\/\/schema.org\",\"@graph\":[{\"@type\":\"WebPage\",\"@id\":\"https:\/\/beebipood.ee\/ru\/produkt\/maxi-cosi-nesta-soogitool-natural\/\",\"url\":\"https:\/\/beebipood.ee\/ru\/produkt\/maxi-cosi-nesta-soogitool-natural\/\",\"name\":\"Maxi-Cosi Nesta s\u00f6\u00f6gitool, natural, \u0421\u041a\u0418\u0414\u041a\u0418, \u0421\u0442\u0443\u043b\u044c\u0447\u0438\u043a\u0438 \u0434\u043b\u044f \u043a\u043e\u0440\u043c\u043b\u0435\u043d\u0438\u044f, \u041f\u0440\u0438\u043d\u0430\u0434\u043b\u0435\u0436\u043d\u043e\u0441\u0442\u0438 \u0434\u043b\u044f \u043c\u043b\u0430\u0434\u0435\u043d\u0446\u0435\u0432, Beebipood\",\"isPartOf\":{\"@id\":\"https:\/\/beebipood.ee\/ru\/#website\"},\"primaryImageOfPage\":{\"@id\":\"https:\/\/beebipood.ee\/ru\/produkt\/maxi-cosi-nesta-soogitool-natural\/#primaryimage\"},\"image\":{\"@id\":\"https:\/\/beebipood.ee\/ru\/produkt\/maxi-cosi-nesta-soogitool-natural\/#primaryimage\"},\"thumbnailUrl\":\"https:\/\/beebipood.ee\/wp-content\/uploads\/2013\/09\/MaxiCosi-soogitool-Nesta-natural-SOODUSPAKKUMISED-Sootmistoolid-Beebi-ja-lastetarbed_1-04e.jpg\",\"datePublished\":\"2013-09-02T10:34:51+00:00\",\"dateModified\":\"2025-04-30T21:00:27+00:00\",\"description\":\"Maxi-Cosi Nesta s\u00f6\u00f6gitool, natural, Nesta on stiilne puidust s&ouml;&ouml;gitool, mis pakub parimat mugavust s&uuml;nnist kuni t&auml;iskasvanuni. &lt;b\",\"breadcrumb\":{\"@id\":\"https:\/\/beebipood.ee\/ru\/produkt\/maxi-cosi-nesta-soogitool-natural\/#breadcrumb\"},\"inLanguage\":\"ru-RU\",\"potentialAction\":[{\"@type\":\"ReadAction\",\"target\":[\"https:\/\/beebipood.ee\/ru\/produkt\/maxi-cosi-nesta-soogitool-natural\/\"]}]},{\"@type\":\"ImageObject\",\"inLanguage\":\"ru-RU\",\"@id\":\"https:\/\/beebipood.ee\/ru\/produkt\/maxi-cosi-nesta-soogitool-natural\/#primaryimage\",\"url\":\"https:\/\/beebipood.ee\/wp-content\/uploads\/2013\/09\/MaxiCosi-soogitool-Nesta-natural-SOODUSPAKKUMISED-Sootmistoolid-Beebi-ja-lastetarbed_1-04e.jpg\",\"contentUrl\":\"https:\/\/beebipood.ee\/wp-content\/uploads\/2013\/09\/MaxiCosi-soogitool-Nesta-natural-SOODUSPAKKUMISED-Sootmistoolid-Beebi-ja-lastetarbed_1-04e.jpg\",\"width\":1200,\"height\":1200},{\"@type\":\"BreadcrumbList\",\"@id\":\"https:\/\/beebipood.ee\/ru\/produkt\/maxi-cosi-nesta-soogitool-natural\/#breadcrumb\",\"itemListElement\":[{\"@type\":\"ListItem\",\"position\":1,\"name\":\"Home\",\"item\":\"https:\/\/beebipood.ee\/ru\/\"},{\"@type\":\"ListItem\",\"position\":2,\"name\":\"\u041a\u0430\u0442\u0430\u043b\u043e\u0433 \u0442\u043e\u0432\u0430\u0440\u043e\u0432\",\"item\":\"https:\/\/beebipood.ee\/tooted\/\"},{\"@type\":\"ListItem\",\"position\":3,\"name\":\"Maxi-Cosi Nesta s\u00f6\u00f6gitool, natural\"}]},{\"@type\":\"WebSite\",\"@id\":\"https:\/\/beebipood.ee\/ru\/#website\",\"url\":\"https:\/\/beebipood.ee\/ru\/\",\"name\":\"Beebipood\",\"description\":\"Lastekaubad, beebikaubad, m\u00e4nguasjad\",\"publisher\":{\"@id\":\"https:\/\/beebipood.ee\/ru\/#organization\"},\"potentialAction\":[{\"@type\":\"SearchAction\",\"target\":{\"@type\":\"EntryPoint\",\"urlTemplate\":\"https:\/\/beebipood.ee\/ru\/?s={search_term_string}\"},\"query-input\":{\"@type\":\"PropertyValueSpecification\",\"valueRequired\":true,\"valueName\":\"search_term_string\"}}],\"inLanguage\":\"ru-RU\"},{\"@type\":\"Organization\",\"@id\":\"https:\/\/beebipood.ee\/ru\/#organization\",\"name\":\"Beebipood\",\"url\":\"https:\/\/beebipood.ee\/ru\/\",\"logo\":{\"@type\":\"ImageObject\",\"inLanguage\":\"ru-RU\",\"@id\":\"https:\/\/beebipood.ee\/ru\/#\/schema\/logo\/image\/\",\"url\":\"https:\/\/beebipood.ee\/wp-content\/uploads\/2025\/03\/beebipood.ee-logo-1.svg\",\"contentUrl\":\"https:\/\/beebipood.ee\/wp-content\/uploads\/2025\/03\/beebipood.ee-logo-1.svg\",\"caption\":\"Beebipood\"},\"image\":{\"@id\":\"https:\/\/beebipood.ee\/ru\/#\/schema\/logo\/image\/\"}}]}<\/script>\n<!-- \/ Yoast SEO plugin. -->","yoast_head_json":{"title":"Maxi-Cosi Nesta s\u00f6\u00f6gitool, natural, \u0421\u041a\u0418\u0414\u041a\u0418, \u0421\u0442\u0443\u043b\u044c\u0447\u0438\u043a\u0438 \u0434\u043b\u044f \u043a\u043e\u0440\u043c\u043b\u0435\u043d\u0438\u044f, \u041f\u0440\u0438\u043d\u0430\u0434\u043b\u0435\u0436\u043d\u043e\u0441\u0442\u0438 \u0434\u043b\u044f \u043c\u043b\u0430\u0434\u0435\u043d\u0446\u0435\u0432, Beebipood","description":"Maxi-Cosi Nesta s\u00f6\u00f6gitool, natural, Nesta on stiilne puidust s&ouml;&ouml;gitool, mis pakub parimat mugavust s&uuml;nnist kuni t&auml;iskasvanuni. &lt;b","robots":{"index":"index","follow":"follow","max-snippet":"max-snippet:-1","max-image-preview":"max-image-preview:large","max-video-preview":"max-video-preview:-1"},"canonical":"https:\/\/beebipood.ee\/ru\/produkt\/maxi-cosi-nesta-soogitool-natural\/","og_locale":"ru_RU","og_type":"article","og_title":"Maxi-Cosi Nesta s\u00f6\u00f6gitool, natural, \u0421\u041a\u0418\u0414\u041a\u0418, \u0421\u0442\u0443\u043b\u044c\u0447\u0438\u043a\u0438 \u0434\u043b\u044f \u043a\u043e\u0440\u043c\u043b\u0435\u043d\u0438\u044f, \u041f\u0440\u0438\u043d\u0430\u0434\u043b\u0435\u0436\u043d\u043e\u0441\u0442\u0438 \u0434\u043b\u044f \u043c\u043b\u0430\u0434\u0435\u043d\u0446\u0435\u0432, Beebipood","og_description":"Maxi-Cosi Nesta s\u00f6\u00f6gitool, natural, Nesta on stiilne puidust s&ouml;&ouml;gitool, mis pakub parimat mugavust s&uuml;nnist kuni t&auml;iskasvanuni. &lt;b","og_url":"https:\/\/beebipood.ee\/ru\/produkt\/maxi-cosi-nesta-soogitool-natural\/","og_site_name":"Beebipood","article_modified_time":"2025-04-30T21:00:27+00:00","og_image":[{"width":1200,"height":1200,"url":"https:\/\/beebipood.ee\/wp-content\/uploads\/2013\/09\/MaxiCosi-soogitool-Nesta-natural-SOODUSPAKKUMISED-Sootmistoolid-Beebi-ja-lastetarbed_1-04e.jpg","type":"image\/jpeg"}],"twitter_card":"summary_large_image","twitter_misc":{"\u041f\u0440\u0438\u043c\u0435\u0440\u043d\u043e\u0435 \u0432\u0440\u0435\u043c\u044f \u0434\u043b\u044f \u0447\u0442\u0435\u043d\u0438\u044f":"1 \u043c\u0438\u043d\u0443\u0442\u0430"},"schema":{"@context":"https:\/\/schema.org","@graph":[{"@type":"WebPage","@id":"https:\/\/beebipood.ee\/ru\/produkt\/maxi-cosi-nesta-soogitool-natural\/","url":"https:\/\/beebipood.ee\/ru\/produkt\/maxi-cosi-nesta-soogitool-natural\/","name":"Maxi-Cosi Nesta s\u00f6\u00f6gitool, natural, \u0421\u041a\u0418\u0414\u041a\u0418, \u0421\u0442\u0443\u043b\u044c\u0447\u0438\u043a\u0438 \u0434\u043b\u044f \u043a\u043e\u0440\u043c\u043b\u0435\u043d\u0438\u044f, \u041f\u0440\u0438\u043d\u0430\u0434\u043b\u0435\u0436\u043d\u043e\u0441\u0442\u0438 \u0434\u043b\u044f \u043c\u043b\u0430\u0434\u0435\u043d\u0446\u0435\u0432, Beebipood","isPartOf":{"@id":"https:\/\/beebipood.ee\/ru\/#website"},"primaryImageOfPage":{"@id":"https:\/\/beebipood.ee\/ru\/produkt\/maxi-cosi-nesta-soogitool-natural\/#primaryimage"},"image":{"@id":"https:\/\/beebipood.ee\/ru\/produkt\/maxi-cosi-nesta-soogitool-natural\/#primaryimage"},"thumbnailUrl":"https:\/\/beebipood.ee\/wp-content\/uploads\/2013\/09\/MaxiCosi-soogitool-Nesta-natural-SOODUSPAKKUMISED-Sootmistoolid-Beebi-ja-lastetarbed_1-04e.jpg","datePublished":"2013-09-02T10:34:51+00:00","dateModified":"2025-04-30T21:00:27+00:00","description":"Maxi-Cosi Nesta s\u00f6\u00f6gitool, natural, Nesta on stiilne puidust s&ouml;&ouml;gitool, mis pakub parimat mugavust s&uuml;nnist kuni t&auml;iskasvanuni. &lt;b","breadcrumb":{"@id":"https:\/\/beebipood.ee\/ru\/produkt\/maxi-cosi-nesta-soogitool-natural\/#breadcrumb"},"inLanguage":"ru-RU","potentialAction":[{"@type":"ReadAction","target":["https:\/\/beebipood.ee\/ru\/produkt\/maxi-cosi-nesta-soogitool-natural\/"]}]},{"@type":"ImageObject","inLanguage":"ru-RU","@id":"https:\/\/beebipood.ee\/ru\/produkt\/maxi-cosi-nesta-soogitool-natural\/#primaryimage","url":"https:\/\/beebipood.ee\/wp-content\/uploads\/2013\/09\/MaxiCosi-soogitool-Nesta-natural-SOODUSPAKKUMISED-Sootmistoolid-Beebi-ja-lastetarbed_1-04e.jpg","contentUrl":"https:\/\/beebipood.ee\/wp-content\/uploads\/2013\/09\/MaxiCosi-soogitool-Nesta-natural-SOODUSPAKKUMISED-Sootmistoolid-Beebi-ja-lastetarbed_1-04e.jpg","width":1200,"height":1200},{"@type":"BreadcrumbList","@id":"https:\/\/beebipood.ee\/ru\/produkt\/maxi-cosi-nesta-soogitool-natural\/#breadcrumb","itemListElement":[{"@type":"ListItem","position":1,"name":"Home","item":"https:\/\/beebipood.ee\/ru\/"},{"@type":"ListItem","position":2,"name":"\u041a\u0430\u0442\u0430\u043b\u043e\u0433 \u0442\u043e\u0432\u0430\u0440\u043e\u0432","item":"https:\/\/beebipood.ee\/tooted\/"},{"@type":"ListItem","position":3,"name":"Maxi-Cosi Nesta s\u00f6\u00f6gitool, natural"}]},{"@type":"WebSite","@id":"https:\/\/beebipood.ee\/ru\/#website","url":"https:\/\/beebipood.ee\/ru\/","name":"Beebipood","description":"Lastekaubad, beebikaubad, m\u00e4nguasjad","publisher":{"@id":"https:\/\/beebipood.ee\/ru\/#organization"},"potentialAction":[{"@type":"SearchAction","target":{"@type":"EntryPoint","urlTemplate":"https:\/\/beebipood.ee\/ru\/?s={search_term_string}"},"query-input":{"@type":"PropertyValueSpecification","valueRequired":true,"valueName":"search_term_string"}}],"inLanguage":"ru-RU"},{"@type":"Organization","@id":"https:\/\/beebipood.ee\/ru\/#organization","name":"Beebipood","url":"https:\/\/beebipood.ee\/ru\/","logo":{"@type":"ImageObject","inLanguage":"ru-RU","@id":"https:\/\/beebipood.ee\/ru\/#\/schema\/logo\/image\/","url":"https:\/\/beebipood.ee\/wp-content\/uploads\/2025\/03\/beebipood.ee-logo-1.svg","contentUrl":"https:\/\/beebipood.ee\/wp-content\/uploads\/2025\/03\/beebipood.ee-logo-1.svg","caption":"Beebipood"},"image":{"@id":"https:\/\/beebipood.ee\/ru\/#\/schema\/logo\/image\/"}}]}},"brands":[{"id":11961,"name":"Maxi-Cosi","slug":"maxi-cosi-ru"}],"_links":{"self":[{"href":"https:\/\/beebipood.ee\/ru\/wp-json\/wp\/v2\/product\/454152","targetHints":{"allow":["GET"]}}],"collection":[{"href":"https:\/\/beebipood.ee\/ru\/wp-json\/wp\/v2\/product"}],"about":[{"href":"https:\/\/beebipood.ee\/ru\/wp-json\/wp\/v2\/types\/product"}],"wp:featuredmedia":[{"embeddable":true,"href":"https:\/\/beebipood.ee\/ru\/wp-json\/wp\/v2\/media\/99165"}],"wp:attachment":[{"href":"https:\/\/beebipood.ee\/ru\/wp-json\/wp\/v2\/media?parent=454152"}],"wp:term":[{"taxonomy":"pwb-brand","embeddable":true,"href":"https:\/\/beebipood.ee\/ru\/wp-json\/wp\/v2\/pwb-brand?post=454152"},{"taxonomy":"product_brand","embeddable":true,"href":"https:\/\/beebipood.ee\/ru\/wp-json\/wp\/v2\/product_brand?post=454152"},{"taxonomy":"product_cat","embeddable":true,"href":"https:\/\/beebipood.ee\/ru\/wp-json\/wp\/v2\/product_cat?post=454152"},{"taxonomy":"product_tag","embeddable":true,"href":"https:\/\/beebipood.ee\/ru\/wp-json\/wp\/v2\/product_tag?post=454152"}],"curies":[{"name":"wp","href":"https:\/\/api.w.org\/{rel}","templated":true}]}}