{"id":454156,"date":"2013-09-02T13:34:59","date_gmt":"2013-09-02T10:34:59","guid":{"rendered":"https:\/\/beebipood.ee\/toode\/beebitoakomplekt-kubi-valge\/"},"modified":"2025-01-09T10:52:42","modified_gmt":"2025-01-09T08:52:42","slug":"beebitoakomplekt-kubi-valge","status":"publish","type":"product","link":"https:\/\/beebipood.ee\/ru\/produkt\/beebitoakomplekt-kubi-valge\/","title":{"rendered":"Beebitoakomplekt Kubi, valge"},"content":{"rendered":"<p>Moodne beebivoodi koos puidust elementidega,<br \/>mis r\u00f5hutavad suurep\u00e4raselt skandinaavialikku disaini.<br \/>Valmistatud kvaliteetsest m\u00f6\u00f6bliplaadist ja tammepuidust<br \/>Voodi jalad ja pulgad on valmistatud naturaalsest tammepuidust<br \/>Viimistlus: valge\/natural<br \/>V\u00f5imalik k\u00fclje pulkasid \u00e4ra v\u00f5tta (2 tk.)<br \/>P\u00f5hi on reguleeritav kolmele(3) k\u00f5rgusele: 63 cm \/ 48 cm \/ 34 cm<br \/>Sobib nii poisi kui t\u00fcdruku tuppa<br \/>Valmistamisel on kasutatud kaasaegset tehnoloogiat ja A-klass tarvikuid ning furnituure<br \/>Parim toode perele kes hindab kvaliteeti ning huvitavat disain<br \/>Madrats ei ole hinna sees<br \/>Sobivat m\u00f5\u00f5tu madrats voodisse: laius 60 cm, pikkus 120 cm<br \/>Viimistlemisel on kasutatud ainult sertifitseeritud orgaanilisi v\u00e4rve<br \/>Toode vastab k\u00f5ikidele EN turvastandarditele<br \/>K\u00f5rgus 90cm Laius 66cm Pikkus 124cm<\/p>\n<p>Moodne kummut koos puidust elementidega,<br \/>mis r\u00f5hutavad suurep\u00e4raselt skandinaavialikku disaini.<br \/>Valmistatud kvaliteetsest MDP plaadist ja tamme t\u00e4ispuit<br \/>Kummuti k\u00e4epidemed ja jalad on valmistatud tammepuidust<br \/>viimistlus: valge\/natural<br \/>sobib nii poisi kui t\u00fcdruku tuppa<br \/>valmistamisel on kasutatud kaasaegset tehnoloogiat ja A-klass tarvikuid ning furnituure<br \/>parim toode perele kes hindab kvaliteeti ning huvitavat disain<br \/>sahtlid on varustatud on soft-close s\u00fcsteemiga<br \/>viimistlemisel on kasutatud ainult sertifitseeritud orgaanilisi v\u00e4rve<br \/>toode vastab k\u00f5ikidele EN turvastandarditele<br \/>K\u00f5rgus 90cm Laius 100cm S\u00fcgavus 47cm<\/p>\n<p>Moodne riidekapp koos puidust elementidega,<br \/>mis r\u00f5hutavad suurep\u00e4raselt skandinaavialikku disaini.<br \/>Valmistatud kvaliteetsest MDP plaadist ja tamme t\u00e4ispuit<br \/>Kapi k\u00e4epidemed ja jalad on valmistatud tammepuidust<br \/>viimistlus: valge\/natural<br \/>sobib nii poisi kui t\u00fcdruku tuppa<br \/>valmistamisel on kasutatud kaasaegset tehnoloogiat ja A-klass tarvikuid ning furnituure<br \/>parim toode perele kes hindab kvaliteeti ning huvitavat disain<br \/>uksed on varustatud aeglaselt sulguvate furnituuridega<br \/>uste taga on neli riiulit ja stange riputatavate riiete jaoks<br \/>viimistlemisel on kasutatud ainult sertifitseeritud orgaanilisi v\u00e4rve<br \/>toode vastab k\u00f5ikidele EN turvastandarditele<br \/>K\u00f5rgus 184cm Laius 100cm S\u00fcgavus 55cm<\/p>\n","protected":false},"excerpt":{"rendered":"<p>Moodne beebivoodi koos puidust elementidega,mis r\u00f5hutavad suurep\u00e4raselt skandinaavialikku disaini.Valmistatud kvaliteetsest m\u00f6\u00f6bliplaadist ja tammepuidustVoodi jalad ja pulgad on valmistatud naturaalsest tammepuidustViimistlus: valge\/naturalV\u00f5imalik k\u00fclje pulkasid \u00e4ra v\u00f5tta (2 tk.)P\u00f5hi on reguleeritav kolmele(3) k\u00f5rgusele: 63 cm \/ 48 cm \/ 34 cmSobib nii poisi kui t\u00fcdruku tuppaValmistamisel on kasutatud kaasaegset tehnoloogiat ja A-klass tarvikuid ning furnituureParim toode perele [&hellip;]<\/p>\n","protected":false},"featured_media":99194,"template":"","meta":{"_acf_changed":false},"pwb-brand":[11945],"product_brand":[],"product_cat":[11561,11789],"product_tag":[],"class_list":{"0":"post-454156","1":"product","2":"type-product","3":"status-publish","4":"has-post-thumbnail","6":"pwb-brand-kocot-kids-ru","7":"product_cat-tubade-komplektid-ru","8":"product_cat-lastemoobel-ja-sisustus-ru","9":"pa_manufacturer-kocotkids-ru","11":"first","12":"onbackorder","13":"sale","14":"taxable","15":"shipping-taxable","16":"purchasable","17":"product-type-simple"},"exclude_global_add_ons":[],"addons":[],"acf":[],"yoast_head":"<!-- This site is optimized with the Yoast SEO plugin v27.1.1 - https:\/\/yoast.com\/product\/yoast-seo-wordpress\/ -->\n<title>Beebitoakomplekt Kubi, valge, \u041a\u043e\u043c\u043f\u043b\u0435\u043a\u0442\u044b \u0434\u043b\u044f \u043a\u043e\u043c\u043d\u0430\u0442, M\u0435\u0431\u0435\u043b\u044c, Beebipood<\/title>\n<meta name=\"description\" content=\"Beebitoakomplekt Kubi, valge, Moodne beebivoodi koos puidust elementidega,mis r&otilde;hutavad suurep&auml;raselt skandinaavialikku disaini.Valmi\" \/>\n<meta name=\"robots\" content=\"index, follow, max-snippet:-1, max-image-preview:large, max-video-preview:-1\" \/>\n<link rel=\"canonical\" href=\"https:\/\/beebipood.ee\/ru\/produkt\/beebitoakomplekt-kubi-valge\/\" \/>\n<meta property=\"og:locale\" content=\"ru_RU\" \/>\n<meta property=\"og:type\" content=\"article\" \/>\n<meta property=\"og:title\" content=\"Beebitoakomplekt Kubi, valge, \u041a\u043e\u043c\u043f\u043b\u0435\u043a\u0442\u044b \u0434\u043b\u044f \u043a\u043e\u043c\u043d\u0430\u0442, M\u0435\u0431\u0435\u043b\u044c, Beebipood\" \/>\n<meta property=\"og:description\" content=\"Beebitoakomplekt Kubi, valge, Moodne beebivoodi koos puidust elementidega,mis r&otilde;hutavad suurep&auml;raselt skandinaavialikku disaini.Valmi\" \/>\n<meta property=\"og:url\" content=\"https:\/\/beebipood.ee\/ru\/produkt\/beebitoakomplekt-kubi-valge\/\" \/>\n<meta property=\"og:site_name\" content=\"Beebipood\" \/>\n<meta property=\"article:modified_time\" content=\"2025-01-09T08:52:42+00:00\" \/>\n<meta property=\"og:image\" content=\"https:\/\/beebipood.ee\/wp-content\/uploads\/2013\/09\/Beebitoakomplekt-Kubi-valge-Tubade-komplektid-Lastemoobel-ja-sisustus_1-365.jpg\" \/>\n\t<meta property=\"og:image:width\" content=\"1920\" \/>\n\t<meta property=\"og:image:height\" content=\"1247\" \/>\n\t<meta property=\"og:image:type\" content=\"image\/jpeg\" \/>\n<meta name=\"twitter:card\" content=\"summary_large_image\" \/>\n<meta name=\"twitter:label1\" content=\"\u041f\u0440\u0438\u043c\u0435\u0440\u043d\u043e\u0435 \u0432\u0440\u0435\u043c\u044f \u0434\u043b\u044f \u0447\u0442\u0435\u043d\u0438\u044f\" \/>\n\t<meta name=\"twitter:data1\" content=\"1 \u043c\u0438\u043d\u0443\u0442\u0430\" \/>\n<script type=\"application\/ld+json\" class=\"yoast-schema-graph\">{\"@context\":\"https:\/\/schema.org\",\"@graph\":[{\"@type\":\"WebPage\",\"@id\":\"https:\/\/beebipood.ee\/ru\/produkt\/beebitoakomplekt-kubi-valge\/\",\"url\":\"https:\/\/beebipood.ee\/ru\/produkt\/beebitoakomplekt-kubi-valge\/\",\"name\":\"Beebitoakomplekt Kubi, valge, \u041a\u043e\u043c\u043f\u043b\u0435\u043a\u0442\u044b \u0434\u043b\u044f \u043a\u043e\u043c\u043d\u0430\u0442, M\u0435\u0431\u0435\u043b\u044c, Beebipood\",\"isPartOf\":{\"@id\":\"https:\/\/beebipood.ee\/ru\/#website\"},\"primaryImageOfPage\":{\"@id\":\"https:\/\/beebipood.ee\/ru\/produkt\/beebitoakomplekt-kubi-valge\/#primaryimage\"},\"image\":{\"@id\":\"https:\/\/beebipood.ee\/ru\/produkt\/beebitoakomplekt-kubi-valge\/#primaryimage\"},\"thumbnailUrl\":\"https:\/\/beebipood.ee\/wp-content\/uploads\/2013\/09\/Beebitoakomplekt-Kubi-valge-Tubade-komplektid-Lastemoobel-ja-sisustus_1-365.jpg\",\"datePublished\":\"2013-09-02T10:34:59+00:00\",\"dateModified\":\"2025-01-09T08:52:42+00:00\",\"description\":\"Beebitoakomplekt Kubi, valge, Moodne beebivoodi koos puidust elementidega,mis r&otilde;hutavad suurep&auml;raselt skandinaavialikku disaini.Valmi\",\"breadcrumb\":{\"@id\":\"https:\/\/beebipood.ee\/ru\/produkt\/beebitoakomplekt-kubi-valge\/#breadcrumb\"},\"inLanguage\":\"ru-RU\",\"potentialAction\":[{\"@type\":\"ReadAction\",\"target\":[\"https:\/\/beebipood.ee\/ru\/produkt\/beebitoakomplekt-kubi-valge\/\"]}]},{\"@type\":\"ImageObject\",\"inLanguage\":\"ru-RU\",\"@id\":\"https:\/\/beebipood.ee\/ru\/produkt\/beebitoakomplekt-kubi-valge\/#primaryimage\",\"url\":\"https:\/\/beebipood.ee\/wp-content\/uploads\/2013\/09\/Beebitoakomplekt-Kubi-valge-Tubade-komplektid-Lastemoobel-ja-sisustus_1-365.jpg\",\"contentUrl\":\"https:\/\/beebipood.ee\/wp-content\/uploads\/2013\/09\/Beebitoakomplekt-Kubi-valge-Tubade-komplektid-Lastemoobel-ja-sisustus_1-365.jpg\",\"width\":1920,\"height\":1247},{\"@type\":\"BreadcrumbList\",\"@id\":\"https:\/\/beebipood.ee\/ru\/produkt\/beebitoakomplekt-kubi-valge\/#breadcrumb\",\"itemListElement\":[{\"@type\":\"ListItem\",\"position\":1,\"name\":\"Home\",\"item\":\"https:\/\/beebipood.ee\/ru\/\"},{\"@type\":\"ListItem\",\"position\":2,\"name\":\"\u041a\u0430\u0442\u0430\u043b\u043e\u0433 \u0442\u043e\u0432\u0430\u0440\u043e\u0432\",\"item\":\"https:\/\/beebipood.ee\/tooted\/\"},{\"@type\":\"ListItem\",\"position\":3,\"name\":\"Beebitoakomplekt Kubi, valge\"}]},{\"@type\":\"WebSite\",\"@id\":\"https:\/\/beebipood.ee\/ru\/#website\",\"url\":\"https:\/\/beebipood.ee\/ru\/\",\"name\":\"Beebipood\",\"description\":\"Lastekaubad, beebikaubad, m\u00e4nguasjad\",\"publisher\":{\"@id\":\"https:\/\/beebipood.ee\/ru\/#organization\"},\"potentialAction\":[{\"@type\":\"SearchAction\",\"target\":{\"@type\":\"EntryPoint\",\"urlTemplate\":\"https:\/\/beebipood.ee\/ru\/?s={search_term_string}\"},\"query-input\":{\"@type\":\"PropertyValueSpecification\",\"valueRequired\":true,\"valueName\":\"search_term_string\"}}],\"inLanguage\":\"ru-RU\"},{\"@type\":\"Organization\",\"@id\":\"https:\/\/beebipood.ee\/ru\/#organization\",\"name\":\"Beebipood\",\"url\":\"https:\/\/beebipood.ee\/ru\/\",\"logo\":{\"@type\":\"ImageObject\",\"inLanguage\":\"ru-RU\",\"@id\":\"https:\/\/beebipood.ee\/ru\/#\/schema\/logo\/image\/\",\"url\":\"https:\/\/beebipood.ee\/wp-content\/uploads\/2025\/03\/beebipood.ee-logo-1.svg\",\"contentUrl\":\"https:\/\/beebipood.ee\/wp-content\/uploads\/2025\/03\/beebipood.ee-logo-1.svg\",\"caption\":\"Beebipood\"},\"image\":{\"@id\":\"https:\/\/beebipood.ee\/ru\/#\/schema\/logo\/image\/\"}}]}<\/script>\n<!-- \/ Yoast SEO plugin. -->","yoast_head_json":{"title":"Beebitoakomplekt Kubi, valge, \u041a\u043e\u043c\u043f\u043b\u0435\u043a\u0442\u044b \u0434\u043b\u044f \u043a\u043e\u043c\u043d\u0430\u0442, M\u0435\u0431\u0435\u043b\u044c, Beebipood","description":"Beebitoakomplekt Kubi, valge, Moodne beebivoodi koos puidust elementidega,mis r&otilde;hutavad suurep&auml;raselt skandinaavialikku disaini.Valmi","robots":{"index":"index","follow":"follow","max-snippet":"max-snippet:-1","max-image-preview":"max-image-preview:large","max-video-preview":"max-video-preview:-1"},"canonical":"https:\/\/beebipood.ee\/ru\/produkt\/beebitoakomplekt-kubi-valge\/","og_locale":"ru_RU","og_type":"article","og_title":"Beebitoakomplekt Kubi, valge, \u041a\u043e\u043c\u043f\u043b\u0435\u043a\u0442\u044b \u0434\u043b\u044f \u043a\u043e\u043c\u043d\u0430\u0442, M\u0435\u0431\u0435\u043b\u044c, Beebipood","og_description":"Beebitoakomplekt Kubi, valge, Moodne beebivoodi koos puidust elementidega,mis r&otilde;hutavad suurep&auml;raselt skandinaavialikku disaini.Valmi","og_url":"https:\/\/beebipood.ee\/ru\/produkt\/beebitoakomplekt-kubi-valge\/","og_site_name":"Beebipood","article_modified_time":"2025-01-09T08:52:42+00:00","og_image":[{"width":1920,"height":1247,"url":"https:\/\/beebipood.ee\/wp-content\/uploads\/2013\/09\/Beebitoakomplekt-Kubi-valge-Tubade-komplektid-Lastemoobel-ja-sisustus_1-365.jpg","type":"image\/jpeg"}],"twitter_card":"summary_large_image","twitter_misc":{"\u041f\u0440\u0438\u043c\u0435\u0440\u043d\u043e\u0435 \u0432\u0440\u0435\u043c\u044f \u0434\u043b\u044f \u0447\u0442\u0435\u043d\u0438\u044f":"1 \u043c\u0438\u043d\u0443\u0442\u0430"},"schema":{"@context":"https:\/\/schema.org","@graph":[{"@type":"WebPage","@id":"https:\/\/beebipood.ee\/ru\/produkt\/beebitoakomplekt-kubi-valge\/","url":"https:\/\/beebipood.ee\/ru\/produkt\/beebitoakomplekt-kubi-valge\/","name":"Beebitoakomplekt Kubi, valge, \u041a\u043e\u043c\u043f\u043b\u0435\u043a\u0442\u044b \u0434\u043b\u044f \u043a\u043e\u043c\u043d\u0430\u0442, M\u0435\u0431\u0435\u043b\u044c, Beebipood","isPartOf":{"@id":"https:\/\/beebipood.ee\/ru\/#website"},"primaryImageOfPage":{"@id":"https:\/\/beebipood.ee\/ru\/produkt\/beebitoakomplekt-kubi-valge\/#primaryimage"},"image":{"@id":"https:\/\/beebipood.ee\/ru\/produkt\/beebitoakomplekt-kubi-valge\/#primaryimage"},"thumbnailUrl":"https:\/\/beebipood.ee\/wp-content\/uploads\/2013\/09\/Beebitoakomplekt-Kubi-valge-Tubade-komplektid-Lastemoobel-ja-sisustus_1-365.jpg","datePublished":"2013-09-02T10:34:59+00:00","dateModified":"2025-01-09T08:52:42+00:00","description":"Beebitoakomplekt Kubi, valge, Moodne beebivoodi koos puidust elementidega,mis r&otilde;hutavad suurep&auml;raselt skandinaavialikku disaini.Valmi","breadcrumb":{"@id":"https:\/\/beebipood.ee\/ru\/produkt\/beebitoakomplekt-kubi-valge\/#breadcrumb"},"inLanguage":"ru-RU","potentialAction":[{"@type":"ReadAction","target":["https:\/\/beebipood.ee\/ru\/produkt\/beebitoakomplekt-kubi-valge\/"]}]},{"@type":"ImageObject","inLanguage":"ru-RU","@id":"https:\/\/beebipood.ee\/ru\/produkt\/beebitoakomplekt-kubi-valge\/#primaryimage","url":"https:\/\/beebipood.ee\/wp-content\/uploads\/2013\/09\/Beebitoakomplekt-Kubi-valge-Tubade-komplektid-Lastemoobel-ja-sisustus_1-365.jpg","contentUrl":"https:\/\/beebipood.ee\/wp-content\/uploads\/2013\/09\/Beebitoakomplekt-Kubi-valge-Tubade-komplektid-Lastemoobel-ja-sisustus_1-365.jpg","width":1920,"height":1247},{"@type":"BreadcrumbList","@id":"https:\/\/beebipood.ee\/ru\/produkt\/beebitoakomplekt-kubi-valge\/#breadcrumb","itemListElement":[{"@type":"ListItem","position":1,"name":"Home","item":"https:\/\/beebipood.ee\/ru\/"},{"@type":"ListItem","position":2,"name":"\u041a\u0430\u0442\u0430\u043b\u043e\u0433 \u0442\u043e\u0432\u0430\u0440\u043e\u0432","item":"https:\/\/beebipood.ee\/tooted\/"},{"@type":"ListItem","position":3,"name":"Beebitoakomplekt Kubi, valge"}]},{"@type":"WebSite","@id":"https:\/\/beebipood.ee\/ru\/#website","url":"https:\/\/beebipood.ee\/ru\/","name":"Beebipood","description":"Lastekaubad, beebikaubad, m\u00e4nguasjad","publisher":{"@id":"https:\/\/beebipood.ee\/ru\/#organization"},"potentialAction":[{"@type":"SearchAction","target":{"@type":"EntryPoint","urlTemplate":"https:\/\/beebipood.ee\/ru\/?s={search_term_string}"},"query-input":{"@type":"PropertyValueSpecification","valueRequired":true,"valueName":"search_term_string"}}],"inLanguage":"ru-RU"},{"@type":"Organization","@id":"https:\/\/beebipood.ee\/ru\/#organization","name":"Beebipood","url":"https:\/\/beebipood.ee\/ru\/","logo":{"@type":"ImageObject","inLanguage":"ru-RU","@id":"https:\/\/beebipood.ee\/ru\/#\/schema\/logo\/image\/","url":"https:\/\/beebipood.ee\/wp-content\/uploads\/2025\/03\/beebipood.ee-logo-1.svg","contentUrl":"https:\/\/beebipood.ee\/wp-content\/uploads\/2025\/03\/beebipood.ee-logo-1.svg","caption":"Beebipood"},"image":{"@id":"https:\/\/beebipood.ee\/ru\/#\/schema\/logo\/image\/"}}]}},"brands":[{"id":11945,"name":"Kocot Kids","slug":"kocot-kids-ru"}],"_links":{"self":[{"href":"https:\/\/beebipood.ee\/ru\/wp-json\/wp\/v2\/product\/454156","targetHints":{"allow":["GET"]}}],"collection":[{"href":"https:\/\/beebipood.ee\/ru\/wp-json\/wp\/v2\/product"}],"about":[{"href":"https:\/\/beebipood.ee\/ru\/wp-json\/wp\/v2\/types\/product"}],"wp:featuredmedia":[{"embeddable":true,"href":"https:\/\/beebipood.ee\/ru\/wp-json\/wp\/v2\/media\/99194"}],"wp:attachment":[{"href":"https:\/\/beebipood.ee\/ru\/wp-json\/wp\/v2\/media?parent=454156"}],"wp:term":[{"taxonomy":"pwb-brand","embeddable":true,"href":"https:\/\/beebipood.ee\/ru\/wp-json\/wp\/v2\/pwb-brand?post=454156"},{"taxonomy":"product_brand","embeddable":true,"href":"https:\/\/beebipood.ee\/ru\/wp-json\/wp\/v2\/product_brand?post=454156"},{"taxonomy":"product_cat","embeddable":true,"href":"https:\/\/beebipood.ee\/ru\/wp-json\/wp\/v2\/product_cat?post=454156"},{"taxonomy":"product_tag","embeddable":true,"href":"https:\/\/beebipood.ee\/ru\/wp-json\/wp\/v2\/product_tag?post=454156"}],"curies":[{"name":"wp","href":"https:\/\/api.w.org\/{rel}","templated":true}]}}