{"id":454160,"date":"2013-09-02T13:35:01","date_gmt":"2013-09-02T10:35:01","guid":{"rendered":"https:\/\/beebipood.ee\/toode\/thule-chariot-sport-single-jalgrattahaagis-spectra-yellow\/"},"modified":"2025-04-17T15:00:03","modified_gmt":"2025-04-17T12:00:03","slug":"thule-chariot-sport-2-single-jalgrattahaagis-natural-gold","status":"publish","type":"product","link":"https:\/\/beebipood.ee\/ru\/produkt\/thule-chariot-sport-2-single-jalgrattahaagis-natural-gold\/","title":{"rendered":"Thule Chariot Sport 2 Single jalgrattahaagis, Natural Gold"},"content":{"rendered":"<p>Thule Chariot Sport 2<br \/>\nTippkvaliteediga jooksu- ja jalutusk\u00e4ru, mis pakub sportlastele<br \/>\nja nende lastele suurep\u00e4raseid t\u00f6\u00f6omadusi, mugavust ja stiili.<br \/>\nSisaldab komplekte Standard, Comfort ja Sport.<br \/>\n<strong>Omadused<\/strong><br \/>\nNeli tegevust \u2013 loodud suurep\u00e4raste saavutuste jaoks nii jalgrattaga s\u00f5ites,<br \/>\njoostes, jalutades kui ka suusatades<br \/>\nKompaktselt kokkuklapitav \u2013 nii on k\u00e4ru mugav kaasas kanda<br \/>\nLangetatava seljatoega iste \u2013 mugavalt \u00fche k\u00e4ega langetatav.<br \/>\nSeljatoed saab langetada \u00fckshaaval<br \/>\nThule VersaWing-s\u00fcsteem \u2013 v\u00f5imaldab olenemata kasutatavast komplektist<br \/>\nkiiresti ja h\u00f5lpsalt \u00fche tegevuse teise vastu vahetada<br \/>\nReguleeritav vedrustus, t\u00e4ielikult polsterdatud istmed<br \/>\nja reguleeritava kliimaga istumisruum koos eemaldatavate akende j<br \/>\na muudetava asendiga p\u00e4ikesevarjuga tagab sujuva s\u00f5idu<br \/>\nK\u00e4ega rakendatav ketaspidur \u2013 parandab juhtimist j\u00e4rsemal maastikul ja jooksmise ajal<br \/>\nReguleeritavad kliimaga istumisruum \u2013 eemaldatavad aknad<br \/>\nja muudetava asendiga p\u00e4ikesevari<br \/>\nEriti mugavad t\u00e4ielikult polsterdatud istmed \u2013 eemaldatavad ja h\u00f5lpsalt puhastatavad<br \/>\nXL-suuruses hoiuruum \u2013 saab jooksmisel suuremaks liikumismugavuseks kokku panna<br \/>\nKomplekti kuulub ka n\u00e4htavust ja ohutust suurendav tagatuli<br \/>\nThule Click n\u2019 Store \u2013 h\u00f5lpsalt hoiustatavad kohanduskomplektid<br \/>\nvaheldumisi jalutamiseks, jooksmiseks ja jalgrattas\u00f5iduks<br \/>\nH\u00f5lpsalt reguleeritavad ventilatsiooniavad optimeerivad \u00f5huvoolu<br \/>\nning kliimaseade ja eemaldatavad klambrid suurendavad ventilatsiooni<br \/>\nvihmakatte kasutamisel<br \/>\nReguleeritav juhtraud \u2013 ergonoomiline reguleeritav juhtraud<br \/>\ntagab vanemale mugava kasutuse<br \/>\nKomplekt Standard (komplekti sisu) \u2013 ratta- ja jalutuskomplekt,<br \/>\ntuulutusavad ja tuli, vedrustus, reguleeritav juhtraud, lihtne kokku klappida<br \/>\nKomplekt Comfort (komplekti sisu) \u2013 langetatava seljatoega iste,<br \/>\nreguleeritav vedrustus ja eraldi hoiuruum<br \/>\nKomplekt Sport (komplekti sisu) \u2013 sobib ideaalselt jooksmiseks,<br \/>\n\u00fche k\u00e4ega rakendatavad ketaspidurid, eemaldatavad k\u00fclgpaneelid\/aknad<br \/>\nja t\u00e4ielikult polsterdatud istmed<br \/>\n<strong>Tehnilised andmed<\/strong><br \/>\nKandev\u00f5ime: 34 kg<br \/>\nM\u00f5\u00f5tmed kokkupandult: 86.3 x 63.3 x 37.5 cm<br \/>\nKaal: 15,7 kg<br \/>\n\u00d5lalaius: 40.5 cm<br \/>\nIstumisk\u00f5rgus: 64 cm<br \/>\nLaius: 65,1 cm<br \/>\nTurvarihm: Viie punkti<br \/>\nVastab ohutusstandarditele: Jah<br \/>\nLapsed: 1 laps<\/p>\n","protected":false},"excerpt":{"rendered":"<p>Thule Chariot Sport 2 Tippkvaliteediga jooksu- ja jalutusk\u00e4ru, mis pakub sportlastele ja nende lastele suurep\u00e4raseid t\u00f6\u00f6omadusi, mugavust ja stiili. Sisaldab komplekte Standard, Comfort ja Sport. Omadused Neli tegevust \u2013 loodud suurep\u00e4raste saavutuste jaoks nii jalgrattaga s\u00f5ites, joostes, jalutades kui ka suusatades Kompaktselt kokkuklapitav \u2013 nii on k\u00e4ru mugav kaasas kanda Langetatava seljatoega iste \u2013 mugavalt [&hellip;]<\/p>\n","protected":false},"featured_media":503923,"template":"","meta":{"_acf_changed":false},"pwb-brand":[11980],"product_brand":[],"product_cat":[11841,11847,11573,11721,11717],"product_tag":[],"class_list":{"0":"post-454160","1":"product","2":"type-product","3":"status-publish","4":"has-post-thumbnail","6":"pwb-brand-thule-ru","7":"product_cat-jalgrattahaagised-ru","8":"product_cat-thule-ru","9":"product_cat-sooduspakkumised-ru","10":"product_cat-jalutuskarud-ru","11":"product_cat-lastevankrid-ja-karud-ru","12":"pa_manufacturer-thule-ru","14":"first","15":"onbackorder","16":"sale","17":"taxable","18":"shipping-taxable","19":"purchasable","20":"product-type-simple"},"exclude_global_add_ons":[],"addons":[],"acf":[],"yoast_head":"<!-- This site is optimized with the Yoast SEO plugin v27.1.1 - https:\/\/yoast.com\/product\/yoast-seo-wordpress\/ -->\n<title>Thule Chariot Sport Single jalgrattahaagis, Spectra Yellow, \u0421\u041a\u0418\u0414\u041a\u0418, \u041a\u043e\u043b\u044f\u0441\u043a\u0438, \u041f\u0440\u043e\u0433\u0443\u043b\u043e\u0447\u043d\u044b\u0435 \u043a\u043e\u043b\u044f\u0441\u043a\u0438, \u041f\u0440\u0438\u0446\u0435\u043f\u044b \u0434\u043b\u044f \u0432\u0435\u043b\u043e\u0441\u0438\u043f\u0435\u0434\u0430, THULE, Beebipood<\/title>\n<meta name=\"description\" content=\"Thule Chariot Sport Single jalgrattahaagis, Spectra Yellow, Thule Chariot SportTippkvaliteediga jooksu- ja jalutusk\u00e4ru, mis pak\" \/>\n<meta name=\"robots\" content=\"index, follow, max-snippet:-1, max-image-preview:large, max-video-preview:-1\" \/>\n<link rel=\"canonical\" href=\"https:\/\/beebipood.ee\/ru\/produkt\/thule-chariot-sport-2-single-jalgrattahaagis-natural-gold\/\" \/>\n<meta property=\"og:locale\" content=\"ru_RU\" \/>\n<meta property=\"og:type\" content=\"article\" \/>\n<meta property=\"og:title\" content=\"Thule Chariot Sport Single jalgrattahaagis, Spectra Yellow, \u0421\u041a\u0418\u0414\u041a\u0418, \u041a\u043e\u043b\u044f\u0441\u043a\u0438, \u041f\u0440\u043e\u0433\u0443\u043b\u043e\u0447\u043d\u044b\u0435 \u043a\u043e\u043b\u044f\u0441\u043a\u0438, \u041f\u0440\u0438\u0446\u0435\u043f\u044b \u0434\u043b\u044f \u0432\u0435\u043b\u043e\u0441\u0438\u043f\u0435\u0434\u0430, THULE, Beebipood\" \/>\n<meta property=\"og:description\" content=\"Thule Chariot Sport Single jalgrattahaagis, Spectra Yellow, Thule Chariot SportTippkvaliteediga jooksu- ja jalutusk\u00e4ru, mis pak\" \/>\n<meta property=\"og:url\" content=\"https:\/\/beebipood.ee\/ru\/produkt\/thule-chariot-sport-2-single-jalgrattahaagis-natural-gold\/\" \/>\n<meta property=\"og:site_name\" content=\"Beebipood\" \/>\n<meta property=\"article:modified_time\" content=\"2025-04-17T12:00:03+00:00\" \/>\n<meta property=\"og:image\" content=\"https:\/\/beebipood.ee\/wp-content\/uploads\/2013\/09\/chariot-sport-2-single-bike-trailer-1seat-natural-gold.webp\" \/>\n\t<meta property=\"og:image:width\" content=\"2000\" \/>\n\t<meta property=\"og:image:height\" content=\"2000\" \/>\n\t<meta property=\"og:image:type\" content=\"image\/webp\" \/>\n<meta name=\"twitter:card\" content=\"summary_large_image\" \/>\n<meta name=\"twitter:label1\" content=\"\u041f\u0440\u0438\u043c\u0435\u0440\u043d\u043e\u0435 \u0432\u0440\u0435\u043c\u044f \u0434\u043b\u044f \u0447\u0442\u0435\u043d\u0438\u044f\" \/>\n\t<meta name=\"twitter:data1\" content=\"2 \u043c\u0438\u043d\u0443\u0442\u044b\" \/>\n<script type=\"application\/ld+json\" class=\"yoast-schema-graph\">{\"@context\":\"https:\/\/schema.org\",\"@graph\":[{\"@type\":\"WebPage\",\"@id\":\"https:\/\/beebipood.ee\/ru\/produkt\/thule-chariot-sport-2-single-jalgrattahaagis-natural-gold\/\",\"url\":\"https:\/\/beebipood.ee\/ru\/produkt\/thule-chariot-sport-2-single-jalgrattahaagis-natural-gold\/\",\"name\":\"Thule Chariot Sport Single jalgrattahaagis, Spectra Yellow, \u0421\u041a\u0418\u0414\u041a\u0418, \u041a\u043e\u043b\u044f\u0441\u043a\u0438, \u041f\u0440\u043e\u0433\u0443\u043b\u043e\u0447\u043d\u044b\u0435 \u043a\u043e\u043b\u044f\u0441\u043a\u0438, \u041f\u0440\u0438\u0446\u0435\u043f\u044b \u0434\u043b\u044f \u0432\u0435\u043b\u043e\u0441\u0438\u043f\u0435\u0434\u0430, THULE, Beebipood\",\"isPartOf\":{\"@id\":\"https:\/\/beebipood.ee\/ru\/#website\"},\"primaryImageOfPage\":{\"@id\":\"https:\/\/beebipood.ee\/ru\/produkt\/thule-chariot-sport-2-single-jalgrattahaagis-natural-gold\/#primaryimage\"},\"image\":{\"@id\":\"https:\/\/beebipood.ee\/ru\/produkt\/thule-chariot-sport-2-single-jalgrattahaagis-natural-gold\/#primaryimage\"},\"thumbnailUrl\":\"https:\/\/beebipood.ee\/wp-content\/uploads\/2013\/09\/chariot-sport-2-single-bike-trailer-1seat-natural-gold.webp\",\"datePublished\":\"2013-09-02T10:35:01+00:00\",\"dateModified\":\"2025-04-17T12:00:03+00:00\",\"description\":\"Thule Chariot Sport Single jalgrattahaagis, Spectra Yellow, Thule Chariot SportTippkvaliteediga jooksu- ja jalutusk\u00e4ru, mis pak\",\"breadcrumb\":{\"@id\":\"https:\/\/beebipood.ee\/ru\/produkt\/thule-chariot-sport-2-single-jalgrattahaagis-natural-gold\/#breadcrumb\"},\"inLanguage\":\"ru-RU\",\"potentialAction\":[{\"@type\":\"ReadAction\",\"target\":[\"https:\/\/beebipood.ee\/ru\/produkt\/thule-chariot-sport-2-single-jalgrattahaagis-natural-gold\/\"]}]},{\"@type\":\"ImageObject\",\"inLanguage\":\"ru-RU\",\"@id\":\"https:\/\/beebipood.ee\/ru\/produkt\/thule-chariot-sport-2-single-jalgrattahaagis-natural-gold\/#primaryimage\",\"url\":\"https:\/\/beebipood.ee\/wp-content\/uploads\/2013\/09\/chariot-sport-2-single-bike-trailer-1seat-natural-gold.webp\",\"contentUrl\":\"https:\/\/beebipood.ee\/wp-content\/uploads\/2013\/09\/chariot-sport-2-single-bike-trailer-1seat-natural-gold.webp\",\"width\":2000,\"height\":2000},{\"@type\":\"BreadcrumbList\",\"@id\":\"https:\/\/beebipood.ee\/ru\/produkt\/thule-chariot-sport-2-single-jalgrattahaagis-natural-gold\/#breadcrumb\",\"itemListElement\":[{\"@type\":\"ListItem\",\"position\":1,\"name\":\"Home\",\"item\":\"https:\/\/beebipood.ee\/ru\/\"},{\"@type\":\"ListItem\",\"position\":2,\"name\":\"\u041a\u0430\u0442\u0430\u043b\u043e\u0433 \u0442\u043e\u0432\u0430\u0440\u043e\u0432\",\"item\":\"https:\/\/beebipood.ee\/tooted\/\"},{\"@type\":\"ListItem\",\"position\":3,\"name\":\"Thule Chariot Sport 2 Single jalgrattahaagis, Natural Gold\"}]},{\"@type\":\"WebSite\",\"@id\":\"https:\/\/beebipood.ee\/ru\/#website\",\"url\":\"https:\/\/beebipood.ee\/ru\/\",\"name\":\"Beebipood\",\"description\":\"Lastekaubad, beebikaubad, m\u00e4nguasjad\",\"publisher\":{\"@id\":\"https:\/\/beebipood.ee\/ru\/#organization\"},\"potentialAction\":[{\"@type\":\"SearchAction\",\"target\":{\"@type\":\"EntryPoint\",\"urlTemplate\":\"https:\/\/beebipood.ee\/ru\/?s={search_term_string}\"},\"query-input\":{\"@type\":\"PropertyValueSpecification\",\"valueRequired\":true,\"valueName\":\"search_term_string\"}}],\"inLanguage\":\"ru-RU\"},{\"@type\":\"Organization\",\"@id\":\"https:\/\/beebipood.ee\/ru\/#organization\",\"name\":\"Beebipood\",\"url\":\"https:\/\/beebipood.ee\/ru\/\",\"logo\":{\"@type\":\"ImageObject\",\"inLanguage\":\"ru-RU\",\"@id\":\"https:\/\/beebipood.ee\/ru\/#\/schema\/logo\/image\/\",\"url\":\"https:\/\/beebipood.ee\/wp-content\/uploads\/2025\/03\/beebipood.ee-logo-1.svg\",\"contentUrl\":\"https:\/\/beebipood.ee\/wp-content\/uploads\/2025\/03\/beebipood.ee-logo-1.svg\",\"caption\":\"Beebipood\"},\"image\":{\"@id\":\"https:\/\/beebipood.ee\/ru\/#\/schema\/logo\/image\/\"}}]}<\/script>\n<!-- \/ Yoast SEO plugin. -->","yoast_head_json":{"title":"Thule Chariot Sport Single jalgrattahaagis, Spectra Yellow, \u0421\u041a\u0418\u0414\u041a\u0418, \u041a\u043e\u043b\u044f\u0441\u043a\u0438, \u041f\u0440\u043e\u0433\u0443\u043b\u043e\u0447\u043d\u044b\u0435 \u043a\u043e\u043b\u044f\u0441\u043a\u0438, \u041f\u0440\u0438\u0446\u0435\u043f\u044b \u0434\u043b\u044f \u0432\u0435\u043b\u043e\u0441\u0438\u043f\u0435\u0434\u0430, THULE, Beebipood","description":"Thule Chariot Sport Single jalgrattahaagis, Spectra Yellow, Thule Chariot SportTippkvaliteediga jooksu- ja jalutusk\u00e4ru, mis pak","robots":{"index":"index","follow":"follow","max-snippet":"max-snippet:-1","max-image-preview":"max-image-preview:large","max-video-preview":"max-video-preview:-1"},"canonical":"https:\/\/beebipood.ee\/ru\/produkt\/thule-chariot-sport-2-single-jalgrattahaagis-natural-gold\/","og_locale":"ru_RU","og_type":"article","og_title":"Thule Chariot Sport Single jalgrattahaagis, Spectra Yellow, \u0421\u041a\u0418\u0414\u041a\u0418, \u041a\u043e\u043b\u044f\u0441\u043a\u0438, \u041f\u0440\u043e\u0433\u0443\u043b\u043e\u0447\u043d\u044b\u0435 \u043a\u043e\u043b\u044f\u0441\u043a\u0438, \u041f\u0440\u0438\u0446\u0435\u043f\u044b \u0434\u043b\u044f \u0432\u0435\u043b\u043e\u0441\u0438\u043f\u0435\u0434\u0430, THULE, Beebipood","og_description":"Thule Chariot Sport Single jalgrattahaagis, Spectra Yellow, Thule Chariot SportTippkvaliteediga jooksu- ja jalutusk\u00e4ru, mis pak","og_url":"https:\/\/beebipood.ee\/ru\/produkt\/thule-chariot-sport-2-single-jalgrattahaagis-natural-gold\/","og_site_name":"Beebipood","article_modified_time":"2025-04-17T12:00:03+00:00","og_image":[{"width":2000,"height":2000,"url":"https:\/\/beebipood.ee\/wp-content\/uploads\/2013\/09\/chariot-sport-2-single-bike-trailer-1seat-natural-gold.webp","type":"image\/webp"}],"twitter_card":"summary_large_image","twitter_misc":{"\u041f\u0440\u0438\u043c\u0435\u0440\u043d\u043e\u0435 \u0432\u0440\u0435\u043c\u044f \u0434\u043b\u044f \u0447\u0442\u0435\u043d\u0438\u044f":"2 \u043c\u0438\u043d\u0443\u0442\u044b"},"schema":{"@context":"https:\/\/schema.org","@graph":[{"@type":"WebPage","@id":"https:\/\/beebipood.ee\/ru\/produkt\/thule-chariot-sport-2-single-jalgrattahaagis-natural-gold\/","url":"https:\/\/beebipood.ee\/ru\/produkt\/thule-chariot-sport-2-single-jalgrattahaagis-natural-gold\/","name":"Thule Chariot Sport Single jalgrattahaagis, Spectra Yellow, \u0421\u041a\u0418\u0414\u041a\u0418, \u041a\u043e\u043b\u044f\u0441\u043a\u0438, \u041f\u0440\u043e\u0433\u0443\u043b\u043e\u0447\u043d\u044b\u0435 \u043a\u043e\u043b\u044f\u0441\u043a\u0438, \u041f\u0440\u0438\u0446\u0435\u043f\u044b \u0434\u043b\u044f \u0432\u0435\u043b\u043e\u0441\u0438\u043f\u0435\u0434\u0430, THULE, Beebipood","isPartOf":{"@id":"https:\/\/beebipood.ee\/ru\/#website"},"primaryImageOfPage":{"@id":"https:\/\/beebipood.ee\/ru\/produkt\/thule-chariot-sport-2-single-jalgrattahaagis-natural-gold\/#primaryimage"},"image":{"@id":"https:\/\/beebipood.ee\/ru\/produkt\/thule-chariot-sport-2-single-jalgrattahaagis-natural-gold\/#primaryimage"},"thumbnailUrl":"https:\/\/beebipood.ee\/wp-content\/uploads\/2013\/09\/chariot-sport-2-single-bike-trailer-1seat-natural-gold.webp","datePublished":"2013-09-02T10:35:01+00:00","dateModified":"2025-04-17T12:00:03+00:00","description":"Thule Chariot Sport Single jalgrattahaagis, Spectra Yellow, Thule Chariot SportTippkvaliteediga jooksu- ja jalutusk\u00e4ru, mis pak","breadcrumb":{"@id":"https:\/\/beebipood.ee\/ru\/produkt\/thule-chariot-sport-2-single-jalgrattahaagis-natural-gold\/#breadcrumb"},"inLanguage":"ru-RU","potentialAction":[{"@type":"ReadAction","target":["https:\/\/beebipood.ee\/ru\/produkt\/thule-chariot-sport-2-single-jalgrattahaagis-natural-gold\/"]}]},{"@type":"ImageObject","inLanguage":"ru-RU","@id":"https:\/\/beebipood.ee\/ru\/produkt\/thule-chariot-sport-2-single-jalgrattahaagis-natural-gold\/#primaryimage","url":"https:\/\/beebipood.ee\/wp-content\/uploads\/2013\/09\/chariot-sport-2-single-bike-trailer-1seat-natural-gold.webp","contentUrl":"https:\/\/beebipood.ee\/wp-content\/uploads\/2013\/09\/chariot-sport-2-single-bike-trailer-1seat-natural-gold.webp","width":2000,"height":2000},{"@type":"BreadcrumbList","@id":"https:\/\/beebipood.ee\/ru\/produkt\/thule-chariot-sport-2-single-jalgrattahaagis-natural-gold\/#breadcrumb","itemListElement":[{"@type":"ListItem","position":1,"name":"Home","item":"https:\/\/beebipood.ee\/ru\/"},{"@type":"ListItem","position":2,"name":"\u041a\u0430\u0442\u0430\u043b\u043e\u0433 \u0442\u043e\u0432\u0430\u0440\u043e\u0432","item":"https:\/\/beebipood.ee\/tooted\/"},{"@type":"ListItem","position":3,"name":"Thule Chariot Sport 2 Single jalgrattahaagis, Natural Gold"}]},{"@type":"WebSite","@id":"https:\/\/beebipood.ee\/ru\/#website","url":"https:\/\/beebipood.ee\/ru\/","name":"Beebipood","description":"Lastekaubad, beebikaubad, m\u00e4nguasjad","publisher":{"@id":"https:\/\/beebipood.ee\/ru\/#organization"},"potentialAction":[{"@type":"SearchAction","target":{"@type":"EntryPoint","urlTemplate":"https:\/\/beebipood.ee\/ru\/?s={search_term_string}"},"query-input":{"@type":"PropertyValueSpecification","valueRequired":true,"valueName":"search_term_string"}}],"inLanguage":"ru-RU"},{"@type":"Organization","@id":"https:\/\/beebipood.ee\/ru\/#organization","name":"Beebipood","url":"https:\/\/beebipood.ee\/ru\/","logo":{"@type":"ImageObject","inLanguage":"ru-RU","@id":"https:\/\/beebipood.ee\/ru\/#\/schema\/logo\/image\/","url":"https:\/\/beebipood.ee\/wp-content\/uploads\/2025\/03\/beebipood.ee-logo-1.svg","contentUrl":"https:\/\/beebipood.ee\/wp-content\/uploads\/2025\/03\/beebipood.ee-logo-1.svg","caption":"Beebipood"},"image":{"@id":"https:\/\/beebipood.ee\/ru\/#\/schema\/logo\/image\/"}}]}},"brands":[{"id":11980,"name":"THULE","slug":"thule-ru"}],"_links":{"self":[{"href":"https:\/\/beebipood.ee\/ru\/wp-json\/wp\/v2\/product\/454160","targetHints":{"allow":["GET"]}}],"collection":[{"href":"https:\/\/beebipood.ee\/ru\/wp-json\/wp\/v2\/product"}],"about":[{"href":"https:\/\/beebipood.ee\/ru\/wp-json\/wp\/v2\/types\/product"}],"wp:featuredmedia":[{"embeddable":true,"href":"https:\/\/beebipood.ee\/ru\/wp-json\/wp\/v2\/media\/503923"}],"wp:attachment":[{"href":"https:\/\/beebipood.ee\/ru\/wp-json\/wp\/v2\/media?parent=454160"}],"wp:term":[{"taxonomy":"pwb-brand","embeddable":true,"href":"https:\/\/beebipood.ee\/ru\/wp-json\/wp\/v2\/pwb-brand?post=454160"},{"taxonomy":"product_brand","embeddable":true,"href":"https:\/\/beebipood.ee\/ru\/wp-json\/wp\/v2\/product_brand?post=454160"},{"taxonomy":"product_cat","embeddable":true,"href":"https:\/\/beebipood.ee\/ru\/wp-json\/wp\/v2\/product_cat?post=454160"},{"taxonomy":"product_tag","embeddable":true,"href":"https:\/\/beebipood.ee\/ru\/wp-json\/wp\/v2\/product_tag?post=454160"}],"curies":[{"name":"wp","href":"https:\/\/api.w.org\/{rel}","templated":true}]}}