{"id":454172,"date":"2026-03-02T13:30:15","date_gmt":"2026-03-02T11:30:15","guid":{"rendered":"https:\/\/beebipood.ee\/toode\/klippan-klippa-i-size-turvaiste-125-150cm-black\/"},"modified":"2026-03-02T13:31:34","modified_gmt":"2026-03-02T11:31:34","slug":"klippan-klippa-i-size-turvaiste-125-150cm-black","status":"publish","type":"product","link":"https:\/\/beebipood.ee\/ru\/produkt\/klippan-klippa-i-size-turvaiste-125-150cm-black\/","title":{"rendered":"Klippan Klippa i-Size turvaiste 125-150cm, Black"},"content":{"rendered":"<p>Lihtsasti ja mugavasti kasutatav auto turvaiste,<br \/>\nmis on m\u00f5eldud lastele pikkusega 125-150cm.<br \/>\nISOFIX kinnitusega turvaistmele saab last kinnitada ainult auto turvav\u00f6\u00f6ga.<br \/>\nSOFIX kinnitus hoiab turvaistme ilusti paigal ka siis, kui last parasjagu seal ei istu<br \/>\nPehme polsterdusega istumisosa<br \/>\nHingav kangas<br \/>\nK\u00e4etoed<br \/>\nHeakskiidetud R129\/03 standardi j\u00e4rgi kategoorias 125-150cm.<br \/>\nSisseehitatud turvav\u00f6\u00f6 suunaja \u00f5lav\u00f6\u00f6 jaoks.<br \/>\nTurvav\u00f6\u00f6 suunaja tagab auto turvav\u00f6\u00f6 \u00f5ige k\u00f5rguse ja asendi<br \/>\nIsofix kinnitused.<br \/>\nM\u00f5\u00f5dud:<br \/>\nIstme kaal 2,8kg<br \/>\nIstme laius: 43cm<br \/>\nIstme s\u00fcgavus: 40cm<\/p>\n","protected":false},"excerpt":{"rendered":"<p>Lihtsasti ja mugavasti kasutatav auto turvaiste, mis on m\u00f5eldud lastele pikkusega 125-150cm. ISOFIX kinnitusega turvaistmele saab last kinnitada ainult auto turvav\u00f6\u00f6ga. SOFIX kinnitus hoiab turvaistme ilusti paigal ka siis, kui last parasjagu seal ei istu Pehme polsterdusega istumisosa Hingav kangas K\u00e4etoed Heakskiidetud R129\/03 standardi j\u00e4rgi kategoorias 125-150cm. Sisseehitatud turvav\u00f6\u00f6 suunaja \u00f5lav\u00f6\u00f6 jaoks. Turvav\u00f6\u00f6 suunaja tagab [&hellip;]<\/p>\n","protected":false},"featured_media":512088,"template":"","meta":{"_acf_changed":false},"pwb-brand":[11963],"product_brand":[],"product_cat":[11573,11727,11741,11791],"product_tag":[],"class_list":{"0":"post-454172","1":"product","2":"type-product","3":"status-publish","4":"has-post-thumbnail","6":"pwb-brand-klippan-ru","7":"product_cat-sooduspakkumised-ru","8":"product_cat-turvatoolid-hallid-ru","9":"product_cat-turvaistmed-ru","10":"product_cat-turvavarustus-ru","11":"pa_manufacturer-klippan-ru","13":"first","14":"instock","15":"sale","16":"taxable","17":"shipping-taxable","18":"purchasable","19":"product-type-simple"},"exclude_global_add_ons":[],"addons":[],"acf":[],"yoast_head":"<!-- This site is optimized with the Yoast SEO plugin v27.1.1 - https:\/\/yoast.com\/product\/yoast-seo-wordpress\/ -->\n<title>Klippan Klippa i-Size turvaiste 125-150cm, Black, \u0410\u0432\u0442\u043e\u043a\u0440\u0435\u0441\u043b\u0430, \u043b\u044e\u043b\u044c\u043a\u0438, \u0414\u0435\u0442\u0441\u043a\u043e\u0435 \u043a\u0440\u0435\u0441\u043b\u043e, \u0421\u043d\u0430\u0440\u044f\u0436\u0435\u043d\u0438\u044f \u0431\u0435\u0437\u043e\u043f\u0430\u0441\u043d\u043e\u0441\u0442\u0438, Beebipood<\/title>\n<meta name=\"description\" content=\"Klippan Klippa i-Size turvaiste 125-150cm, Black, Lihtsasti ja mugavasti kasutatav auto turvaiste, mis on m\u00f5eldud lastele pikkusega 125-150cm.&lt;b\" \/>\n<meta name=\"robots\" content=\"index, follow, max-snippet:-1, max-image-preview:large, max-video-preview:-1\" \/>\n<link rel=\"canonical\" href=\"https:\/\/beebipood.ee\/ru\/produkt\/klippan-klippa-i-size-turvaiste-125-150cm-black\/\" \/>\n<meta property=\"og:locale\" content=\"ru_RU\" \/>\n<meta property=\"og:type\" content=\"article\" \/>\n<meta property=\"og:title\" content=\"Klippan Klippa i-Size turvaiste 125-150cm, Black, \u0410\u0432\u0442\u043e\u043a\u0440\u0435\u0441\u043b\u0430, \u043b\u044e\u043b\u044c\u043a\u0438, \u0414\u0435\u0442\u0441\u043a\u043e\u0435 \u043a\u0440\u0435\u0441\u043b\u043e, \u0421\u043d\u0430\u0440\u044f\u0436\u0435\u043d\u0438\u044f \u0431\u0435\u0437\u043e\u043f\u0430\u0441\u043d\u043e\u0441\u0442\u0438, Beebipood\" \/>\n<meta property=\"og:description\" content=\"Klippan Klippa i-Size turvaiste 125-150cm, Black, Lihtsasti ja mugavasti kasutatav auto turvaiste, mis on m\u00f5eldud lastele pikkusega 125-150cm.&lt;b\" \/>\n<meta property=\"og:url\" content=\"https:\/\/beebipood.ee\/ru\/produkt\/klippan-klippa-i-size-turvaiste-125-150cm-black\/\" \/>\n<meta property=\"og:site_name\" content=\"Beebipood\" \/>\n<meta property=\"article:modified_time\" content=\"2026-03-02T11:31:34+00:00\" \/>\n<meta property=\"og:image\" content=\"https:\/\/beebipood.ee\/wp-content\/uploads\/2013\/09\/klippan-klippa-i-size-turvaiste-125-150cm-black14.jpg\" \/>\n\t<meta property=\"og:image:width\" content=\"1247\" \/>\n\t<meta property=\"og:image:height\" content=\"1080\" \/>\n\t<meta property=\"og:image:type\" content=\"image\/jpeg\" \/>\n<meta name=\"twitter:card\" content=\"summary_large_image\" \/>\n<meta name=\"twitter:label1\" content=\"\u041f\u0440\u0438\u043c\u0435\u0440\u043d\u043e\u0435 \u0432\u0440\u0435\u043c\u044f \u0434\u043b\u044f \u0447\u0442\u0435\u043d\u0438\u044f\" \/>\n\t<meta name=\"twitter:data1\" content=\"1 \u043c\u0438\u043d\u0443\u0442\u0430\" \/>\n<script type=\"application\/ld+json\" class=\"yoast-schema-graph\">{\"@context\":\"https:\/\/schema.org\",\"@graph\":[{\"@type\":\"WebPage\",\"@id\":\"https:\/\/beebipood.ee\/ru\/produkt\/klippan-klippa-i-size-turvaiste-125-150cm-black\/\",\"url\":\"https:\/\/beebipood.ee\/ru\/produkt\/klippan-klippa-i-size-turvaiste-125-150cm-black\/\",\"name\":\"Klippan Klippa i-Size turvaiste 125-150cm, Black, \u0410\u0432\u0442\u043e\u043a\u0440\u0435\u0441\u043b\u0430, \u043b\u044e\u043b\u044c\u043a\u0438, \u0414\u0435\u0442\u0441\u043a\u043e\u0435 \u043a\u0440\u0435\u0441\u043b\u043e, \u0421\u043d\u0430\u0440\u044f\u0436\u0435\u043d\u0438\u044f \u0431\u0435\u0437\u043e\u043f\u0430\u0441\u043d\u043e\u0441\u0442\u0438, Beebipood\",\"isPartOf\":{\"@id\":\"https:\/\/beebipood.ee\/ru\/#website\"},\"primaryImageOfPage\":{\"@id\":\"https:\/\/beebipood.ee\/ru\/produkt\/klippan-klippa-i-size-turvaiste-125-150cm-black\/#primaryimage\"},\"image\":{\"@id\":\"https:\/\/beebipood.ee\/ru\/produkt\/klippan-klippa-i-size-turvaiste-125-150cm-black\/#primaryimage\"},\"thumbnailUrl\":\"https:\/\/beebipood.ee\/wp-content\/uploads\/2013\/09\/klippan-klippa-i-size-turvaiste-125-150cm-black14.jpg\",\"datePublished\":\"2026-03-02T11:30:15+00:00\",\"dateModified\":\"2026-03-02T11:31:34+00:00\",\"description\":\"Klippan Klippa i-Size turvaiste 125-150cm, Black, Lihtsasti ja mugavasti kasutatav auto turvaiste, mis on m\u00f5eldud lastele pikkusega 125-150cm.&lt;b\",\"breadcrumb\":{\"@id\":\"https:\/\/beebipood.ee\/ru\/produkt\/klippan-klippa-i-size-turvaiste-125-150cm-black\/#breadcrumb\"},\"inLanguage\":\"ru-RU\",\"potentialAction\":[{\"@type\":\"ReadAction\",\"target\":[\"https:\/\/beebipood.ee\/ru\/produkt\/klippan-klippa-i-size-turvaiste-125-150cm-black\/\"]}]},{\"@type\":\"ImageObject\",\"inLanguage\":\"ru-RU\",\"@id\":\"https:\/\/beebipood.ee\/ru\/produkt\/klippan-klippa-i-size-turvaiste-125-150cm-black\/#primaryimage\",\"url\":\"https:\/\/beebipood.ee\/wp-content\/uploads\/2013\/09\/klippan-klippa-i-size-turvaiste-125-150cm-black14.jpg\",\"contentUrl\":\"https:\/\/beebipood.ee\/wp-content\/uploads\/2013\/09\/klippan-klippa-i-size-turvaiste-125-150cm-black14.jpg\",\"width\":1247,\"height\":1080},{\"@type\":\"BreadcrumbList\",\"@id\":\"https:\/\/beebipood.ee\/ru\/produkt\/klippan-klippa-i-size-turvaiste-125-150cm-black\/#breadcrumb\",\"itemListElement\":[{\"@type\":\"ListItem\",\"position\":1,\"name\":\"Home\",\"item\":\"https:\/\/beebipood.ee\/ru\/\"},{\"@type\":\"ListItem\",\"position\":2,\"name\":\"\u041a\u0430\u0442\u0430\u043b\u043e\u0433 \u0442\u043e\u0432\u0430\u0440\u043e\u0432\",\"item\":\"https:\/\/beebipood.ee\/tooted\/\"},{\"@type\":\"ListItem\",\"position\":3,\"name\":\"Klippan Klippa i-Size turvaiste 125-150cm, Black\"}]},{\"@type\":\"WebSite\",\"@id\":\"https:\/\/beebipood.ee\/ru\/#website\",\"url\":\"https:\/\/beebipood.ee\/ru\/\",\"name\":\"Beebipood\",\"description\":\"Lastekaubad, beebikaubad, m\u00e4nguasjad\",\"publisher\":{\"@id\":\"https:\/\/beebipood.ee\/ru\/#organization\"},\"potentialAction\":[{\"@type\":\"SearchAction\",\"target\":{\"@type\":\"EntryPoint\",\"urlTemplate\":\"https:\/\/beebipood.ee\/ru\/?s={search_term_string}\"},\"query-input\":{\"@type\":\"PropertyValueSpecification\",\"valueRequired\":true,\"valueName\":\"search_term_string\"}}],\"inLanguage\":\"ru-RU\"},{\"@type\":\"Organization\",\"@id\":\"https:\/\/beebipood.ee\/ru\/#organization\",\"name\":\"Beebipood\",\"url\":\"https:\/\/beebipood.ee\/ru\/\",\"logo\":{\"@type\":\"ImageObject\",\"inLanguage\":\"ru-RU\",\"@id\":\"https:\/\/beebipood.ee\/ru\/#\/schema\/logo\/image\/\",\"url\":\"https:\/\/beebipood.ee\/wp-content\/uploads\/2025\/03\/beebipood.ee-logo-1.svg\",\"contentUrl\":\"https:\/\/beebipood.ee\/wp-content\/uploads\/2025\/03\/beebipood.ee-logo-1.svg\",\"caption\":\"Beebipood\"},\"image\":{\"@id\":\"https:\/\/beebipood.ee\/ru\/#\/schema\/logo\/image\/\"}}]}<\/script>\n<!-- \/ Yoast SEO plugin. -->","yoast_head_json":{"title":"Klippan Klippa i-Size turvaiste 125-150cm, Black, \u0410\u0432\u0442\u043e\u043a\u0440\u0435\u0441\u043b\u0430, \u043b\u044e\u043b\u044c\u043a\u0438, \u0414\u0435\u0442\u0441\u043a\u043e\u0435 \u043a\u0440\u0435\u0441\u043b\u043e, \u0421\u043d\u0430\u0440\u044f\u0436\u0435\u043d\u0438\u044f \u0431\u0435\u0437\u043e\u043f\u0430\u0441\u043d\u043e\u0441\u0442\u0438, Beebipood","description":"Klippan Klippa i-Size turvaiste 125-150cm, Black, Lihtsasti ja mugavasti kasutatav auto turvaiste, mis on m\u00f5eldud lastele pikkusega 125-150cm.&lt;b","robots":{"index":"index","follow":"follow","max-snippet":"max-snippet:-1","max-image-preview":"max-image-preview:large","max-video-preview":"max-video-preview:-1"},"canonical":"https:\/\/beebipood.ee\/ru\/produkt\/klippan-klippa-i-size-turvaiste-125-150cm-black\/","og_locale":"ru_RU","og_type":"article","og_title":"Klippan Klippa i-Size turvaiste 125-150cm, Black, \u0410\u0432\u0442\u043e\u043a\u0440\u0435\u0441\u043b\u0430, \u043b\u044e\u043b\u044c\u043a\u0438, \u0414\u0435\u0442\u0441\u043a\u043e\u0435 \u043a\u0440\u0435\u0441\u043b\u043e, \u0421\u043d\u0430\u0440\u044f\u0436\u0435\u043d\u0438\u044f \u0431\u0435\u0437\u043e\u043f\u0430\u0441\u043d\u043e\u0441\u0442\u0438, Beebipood","og_description":"Klippan Klippa i-Size turvaiste 125-150cm, Black, Lihtsasti ja mugavasti kasutatav auto turvaiste, mis on m\u00f5eldud lastele pikkusega 125-150cm.&lt;b","og_url":"https:\/\/beebipood.ee\/ru\/produkt\/klippan-klippa-i-size-turvaiste-125-150cm-black\/","og_site_name":"Beebipood","article_modified_time":"2026-03-02T11:31:34+00:00","og_image":[{"width":1247,"height":1080,"url":"https:\/\/beebipood.ee\/wp-content\/uploads\/2013\/09\/klippan-klippa-i-size-turvaiste-125-150cm-black14.jpg","type":"image\/jpeg"}],"twitter_card":"summary_large_image","twitter_misc":{"\u041f\u0440\u0438\u043c\u0435\u0440\u043d\u043e\u0435 \u0432\u0440\u0435\u043c\u044f \u0434\u043b\u044f \u0447\u0442\u0435\u043d\u0438\u044f":"1 \u043c\u0438\u043d\u0443\u0442\u0430"},"schema":{"@context":"https:\/\/schema.org","@graph":[{"@type":"WebPage","@id":"https:\/\/beebipood.ee\/ru\/produkt\/klippan-klippa-i-size-turvaiste-125-150cm-black\/","url":"https:\/\/beebipood.ee\/ru\/produkt\/klippan-klippa-i-size-turvaiste-125-150cm-black\/","name":"Klippan Klippa i-Size turvaiste 125-150cm, Black, \u0410\u0432\u0442\u043e\u043a\u0440\u0435\u0441\u043b\u0430, \u043b\u044e\u043b\u044c\u043a\u0438, \u0414\u0435\u0442\u0441\u043a\u043e\u0435 \u043a\u0440\u0435\u0441\u043b\u043e, \u0421\u043d\u0430\u0440\u044f\u0436\u0435\u043d\u0438\u044f \u0431\u0435\u0437\u043e\u043f\u0430\u0441\u043d\u043e\u0441\u0442\u0438, Beebipood","isPartOf":{"@id":"https:\/\/beebipood.ee\/ru\/#website"},"primaryImageOfPage":{"@id":"https:\/\/beebipood.ee\/ru\/produkt\/klippan-klippa-i-size-turvaiste-125-150cm-black\/#primaryimage"},"image":{"@id":"https:\/\/beebipood.ee\/ru\/produkt\/klippan-klippa-i-size-turvaiste-125-150cm-black\/#primaryimage"},"thumbnailUrl":"https:\/\/beebipood.ee\/wp-content\/uploads\/2013\/09\/klippan-klippa-i-size-turvaiste-125-150cm-black14.jpg","datePublished":"2026-03-02T11:30:15+00:00","dateModified":"2026-03-02T11:31:34+00:00","description":"Klippan Klippa i-Size turvaiste 125-150cm, Black, Lihtsasti ja mugavasti kasutatav auto turvaiste, mis on m\u00f5eldud lastele pikkusega 125-150cm.&lt;b","breadcrumb":{"@id":"https:\/\/beebipood.ee\/ru\/produkt\/klippan-klippa-i-size-turvaiste-125-150cm-black\/#breadcrumb"},"inLanguage":"ru-RU","potentialAction":[{"@type":"ReadAction","target":["https:\/\/beebipood.ee\/ru\/produkt\/klippan-klippa-i-size-turvaiste-125-150cm-black\/"]}]},{"@type":"ImageObject","inLanguage":"ru-RU","@id":"https:\/\/beebipood.ee\/ru\/produkt\/klippan-klippa-i-size-turvaiste-125-150cm-black\/#primaryimage","url":"https:\/\/beebipood.ee\/wp-content\/uploads\/2013\/09\/klippan-klippa-i-size-turvaiste-125-150cm-black14.jpg","contentUrl":"https:\/\/beebipood.ee\/wp-content\/uploads\/2013\/09\/klippan-klippa-i-size-turvaiste-125-150cm-black14.jpg","width":1247,"height":1080},{"@type":"BreadcrumbList","@id":"https:\/\/beebipood.ee\/ru\/produkt\/klippan-klippa-i-size-turvaiste-125-150cm-black\/#breadcrumb","itemListElement":[{"@type":"ListItem","position":1,"name":"Home","item":"https:\/\/beebipood.ee\/ru\/"},{"@type":"ListItem","position":2,"name":"\u041a\u0430\u0442\u0430\u043b\u043e\u0433 \u0442\u043e\u0432\u0430\u0440\u043e\u0432","item":"https:\/\/beebipood.ee\/tooted\/"},{"@type":"ListItem","position":3,"name":"Klippan Klippa i-Size turvaiste 125-150cm, Black"}]},{"@type":"WebSite","@id":"https:\/\/beebipood.ee\/ru\/#website","url":"https:\/\/beebipood.ee\/ru\/","name":"Beebipood","description":"Lastekaubad, beebikaubad, m\u00e4nguasjad","publisher":{"@id":"https:\/\/beebipood.ee\/ru\/#organization"},"potentialAction":[{"@type":"SearchAction","target":{"@type":"EntryPoint","urlTemplate":"https:\/\/beebipood.ee\/ru\/?s={search_term_string}"},"query-input":{"@type":"PropertyValueSpecification","valueRequired":true,"valueName":"search_term_string"}}],"inLanguage":"ru-RU"},{"@type":"Organization","@id":"https:\/\/beebipood.ee\/ru\/#organization","name":"Beebipood","url":"https:\/\/beebipood.ee\/ru\/","logo":{"@type":"ImageObject","inLanguage":"ru-RU","@id":"https:\/\/beebipood.ee\/ru\/#\/schema\/logo\/image\/","url":"https:\/\/beebipood.ee\/wp-content\/uploads\/2025\/03\/beebipood.ee-logo-1.svg","contentUrl":"https:\/\/beebipood.ee\/wp-content\/uploads\/2025\/03\/beebipood.ee-logo-1.svg","caption":"Beebipood"},"image":{"@id":"https:\/\/beebipood.ee\/ru\/#\/schema\/logo\/image\/"}}]}},"brands":[{"id":11963,"name":"Klippan","slug":"klippan-ru"}],"_links":{"self":[{"href":"https:\/\/beebipood.ee\/ru\/wp-json\/wp\/v2\/product\/454172","targetHints":{"allow":["GET"]}}],"collection":[{"href":"https:\/\/beebipood.ee\/ru\/wp-json\/wp\/v2\/product"}],"about":[{"href":"https:\/\/beebipood.ee\/ru\/wp-json\/wp\/v2\/types\/product"}],"wp:featuredmedia":[{"embeddable":true,"href":"https:\/\/beebipood.ee\/ru\/wp-json\/wp\/v2\/media\/512088"}],"wp:attachment":[{"href":"https:\/\/beebipood.ee\/ru\/wp-json\/wp\/v2\/media?parent=454172"}],"wp:term":[{"taxonomy":"pwb-brand","embeddable":true,"href":"https:\/\/beebipood.ee\/ru\/wp-json\/wp\/v2\/pwb-brand?post=454172"},{"taxonomy":"product_brand","embeddable":true,"href":"https:\/\/beebipood.ee\/ru\/wp-json\/wp\/v2\/product_brand?post=454172"},{"taxonomy":"product_cat","embeddable":true,"href":"https:\/\/beebipood.ee\/ru\/wp-json\/wp\/v2\/product_cat?post=454172"},{"taxonomy":"product_tag","embeddable":true,"href":"https:\/\/beebipood.ee\/ru\/wp-json\/wp\/v2\/product_tag?post=454172"}],"curies":[{"name":"wp","href":"https:\/\/api.w.org\/{rel}","templated":true}]}}