{"id":454174,"date":"2013-09-02T13:35:23","date_gmt":"2013-09-02T10:35:23","guid":{"rendered":"https:\/\/beebipood.ee\/toode\/yappyuno-beebivoodi-valge\/"},"modified":"2025-01-09T10:52:41","modified_gmt":"2025-01-09T08:52:41","slug":"yappyuno-beebivoodi-valge","status":"publish","type":"product","link":"https:\/\/beebipood.ee\/ru\/produkt\/yappyuno-beebivoodi-valge\/","title":{"rendered":"YappyUno beebivoodi, valge"},"content":{"rendered":"<p>YappyUno v\u00f5revoodi on viimistletud EN 71-3 kohase veealuselise v\u00e4rviga, <br \/>mida kasutatakse ka puidust m\u00e4nguasjade katmiseks. <br \/>Veep\u00f5hine v\u00e4rv v\u00f5imaldab n\u00e4idata okaspuidu loomulikku struktuuri, <br \/>samuti muuta toote keskkonna- ja lapses\u00f5bralikuks.<br \/>YappyUno on meie valiku klassikaline voodi koos vajalike funktsioonide komplektiga.<br \/>V\u00f5revoodi \u00fcks pool on eemaldatav ja v\u00f5revoodi saab panna vanemate voodi k\u00f5rvale, <br \/>kinnitada YappySafe kinnituss\u00fcsteemiga, et beebi saaks oma vanemate k\u00f5rval magada.<br \/>YappyUno v\u00f5revoodi on valmistatud vastavalt EL standardile: EN 716-1 &#038; 2 2017.<\/p>\n<p>\u2022 Materjal: m\u00e4nnipuit <br \/>\u2022 Soovitatav madratsi suurus: 120x60cm<br \/>\u2022 \u00dcks k\u00fclg on eemaldatav<br \/>\u2022 3 madratsip\u00f5hja k\u00f5rgust<br \/>1. 48 cm (ilma ratasteta) + 9 cm madrats<br \/>2. 34 cm (ilma ratasteta) + 9 cm madrats<br \/>3. 20 cm (ilma ratasteta) + 9 cm madrats<br \/>\u2022 Yappy Long-Life: 3 eemaldatavat k\u00fcljepulka<br \/>\u2022 Veep\u00f5hised v\u00e4rvid ja lakid<br \/>Lisaks on v\u00f5imalik lisada: YappyKids piduriga rattad.<\/p>\n","protected":false},"excerpt":{"rendered":"<p>YappyUno v\u00f5revoodi on viimistletud EN 71-3 kohase veealuselise v\u00e4rviga, mida kasutatakse ka puidust m\u00e4nguasjade katmiseks. Veep\u00f5hine v\u00e4rv v\u00f5imaldab n\u00e4idata okaspuidu loomulikku struktuuri, samuti muuta toote keskkonna- ja lapses\u00f5bralikuks.YappyUno on meie valiku klassikaline voodi koos vajalike funktsioonide komplektiga.V\u00f5revoodi \u00fcks pool on eemaldatav ja v\u00f5revoodi saab panna vanemate voodi k\u00f5rvale, kinnitada YappySafe kinnituss\u00fcsteemiga, et beebi saaks oma [&hellip;]<\/p>\n","protected":false},"featured_media":99285,"template":"","meta":{"_acf_changed":false},"pwb-brand":[11969],"product_brand":[],"product_cat":[11567,11745,11553,11789],"product_tag":[],"class_list":{"0":"post-454174","1":"product","2":"type-product","3":"status-publish","4":"has-post-thumbnail","6":"pwb-brand-yappykids-ru","7":"product_cat-vorevoodid-ru","8":"product_cat-madratsile-60x120-ru","9":"product_cat-beebivoodid-reisivoodid-hallid-ru","10":"product_cat-lastemoobel-ja-sisustus-ru","11":"pa_manufacturer-yappykids-ru","13":"first","14":"onbackorder","15":"sale","16":"taxable","17":"shipping-taxable","18":"purchasable","19":"product-type-simple"},"exclude_global_add_ons":[],"addons":[],"acf":[],"yoast_head":"<!-- This site is optimized with the Yoast SEO plugin v27.1.1 - https:\/\/yoast.com\/product\/yoast-seo-wordpress\/ -->\n<title>YappyUno beebivoodi, valge, \u0414\u0435\u0442\u0441\u043a\u0438e \u043a\u0440\u043e\u0432\u0430\u0442\u043a\u0438, \u043f\u0435\u0440\u0435\u043d\u043e\u0441\u043d\u044b\u0435 \u043a\u0440\u043e\u0432\u0430\u0442\u043a\u0438, \u043b\u044e\u043b\u044c\u043a\u0438, \u0414\u0435\u0442\u0441\u043a\u0438e \u043a\u0440\u043e\u0432\u0430\u0442\u043a\u0438, \u0421\u041a\u0418\u0414\u041a\u0418, \u043c\u0430\u0442\u0440\u0430\u0441 60x120, M\u0435\u0431\u0435\u043b\u044c, YappyKids -20%, Beebipood<\/title>\n<meta name=\"description\" content=\"YappyUno beebivoodi, valge, YappyUno v&otilde;revoodi on viimistletud EN 71-3 kohase veealuselise v&auml;rviga, mida kasutatakse ka puidust m&auml;ngua\" \/>\n<meta name=\"robots\" content=\"index, follow, max-snippet:-1, max-image-preview:large, max-video-preview:-1\" \/>\n<link rel=\"canonical\" href=\"https:\/\/beebipood.ee\/ru\/produkt\/yappyuno-beebivoodi-valge\/\" \/>\n<meta property=\"og:locale\" content=\"ru_RU\" \/>\n<meta property=\"og:type\" content=\"article\" \/>\n<meta property=\"og:title\" content=\"YappyUno beebivoodi, valge, \u0414\u0435\u0442\u0441\u043a\u0438e \u043a\u0440\u043e\u0432\u0430\u0442\u043a\u0438, \u043f\u0435\u0440\u0435\u043d\u043e\u0441\u043d\u044b\u0435 \u043a\u0440\u043e\u0432\u0430\u0442\u043a\u0438, \u043b\u044e\u043b\u044c\u043a\u0438, \u0414\u0435\u0442\u0441\u043a\u0438e \u043a\u0440\u043e\u0432\u0430\u0442\u043a\u0438, \u0421\u041a\u0418\u0414\u041a\u0418, \u043c\u0430\u0442\u0440\u0430\u0441 60x120, M\u0435\u0431\u0435\u043b\u044c, YappyKids -20%, Beebipood\" \/>\n<meta property=\"og:description\" content=\"YappyUno beebivoodi, valge, YappyUno v&otilde;revoodi on viimistletud EN 71-3 kohase veealuselise v&auml;rviga, mida kasutatakse ka puidust m&auml;ngua\" \/>\n<meta property=\"og:url\" content=\"https:\/\/beebipood.ee\/ru\/produkt\/yappyuno-beebivoodi-valge\/\" \/>\n<meta property=\"og:site_name\" content=\"Beebipood\" \/>\n<meta property=\"article:modified_time\" content=\"2025-01-09T08:52:41+00:00\" \/>\n<meta property=\"og:image\" content=\"https:\/\/beebipood.ee\/wp-content\/uploads\/2013\/09\/yappyuno_beebivoodi_valge-8cc.jpg\" \/>\n\t<meta property=\"og:image:width\" content=\"1173\" \/>\n\t<meta property=\"og:image:height\" content=\"1000\" \/>\n\t<meta property=\"og:image:type\" content=\"image\/jpeg\" \/>\n<meta name=\"twitter:card\" content=\"summary_large_image\" \/>\n<meta name=\"twitter:label1\" content=\"\u041f\u0440\u0438\u043c\u0435\u0440\u043d\u043e\u0435 \u0432\u0440\u0435\u043c\u044f \u0434\u043b\u044f \u0447\u0442\u0435\u043d\u0438\u044f\" \/>\n\t<meta name=\"twitter:data1\" content=\"1 \u043c\u0438\u043d\u0443\u0442\u0430\" \/>\n<script type=\"application\/ld+json\" class=\"yoast-schema-graph\">{\"@context\":\"https:\/\/schema.org\",\"@graph\":[{\"@type\":\"WebPage\",\"@id\":\"https:\/\/beebipood.ee\/ru\/produkt\/yappyuno-beebivoodi-valge\/\",\"url\":\"https:\/\/beebipood.ee\/ru\/produkt\/yappyuno-beebivoodi-valge\/\",\"name\":\"YappyUno beebivoodi, valge, \u0414\u0435\u0442\u0441\u043a\u0438e \u043a\u0440\u043e\u0432\u0430\u0442\u043a\u0438, \u043f\u0435\u0440\u0435\u043d\u043e\u0441\u043d\u044b\u0435 \u043a\u0440\u043e\u0432\u0430\u0442\u043a\u0438, \u043b\u044e\u043b\u044c\u043a\u0438, \u0414\u0435\u0442\u0441\u043a\u0438e \u043a\u0440\u043e\u0432\u0430\u0442\u043a\u0438, \u0421\u041a\u0418\u0414\u041a\u0418, \u043c\u0430\u0442\u0440\u0430\u0441 60x120, M\u0435\u0431\u0435\u043b\u044c, YappyKids -20%, Beebipood\",\"isPartOf\":{\"@id\":\"https:\/\/beebipood.ee\/ru\/#website\"},\"primaryImageOfPage\":{\"@id\":\"https:\/\/beebipood.ee\/ru\/produkt\/yappyuno-beebivoodi-valge\/#primaryimage\"},\"image\":{\"@id\":\"https:\/\/beebipood.ee\/ru\/produkt\/yappyuno-beebivoodi-valge\/#primaryimage\"},\"thumbnailUrl\":\"https:\/\/beebipood.ee\/wp-content\/uploads\/2013\/09\/yappyuno_beebivoodi_valge-8cc.jpg\",\"datePublished\":\"2013-09-02T10:35:23+00:00\",\"dateModified\":\"2025-01-09T08:52:41+00:00\",\"description\":\"YappyUno beebivoodi, valge, YappyUno v&otilde;revoodi on viimistletud EN 71-3 kohase veealuselise v&auml;rviga, mida kasutatakse ka puidust m&auml;ngua\",\"breadcrumb\":{\"@id\":\"https:\/\/beebipood.ee\/ru\/produkt\/yappyuno-beebivoodi-valge\/#breadcrumb\"},\"inLanguage\":\"ru-RU\",\"potentialAction\":[{\"@type\":\"ReadAction\",\"target\":[\"https:\/\/beebipood.ee\/ru\/produkt\/yappyuno-beebivoodi-valge\/\"]}]},{\"@type\":\"ImageObject\",\"inLanguage\":\"ru-RU\",\"@id\":\"https:\/\/beebipood.ee\/ru\/produkt\/yappyuno-beebivoodi-valge\/#primaryimage\",\"url\":\"https:\/\/beebipood.ee\/wp-content\/uploads\/2013\/09\/yappyuno_beebivoodi_valge-8cc.jpg\",\"contentUrl\":\"https:\/\/beebipood.ee\/wp-content\/uploads\/2013\/09\/yappyuno_beebivoodi_valge-8cc.jpg\",\"width\":1173,\"height\":1000},{\"@type\":\"BreadcrumbList\",\"@id\":\"https:\/\/beebipood.ee\/ru\/produkt\/yappyuno-beebivoodi-valge\/#breadcrumb\",\"itemListElement\":[{\"@type\":\"ListItem\",\"position\":1,\"name\":\"Home\",\"item\":\"https:\/\/beebipood.ee\/ru\/\"},{\"@type\":\"ListItem\",\"position\":2,\"name\":\"\u041a\u0430\u0442\u0430\u043b\u043e\u0433 \u0442\u043e\u0432\u0430\u0440\u043e\u0432\",\"item\":\"https:\/\/beebipood.ee\/tooted\/\"},{\"@type\":\"ListItem\",\"position\":3,\"name\":\"YappyUno beebivoodi, valge\"}]},{\"@type\":\"WebSite\",\"@id\":\"https:\/\/beebipood.ee\/ru\/#website\",\"url\":\"https:\/\/beebipood.ee\/ru\/\",\"name\":\"Beebipood\",\"description\":\"Lastekaubad, beebikaubad, m\u00e4nguasjad\",\"publisher\":{\"@id\":\"https:\/\/beebipood.ee\/ru\/#organization\"},\"potentialAction\":[{\"@type\":\"SearchAction\",\"target\":{\"@type\":\"EntryPoint\",\"urlTemplate\":\"https:\/\/beebipood.ee\/ru\/?s={search_term_string}\"},\"query-input\":{\"@type\":\"PropertyValueSpecification\",\"valueRequired\":true,\"valueName\":\"search_term_string\"}}],\"inLanguage\":\"ru-RU\"},{\"@type\":\"Organization\",\"@id\":\"https:\/\/beebipood.ee\/ru\/#organization\",\"name\":\"Beebipood\",\"url\":\"https:\/\/beebipood.ee\/ru\/\",\"logo\":{\"@type\":\"ImageObject\",\"inLanguage\":\"ru-RU\",\"@id\":\"https:\/\/beebipood.ee\/ru\/#\/schema\/logo\/image\/\",\"url\":\"https:\/\/beebipood.ee\/wp-content\/uploads\/2025\/03\/beebipood.ee-logo-1.svg\",\"contentUrl\":\"https:\/\/beebipood.ee\/wp-content\/uploads\/2025\/03\/beebipood.ee-logo-1.svg\",\"caption\":\"Beebipood\"},\"image\":{\"@id\":\"https:\/\/beebipood.ee\/ru\/#\/schema\/logo\/image\/\"}}]}<\/script>\n<!-- \/ Yoast SEO plugin. -->","yoast_head_json":{"title":"YappyUno beebivoodi, valge, \u0414\u0435\u0442\u0441\u043a\u0438e \u043a\u0440\u043e\u0432\u0430\u0442\u043a\u0438, \u043f\u0435\u0440\u0435\u043d\u043e\u0441\u043d\u044b\u0435 \u043a\u0440\u043e\u0432\u0430\u0442\u043a\u0438, \u043b\u044e\u043b\u044c\u043a\u0438, \u0414\u0435\u0442\u0441\u043a\u0438e \u043a\u0440\u043e\u0432\u0430\u0442\u043a\u0438, \u0421\u041a\u0418\u0414\u041a\u0418, \u043c\u0430\u0442\u0440\u0430\u0441 60x120, M\u0435\u0431\u0435\u043b\u044c, YappyKids -20%, Beebipood","description":"YappyUno beebivoodi, valge, YappyUno v&otilde;revoodi on viimistletud EN 71-3 kohase veealuselise v&auml;rviga, mida kasutatakse ka puidust m&auml;ngua","robots":{"index":"index","follow":"follow","max-snippet":"max-snippet:-1","max-image-preview":"max-image-preview:large","max-video-preview":"max-video-preview:-1"},"canonical":"https:\/\/beebipood.ee\/ru\/produkt\/yappyuno-beebivoodi-valge\/","og_locale":"ru_RU","og_type":"article","og_title":"YappyUno beebivoodi, valge, \u0414\u0435\u0442\u0441\u043a\u0438e \u043a\u0440\u043e\u0432\u0430\u0442\u043a\u0438, \u043f\u0435\u0440\u0435\u043d\u043e\u0441\u043d\u044b\u0435 \u043a\u0440\u043e\u0432\u0430\u0442\u043a\u0438, \u043b\u044e\u043b\u044c\u043a\u0438, \u0414\u0435\u0442\u0441\u043a\u0438e \u043a\u0440\u043e\u0432\u0430\u0442\u043a\u0438, \u0421\u041a\u0418\u0414\u041a\u0418, \u043c\u0430\u0442\u0440\u0430\u0441 60x120, M\u0435\u0431\u0435\u043b\u044c, YappyKids -20%, Beebipood","og_description":"YappyUno beebivoodi, valge, YappyUno v&otilde;revoodi on viimistletud EN 71-3 kohase veealuselise v&auml;rviga, mida kasutatakse ka puidust m&auml;ngua","og_url":"https:\/\/beebipood.ee\/ru\/produkt\/yappyuno-beebivoodi-valge\/","og_site_name":"Beebipood","article_modified_time":"2025-01-09T08:52:41+00:00","og_image":[{"width":1173,"height":1000,"url":"https:\/\/beebipood.ee\/wp-content\/uploads\/2013\/09\/yappyuno_beebivoodi_valge-8cc.jpg","type":"image\/jpeg"}],"twitter_card":"summary_large_image","twitter_misc":{"\u041f\u0440\u0438\u043c\u0435\u0440\u043d\u043e\u0435 \u0432\u0440\u0435\u043c\u044f \u0434\u043b\u044f \u0447\u0442\u0435\u043d\u0438\u044f":"1 \u043c\u0438\u043d\u0443\u0442\u0430"},"schema":{"@context":"https:\/\/schema.org","@graph":[{"@type":"WebPage","@id":"https:\/\/beebipood.ee\/ru\/produkt\/yappyuno-beebivoodi-valge\/","url":"https:\/\/beebipood.ee\/ru\/produkt\/yappyuno-beebivoodi-valge\/","name":"YappyUno beebivoodi, valge, \u0414\u0435\u0442\u0441\u043a\u0438e \u043a\u0440\u043e\u0432\u0430\u0442\u043a\u0438, \u043f\u0435\u0440\u0435\u043d\u043e\u0441\u043d\u044b\u0435 \u043a\u0440\u043e\u0432\u0430\u0442\u043a\u0438, \u043b\u044e\u043b\u044c\u043a\u0438, \u0414\u0435\u0442\u0441\u043a\u0438e \u043a\u0440\u043e\u0432\u0430\u0442\u043a\u0438, \u0421\u041a\u0418\u0414\u041a\u0418, \u043c\u0430\u0442\u0440\u0430\u0441 60x120, M\u0435\u0431\u0435\u043b\u044c, YappyKids -20%, Beebipood","isPartOf":{"@id":"https:\/\/beebipood.ee\/ru\/#website"},"primaryImageOfPage":{"@id":"https:\/\/beebipood.ee\/ru\/produkt\/yappyuno-beebivoodi-valge\/#primaryimage"},"image":{"@id":"https:\/\/beebipood.ee\/ru\/produkt\/yappyuno-beebivoodi-valge\/#primaryimage"},"thumbnailUrl":"https:\/\/beebipood.ee\/wp-content\/uploads\/2013\/09\/yappyuno_beebivoodi_valge-8cc.jpg","datePublished":"2013-09-02T10:35:23+00:00","dateModified":"2025-01-09T08:52:41+00:00","description":"YappyUno beebivoodi, valge, YappyUno v&otilde;revoodi on viimistletud EN 71-3 kohase veealuselise v&auml;rviga, mida kasutatakse ka puidust m&auml;ngua","breadcrumb":{"@id":"https:\/\/beebipood.ee\/ru\/produkt\/yappyuno-beebivoodi-valge\/#breadcrumb"},"inLanguage":"ru-RU","potentialAction":[{"@type":"ReadAction","target":["https:\/\/beebipood.ee\/ru\/produkt\/yappyuno-beebivoodi-valge\/"]}]},{"@type":"ImageObject","inLanguage":"ru-RU","@id":"https:\/\/beebipood.ee\/ru\/produkt\/yappyuno-beebivoodi-valge\/#primaryimage","url":"https:\/\/beebipood.ee\/wp-content\/uploads\/2013\/09\/yappyuno_beebivoodi_valge-8cc.jpg","contentUrl":"https:\/\/beebipood.ee\/wp-content\/uploads\/2013\/09\/yappyuno_beebivoodi_valge-8cc.jpg","width":1173,"height":1000},{"@type":"BreadcrumbList","@id":"https:\/\/beebipood.ee\/ru\/produkt\/yappyuno-beebivoodi-valge\/#breadcrumb","itemListElement":[{"@type":"ListItem","position":1,"name":"Home","item":"https:\/\/beebipood.ee\/ru\/"},{"@type":"ListItem","position":2,"name":"\u041a\u0430\u0442\u0430\u043b\u043e\u0433 \u0442\u043e\u0432\u0430\u0440\u043e\u0432","item":"https:\/\/beebipood.ee\/tooted\/"},{"@type":"ListItem","position":3,"name":"YappyUno beebivoodi, valge"}]},{"@type":"WebSite","@id":"https:\/\/beebipood.ee\/ru\/#website","url":"https:\/\/beebipood.ee\/ru\/","name":"Beebipood","description":"Lastekaubad, beebikaubad, m\u00e4nguasjad","publisher":{"@id":"https:\/\/beebipood.ee\/ru\/#organization"},"potentialAction":[{"@type":"SearchAction","target":{"@type":"EntryPoint","urlTemplate":"https:\/\/beebipood.ee\/ru\/?s={search_term_string}"},"query-input":{"@type":"PropertyValueSpecification","valueRequired":true,"valueName":"search_term_string"}}],"inLanguage":"ru-RU"},{"@type":"Organization","@id":"https:\/\/beebipood.ee\/ru\/#organization","name":"Beebipood","url":"https:\/\/beebipood.ee\/ru\/","logo":{"@type":"ImageObject","inLanguage":"ru-RU","@id":"https:\/\/beebipood.ee\/ru\/#\/schema\/logo\/image\/","url":"https:\/\/beebipood.ee\/wp-content\/uploads\/2025\/03\/beebipood.ee-logo-1.svg","contentUrl":"https:\/\/beebipood.ee\/wp-content\/uploads\/2025\/03\/beebipood.ee-logo-1.svg","caption":"Beebipood"},"image":{"@id":"https:\/\/beebipood.ee\/ru\/#\/schema\/logo\/image\/"}}]}},"brands":[{"id":11969,"name":"YappyKids","slug":"yappykids-ru"}],"_links":{"self":[{"href":"https:\/\/beebipood.ee\/ru\/wp-json\/wp\/v2\/product\/454174","targetHints":{"allow":["GET"]}}],"collection":[{"href":"https:\/\/beebipood.ee\/ru\/wp-json\/wp\/v2\/product"}],"about":[{"href":"https:\/\/beebipood.ee\/ru\/wp-json\/wp\/v2\/types\/product"}],"wp:featuredmedia":[{"embeddable":true,"href":"https:\/\/beebipood.ee\/ru\/wp-json\/wp\/v2\/media\/99285"}],"wp:attachment":[{"href":"https:\/\/beebipood.ee\/ru\/wp-json\/wp\/v2\/media?parent=454174"}],"wp:term":[{"taxonomy":"pwb-brand","embeddable":true,"href":"https:\/\/beebipood.ee\/ru\/wp-json\/wp\/v2\/pwb-brand?post=454174"},{"taxonomy":"product_brand","embeddable":true,"href":"https:\/\/beebipood.ee\/ru\/wp-json\/wp\/v2\/product_brand?post=454174"},{"taxonomy":"product_cat","embeddable":true,"href":"https:\/\/beebipood.ee\/ru\/wp-json\/wp\/v2\/product_cat?post=454174"},{"taxonomy":"product_tag","embeddable":true,"href":"https:\/\/beebipood.ee\/ru\/wp-json\/wp\/v2\/product_tag?post=454174"}],"curies":[{"name":"wp","href":"https:\/\/api.w.org\/{rel}","templated":true}]}}