{"id":454176,"date":"2013-09-02T13:35:24","date_gmt":"2013-09-02T10:35:24","guid":{"rendered":"https:\/\/beebipood.ee\/toode\/maxi-cosi-nesta-soogitooli-vaikelapse-komplekt\/"},"modified":"2025-01-09T10:52:41","modified_gmt":"2025-01-09T08:52:41","slug":"maxi-cosi-nesta-soogitooli-vaikelapse-komplekt","status":"publish","type":"product","link":"https:\/\/beebipood.ee\/ru\/produkt\/maxi-cosi-nesta-soogitooli-vaikelapse-komplekt\/","title":{"rendered":"Maxi-Cosi Nesta s\u00f6\u00f6gitooli v\u00e4ikelapse komplekt"},"content":{"rendered":"<p>Alates u. 6 kuust, kui Teie laps saab ilma abita istuda, <br \/>pakub Nesta v\u00e4ikelapse komplekt v\u00e4iksele lapsele parimat mugavust. <br \/>Ainulaadne k\u00f5rge seljatugi pakub suurep\u00e4rast tuge, <br \/>kui laps \u00f5pib koos perega laua \u00fcmber istuma ja s\u00f6\u00f6ma. <br \/><span style=\"text-decoration: underline;\">Omadused:<\/span><br \/>Sobilik kasutamiseks alates u. 6 kuust<br \/>Polsterdatud istmekate lisamugavuseks<br \/>Valmistatud 100% taaskasutatud kangast<br \/>Komplektis polsterdatud istmekate, kandik, <br \/>T-profiil, pikendusjalad ja turvarakmed<br \/>Masinpestavad ja vetth\u00fclgavad kangad<br \/>M\u00f5eldud spetsiaalselt Nesta s\u00f6\u00f6gitoolile<br \/>N\u00e4itajad:<br \/>Kaal: 1,15k<\/p>\n","protected":false},"excerpt":{"rendered":"<p>Alates u. 6 kuust, kui Teie laps saab ilma abita istuda, pakub Nesta v\u00e4ikelapse komplekt v\u00e4iksele lapsele parimat mugavust. Ainulaadne k\u00f5rge seljatugi pakub suurep\u00e4rast tuge, kui laps \u00f5pib koos perega laua \u00fcmber istuma ja s\u00f6\u00f6ma. Omadused:Sobilik kasutamiseks alates u. 6 kuustPolsterdatud istmekate lisamugavuseksValmistatud 100% taaskasutatud kangastKomplektis polsterdatud istmekate, kandik, T-profiil, pikendusjalad ja turvarakmedMasinpestavad ja vetth\u00fclgavad [&hellip;]<\/p>\n","protected":false},"featured_media":99289,"template":"","meta":{"_acf_changed":false},"pwb-brand":[11961],"product_brand":[],"product_cat":[11645,11709],"product_tag":[],"class_list":{"0":"post-454176","1":"product","2":"type-product","3":"status-publish","4":"has-post-thumbnail","6":"pwb-brand-maxi-cosi-ru","7":"product_cat-sootmistoolid-ru","8":"product_cat-sootmistoolid-beebi-ja-lastetarbed-mahkimine-hugieen-ru","9":"pa_manufacturer-maxi_cosi-ru","11":"first","12":"onbackorder","13":"taxable","14":"shipping-taxable","15":"purchasable","16":"product-type-simple"},"exclude_global_add_ons":[],"addons":[],"acf":[],"yoast_head":"<!-- This site is optimized with the Yoast SEO plugin v27.1.1 - https:\/\/yoast.com\/product\/yoast-seo-wordpress\/ -->\n<title>Maxi-Cosi Nesta s\u00f6\u00f6gitooli v\u00e4ikelapse komplekt, \u0421\u0442\u0443\u043b\u044c\u0447\u0438\u043a\u0438 \u0434\u043b\u044f \u043a\u043e\u0440\u043c\u043b\u0435\u043d\u0438\u044f, \u041f\u0440\u0438\u043d\u0430\u0434\u043b\u0435\u0436\u043d\u043e\u0441\u0442\u0438 \u0434\u043b\u044f \u043c\u043b\u0430\u0434\u0435\u043d\u0446\u0435\u0432, Beebipood<\/title>\n<meta name=\"description\" content=\"Maxi-Cosi Nesta s\u00f6\u00f6gitooli v\u00e4ikelapse komplekt, Alates u. 6 kuust, kui Teie laps saab ilma abita istuda, pakub Nesta v&auml;ikelapse komplekt v&amp;auml\" \/>\n<meta name=\"robots\" content=\"index, follow, max-snippet:-1, max-image-preview:large, max-video-preview:-1\" \/>\n<link rel=\"canonical\" href=\"https:\/\/beebipood.ee\/ru\/produkt\/maxi-cosi-nesta-soogitooli-vaikelapse-komplekt\/\" \/>\n<meta property=\"og:locale\" content=\"ru_RU\" \/>\n<meta property=\"og:type\" content=\"article\" \/>\n<meta property=\"og:title\" content=\"Maxi-Cosi Nesta s\u00f6\u00f6gitooli v\u00e4ikelapse komplekt, \u0421\u0442\u0443\u043b\u044c\u0447\u0438\u043a\u0438 \u0434\u043b\u044f \u043a\u043e\u0440\u043c\u043b\u0435\u043d\u0438\u044f, \u041f\u0440\u0438\u043d\u0430\u0434\u043b\u0435\u0436\u043d\u043e\u0441\u0442\u0438 \u0434\u043b\u044f \u043c\u043b\u0430\u0434\u0435\u043d\u0446\u0435\u0432, Beebipood\" \/>\n<meta property=\"og:description\" content=\"Maxi-Cosi Nesta s\u00f6\u00f6gitooli v\u00e4ikelapse komplekt, Alates u. 6 kuust, kui Teie laps saab ilma abita istuda, pakub Nesta v&auml;ikelapse komplekt v&amp;auml\" \/>\n<meta property=\"og:url\" content=\"https:\/\/beebipood.ee\/ru\/produkt\/maxi-cosi-nesta-soogitooli-vaikelapse-komplekt\/\" \/>\n<meta property=\"og:site_name\" content=\"Beebipood\" \/>\n<meta property=\"article:modified_time\" content=\"2025-01-09T08:52:41+00:00\" \/>\n<meta property=\"og:image\" content=\"https:\/\/beebipood.ee\/wp-content\/uploads\/2013\/09\/Vaikelapse-komplekt-Nesta-soogitoolile-Sootmistoolid-Beebi-ja-lastetarbed_2-64b.jpg\" \/>\n\t<meta property=\"og:image:width\" content=\"1536\" \/>\n\t<meta property=\"og:image:height\" content=\"994\" \/>\n\t<meta property=\"og:image:type\" content=\"image\/jpeg\" \/>\n<meta name=\"twitter:card\" content=\"summary_large_image\" \/>\n<script type=\"application\/ld+json\" class=\"yoast-schema-graph\">{\"@context\":\"https:\/\/schema.org\",\"@graph\":[{\"@type\":\"WebPage\",\"@id\":\"https:\/\/beebipood.ee\/ru\/produkt\/maxi-cosi-nesta-soogitooli-vaikelapse-komplekt\/\",\"url\":\"https:\/\/beebipood.ee\/ru\/produkt\/maxi-cosi-nesta-soogitooli-vaikelapse-komplekt\/\",\"name\":\"Maxi-Cosi Nesta s\u00f6\u00f6gitooli v\u00e4ikelapse komplekt, \u0421\u0442\u0443\u043b\u044c\u0447\u0438\u043a\u0438 \u0434\u043b\u044f \u043a\u043e\u0440\u043c\u043b\u0435\u043d\u0438\u044f, \u041f\u0440\u0438\u043d\u0430\u0434\u043b\u0435\u0436\u043d\u043e\u0441\u0442\u0438 \u0434\u043b\u044f \u043c\u043b\u0430\u0434\u0435\u043d\u0446\u0435\u0432, Beebipood\",\"isPartOf\":{\"@id\":\"https:\/\/beebipood.ee\/ru\/#website\"},\"primaryImageOfPage\":{\"@id\":\"https:\/\/beebipood.ee\/ru\/produkt\/maxi-cosi-nesta-soogitooli-vaikelapse-komplekt\/#primaryimage\"},\"image\":{\"@id\":\"https:\/\/beebipood.ee\/ru\/produkt\/maxi-cosi-nesta-soogitooli-vaikelapse-komplekt\/#primaryimage\"},\"thumbnailUrl\":\"https:\/\/beebipood.ee\/wp-content\/uploads\/2013\/09\/Vaikelapse-komplekt-Nesta-soogitoolile-Sootmistoolid-Beebi-ja-lastetarbed_2-64b.jpg\",\"datePublished\":\"2013-09-02T10:35:24+00:00\",\"dateModified\":\"2025-01-09T08:52:41+00:00\",\"description\":\"Maxi-Cosi Nesta s\u00f6\u00f6gitooli v\u00e4ikelapse komplekt, Alates u. 6 kuust, kui Teie laps saab ilma abita istuda, pakub Nesta v&auml;ikelapse komplekt v&auml\",\"breadcrumb\":{\"@id\":\"https:\/\/beebipood.ee\/ru\/produkt\/maxi-cosi-nesta-soogitooli-vaikelapse-komplekt\/#breadcrumb\"},\"inLanguage\":\"ru-RU\",\"potentialAction\":[{\"@type\":\"ReadAction\",\"target\":[\"https:\/\/beebipood.ee\/ru\/produkt\/maxi-cosi-nesta-soogitooli-vaikelapse-komplekt\/\"]}]},{\"@type\":\"ImageObject\",\"inLanguage\":\"ru-RU\",\"@id\":\"https:\/\/beebipood.ee\/ru\/produkt\/maxi-cosi-nesta-soogitooli-vaikelapse-komplekt\/#primaryimage\",\"url\":\"https:\/\/beebipood.ee\/wp-content\/uploads\/2013\/09\/Vaikelapse-komplekt-Nesta-soogitoolile-Sootmistoolid-Beebi-ja-lastetarbed_2-64b.jpg\",\"contentUrl\":\"https:\/\/beebipood.ee\/wp-content\/uploads\/2013\/09\/Vaikelapse-komplekt-Nesta-soogitoolile-Sootmistoolid-Beebi-ja-lastetarbed_2-64b.jpg\",\"width\":1536,\"height\":994},{\"@type\":\"BreadcrumbList\",\"@id\":\"https:\/\/beebipood.ee\/ru\/produkt\/maxi-cosi-nesta-soogitooli-vaikelapse-komplekt\/#breadcrumb\",\"itemListElement\":[{\"@type\":\"ListItem\",\"position\":1,\"name\":\"Home\",\"item\":\"https:\/\/beebipood.ee\/ru\/\"},{\"@type\":\"ListItem\",\"position\":2,\"name\":\"\u041a\u0430\u0442\u0430\u043b\u043e\u0433 \u0442\u043e\u0432\u0430\u0440\u043e\u0432\",\"item\":\"https:\/\/beebipood.ee\/tooted\/\"},{\"@type\":\"ListItem\",\"position\":3,\"name\":\"Maxi-Cosi Nesta s\u00f6\u00f6gitooli v\u00e4ikelapse komplekt\"}]},{\"@type\":\"WebSite\",\"@id\":\"https:\/\/beebipood.ee\/ru\/#website\",\"url\":\"https:\/\/beebipood.ee\/ru\/\",\"name\":\"Beebipood\",\"description\":\"Lastekaubad, beebikaubad, m\u00e4nguasjad\",\"publisher\":{\"@id\":\"https:\/\/beebipood.ee\/ru\/#organization\"},\"potentialAction\":[{\"@type\":\"SearchAction\",\"target\":{\"@type\":\"EntryPoint\",\"urlTemplate\":\"https:\/\/beebipood.ee\/ru\/?s={search_term_string}\"},\"query-input\":{\"@type\":\"PropertyValueSpecification\",\"valueRequired\":true,\"valueName\":\"search_term_string\"}}],\"inLanguage\":\"ru-RU\"},{\"@type\":\"Organization\",\"@id\":\"https:\/\/beebipood.ee\/ru\/#organization\",\"name\":\"Beebipood\",\"url\":\"https:\/\/beebipood.ee\/ru\/\",\"logo\":{\"@type\":\"ImageObject\",\"inLanguage\":\"ru-RU\",\"@id\":\"https:\/\/beebipood.ee\/ru\/#\/schema\/logo\/image\/\",\"url\":\"https:\/\/beebipood.ee\/wp-content\/uploads\/2025\/03\/beebipood.ee-logo-1.svg\",\"contentUrl\":\"https:\/\/beebipood.ee\/wp-content\/uploads\/2025\/03\/beebipood.ee-logo-1.svg\",\"caption\":\"Beebipood\"},\"image\":{\"@id\":\"https:\/\/beebipood.ee\/ru\/#\/schema\/logo\/image\/\"}}]}<\/script>\n<!-- \/ Yoast SEO plugin. -->","yoast_head_json":{"title":"Maxi-Cosi Nesta s\u00f6\u00f6gitooli v\u00e4ikelapse komplekt, \u0421\u0442\u0443\u043b\u044c\u0447\u0438\u043a\u0438 \u0434\u043b\u044f \u043a\u043e\u0440\u043c\u043b\u0435\u043d\u0438\u044f, \u041f\u0440\u0438\u043d\u0430\u0434\u043b\u0435\u0436\u043d\u043e\u0441\u0442\u0438 \u0434\u043b\u044f \u043c\u043b\u0430\u0434\u0435\u043d\u0446\u0435\u0432, Beebipood","description":"Maxi-Cosi Nesta s\u00f6\u00f6gitooli v\u00e4ikelapse komplekt, Alates u. 6 kuust, kui Teie laps saab ilma abita istuda, pakub Nesta v&auml;ikelapse komplekt v&auml","robots":{"index":"index","follow":"follow","max-snippet":"max-snippet:-1","max-image-preview":"max-image-preview:large","max-video-preview":"max-video-preview:-1"},"canonical":"https:\/\/beebipood.ee\/ru\/produkt\/maxi-cosi-nesta-soogitooli-vaikelapse-komplekt\/","og_locale":"ru_RU","og_type":"article","og_title":"Maxi-Cosi Nesta s\u00f6\u00f6gitooli v\u00e4ikelapse komplekt, \u0421\u0442\u0443\u043b\u044c\u0447\u0438\u043a\u0438 \u0434\u043b\u044f \u043a\u043e\u0440\u043c\u043b\u0435\u043d\u0438\u044f, \u041f\u0440\u0438\u043d\u0430\u0434\u043b\u0435\u0436\u043d\u043e\u0441\u0442\u0438 \u0434\u043b\u044f \u043c\u043b\u0430\u0434\u0435\u043d\u0446\u0435\u0432, Beebipood","og_description":"Maxi-Cosi Nesta s\u00f6\u00f6gitooli v\u00e4ikelapse komplekt, Alates u. 6 kuust, kui Teie laps saab ilma abita istuda, pakub Nesta v&auml;ikelapse komplekt v&auml","og_url":"https:\/\/beebipood.ee\/ru\/produkt\/maxi-cosi-nesta-soogitooli-vaikelapse-komplekt\/","og_site_name":"Beebipood","article_modified_time":"2025-01-09T08:52:41+00:00","og_image":[{"width":1536,"height":994,"url":"https:\/\/beebipood.ee\/wp-content\/uploads\/2013\/09\/Vaikelapse-komplekt-Nesta-soogitoolile-Sootmistoolid-Beebi-ja-lastetarbed_2-64b.jpg","type":"image\/jpeg"}],"twitter_card":"summary_large_image","schema":{"@context":"https:\/\/schema.org","@graph":[{"@type":"WebPage","@id":"https:\/\/beebipood.ee\/ru\/produkt\/maxi-cosi-nesta-soogitooli-vaikelapse-komplekt\/","url":"https:\/\/beebipood.ee\/ru\/produkt\/maxi-cosi-nesta-soogitooli-vaikelapse-komplekt\/","name":"Maxi-Cosi Nesta s\u00f6\u00f6gitooli v\u00e4ikelapse komplekt, \u0421\u0442\u0443\u043b\u044c\u0447\u0438\u043a\u0438 \u0434\u043b\u044f \u043a\u043e\u0440\u043c\u043b\u0435\u043d\u0438\u044f, \u041f\u0440\u0438\u043d\u0430\u0434\u043b\u0435\u0436\u043d\u043e\u0441\u0442\u0438 \u0434\u043b\u044f \u043c\u043b\u0430\u0434\u0435\u043d\u0446\u0435\u0432, Beebipood","isPartOf":{"@id":"https:\/\/beebipood.ee\/ru\/#website"},"primaryImageOfPage":{"@id":"https:\/\/beebipood.ee\/ru\/produkt\/maxi-cosi-nesta-soogitooli-vaikelapse-komplekt\/#primaryimage"},"image":{"@id":"https:\/\/beebipood.ee\/ru\/produkt\/maxi-cosi-nesta-soogitooli-vaikelapse-komplekt\/#primaryimage"},"thumbnailUrl":"https:\/\/beebipood.ee\/wp-content\/uploads\/2013\/09\/Vaikelapse-komplekt-Nesta-soogitoolile-Sootmistoolid-Beebi-ja-lastetarbed_2-64b.jpg","datePublished":"2013-09-02T10:35:24+00:00","dateModified":"2025-01-09T08:52:41+00:00","description":"Maxi-Cosi Nesta s\u00f6\u00f6gitooli v\u00e4ikelapse komplekt, Alates u. 6 kuust, kui Teie laps saab ilma abita istuda, pakub Nesta v&auml;ikelapse komplekt v&auml","breadcrumb":{"@id":"https:\/\/beebipood.ee\/ru\/produkt\/maxi-cosi-nesta-soogitooli-vaikelapse-komplekt\/#breadcrumb"},"inLanguage":"ru-RU","potentialAction":[{"@type":"ReadAction","target":["https:\/\/beebipood.ee\/ru\/produkt\/maxi-cosi-nesta-soogitooli-vaikelapse-komplekt\/"]}]},{"@type":"ImageObject","inLanguage":"ru-RU","@id":"https:\/\/beebipood.ee\/ru\/produkt\/maxi-cosi-nesta-soogitooli-vaikelapse-komplekt\/#primaryimage","url":"https:\/\/beebipood.ee\/wp-content\/uploads\/2013\/09\/Vaikelapse-komplekt-Nesta-soogitoolile-Sootmistoolid-Beebi-ja-lastetarbed_2-64b.jpg","contentUrl":"https:\/\/beebipood.ee\/wp-content\/uploads\/2013\/09\/Vaikelapse-komplekt-Nesta-soogitoolile-Sootmistoolid-Beebi-ja-lastetarbed_2-64b.jpg","width":1536,"height":994},{"@type":"BreadcrumbList","@id":"https:\/\/beebipood.ee\/ru\/produkt\/maxi-cosi-nesta-soogitooli-vaikelapse-komplekt\/#breadcrumb","itemListElement":[{"@type":"ListItem","position":1,"name":"Home","item":"https:\/\/beebipood.ee\/ru\/"},{"@type":"ListItem","position":2,"name":"\u041a\u0430\u0442\u0430\u043b\u043e\u0433 \u0442\u043e\u0432\u0430\u0440\u043e\u0432","item":"https:\/\/beebipood.ee\/tooted\/"},{"@type":"ListItem","position":3,"name":"Maxi-Cosi Nesta s\u00f6\u00f6gitooli v\u00e4ikelapse komplekt"}]},{"@type":"WebSite","@id":"https:\/\/beebipood.ee\/ru\/#website","url":"https:\/\/beebipood.ee\/ru\/","name":"Beebipood","description":"Lastekaubad, beebikaubad, m\u00e4nguasjad","publisher":{"@id":"https:\/\/beebipood.ee\/ru\/#organization"},"potentialAction":[{"@type":"SearchAction","target":{"@type":"EntryPoint","urlTemplate":"https:\/\/beebipood.ee\/ru\/?s={search_term_string}"},"query-input":{"@type":"PropertyValueSpecification","valueRequired":true,"valueName":"search_term_string"}}],"inLanguage":"ru-RU"},{"@type":"Organization","@id":"https:\/\/beebipood.ee\/ru\/#organization","name":"Beebipood","url":"https:\/\/beebipood.ee\/ru\/","logo":{"@type":"ImageObject","inLanguage":"ru-RU","@id":"https:\/\/beebipood.ee\/ru\/#\/schema\/logo\/image\/","url":"https:\/\/beebipood.ee\/wp-content\/uploads\/2025\/03\/beebipood.ee-logo-1.svg","contentUrl":"https:\/\/beebipood.ee\/wp-content\/uploads\/2025\/03\/beebipood.ee-logo-1.svg","caption":"Beebipood"},"image":{"@id":"https:\/\/beebipood.ee\/ru\/#\/schema\/logo\/image\/"}}]}},"brands":[{"id":11961,"name":"Maxi-Cosi","slug":"maxi-cosi-ru"}],"_links":{"self":[{"href":"https:\/\/beebipood.ee\/ru\/wp-json\/wp\/v2\/product\/454176","targetHints":{"allow":["GET"]}}],"collection":[{"href":"https:\/\/beebipood.ee\/ru\/wp-json\/wp\/v2\/product"}],"about":[{"href":"https:\/\/beebipood.ee\/ru\/wp-json\/wp\/v2\/types\/product"}],"wp:featuredmedia":[{"embeddable":true,"href":"https:\/\/beebipood.ee\/ru\/wp-json\/wp\/v2\/media\/99289"}],"wp:attachment":[{"href":"https:\/\/beebipood.ee\/ru\/wp-json\/wp\/v2\/media?parent=454176"}],"wp:term":[{"taxonomy":"pwb-brand","embeddable":true,"href":"https:\/\/beebipood.ee\/ru\/wp-json\/wp\/v2\/pwb-brand?post=454176"},{"taxonomy":"product_brand","embeddable":true,"href":"https:\/\/beebipood.ee\/ru\/wp-json\/wp\/v2\/product_brand?post=454176"},{"taxonomy":"product_cat","embeddable":true,"href":"https:\/\/beebipood.ee\/ru\/wp-json\/wp\/v2\/product_cat?post=454176"},{"taxonomy":"product_tag","embeddable":true,"href":"https:\/\/beebipood.ee\/ru\/wp-json\/wp\/v2\/product_tag?post=454176"}],"curies":[{"name":"wp","href":"https:\/\/api.w.org\/{rel}","templated":true}]}}