{"id":454180,"date":"2013-09-02T13:35:26","date_gmt":"2013-09-02T10:35:26","guid":{"rendered":"https:\/\/beebipood.ee\/toode\/cam-pappananna-soogitool-oro-rosa\/"},"modified":"2025-01-09T10:52:40","modified_gmt":"2025-01-09T08:52:40","slug":"cam-pappananna-soogitool-oro-rosa","status":"publish","type":"product","link":"https:\/\/beebipood.ee\/ru\/produkt\/cam-pappananna-soogitool-oro-rosa\/","title":{"rendered":"Cam Pappananna s\u00f6\u00f6gitool, Oro Rosa"},"content":{"rendered":"<p>ihtne ja praktiline s\u00f6\u00f6gitool Cam Pappananna on m\u00f5eldud kasutamiseks lastele alates s\u00fcnnist kuni 36. elukuuni.<br \/>Esimesed 9 kuud (0-9) saab kasutada lamavas asendis.<\/p>\n<p><span style=\"text-decoration: underline;\">Omadused<\/span><br \/>Seljatoel 4 asendit<br \/>S\u00f6\u00f6gitoolil on 8 k\u00f5rgust, mida saab h\u00f5lpsasti muuta \u00fche k\u00e4ega<br \/>Reguleeritav jalatugi (3 k\u00f5rgust)<br \/>5-punkti kinnitusega pehmendustega turvav\u00f6\u00f6d<br \/>Eemaldatav suur kandik (v\u00f5imalik reguleerida erinevatesse asenditesse)<br \/>Tagumisel teljel rattad<br \/>Kompaktselt kokkupandav<br \/><span>N\u00e4itajad<\/span><br \/>Kaal: 8,9kg<br \/>M\u00f5\u00f5dud: 55 x 76 x 106cm (pikkus, laius, k\u00f5rgus)<br \/>M\u00f5\u00f5dud kokkupandult: 55 x 31 x 89cm (pikkus, laius, k\u00f5rgus)<br \/><span>Turvalisus<\/span><br \/>Valmistatud mittetoksilistest materjalidest<br \/>Vastab Euroopa turvastandardile 14988-1\/2<br \/>L\u00e4binud stabiilsustesti, mis v\u00e4ldib olukorda, kus beebi ennast tooliga \u00fcmber saaks kukutada<br \/>Ainult 2 ratast, ohutumaks liiklemiseks<\/p>\n","protected":false},"excerpt":{"rendered":"<p>ihtne ja praktiline s\u00f6\u00f6gitool Cam Pappananna on m\u00f5eldud kasutamiseks lastele alates s\u00fcnnist kuni 36. elukuuni.Esimesed 9 kuud (0-9) saab kasutada lamavas asendis. OmadusedSeljatoel 4 asenditS\u00f6\u00f6gitoolil on 8 k\u00f5rgust, mida saab h\u00f5lpsasti muuta \u00fche k\u00e4egaReguleeritav jalatugi (3 k\u00f5rgust)5-punkti kinnitusega pehmendustega turvav\u00f6\u00f6dEemaldatav suur kandik (v\u00f5imalik reguleerida erinevatesse asenditesse)Tagumisel teljel rattadKompaktselt kokkupandavN\u00e4itajadKaal: 8,9kgM\u00f5\u00f5dud: 55 x 76 x 106cm [&hellip;]<\/p>\n","protected":false},"featured_media":99298,"template":"","meta":{"_acf_changed":false},"pwb-brand":[],"product_brand":[],"product_cat":[11645,11709],"product_tag":[],"class_list":{"0":"post-454180","1":"product","2":"type-product","3":"status-publish","4":"has-post-thumbnail","6":"product_cat-sootmistoolid-ru","7":"product_cat-sootmistoolid-beebi-ja-lastetarbed-mahkimine-hugieen-ru","9":"first","10":"onbackorder","11":"taxable","12":"shipping-taxable","13":"purchasable","14":"product-type-simple"},"exclude_global_add_ons":[],"addons":[],"acf":[],"yoast_head":"<!-- This site is optimized with the Yoast SEO plugin v27.1.1 - https:\/\/yoast.com\/product\/yoast-seo-wordpress\/ -->\n<title>Cam Pappananna s\u00f6\u00f6gitool, Oro Rosa, \u0421\u041a\u0418\u0414\u041a\u0418, \u0421\u0442\u0443\u043b\u044c\u0447\u0438\u043a\u0438 \u0434\u043b\u044f \u043a\u043e\u0440\u043c\u043b\u0435\u043d\u0438\u044f, \u041f\u0440\u0438\u043d\u0430\u0434\u043b\u0435\u0436\u043d\u043e\u0441\u0442\u0438 \u0434\u043b\u044f \u043c\u043b\u0430\u0434\u0435\u043d\u0446\u0435\u0432, Beebipood<\/title>\n<meta name=\"description\" content=\"Cam Pappananna s\u00f6\u00f6gitool, Oro Rosa, ihtne ja praktiline s&ouml;&ouml;gitool Cam Pappananna on m&otilde;eldud kasutamiseks lastele alates s&uuml;nnist kuni\" \/>\n<meta name=\"robots\" content=\"index, follow, max-snippet:-1, max-image-preview:large, max-video-preview:-1\" \/>\n<link rel=\"canonical\" href=\"https:\/\/beebipood.ee\/ru\/produkt\/cam-pappananna-soogitool-oro-rosa\/\" \/>\n<meta property=\"og:locale\" content=\"ru_RU\" \/>\n<meta property=\"og:type\" content=\"article\" \/>\n<meta property=\"og:title\" content=\"Cam Pappananna s\u00f6\u00f6gitool, Oro Rosa, \u0421\u041a\u0418\u0414\u041a\u0418, \u0421\u0442\u0443\u043b\u044c\u0447\u0438\u043a\u0438 \u0434\u043b\u044f \u043a\u043e\u0440\u043c\u043b\u0435\u043d\u0438\u044f, \u041f\u0440\u0438\u043d\u0430\u0434\u043b\u0435\u0436\u043d\u043e\u0441\u0442\u0438 \u0434\u043b\u044f \u043c\u043b\u0430\u0434\u0435\u043d\u0446\u0435\u0432, Beebipood\" \/>\n<meta property=\"og:description\" content=\"Cam Pappananna s\u00f6\u00f6gitool, Oro Rosa, ihtne ja praktiline s&ouml;&ouml;gitool Cam Pappananna on m&otilde;eldud kasutamiseks lastele alates s&uuml;nnist kuni\" \/>\n<meta property=\"og:url\" content=\"https:\/\/beebipood.ee\/ru\/produkt\/cam-pappananna-soogitool-oro-rosa\/\" \/>\n<meta property=\"og:site_name\" content=\"Beebipood\" \/>\n<meta property=\"article:modified_time\" content=\"2025-01-09T08:52:40+00:00\" \/>\n<meta property=\"og:image\" content=\"https:\/\/beebipood.ee\/wp-content\/uploads\/2013\/09\/Cam-Pappananna-soogitool-Oro-Rosa-UUED-TOOTED-Sootmistoolid-Beebi-ja-lastetarbed_1-3e0.jpg\" \/>\n\t<meta property=\"og:image:width\" content=\"980\" \/>\n\t<meta property=\"og:image:height\" content=\"899\" \/>\n\t<meta property=\"og:image:type\" content=\"image\/jpeg\" \/>\n<meta name=\"twitter:card\" content=\"summary_large_image\" \/>\n<meta name=\"twitter:label1\" content=\"\u041f\u0440\u0438\u043c\u0435\u0440\u043d\u043e\u0435 \u0432\u0440\u0435\u043c\u044f \u0434\u043b\u044f \u0447\u0442\u0435\u043d\u0438\u044f\" \/>\n\t<meta name=\"twitter:data1\" content=\"1 \u043c\u0438\u043d\u0443\u0442\u0430\" \/>\n<script type=\"application\/ld+json\" class=\"yoast-schema-graph\">{\"@context\":\"https:\/\/schema.org\",\"@graph\":[{\"@type\":\"WebPage\",\"@id\":\"https:\/\/beebipood.ee\/ru\/produkt\/cam-pappananna-soogitool-oro-rosa\/\",\"url\":\"https:\/\/beebipood.ee\/ru\/produkt\/cam-pappananna-soogitool-oro-rosa\/\",\"name\":\"Cam Pappananna s\u00f6\u00f6gitool, Oro Rosa, \u0421\u041a\u0418\u0414\u041a\u0418, \u0421\u0442\u0443\u043b\u044c\u0447\u0438\u043a\u0438 \u0434\u043b\u044f \u043a\u043e\u0440\u043c\u043b\u0435\u043d\u0438\u044f, \u041f\u0440\u0438\u043d\u0430\u0434\u043b\u0435\u0436\u043d\u043e\u0441\u0442\u0438 \u0434\u043b\u044f \u043c\u043b\u0430\u0434\u0435\u043d\u0446\u0435\u0432, Beebipood\",\"isPartOf\":{\"@id\":\"https:\/\/beebipood.ee\/ru\/#website\"},\"primaryImageOfPage\":{\"@id\":\"https:\/\/beebipood.ee\/ru\/produkt\/cam-pappananna-soogitool-oro-rosa\/#primaryimage\"},\"image\":{\"@id\":\"https:\/\/beebipood.ee\/ru\/produkt\/cam-pappananna-soogitool-oro-rosa\/#primaryimage\"},\"thumbnailUrl\":\"https:\/\/beebipood.ee\/wp-content\/uploads\/2013\/09\/Cam-Pappananna-soogitool-Oro-Rosa-UUED-TOOTED-Sootmistoolid-Beebi-ja-lastetarbed_1-3e0.jpg\",\"datePublished\":\"2013-09-02T10:35:26+00:00\",\"dateModified\":\"2025-01-09T08:52:40+00:00\",\"description\":\"Cam Pappananna s\u00f6\u00f6gitool, Oro Rosa, ihtne ja praktiline s&ouml;&ouml;gitool Cam Pappananna on m&otilde;eldud kasutamiseks lastele alates s&uuml;nnist kuni\",\"breadcrumb\":{\"@id\":\"https:\/\/beebipood.ee\/ru\/produkt\/cam-pappananna-soogitool-oro-rosa\/#breadcrumb\"},\"inLanguage\":\"ru-RU\",\"potentialAction\":[{\"@type\":\"ReadAction\",\"target\":[\"https:\/\/beebipood.ee\/ru\/produkt\/cam-pappananna-soogitool-oro-rosa\/\"]}]},{\"@type\":\"ImageObject\",\"inLanguage\":\"ru-RU\",\"@id\":\"https:\/\/beebipood.ee\/ru\/produkt\/cam-pappananna-soogitool-oro-rosa\/#primaryimage\",\"url\":\"https:\/\/beebipood.ee\/wp-content\/uploads\/2013\/09\/Cam-Pappananna-soogitool-Oro-Rosa-UUED-TOOTED-Sootmistoolid-Beebi-ja-lastetarbed_1-3e0.jpg\",\"contentUrl\":\"https:\/\/beebipood.ee\/wp-content\/uploads\/2013\/09\/Cam-Pappananna-soogitool-Oro-Rosa-UUED-TOOTED-Sootmistoolid-Beebi-ja-lastetarbed_1-3e0.jpg\",\"width\":980,\"height\":899},{\"@type\":\"BreadcrumbList\",\"@id\":\"https:\/\/beebipood.ee\/ru\/produkt\/cam-pappananna-soogitool-oro-rosa\/#breadcrumb\",\"itemListElement\":[{\"@type\":\"ListItem\",\"position\":1,\"name\":\"Home\",\"item\":\"https:\/\/beebipood.ee\/ru\/\"},{\"@type\":\"ListItem\",\"position\":2,\"name\":\"\u041a\u0430\u0442\u0430\u043b\u043e\u0433 \u0442\u043e\u0432\u0430\u0440\u043e\u0432\",\"item\":\"https:\/\/beebipood.ee\/tooted\/\"},{\"@type\":\"ListItem\",\"position\":3,\"name\":\"Cam Pappananna s\u00f6\u00f6gitool, Oro Rosa\"}]},{\"@type\":\"WebSite\",\"@id\":\"https:\/\/beebipood.ee\/ru\/#website\",\"url\":\"https:\/\/beebipood.ee\/ru\/\",\"name\":\"Beebipood\",\"description\":\"Lastekaubad, beebikaubad, m\u00e4nguasjad\",\"publisher\":{\"@id\":\"https:\/\/beebipood.ee\/ru\/#organization\"},\"potentialAction\":[{\"@type\":\"SearchAction\",\"target\":{\"@type\":\"EntryPoint\",\"urlTemplate\":\"https:\/\/beebipood.ee\/ru\/?s={search_term_string}\"},\"query-input\":{\"@type\":\"PropertyValueSpecification\",\"valueRequired\":true,\"valueName\":\"search_term_string\"}}],\"inLanguage\":\"ru-RU\"},{\"@type\":\"Organization\",\"@id\":\"https:\/\/beebipood.ee\/ru\/#organization\",\"name\":\"Beebipood\",\"url\":\"https:\/\/beebipood.ee\/ru\/\",\"logo\":{\"@type\":\"ImageObject\",\"inLanguage\":\"ru-RU\",\"@id\":\"https:\/\/beebipood.ee\/ru\/#\/schema\/logo\/image\/\",\"url\":\"https:\/\/beebipood.ee\/wp-content\/uploads\/2025\/03\/beebipood.ee-logo-1.svg\",\"contentUrl\":\"https:\/\/beebipood.ee\/wp-content\/uploads\/2025\/03\/beebipood.ee-logo-1.svg\",\"caption\":\"Beebipood\"},\"image\":{\"@id\":\"https:\/\/beebipood.ee\/ru\/#\/schema\/logo\/image\/\"}}]}<\/script>\n<!-- \/ Yoast SEO plugin. -->","yoast_head_json":{"title":"Cam Pappananna s\u00f6\u00f6gitool, Oro Rosa, \u0421\u041a\u0418\u0414\u041a\u0418, \u0421\u0442\u0443\u043b\u044c\u0447\u0438\u043a\u0438 \u0434\u043b\u044f \u043a\u043e\u0440\u043c\u043b\u0435\u043d\u0438\u044f, \u041f\u0440\u0438\u043d\u0430\u0434\u043b\u0435\u0436\u043d\u043e\u0441\u0442\u0438 \u0434\u043b\u044f \u043c\u043b\u0430\u0434\u0435\u043d\u0446\u0435\u0432, Beebipood","description":"Cam Pappananna s\u00f6\u00f6gitool, Oro Rosa, ihtne ja praktiline s&ouml;&ouml;gitool Cam Pappananna on m&otilde;eldud kasutamiseks lastele alates s&uuml;nnist kuni","robots":{"index":"index","follow":"follow","max-snippet":"max-snippet:-1","max-image-preview":"max-image-preview:large","max-video-preview":"max-video-preview:-1"},"canonical":"https:\/\/beebipood.ee\/ru\/produkt\/cam-pappananna-soogitool-oro-rosa\/","og_locale":"ru_RU","og_type":"article","og_title":"Cam Pappananna s\u00f6\u00f6gitool, Oro Rosa, \u0421\u041a\u0418\u0414\u041a\u0418, \u0421\u0442\u0443\u043b\u044c\u0447\u0438\u043a\u0438 \u0434\u043b\u044f \u043a\u043e\u0440\u043c\u043b\u0435\u043d\u0438\u044f, \u041f\u0440\u0438\u043d\u0430\u0434\u043b\u0435\u0436\u043d\u043e\u0441\u0442\u0438 \u0434\u043b\u044f \u043c\u043b\u0430\u0434\u0435\u043d\u0446\u0435\u0432, Beebipood","og_description":"Cam Pappananna s\u00f6\u00f6gitool, Oro Rosa, ihtne ja praktiline s&ouml;&ouml;gitool Cam Pappananna on m&otilde;eldud kasutamiseks lastele alates s&uuml;nnist kuni","og_url":"https:\/\/beebipood.ee\/ru\/produkt\/cam-pappananna-soogitool-oro-rosa\/","og_site_name":"Beebipood","article_modified_time":"2025-01-09T08:52:40+00:00","og_image":[{"width":980,"height":899,"url":"https:\/\/beebipood.ee\/wp-content\/uploads\/2013\/09\/Cam-Pappananna-soogitool-Oro-Rosa-UUED-TOOTED-Sootmistoolid-Beebi-ja-lastetarbed_1-3e0.jpg","type":"image\/jpeg"}],"twitter_card":"summary_large_image","twitter_misc":{"\u041f\u0440\u0438\u043c\u0435\u0440\u043d\u043e\u0435 \u0432\u0440\u0435\u043c\u044f \u0434\u043b\u044f \u0447\u0442\u0435\u043d\u0438\u044f":"1 \u043c\u0438\u043d\u0443\u0442\u0430"},"schema":{"@context":"https:\/\/schema.org","@graph":[{"@type":"WebPage","@id":"https:\/\/beebipood.ee\/ru\/produkt\/cam-pappananna-soogitool-oro-rosa\/","url":"https:\/\/beebipood.ee\/ru\/produkt\/cam-pappananna-soogitool-oro-rosa\/","name":"Cam Pappananna s\u00f6\u00f6gitool, Oro Rosa, \u0421\u041a\u0418\u0414\u041a\u0418, \u0421\u0442\u0443\u043b\u044c\u0447\u0438\u043a\u0438 \u0434\u043b\u044f \u043a\u043e\u0440\u043c\u043b\u0435\u043d\u0438\u044f, \u041f\u0440\u0438\u043d\u0430\u0434\u043b\u0435\u0436\u043d\u043e\u0441\u0442\u0438 \u0434\u043b\u044f \u043c\u043b\u0430\u0434\u0435\u043d\u0446\u0435\u0432, Beebipood","isPartOf":{"@id":"https:\/\/beebipood.ee\/ru\/#website"},"primaryImageOfPage":{"@id":"https:\/\/beebipood.ee\/ru\/produkt\/cam-pappananna-soogitool-oro-rosa\/#primaryimage"},"image":{"@id":"https:\/\/beebipood.ee\/ru\/produkt\/cam-pappananna-soogitool-oro-rosa\/#primaryimage"},"thumbnailUrl":"https:\/\/beebipood.ee\/wp-content\/uploads\/2013\/09\/Cam-Pappananna-soogitool-Oro-Rosa-UUED-TOOTED-Sootmistoolid-Beebi-ja-lastetarbed_1-3e0.jpg","datePublished":"2013-09-02T10:35:26+00:00","dateModified":"2025-01-09T08:52:40+00:00","description":"Cam Pappananna s\u00f6\u00f6gitool, Oro Rosa, ihtne ja praktiline s&ouml;&ouml;gitool Cam Pappananna on m&otilde;eldud kasutamiseks lastele alates s&uuml;nnist kuni","breadcrumb":{"@id":"https:\/\/beebipood.ee\/ru\/produkt\/cam-pappananna-soogitool-oro-rosa\/#breadcrumb"},"inLanguage":"ru-RU","potentialAction":[{"@type":"ReadAction","target":["https:\/\/beebipood.ee\/ru\/produkt\/cam-pappananna-soogitool-oro-rosa\/"]}]},{"@type":"ImageObject","inLanguage":"ru-RU","@id":"https:\/\/beebipood.ee\/ru\/produkt\/cam-pappananna-soogitool-oro-rosa\/#primaryimage","url":"https:\/\/beebipood.ee\/wp-content\/uploads\/2013\/09\/Cam-Pappananna-soogitool-Oro-Rosa-UUED-TOOTED-Sootmistoolid-Beebi-ja-lastetarbed_1-3e0.jpg","contentUrl":"https:\/\/beebipood.ee\/wp-content\/uploads\/2013\/09\/Cam-Pappananna-soogitool-Oro-Rosa-UUED-TOOTED-Sootmistoolid-Beebi-ja-lastetarbed_1-3e0.jpg","width":980,"height":899},{"@type":"BreadcrumbList","@id":"https:\/\/beebipood.ee\/ru\/produkt\/cam-pappananna-soogitool-oro-rosa\/#breadcrumb","itemListElement":[{"@type":"ListItem","position":1,"name":"Home","item":"https:\/\/beebipood.ee\/ru\/"},{"@type":"ListItem","position":2,"name":"\u041a\u0430\u0442\u0430\u043b\u043e\u0433 \u0442\u043e\u0432\u0430\u0440\u043e\u0432","item":"https:\/\/beebipood.ee\/tooted\/"},{"@type":"ListItem","position":3,"name":"Cam Pappananna s\u00f6\u00f6gitool, Oro Rosa"}]},{"@type":"WebSite","@id":"https:\/\/beebipood.ee\/ru\/#website","url":"https:\/\/beebipood.ee\/ru\/","name":"Beebipood","description":"Lastekaubad, beebikaubad, m\u00e4nguasjad","publisher":{"@id":"https:\/\/beebipood.ee\/ru\/#organization"},"potentialAction":[{"@type":"SearchAction","target":{"@type":"EntryPoint","urlTemplate":"https:\/\/beebipood.ee\/ru\/?s={search_term_string}"},"query-input":{"@type":"PropertyValueSpecification","valueRequired":true,"valueName":"search_term_string"}}],"inLanguage":"ru-RU"},{"@type":"Organization","@id":"https:\/\/beebipood.ee\/ru\/#organization","name":"Beebipood","url":"https:\/\/beebipood.ee\/ru\/","logo":{"@type":"ImageObject","inLanguage":"ru-RU","@id":"https:\/\/beebipood.ee\/ru\/#\/schema\/logo\/image\/","url":"https:\/\/beebipood.ee\/wp-content\/uploads\/2025\/03\/beebipood.ee-logo-1.svg","contentUrl":"https:\/\/beebipood.ee\/wp-content\/uploads\/2025\/03\/beebipood.ee-logo-1.svg","caption":"Beebipood"},"image":{"@id":"https:\/\/beebipood.ee\/ru\/#\/schema\/logo\/image\/"}}]}},"brands":[],"_links":{"self":[{"href":"https:\/\/beebipood.ee\/ru\/wp-json\/wp\/v2\/product\/454180","targetHints":{"allow":["GET"]}}],"collection":[{"href":"https:\/\/beebipood.ee\/ru\/wp-json\/wp\/v2\/product"}],"about":[{"href":"https:\/\/beebipood.ee\/ru\/wp-json\/wp\/v2\/types\/product"}],"wp:featuredmedia":[{"embeddable":true,"href":"https:\/\/beebipood.ee\/ru\/wp-json\/wp\/v2\/media\/99298"}],"wp:attachment":[{"href":"https:\/\/beebipood.ee\/ru\/wp-json\/wp\/v2\/media?parent=454180"}],"wp:term":[{"taxonomy":"pwb-brand","embeddable":true,"href":"https:\/\/beebipood.ee\/ru\/wp-json\/wp\/v2\/pwb-brand?post=454180"},{"taxonomy":"product_brand","embeddable":true,"href":"https:\/\/beebipood.ee\/ru\/wp-json\/wp\/v2\/product_brand?post=454180"},{"taxonomy":"product_cat","embeddable":true,"href":"https:\/\/beebipood.ee\/ru\/wp-json\/wp\/v2\/product_cat?post=454180"},{"taxonomy":"product_tag","embeddable":true,"href":"https:\/\/beebipood.ee\/ru\/wp-json\/wp\/v2\/product_tag?post=454180"}],"curies":[{"name":"wp","href":"https:\/\/api.w.org\/{rel}","templated":true}]}}