{"id":454182,"date":"2013-09-02T13:35:27","date_gmt":"2013-09-02T10:35:27","guid":{"rendered":"https:\/\/beebipood.ee\/toode\/maxi-cosi-ava-soogitool-beyond-grey\/"},"modified":"2025-05-01T00:00:27","modified_gmt":"2025-04-30T21:00:27","slug":"maxi-cosi-ava-soogitool-beyond-grey","status":"publish","type":"product","link":"https:\/\/beebipood.ee\/ru\/produkt\/maxi-cosi-ava-soogitool-beyond-grey\/","title":{"rendered":"Maxi-Cosi Ava s\u00f6\u00f6gitool, Beyond Grey"},"content":{"rendered":"<p>Maxi-Cosi Ava s\u00f6\u00f6gitool on ideaalne ruumis\u00e4\u00e4stlik lahendus, <br \/>kui elamispinna iga sentimeeter on arvel. <br \/>See on \u00fclikerge (ainult 4,8 kg), eriti kompaktselt kokkuvolditav ja kergesti hoiustatav. <br \/>Kasutamiseks alates s\u00fcnnist t\u00e4nu lamamisasendile <br \/>ning kuni lapse 3. eluaastani (15kg). <br \/>T\u00e4nu masinpestavale kattele on seda \u00fclilihtne puhastada.<br \/><span style=\"text-decoration: underline;\"><br \/>Kasutajas\u00f5bralikkus<\/span><br \/>Kokkupandult seisab p\u00fcsti<br \/>Kasutades s\u00f6\u00f6gitooli vasts\u00fcndinu asendis,<br \/>saate kandiku mugavasti asetada s\u00f6\u00f6gitooli tagumisele k\u00fcljele<br \/>\u00dclimalt kerge ja kompaktne (4,8kg)<br \/>Maxi-Cosi Ava s\u00f6\u00f6gitooli katteriie on vetth\u00fclgav ja masinpestav 30\u00b0C juures<br \/><span style=\"text-decoration: underline;\">Mugavus<\/span><br \/>Reguleeritav seljatugi (3 asendit)<br \/>Mugav ja pehme iste<br \/>Reguleeritav kandiku asend (3 positsiooni)<br \/><span style=\"text-decoration: underline;\">\u00dcldine<\/span><br \/>Kasutamiseks lastele alates s\u00fcnnist kuni kaaluni 15kg (3. eluaastani)<br \/>Valmistatud 100% taast\u00f6\u00f6deldud kangast (EcoCare)<br \/>5-punkti kinnitusega turvarihmad<br \/><span style=\"text-decoration: underline;\">Komplektis<\/span><br \/>S\u00f6\u00f6gitooli raam<br \/>S\u00f6\u00f6gitooli iste<br \/>S\u00f6\u00f6gitooli jalad<br \/>Kandik<br \/><span style=\"text-decoration: underline;\">N\u00e4itajad<\/span><br \/>M\u00f5\u00f5dud 85-88 x 63,5 x 88-104,5cm (pikkus, laius, k\u00f5rgus)<br \/>Kaal koos kandikuga 6kg<\/p>\n","protected":false},"excerpt":{"rendered":"<p>Maxi-Cosi Ava s\u00f6\u00f6gitool on ideaalne ruumis\u00e4\u00e4stlik lahendus, kui elamispinna iga sentimeeter on arvel. See on \u00fclikerge (ainult 4,8 kg), eriti kompaktselt kokkuvolditav ja kergesti hoiustatav. Kasutamiseks alates s\u00fcnnist t\u00e4nu lamamisasendile ning kuni lapse 3. eluaastani (15kg). T\u00e4nu masinpestavale kattele on seda \u00fclilihtne puhastada.Kasutajas\u00f5bralikkusKokkupandult seisab p\u00fcstiKasutades s\u00f6\u00f6gitooli vasts\u00fcndinu asendis,saate kandiku mugavasti asetada s\u00f6\u00f6gitooli tagumisele k\u00fcljele\u00dclimalt kerge [&hellip;]<\/p>\n","protected":false},"featured_media":99299,"template":"","meta":{"_acf_changed":false},"pwb-brand":[11961],"product_brand":[],"product_cat":[11645,11709],"product_tag":[],"class_list":{"0":"post-454182","1":"product","2":"type-product","3":"status-publish","4":"has-post-thumbnail","6":"pwb-brand-maxi-cosi-ru","7":"product_cat-sootmistoolid-ru","8":"product_cat-sootmistoolid-beebi-ja-lastetarbed-mahkimine-hugieen-ru","9":"pa_manufacturer-maxi_cosi-ru","11":"first","12":"onbackorder","13":"taxable","14":"shipping-taxable","15":"purchasable","16":"product-type-simple"},"exclude_global_add_ons":[],"addons":[],"acf":[],"yoast_head":"<!-- This site is optimized with the Yoast SEO plugin v27.1.1 - https:\/\/yoast.com\/product\/yoast-seo-wordpress\/ -->\n<title>Maxi-Cosi Ava s\u00f6\u00f6gitool, Beyond Grey, \u0421\u041a\u0418\u0414\u041a\u0418, \u0421\u0442\u0443\u043b\u044c\u0447\u0438\u043a\u0438 \u0434\u043b\u044f \u043a\u043e\u0440\u043c\u043b\u0435\u043d\u0438\u044f, \u041f\u0440\u0438\u043d\u0430\u0434\u043b\u0435\u0436\u043d\u043e\u0441\u0442\u0438 \u0434\u043b\u044f \u043c\u043b\u0430\u0434\u0435\u043d\u0446\u0435\u0432, Beebipood<\/title>\n<meta name=\"description\" content=\"Maxi-Cosi Ava s\u00f6\u00f6gitool, Beyond Grey, Maxi-Cosi Ava s&ouml;&ouml;gitool on ideaalne ruumis&auml;&auml;stlik lahendus, kui elamispinna iga sentimeeter\" \/>\n<meta name=\"robots\" content=\"index, follow, max-snippet:-1, max-image-preview:large, max-video-preview:-1\" \/>\n<link rel=\"canonical\" href=\"https:\/\/beebipood.ee\/ru\/produkt\/maxi-cosi-ava-soogitool-beyond-grey\/\" \/>\n<meta property=\"og:locale\" content=\"ru_RU\" \/>\n<meta property=\"og:type\" content=\"article\" \/>\n<meta property=\"og:title\" content=\"Maxi-Cosi Ava s\u00f6\u00f6gitool, Beyond Grey, \u0421\u041a\u0418\u0414\u041a\u0418, \u0421\u0442\u0443\u043b\u044c\u0447\u0438\u043a\u0438 \u0434\u043b\u044f \u043a\u043e\u0440\u043c\u043b\u0435\u043d\u0438\u044f, \u041f\u0440\u0438\u043d\u0430\u0434\u043b\u0435\u0436\u043d\u043e\u0441\u0442\u0438 \u0434\u043b\u044f \u043c\u043b\u0430\u0434\u0435\u043d\u0446\u0435\u0432, Beebipood\" \/>\n<meta property=\"og:description\" content=\"Maxi-Cosi Ava s\u00f6\u00f6gitool, Beyond Grey, Maxi-Cosi Ava s&ouml;&ouml;gitool on ideaalne ruumis&auml;&auml;stlik lahendus, kui elamispinna iga sentimeeter\" \/>\n<meta property=\"og:url\" content=\"https:\/\/beebipood.ee\/ru\/produkt\/maxi-cosi-ava-soogitool-beyond-grey\/\" \/>\n<meta property=\"og:site_name\" content=\"Beebipood\" \/>\n<meta property=\"article:modified_time\" content=\"2025-04-30T21:00:27+00:00\" \/>\n<meta property=\"og:image\" content=\"https:\/\/beebipood.ee\/wp-content\/uploads\/2013\/09\/MaxiCosi-Ava-soogitool-Beyond-Grey-SOODUSPAKKUMISED-Sootmistoolid-Beebi-ja-lastetarbed_2-694.jpg\" \/>\n\t<meta property=\"og:image:width\" content=\"1062\" \/>\n\t<meta property=\"og:image:height\" content=\"1200\" \/>\n\t<meta property=\"og:image:type\" content=\"image\/jpeg\" \/>\n<meta name=\"twitter:card\" content=\"summary_large_image\" \/>\n<meta name=\"twitter:label1\" content=\"\u041f\u0440\u0438\u043c\u0435\u0440\u043d\u043e\u0435 \u0432\u0440\u0435\u043c\u044f \u0434\u043b\u044f \u0447\u0442\u0435\u043d\u0438\u044f\" \/>\n\t<meta name=\"twitter:data1\" content=\"1 \u043c\u0438\u043d\u0443\u0442\u0430\" \/>\n<script type=\"application\/ld+json\" class=\"yoast-schema-graph\">{\"@context\":\"https:\/\/schema.org\",\"@graph\":[{\"@type\":\"WebPage\",\"@id\":\"https:\/\/beebipood.ee\/ru\/produkt\/maxi-cosi-ava-soogitool-beyond-grey\/\",\"url\":\"https:\/\/beebipood.ee\/ru\/produkt\/maxi-cosi-ava-soogitool-beyond-grey\/\",\"name\":\"Maxi-Cosi Ava s\u00f6\u00f6gitool, Beyond Grey, \u0421\u041a\u0418\u0414\u041a\u0418, \u0421\u0442\u0443\u043b\u044c\u0447\u0438\u043a\u0438 \u0434\u043b\u044f \u043a\u043e\u0440\u043c\u043b\u0435\u043d\u0438\u044f, \u041f\u0440\u0438\u043d\u0430\u0434\u043b\u0435\u0436\u043d\u043e\u0441\u0442\u0438 \u0434\u043b\u044f \u043c\u043b\u0430\u0434\u0435\u043d\u0446\u0435\u0432, Beebipood\",\"isPartOf\":{\"@id\":\"https:\/\/beebipood.ee\/ru\/#website\"},\"primaryImageOfPage\":{\"@id\":\"https:\/\/beebipood.ee\/ru\/produkt\/maxi-cosi-ava-soogitool-beyond-grey\/#primaryimage\"},\"image\":{\"@id\":\"https:\/\/beebipood.ee\/ru\/produkt\/maxi-cosi-ava-soogitool-beyond-grey\/#primaryimage\"},\"thumbnailUrl\":\"https:\/\/beebipood.ee\/wp-content\/uploads\/2013\/09\/MaxiCosi-Ava-soogitool-Beyond-Grey-SOODUSPAKKUMISED-Sootmistoolid-Beebi-ja-lastetarbed_2-694.jpg\",\"datePublished\":\"2013-09-02T10:35:27+00:00\",\"dateModified\":\"2025-04-30T21:00:27+00:00\",\"description\":\"Maxi-Cosi Ava s\u00f6\u00f6gitool, Beyond Grey, Maxi-Cosi Ava s&ouml;&ouml;gitool on ideaalne ruumis&auml;&auml;stlik lahendus, kui elamispinna iga sentimeeter\",\"breadcrumb\":{\"@id\":\"https:\/\/beebipood.ee\/ru\/produkt\/maxi-cosi-ava-soogitool-beyond-grey\/#breadcrumb\"},\"inLanguage\":\"ru-RU\",\"potentialAction\":[{\"@type\":\"ReadAction\",\"target\":[\"https:\/\/beebipood.ee\/ru\/produkt\/maxi-cosi-ava-soogitool-beyond-grey\/\"]}]},{\"@type\":\"ImageObject\",\"inLanguage\":\"ru-RU\",\"@id\":\"https:\/\/beebipood.ee\/ru\/produkt\/maxi-cosi-ava-soogitool-beyond-grey\/#primaryimage\",\"url\":\"https:\/\/beebipood.ee\/wp-content\/uploads\/2013\/09\/MaxiCosi-Ava-soogitool-Beyond-Grey-SOODUSPAKKUMISED-Sootmistoolid-Beebi-ja-lastetarbed_2-694.jpg\",\"contentUrl\":\"https:\/\/beebipood.ee\/wp-content\/uploads\/2013\/09\/MaxiCosi-Ava-soogitool-Beyond-Grey-SOODUSPAKKUMISED-Sootmistoolid-Beebi-ja-lastetarbed_2-694.jpg\",\"width\":1062,\"height\":1200},{\"@type\":\"BreadcrumbList\",\"@id\":\"https:\/\/beebipood.ee\/ru\/produkt\/maxi-cosi-ava-soogitool-beyond-grey\/#breadcrumb\",\"itemListElement\":[{\"@type\":\"ListItem\",\"position\":1,\"name\":\"Home\",\"item\":\"https:\/\/beebipood.ee\/ru\/\"},{\"@type\":\"ListItem\",\"position\":2,\"name\":\"\u041a\u0430\u0442\u0430\u043b\u043e\u0433 \u0442\u043e\u0432\u0430\u0440\u043e\u0432\",\"item\":\"https:\/\/beebipood.ee\/tooted\/\"},{\"@type\":\"ListItem\",\"position\":3,\"name\":\"Maxi-Cosi Ava s\u00f6\u00f6gitool, Beyond Grey\"}]},{\"@type\":\"WebSite\",\"@id\":\"https:\/\/beebipood.ee\/ru\/#website\",\"url\":\"https:\/\/beebipood.ee\/ru\/\",\"name\":\"Beebipood\",\"description\":\"Lastekaubad, beebikaubad, m\u00e4nguasjad\",\"publisher\":{\"@id\":\"https:\/\/beebipood.ee\/ru\/#organization\"},\"potentialAction\":[{\"@type\":\"SearchAction\",\"target\":{\"@type\":\"EntryPoint\",\"urlTemplate\":\"https:\/\/beebipood.ee\/ru\/?s={search_term_string}\"},\"query-input\":{\"@type\":\"PropertyValueSpecification\",\"valueRequired\":true,\"valueName\":\"search_term_string\"}}],\"inLanguage\":\"ru-RU\"},{\"@type\":\"Organization\",\"@id\":\"https:\/\/beebipood.ee\/ru\/#organization\",\"name\":\"Beebipood\",\"url\":\"https:\/\/beebipood.ee\/ru\/\",\"logo\":{\"@type\":\"ImageObject\",\"inLanguage\":\"ru-RU\",\"@id\":\"https:\/\/beebipood.ee\/ru\/#\/schema\/logo\/image\/\",\"url\":\"https:\/\/beebipood.ee\/wp-content\/uploads\/2025\/03\/beebipood.ee-logo-1.svg\",\"contentUrl\":\"https:\/\/beebipood.ee\/wp-content\/uploads\/2025\/03\/beebipood.ee-logo-1.svg\",\"caption\":\"Beebipood\"},\"image\":{\"@id\":\"https:\/\/beebipood.ee\/ru\/#\/schema\/logo\/image\/\"}}]}<\/script>\n<!-- \/ Yoast SEO plugin. -->","yoast_head_json":{"title":"Maxi-Cosi Ava s\u00f6\u00f6gitool, Beyond Grey, \u0421\u041a\u0418\u0414\u041a\u0418, \u0421\u0442\u0443\u043b\u044c\u0447\u0438\u043a\u0438 \u0434\u043b\u044f \u043a\u043e\u0440\u043c\u043b\u0435\u043d\u0438\u044f, \u041f\u0440\u0438\u043d\u0430\u0434\u043b\u0435\u0436\u043d\u043e\u0441\u0442\u0438 \u0434\u043b\u044f \u043c\u043b\u0430\u0434\u0435\u043d\u0446\u0435\u0432, Beebipood","description":"Maxi-Cosi Ava s\u00f6\u00f6gitool, Beyond Grey, Maxi-Cosi Ava s&ouml;&ouml;gitool on ideaalne ruumis&auml;&auml;stlik lahendus, kui elamispinna iga sentimeeter","robots":{"index":"index","follow":"follow","max-snippet":"max-snippet:-1","max-image-preview":"max-image-preview:large","max-video-preview":"max-video-preview:-1"},"canonical":"https:\/\/beebipood.ee\/ru\/produkt\/maxi-cosi-ava-soogitool-beyond-grey\/","og_locale":"ru_RU","og_type":"article","og_title":"Maxi-Cosi Ava s\u00f6\u00f6gitool, Beyond Grey, \u0421\u041a\u0418\u0414\u041a\u0418, \u0421\u0442\u0443\u043b\u044c\u0447\u0438\u043a\u0438 \u0434\u043b\u044f \u043a\u043e\u0440\u043c\u043b\u0435\u043d\u0438\u044f, \u041f\u0440\u0438\u043d\u0430\u0434\u043b\u0435\u0436\u043d\u043e\u0441\u0442\u0438 \u0434\u043b\u044f \u043c\u043b\u0430\u0434\u0435\u043d\u0446\u0435\u0432, Beebipood","og_description":"Maxi-Cosi Ava s\u00f6\u00f6gitool, Beyond Grey, Maxi-Cosi Ava s&ouml;&ouml;gitool on ideaalne ruumis&auml;&auml;stlik lahendus, kui elamispinna iga sentimeeter","og_url":"https:\/\/beebipood.ee\/ru\/produkt\/maxi-cosi-ava-soogitool-beyond-grey\/","og_site_name":"Beebipood","article_modified_time":"2025-04-30T21:00:27+00:00","og_image":[{"width":1062,"height":1200,"url":"https:\/\/beebipood.ee\/wp-content\/uploads\/2013\/09\/MaxiCosi-Ava-soogitool-Beyond-Grey-SOODUSPAKKUMISED-Sootmistoolid-Beebi-ja-lastetarbed_2-694.jpg","type":"image\/jpeg"}],"twitter_card":"summary_large_image","twitter_misc":{"\u041f\u0440\u0438\u043c\u0435\u0440\u043d\u043e\u0435 \u0432\u0440\u0435\u043c\u044f \u0434\u043b\u044f \u0447\u0442\u0435\u043d\u0438\u044f":"1 \u043c\u0438\u043d\u0443\u0442\u0430"},"schema":{"@context":"https:\/\/schema.org","@graph":[{"@type":"WebPage","@id":"https:\/\/beebipood.ee\/ru\/produkt\/maxi-cosi-ava-soogitool-beyond-grey\/","url":"https:\/\/beebipood.ee\/ru\/produkt\/maxi-cosi-ava-soogitool-beyond-grey\/","name":"Maxi-Cosi Ava s\u00f6\u00f6gitool, Beyond Grey, \u0421\u041a\u0418\u0414\u041a\u0418, \u0421\u0442\u0443\u043b\u044c\u0447\u0438\u043a\u0438 \u0434\u043b\u044f \u043a\u043e\u0440\u043c\u043b\u0435\u043d\u0438\u044f, \u041f\u0440\u0438\u043d\u0430\u0434\u043b\u0435\u0436\u043d\u043e\u0441\u0442\u0438 \u0434\u043b\u044f \u043c\u043b\u0430\u0434\u0435\u043d\u0446\u0435\u0432, Beebipood","isPartOf":{"@id":"https:\/\/beebipood.ee\/ru\/#website"},"primaryImageOfPage":{"@id":"https:\/\/beebipood.ee\/ru\/produkt\/maxi-cosi-ava-soogitool-beyond-grey\/#primaryimage"},"image":{"@id":"https:\/\/beebipood.ee\/ru\/produkt\/maxi-cosi-ava-soogitool-beyond-grey\/#primaryimage"},"thumbnailUrl":"https:\/\/beebipood.ee\/wp-content\/uploads\/2013\/09\/MaxiCosi-Ava-soogitool-Beyond-Grey-SOODUSPAKKUMISED-Sootmistoolid-Beebi-ja-lastetarbed_2-694.jpg","datePublished":"2013-09-02T10:35:27+00:00","dateModified":"2025-04-30T21:00:27+00:00","description":"Maxi-Cosi Ava s\u00f6\u00f6gitool, Beyond Grey, Maxi-Cosi Ava s&ouml;&ouml;gitool on ideaalne ruumis&auml;&auml;stlik lahendus, kui elamispinna iga sentimeeter","breadcrumb":{"@id":"https:\/\/beebipood.ee\/ru\/produkt\/maxi-cosi-ava-soogitool-beyond-grey\/#breadcrumb"},"inLanguage":"ru-RU","potentialAction":[{"@type":"ReadAction","target":["https:\/\/beebipood.ee\/ru\/produkt\/maxi-cosi-ava-soogitool-beyond-grey\/"]}]},{"@type":"ImageObject","inLanguage":"ru-RU","@id":"https:\/\/beebipood.ee\/ru\/produkt\/maxi-cosi-ava-soogitool-beyond-grey\/#primaryimage","url":"https:\/\/beebipood.ee\/wp-content\/uploads\/2013\/09\/MaxiCosi-Ava-soogitool-Beyond-Grey-SOODUSPAKKUMISED-Sootmistoolid-Beebi-ja-lastetarbed_2-694.jpg","contentUrl":"https:\/\/beebipood.ee\/wp-content\/uploads\/2013\/09\/MaxiCosi-Ava-soogitool-Beyond-Grey-SOODUSPAKKUMISED-Sootmistoolid-Beebi-ja-lastetarbed_2-694.jpg","width":1062,"height":1200},{"@type":"BreadcrumbList","@id":"https:\/\/beebipood.ee\/ru\/produkt\/maxi-cosi-ava-soogitool-beyond-grey\/#breadcrumb","itemListElement":[{"@type":"ListItem","position":1,"name":"Home","item":"https:\/\/beebipood.ee\/ru\/"},{"@type":"ListItem","position":2,"name":"\u041a\u0430\u0442\u0430\u043b\u043e\u0433 \u0442\u043e\u0432\u0430\u0440\u043e\u0432","item":"https:\/\/beebipood.ee\/tooted\/"},{"@type":"ListItem","position":3,"name":"Maxi-Cosi Ava s\u00f6\u00f6gitool, Beyond Grey"}]},{"@type":"WebSite","@id":"https:\/\/beebipood.ee\/ru\/#website","url":"https:\/\/beebipood.ee\/ru\/","name":"Beebipood","description":"Lastekaubad, beebikaubad, m\u00e4nguasjad","publisher":{"@id":"https:\/\/beebipood.ee\/ru\/#organization"},"potentialAction":[{"@type":"SearchAction","target":{"@type":"EntryPoint","urlTemplate":"https:\/\/beebipood.ee\/ru\/?s={search_term_string}"},"query-input":{"@type":"PropertyValueSpecification","valueRequired":true,"valueName":"search_term_string"}}],"inLanguage":"ru-RU"},{"@type":"Organization","@id":"https:\/\/beebipood.ee\/ru\/#organization","name":"Beebipood","url":"https:\/\/beebipood.ee\/ru\/","logo":{"@type":"ImageObject","inLanguage":"ru-RU","@id":"https:\/\/beebipood.ee\/ru\/#\/schema\/logo\/image\/","url":"https:\/\/beebipood.ee\/wp-content\/uploads\/2025\/03\/beebipood.ee-logo-1.svg","contentUrl":"https:\/\/beebipood.ee\/wp-content\/uploads\/2025\/03\/beebipood.ee-logo-1.svg","caption":"Beebipood"},"image":{"@id":"https:\/\/beebipood.ee\/ru\/#\/schema\/logo\/image\/"}}]}},"brands":[{"id":11961,"name":"Maxi-Cosi","slug":"maxi-cosi-ru"}],"_links":{"self":[{"href":"https:\/\/beebipood.ee\/ru\/wp-json\/wp\/v2\/product\/454182","targetHints":{"allow":["GET"]}}],"collection":[{"href":"https:\/\/beebipood.ee\/ru\/wp-json\/wp\/v2\/product"}],"about":[{"href":"https:\/\/beebipood.ee\/ru\/wp-json\/wp\/v2\/types\/product"}],"wp:featuredmedia":[{"embeddable":true,"href":"https:\/\/beebipood.ee\/ru\/wp-json\/wp\/v2\/media\/99299"}],"wp:attachment":[{"href":"https:\/\/beebipood.ee\/ru\/wp-json\/wp\/v2\/media?parent=454182"}],"wp:term":[{"taxonomy":"pwb-brand","embeddable":true,"href":"https:\/\/beebipood.ee\/ru\/wp-json\/wp\/v2\/pwb-brand?post=454182"},{"taxonomy":"product_brand","embeddable":true,"href":"https:\/\/beebipood.ee\/ru\/wp-json\/wp\/v2\/product_brand?post=454182"},{"taxonomy":"product_cat","embeddable":true,"href":"https:\/\/beebipood.ee\/ru\/wp-json\/wp\/v2\/product_cat?post=454182"},{"taxonomy":"product_tag","embeddable":true,"href":"https:\/\/beebipood.ee\/ru\/wp-json\/wp\/v2\/product_tag?post=454182"}],"curies":[{"name":"wp","href":"https:\/\/api.w.org\/{rel}","templated":true}]}}