{"id":454188,"date":"2013-09-02T13:35:40","date_gmt":"2013-09-02T10:35:40","guid":{"rendered":"https:\/\/beebipood.ee\/toode\/velokart-nerf-striker\/"},"modified":"2025-01-09T10:52:40","modified_gmt":"2025-01-09T08:52:40","slug":"velokart-nerf-striker","status":"publish","type":"product","link":"https:\/\/beebipood.ee\/ru\/produkt\/velokart-nerf-striker\/","title":{"rendered":"Velokart Nerf Striker"},"content":{"rendered":"<p>NERF Strikeriga saab m\u00e4ngur\u00f5\u00f5mu iga NERF-i m\u00e4ngija<br \/>Nerfi Velomobile on v\u00e4ga \u00f6konoomne, sest erinevalt kallitest elektriautodest<br \/>ei vaja see laadimist, kuid v\u00f5ite olla kindel, et see toob teie lapsele t\u00e4pselt sama palju r\u00f5\u00f5mu!<br \/>See s\u00f5iduk muudab teie aktiivsemaks ja samal ajal t\u00e4helepanelikumaks,<br \/>sest see v\u00e4ike s\u00f5iduk vajab liikumis koordineerimist,<br \/>valides s\u00f5idu ajal parima suuna. Sarnaselt jalgrattaga<br \/>on velokart pedaalid, aga velomobiliga on palju lihtsam s\u00f5ita!<br \/>Velokardi rattad on valmistatud EVA kummis.<br \/>T\u00e4nu oma usaldusv\u00e4\u00e4rsele metallkonstruktsioonile on stabiilne ja turvaline.<br \/>Antud mudel on m\u00f5eldud 4\u201310 aastastele lastele.<br \/>Kui teie peres on rohkem kui \u00fcks laps, saavad seda kasutada ka vanemad\/nooremad vennad ja \u00f5ed!<br \/><span style=\"text-decoration: underline;\"><br \/>N\u00e4itajad<\/span><br \/>NERF noolem\u00e4ngu jaoks ning hoiukonsoolid<br \/>K\u00e4sipidur m\u00f5lemale tagarattale<br \/>Reguleeritav iste<br \/>Vanuser\u00fchm: 4 &#8212; 10 aastat<br \/>Rehvit\u00fc\u00fcp: EVA PVC \u00d8 19cm<br \/>Max kandev\u00f5ime: 50 kg<br \/>Kaal: 15 kg<\/p>\n","protected":false},"excerpt":{"rendered":"<p>NERF Strikeriga saab m\u00e4ngur\u00f5\u00f5mu iga NERF-i m\u00e4ngijaNerfi Velomobile on v\u00e4ga \u00f6konoomne, sest erinevalt kallitest elektriautodestei vaja see laadimist, kuid v\u00f5ite olla kindel, et see toob teie lapsele t\u00e4pselt sama palju r\u00f5\u00f5mu!See s\u00f5iduk muudab teie aktiivsemaks ja samal ajal t\u00e4helepanelikumaks,sest see v\u00e4ike s\u00f5iduk vajab liikumis koordineerimist,valides s\u00f5idu ajal parima suuna. Sarnaselt jalgrattagaon velokart pedaalid, aga velomobiliga [&hellip;]<\/p>\n","protected":false},"featured_media":99320,"template":"","meta":{"_acf_changed":false},"pwb-brand":[11952],"product_brand":[],"product_cat":[11681,11675],"product_tag":[],"class_list":{"0":"post-454188","1":"product","2":"type-product","3":"status-publish","4":"has-post-thumbnail","6":"pwb-brand-hauck-ru","7":"product_cat-istu-peale-ja-soida-ru","8":"product_cat-aktiivne-tegevus-ja-vaba-aeg-ru","9":"pa_manufacturer-hauck-ru","11":"first","12":"onbackorder","13":"taxable","14":"shipping-taxable","15":"purchasable","16":"product-type-simple"},"exclude_global_add_ons":[],"addons":[],"acf":[],"yoast_head":"<!-- This site is optimized with the Yoast SEO plugin v27.1.1 - https:\/\/yoast.com\/product\/yoast-seo-wordpress\/ -->\n<title>Velokart Nerf Striker, \u041d\u041e\u0412\u042b\u0415 \u0422\u041e\u0412\u0410\u0420\u042b, \u0410\u043a\u0442\u0438\u0432\u043d\u044b\u0435 \u0434\u0435\u0439\u0441\u0442\u0432\u0438\u044f, \u0421\u0430\u0434\u0438\u0441\u044c \u0438 \u043f\u043e\u0435\u0437\u0436\u0430\u0439, Beebipood<\/title>\n<meta name=\"description\" content=\"Velokart Nerf Striker, NERF Strikeriga saab m&auml;ngur&otilde;&otilde;mu iga NERF-i m&auml;ngijaNerfi Velomobile on v&auml;ga &ouml;konoomne, sest eri\" \/>\n<meta name=\"robots\" content=\"index, follow, max-snippet:-1, max-image-preview:large, max-video-preview:-1\" \/>\n<link rel=\"canonical\" href=\"https:\/\/beebipood.ee\/ru\/produkt\/velokart-nerf-striker\/\" \/>\n<meta property=\"og:locale\" content=\"ru_RU\" \/>\n<meta property=\"og:type\" content=\"article\" \/>\n<meta property=\"og:title\" content=\"Velokart Nerf Striker, \u041d\u041e\u0412\u042b\u0415 \u0422\u041e\u0412\u0410\u0420\u042b, \u0410\u043a\u0442\u0438\u0432\u043d\u044b\u0435 \u0434\u0435\u0439\u0441\u0442\u0432\u0438\u044f, \u0421\u0430\u0434\u0438\u0441\u044c \u0438 \u043f\u043e\u0435\u0437\u0436\u0430\u0439, Beebipood\" \/>\n<meta property=\"og:description\" content=\"Velokart Nerf Striker, NERF Strikeriga saab m&auml;ngur&otilde;&otilde;mu iga NERF-i m&auml;ngijaNerfi Velomobile on v&auml;ga &ouml;konoomne, sest eri\" \/>\n<meta property=\"og:url\" content=\"https:\/\/beebipood.ee\/ru\/produkt\/velokart-nerf-striker\/\" \/>\n<meta property=\"og:site_name\" content=\"Beebipood\" \/>\n<meta property=\"article:modified_time\" content=\"2025-01-09T08:52:40+00:00\" \/>\n<meta property=\"og:image\" content=\"https:\/\/beebipood.ee\/wp-content\/uploads\/2013\/09\/Velokart-Nerf-Striker-UUED-TOOTED-Aktiivne-tegevus-Istu-peale-ja-soida_3-18b.jpg\" \/>\n\t<meta property=\"og:image:width\" content=\"1500\" \/>\n\t<meta property=\"og:image:height\" content=\"1500\" \/>\n\t<meta property=\"og:image:type\" content=\"image\/jpeg\" \/>\n<meta name=\"twitter:card\" content=\"summary_large_image\" \/>\n<meta name=\"twitter:label1\" content=\"\u041f\u0440\u0438\u043c\u0435\u0440\u043d\u043e\u0435 \u0432\u0440\u0435\u043c\u044f \u0434\u043b\u044f \u0447\u0442\u0435\u043d\u0438\u044f\" \/>\n\t<meta name=\"twitter:data1\" content=\"1 \u043c\u0438\u043d\u0443\u0442\u0430\" \/>\n<script type=\"application\/ld+json\" class=\"yoast-schema-graph\">{\"@context\":\"https:\/\/schema.org\",\"@graph\":[{\"@type\":\"WebPage\",\"@id\":\"https:\/\/beebipood.ee\/ru\/produkt\/velokart-nerf-striker\/\",\"url\":\"https:\/\/beebipood.ee\/ru\/produkt\/velokart-nerf-striker\/\",\"name\":\"Velokart Nerf Striker, \u041d\u041e\u0412\u042b\u0415 \u0422\u041e\u0412\u0410\u0420\u042b, \u0410\u043a\u0442\u0438\u0432\u043d\u044b\u0435 \u0434\u0435\u0439\u0441\u0442\u0432\u0438\u044f, \u0421\u0430\u0434\u0438\u0441\u044c \u0438 \u043f\u043e\u0435\u0437\u0436\u0430\u0439, Beebipood\",\"isPartOf\":{\"@id\":\"https:\/\/beebipood.ee\/ru\/#website\"},\"primaryImageOfPage\":{\"@id\":\"https:\/\/beebipood.ee\/ru\/produkt\/velokart-nerf-striker\/#primaryimage\"},\"image\":{\"@id\":\"https:\/\/beebipood.ee\/ru\/produkt\/velokart-nerf-striker\/#primaryimage\"},\"thumbnailUrl\":\"https:\/\/beebipood.ee\/wp-content\/uploads\/2013\/09\/Velokart-Nerf-Striker-UUED-TOOTED-Aktiivne-tegevus-Istu-peale-ja-soida_3-18b.jpg\",\"datePublished\":\"2013-09-02T10:35:40+00:00\",\"dateModified\":\"2025-01-09T08:52:40+00:00\",\"description\":\"Velokart Nerf Striker, NERF Strikeriga saab m&auml;ngur&otilde;&otilde;mu iga NERF-i m&auml;ngijaNerfi Velomobile on v&auml;ga &ouml;konoomne, sest eri\",\"breadcrumb\":{\"@id\":\"https:\/\/beebipood.ee\/ru\/produkt\/velokart-nerf-striker\/#breadcrumb\"},\"inLanguage\":\"ru-RU\",\"potentialAction\":[{\"@type\":\"ReadAction\",\"target\":[\"https:\/\/beebipood.ee\/ru\/produkt\/velokart-nerf-striker\/\"]}]},{\"@type\":\"ImageObject\",\"inLanguage\":\"ru-RU\",\"@id\":\"https:\/\/beebipood.ee\/ru\/produkt\/velokart-nerf-striker\/#primaryimage\",\"url\":\"https:\/\/beebipood.ee\/wp-content\/uploads\/2013\/09\/Velokart-Nerf-Striker-UUED-TOOTED-Aktiivne-tegevus-Istu-peale-ja-soida_3-18b.jpg\",\"contentUrl\":\"https:\/\/beebipood.ee\/wp-content\/uploads\/2013\/09\/Velokart-Nerf-Striker-UUED-TOOTED-Aktiivne-tegevus-Istu-peale-ja-soida_3-18b.jpg\",\"width\":1500,\"height\":1500},{\"@type\":\"BreadcrumbList\",\"@id\":\"https:\/\/beebipood.ee\/ru\/produkt\/velokart-nerf-striker\/#breadcrumb\",\"itemListElement\":[{\"@type\":\"ListItem\",\"position\":1,\"name\":\"Home\",\"item\":\"https:\/\/beebipood.ee\/ru\/\"},{\"@type\":\"ListItem\",\"position\":2,\"name\":\"\u041a\u0430\u0442\u0430\u043b\u043e\u0433 \u0442\u043e\u0432\u0430\u0440\u043e\u0432\",\"item\":\"https:\/\/beebipood.ee\/tooted\/\"},{\"@type\":\"ListItem\",\"position\":3,\"name\":\"Velokart Nerf Striker\"}]},{\"@type\":\"WebSite\",\"@id\":\"https:\/\/beebipood.ee\/ru\/#website\",\"url\":\"https:\/\/beebipood.ee\/ru\/\",\"name\":\"Beebipood\",\"description\":\"Lastekaubad, beebikaubad, m\u00e4nguasjad\",\"publisher\":{\"@id\":\"https:\/\/beebipood.ee\/ru\/#organization\"},\"potentialAction\":[{\"@type\":\"SearchAction\",\"target\":{\"@type\":\"EntryPoint\",\"urlTemplate\":\"https:\/\/beebipood.ee\/ru\/?s={search_term_string}\"},\"query-input\":{\"@type\":\"PropertyValueSpecification\",\"valueRequired\":true,\"valueName\":\"search_term_string\"}}],\"inLanguage\":\"ru-RU\"},{\"@type\":\"Organization\",\"@id\":\"https:\/\/beebipood.ee\/ru\/#organization\",\"name\":\"Beebipood\",\"url\":\"https:\/\/beebipood.ee\/ru\/\",\"logo\":{\"@type\":\"ImageObject\",\"inLanguage\":\"ru-RU\",\"@id\":\"https:\/\/beebipood.ee\/ru\/#\/schema\/logo\/image\/\",\"url\":\"https:\/\/beebipood.ee\/wp-content\/uploads\/2025\/03\/beebipood.ee-logo-1.svg\",\"contentUrl\":\"https:\/\/beebipood.ee\/wp-content\/uploads\/2025\/03\/beebipood.ee-logo-1.svg\",\"caption\":\"Beebipood\"},\"image\":{\"@id\":\"https:\/\/beebipood.ee\/ru\/#\/schema\/logo\/image\/\"}}]}<\/script>\n<!-- \/ Yoast SEO plugin. -->","yoast_head_json":{"title":"Velokart Nerf Striker, \u041d\u041e\u0412\u042b\u0415 \u0422\u041e\u0412\u0410\u0420\u042b, \u0410\u043a\u0442\u0438\u0432\u043d\u044b\u0435 \u0434\u0435\u0439\u0441\u0442\u0432\u0438\u044f, \u0421\u0430\u0434\u0438\u0441\u044c \u0438 \u043f\u043e\u0435\u0437\u0436\u0430\u0439, Beebipood","description":"Velokart Nerf Striker, NERF Strikeriga saab m&auml;ngur&otilde;&otilde;mu iga NERF-i m&auml;ngijaNerfi Velomobile on v&auml;ga &ouml;konoomne, sest eri","robots":{"index":"index","follow":"follow","max-snippet":"max-snippet:-1","max-image-preview":"max-image-preview:large","max-video-preview":"max-video-preview:-1"},"canonical":"https:\/\/beebipood.ee\/ru\/produkt\/velokart-nerf-striker\/","og_locale":"ru_RU","og_type":"article","og_title":"Velokart Nerf Striker, \u041d\u041e\u0412\u042b\u0415 \u0422\u041e\u0412\u0410\u0420\u042b, \u0410\u043a\u0442\u0438\u0432\u043d\u044b\u0435 \u0434\u0435\u0439\u0441\u0442\u0432\u0438\u044f, \u0421\u0430\u0434\u0438\u0441\u044c \u0438 \u043f\u043e\u0435\u0437\u0436\u0430\u0439, Beebipood","og_description":"Velokart Nerf Striker, NERF Strikeriga saab m&auml;ngur&otilde;&otilde;mu iga NERF-i m&auml;ngijaNerfi Velomobile on v&auml;ga &ouml;konoomne, sest eri","og_url":"https:\/\/beebipood.ee\/ru\/produkt\/velokart-nerf-striker\/","og_site_name":"Beebipood","article_modified_time":"2025-01-09T08:52:40+00:00","og_image":[{"width":1500,"height":1500,"url":"https:\/\/beebipood.ee\/wp-content\/uploads\/2013\/09\/Velokart-Nerf-Striker-UUED-TOOTED-Aktiivne-tegevus-Istu-peale-ja-soida_3-18b.jpg","type":"image\/jpeg"}],"twitter_card":"summary_large_image","twitter_misc":{"\u041f\u0440\u0438\u043c\u0435\u0440\u043d\u043e\u0435 \u0432\u0440\u0435\u043c\u044f \u0434\u043b\u044f \u0447\u0442\u0435\u043d\u0438\u044f":"1 \u043c\u0438\u043d\u0443\u0442\u0430"},"schema":{"@context":"https:\/\/schema.org","@graph":[{"@type":"WebPage","@id":"https:\/\/beebipood.ee\/ru\/produkt\/velokart-nerf-striker\/","url":"https:\/\/beebipood.ee\/ru\/produkt\/velokart-nerf-striker\/","name":"Velokart Nerf Striker, \u041d\u041e\u0412\u042b\u0415 \u0422\u041e\u0412\u0410\u0420\u042b, \u0410\u043a\u0442\u0438\u0432\u043d\u044b\u0435 \u0434\u0435\u0439\u0441\u0442\u0432\u0438\u044f, \u0421\u0430\u0434\u0438\u0441\u044c \u0438 \u043f\u043e\u0435\u0437\u0436\u0430\u0439, Beebipood","isPartOf":{"@id":"https:\/\/beebipood.ee\/ru\/#website"},"primaryImageOfPage":{"@id":"https:\/\/beebipood.ee\/ru\/produkt\/velokart-nerf-striker\/#primaryimage"},"image":{"@id":"https:\/\/beebipood.ee\/ru\/produkt\/velokart-nerf-striker\/#primaryimage"},"thumbnailUrl":"https:\/\/beebipood.ee\/wp-content\/uploads\/2013\/09\/Velokart-Nerf-Striker-UUED-TOOTED-Aktiivne-tegevus-Istu-peale-ja-soida_3-18b.jpg","datePublished":"2013-09-02T10:35:40+00:00","dateModified":"2025-01-09T08:52:40+00:00","description":"Velokart Nerf Striker, NERF Strikeriga saab m&auml;ngur&otilde;&otilde;mu iga NERF-i m&auml;ngijaNerfi Velomobile on v&auml;ga &ouml;konoomne, sest eri","breadcrumb":{"@id":"https:\/\/beebipood.ee\/ru\/produkt\/velokart-nerf-striker\/#breadcrumb"},"inLanguage":"ru-RU","potentialAction":[{"@type":"ReadAction","target":["https:\/\/beebipood.ee\/ru\/produkt\/velokart-nerf-striker\/"]}]},{"@type":"ImageObject","inLanguage":"ru-RU","@id":"https:\/\/beebipood.ee\/ru\/produkt\/velokart-nerf-striker\/#primaryimage","url":"https:\/\/beebipood.ee\/wp-content\/uploads\/2013\/09\/Velokart-Nerf-Striker-UUED-TOOTED-Aktiivne-tegevus-Istu-peale-ja-soida_3-18b.jpg","contentUrl":"https:\/\/beebipood.ee\/wp-content\/uploads\/2013\/09\/Velokart-Nerf-Striker-UUED-TOOTED-Aktiivne-tegevus-Istu-peale-ja-soida_3-18b.jpg","width":1500,"height":1500},{"@type":"BreadcrumbList","@id":"https:\/\/beebipood.ee\/ru\/produkt\/velokart-nerf-striker\/#breadcrumb","itemListElement":[{"@type":"ListItem","position":1,"name":"Home","item":"https:\/\/beebipood.ee\/ru\/"},{"@type":"ListItem","position":2,"name":"\u041a\u0430\u0442\u0430\u043b\u043e\u0433 \u0442\u043e\u0432\u0430\u0440\u043e\u0432","item":"https:\/\/beebipood.ee\/tooted\/"},{"@type":"ListItem","position":3,"name":"Velokart Nerf Striker"}]},{"@type":"WebSite","@id":"https:\/\/beebipood.ee\/ru\/#website","url":"https:\/\/beebipood.ee\/ru\/","name":"Beebipood","description":"Lastekaubad, beebikaubad, m\u00e4nguasjad","publisher":{"@id":"https:\/\/beebipood.ee\/ru\/#organization"},"potentialAction":[{"@type":"SearchAction","target":{"@type":"EntryPoint","urlTemplate":"https:\/\/beebipood.ee\/ru\/?s={search_term_string}"},"query-input":{"@type":"PropertyValueSpecification","valueRequired":true,"valueName":"search_term_string"}}],"inLanguage":"ru-RU"},{"@type":"Organization","@id":"https:\/\/beebipood.ee\/ru\/#organization","name":"Beebipood","url":"https:\/\/beebipood.ee\/ru\/","logo":{"@type":"ImageObject","inLanguage":"ru-RU","@id":"https:\/\/beebipood.ee\/ru\/#\/schema\/logo\/image\/","url":"https:\/\/beebipood.ee\/wp-content\/uploads\/2025\/03\/beebipood.ee-logo-1.svg","contentUrl":"https:\/\/beebipood.ee\/wp-content\/uploads\/2025\/03\/beebipood.ee-logo-1.svg","caption":"Beebipood"},"image":{"@id":"https:\/\/beebipood.ee\/ru\/#\/schema\/logo\/image\/"}}]}},"brands":[{"id":11952,"name":"Hauck","slug":"hauck-ru"}],"_links":{"self":[{"href":"https:\/\/beebipood.ee\/ru\/wp-json\/wp\/v2\/product\/454188","targetHints":{"allow":["GET"]}}],"collection":[{"href":"https:\/\/beebipood.ee\/ru\/wp-json\/wp\/v2\/product"}],"about":[{"href":"https:\/\/beebipood.ee\/ru\/wp-json\/wp\/v2\/types\/product"}],"wp:featuredmedia":[{"embeddable":true,"href":"https:\/\/beebipood.ee\/ru\/wp-json\/wp\/v2\/media\/99320"}],"wp:attachment":[{"href":"https:\/\/beebipood.ee\/ru\/wp-json\/wp\/v2\/media?parent=454188"}],"wp:term":[{"taxonomy":"pwb-brand","embeddable":true,"href":"https:\/\/beebipood.ee\/ru\/wp-json\/wp\/v2\/pwb-brand?post=454188"},{"taxonomy":"product_brand","embeddable":true,"href":"https:\/\/beebipood.ee\/ru\/wp-json\/wp\/v2\/product_brand?post=454188"},{"taxonomy":"product_cat","embeddable":true,"href":"https:\/\/beebipood.ee\/ru\/wp-json\/wp\/v2\/product_cat?post=454188"},{"taxonomy":"product_tag","embeddable":true,"href":"https:\/\/beebipood.ee\/ru\/wp-json\/wp\/v2\/product_tag?post=454188"}],"curies":[{"name":"wp","href":"https:\/\/api.w.org\/{rel}","templated":true}]}}