{"id":454200,"date":"2013-09-02T13:36:11","date_gmt":"2013-09-02T10:36:11","guid":{"rendered":"https:\/\/beebipood.ee\/toode\/batuudikate-8\/"},"modified":"2025-01-09T10:52:39","modified_gmt":"2025-01-09T08:52:39","slug":"batuudikate-8","status":"publish","type":"product","link":"https:\/\/beebipood.ee\/ru\/produkt\/batuudikate-8\/","title":{"rendered":"Batuudikate 8&#8243;"},"content":{"rendered":"<p>Active24 k\u00f5rgelt hinnatud batuudi kate on batuudi lisavarustus <br \/>ja on kindlasti proovimist v\u00e4\u00e4rt! <br \/>Batuudi katte kasutamine kaitseb teie batuuti vihma <br \/>ja UV kiirguse eest ja Teie batuut kestab kauem.<br \/>Sobib eelk\u00f5ige paigaldamiseks ilma turvav\u00f5rguta batuudile<br \/><span style=\"text-decoration: underline;\">Batuudikatte omadused:<\/span><br \/>\u2713 Sobib batuudile 8ft (244cm)<br \/>\u2713 Materjal: must PE<br \/>\u2713 Kinnitusaasad: PP<br \/>\u2713 Sertifikaadid &#8212; TUV\/GS, EN71<br \/>Pakend:<br \/>\u2713 1. 30x21x10cm<\/p>\n","protected":false},"excerpt":{"rendered":"<p>Active24 k\u00f5rgelt hinnatud batuudi kate on batuudi lisavarustus ja on kindlasti proovimist v\u00e4\u00e4rt! Batuudi katte kasutamine kaitseb teie batuuti vihma ja UV kiirguse eest ja Teie batuut kestab kauem.Sobib eelk\u00f5ige paigaldamiseks ilma turvav\u00f5rguta batuudileBatuudikatte omadused:\u2713 Sobib batuudile 8ft (244cm)\u2713 Materjal: must PE\u2713 Kinnitusaasad: PP\u2713 Sertifikaadid &#8212; TUV\/GS, EN71Pakend:\u2713 1. 30x21x10cm<\/p>\n","protected":false},"featured_media":99389,"template":"","meta":{"_acf_changed":false},"pwb-brand":[],"product_brand":[],"product_cat":[11679,11675],"product_tag":[],"class_list":{"0":"post-454200","1":"product","2":"type-product","3":"status-publish","4":"has-post-thumbnail","6":"product_cat-batuudid-ru","7":"product_cat-aktiivne-tegevus-ja-vaba-aeg-ru","9":"first","10":"onbackorder","11":"taxable","12":"shipping-taxable","13":"purchasable","14":"product-type-simple"},"exclude_global_add_ons":[],"addons":[],"acf":[],"yoast_head":"<!-- This site is optimized with the Yoast SEO plugin v27.1.1 - https:\/\/yoast.com\/product\/yoast-seo-wordpress\/ -->\n<title>Batuudikate 8&quot;, \u0410\u043a\u0442\u0438\u0432\u043d\u044b\u0435 \u0434\u0435\u0439\u0441\u0442\u0432\u0438\u044f, \u0411\u0430\u0442\u0443\u0442\u044b, Beebipood<\/title>\n<meta name=\"description\" content=\"Batuudikate 8&quot;, Active24 k&otilde;rgelt hinnatud batuudi kate on batuudi lisavarustus ja on kindlasti proovimist v&auml;&auml;rt! Batuudi katte k\" \/>\n<meta name=\"robots\" content=\"index, follow, max-snippet:-1, max-image-preview:large, max-video-preview:-1\" \/>\n<link rel=\"canonical\" href=\"https:\/\/beebipood.ee\/ru\/produkt\/batuudikate-8\/\" \/>\n<meta property=\"og:locale\" content=\"ru_RU\" \/>\n<meta property=\"og:type\" content=\"article\" \/>\n<meta property=\"og:title\" content=\"Batuudikate 8&quot;, \u0410\u043a\u0442\u0438\u0432\u043d\u044b\u0435 \u0434\u0435\u0439\u0441\u0442\u0432\u0438\u044f, \u0411\u0430\u0442\u0443\u0442\u044b, Beebipood\" \/>\n<meta property=\"og:description\" content=\"Batuudikate 8&quot;, Active24 k&otilde;rgelt hinnatud batuudi kate on batuudi lisavarustus ja on kindlasti proovimist v&auml;&auml;rt! Batuudi katte k\" \/>\n<meta property=\"og:url\" content=\"https:\/\/beebipood.ee\/ru\/produkt\/batuudikate-8\/\" \/>\n<meta property=\"og:site_name\" content=\"Beebipood\" \/>\n<meta property=\"article:modified_time\" content=\"2025-01-09T08:52:39+00:00\" \/>\n<meta property=\"og:image\" content=\"https:\/\/beebipood.ee\/wp-content\/uploads\/2013\/09\/Batuudikate-8-SOODUSPAKKUMISED-Aktiivne-tegevus-Batuudid_3-9de.jpg\" \/>\n\t<meta property=\"og:image:width\" content=\"785\" \/>\n\t<meta property=\"og:image:height\" content=\"570\" \/>\n\t<meta property=\"og:image:type\" content=\"image\/jpeg\" \/>\n<meta name=\"twitter:card\" content=\"summary_large_image\" \/>\n<script type=\"application\/ld+json\" class=\"yoast-schema-graph\">{\"@context\":\"https:\/\/schema.org\",\"@graph\":[{\"@type\":\"WebPage\",\"@id\":\"https:\/\/beebipood.ee\/ru\/produkt\/batuudikate-8\/\",\"url\":\"https:\/\/beebipood.ee\/ru\/produkt\/batuudikate-8\/\",\"name\":\"Batuudikate 8\\\", \u0410\u043a\u0442\u0438\u0432\u043d\u044b\u0435 \u0434\u0435\u0439\u0441\u0442\u0432\u0438\u044f, \u0411\u0430\u0442\u0443\u0442\u044b, Beebipood\",\"isPartOf\":{\"@id\":\"https:\/\/beebipood.ee\/ru\/#website\"},\"primaryImageOfPage\":{\"@id\":\"https:\/\/beebipood.ee\/ru\/produkt\/batuudikate-8\/#primaryimage\"},\"image\":{\"@id\":\"https:\/\/beebipood.ee\/ru\/produkt\/batuudikate-8\/#primaryimage\"},\"thumbnailUrl\":\"https:\/\/beebipood.ee\/wp-content\/uploads\/2013\/09\/Batuudikate-8-SOODUSPAKKUMISED-Aktiivne-tegevus-Batuudid_3-9de.jpg\",\"datePublished\":\"2013-09-02T10:36:11+00:00\",\"dateModified\":\"2025-01-09T08:52:39+00:00\",\"description\":\"Batuudikate 8\\\", Active24 k&otilde;rgelt hinnatud batuudi kate on batuudi lisavarustus ja on kindlasti proovimist v&auml;&auml;rt! Batuudi katte k\",\"breadcrumb\":{\"@id\":\"https:\/\/beebipood.ee\/ru\/produkt\/batuudikate-8\/#breadcrumb\"},\"inLanguage\":\"ru-RU\",\"potentialAction\":[{\"@type\":\"ReadAction\",\"target\":[\"https:\/\/beebipood.ee\/ru\/produkt\/batuudikate-8\/\"]}]},{\"@type\":\"ImageObject\",\"inLanguage\":\"ru-RU\",\"@id\":\"https:\/\/beebipood.ee\/ru\/produkt\/batuudikate-8\/#primaryimage\",\"url\":\"https:\/\/beebipood.ee\/wp-content\/uploads\/2013\/09\/Batuudikate-8-SOODUSPAKKUMISED-Aktiivne-tegevus-Batuudid_3-9de.jpg\",\"contentUrl\":\"https:\/\/beebipood.ee\/wp-content\/uploads\/2013\/09\/Batuudikate-8-SOODUSPAKKUMISED-Aktiivne-tegevus-Batuudid_3-9de.jpg\",\"width\":785,\"height\":570},{\"@type\":\"BreadcrumbList\",\"@id\":\"https:\/\/beebipood.ee\/ru\/produkt\/batuudikate-8\/#breadcrumb\",\"itemListElement\":[{\"@type\":\"ListItem\",\"position\":1,\"name\":\"Home\",\"item\":\"https:\/\/beebipood.ee\/ru\/\"},{\"@type\":\"ListItem\",\"position\":2,\"name\":\"\u041a\u0430\u0442\u0430\u043b\u043e\u0433 \u0442\u043e\u0432\u0430\u0440\u043e\u0432\",\"item\":\"https:\/\/beebipood.ee\/tooted\/\"},{\"@type\":\"ListItem\",\"position\":3,\"name\":\"Batuudikate 8&#8243;\"}]},{\"@type\":\"WebSite\",\"@id\":\"https:\/\/beebipood.ee\/ru\/#website\",\"url\":\"https:\/\/beebipood.ee\/ru\/\",\"name\":\"Beebipood\",\"description\":\"Lastekaubad, beebikaubad, m\u00e4nguasjad\",\"publisher\":{\"@id\":\"https:\/\/beebipood.ee\/ru\/#organization\"},\"potentialAction\":[{\"@type\":\"SearchAction\",\"target\":{\"@type\":\"EntryPoint\",\"urlTemplate\":\"https:\/\/beebipood.ee\/ru\/?s={search_term_string}\"},\"query-input\":{\"@type\":\"PropertyValueSpecification\",\"valueRequired\":true,\"valueName\":\"search_term_string\"}}],\"inLanguage\":\"ru-RU\"},{\"@type\":\"Organization\",\"@id\":\"https:\/\/beebipood.ee\/ru\/#organization\",\"name\":\"Beebipood\",\"url\":\"https:\/\/beebipood.ee\/ru\/\",\"logo\":{\"@type\":\"ImageObject\",\"inLanguage\":\"ru-RU\",\"@id\":\"https:\/\/beebipood.ee\/ru\/#\/schema\/logo\/image\/\",\"url\":\"https:\/\/beebipood.ee\/wp-content\/uploads\/2025\/03\/beebipood.ee-logo-1.svg\",\"contentUrl\":\"https:\/\/beebipood.ee\/wp-content\/uploads\/2025\/03\/beebipood.ee-logo-1.svg\",\"caption\":\"Beebipood\"},\"image\":{\"@id\":\"https:\/\/beebipood.ee\/ru\/#\/schema\/logo\/image\/\"}}]}<\/script>\n<!-- \/ Yoast SEO plugin. -->","yoast_head_json":{"title":"Batuudikate 8\", \u0410\u043a\u0442\u0438\u0432\u043d\u044b\u0435 \u0434\u0435\u0439\u0441\u0442\u0432\u0438\u044f, \u0411\u0430\u0442\u0443\u0442\u044b, Beebipood","description":"Batuudikate 8\", Active24 k&otilde;rgelt hinnatud batuudi kate on batuudi lisavarustus ja on kindlasti proovimist v&auml;&auml;rt! Batuudi katte k","robots":{"index":"index","follow":"follow","max-snippet":"max-snippet:-1","max-image-preview":"max-image-preview:large","max-video-preview":"max-video-preview:-1"},"canonical":"https:\/\/beebipood.ee\/ru\/produkt\/batuudikate-8\/","og_locale":"ru_RU","og_type":"article","og_title":"Batuudikate 8\", \u0410\u043a\u0442\u0438\u0432\u043d\u044b\u0435 \u0434\u0435\u0439\u0441\u0442\u0432\u0438\u044f, \u0411\u0430\u0442\u0443\u0442\u044b, Beebipood","og_description":"Batuudikate 8\", Active24 k&otilde;rgelt hinnatud batuudi kate on batuudi lisavarustus ja on kindlasti proovimist v&auml;&auml;rt! Batuudi katte k","og_url":"https:\/\/beebipood.ee\/ru\/produkt\/batuudikate-8\/","og_site_name":"Beebipood","article_modified_time":"2025-01-09T08:52:39+00:00","og_image":[{"width":785,"height":570,"url":"https:\/\/beebipood.ee\/wp-content\/uploads\/2013\/09\/Batuudikate-8-SOODUSPAKKUMISED-Aktiivne-tegevus-Batuudid_3-9de.jpg","type":"image\/jpeg"}],"twitter_card":"summary_large_image","schema":{"@context":"https:\/\/schema.org","@graph":[{"@type":"WebPage","@id":"https:\/\/beebipood.ee\/ru\/produkt\/batuudikate-8\/","url":"https:\/\/beebipood.ee\/ru\/produkt\/batuudikate-8\/","name":"Batuudikate 8\", \u0410\u043a\u0442\u0438\u0432\u043d\u044b\u0435 \u0434\u0435\u0439\u0441\u0442\u0432\u0438\u044f, \u0411\u0430\u0442\u0443\u0442\u044b, Beebipood","isPartOf":{"@id":"https:\/\/beebipood.ee\/ru\/#website"},"primaryImageOfPage":{"@id":"https:\/\/beebipood.ee\/ru\/produkt\/batuudikate-8\/#primaryimage"},"image":{"@id":"https:\/\/beebipood.ee\/ru\/produkt\/batuudikate-8\/#primaryimage"},"thumbnailUrl":"https:\/\/beebipood.ee\/wp-content\/uploads\/2013\/09\/Batuudikate-8-SOODUSPAKKUMISED-Aktiivne-tegevus-Batuudid_3-9de.jpg","datePublished":"2013-09-02T10:36:11+00:00","dateModified":"2025-01-09T08:52:39+00:00","description":"Batuudikate 8\", Active24 k&otilde;rgelt hinnatud batuudi kate on batuudi lisavarustus ja on kindlasti proovimist v&auml;&auml;rt! Batuudi katte k","breadcrumb":{"@id":"https:\/\/beebipood.ee\/ru\/produkt\/batuudikate-8\/#breadcrumb"},"inLanguage":"ru-RU","potentialAction":[{"@type":"ReadAction","target":["https:\/\/beebipood.ee\/ru\/produkt\/batuudikate-8\/"]}]},{"@type":"ImageObject","inLanguage":"ru-RU","@id":"https:\/\/beebipood.ee\/ru\/produkt\/batuudikate-8\/#primaryimage","url":"https:\/\/beebipood.ee\/wp-content\/uploads\/2013\/09\/Batuudikate-8-SOODUSPAKKUMISED-Aktiivne-tegevus-Batuudid_3-9de.jpg","contentUrl":"https:\/\/beebipood.ee\/wp-content\/uploads\/2013\/09\/Batuudikate-8-SOODUSPAKKUMISED-Aktiivne-tegevus-Batuudid_3-9de.jpg","width":785,"height":570},{"@type":"BreadcrumbList","@id":"https:\/\/beebipood.ee\/ru\/produkt\/batuudikate-8\/#breadcrumb","itemListElement":[{"@type":"ListItem","position":1,"name":"Home","item":"https:\/\/beebipood.ee\/ru\/"},{"@type":"ListItem","position":2,"name":"\u041a\u0430\u0442\u0430\u043b\u043e\u0433 \u0442\u043e\u0432\u0430\u0440\u043e\u0432","item":"https:\/\/beebipood.ee\/tooted\/"},{"@type":"ListItem","position":3,"name":"Batuudikate 8&#8243;"}]},{"@type":"WebSite","@id":"https:\/\/beebipood.ee\/ru\/#website","url":"https:\/\/beebipood.ee\/ru\/","name":"Beebipood","description":"Lastekaubad, beebikaubad, m\u00e4nguasjad","publisher":{"@id":"https:\/\/beebipood.ee\/ru\/#organization"},"potentialAction":[{"@type":"SearchAction","target":{"@type":"EntryPoint","urlTemplate":"https:\/\/beebipood.ee\/ru\/?s={search_term_string}"},"query-input":{"@type":"PropertyValueSpecification","valueRequired":true,"valueName":"search_term_string"}}],"inLanguage":"ru-RU"},{"@type":"Organization","@id":"https:\/\/beebipood.ee\/ru\/#organization","name":"Beebipood","url":"https:\/\/beebipood.ee\/ru\/","logo":{"@type":"ImageObject","inLanguage":"ru-RU","@id":"https:\/\/beebipood.ee\/ru\/#\/schema\/logo\/image\/","url":"https:\/\/beebipood.ee\/wp-content\/uploads\/2025\/03\/beebipood.ee-logo-1.svg","contentUrl":"https:\/\/beebipood.ee\/wp-content\/uploads\/2025\/03\/beebipood.ee-logo-1.svg","caption":"Beebipood"},"image":{"@id":"https:\/\/beebipood.ee\/ru\/#\/schema\/logo\/image\/"}}]}},"brands":[],"_links":{"self":[{"href":"https:\/\/beebipood.ee\/ru\/wp-json\/wp\/v2\/product\/454200","targetHints":{"allow":["GET"]}}],"collection":[{"href":"https:\/\/beebipood.ee\/ru\/wp-json\/wp\/v2\/product"}],"about":[{"href":"https:\/\/beebipood.ee\/ru\/wp-json\/wp\/v2\/types\/product"}],"wp:featuredmedia":[{"embeddable":true,"href":"https:\/\/beebipood.ee\/ru\/wp-json\/wp\/v2\/media\/99389"}],"wp:attachment":[{"href":"https:\/\/beebipood.ee\/ru\/wp-json\/wp\/v2\/media?parent=454200"}],"wp:term":[{"taxonomy":"pwb-brand","embeddable":true,"href":"https:\/\/beebipood.ee\/ru\/wp-json\/wp\/v2\/pwb-brand?post=454200"},{"taxonomy":"product_brand","embeddable":true,"href":"https:\/\/beebipood.ee\/ru\/wp-json\/wp\/v2\/product_brand?post=454200"},{"taxonomy":"product_cat","embeddable":true,"href":"https:\/\/beebipood.ee\/ru\/wp-json\/wp\/v2\/product_cat?post=454200"},{"taxonomy":"product_tag","embeddable":true,"href":"https:\/\/beebipood.ee\/ru\/wp-json\/wp\/v2\/product_tag?post=454200"}],"curies":[{"name":"wp","href":"https:\/\/api.w.org\/{rel}","templated":true}]}}