{"id":454214,"date":"2013-09-02T13:36:39","date_gmt":"2013-09-02T10:36:39","guid":{"rendered":"https:\/\/beebipood.ee\/toode\/cam-cambio-mahkimislaud-beebivann-grigio-oro-rosa\/"},"modified":"2026-02-26T11:06:26","modified_gmt":"2026-02-26T09:06:26","slug":"cam-cambio-mahkimislaud-beebivann-planets","status":"publish","type":"product","link":"https:\/\/beebipood.ee\/ru\/produkt\/cam-cambio-mahkimislaud-beebivann-planets\/","title":{"rendered":"Cam Cambio m\u00e4hkimislaud-beebivann, Planets"},"content":{"rendered":"<p>M\u00e4hkimislaud ja beebivann \u00fcheskoos &#8212;<br \/>\nCam Cambio on ideaalne lahendus v\u00e4ikeste korterite jaoks.<\/p>\n<p><span style=\"text-decoration: underline;\">Omadused<\/span><br \/>\nPehme m\u00e4hkimismatt (k\u00f5rgendatud \u00e4\u00e4rtega, et v\u00e4ltida maha libisemist)<br \/>\nBeebivanniks on Cam Bagno, millel on 2 ergonoomilist istet,<br \/>\nmillest \u00fcks on lamava asendiga (m\u00f5eldud beebidele vanuses 0-6 elukuud)<br \/>\nja teine on k\u00e4etugedega istuv asend (lastele vanuses 6-12 elukuud)<br \/>\nVanni p\u00f5hjas eemaldatav kork veest t\u00fchjendamiseks (lisaks suunav voolik)<br \/>\nBagno vannil on ka taskud, kus saab hoida pesemisvahendeid<br \/>\nVannijalgadel on rattad, millest 2tk on lukustatavad<br \/>\nSahtel r\u00e4tikute ja muu vannitamiseks vajalike asjade hoiustamiseks (sahtli k\u00f5rgus maapinnast 40cm)<br \/>\n\u00dche k\u00e4ega kompaktselt kokkupandav<br \/>\n<span style=\"text-decoration: underline;\">N\u00e4itajad<\/span><br \/>\nM\u00f5\u00f5dud: 95 x 54 x 104cm<br \/>\nM\u00f5\u00f5dud kokkupandult: 83 x 31 x 93cm<br \/>\nKaal: 10,8kg<br \/>\nValmistatud ainult mittetoksilistest materjalidest<br \/>\nVastab Euroopa turvastandardile EN12221-1\/2<br \/>\nSobib kasutamiseks lastele kaaluga 0-15kg<\/p>\n","protected":false},"excerpt":{"rendered":"<p>M\u00e4hkimislaud ja beebivann \u00fcheskoos &#8212; Cam Cambio on ideaalne lahendus v\u00e4ikeste korterite jaoks. Omadused Pehme m\u00e4hkimismatt (k\u00f5rgendatud \u00e4\u00e4rtega, et v\u00e4ltida maha libisemist) Beebivanniks on Cam Bagno, millel on 2 ergonoomilist istet, millest \u00fcks on lamava asendiga (m\u00f5eldud beebidele vanuses 0-6 elukuud) ja teine on k\u00e4etugedega istuv asend (lastele vanuses 6-12 elukuud) Vanni p\u00f5hjas eemaldatav kork [&hellip;]<\/p>\n","protected":false},"featured_media":511870,"template":"","meta":{"_acf_changed":false},"pwb-brand":[11970],"product_brand":[],"product_cat":[11573,11711,11811,11709],"product_tag":[],"class_list":{"0":"post-454214","1":"product","2":"type-product","3":"status-publish","4":"has-post-thumbnail","6":"pwb-brand-cam-ru","7":"product_cat-sooduspakkumised-ru","8":"product_cat-mahkimisalused-ja-riiulid-ru","9":"product_cat-vannid-ja-vannitarbed-ru","10":"product_cat-sootmistoolid-beebi-ja-lastetarbed-mahkimine-hugieen-ru","11":"pa_manufacturer-cam-ru","13":"first","14":"instock","15":"taxable","16":"shipping-taxable","17":"purchasable","18":"product-type-simple"},"exclude_global_add_ons":[],"addons":[],"acf":[],"yoast_head":"<!-- This site is optimized with the Yoast SEO plugin v27.3 - https:\/\/yoast.com\/product\/yoast-seo-wordpress\/ -->\n<title>Cam Cambio m\u00e4hkimislaud-beebivann, Oro Rosa, \u0421\u041a\u0418\u0414\u041a\u0418, \u041f\u0440\u0438\u043d\u0430\u0434\u043b\u0435\u0436\u043d\u043e\u0441\u0442\u0438 \u0434\u043b\u044f \u043c\u043b\u0430\u0434\u0435\u043d\u0446\u0435\u0432, \u041f\u0435\u043b\u0435\u043d\u0430\u043b\u044c\u043d\u044b\u0435 \u0441\u0442\u043e\u043b\u0438\u043a\u0438 \u0438 \u043f\u043e\u043b\u043a\u0438, \u0412\u0430\u043d\u043d\u044b \u0438 \u0430\u043a\u0441\u0435\u0441\u0441\u0443\u0430\u0440\u044b, Beebipood<\/title>\n<meta name=\"description\" content=\"Cam Cambio m\u00e4hkimislaud-beebivann, Oro Rosa, M\u00e4hkimislaud ja beebivann \u00fcheskoos -Cam Cambio on ideaalne lahendus v\u00e4ikeste korterite jao\" \/>\n<meta name=\"robots\" content=\"index, follow, max-snippet:-1, max-image-preview:large, max-video-preview:-1\" \/>\n<link rel=\"canonical\" href=\"https:\/\/beebipood.ee\/ru\/produkt\/cam-cambio-mahkimislaud-beebivann-planets\/\" \/>\n<meta property=\"og:locale\" content=\"ru_RU\" \/>\n<meta property=\"og:type\" content=\"article\" \/>\n<meta property=\"og:title\" content=\"Cam Cambio m\u00e4hkimislaud-beebivann, Oro Rosa, \u0421\u041a\u0418\u0414\u041a\u0418, \u041f\u0440\u0438\u043d\u0430\u0434\u043b\u0435\u0436\u043d\u043e\u0441\u0442\u0438 \u0434\u043b\u044f \u043c\u043b\u0430\u0434\u0435\u043d\u0446\u0435\u0432, \u041f\u0435\u043b\u0435\u043d\u0430\u043b\u044c\u043d\u044b\u0435 \u0441\u0442\u043e\u043b\u0438\u043a\u0438 \u0438 \u043f\u043e\u043b\u043a\u0438, \u0412\u0430\u043d\u043d\u044b \u0438 \u0430\u043a\u0441\u0435\u0441\u0441\u0443\u0430\u0440\u044b, Beebipood\" \/>\n<meta property=\"og:description\" content=\"Cam Cambio m\u00e4hkimislaud-beebivann, Oro Rosa, M\u00e4hkimislaud ja beebivann \u00fcheskoos -Cam Cambio on ideaalne lahendus v\u00e4ikeste korterite jao\" \/>\n<meta property=\"og:url\" content=\"https:\/\/beebipood.ee\/ru\/produkt\/cam-cambio-mahkimislaud-beebivann-planets\/\" \/>\n<meta property=\"og:site_name\" content=\"Beebipood\" \/>\n<meta property=\"article:modified_time\" content=\"2026-02-26T09:06:26+00:00\" \/>\n<meta property=\"og:image\" content=\"https:\/\/beebipood.ee\/wp-content\/uploads\/2013\/09\/cam-cambio-mahkimislaud-beebivann.jpg\" \/>\n\t<meta property=\"og:image:width\" content=\"980\" \/>\n\t<meta property=\"og:image:height\" content=\"899\" \/>\n\t<meta property=\"og:image:type\" content=\"image\/jpeg\" \/>\n<meta name=\"twitter:card\" content=\"summary_large_image\" \/>\n<meta name=\"twitter:label1\" content=\"\u041f\u0440\u0438\u043c\u0435\u0440\u043d\u043e\u0435 \u0432\u0440\u0435\u043c\u044f \u0434\u043b\u044f \u0447\u0442\u0435\u043d\u0438\u044f\" \/>\n\t<meta name=\"twitter:data1\" content=\"1 \u043c\u0438\u043d\u0443\u0442\u0430\" \/>\n<script type=\"application\/ld+json\" class=\"yoast-schema-graph\">{\"@context\":\"https:\\\/\\\/schema.org\",\"@graph\":[{\"@type\":\"WebPage\",\"@id\":\"https:\\\/\\\/beebipood.ee\\\/ru\\\/produkt\\\/cam-cambio-mahkimislaud-beebivann-planets\\\/\",\"url\":\"https:\\\/\\\/beebipood.ee\\\/ru\\\/produkt\\\/cam-cambio-mahkimislaud-beebivann-planets\\\/\",\"name\":\"Cam Cambio m\u00e4hkimislaud-beebivann, Oro Rosa, \u0421\u041a\u0418\u0414\u041a\u0418, \u041f\u0440\u0438\u043d\u0430\u0434\u043b\u0435\u0436\u043d\u043e\u0441\u0442\u0438 \u0434\u043b\u044f \u043c\u043b\u0430\u0434\u0435\u043d\u0446\u0435\u0432, \u041f\u0435\u043b\u0435\u043d\u0430\u043b\u044c\u043d\u044b\u0435 \u0441\u0442\u043e\u043b\u0438\u043a\u0438 \u0438 \u043f\u043e\u043b\u043a\u0438, \u0412\u0430\u043d\u043d\u044b \u0438 \u0430\u043a\u0441\u0435\u0441\u0441\u0443\u0430\u0440\u044b, Beebipood\",\"isPartOf\":{\"@id\":\"https:\\\/\\\/beebipood.ee\\\/ru\\\/#website\"},\"primaryImageOfPage\":{\"@id\":\"https:\\\/\\\/beebipood.ee\\\/ru\\\/produkt\\\/cam-cambio-mahkimislaud-beebivann-planets\\\/#primaryimage\"},\"image\":{\"@id\":\"https:\\\/\\\/beebipood.ee\\\/ru\\\/produkt\\\/cam-cambio-mahkimislaud-beebivann-planets\\\/#primaryimage\"},\"thumbnailUrl\":\"https:\\\/\\\/beebipood.ee\\\/wp-content\\\/uploads\\\/2013\\\/09\\\/cam-cambio-mahkimislaud-beebivann.jpg\",\"datePublished\":\"2013-09-02T10:36:39+00:00\",\"dateModified\":\"2026-02-26T09:06:26+00:00\",\"description\":\"Cam Cambio m\u00e4hkimislaud-beebivann, Oro Rosa, M\u00e4hkimislaud ja beebivann \u00fcheskoos -Cam Cambio on ideaalne lahendus v\u00e4ikeste korterite jao\",\"breadcrumb\":{\"@id\":\"https:\\\/\\\/beebipood.ee\\\/ru\\\/produkt\\\/cam-cambio-mahkimislaud-beebivann-planets\\\/#breadcrumb\"},\"inLanguage\":\"ru-RU\",\"potentialAction\":[{\"@type\":\"ReadAction\",\"target\":[\"https:\\\/\\\/beebipood.ee\\\/ru\\\/produkt\\\/cam-cambio-mahkimislaud-beebivann-planets\\\/\"]}]},{\"@type\":\"ImageObject\",\"inLanguage\":\"ru-RU\",\"@id\":\"https:\\\/\\\/beebipood.ee\\\/ru\\\/produkt\\\/cam-cambio-mahkimislaud-beebivann-planets\\\/#primaryimage\",\"url\":\"https:\\\/\\\/beebipood.ee\\\/wp-content\\\/uploads\\\/2013\\\/09\\\/cam-cambio-mahkimislaud-beebivann.jpg\",\"contentUrl\":\"https:\\\/\\\/beebipood.ee\\\/wp-content\\\/uploads\\\/2013\\\/09\\\/cam-cambio-mahkimislaud-beebivann.jpg\",\"width\":980,\"height\":899},{\"@type\":\"BreadcrumbList\",\"@id\":\"https:\\\/\\\/beebipood.ee\\\/ru\\\/produkt\\\/cam-cambio-mahkimislaud-beebivann-planets\\\/#breadcrumb\",\"itemListElement\":[{\"@type\":\"ListItem\",\"position\":1,\"name\":\"Home\",\"item\":\"https:\\\/\\\/beebipood.ee\\\/ru\\\/\"},{\"@type\":\"ListItem\",\"position\":2,\"name\":\"\u041a\u0430\u0442\u0430\u043b\u043e\u0433 \u0442\u043e\u0432\u0430\u0440\u043e\u0432\",\"item\":\"https:\\\/\\\/beebipood.ee\\\/tooted\\\/\"},{\"@type\":\"ListItem\",\"position\":3,\"name\":\"Cam Cambio m\u00e4hkimislaud-beebivann, Planets\"}]},{\"@type\":\"WebSite\",\"@id\":\"https:\\\/\\\/beebipood.ee\\\/ru\\\/#website\",\"url\":\"https:\\\/\\\/beebipood.ee\\\/ru\\\/\",\"name\":\"Beebipood\",\"description\":\"Lastekaubad, beebikaubad, m\u00e4nguasjad\",\"publisher\":{\"@id\":\"https:\\\/\\\/beebipood.ee\\\/ru\\\/#organization\"},\"potentialAction\":[{\"@type\":\"SearchAction\",\"target\":{\"@type\":\"EntryPoint\",\"urlTemplate\":\"https:\\\/\\\/beebipood.ee\\\/ru\\\/?s={search_term_string}\"},\"query-input\":{\"@type\":\"PropertyValueSpecification\",\"valueRequired\":true,\"valueName\":\"search_term_string\"}}],\"inLanguage\":\"ru-RU\"},{\"@type\":\"Organization\",\"@id\":\"https:\\\/\\\/beebipood.ee\\\/ru\\\/#organization\",\"name\":\"Beebipood\",\"url\":\"https:\\\/\\\/beebipood.ee\\\/ru\\\/\",\"logo\":{\"@type\":\"ImageObject\",\"inLanguage\":\"ru-RU\",\"@id\":\"https:\\\/\\\/beebipood.ee\\\/ru\\\/#\\\/schema\\\/logo\\\/image\\\/\",\"url\":\"https:\\\/\\\/beebipood.ee\\\/wp-content\\\/uploads\\\/2025\\\/03\\\/beebipood.ee-logo-1.svg\",\"contentUrl\":\"https:\\\/\\\/beebipood.ee\\\/wp-content\\\/uploads\\\/2025\\\/03\\\/beebipood.ee-logo-1.svg\",\"caption\":\"Beebipood\"},\"image\":{\"@id\":\"https:\\\/\\\/beebipood.ee\\\/ru\\\/#\\\/schema\\\/logo\\\/image\\\/\"}}]}<\/script>\n<!-- \/ Yoast SEO plugin. -->","yoast_head_json":{"title":"Cam Cambio m\u00e4hkimislaud-beebivann, Oro Rosa, \u0421\u041a\u0418\u0414\u041a\u0418, \u041f\u0440\u0438\u043d\u0430\u0434\u043b\u0435\u0436\u043d\u043e\u0441\u0442\u0438 \u0434\u043b\u044f \u043c\u043b\u0430\u0434\u0435\u043d\u0446\u0435\u0432, \u041f\u0435\u043b\u0435\u043d\u0430\u043b\u044c\u043d\u044b\u0435 \u0441\u0442\u043e\u043b\u0438\u043a\u0438 \u0438 \u043f\u043e\u043b\u043a\u0438, \u0412\u0430\u043d\u043d\u044b \u0438 \u0430\u043a\u0441\u0435\u0441\u0441\u0443\u0430\u0440\u044b, Beebipood","description":"Cam Cambio m\u00e4hkimislaud-beebivann, Oro Rosa, M\u00e4hkimislaud ja beebivann \u00fcheskoos -Cam Cambio on ideaalne lahendus v\u00e4ikeste korterite jao","robots":{"index":"index","follow":"follow","max-snippet":"max-snippet:-1","max-image-preview":"max-image-preview:large","max-video-preview":"max-video-preview:-1"},"canonical":"https:\/\/beebipood.ee\/ru\/produkt\/cam-cambio-mahkimislaud-beebivann-planets\/","og_locale":"ru_RU","og_type":"article","og_title":"Cam Cambio m\u00e4hkimislaud-beebivann, Oro Rosa, \u0421\u041a\u0418\u0414\u041a\u0418, \u041f\u0440\u0438\u043d\u0430\u0434\u043b\u0435\u0436\u043d\u043e\u0441\u0442\u0438 \u0434\u043b\u044f \u043c\u043b\u0430\u0434\u0435\u043d\u0446\u0435\u0432, \u041f\u0435\u043b\u0435\u043d\u0430\u043b\u044c\u043d\u044b\u0435 \u0441\u0442\u043e\u043b\u0438\u043a\u0438 \u0438 \u043f\u043e\u043b\u043a\u0438, \u0412\u0430\u043d\u043d\u044b \u0438 \u0430\u043a\u0441\u0435\u0441\u0441\u0443\u0430\u0440\u044b, Beebipood","og_description":"Cam Cambio m\u00e4hkimislaud-beebivann, Oro Rosa, M\u00e4hkimislaud ja beebivann \u00fcheskoos -Cam Cambio on ideaalne lahendus v\u00e4ikeste korterite jao","og_url":"https:\/\/beebipood.ee\/ru\/produkt\/cam-cambio-mahkimislaud-beebivann-planets\/","og_site_name":"Beebipood","article_modified_time":"2026-02-26T09:06:26+00:00","og_image":[{"width":980,"height":899,"url":"https:\/\/beebipood.ee\/wp-content\/uploads\/2013\/09\/cam-cambio-mahkimislaud-beebivann.jpg","type":"image\/jpeg"}],"twitter_card":"summary_large_image","twitter_misc":{"\u041f\u0440\u0438\u043c\u0435\u0440\u043d\u043e\u0435 \u0432\u0440\u0435\u043c\u044f \u0434\u043b\u044f \u0447\u0442\u0435\u043d\u0438\u044f":"1 \u043c\u0438\u043d\u0443\u0442\u0430"},"schema":{"@context":"https:\/\/schema.org","@graph":[{"@type":"WebPage","@id":"https:\/\/beebipood.ee\/ru\/produkt\/cam-cambio-mahkimislaud-beebivann-planets\/","url":"https:\/\/beebipood.ee\/ru\/produkt\/cam-cambio-mahkimislaud-beebivann-planets\/","name":"Cam Cambio m\u00e4hkimislaud-beebivann, Oro Rosa, \u0421\u041a\u0418\u0414\u041a\u0418, \u041f\u0440\u0438\u043d\u0430\u0434\u043b\u0435\u0436\u043d\u043e\u0441\u0442\u0438 \u0434\u043b\u044f \u043c\u043b\u0430\u0434\u0435\u043d\u0446\u0435\u0432, \u041f\u0435\u043b\u0435\u043d\u0430\u043b\u044c\u043d\u044b\u0435 \u0441\u0442\u043e\u043b\u0438\u043a\u0438 \u0438 \u043f\u043e\u043b\u043a\u0438, \u0412\u0430\u043d\u043d\u044b \u0438 \u0430\u043a\u0441\u0435\u0441\u0441\u0443\u0430\u0440\u044b, Beebipood","isPartOf":{"@id":"https:\/\/beebipood.ee\/ru\/#website"},"primaryImageOfPage":{"@id":"https:\/\/beebipood.ee\/ru\/produkt\/cam-cambio-mahkimislaud-beebivann-planets\/#primaryimage"},"image":{"@id":"https:\/\/beebipood.ee\/ru\/produkt\/cam-cambio-mahkimislaud-beebivann-planets\/#primaryimage"},"thumbnailUrl":"https:\/\/beebipood.ee\/wp-content\/uploads\/2013\/09\/cam-cambio-mahkimislaud-beebivann.jpg","datePublished":"2013-09-02T10:36:39+00:00","dateModified":"2026-02-26T09:06:26+00:00","description":"Cam Cambio m\u00e4hkimislaud-beebivann, Oro Rosa, M\u00e4hkimislaud ja beebivann \u00fcheskoos -Cam Cambio on ideaalne lahendus v\u00e4ikeste korterite jao","breadcrumb":{"@id":"https:\/\/beebipood.ee\/ru\/produkt\/cam-cambio-mahkimislaud-beebivann-planets\/#breadcrumb"},"inLanguage":"ru-RU","potentialAction":[{"@type":"ReadAction","target":["https:\/\/beebipood.ee\/ru\/produkt\/cam-cambio-mahkimislaud-beebivann-planets\/"]}]},{"@type":"ImageObject","inLanguage":"ru-RU","@id":"https:\/\/beebipood.ee\/ru\/produkt\/cam-cambio-mahkimislaud-beebivann-planets\/#primaryimage","url":"https:\/\/beebipood.ee\/wp-content\/uploads\/2013\/09\/cam-cambio-mahkimislaud-beebivann.jpg","contentUrl":"https:\/\/beebipood.ee\/wp-content\/uploads\/2013\/09\/cam-cambio-mahkimislaud-beebivann.jpg","width":980,"height":899},{"@type":"BreadcrumbList","@id":"https:\/\/beebipood.ee\/ru\/produkt\/cam-cambio-mahkimislaud-beebivann-planets\/#breadcrumb","itemListElement":[{"@type":"ListItem","position":1,"name":"Home","item":"https:\/\/beebipood.ee\/ru\/"},{"@type":"ListItem","position":2,"name":"\u041a\u0430\u0442\u0430\u043b\u043e\u0433 \u0442\u043e\u0432\u0430\u0440\u043e\u0432","item":"https:\/\/beebipood.ee\/tooted\/"},{"@type":"ListItem","position":3,"name":"Cam Cambio m\u00e4hkimislaud-beebivann, Planets"}]},{"@type":"WebSite","@id":"https:\/\/beebipood.ee\/ru\/#website","url":"https:\/\/beebipood.ee\/ru\/","name":"Beebipood","description":"Lastekaubad, beebikaubad, m\u00e4nguasjad","publisher":{"@id":"https:\/\/beebipood.ee\/ru\/#organization"},"potentialAction":[{"@type":"SearchAction","target":{"@type":"EntryPoint","urlTemplate":"https:\/\/beebipood.ee\/ru\/?s={search_term_string}"},"query-input":{"@type":"PropertyValueSpecification","valueRequired":true,"valueName":"search_term_string"}}],"inLanguage":"ru-RU"},{"@type":"Organization","@id":"https:\/\/beebipood.ee\/ru\/#organization","name":"Beebipood","url":"https:\/\/beebipood.ee\/ru\/","logo":{"@type":"ImageObject","inLanguage":"ru-RU","@id":"https:\/\/beebipood.ee\/ru\/#\/schema\/logo\/image\/","url":"https:\/\/beebipood.ee\/wp-content\/uploads\/2025\/03\/beebipood.ee-logo-1.svg","contentUrl":"https:\/\/beebipood.ee\/wp-content\/uploads\/2025\/03\/beebipood.ee-logo-1.svg","caption":"Beebipood"},"image":{"@id":"https:\/\/beebipood.ee\/ru\/#\/schema\/logo\/image\/"}}]}},"brands":[{"id":11970,"name":"CAM","slug":"cam-ru"}],"_links":{"self":[{"href":"https:\/\/beebipood.ee\/ru\/wp-json\/wp\/v2\/product\/454214","targetHints":{"allow":["GET"]}}],"collection":[{"href":"https:\/\/beebipood.ee\/ru\/wp-json\/wp\/v2\/product"}],"about":[{"href":"https:\/\/beebipood.ee\/ru\/wp-json\/wp\/v2\/types\/product"}],"wp:featuredmedia":[{"embeddable":true,"href":"https:\/\/beebipood.ee\/ru\/wp-json\/wp\/v2\/media\/511870"}],"wp:attachment":[{"href":"https:\/\/beebipood.ee\/ru\/wp-json\/wp\/v2\/media?parent=454214"}],"wp:term":[{"taxonomy":"pwb-brand","embeddable":true,"href":"https:\/\/beebipood.ee\/ru\/wp-json\/wp\/v2\/pwb-brand?post=454214"},{"taxonomy":"product_brand","embeddable":true,"href":"https:\/\/beebipood.ee\/ru\/wp-json\/wp\/v2\/product_brand?post=454214"},{"taxonomy":"product_cat","embeddable":true,"href":"https:\/\/beebipood.ee\/ru\/wp-json\/wp\/v2\/product_cat?post=454214"},{"taxonomy":"product_tag","embeddable":true,"href":"https:\/\/beebipood.ee\/ru\/wp-json\/wp\/v2\/product_tag?post=454214"}],"curies":[{"name":"wp","href":"https:\/\/api.w.org\/{rel}","templated":true}]}}