{"id":454216,"date":"2013-09-02T13:36:44","date_gmt":"2013-09-02T10:36:44","guid":{"rendered":"https:\/\/beebipood.ee\/toode\/cam-volare-mahkimislaud-beebivann-teddy-grey\/"},"modified":"2025-05-01T00:00:28","modified_gmt":"2025-04-30T21:00:28","slug":"cam-volare-mahkimislaud-beebivann-teddy-grey","status":"publish","type":"product","link":"https:\/\/beebipood.ee\/ru\/produkt\/cam-volare-mahkimislaud-beebivann-teddy-grey\/","title":{"rendered":"Cam Volare m\u00e4hkimislaud-beebivann, Teddy Grey"},"content":{"rendered":"<p>M\u00e4hkimislaud ja beebivann \u00fches komplektis. <br \/>Lihtsasti kokkupandav Cam Volare komplekt on praktiline ja kompaktne lahendus, <br \/>mis v\u00f5imaldab last nii vannitada kui ka m\u00e4hkida. <br \/>Sobib kasutamiseks lastele s\u00fcnnist kuni kaaluni 11kg.<br \/><span style=\"text-decoration: underline;\">Omadused<\/span><br \/>Pehme m\u00e4hkimismatt k\u00f5rgendatud \u00e4\u00e4rtega<br \/>2 anatoomilise asendiga beebivann (0-6 kuud beebiosa ning 6-12 kuud isteosa)<br \/>Praktilised panipaigad, kus saab hoida vannitamiseks v\u00f5i m\u00e4hkimiseks vajalike tarvikuid<br \/>Komplektis ka \u00e4ravoolutoru, millega saab juhtida vee kraanikaussi v\u00f5i \u00e4mbrisse<br \/>Alumine kandik kus on ka pudelite jaoks sobivad avad (kandiku k\u00f5rgus 40,5cm)<br \/>Ideaalne lahendus v\u00e4ikeste vannitubade jaoks<br \/>Kompaktselt kokkkupandav<br \/>Vastab Euroopa turvastandardile EN12221-1\/2<br \/><span style=\"text-decoration: underline;\">N\u00e4itajad<\/span><br \/>Kasutamiseks lastele 0-11kg<br \/>M\u00f5\u00f5dud 77,5 x 69 x 101cm (pikkus, laius, k\u00f5rgus)<br \/>M\u00f5\u00f5dud kokkupandult 72,5 x 22 x 108cm (pikkus, laius, k\u00f5rgus)<br \/>Kaal 8,2kg<\/p>\n","protected":false},"excerpt":{"rendered":"<p>M\u00e4hkimislaud ja beebivann \u00fches komplektis. Lihtsasti kokkupandav Cam Volare komplekt on praktiline ja kompaktne lahendus, mis v\u00f5imaldab last nii vannitada kui ka m\u00e4hkida. Sobib kasutamiseks lastele s\u00fcnnist kuni kaaluni 11kg.OmadusedPehme m\u00e4hkimismatt k\u00f5rgendatud \u00e4\u00e4rtega2 anatoomilise asendiga beebivann (0-6 kuud beebiosa ning 6-12 kuud isteosa)Praktilised panipaigad, kus saab hoida vannitamiseks v\u00f5i m\u00e4hkimiseks vajalike tarvikuidKomplektis ka \u00e4ravoolutoru, millega [&hellip;]<\/p>\n","protected":false},"featured_media":510721,"template":"","meta":{"_acf_changed":false},"pwb-brand":[11970],"product_brand":[],"product_cat":[11573,11711,11811,11709],"product_tag":[],"class_list":{"0":"post-454216","1":"product","2":"type-product","3":"status-publish","4":"has-post-thumbnail","6":"pwb-brand-cam-ru","7":"product_cat-sooduspakkumised-ru","8":"product_cat-mahkimisalused-ja-riiulid-ru","9":"product_cat-vannid-ja-vannitarbed-ru","10":"product_cat-sootmistoolid-beebi-ja-lastetarbed-mahkimine-hugieen-ru","11":"pa_manufacturer-cam-ru","13":"first","14":"onbackorder","15":"taxable","16":"shipping-taxable","17":"purchasable","18":"product-type-simple"},"exclude_global_add_ons":[],"addons":[],"acf":[],"yoast_head":"<!-- This site is optimized with the Yoast SEO plugin v27.1.1 - https:\/\/yoast.com\/product\/yoast-seo-wordpress\/ -->\n<title>Cam Volare m\u00e4hkimislaud-beebivann, Teddy Grey, \u0421\u041a\u0418\u0414\u041a\u0418, \u041f\u0440\u0438\u043d\u0430\u0434\u043b\u0435\u0436\u043d\u043e\u0441\u0442\u0438 \u0434\u043b\u044f \u043c\u043b\u0430\u0434\u0435\u043d\u0446\u0435\u0432, \u041f\u0435\u043b\u0435\u043d\u0430\u043b\u044c\u043d\u044b\u0435 \u0441\u0442\u043e\u043b\u0438\u043a\u0438 \u0438 \u043f\u043e\u043b\u043a\u0438, \u0412\u0430\u043d\u043d\u044b \u0438 \u0430\u043a\u0441\u0435\u0441\u0441\u0443\u0430\u0440\u044b, Beebipood<\/title>\n<meta name=\"description\" content=\"Cam Volare m\u00e4hkimislaud-beebivann, Teddy Grey, M&auml;hkimislaud ja beebivann &uuml;hes komplektis. Lihtsasti kokkupandav Cam Volare komplekt on prakt\" \/>\n<meta name=\"robots\" content=\"index, follow, max-snippet:-1, max-image-preview:large, max-video-preview:-1\" \/>\n<link rel=\"canonical\" href=\"https:\/\/beebipood.ee\/ru\/produkt\/cam-volare-mahkimislaud-beebivann-teddy-grey\/\" \/>\n<meta property=\"og:locale\" content=\"ru_RU\" \/>\n<meta property=\"og:type\" content=\"article\" \/>\n<meta property=\"og:title\" content=\"Cam Volare m\u00e4hkimislaud-beebivann, Teddy Grey, \u0421\u041a\u0418\u0414\u041a\u0418, \u041f\u0440\u0438\u043d\u0430\u0434\u043b\u0435\u0436\u043d\u043e\u0441\u0442\u0438 \u0434\u043b\u044f \u043c\u043b\u0430\u0434\u0435\u043d\u0446\u0435\u0432, \u041f\u0435\u043b\u0435\u043d\u0430\u043b\u044c\u043d\u044b\u0435 \u0441\u0442\u043e\u043b\u0438\u043a\u0438 \u0438 \u043f\u043e\u043b\u043a\u0438, \u0412\u0430\u043d\u043d\u044b \u0438 \u0430\u043a\u0441\u0435\u0441\u0441\u0443\u0430\u0440\u044b, Beebipood\" \/>\n<meta property=\"og:description\" content=\"Cam Volare m\u00e4hkimislaud-beebivann, Teddy Grey, M&auml;hkimislaud ja beebivann &uuml;hes komplektis. Lihtsasti kokkupandav Cam Volare komplekt on prakt\" \/>\n<meta property=\"og:url\" content=\"https:\/\/beebipood.ee\/ru\/produkt\/cam-volare-mahkimislaud-beebivann-teddy-grey\/\" \/>\n<meta property=\"og:site_name\" content=\"Beebipood\" \/>\n<meta property=\"article:modified_time\" content=\"2025-04-30T21:00:28+00:00\" \/>\n<meta property=\"og:image\" content=\"https:\/\/beebipood.ee\/wp-content\/uploads\/2013\/09\/volare_c265.jpg\" \/>\n\t<meta property=\"og:image:width\" content=\"899\" \/>\n\t<meta property=\"og:image:height\" content=\"1200\" \/>\n\t<meta property=\"og:image:type\" content=\"image\/jpeg\" \/>\n<meta name=\"twitter:card\" content=\"summary_large_image\" \/>\n<meta name=\"twitter:label1\" content=\"\u041f\u0440\u0438\u043c\u0435\u0440\u043d\u043e\u0435 \u0432\u0440\u0435\u043c\u044f \u0434\u043b\u044f \u0447\u0442\u0435\u043d\u0438\u044f\" \/>\n\t<meta name=\"twitter:data1\" content=\"1 \u043c\u0438\u043d\u0443\u0442\u0430\" \/>\n<script type=\"application\/ld+json\" class=\"yoast-schema-graph\">{\"@context\":\"https:\/\/schema.org\",\"@graph\":[{\"@type\":\"WebPage\",\"@id\":\"https:\/\/beebipood.ee\/ru\/produkt\/cam-volare-mahkimislaud-beebivann-teddy-grey\/\",\"url\":\"https:\/\/beebipood.ee\/ru\/produkt\/cam-volare-mahkimislaud-beebivann-teddy-grey\/\",\"name\":\"Cam Volare m\u00e4hkimislaud-beebivann, Teddy Grey, \u0421\u041a\u0418\u0414\u041a\u0418, \u041f\u0440\u0438\u043d\u0430\u0434\u043b\u0435\u0436\u043d\u043e\u0441\u0442\u0438 \u0434\u043b\u044f \u043c\u043b\u0430\u0434\u0435\u043d\u0446\u0435\u0432, \u041f\u0435\u043b\u0435\u043d\u0430\u043b\u044c\u043d\u044b\u0435 \u0441\u0442\u043e\u043b\u0438\u043a\u0438 \u0438 \u043f\u043e\u043b\u043a\u0438, \u0412\u0430\u043d\u043d\u044b \u0438 \u0430\u043a\u0441\u0435\u0441\u0441\u0443\u0430\u0440\u044b, Beebipood\",\"isPartOf\":{\"@id\":\"https:\/\/beebipood.ee\/ru\/#website\"},\"primaryImageOfPage\":{\"@id\":\"https:\/\/beebipood.ee\/ru\/produkt\/cam-volare-mahkimislaud-beebivann-teddy-grey\/#primaryimage\"},\"image\":{\"@id\":\"https:\/\/beebipood.ee\/ru\/produkt\/cam-volare-mahkimislaud-beebivann-teddy-grey\/#primaryimage\"},\"thumbnailUrl\":\"https:\/\/beebipood.ee\/wp-content\/uploads\/2013\/09\/volare_c265.jpg\",\"datePublished\":\"2013-09-02T10:36:44+00:00\",\"dateModified\":\"2025-04-30T21:00:28+00:00\",\"description\":\"Cam Volare m\u00e4hkimislaud-beebivann, Teddy Grey, M&auml;hkimislaud ja beebivann &uuml;hes komplektis. Lihtsasti kokkupandav Cam Volare komplekt on prakt\",\"breadcrumb\":{\"@id\":\"https:\/\/beebipood.ee\/ru\/produkt\/cam-volare-mahkimislaud-beebivann-teddy-grey\/#breadcrumb\"},\"inLanguage\":\"ru-RU\",\"potentialAction\":[{\"@type\":\"ReadAction\",\"target\":[\"https:\/\/beebipood.ee\/ru\/produkt\/cam-volare-mahkimislaud-beebivann-teddy-grey\/\"]}]},{\"@type\":\"ImageObject\",\"inLanguage\":\"ru-RU\",\"@id\":\"https:\/\/beebipood.ee\/ru\/produkt\/cam-volare-mahkimislaud-beebivann-teddy-grey\/#primaryimage\",\"url\":\"https:\/\/beebipood.ee\/wp-content\/uploads\/2013\/09\/volare_c265.jpg\",\"contentUrl\":\"https:\/\/beebipood.ee\/wp-content\/uploads\/2013\/09\/volare_c265.jpg\",\"width\":899,\"height\":1200},{\"@type\":\"BreadcrumbList\",\"@id\":\"https:\/\/beebipood.ee\/ru\/produkt\/cam-volare-mahkimislaud-beebivann-teddy-grey\/#breadcrumb\",\"itemListElement\":[{\"@type\":\"ListItem\",\"position\":1,\"name\":\"Home\",\"item\":\"https:\/\/beebipood.ee\/ru\/\"},{\"@type\":\"ListItem\",\"position\":2,\"name\":\"\u041a\u0430\u0442\u0430\u043b\u043e\u0433 \u0442\u043e\u0432\u0430\u0440\u043e\u0432\",\"item\":\"https:\/\/beebipood.ee\/tooted\/\"},{\"@type\":\"ListItem\",\"position\":3,\"name\":\"Cam Volare m\u00e4hkimislaud-beebivann, Teddy Grey\"}]},{\"@type\":\"WebSite\",\"@id\":\"https:\/\/beebipood.ee\/ru\/#website\",\"url\":\"https:\/\/beebipood.ee\/ru\/\",\"name\":\"Beebipood\",\"description\":\"Lastekaubad, beebikaubad, m\u00e4nguasjad\",\"publisher\":{\"@id\":\"https:\/\/beebipood.ee\/ru\/#organization\"},\"potentialAction\":[{\"@type\":\"SearchAction\",\"target\":{\"@type\":\"EntryPoint\",\"urlTemplate\":\"https:\/\/beebipood.ee\/ru\/?s={search_term_string}\"},\"query-input\":{\"@type\":\"PropertyValueSpecification\",\"valueRequired\":true,\"valueName\":\"search_term_string\"}}],\"inLanguage\":\"ru-RU\"},{\"@type\":\"Organization\",\"@id\":\"https:\/\/beebipood.ee\/ru\/#organization\",\"name\":\"Beebipood\",\"url\":\"https:\/\/beebipood.ee\/ru\/\",\"logo\":{\"@type\":\"ImageObject\",\"inLanguage\":\"ru-RU\",\"@id\":\"https:\/\/beebipood.ee\/ru\/#\/schema\/logo\/image\/\",\"url\":\"https:\/\/beebipood.ee\/wp-content\/uploads\/2025\/03\/beebipood.ee-logo-1.svg\",\"contentUrl\":\"https:\/\/beebipood.ee\/wp-content\/uploads\/2025\/03\/beebipood.ee-logo-1.svg\",\"caption\":\"Beebipood\"},\"image\":{\"@id\":\"https:\/\/beebipood.ee\/ru\/#\/schema\/logo\/image\/\"}}]}<\/script>\n<!-- \/ Yoast SEO plugin. -->","yoast_head_json":{"title":"Cam Volare m\u00e4hkimislaud-beebivann, Teddy Grey, \u0421\u041a\u0418\u0414\u041a\u0418, \u041f\u0440\u0438\u043d\u0430\u0434\u043b\u0435\u0436\u043d\u043e\u0441\u0442\u0438 \u0434\u043b\u044f \u043c\u043b\u0430\u0434\u0435\u043d\u0446\u0435\u0432, \u041f\u0435\u043b\u0435\u043d\u0430\u043b\u044c\u043d\u044b\u0435 \u0441\u0442\u043e\u043b\u0438\u043a\u0438 \u0438 \u043f\u043e\u043b\u043a\u0438, \u0412\u0430\u043d\u043d\u044b \u0438 \u0430\u043a\u0441\u0435\u0441\u0441\u0443\u0430\u0440\u044b, Beebipood","description":"Cam Volare m\u00e4hkimislaud-beebivann, Teddy Grey, M&auml;hkimislaud ja beebivann &uuml;hes komplektis. Lihtsasti kokkupandav Cam Volare komplekt on prakt","robots":{"index":"index","follow":"follow","max-snippet":"max-snippet:-1","max-image-preview":"max-image-preview:large","max-video-preview":"max-video-preview:-1"},"canonical":"https:\/\/beebipood.ee\/ru\/produkt\/cam-volare-mahkimislaud-beebivann-teddy-grey\/","og_locale":"ru_RU","og_type":"article","og_title":"Cam Volare m\u00e4hkimislaud-beebivann, Teddy Grey, \u0421\u041a\u0418\u0414\u041a\u0418, \u041f\u0440\u0438\u043d\u0430\u0434\u043b\u0435\u0436\u043d\u043e\u0441\u0442\u0438 \u0434\u043b\u044f \u043c\u043b\u0430\u0434\u0435\u043d\u0446\u0435\u0432, \u041f\u0435\u043b\u0435\u043d\u0430\u043b\u044c\u043d\u044b\u0435 \u0441\u0442\u043e\u043b\u0438\u043a\u0438 \u0438 \u043f\u043e\u043b\u043a\u0438, \u0412\u0430\u043d\u043d\u044b \u0438 \u0430\u043a\u0441\u0435\u0441\u0441\u0443\u0430\u0440\u044b, Beebipood","og_description":"Cam Volare m\u00e4hkimislaud-beebivann, Teddy Grey, M&auml;hkimislaud ja beebivann &uuml;hes komplektis. Lihtsasti kokkupandav Cam Volare komplekt on prakt","og_url":"https:\/\/beebipood.ee\/ru\/produkt\/cam-volare-mahkimislaud-beebivann-teddy-grey\/","og_site_name":"Beebipood","article_modified_time":"2025-04-30T21:00:28+00:00","og_image":[{"width":899,"height":1200,"url":"https:\/\/beebipood.ee\/wp-content\/uploads\/2013\/09\/volare_c265.jpg","type":"image\/jpeg"}],"twitter_card":"summary_large_image","twitter_misc":{"\u041f\u0440\u0438\u043c\u0435\u0440\u043d\u043e\u0435 \u0432\u0440\u0435\u043c\u044f \u0434\u043b\u044f \u0447\u0442\u0435\u043d\u0438\u044f":"1 \u043c\u0438\u043d\u0443\u0442\u0430"},"schema":{"@context":"https:\/\/schema.org","@graph":[{"@type":"WebPage","@id":"https:\/\/beebipood.ee\/ru\/produkt\/cam-volare-mahkimislaud-beebivann-teddy-grey\/","url":"https:\/\/beebipood.ee\/ru\/produkt\/cam-volare-mahkimislaud-beebivann-teddy-grey\/","name":"Cam Volare m\u00e4hkimislaud-beebivann, Teddy Grey, \u0421\u041a\u0418\u0414\u041a\u0418, \u041f\u0440\u0438\u043d\u0430\u0434\u043b\u0435\u0436\u043d\u043e\u0441\u0442\u0438 \u0434\u043b\u044f \u043c\u043b\u0430\u0434\u0435\u043d\u0446\u0435\u0432, \u041f\u0435\u043b\u0435\u043d\u0430\u043b\u044c\u043d\u044b\u0435 \u0441\u0442\u043e\u043b\u0438\u043a\u0438 \u0438 \u043f\u043e\u043b\u043a\u0438, \u0412\u0430\u043d\u043d\u044b \u0438 \u0430\u043a\u0441\u0435\u0441\u0441\u0443\u0430\u0440\u044b, Beebipood","isPartOf":{"@id":"https:\/\/beebipood.ee\/ru\/#website"},"primaryImageOfPage":{"@id":"https:\/\/beebipood.ee\/ru\/produkt\/cam-volare-mahkimislaud-beebivann-teddy-grey\/#primaryimage"},"image":{"@id":"https:\/\/beebipood.ee\/ru\/produkt\/cam-volare-mahkimislaud-beebivann-teddy-grey\/#primaryimage"},"thumbnailUrl":"https:\/\/beebipood.ee\/wp-content\/uploads\/2013\/09\/volare_c265.jpg","datePublished":"2013-09-02T10:36:44+00:00","dateModified":"2025-04-30T21:00:28+00:00","description":"Cam Volare m\u00e4hkimislaud-beebivann, Teddy Grey, M&auml;hkimislaud ja beebivann &uuml;hes komplektis. Lihtsasti kokkupandav Cam Volare komplekt on prakt","breadcrumb":{"@id":"https:\/\/beebipood.ee\/ru\/produkt\/cam-volare-mahkimislaud-beebivann-teddy-grey\/#breadcrumb"},"inLanguage":"ru-RU","potentialAction":[{"@type":"ReadAction","target":["https:\/\/beebipood.ee\/ru\/produkt\/cam-volare-mahkimislaud-beebivann-teddy-grey\/"]}]},{"@type":"ImageObject","inLanguage":"ru-RU","@id":"https:\/\/beebipood.ee\/ru\/produkt\/cam-volare-mahkimislaud-beebivann-teddy-grey\/#primaryimage","url":"https:\/\/beebipood.ee\/wp-content\/uploads\/2013\/09\/volare_c265.jpg","contentUrl":"https:\/\/beebipood.ee\/wp-content\/uploads\/2013\/09\/volare_c265.jpg","width":899,"height":1200},{"@type":"BreadcrumbList","@id":"https:\/\/beebipood.ee\/ru\/produkt\/cam-volare-mahkimislaud-beebivann-teddy-grey\/#breadcrumb","itemListElement":[{"@type":"ListItem","position":1,"name":"Home","item":"https:\/\/beebipood.ee\/ru\/"},{"@type":"ListItem","position":2,"name":"\u041a\u0430\u0442\u0430\u043b\u043e\u0433 \u0442\u043e\u0432\u0430\u0440\u043e\u0432","item":"https:\/\/beebipood.ee\/tooted\/"},{"@type":"ListItem","position":3,"name":"Cam Volare m\u00e4hkimislaud-beebivann, Teddy Grey"}]},{"@type":"WebSite","@id":"https:\/\/beebipood.ee\/ru\/#website","url":"https:\/\/beebipood.ee\/ru\/","name":"Beebipood","description":"Lastekaubad, beebikaubad, m\u00e4nguasjad","publisher":{"@id":"https:\/\/beebipood.ee\/ru\/#organization"},"potentialAction":[{"@type":"SearchAction","target":{"@type":"EntryPoint","urlTemplate":"https:\/\/beebipood.ee\/ru\/?s={search_term_string}"},"query-input":{"@type":"PropertyValueSpecification","valueRequired":true,"valueName":"search_term_string"}}],"inLanguage":"ru-RU"},{"@type":"Organization","@id":"https:\/\/beebipood.ee\/ru\/#organization","name":"Beebipood","url":"https:\/\/beebipood.ee\/ru\/","logo":{"@type":"ImageObject","inLanguage":"ru-RU","@id":"https:\/\/beebipood.ee\/ru\/#\/schema\/logo\/image\/","url":"https:\/\/beebipood.ee\/wp-content\/uploads\/2025\/03\/beebipood.ee-logo-1.svg","contentUrl":"https:\/\/beebipood.ee\/wp-content\/uploads\/2025\/03\/beebipood.ee-logo-1.svg","caption":"Beebipood"},"image":{"@id":"https:\/\/beebipood.ee\/ru\/#\/schema\/logo\/image\/"}}]}},"brands":[{"id":11970,"name":"CAM","slug":"cam-ru"}],"_links":{"self":[{"href":"https:\/\/beebipood.ee\/ru\/wp-json\/wp\/v2\/product\/454216","targetHints":{"allow":["GET"]}}],"collection":[{"href":"https:\/\/beebipood.ee\/ru\/wp-json\/wp\/v2\/product"}],"about":[{"href":"https:\/\/beebipood.ee\/ru\/wp-json\/wp\/v2\/types\/product"}],"wp:featuredmedia":[{"embeddable":true,"href":"https:\/\/beebipood.ee\/ru\/wp-json\/wp\/v2\/media\/510721"}],"wp:attachment":[{"href":"https:\/\/beebipood.ee\/ru\/wp-json\/wp\/v2\/media?parent=454216"}],"wp:term":[{"taxonomy":"pwb-brand","embeddable":true,"href":"https:\/\/beebipood.ee\/ru\/wp-json\/wp\/v2\/pwb-brand?post=454216"},{"taxonomy":"product_brand","embeddable":true,"href":"https:\/\/beebipood.ee\/ru\/wp-json\/wp\/v2\/product_brand?post=454216"},{"taxonomy":"product_cat","embeddable":true,"href":"https:\/\/beebipood.ee\/ru\/wp-json\/wp\/v2\/product_cat?post=454216"},{"taxonomy":"product_tag","embeddable":true,"href":"https:\/\/beebipood.ee\/ru\/wp-json\/wp\/v2\/product_tag?post=454216"}],"curies":[{"name":"wp","href":"https:\/\/api.w.org\/{rel}","templated":true}]}}