{"id":454250,"date":"2013-09-02T13:38:17","date_gmt":"2013-09-02T10:38:17","guid":{"rendered":"https:\/\/beebipood.ee\/toode\/yappysafe-kinnitussusteem\/"},"modified":"2025-03-04T11:41:24","modified_gmt":"2025-03-04T09:41:24","slug":"yappysafe-kinnitussusteem","status":"publish","type":"product","link":"https:\/\/beebipood.ee\/ru\/produkt\/yappysafe-kinnitussusteem\/","title":{"rendered":"YappySafe kinnituss\u00fcsteem"},"content":{"rendered":"<p>Beebide ohutuse eest hoolitsedes <br \/>on YappyKids v\u00e4lja t\u00f6\u00f6tanud spetsiaalse toote \u2013 YappySafe kinnituss\u00fcsteemi.<br \/>YappySafe kinnituss\u00fcsteem v\u00f5imaldab kinnitada YappyKids beebivoodi t\u00e4iskasvanute voodi k\u00fclge, <br \/>tagades selle fikseerimise vastupidavust. <br \/>YappySafe s\u00fcsteem on m\u00f5eldud kasutamiseks beebi esimeste kuude jooksul, <br \/>kui vanemad soovivad beebivoodi \u00fche k\u00fclje eemaldada <br \/>ja toodet t\u00e4iskasvanute voodi kinnitada.<br \/>YappySafe kinnituss\u00fcsteemi rihmad on reguleeritavad, <br \/>seega saab neid erineva suurusega t\u00e4iskasvanute vooditega kasutada. <br \/>T\u00e4iskasvanute voodi madratsi maksimaalne laius ei tohi \u00fcletada 180 sm. <br \/>YappySafe kinnituss\u00fcsteem on m\u00f5eldud kasutamiseks ainult YappyKidsi beebivooditega.<br \/>Oluline! YappyKids ei soovita eemaldatud k\u00fcljega beebivoodit ilma YappySafe kinnituss\u00fcsteemita kasutada. <br \/>Samuti on eemaldatud k\u00fcljega voodi kasutamine ette n\u00e4htud ainult siis, <br \/>kui laps ei saa ise ennast keerata. Kui laps hakkab ise liikuma, peab siis beebivoodi k\u00fclg tagasi panna.<\/p>\n","protected":false},"excerpt":{"rendered":"<p>Beebide ohutuse eest hoolitsedes on YappyKids v\u00e4lja t\u00f6\u00f6tanud spetsiaalse toote \u2013 YappySafe kinnituss\u00fcsteemi.YappySafe kinnituss\u00fcsteem v\u00f5imaldab kinnitada YappyKids beebivoodi t\u00e4iskasvanute voodi k\u00fclge, tagades selle fikseerimise vastupidavust. YappySafe s\u00fcsteem on m\u00f5eldud kasutamiseks beebi esimeste kuude jooksul, kui vanemad soovivad beebivoodi \u00fche k\u00fclje eemaldada ja toodet t\u00e4iskasvanute voodi kinnitada.YappySafe kinnituss\u00fcsteemi rihmad on reguleeritavad, seega saab neid erineva suurusega [&hellip;]<\/p>\n","protected":false},"featured_media":145198,"template":"","meta":{"_acf_changed":false},"pwb-brand":[11969],"product_brand":[],"product_cat":[11791],"product_tag":[],"class_list":{"0":"post-454250","1":"product","2":"type-product","3":"status-publish","4":"has-post-thumbnail","6":"pwb-brand-yappykids-ru","7":"product_cat-turvavarustus-ru","8":"pa_manufacturer-yappykids-ru","10":"first","11":"onbackorder","12":"taxable","13":"shipping-taxable","14":"purchasable","15":"product-type-simple"},"exclude_global_add_ons":[],"addons":[],"acf":[],"yoast_head":"<!-- This site is optimized with the Yoast SEO plugin v27.1.1 - https:\/\/yoast.com\/product\/yoast-seo-wordpress\/ -->\n<title>YappySafe kinnituss\u00fcsteem, \u0421\u043d\u0430\u0440\u044f\u0436\u0435\u043d\u0438\u044f \u0431\u0435\u0437\u043e\u043f\u0430\u0441\u043d\u043e\u0441\u0442\u0438, YappyKids -20%, Beebipood<\/title>\n<meta name=\"description\" content=\"YappySafe kinnituss\u00fcsteem, Beebide ohutuse eest hoolitsedes on YappyKids v&auml;lja t&ouml;&ouml;tanud spetsiaalse toote &ndash; YappySafe kinnituss&amp;u\" \/>\n<meta name=\"robots\" content=\"index, follow, max-snippet:-1, max-image-preview:large, max-video-preview:-1\" \/>\n<link rel=\"canonical\" href=\"https:\/\/beebipood.ee\/ru\/produkt\/yappysafe-kinnitussusteem\/\" \/>\n<meta property=\"og:locale\" content=\"ru_RU\" \/>\n<meta property=\"og:type\" content=\"article\" \/>\n<meta property=\"og:title\" content=\"YappySafe kinnituss\u00fcsteem, \u0421\u043d\u0430\u0440\u044f\u0436\u0435\u043d\u0438\u044f \u0431\u0435\u0437\u043e\u043f\u0430\u0441\u043d\u043e\u0441\u0442\u0438, YappyKids -20%, Beebipood\" \/>\n<meta property=\"og:description\" content=\"YappySafe kinnituss\u00fcsteem, Beebide ohutuse eest hoolitsedes on YappyKids v&auml;lja t&ouml;&ouml;tanud spetsiaalse toote &ndash; YappySafe kinnituss&amp;u\" \/>\n<meta property=\"og:url\" content=\"https:\/\/beebipood.ee\/ru\/produkt\/yappysafe-kinnitussusteem\/\" \/>\n<meta property=\"og:site_name\" content=\"Beebipood\" \/>\n<meta property=\"article:modified_time\" content=\"2025-03-04T09:41:24+00:00\" \/>\n<meta property=\"og:image\" content=\"https:\/\/beebipood.ee\/wp-content\/uploads\/2013\/09\/YappySafe-kinnitussusteem-Turvavarustus-YappyKids-20_2-a09.jpg\" \/>\n\t<meta property=\"og:image:width\" content=\"1131\" \/>\n\t<meta property=\"og:image:height\" content=\"847\" \/>\n\t<meta property=\"og:image:type\" content=\"image\/jpeg\" \/>\n<meta name=\"twitter:card\" content=\"summary_large_image\" \/>\n<meta name=\"twitter:label1\" content=\"\u041f\u0440\u0438\u043c\u0435\u0440\u043d\u043e\u0435 \u0432\u0440\u0435\u043c\u044f \u0434\u043b\u044f \u0447\u0442\u0435\u043d\u0438\u044f\" \/>\n\t<meta name=\"twitter:data1\" content=\"1 \u043c\u0438\u043d\u0443\u0442\u0430\" \/>\n<script type=\"application\/ld+json\" class=\"yoast-schema-graph\">{\"@context\":\"https:\/\/schema.org\",\"@graph\":[{\"@type\":\"WebPage\",\"@id\":\"https:\/\/beebipood.ee\/ru\/produkt\/yappysafe-kinnitussusteem\/\",\"url\":\"https:\/\/beebipood.ee\/ru\/produkt\/yappysafe-kinnitussusteem\/\",\"name\":\"YappySafe kinnituss\u00fcsteem, \u0421\u043d\u0430\u0440\u044f\u0436\u0435\u043d\u0438\u044f \u0431\u0435\u0437\u043e\u043f\u0430\u0441\u043d\u043e\u0441\u0442\u0438, YappyKids -20%, Beebipood\",\"isPartOf\":{\"@id\":\"https:\/\/beebipood.ee\/ru\/#website\"},\"primaryImageOfPage\":{\"@id\":\"https:\/\/beebipood.ee\/ru\/produkt\/yappysafe-kinnitussusteem\/#primaryimage\"},\"image\":{\"@id\":\"https:\/\/beebipood.ee\/ru\/produkt\/yappysafe-kinnitussusteem\/#primaryimage\"},\"thumbnailUrl\":\"https:\/\/beebipood.ee\/wp-content\/uploads\/2013\/09\/YappySafe-kinnitussusteem-Turvavarustus-YappyKids-20_2-a09.jpg\",\"datePublished\":\"2013-09-02T10:38:17+00:00\",\"dateModified\":\"2025-03-04T09:41:24+00:00\",\"description\":\"YappySafe kinnituss\u00fcsteem, Beebide ohutuse eest hoolitsedes on YappyKids v&auml;lja t&ouml;&ouml;tanud spetsiaalse toote &ndash; YappySafe kinnituss&u\",\"breadcrumb\":{\"@id\":\"https:\/\/beebipood.ee\/ru\/produkt\/yappysafe-kinnitussusteem\/#breadcrumb\"},\"inLanguage\":\"ru-RU\",\"potentialAction\":[{\"@type\":\"ReadAction\",\"target\":[\"https:\/\/beebipood.ee\/ru\/produkt\/yappysafe-kinnitussusteem\/\"]}]},{\"@type\":\"ImageObject\",\"inLanguage\":\"ru-RU\",\"@id\":\"https:\/\/beebipood.ee\/ru\/produkt\/yappysafe-kinnitussusteem\/#primaryimage\",\"url\":\"https:\/\/beebipood.ee\/wp-content\/uploads\/2013\/09\/YappySafe-kinnitussusteem-Turvavarustus-YappyKids-20_2-a09.jpg\",\"contentUrl\":\"https:\/\/beebipood.ee\/wp-content\/uploads\/2013\/09\/YappySafe-kinnitussusteem-Turvavarustus-YappyKids-20_2-a09.jpg\",\"width\":1131,\"height\":847},{\"@type\":\"BreadcrumbList\",\"@id\":\"https:\/\/beebipood.ee\/ru\/produkt\/yappysafe-kinnitussusteem\/#breadcrumb\",\"itemListElement\":[{\"@type\":\"ListItem\",\"position\":1,\"name\":\"Home\",\"item\":\"https:\/\/beebipood.ee\/ru\/\"},{\"@type\":\"ListItem\",\"position\":2,\"name\":\"\u041a\u0430\u0442\u0430\u043b\u043e\u0433 \u0442\u043e\u0432\u0430\u0440\u043e\u0432\",\"item\":\"https:\/\/beebipood.ee\/tooted\/\"},{\"@type\":\"ListItem\",\"position\":3,\"name\":\"YappySafe kinnituss\u00fcsteem\"}]},{\"@type\":\"WebSite\",\"@id\":\"https:\/\/beebipood.ee\/ru\/#website\",\"url\":\"https:\/\/beebipood.ee\/ru\/\",\"name\":\"Beebipood\",\"description\":\"Lastekaubad, beebikaubad, m\u00e4nguasjad\",\"publisher\":{\"@id\":\"https:\/\/beebipood.ee\/ru\/#organization\"},\"potentialAction\":[{\"@type\":\"SearchAction\",\"target\":{\"@type\":\"EntryPoint\",\"urlTemplate\":\"https:\/\/beebipood.ee\/ru\/?s={search_term_string}\"},\"query-input\":{\"@type\":\"PropertyValueSpecification\",\"valueRequired\":true,\"valueName\":\"search_term_string\"}}],\"inLanguage\":\"ru-RU\"},{\"@type\":\"Organization\",\"@id\":\"https:\/\/beebipood.ee\/ru\/#organization\",\"name\":\"Beebipood\",\"url\":\"https:\/\/beebipood.ee\/ru\/\",\"logo\":{\"@type\":\"ImageObject\",\"inLanguage\":\"ru-RU\",\"@id\":\"https:\/\/beebipood.ee\/ru\/#\/schema\/logo\/image\/\",\"url\":\"https:\/\/beebipood.ee\/wp-content\/uploads\/2025\/03\/beebipood.ee-logo-1.svg\",\"contentUrl\":\"https:\/\/beebipood.ee\/wp-content\/uploads\/2025\/03\/beebipood.ee-logo-1.svg\",\"caption\":\"Beebipood\"},\"image\":{\"@id\":\"https:\/\/beebipood.ee\/ru\/#\/schema\/logo\/image\/\"}}]}<\/script>\n<!-- \/ Yoast SEO plugin. -->","yoast_head_json":{"title":"YappySafe kinnituss\u00fcsteem, \u0421\u043d\u0430\u0440\u044f\u0436\u0435\u043d\u0438\u044f \u0431\u0435\u0437\u043e\u043f\u0430\u0441\u043d\u043e\u0441\u0442\u0438, YappyKids -20%, Beebipood","description":"YappySafe kinnituss\u00fcsteem, Beebide ohutuse eest hoolitsedes on YappyKids v&auml;lja t&ouml;&ouml;tanud spetsiaalse toote &ndash; YappySafe kinnituss&u","robots":{"index":"index","follow":"follow","max-snippet":"max-snippet:-1","max-image-preview":"max-image-preview:large","max-video-preview":"max-video-preview:-1"},"canonical":"https:\/\/beebipood.ee\/ru\/produkt\/yappysafe-kinnitussusteem\/","og_locale":"ru_RU","og_type":"article","og_title":"YappySafe kinnituss\u00fcsteem, \u0421\u043d\u0430\u0440\u044f\u0436\u0435\u043d\u0438\u044f \u0431\u0435\u0437\u043e\u043f\u0430\u0441\u043d\u043e\u0441\u0442\u0438, YappyKids -20%, Beebipood","og_description":"YappySafe kinnituss\u00fcsteem, Beebide ohutuse eest hoolitsedes on YappyKids v&auml;lja t&ouml;&ouml;tanud spetsiaalse toote &ndash; YappySafe kinnituss&u","og_url":"https:\/\/beebipood.ee\/ru\/produkt\/yappysafe-kinnitussusteem\/","og_site_name":"Beebipood","article_modified_time":"2025-03-04T09:41:24+00:00","og_image":[{"width":1131,"height":847,"url":"https:\/\/beebipood.ee\/wp-content\/uploads\/2013\/09\/YappySafe-kinnitussusteem-Turvavarustus-YappyKids-20_2-a09.jpg","type":"image\/jpeg"}],"twitter_card":"summary_large_image","twitter_misc":{"\u041f\u0440\u0438\u043c\u0435\u0440\u043d\u043e\u0435 \u0432\u0440\u0435\u043c\u044f \u0434\u043b\u044f \u0447\u0442\u0435\u043d\u0438\u044f":"1 \u043c\u0438\u043d\u0443\u0442\u0430"},"schema":{"@context":"https:\/\/schema.org","@graph":[{"@type":"WebPage","@id":"https:\/\/beebipood.ee\/ru\/produkt\/yappysafe-kinnitussusteem\/","url":"https:\/\/beebipood.ee\/ru\/produkt\/yappysafe-kinnitussusteem\/","name":"YappySafe kinnituss\u00fcsteem, \u0421\u043d\u0430\u0440\u044f\u0436\u0435\u043d\u0438\u044f \u0431\u0435\u0437\u043e\u043f\u0430\u0441\u043d\u043e\u0441\u0442\u0438, YappyKids -20%, Beebipood","isPartOf":{"@id":"https:\/\/beebipood.ee\/ru\/#website"},"primaryImageOfPage":{"@id":"https:\/\/beebipood.ee\/ru\/produkt\/yappysafe-kinnitussusteem\/#primaryimage"},"image":{"@id":"https:\/\/beebipood.ee\/ru\/produkt\/yappysafe-kinnitussusteem\/#primaryimage"},"thumbnailUrl":"https:\/\/beebipood.ee\/wp-content\/uploads\/2013\/09\/YappySafe-kinnitussusteem-Turvavarustus-YappyKids-20_2-a09.jpg","datePublished":"2013-09-02T10:38:17+00:00","dateModified":"2025-03-04T09:41:24+00:00","description":"YappySafe kinnituss\u00fcsteem, Beebide ohutuse eest hoolitsedes on YappyKids v&auml;lja t&ouml;&ouml;tanud spetsiaalse toote &ndash; YappySafe kinnituss&u","breadcrumb":{"@id":"https:\/\/beebipood.ee\/ru\/produkt\/yappysafe-kinnitussusteem\/#breadcrumb"},"inLanguage":"ru-RU","potentialAction":[{"@type":"ReadAction","target":["https:\/\/beebipood.ee\/ru\/produkt\/yappysafe-kinnitussusteem\/"]}]},{"@type":"ImageObject","inLanguage":"ru-RU","@id":"https:\/\/beebipood.ee\/ru\/produkt\/yappysafe-kinnitussusteem\/#primaryimage","url":"https:\/\/beebipood.ee\/wp-content\/uploads\/2013\/09\/YappySafe-kinnitussusteem-Turvavarustus-YappyKids-20_2-a09.jpg","contentUrl":"https:\/\/beebipood.ee\/wp-content\/uploads\/2013\/09\/YappySafe-kinnitussusteem-Turvavarustus-YappyKids-20_2-a09.jpg","width":1131,"height":847},{"@type":"BreadcrumbList","@id":"https:\/\/beebipood.ee\/ru\/produkt\/yappysafe-kinnitussusteem\/#breadcrumb","itemListElement":[{"@type":"ListItem","position":1,"name":"Home","item":"https:\/\/beebipood.ee\/ru\/"},{"@type":"ListItem","position":2,"name":"\u041a\u0430\u0442\u0430\u043b\u043e\u0433 \u0442\u043e\u0432\u0430\u0440\u043e\u0432","item":"https:\/\/beebipood.ee\/tooted\/"},{"@type":"ListItem","position":3,"name":"YappySafe kinnituss\u00fcsteem"}]},{"@type":"WebSite","@id":"https:\/\/beebipood.ee\/ru\/#website","url":"https:\/\/beebipood.ee\/ru\/","name":"Beebipood","description":"Lastekaubad, beebikaubad, m\u00e4nguasjad","publisher":{"@id":"https:\/\/beebipood.ee\/ru\/#organization"},"potentialAction":[{"@type":"SearchAction","target":{"@type":"EntryPoint","urlTemplate":"https:\/\/beebipood.ee\/ru\/?s={search_term_string}"},"query-input":{"@type":"PropertyValueSpecification","valueRequired":true,"valueName":"search_term_string"}}],"inLanguage":"ru-RU"},{"@type":"Organization","@id":"https:\/\/beebipood.ee\/ru\/#organization","name":"Beebipood","url":"https:\/\/beebipood.ee\/ru\/","logo":{"@type":"ImageObject","inLanguage":"ru-RU","@id":"https:\/\/beebipood.ee\/ru\/#\/schema\/logo\/image\/","url":"https:\/\/beebipood.ee\/wp-content\/uploads\/2025\/03\/beebipood.ee-logo-1.svg","contentUrl":"https:\/\/beebipood.ee\/wp-content\/uploads\/2025\/03\/beebipood.ee-logo-1.svg","caption":"Beebipood"},"image":{"@id":"https:\/\/beebipood.ee\/ru\/#\/schema\/logo\/image\/"}}]}},"brands":[{"id":11969,"name":"YappyKids","slug":"yappykids-ru"}],"_links":{"self":[{"href":"https:\/\/beebipood.ee\/ru\/wp-json\/wp\/v2\/product\/454250","targetHints":{"allow":["GET"]}}],"collection":[{"href":"https:\/\/beebipood.ee\/ru\/wp-json\/wp\/v2\/product"}],"about":[{"href":"https:\/\/beebipood.ee\/ru\/wp-json\/wp\/v2\/types\/product"}],"wp:featuredmedia":[{"embeddable":true,"href":"https:\/\/beebipood.ee\/ru\/wp-json\/wp\/v2\/media\/145198"}],"wp:attachment":[{"href":"https:\/\/beebipood.ee\/ru\/wp-json\/wp\/v2\/media?parent=454250"}],"wp:term":[{"taxonomy":"pwb-brand","embeddable":true,"href":"https:\/\/beebipood.ee\/ru\/wp-json\/wp\/v2\/pwb-brand?post=454250"},{"taxonomy":"product_brand","embeddable":true,"href":"https:\/\/beebipood.ee\/ru\/wp-json\/wp\/v2\/product_brand?post=454250"},{"taxonomy":"product_cat","embeddable":true,"href":"https:\/\/beebipood.ee\/ru\/wp-json\/wp\/v2\/product_cat?post=454250"},{"taxonomy":"product_tag","embeddable":true,"href":"https:\/\/beebipood.ee\/ru\/wp-json\/wp\/v2\/product_tag?post=454250"}],"curies":[{"name":"wp","href":"https:\/\/api.w.org\/{rel}","templated":true}]}}