{"id":454254,"date":"2013-09-02T13:38:18","date_gmt":"2013-09-02T10:38:18","guid":{"rendered":"https:\/\/beebipood.ee\/toode\/babydan-olaf-square-manguaedik-black\/"},"modified":"2025-04-01T01:00:30","modified_gmt":"2025-03-31T22:00:30","slug":"babydan-olaf-square-manguaedik-black","status":"publish","type":"product","link":"https:\/\/beebipood.ee\/ru\/produkt\/babydan-olaf-square-manguaedik-black\/","title":{"rendered":"BabyDan Olaf Square m\u00e4nguaedik, Black"},"content":{"rendered":"<p>BabyDan Olaf Square on lihtsasti kokkupandav m\u00e4nguaedik, <br \/>mida on v\u00f5imalik kasutada ka turvav\u00e4ravana. <br \/>Ekstra lai ukseosa v\u00f5imaldab vanematel h\u00f5lpsasti m\u00e4nguaedikusse p\u00e4\u00e4seda. <br \/>Niimoodi ei pea lapsevanem end upitama \u00fcle m\u00e4nguaediku \u00e4\u00e4re.<br \/><span style=\"text-decoration: underline;\">Omadused<\/span><br \/>Komplektis on ekstra lai v\u00e4ravaosa<br \/>Lihtsasti \u00fche k\u00e4ega avatav (t\u00e4iskasvanu poolt)<br \/>Turvav\u00e4rav avaneb m\u00f5lemale poole<br \/>Lihtne kokku panna ja lahti v\u00f5tta<br \/>Pehme ja m\u00f5nus m\u00e4ngumatt. V\u00f5imalik kasutada ka v\u00e4ljaspool m\u00e4nguaedikut<br \/>Kui m\u00e4nguaedikut ei l\u00e4he enam tarvis, on v\u00f5imalik see lihtsasti <br \/>muuta praktiliseks turvav\u00e4ravaks. <br \/>V\u00f5ib ka kasutada turvapiirdena laiade avauste v\u00f5i kuumusallikate puhul<br \/>Seinakinnitused on saadaval eraldi<br \/>M\u00e4nguaedik on testitud ja heaks kiidetud Euroopa turvastandardi EN12227:2010 j\u00e4rgi<br \/>M\u00e4ngumatt vastab \u00d6ko-Tex 100 standardile, mis garanteerib, <br \/>et toodete valmistamisel kasutatud tekstiil on turvaline. <br \/>Kasutatavad materjalid on testitud, nahas\u00f5bralikud ja ei sisalda ohtlikke kemikaale<br \/>BabyDan Square m\u00e4nguaedik v\u00f5itis iga-aastasel <br \/>Br\u00fcsseli Babyboom messil innovatsiooni auhinna kategoorias &#171;Turvalisus elutoas&#187;<br \/>Disainitud ja toodetud Taanis<br \/>Materjal: metallist v\u00e4ravaosa \/ plastikust k\u00e4epide<br \/><span style=\"text-decoration: underline;\">N\u00e4itajad<\/span><br \/>Sisem\u00f5\u00f5dud: 70 x 102cm<\/p>\n","protected":false},"excerpt":{"rendered":"<p>BabyDan Olaf Square on lihtsasti kokkupandav m\u00e4nguaedik, mida on v\u00f5imalik kasutada ka turvav\u00e4ravana. Ekstra lai ukseosa v\u00f5imaldab vanematel h\u00f5lpsasti m\u00e4nguaedikusse p\u00e4\u00e4seda. Niimoodi ei pea lapsevanem end upitama \u00fcle m\u00e4nguaediku \u00e4\u00e4re.OmadusedKomplektis on ekstra lai v\u00e4ravaosaLihtsasti \u00fche k\u00e4ega avatav (t\u00e4iskasvanu poolt)Turvav\u00e4rav avaneb m\u00f5lemale pooleLihtne kokku panna ja lahti v\u00f5ttaPehme ja m\u00f5nus m\u00e4ngumatt. V\u00f5imalik kasutada ka v\u00e4ljaspool m\u00e4nguaedikutKui [&hellip;]<\/p>\n","protected":false},"featured_media":99606,"template":"","meta":{"_acf_changed":false},"pwb-brand":[11971],"product_brand":[],"product_cat":[11703,11791,11667],"product_tag":[],"class_list":{"0":"post-454254","1":"product","2":"type-product","3":"status-publish","4":"has-post-thumbnail","6":"pwb-brand-babydan-ru","7":"product_cat-turvalisus-maneezid-turvavaravad-piirded-ru","8":"product_cat-turvavarustus-ru","9":"product_cat-maneezid-ru","10":"pa_manufacturer-babydan-ru","12":"first","13":"onbackorder","14":"taxable","15":"shipping-taxable","16":"purchasable","17":"product-type-simple"},"exclude_global_add_ons":[],"addons":[],"acf":[],"yoast_head":"<!-- This site is optimized with the Yoast SEO plugin v27.1.1 - https:\/\/yoast.com\/product\/yoast-seo-wordpress\/ -->\n<title>BabyDan Olaf Square m\u00e4nguaedik, Black, \u0421\u041a\u0418\u0414\u041a\u0418, M\u0430\u043d\u0435\u0436\u0438, \u0411\u0435\u0437\u043e\u043f\u0430\u0441\u043d\u043e\u0441\u0442\u044c, \u0432\u043e\u0440\u043e\u0442\u0430 \u0431\u0435\u0437\u043e\u043f\u0430\u0441\u043d\u043e\u0441\u0442\u0438,\u043c\u0430\u043d\u0435\u0436\u0438, \u0421\u043d\u0430\u0440\u044f\u0436\u0435\u043d\u0438\u044f \u0431\u0435\u0437\u043e\u043f\u0430\u0441\u043d\u043e\u0441\u0442\u0438, YappyKids -20%, Beebipood<\/title>\n<meta name=\"description\" content=\"BabyDan Olaf Square m\u00e4nguaedik, Black, BabyDan Olaf Square on lihtsasti kokkupandav m&auml;nguaedik, mida on v&otilde;imalik kasutada ka turvav&auml;r\" \/>\n<meta name=\"robots\" content=\"index, follow, max-snippet:-1, max-image-preview:large, max-video-preview:-1\" \/>\n<link rel=\"canonical\" href=\"https:\/\/beebipood.ee\/ru\/produkt\/babydan-olaf-square-manguaedik-black\/\" \/>\n<meta property=\"og:locale\" content=\"ru_RU\" \/>\n<meta property=\"og:type\" content=\"article\" \/>\n<meta property=\"og:title\" content=\"BabyDan Olaf Square m\u00e4nguaedik, Black, \u0421\u041a\u0418\u0414\u041a\u0418, M\u0430\u043d\u0435\u0436\u0438, \u0411\u0435\u0437\u043e\u043f\u0430\u0441\u043d\u043e\u0441\u0442\u044c, \u0432\u043e\u0440\u043e\u0442\u0430 \u0431\u0435\u0437\u043e\u043f\u0430\u0441\u043d\u043e\u0441\u0442\u0438,\u043c\u0430\u043d\u0435\u0436\u0438, \u0421\u043d\u0430\u0440\u044f\u0436\u0435\u043d\u0438\u044f \u0431\u0435\u0437\u043e\u043f\u0430\u0441\u043d\u043e\u0441\u0442\u0438, YappyKids -20%, Beebipood\" \/>\n<meta property=\"og:description\" content=\"BabyDan Olaf Square m\u00e4nguaedik, Black, BabyDan Olaf Square on lihtsasti kokkupandav m&auml;nguaedik, mida on v&otilde;imalik kasutada ka turvav&auml;r\" \/>\n<meta property=\"og:url\" content=\"https:\/\/beebipood.ee\/ru\/produkt\/babydan-olaf-square-manguaedik-black\/\" \/>\n<meta property=\"og:site_name\" content=\"Beebipood\" \/>\n<meta property=\"article:modified_time\" content=\"2025-03-31T22:00:30+00:00\" \/>\n<meta property=\"og:image\" content=\"https:\/\/beebipood.ee\/wp-content\/uploads\/2013\/09\/BabyDan-Olaf-Square-manguaedik-Black-SOODUSPAKKUMISED-Maneeid-Turvalisus-maneeid-turvavaravad-piirded-Turvavarustus-YappyKids-20_2-ef9.jpg\" \/>\n\t<meta property=\"og:image:width\" content=\"800\" \/>\n\t<meta property=\"og:image:height\" content=\"1200\" \/>\n\t<meta property=\"og:image:type\" content=\"image\/jpeg\" \/>\n<meta name=\"twitter:card\" content=\"summary_large_image\" \/>\n<meta name=\"twitter:label1\" content=\"\u041f\u0440\u0438\u043c\u0435\u0440\u043d\u043e\u0435 \u0432\u0440\u0435\u043c\u044f \u0434\u043b\u044f \u0447\u0442\u0435\u043d\u0438\u044f\" \/>\n\t<meta name=\"twitter:data1\" content=\"1 \u043c\u0438\u043d\u0443\u0442\u0430\" \/>\n<script type=\"application\/ld+json\" class=\"yoast-schema-graph\">{\"@context\":\"https:\/\/schema.org\",\"@graph\":[{\"@type\":\"WebPage\",\"@id\":\"https:\/\/beebipood.ee\/ru\/produkt\/babydan-olaf-square-manguaedik-black\/\",\"url\":\"https:\/\/beebipood.ee\/ru\/produkt\/babydan-olaf-square-manguaedik-black\/\",\"name\":\"BabyDan Olaf Square m\u00e4nguaedik, Black, \u0421\u041a\u0418\u0414\u041a\u0418, M\u0430\u043d\u0435\u0436\u0438, \u0411\u0435\u0437\u043e\u043f\u0430\u0441\u043d\u043e\u0441\u0442\u044c, \u0432\u043e\u0440\u043e\u0442\u0430 \u0431\u0435\u0437\u043e\u043f\u0430\u0441\u043d\u043e\u0441\u0442\u0438,\u043c\u0430\u043d\u0435\u0436\u0438, \u0421\u043d\u0430\u0440\u044f\u0436\u0435\u043d\u0438\u044f \u0431\u0435\u0437\u043e\u043f\u0430\u0441\u043d\u043e\u0441\u0442\u0438, YappyKids -20%, Beebipood\",\"isPartOf\":{\"@id\":\"https:\/\/beebipood.ee\/ru\/#website\"},\"primaryImageOfPage\":{\"@id\":\"https:\/\/beebipood.ee\/ru\/produkt\/babydan-olaf-square-manguaedik-black\/#primaryimage\"},\"image\":{\"@id\":\"https:\/\/beebipood.ee\/ru\/produkt\/babydan-olaf-square-manguaedik-black\/#primaryimage\"},\"thumbnailUrl\":\"https:\/\/beebipood.ee\/wp-content\/uploads\/2013\/09\/BabyDan-Olaf-Square-manguaedik-Black-SOODUSPAKKUMISED-Maneeid-Turvalisus-maneeid-turvavaravad-piirded-Turvavarustus-YappyKids-20_2-ef9.jpg\",\"datePublished\":\"2013-09-02T10:38:18+00:00\",\"dateModified\":\"2025-03-31T22:00:30+00:00\",\"description\":\"BabyDan Olaf Square m\u00e4nguaedik, Black, BabyDan Olaf Square on lihtsasti kokkupandav m&auml;nguaedik, mida on v&otilde;imalik kasutada ka turvav&auml;r\",\"breadcrumb\":{\"@id\":\"https:\/\/beebipood.ee\/ru\/produkt\/babydan-olaf-square-manguaedik-black\/#breadcrumb\"},\"inLanguage\":\"ru-RU\",\"potentialAction\":[{\"@type\":\"ReadAction\",\"target\":[\"https:\/\/beebipood.ee\/ru\/produkt\/babydan-olaf-square-manguaedik-black\/\"]}]},{\"@type\":\"ImageObject\",\"inLanguage\":\"ru-RU\",\"@id\":\"https:\/\/beebipood.ee\/ru\/produkt\/babydan-olaf-square-manguaedik-black\/#primaryimage\",\"url\":\"https:\/\/beebipood.ee\/wp-content\/uploads\/2013\/09\/BabyDan-Olaf-Square-manguaedik-Black-SOODUSPAKKUMISED-Maneeid-Turvalisus-maneeid-turvavaravad-piirded-Turvavarustus-YappyKids-20_2-ef9.jpg\",\"contentUrl\":\"https:\/\/beebipood.ee\/wp-content\/uploads\/2013\/09\/BabyDan-Olaf-Square-manguaedik-Black-SOODUSPAKKUMISED-Maneeid-Turvalisus-maneeid-turvavaravad-piirded-Turvavarustus-YappyKids-20_2-ef9.jpg\",\"width\":800,\"height\":1200},{\"@type\":\"BreadcrumbList\",\"@id\":\"https:\/\/beebipood.ee\/ru\/produkt\/babydan-olaf-square-manguaedik-black\/#breadcrumb\",\"itemListElement\":[{\"@type\":\"ListItem\",\"position\":1,\"name\":\"Home\",\"item\":\"https:\/\/beebipood.ee\/ru\/\"},{\"@type\":\"ListItem\",\"position\":2,\"name\":\"\u041a\u0430\u0442\u0430\u043b\u043e\u0433 \u0442\u043e\u0432\u0430\u0440\u043e\u0432\",\"item\":\"https:\/\/beebipood.ee\/tooted\/\"},{\"@type\":\"ListItem\",\"position\":3,\"name\":\"BabyDan Olaf Square m\u00e4nguaedik, Black\"}]},{\"@type\":\"WebSite\",\"@id\":\"https:\/\/beebipood.ee\/ru\/#website\",\"url\":\"https:\/\/beebipood.ee\/ru\/\",\"name\":\"Beebipood\",\"description\":\"Lastekaubad, beebikaubad, m\u00e4nguasjad\",\"publisher\":{\"@id\":\"https:\/\/beebipood.ee\/ru\/#organization\"},\"potentialAction\":[{\"@type\":\"SearchAction\",\"target\":{\"@type\":\"EntryPoint\",\"urlTemplate\":\"https:\/\/beebipood.ee\/ru\/?s={search_term_string}\"},\"query-input\":{\"@type\":\"PropertyValueSpecification\",\"valueRequired\":true,\"valueName\":\"search_term_string\"}}],\"inLanguage\":\"ru-RU\"},{\"@type\":\"Organization\",\"@id\":\"https:\/\/beebipood.ee\/ru\/#organization\",\"name\":\"Beebipood\",\"url\":\"https:\/\/beebipood.ee\/ru\/\",\"logo\":{\"@type\":\"ImageObject\",\"inLanguage\":\"ru-RU\",\"@id\":\"https:\/\/beebipood.ee\/ru\/#\/schema\/logo\/image\/\",\"url\":\"https:\/\/beebipood.ee\/wp-content\/uploads\/2025\/03\/beebipood.ee-logo-1.svg\",\"contentUrl\":\"https:\/\/beebipood.ee\/wp-content\/uploads\/2025\/03\/beebipood.ee-logo-1.svg\",\"caption\":\"Beebipood\"},\"image\":{\"@id\":\"https:\/\/beebipood.ee\/ru\/#\/schema\/logo\/image\/\"}}]}<\/script>\n<!-- \/ Yoast SEO plugin. -->","yoast_head_json":{"title":"BabyDan Olaf Square m\u00e4nguaedik, Black, \u0421\u041a\u0418\u0414\u041a\u0418, M\u0430\u043d\u0435\u0436\u0438, \u0411\u0435\u0437\u043e\u043f\u0430\u0441\u043d\u043e\u0441\u0442\u044c, \u0432\u043e\u0440\u043e\u0442\u0430 \u0431\u0435\u0437\u043e\u043f\u0430\u0441\u043d\u043e\u0441\u0442\u0438,\u043c\u0430\u043d\u0435\u0436\u0438, \u0421\u043d\u0430\u0440\u044f\u0436\u0435\u043d\u0438\u044f \u0431\u0435\u0437\u043e\u043f\u0430\u0441\u043d\u043e\u0441\u0442\u0438, YappyKids -20%, Beebipood","description":"BabyDan Olaf Square m\u00e4nguaedik, Black, BabyDan Olaf Square on lihtsasti kokkupandav m&auml;nguaedik, mida on v&otilde;imalik kasutada ka turvav&auml;r","robots":{"index":"index","follow":"follow","max-snippet":"max-snippet:-1","max-image-preview":"max-image-preview:large","max-video-preview":"max-video-preview:-1"},"canonical":"https:\/\/beebipood.ee\/ru\/produkt\/babydan-olaf-square-manguaedik-black\/","og_locale":"ru_RU","og_type":"article","og_title":"BabyDan Olaf Square m\u00e4nguaedik, Black, \u0421\u041a\u0418\u0414\u041a\u0418, M\u0430\u043d\u0435\u0436\u0438, \u0411\u0435\u0437\u043e\u043f\u0430\u0441\u043d\u043e\u0441\u0442\u044c, \u0432\u043e\u0440\u043e\u0442\u0430 \u0431\u0435\u0437\u043e\u043f\u0430\u0441\u043d\u043e\u0441\u0442\u0438,\u043c\u0430\u043d\u0435\u0436\u0438, \u0421\u043d\u0430\u0440\u044f\u0436\u0435\u043d\u0438\u044f \u0431\u0435\u0437\u043e\u043f\u0430\u0441\u043d\u043e\u0441\u0442\u0438, YappyKids -20%, Beebipood","og_description":"BabyDan Olaf Square m\u00e4nguaedik, Black, BabyDan Olaf Square on lihtsasti kokkupandav m&auml;nguaedik, mida on v&otilde;imalik kasutada ka turvav&auml;r","og_url":"https:\/\/beebipood.ee\/ru\/produkt\/babydan-olaf-square-manguaedik-black\/","og_site_name":"Beebipood","article_modified_time":"2025-03-31T22:00:30+00:00","og_image":[{"width":800,"height":1200,"url":"https:\/\/beebipood.ee\/wp-content\/uploads\/2013\/09\/BabyDan-Olaf-Square-manguaedik-Black-SOODUSPAKKUMISED-Maneeid-Turvalisus-maneeid-turvavaravad-piirded-Turvavarustus-YappyKids-20_2-ef9.jpg","type":"image\/jpeg"}],"twitter_card":"summary_large_image","twitter_misc":{"\u041f\u0440\u0438\u043c\u0435\u0440\u043d\u043e\u0435 \u0432\u0440\u0435\u043c\u044f \u0434\u043b\u044f \u0447\u0442\u0435\u043d\u0438\u044f":"1 \u043c\u0438\u043d\u0443\u0442\u0430"},"schema":{"@context":"https:\/\/schema.org","@graph":[{"@type":"WebPage","@id":"https:\/\/beebipood.ee\/ru\/produkt\/babydan-olaf-square-manguaedik-black\/","url":"https:\/\/beebipood.ee\/ru\/produkt\/babydan-olaf-square-manguaedik-black\/","name":"BabyDan Olaf Square m\u00e4nguaedik, Black, \u0421\u041a\u0418\u0414\u041a\u0418, M\u0430\u043d\u0435\u0436\u0438, \u0411\u0435\u0437\u043e\u043f\u0430\u0441\u043d\u043e\u0441\u0442\u044c, \u0432\u043e\u0440\u043e\u0442\u0430 \u0431\u0435\u0437\u043e\u043f\u0430\u0441\u043d\u043e\u0441\u0442\u0438,\u043c\u0430\u043d\u0435\u0436\u0438, \u0421\u043d\u0430\u0440\u044f\u0436\u0435\u043d\u0438\u044f \u0431\u0435\u0437\u043e\u043f\u0430\u0441\u043d\u043e\u0441\u0442\u0438, YappyKids -20%, Beebipood","isPartOf":{"@id":"https:\/\/beebipood.ee\/ru\/#website"},"primaryImageOfPage":{"@id":"https:\/\/beebipood.ee\/ru\/produkt\/babydan-olaf-square-manguaedik-black\/#primaryimage"},"image":{"@id":"https:\/\/beebipood.ee\/ru\/produkt\/babydan-olaf-square-manguaedik-black\/#primaryimage"},"thumbnailUrl":"https:\/\/beebipood.ee\/wp-content\/uploads\/2013\/09\/BabyDan-Olaf-Square-manguaedik-Black-SOODUSPAKKUMISED-Maneeid-Turvalisus-maneeid-turvavaravad-piirded-Turvavarustus-YappyKids-20_2-ef9.jpg","datePublished":"2013-09-02T10:38:18+00:00","dateModified":"2025-03-31T22:00:30+00:00","description":"BabyDan Olaf Square m\u00e4nguaedik, Black, BabyDan Olaf Square on lihtsasti kokkupandav m&auml;nguaedik, mida on v&otilde;imalik kasutada ka turvav&auml;r","breadcrumb":{"@id":"https:\/\/beebipood.ee\/ru\/produkt\/babydan-olaf-square-manguaedik-black\/#breadcrumb"},"inLanguage":"ru-RU","potentialAction":[{"@type":"ReadAction","target":["https:\/\/beebipood.ee\/ru\/produkt\/babydan-olaf-square-manguaedik-black\/"]}]},{"@type":"ImageObject","inLanguage":"ru-RU","@id":"https:\/\/beebipood.ee\/ru\/produkt\/babydan-olaf-square-manguaedik-black\/#primaryimage","url":"https:\/\/beebipood.ee\/wp-content\/uploads\/2013\/09\/BabyDan-Olaf-Square-manguaedik-Black-SOODUSPAKKUMISED-Maneeid-Turvalisus-maneeid-turvavaravad-piirded-Turvavarustus-YappyKids-20_2-ef9.jpg","contentUrl":"https:\/\/beebipood.ee\/wp-content\/uploads\/2013\/09\/BabyDan-Olaf-Square-manguaedik-Black-SOODUSPAKKUMISED-Maneeid-Turvalisus-maneeid-turvavaravad-piirded-Turvavarustus-YappyKids-20_2-ef9.jpg","width":800,"height":1200},{"@type":"BreadcrumbList","@id":"https:\/\/beebipood.ee\/ru\/produkt\/babydan-olaf-square-manguaedik-black\/#breadcrumb","itemListElement":[{"@type":"ListItem","position":1,"name":"Home","item":"https:\/\/beebipood.ee\/ru\/"},{"@type":"ListItem","position":2,"name":"\u041a\u0430\u0442\u0430\u043b\u043e\u0433 \u0442\u043e\u0432\u0430\u0440\u043e\u0432","item":"https:\/\/beebipood.ee\/tooted\/"},{"@type":"ListItem","position":3,"name":"BabyDan Olaf Square m\u00e4nguaedik, Black"}]},{"@type":"WebSite","@id":"https:\/\/beebipood.ee\/ru\/#website","url":"https:\/\/beebipood.ee\/ru\/","name":"Beebipood","description":"Lastekaubad, beebikaubad, m\u00e4nguasjad","publisher":{"@id":"https:\/\/beebipood.ee\/ru\/#organization"},"potentialAction":[{"@type":"SearchAction","target":{"@type":"EntryPoint","urlTemplate":"https:\/\/beebipood.ee\/ru\/?s={search_term_string}"},"query-input":{"@type":"PropertyValueSpecification","valueRequired":true,"valueName":"search_term_string"}}],"inLanguage":"ru-RU"},{"@type":"Organization","@id":"https:\/\/beebipood.ee\/ru\/#organization","name":"Beebipood","url":"https:\/\/beebipood.ee\/ru\/","logo":{"@type":"ImageObject","inLanguage":"ru-RU","@id":"https:\/\/beebipood.ee\/ru\/#\/schema\/logo\/image\/","url":"https:\/\/beebipood.ee\/wp-content\/uploads\/2025\/03\/beebipood.ee-logo-1.svg","contentUrl":"https:\/\/beebipood.ee\/wp-content\/uploads\/2025\/03\/beebipood.ee-logo-1.svg","caption":"Beebipood"},"image":{"@id":"https:\/\/beebipood.ee\/ru\/#\/schema\/logo\/image\/"}}]}},"brands":[{"id":11971,"name":"BabyDan","slug":"babydan-ru"}],"_links":{"self":[{"href":"https:\/\/beebipood.ee\/ru\/wp-json\/wp\/v2\/product\/454254","targetHints":{"allow":["GET"]}}],"collection":[{"href":"https:\/\/beebipood.ee\/ru\/wp-json\/wp\/v2\/product"}],"about":[{"href":"https:\/\/beebipood.ee\/ru\/wp-json\/wp\/v2\/types\/product"}],"wp:featuredmedia":[{"embeddable":true,"href":"https:\/\/beebipood.ee\/ru\/wp-json\/wp\/v2\/media\/99606"}],"wp:attachment":[{"href":"https:\/\/beebipood.ee\/ru\/wp-json\/wp\/v2\/media?parent=454254"}],"wp:term":[{"taxonomy":"pwb-brand","embeddable":true,"href":"https:\/\/beebipood.ee\/ru\/wp-json\/wp\/v2\/pwb-brand?post=454254"},{"taxonomy":"product_brand","embeddable":true,"href":"https:\/\/beebipood.ee\/ru\/wp-json\/wp\/v2\/product_brand?post=454254"},{"taxonomy":"product_cat","embeddable":true,"href":"https:\/\/beebipood.ee\/ru\/wp-json\/wp\/v2\/product_cat?post=454254"},{"taxonomy":"product_tag","embeddable":true,"href":"https:\/\/beebipood.ee\/ru\/wp-json\/wp\/v2\/product_tag?post=454254"}],"curies":[{"name":"wp","href":"https:\/\/api.w.org\/{rel}","templated":true}]}}