{"id":454270,"date":"2013-09-02T13:39:16","date_gmt":"2013-09-02T10:39:16","guid":{"rendered":"https:\/\/beebipood.ee\/toode\/vaikese-printsessi-koogitorn-laud-ja-tool-trolley-2in1-kahevarviline\/"},"modified":"2025-03-04T11:30:29","modified_gmt":"2025-03-04T09:30:29","slug":"vaikese-printsessi-koogitorn-laud-ja-tool-trolley-2in1-kahevarviline","status":"publish","type":"product","link":"https:\/\/beebipood.ee\/ru\/produkt\/vaikese-printsessi-koogitorn-laud-ja-tool-trolley-2in1-kahevarviline\/","title":{"rendered":"V\u00e4ikese Printsessi k\u00f6\u00f6gitorn\/laud ja tool Trolley 2in1, kahev\u00e4rviline"},"content":{"rendered":"<p><span>V\u00e4ikelapse k\u00f6\u00f6gitorn, torntool v\u00f5i abitool on t\u00e4iuslik abiline<\/span><br \/><span>ning mida saab h\u00f5lpsasti muuta ka lauaks ja tooliks.<\/span><br \/><span>See \u00e4ge tool on loodud lastele toiduvalmistamiseks, \u00f5ppimiseks, ronimiseks,<\/span><br \/><span>s\u00f6\u00f6gilaua k\u00f5rval istumiseks\/s\u00f6\u00f6miseks v\u00f5i lihtsalt m\u00e4ngimiseks.<\/span><br \/><span>K\u00f5ige p\u00f5nevam on see, et k\u00f6\u00f6gitorn n\u00e4eb v\u00e4lja nagu m\u00e4nguasi<\/span><br \/><span>ning see v\u00f5ib teie lapsega s\u00f5braks saada.<\/span><br \/><span>Kuidas torntool aitab \u00f5ppimist?<\/span><br \/><span>Muutke torntool lauaks ja tooliks ning istuge oma lapse juurde ja lugege, v\u00e4rvige v\u00f5i kleepige koos.<\/span><br \/><span>Kuidas k\u00f6\u00f6gitorn aitab s\u00fc\u00fca teha?<\/span><br \/><span>Muutke laud ja tool tagasi k\u00f6\u00f6gitorniks<\/span><br \/><span>ja laske lapsel aidata teil \u00f5htus\u00f6\u00f6ki valmistada,<\/span><br \/><span>sest koos s\u00f6\u00f6gitegemine on lapse jaoks alati huvitav.<\/span><br \/><span>K\u00f6\u00f6gitornist\/torntoolist ei saa mitte ainult teie lapse s\u00f5ber, vaid see on pereliige,<\/span><br \/><span>kes on alati valmis aitama v\u00e4ikestel j\u00f5uda k\u00e4ttesaamatutesse kohtadesse<\/span><br \/><span>ja saavutada uusi eesm\u00e4rke.<\/span><\/p>\n<p><span>M\u00d5\u00d5DUD:<\/span><br \/><span>K\u00f5rgus: 90 cm<\/span><br \/><span>Laius: 38 cm<\/span><br \/><span>S\u00fcgavus: 40 cm<\/span><br \/><span>Esimene aste (p\u00f5randast): 24 cm<\/span><br \/><span>Teine aste (p\u00f5randast): 45 cm<\/span><\/p>\n","protected":false},"excerpt":{"rendered":"<p>V\u00e4ikelapse k\u00f6\u00f6gitorn, torntool v\u00f5i abitool on t\u00e4iuslik abilinening mida saab h\u00f5lpsasti muuta ka lauaks ja tooliks.See \u00e4ge tool on loodud lastele toiduvalmistamiseks, \u00f5ppimiseks, ronimiseks,s\u00f6\u00f6gilaua k\u00f5rval istumiseks\/s\u00f6\u00f6miseks v\u00f5i lihtsalt m\u00e4ngimiseks.K\u00f5ige p\u00f5nevam on see, et k\u00f6\u00f6gitorn n\u00e4eb v\u00e4lja nagu m\u00e4nguasining see v\u00f5ib teie lapsega s\u00f5braks saada.Kuidas torntool aitab \u00f5ppimist?Muutke torntool lauaks ja tooliks ning istuge oma lapse [&hellip;]<\/p>\n","protected":false},"featured_media":99684,"template":"","meta":{"_acf_changed":false},"pwb-brand":[],"product_brand":[],"product_cat":[11651,11647,11789],"product_tag":[],"class_list":{"0":"post-454270","1":"product","2":"type-product","3":"status-publish","4":"has-post-thumbnail","6":"product_cat-lastetoolid-ru","7":"product_cat-lastelauad-toolid-arvuti-ja-kirjutuslauad-ru","8":"product_cat-lastemoobel-ja-sisustus-ru","10":"first","11":"onbackorder","12":"sale","13":"taxable","14":"shipping-taxable","15":"purchasable","16":"product-type-simple"},"exclude_global_add_ons":false,"addons":[{"name":"Vali v\u00e4rv","type":"multiple_choice","position":0,"required":true,"title_format":"heading","default":"","description_enable":false,"description":"","placeholder_enable":false,"placeholder":"","display":"images","restrictions_type":"any_text","adjust_price":false,"price":"","price_type":"flat_fee","restrictions":false,"min":"0","max":"0","options":[{"label":"Baby pink\/Natural-","price":"","price_type":"quantity_based","image":500953,"visibility":true},{"label":"Black\/Natural","price":"","price_type":"quantity_based","image":500955,"visibility":true},{"label":"White\/Natural","price":"","price_type":"quantity_based","image":500957,"visibility":true},{"label":"Gray\/Natural","price":"","price_type":"quantity_based","image":500959,"visibility":true},{"label":"Bumblebee\/Natural","price":"","price_type":"quantity_based","image":500961,"visibility":true}]}],"acf":[],"yoast_head":"<!-- This site is optimized with the Yoast SEO plugin v27.1.1 - https:\/\/yoast.com\/product\/yoast-seo-wordpress\/ -->\n<title>V\u00e4ikese Printsessi k\u00f6\u00f6gitorn\/laud ja tool Trolley 2in1, kahev\u00e4rviline, \u041d\u041e\u0412\u042b\u0415 \u0422\u041e\u0412\u0410\u0420\u042b, \u0414\u0435\u0442\u0441\u043a\u0438\u0435 \u0441\u0442\u043e\u043b\u044b, \u0441\u0442\u0443\u043b\u044c\u044f, \u043f\u0438\u0441\u044c\u043c\u0435\u043d\u043d\u044b\u0435 \u0441\u0442\u043e\u043b\u044b, \u0414\u0435\u0442\u0441\u043a\u0438\u0435 \u0441\u0442\u0443\u043b\u044c\u044f, M\u0435\u0431\u0435\u043b\u044c, Beebipood<\/title>\n<meta name=\"description\" content=\"V\u00e4ikese Printsessi k\u00f6\u00f6gitorn\/laud ja tool Trolley 2in1, kahev\u00e4rviline, V&auml;ikelapse k&ouml;&ouml;gitorn, torntool v&otilde;i abitool on t&auml;i\" \/>\n<meta name=\"robots\" content=\"index, follow, max-snippet:-1, max-image-preview:large, max-video-preview:-1\" \/>\n<link rel=\"canonical\" href=\"https:\/\/beebipood.ee\/ru\/produkt\/vaikese-printsessi-koogitorn-laud-ja-tool-trolley-2in1-kahevarviline\/\" \/>\n<meta property=\"og:locale\" content=\"ru_RU\" \/>\n<meta property=\"og:type\" content=\"article\" \/>\n<meta property=\"og:title\" content=\"V\u00e4ikese Printsessi k\u00f6\u00f6gitorn\/laud ja tool Trolley 2in1, kahev\u00e4rviline, \u041d\u041e\u0412\u042b\u0415 \u0422\u041e\u0412\u0410\u0420\u042b, \u0414\u0435\u0442\u0441\u043a\u0438\u0435 \u0441\u0442\u043e\u043b\u044b, \u0441\u0442\u0443\u043b\u044c\u044f, \u043f\u0438\u0441\u044c\u043c\u0435\u043d\u043d\u044b\u0435 \u0441\u0442\u043e\u043b\u044b, \u0414\u0435\u0442\u0441\u043a\u0438\u0435 \u0441\u0442\u0443\u043b\u044c\u044f, M\u0435\u0431\u0435\u043b\u044c, Beebipood\" \/>\n<meta property=\"og:description\" content=\"V\u00e4ikese Printsessi k\u00f6\u00f6gitorn\/laud ja tool Trolley 2in1, kahev\u00e4rviline, V&auml;ikelapse k&ouml;&ouml;gitorn, torntool v&otilde;i abitool on t&auml;i\" \/>\n<meta property=\"og:url\" content=\"https:\/\/beebipood.ee\/ru\/produkt\/vaikese-printsessi-koogitorn-laud-ja-tool-trolley-2in1-kahevarviline\/\" \/>\n<meta property=\"og:site_name\" content=\"Beebipood\" \/>\n<meta property=\"article:modified_time\" content=\"2025-03-04T09:30:29+00:00\" \/>\n<meta property=\"og:image\" content=\"https:\/\/beebipood.ee\/wp-content\/uploads\/2013\/09\/Vaikese-Printsessi-koogitornlaud-ja-tool-Trolley-2in1-kahevarviline-Lastelauad-toolid-Arvutija-kirjutuslauad-Tootoolid_1-517-scaled.jpg\" \/>\n\t<meta property=\"og:image:width\" content=\"2560\" \/>\n\t<meta property=\"og:image:height\" content=\"1703\" \/>\n\t<meta property=\"og:image:type\" content=\"image\/jpeg\" \/>\n<meta name=\"twitter:card\" content=\"summary_large_image\" \/>\n<meta name=\"twitter:label1\" content=\"\u041f\u0440\u0438\u043c\u0435\u0440\u043d\u043e\u0435 \u0432\u0440\u0435\u043c\u044f \u0434\u043b\u044f \u0447\u0442\u0435\u043d\u0438\u044f\" \/>\n\t<meta name=\"twitter:data1\" content=\"1 \u043c\u0438\u043d\u0443\u0442\u0430\" \/>\n<script type=\"application\/ld+json\" class=\"yoast-schema-graph\">{\"@context\":\"https:\/\/schema.org\",\"@graph\":[{\"@type\":\"WebPage\",\"@id\":\"https:\/\/beebipood.ee\/ru\/produkt\/vaikese-printsessi-koogitorn-laud-ja-tool-trolley-2in1-kahevarviline\/\",\"url\":\"https:\/\/beebipood.ee\/ru\/produkt\/vaikese-printsessi-koogitorn-laud-ja-tool-trolley-2in1-kahevarviline\/\",\"name\":\"V\u00e4ikese Printsessi k\u00f6\u00f6gitorn\/laud ja tool Trolley 2in1, kahev\u00e4rviline, \u041d\u041e\u0412\u042b\u0415 \u0422\u041e\u0412\u0410\u0420\u042b, \u0414\u0435\u0442\u0441\u043a\u0438\u0435 \u0441\u0442\u043e\u043b\u044b, \u0441\u0442\u0443\u043b\u044c\u044f, \u043f\u0438\u0441\u044c\u043c\u0435\u043d\u043d\u044b\u0435 \u0441\u0442\u043e\u043b\u044b, \u0414\u0435\u0442\u0441\u043a\u0438\u0435 \u0441\u0442\u0443\u043b\u044c\u044f, M\u0435\u0431\u0435\u043b\u044c, Beebipood\",\"isPartOf\":{\"@id\":\"https:\/\/beebipood.ee\/ru\/#website\"},\"primaryImageOfPage\":{\"@id\":\"https:\/\/beebipood.ee\/ru\/produkt\/vaikese-printsessi-koogitorn-laud-ja-tool-trolley-2in1-kahevarviline\/#primaryimage\"},\"image\":{\"@id\":\"https:\/\/beebipood.ee\/ru\/produkt\/vaikese-printsessi-koogitorn-laud-ja-tool-trolley-2in1-kahevarviline\/#primaryimage\"},\"thumbnailUrl\":\"https:\/\/beebipood.ee\/wp-content\/uploads\/2013\/09\/Vaikese-Printsessi-koogitornlaud-ja-tool-Trolley-2in1-kahevarviline-Lastelauad-toolid-Arvutija-kirjutuslauad-Tootoolid_1-517-scaled.jpg\",\"datePublished\":\"2013-09-02T10:39:16+00:00\",\"dateModified\":\"2025-03-04T09:30:29+00:00\",\"description\":\"V\u00e4ikese Printsessi k\u00f6\u00f6gitorn\/laud ja tool Trolley 2in1, kahev\u00e4rviline, V&auml;ikelapse k&ouml;&ouml;gitorn, torntool v&otilde;i abitool on t&auml;i\",\"breadcrumb\":{\"@id\":\"https:\/\/beebipood.ee\/ru\/produkt\/vaikese-printsessi-koogitorn-laud-ja-tool-trolley-2in1-kahevarviline\/#breadcrumb\"},\"inLanguage\":\"ru-RU\",\"potentialAction\":[{\"@type\":\"ReadAction\",\"target\":[\"https:\/\/beebipood.ee\/ru\/produkt\/vaikese-printsessi-koogitorn-laud-ja-tool-trolley-2in1-kahevarviline\/\"]}]},{\"@type\":\"ImageObject\",\"inLanguage\":\"ru-RU\",\"@id\":\"https:\/\/beebipood.ee\/ru\/produkt\/vaikese-printsessi-koogitorn-laud-ja-tool-trolley-2in1-kahevarviline\/#primaryimage\",\"url\":\"https:\/\/beebipood.ee\/wp-content\/uploads\/2013\/09\/Vaikese-Printsessi-koogitornlaud-ja-tool-Trolley-2in1-kahevarviline-Lastelauad-toolid-Arvutija-kirjutuslauad-Tootoolid_1-517-scaled.jpg\",\"contentUrl\":\"https:\/\/beebipood.ee\/wp-content\/uploads\/2013\/09\/Vaikese-Printsessi-koogitornlaud-ja-tool-Trolley-2in1-kahevarviline-Lastelauad-toolid-Arvutija-kirjutuslauad-Tootoolid_1-517-scaled.jpg\",\"width\":2560,\"height\":1703},{\"@type\":\"BreadcrumbList\",\"@id\":\"https:\/\/beebipood.ee\/ru\/produkt\/vaikese-printsessi-koogitorn-laud-ja-tool-trolley-2in1-kahevarviline\/#breadcrumb\",\"itemListElement\":[{\"@type\":\"ListItem\",\"position\":1,\"name\":\"Home\",\"item\":\"https:\/\/beebipood.ee\/ru\/\"},{\"@type\":\"ListItem\",\"position\":2,\"name\":\"\u041a\u0430\u0442\u0430\u043b\u043e\u0433 \u0442\u043e\u0432\u0430\u0440\u043e\u0432\",\"item\":\"https:\/\/beebipood.ee\/tooted\/\"},{\"@type\":\"ListItem\",\"position\":3,\"name\":\"V\u00e4ikese Printsessi k\u00f6\u00f6gitorn\/laud ja tool Trolley 2in1, kahev\u00e4rviline\"}]},{\"@type\":\"WebSite\",\"@id\":\"https:\/\/beebipood.ee\/ru\/#website\",\"url\":\"https:\/\/beebipood.ee\/ru\/\",\"name\":\"Beebipood\",\"description\":\"Lastekaubad, beebikaubad, m\u00e4nguasjad\",\"publisher\":{\"@id\":\"https:\/\/beebipood.ee\/ru\/#organization\"},\"potentialAction\":[{\"@type\":\"SearchAction\",\"target\":{\"@type\":\"EntryPoint\",\"urlTemplate\":\"https:\/\/beebipood.ee\/ru\/?s={search_term_string}\"},\"query-input\":{\"@type\":\"PropertyValueSpecification\",\"valueRequired\":true,\"valueName\":\"search_term_string\"}}],\"inLanguage\":\"ru-RU\"},{\"@type\":\"Organization\",\"@id\":\"https:\/\/beebipood.ee\/ru\/#organization\",\"name\":\"Beebipood\",\"url\":\"https:\/\/beebipood.ee\/ru\/\",\"logo\":{\"@type\":\"ImageObject\",\"inLanguage\":\"ru-RU\",\"@id\":\"https:\/\/beebipood.ee\/ru\/#\/schema\/logo\/image\/\",\"url\":\"https:\/\/beebipood.ee\/wp-content\/uploads\/2025\/03\/beebipood.ee-logo-1.svg\",\"contentUrl\":\"https:\/\/beebipood.ee\/wp-content\/uploads\/2025\/03\/beebipood.ee-logo-1.svg\",\"caption\":\"Beebipood\"},\"image\":{\"@id\":\"https:\/\/beebipood.ee\/ru\/#\/schema\/logo\/image\/\"}}]}<\/script>\n<!-- \/ Yoast SEO plugin. -->","yoast_head_json":{"title":"V\u00e4ikese Printsessi k\u00f6\u00f6gitorn\/laud ja tool Trolley 2in1, kahev\u00e4rviline, \u041d\u041e\u0412\u042b\u0415 \u0422\u041e\u0412\u0410\u0420\u042b, \u0414\u0435\u0442\u0441\u043a\u0438\u0435 \u0441\u0442\u043e\u043b\u044b, \u0441\u0442\u0443\u043b\u044c\u044f, \u043f\u0438\u0441\u044c\u043c\u0435\u043d\u043d\u044b\u0435 \u0441\u0442\u043e\u043b\u044b, \u0414\u0435\u0442\u0441\u043a\u0438\u0435 \u0441\u0442\u0443\u043b\u044c\u044f, M\u0435\u0431\u0435\u043b\u044c, Beebipood","description":"V\u00e4ikese Printsessi k\u00f6\u00f6gitorn\/laud ja tool Trolley 2in1, kahev\u00e4rviline, V&auml;ikelapse k&ouml;&ouml;gitorn, torntool v&otilde;i abitool on t&auml;i","robots":{"index":"index","follow":"follow","max-snippet":"max-snippet:-1","max-image-preview":"max-image-preview:large","max-video-preview":"max-video-preview:-1"},"canonical":"https:\/\/beebipood.ee\/ru\/produkt\/vaikese-printsessi-koogitorn-laud-ja-tool-trolley-2in1-kahevarviline\/","og_locale":"ru_RU","og_type":"article","og_title":"V\u00e4ikese Printsessi k\u00f6\u00f6gitorn\/laud ja tool Trolley 2in1, kahev\u00e4rviline, \u041d\u041e\u0412\u042b\u0415 \u0422\u041e\u0412\u0410\u0420\u042b, \u0414\u0435\u0442\u0441\u043a\u0438\u0435 \u0441\u0442\u043e\u043b\u044b, \u0441\u0442\u0443\u043b\u044c\u044f, \u043f\u0438\u0441\u044c\u043c\u0435\u043d\u043d\u044b\u0435 \u0441\u0442\u043e\u043b\u044b, \u0414\u0435\u0442\u0441\u043a\u0438\u0435 \u0441\u0442\u0443\u043b\u044c\u044f, M\u0435\u0431\u0435\u043b\u044c, Beebipood","og_description":"V\u00e4ikese Printsessi k\u00f6\u00f6gitorn\/laud ja tool Trolley 2in1, kahev\u00e4rviline, V&auml;ikelapse k&ouml;&ouml;gitorn, torntool v&otilde;i abitool on t&auml;i","og_url":"https:\/\/beebipood.ee\/ru\/produkt\/vaikese-printsessi-koogitorn-laud-ja-tool-trolley-2in1-kahevarviline\/","og_site_name":"Beebipood","article_modified_time":"2025-03-04T09:30:29+00:00","og_image":[{"width":2560,"height":1703,"url":"https:\/\/beebipood.ee\/wp-content\/uploads\/2013\/09\/Vaikese-Printsessi-koogitornlaud-ja-tool-Trolley-2in1-kahevarviline-Lastelauad-toolid-Arvutija-kirjutuslauad-Tootoolid_1-517-scaled.jpg","type":"image\/jpeg"}],"twitter_card":"summary_large_image","twitter_misc":{"\u041f\u0440\u0438\u043c\u0435\u0440\u043d\u043e\u0435 \u0432\u0440\u0435\u043c\u044f \u0434\u043b\u044f \u0447\u0442\u0435\u043d\u0438\u044f":"1 \u043c\u0438\u043d\u0443\u0442\u0430"},"schema":{"@context":"https:\/\/schema.org","@graph":[{"@type":"WebPage","@id":"https:\/\/beebipood.ee\/ru\/produkt\/vaikese-printsessi-koogitorn-laud-ja-tool-trolley-2in1-kahevarviline\/","url":"https:\/\/beebipood.ee\/ru\/produkt\/vaikese-printsessi-koogitorn-laud-ja-tool-trolley-2in1-kahevarviline\/","name":"V\u00e4ikese Printsessi k\u00f6\u00f6gitorn\/laud ja tool Trolley 2in1, kahev\u00e4rviline, \u041d\u041e\u0412\u042b\u0415 \u0422\u041e\u0412\u0410\u0420\u042b, \u0414\u0435\u0442\u0441\u043a\u0438\u0435 \u0441\u0442\u043e\u043b\u044b, \u0441\u0442\u0443\u043b\u044c\u044f, \u043f\u0438\u0441\u044c\u043c\u0435\u043d\u043d\u044b\u0435 \u0441\u0442\u043e\u043b\u044b, \u0414\u0435\u0442\u0441\u043a\u0438\u0435 \u0441\u0442\u0443\u043b\u044c\u044f, M\u0435\u0431\u0435\u043b\u044c, Beebipood","isPartOf":{"@id":"https:\/\/beebipood.ee\/ru\/#website"},"primaryImageOfPage":{"@id":"https:\/\/beebipood.ee\/ru\/produkt\/vaikese-printsessi-koogitorn-laud-ja-tool-trolley-2in1-kahevarviline\/#primaryimage"},"image":{"@id":"https:\/\/beebipood.ee\/ru\/produkt\/vaikese-printsessi-koogitorn-laud-ja-tool-trolley-2in1-kahevarviline\/#primaryimage"},"thumbnailUrl":"https:\/\/beebipood.ee\/wp-content\/uploads\/2013\/09\/Vaikese-Printsessi-koogitornlaud-ja-tool-Trolley-2in1-kahevarviline-Lastelauad-toolid-Arvutija-kirjutuslauad-Tootoolid_1-517-scaled.jpg","datePublished":"2013-09-02T10:39:16+00:00","dateModified":"2025-03-04T09:30:29+00:00","description":"V\u00e4ikese Printsessi k\u00f6\u00f6gitorn\/laud ja tool Trolley 2in1, kahev\u00e4rviline, V&auml;ikelapse k&ouml;&ouml;gitorn, torntool v&otilde;i abitool on t&auml;i","breadcrumb":{"@id":"https:\/\/beebipood.ee\/ru\/produkt\/vaikese-printsessi-koogitorn-laud-ja-tool-trolley-2in1-kahevarviline\/#breadcrumb"},"inLanguage":"ru-RU","potentialAction":[{"@type":"ReadAction","target":["https:\/\/beebipood.ee\/ru\/produkt\/vaikese-printsessi-koogitorn-laud-ja-tool-trolley-2in1-kahevarviline\/"]}]},{"@type":"ImageObject","inLanguage":"ru-RU","@id":"https:\/\/beebipood.ee\/ru\/produkt\/vaikese-printsessi-koogitorn-laud-ja-tool-trolley-2in1-kahevarviline\/#primaryimage","url":"https:\/\/beebipood.ee\/wp-content\/uploads\/2013\/09\/Vaikese-Printsessi-koogitornlaud-ja-tool-Trolley-2in1-kahevarviline-Lastelauad-toolid-Arvutija-kirjutuslauad-Tootoolid_1-517-scaled.jpg","contentUrl":"https:\/\/beebipood.ee\/wp-content\/uploads\/2013\/09\/Vaikese-Printsessi-koogitornlaud-ja-tool-Trolley-2in1-kahevarviline-Lastelauad-toolid-Arvutija-kirjutuslauad-Tootoolid_1-517-scaled.jpg","width":2560,"height":1703},{"@type":"BreadcrumbList","@id":"https:\/\/beebipood.ee\/ru\/produkt\/vaikese-printsessi-koogitorn-laud-ja-tool-trolley-2in1-kahevarviline\/#breadcrumb","itemListElement":[{"@type":"ListItem","position":1,"name":"Home","item":"https:\/\/beebipood.ee\/ru\/"},{"@type":"ListItem","position":2,"name":"\u041a\u0430\u0442\u0430\u043b\u043e\u0433 \u0442\u043e\u0432\u0430\u0440\u043e\u0432","item":"https:\/\/beebipood.ee\/tooted\/"},{"@type":"ListItem","position":3,"name":"V\u00e4ikese Printsessi k\u00f6\u00f6gitorn\/laud ja tool Trolley 2in1, kahev\u00e4rviline"}]},{"@type":"WebSite","@id":"https:\/\/beebipood.ee\/ru\/#website","url":"https:\/\/beebipood.ee\/ru\/","name":"Beebipood","description":"Lastekaubad, beebikaubad, m\u00e4nguasjad","publisher":{"@id":"https:\/\/beebipood.ee\/ru\/#organization"},"potentialAction":[{"@type":"SearchAction","target":{"@type":"EntryPoint","urlTemplate":"https:\/\/beebipood.ee\/ru\/?s={search_term_string}"},"query-input":{"@type":"PropertyValueSpecification","valueRequired":true,"valueName":"search_term_string"}}],"inLanguage":"ru-RU"},{"@type":"Organization","@id":"https:\/\/beebipood.ee\/ru\/#organization","name":"Beebipood","url":"https:\/\/beebipood.ee\/ru\/","logo":{"@type":"ImageObject","inLanguage":"ru-RU","@id":"https:\/\/beebipood.ee\/ru\/#\/schema\/logo\/image\/","url":"https:\/\/beebipood.ee\/wp-content\/uploads\/2025\/03\/beebipood.ee-logo-1.svg","contentUrl":"https:\/\/beebipood.ee\/wp-content\/uploads\/2025\/03\/beebipood.ee-logo-1.svg","caption":"Beebipood"},"image":{"@id":"https:\/\/beebipood.ee\/ru\/#\/schema\/logo\/image\/"}}]}},"brands":[],"_links":{"self":[{"href":"https:\/\/beebipood.ee\/ru\/wp-json\/wp\/v2\/product\/454270","targetHints":{"allow":["GET"]}}],"collection":[{"href":"https:\/\/beebipood.ee\/ru\/wp-json\/wp\/v2\/product"}],"about":[{"href":"https:\/\/beebipood.ee\/ru\/wp-json\/wp\/v2\/types\/product"}],"wp:featuredmedia":[{"embeddable":true,"href":"https:\/\/beebipood.ee\/ru\/wp-json\/wp\/v2\/media\/99684"}],"wp:attachment":[{"href":"https:\/\/beebipood.ee\/ru\/wp-json\/wp\/v2\/media?parent=454270"}],"wp:term":[{"taxonomy":"pwb-brand","embeddable":true,"href":"https:\/\/beebipood.ee\/ru\/wp-json\/wp\/v2\/pwb-brand?post=454270"},{"taxonomy":"product_brand","embeddable":true,"href":"https:\/\/beebipood.ee\/ru\/wp-json\/wp\/v2\/product_brand?post=454270"},{"taxonomy":"product_cat","embeddable":true,"href":"https:\/\/beebipood.ee\/ru\/wp-json\/wp\/v2\/product_cat?post=454270"},{"taxonomy":"product_tag","embeddable":true,"href":"https:\/\/beebipood.ee\/ru\/wp-json\/wp\/v2\/product_tag?post=454270"}],"curies":[{"name":"wp","href":"https:\/\/api.w.org\/{rel}","templated":true}]}}