{"id":454274,"date":"2013-09-02T13:39:25","date_gmt":"2013-09-02T10:39:25","guid":{"rendered":"https:\/\/beebipood.ee\/toode\/yappyetude-beebivoodi-ja-kummut-anthracite\/"},"modified":"2025-01-09T10:52:35","modified_gmt":"2025-01-09T08:52:35","slug":"yappyetude-beebivoodi-ja-kummut-anthracite","status":"publish","type":"product","link":"https:\/\/beebipood.ee\/ru\/produkt\/yappyetude-beebivoodi-ja-kummut-anthracite\/","title":{"rendered":"Yappy\u00c9tude beebivoodi ja kummut, Anthracite"},"content":{"rendered":"<p>YappyKids Yappy\u00c9tude kollektsioon on kaitstud patendiga nr. D 15 855<br \/>Yappy\u00c9tude kollektsioon<br \/>Et\u00fc\u00fcd on muusikapala, mis on loodud tehniliste oskuste arendamiseks.<br \/>Meie Yappy\u00c9tude kollektsioon on kogum oskustest,<br \/>mis on YappyKids poolt arendatud koos ilusate filigraansete kujundustega.<br \/>Just nagu ilus muusika<br \/>Yappy\u00c9tude m\u00f6\u00f6blikollektsioon lastetuppa muudab toa silmadele nauditavamaks ja igap\u00e4evase elu mugavamaks.<\/p>\n<p><span style=\"text-decoration: underline;\"><strong>Yappy\u00c9tude v\u00f5revoodil<\/strong> <\/span>on spetsiaalselt kujundatud \u00fcmmargused k\u00fcljed,<br \/>mis muudavad selle teistest v\u00f5revooditest erinevaks.<br \/>Voodil on neli madratsi p\u00f5hja k\u00f5rgust<br \/>ning samuti innovatiivne valik asetada madrats 3-kraadise nurga alla.<br \/>Kaldus magamisasend on sageli soovitatud k\u00fclmetushaiguste,<br \/>hambavalu v\u00f5i k\u00f5rvavalu s\u00fcmptomite leevendamiseks.<br \/>Samuti soodustab kaldus magamisasend seedimist ja toetab beebi hingamist.<br \/>K\u00fclge on v\u00f5imalik langetada \u00fche k\u00e4ega,<br \/>ning samuti on seda v\u00f5imalik t\u00e4iesti eemaldada,<br \/>mis muudab v\u00f5revoodi palju mugavamaks.<br \/>Voodi on tehtud k\u00f5rgkvaliteetsest kasest, v\u00e4rv ja lakk on veep\u00f5hised.<br \/>Voodisse sobib standard 120x60cm m\u00f5\u00f5duga madrats.<br \/>Lisakd on v\u00f5imalik osta voodile rattad.<\/p>\n<p><strong><span style=\"text-decoration: underline;\">Yappy\u00c9tude kummut<\/span> <\/strong>on h\u00e4sti l\u00e4bim\u00f5eldud.<br \/>See on nii visuaalselt ilus kui vastab ka turvastandarditele.<br \/>4 sahtlit, mis on kummutisse sisse ehitatud,<br \/>pakuvad piisavalt ruumi, et mahutada k\u00f5ike, mida vajad.<br \/>Sahtlid on teleskoobiga, mis v\u00f5imaldab avada neid ka tagumisel poolel.<br \/>Komplekti kuulub puidust m\u00e4hkmevahetuse alus suurusega 75x55cm.<br \/>Seda v\u00f5ib asetada nii vasakult kui paremalt k\u00fcljelt.<br \/>M\u00e4hkmevahetuse alus on eemaldatav,<br \/>seega ei ole vaja kummutit v\u00e4lja vahetada kui beebi kasvab suureks.<br \/>Viimistlemisel on kasutatud on veep\u00f5hised v\u00e4rve kui lakke.<br \/>Toodetud kasest, puitkiudplaadist ja puitlaastplaat.<\/p>\n","protected":false},"excerpt":{"rendered":"<p>YappyKids Yappy\u00c9tude kollektsioon on kaitstud patendiga nr. D 15 855Yappy\u00c9tude kollektsioonEt\u00fc\u00fcd on muusikapala, mis on loodud tehniliste oskuste arendamiseks.Meie Yappy\u00c9tude kollektsioon on kogum oskustest,mis on YappyKids poolt arendatud koos ilusate filigraansete kujundustega.Just nagu ilus muusikaYappy\u00c9tude m\u00f6\u00f6blikollektsioon lastetuppa muudab toa silmadele nauditavamaks ja igap\u00e4evase elu mugavamaks. Yappy\u00c9tude v\u00f5revoodil on spetsiaalselt kujundatud \u00fcmmargused k\u00fcljed,mis muudavad selle teistest [&hellip;]<\/p>\n","protected":false},"featured_media":99702,"template":"","meta":{"_acf_changed":false},"pwb-brand":[11969],"product_brand":[],"product_cat":[11573,11561,11789],"product_tag":[],"class_list":{"0":"post-454274","1":"product","2":"type-product","3":"status-publish","4":"has-post-thumbnail","6":"pwb-brand-yappykids-ru","7":"product_cat-sooduspakkumised-ru","8":"product_cat-tubade-komplektid-ru","9":"product_cat-lastemoobel-ja-sisustus-ru","10":"pa_manufacturer-yappykids-ru","12":"first","13":"onbackorder","14":"sale","15":"taxable","16":"shipping-taxable","17":"purchasable","18":"product-type-simple"},"exclude_global_add_ons":[],"addons":[],"acf":[],"yoast_head":"<!-- This site is optimized with the Yoast SEO plugin v27.1.1 - https:\/\/yoast.com\/product\/yoast-seo-wordpress\/ -->\n<title>Yappy\u00c9tude beebivoodi ja kummut, Anthracite, \u041a\u043e\u043c\u043f\u043b\u0435\u043a\u0442\u044b \u0434\u043b\u044f \u043a\u043e\u043c\u043d\u0430\u0442, \u0421\u041a\u0418\u0414\u041a\u0418, M\u0435\u0431\u0435\u043b\u044c, YappyKids -20%, Beebipood<\/title>\n<meta name=\"description\" content=\"Yappy\u00c9tude beebivoodi ja kummut, Anthracite, YappyKids Yappy&Eacute;tude kollektsioon on kaitstud patendiga nr. D 15 855Yappy&Eacute;tude kollektsioon\" \/>\n<meta name=\"robots\" content=\"index, follow, max-snippet:-1, max-image-preview:large, max-video-preview:-1\" \/>\n<link rel=\"canonical\" href=\"https:\/\/beebipood.ee\/ru\/produkt\/yappyetude-beebivoodi-ja-kummut-anthracite\/\" \/>\n<meta property=\"og:locale\" content=\"ru_RU\" \/>\n<meta property=\"og:type\" content=\"article\" \/>\n<meta property=\"og:title\" content=\"Yappy\u00c9tude beebivoodi ja kummut, Anthracite, \u041a\u043e\u043c\u043f\u043b\u0435\u043a\u0442\u044b \u0434\u043b\u044f \u043a\u043e\u043c\u043d\u0430\u0442, \u0421\u041a\u0418\u0414\u041a\u0418, M\u0435\u0431\u0435\u043b\u044c, YappyKids -20%, Beebipood\" \/>\n<meta property=\"og:description\" content=\"Yappy\u00c9tude beebivoodi ja kummut, Anthracite, YappyKids Yappy&Eacute;tude kollektsioon on kaitstud patendiga nr. D 15 855Yappy&Eacute;tude kollektsioon\" \/>\n<meta property=\"og:url\" content=\"https:\/\/beebipood.ee\/ru\/produkt\/yappyetude-beebivoodi-ja-kummut-anthracite\/\" \/>\n<meta property=\"og:site_name\" content=\"Beebipood\" \/>\n<meta property=\"article:modified_time\" content=\"2025-01-09T08:52:35+00:00\" \/>\n<meta property=\"og:image\" content=\"https:\/\/beebipood.ee\/wp-content\/uploads\/2013\/09\/Yappytude-beebivoodi-ja-kummut-Anthracite-Tubade-komplektid-UUED-TOOTED-Lastemoobel-ja-sisustus-YappyKids-20_3-bd7.jpg\" \/>\n\t<meta property=\"og:image:width\" content=\"945\" \/>\n\t<meta property=\"og:image:height\" content=\"888\" \/>\n\t<meta property=\"og:image:type\" content=\"image\/jpeg\" \/>\n<meta name=\"twitter:card\" content=\"summary_large_image\" \/>\n<meta name=\"twitter:label1\" content=\"\u041f\u0440\u0438\u043c\u0435\u0440\u043d\u043e\u0435 \u0432\u0440\u0435\u043c\u044f \u0434\u043b\u044f \u0447\u0442\u0435\u043d\u0438\u044f\" \/>\n\t<meta name=\"twitter:data1\" content=\"1 \u043c\u0438\u043d\u0443\u0442\u0430\" \/>\n<script type=\"application\/ld+json\" class=\"yoast-schema-graph\">{\"@context\":\"https:\/\/schema.org\",\"@graph\":[{\"@type\":\"WebPage\",\"@id\":\"https:\/\/beebipood.ee\/ru\/produkt\/yappyetude-beebivoodi-ja-kummut-anthracite\/\",\"url\":\"https:\/\/beebipood.ee\/ru\/produkt\/yappyetude-beebivoodi-ja-kummut-anthracite\/\",\"name\":\"Yappy\u00c9tude beebivoodi ja kummut, Anthracite, \u041a\u043e\u043c\u043f\u043b\u0435\u043a\u0442\u044b \u0434\u043b\u044f \u043a\u043e\u043c\u043d\u0430\u0442, \u0421\u041a\u0418\u0414\u041a\u0418, M\u0435\u0431\u0435\u043b\u044c, YappyKids -20%, Beebipood\",\"isPartOf\":{\"@id\":\"https:\/\/beebipood.ee\/ru\/#website\"},\"primaryImageOfPage\":{\"@id\":\"https:\/\/beebipood.ee\/ru\/produkt\/yappyetude-beebivoodi-ja-kummut-anthracite\/#primaryimage\"},\"image\":{\"@id\":\"https:\/\/beebipood.ee\/ru\/produkt\/yappyetude-beebivoodi-ja-kummut-anthracite\/#primaryimage\"},\"thumbnailUrl\":\"https:\/\/beebipood.ee\/wp-content\/uploads\/2013\/09\/Yappytude-beebivoodi-ja-kummut-Anthracite-Tubade-komplektid-UUED-TOOTED-Lastemoobel-ja-sisustus-YappyKids-20_3-bd7.jpg\",\"datePublished\":\"2013-09-02T10:39:25+00:00\",\"dateModified\":\"2025-01-09T08:52:35+00:00\",\"description\":\"Yappy\u00c9tude beebivoodi ja kummut, Anthracite, YappyKids Yappy&Eacute;tude kollektsioon on kaitstud patendiga nr. D 15 855Yappy&Eacute;tude kollektsioon\",\"breadcrumb\":{\"@id\":\"https:\/\/beebipood.ee\/ru\/produkt\/yappyetude-beebivoodi-ja-kummut-anthracite\/#breadcrumb\"},\"inLanguage\":\"ru-RU\",\"potentialAction\":[{\"@type\":\"ReadAction\",\"target\":[\"https:\/\/beebipood.ee\/ru\/produkt\/yappyetude-beebivoodi-ja-kummut-anthracite\/\"]}]},{\"@type\":\"ImageObject\",\"inLanguage\":\"ru-RU\",\"@id\":\"https:\/\/beebipood.ee\/ru\/produkt\/yappyetude-beebivoodi-ja-kummut-anthracite\/#primaryimage\",\"url\":\"https:\/\/beebipood.ee\/wp-content\/uploads\/2013\/09\/Yappytude-beebivoodi-ja-kummut-Anthracite-Tubade-komplektid-UUED-TOOTED-Lastemoobel-ja-sisustus-YappyKids-20_3-bd7.jpg\",\"contentUrl\":\"https:\/\/beebipood.ee\/wp-content\/uploads\/2013\/09\/Yappytude-beebivoodi-ja-kummut-Anthracite-Tubade-komplektid-UUED-TOOTED-Lastemoobel-ja-sisustus-YappyKids-20_3-bd7.jpg\",\"width\":945,\"height\":888},{\"@type\":\"BreadcrumbList\",\"@id\":\"https:\/\/beebipood.ee\/ru\/produkt\/yappyetude-beebivoodi-ja-kummut-anthracite\/#breadcrumb\",\"itemListElement\":[{\"@type\":\"ListItem\",\"position\":1,\"name\":\"Home\",\"item\":\"https:\/\/beebipood.ee\/ru\/\"},{\"@type\":\"ListItem\",\"position\":2,\"name\":\"\u041a\u0430\u0442\u0430\u043b\u043e\u0433 \u0442\u043e\u0432\u0430\u0440\u043e\u0432\",\"item\":\"https:\/\/beebipood.ee\/tooted\/\"},{\"@type\":\"ListItem\",\"position\":3,\"name\":\"Yappy\u00c9tude beebivoodi ja kummut, Anthracite\"}]},{\"@type\":\"WebSite\",\"@id\":\"https:\/\/beebipood.ee\/ru\/#website\",\"url\":\"https:\/\/beebipood.ee\/ru\/\",\"name\":\"Beebipood\",\"description\":\"Lastekaubad, beebikaubad, m\u00e4nguasjad\",\"publisher\":{\"@id\":\"https:\/\/beebipood.ee\/ru\/#organization\"},\"potentialAction\":[{\"@type\":\"SearchAction\",\"target\":{\"@type\":\"EntryPoint\",\"urlTemplate\":\"https:\/\/beebipood.ee\/ru\/?s={search_term_string}\"},\"query-input\":{\"@type\":\"PropertyValueSpecification\",\"valueRequired\":true,\"valueName\":\"search_term_string\"}}],\"inLanguage\":\"ru-RU\"},{\"@type\":\"Organization\",\"@id\":\"https:\/\/beebipood.ee\/ru\/#organization\",\"name\":\"Beebipood\",\"url\":\"https:\/\/beebipood.ee\/ru\/\",\"logo\":{\"@type\":\"ImageObject\",\"inLanguage\":\"ru-RU\",\"@id\":\"https:\/\/beebipood.ee\/ru\/#\/schema\/logo\/image\/\",\"url\":\"https:\/\/beebipood.ee\/wp-content\/uploads\/2025\/03\/beebipood.ee-logo-1.svg\",\"contentUrl\":\"https:\/\/beebipood.ee\/wp-content\/uploads\/2025\/03\/beebipood.ee-logo-1.svg\",\"caption\":\"Beebipood\"},\"image\":{\"@id\":\"https:\/\/beebipood.ee\/ru\/#\/schema\/logo\/image\/\"}}]}<\/script>\n<!-- \/ Yoast SEO plugin. -->","yoast_head_json":{"title":"Yappy\u00c9tude beebivoodi ja kummut, Anthracite, \u041a\u043e\u043c\u043f\u043b\u0435\u043a\u0442\u044b \u0434\u043b\u044f \u043a\u043e\u043c\u043d\u0430\u0442, \u0421\u041a\u0418\u0414\u041a\u0418, M\u0435\u0431\u0435\u043b\u044c, YappyKids -20%, Beebipood","description":"Yappy\u00c9tude beebivoodi ja kummut, Anthracite, YappyKids Yappy&Eacute;tude kollektsioon on kaitstud patendiga nr. D 15 855Yappy&Eacute;tude kollektsioon","robots":{"index":"index","follow":"follow","max-snippet":"max-snippet:-1","max-image-preview":"max-image-preview:large","max-video-preview":"max-video-preview:-1"},"canonical":"https:\/\/beebipood.ee\/ru\/produkt\/yappyetude-beebivoodi-ja-kummut-anthracite\/","og_locale":"ru_RU","og_type":"article","og_title":"Yappy\u00c9tude beebivoodi ja kummut, Anthracite, \u041a\u043e\u043c\u043f\u043b\u0435\u043a\u0442\u044b \u0434\u043b\u044f \u043a\u043e\u043c\u043d\u0430\u0442, \u0421\u041a\u0418\u0414\u041a\u0418, M\u0435\u0431\u0435\u043b\u044c, YappyKids -20%, Beebipood","og_description":"Yappy\u00c9tude beebivoodi ja kummut, Anthracite, YappyKids Yappy&Eacute;tude kollektsioon on kaitstud patendiga nr. D 15 855Yappy&Eacute;tude kollektsioon","og_url":"https:\/\/beebipood.ee\/ru\/produkt\/yappyetude-beebivoodi-ja-kummut-anthracite\/","og_site_name":"Beebipood","article_modified_time":"2025-01-09T08:52:35+00:00","og_image":[{"width":945,"height":888,"url":"https:\/\/beebipood.ee\/wp-content\/uploads\/2013\/09\/Yappytude-beebivoodi-ja-kummut-Anthracite-Tubade-komplektid-UUED-TOOTED-Lastemoobel-ja-sisustus-YappyKids-20_3-bd7.jpg","type":"image\/jpeg"}],"twitter_card":"summary_large_image","twitter_misc":{"\u041f\u0440\u0438\u043c\u0435\u0440\u043d\u043e\u0435 \u0432\u0440\u0435\u043c\u044f \u0434\u043b\u044f \u0447\u0442\u0435\u043d\u0438\u044f":"1 \u043c\u0438\u043d\u0443\u0442\u0430"},"schema":{"@context":"https:\/\/schema.org","@graph":[{"@type":"WebPage","@id":"https:\/\/beebipood.ee\/ru\/produkt\/yappyetude-beebivoodi-ja-kummut-anthracite\/","url":"https:\/\/beebipood.ee\/ru\/produkt\/yappyetude-beebivoodi-ja-kummut-anthracite\/","name":"Yappy\u00c9tude beebivoodi ja kummut, Anthracite, \u041a\u043e\u043c\u043f\u043b\u0435\u043a\u0442\u044b \u0434\u043b\u044f \u043a\u043e\u043c\u043d\u0430\u0442, \u0421\u041a\u0418\u0414\u041a\u0418, M\u0435\u0431\u0435\u043b\u044c, YappyKids -20%, Beebipood","isPartOf":{"@id":"https:\/\/beebipood.ee\/ru\/#website"},"primaryImageOfPage":{"@id":"https:\/\/beebipood.ee\/ru\/produkt\/yappyetude-beebivoodi-ja-kummut-anthracite\/#primaryimage"},"image":{"@id":"https:\/\/beebipood.ee\/ru\/produkt\/yappyetude-beebivoodi-ja-kummut-anthracite\/#primaryimage"},"thumbnailUrl":"https:\/\/beebipood.ee\/wp-content\/uploads\/2013\/09\/Yappytude-beebivoodi-ja-kummut-Anthracite-Tubade-komplektid-UUED-TOOTED-Lastemoobel-ja-sisustus-YappyKids-20_3-bd7.jpg","datePublished":"2013-09-02T10:39:25+00:00","dateModified":"2025-01-09T08:52:35+00:00","description":"Yappy\u00c9tude beebivoodi ja kummut, Anthracite, YappyKids Yappy&Eacute;tude kollektsioon on kaitstud patendiga nr. D 15 855Yappy&Eacute;tude kollektsioon","breadcrumb":{"@id":"https:\/\/beebipood.ee\/ru\/produkt\/yappyetude-beebivoodi-ja-kummut-anthracite\/#breadcrumb"},"inLanguage":"ru-RU","potentialAction":[{"@type":"ReadAction","target":["https:\/\/beebipood.ee\/ru\/produkt\/yappyetude-beebivoodi-ja-kummut-anthracite\/"]}]},{"@type":"ImageObject","inLanguage":"ru-RU","@id":"https:\/\/beebipood.ee\/ru\/produkt\/yappyetude-beebivoodi-ja-kummut-anthracite\/#primaryimage","url":"https:\/\/beebipood.ee\/wp-content\/uploads\/2013\/09\/Yappytude-beebivoodi-ja-kummut-Anthracite-Tubade-komplektid-UUED-TOOTED-Lastemoobel-ja-sisustus-YappyKids-20_3-bd7.jpg","contentUrl":"https:\/\/beebipood.ee\/wp-content\/uploads\/2013\/09\/Yappytude-beebivoodi-ja-kummut-Anthracite-Tubade-komplektid-UUED-TOOTED-Lastemoobel-ja-sisustus-YappyKids-20_3-bd7.jpg","width":945,"height":888},{"@type":"BreadcrumbList","@id":"https:\/\/beebipood.ee\/ru\/produkt\/yappyetude-beebivoodi-ja-kummut-anthracite\/#breadcrumb","itemListElement":[{"@type":"ListItem","position":1,"name":"Home","item":"https:\/\/beebipood.ee\/ru\/"},{"@type":"ListItem","position":2,"name":"\u041a\u0430\u0442\u0430\u043b\u043e\u0433 \u0442\u043e\u0432\u0430\u0440\u043e\u0432","item":"https:\/\/beebipood.ee\/tooted\/"},{"@type":"ListItem","position":3,"name":"Yappy\u00c9tude beebivoodi ja kummut, Anthracite"}]},{"@type":"WebSite","@id":"https:\/\/beebipood.ee\/ru\/#website","url":"https:\/\/beebipood.ee\/ru\/","name":"Beebipood","description":"Lastekaubad, beebikaubad, m\u00e4nguasjad","publisher":{"@id":"https:\/\/beebipood.ee\/ru\/#organization"},"potentialAction":[{"@type":"SearchAction","target":{"@type":"EntryPoint","urlTemplate":"https:\/\/beebipood.ee\/ru\/?s={search_term_string}"},"query-input":{"@type":"PropertyValueSpecification","valueRequired":true,"valueName":"search_term_string"}}],"inLanguage":"ru-RU"},{"@type":"Organization","@id":"https:\/\/beebipood.ee\/ru\/#organization","name":"Beebipood","url":"https:\/\/beebipood.ee\/ru\/","logo":{"@type":"ImageObject","inLanguage":"ru-RU","@id":"https:\/\/beebipood.ee\/ru\/#\/schema\/logo\/image\/","url":"https:\/\/beebipood.ee\/wp-content\/uploads\/2025\/03\/beebipood.ee-logo-1.svg","contentUrl":"https:\/\/beebipood.ee\/wp-content\/uploads\/2025\/03\/beebipood.ee-logo-1.svg","caption":"Beebipood"},"image":{"@id":"https:\/\/beebipood.ee\/ru\/#\/schema\/logo\/image\/"}}]}},"brands":[{"id":11969,"name":"YappyKids","slug":"yappykids-ru"}],"_links":{"self":[{"href":"https:\/\/beebipood.ee\/ru\/wp-json\/wp\/v2\/product\/454274","targetHints":{"allow":["GET"]}}],"collection":[{"href":"https:\/\/beebipood.ee\/ru\/wp-json\/wp\/v2\/product"}],"about":[{"href":"https:\/\/beebipood.ee\/ru\/wp-json\/wp\/v2\/types\/product"}],"wp:featuredmedia":[{"embeddable":true,"href":"https:\/\/beebipood.ee\/ru\/wp-json\/wp\/v2\/media\/99702"}],"wp:attachment":[{"href":"https:\/\/beebipood.ee\/ru\/wp-json\/wp\/v2\/media?parent=454274"}],"wp:term":[{"taxonomy":"pwb-brand","embeddable":true,"href":"https:\/\/beebipood.ee\/ru\/wp-json\/wp\/v2\/pwb-brand?post=454274"},{"taxonomy":"product_brand","embeddable":true,"href":"https:\/\/beebipood.ee\/ru\/wp-json\/wp\/v2\/product_brand?post=454274"},{"taxonomy":"product_cat","embeddable":true,"href":"https:\/\/beebipood.ee\/ru\/wp-json\/wp\/v2\/product_cat?post=454274"},{"taxonomy":"product_tag","embeddable":true,"href":"https:\/\/beebipood.ee\/ru\/wp-json\/wp\/v2\/product_tag?post=454274"}],"curies":[{"name":"wp","href":"https:\/\/api.w.org\/{rel}","templated":true}]}}