{"id":454294,"date":"2013-09-02T13:39:50","date_gmt":"2013-09-02T10:39:50","guid":{"rendered":"https:\/\/beebipood.ee\/toode\/tutti-bambini-cozee-beebihall-voodi-korvale\/"},"modified":"2025-03-31T01:00:33","modified_gmt":"2025-03-30T22:00:33","slug":"tutti-bambini-cozee-beebihall-voodi-korvale","status":"publish","type":"product","link":"https:\/\/beebipood.ee\/ru\/produkt\/tutti-bambini-cozee-beebihall-voodi-korvale\/","title":{"rendered":"Tutti Bambini CoZee beebih\u00e4ll voodi k\u00f5rvale, Oak-Charcoal"},"content":{"rendered":"<p>CoZee beebih\u00e4ll voodi k\u00f5rvale on loodud selleks, <br \/>et aidata sul luua see eriline side oma beebiga. <br \/>V\u00f5imalik kasutada ka eraldiseisva beebih\u00e4llina. <br \/>Innovatiivne avamis\/sulgemismehhanism v\u00f5imaldab beebih\u00e4lli kokku panna vaid 30 sekundiga.<\/p>\n<p><span style=\"text-decoration: underline;\">Omadused<\/span><br \/>Beebih\u00e4lli k\u00f5rgus ja kaldenurk on reguleeritavad. <br \/>Teil on v\u00f5imalus s\u00e4ttida k\u00f5rgust kuuele erinevale k\u00f5rgusele, <br \/>mist\u00f5ttu sobib ta pea iga voodi k\u00f5rvale. <br \/>Kaldenurga muutmine aitab kaasa seedimisele ja reflukshaigusele.<br \/>K\u00e4ep\u00e4rane ja praktiline riiul, kus saate hoiustada beebi m\u00e4nguasju ja muud vajalikku.<br \/>Kompaktselt kokkupandav. <br \/>Beebih\u00e4lliga on komplektis kaasas ka mugav transpordikott.<br \/>Beebih\u00e4lli \u00fcks k\u00fclg on varustatud hingava v\u00f5rkkangaga, <br \/>mis v\u00f5imaldab teil hoida silma peal oma lapse tegemistel. <br \/>Seda sama k\u00fclge on v\u00f5imalik lukuga alla lasta, <br \/>et saaksite beebile oma voodist lihtsasti ligi.<br \/>CoZee beebih\u00e4lli komplekti kuulub ka mugav ja hingav madrats (poroloon). <br \/>Beebih\u00e4lli vooderdus on eemaldatav ning masinpestav, <br \/>mist\u00f5ttu p\u00fcsib beebipesa alati puhtana.<br \/><span style=\"text-decoration: underline;\">Miks on kasulik, kui beebi magab teie k\u00f5rval?<\/span><br \/>Aitab luua ja tugevdada seda erilist sidet sinu ja beebi vahel<br \/>V\u00f5imaldab lihtsamini rinnaga toita<br \/>Pakub meelerahu, kuna laps on seal samas teie k\u00f5rval<br \/>Pakub beebile turvalist keskkonda vanemate magamistoas kuni 6. elukuuni<br \/><span style=\"text-decoration: underline;\"><br \/>N\u00e4itajad<\/span><br \/>Kaal 10kg<br \/>M\u00f5\u00f5dud 92 x 56 x 69-84cm<br \/>M\u00f5\u00f5dud kokkupandult 92 x 56 x 12cm<br \/>Maksimaalne madratsi k\u00f5rgus 58cm<br \/>Madratsi suurus 80,5 x 51cm<br \/>Valmistatud alumiiniumist ja kangast<br \/>Vastab Euroopa turvastandardile BS EN 1130<\/p>\n","protected":false},"excerpt":{"rendered":"<p>CoZee beebih\u00e4ll voodi k\u00f5rvale on loodud selleks, et aidata sul luua see eriline side oma beebiga. V\u00f5imalik kasutada ka eraldiseisva beebih\u00e4llina. Innovatiivne avamis\/sulgemismehhanism v\u00f5imaldab beebih\u00e4lli kokku panna vaid 30 sekundiga. OmadusedBeebih\u00e4lli k\u00f5rgus ja kaldenurk on reguleeritavad. Teil on v\u00f5imalus s\u00e4ttida k\u00f5rgust kuuele erinevale k\u00f5rgusele, mist\u00f5ttu sobib ta pea iga voodi k\u00f5rvale. Kaldenurga muutmine aitab kaasa [&hellip;]<\/p>\n","protected":false},"featured_media":99764,"template":"","meta":{"_acf_changed":false},"pwb-brand":[],"product_brand":[],"product_cat":[11569,11571,11553,11789],"product_tag":[],"class_list":{"0":"post-454294","1":"product","2":"type-product","3":"status-publish","4":"has-post-thumbnail","6":"product_cat-reisivoodid-ru","7":"product_cat-hallid-ja-vooditaskud-ru","8":"product_cat-beebivoodid-reisivoodid-hallid-ru","9":"product_cat-lastemoobel-ja-sisustus-ru","11":"first","12":"instock","13":"taxable","14":"shipping-taxable","15":"purchasable","16":"product-type-simple"},"exclude_global_add_ons":[],"addons":[],"acf":[],"yoast_head":"<!-- This site is optimized with the Yoast SEO plugin v27.1.1 - https:\/\/yoast.com\/product\/yoast-seo-wordpress\/ -->\n<title>Tutti Bambini CoZee beebih\u00e4ll voodi k\u00f5rvale, Oak-Charcoal, \u0414\u0435\u0442\u0441\u043a\u0438e \u043a\u0440\u043e\u0432\u0430\u0442\u043a\u0438, \u043f\u0435\u0440\u0435\u043d\u043e\u0441\u043d\u044b\u0435 \u043a\u0440\u043e\u0432\u0430\u0442\u043a\u0438, \u043b\u044e\u043b\u044c\u043a\u0438, \u041f\u0435\u0440\u0435\u043d\u043e\u0441\u043d\u044b\u0435 \u043a\u0440\u043e\u0432\u0430\u0442\u043a\u0438, \u041b\u044e\u043b\u044c\u043a\u0438 \u0438 \u043a\u0430\u0440\u043c\u0430\u0448\u043a\u0438 \u0434\u043b\u044f \u043a\u0440\u043e\u0432\u0430\u0442\u043a\u0438, \u0421\u041a\u0418\u0414\u041a\u0418, \u0428\u0438\u0440\u0438\u043d\u043e\u0439 \u0434\u043e 160 \u0441\u043c , M\u0435\u0431\u0435\u043b\u044c, Beebipood<\/title>\n<meta name=\"description\" content=\"Tutti Bambini CoZee beebih\u00e4ll voodi k\u00f5rvale, Oak-Charcoal, CoZee beebih&auml;ll voodi k&otilde;rvale on loodud selleks, et aidata sul luua see erilin\" \/>\n<meta name=\"robots\" content=\"index, follow, max-snippet:-1, max-image-preview:large, max-video-preview:-1\" \/>\n<link rel=\"canonical\" href=\"https:\/\/beebipood.ee\/ru\/produkt\/tutti-bambini-cozee-beebihall-voodi-korvale\/\" \/>\n<meta property=\"og:locale\" content=\"ru_RU\" \/>\n<meta property=\"og:type\" content=\"article\" \/>\n<meta property=\"og:title\" content=\"Tutti Bambini CoZee beebih\u00e4ll voodi k\u00f5rvale, Oak-Charcoal, \u0414\u0435\u0442\u0441\u043a\u0438e \u043a\u0440\u043e\u0432\u0430\u0442\u043a\u0438, \u043f\u0435\u0440\u0435\u043d\u043e\u0441\u043d\u044b\u0435 \u043a\u0440\u043e\u0432\u0430\u0442\u043a\u0438, \u043b\u044e\u043b\u044c\u043a\u0438, \u041f\u0435\u0440\u0435\u043d\u043e\u0441\u043d\u044b\u0435 \u043a\u0440\u043e\u0432\u0430\u0442\u043a\u0438, \u041b\u044e\u043b\u044c\u043a\u0438 \u0438 \u043a\u0430\u0440\u043c\u0430\u0448\u043a\u0438 \u0434\u043b\u044f \u043a\u0440\u043e\u0432\u0430\u0442\u043a\u0438, \u0421\u041a\u0418\u0414\u041a\u0418, \u0428\u0438\u0440\u0438\u043d\u043e\u0439 \u0434\u043e 160 \u0441\u043c , M\u0435\u0431\u0435\u043b\u044c, Beebipood\" \/>\n<meta property=\"og:description\" content=\"Tutti Bambini CoZee beebih\u00e4ll voodi k\u00f5rvale, Oak-Charcoal, CoZee beebih&auml;ll voodi k&otilde;rvale on loodud selleks, et aidata sul luua see erilin\" \/>\n<meta property=\"og:url\" content=\"https:\/\/beebipood.ee\/ru\/produkt\/tutti-bambini-cozee-beebihall-voodi-korvale\/\" \/>\n<meta property=\"og:site_name\" content=\"Beebipood\" \/>\n<meta property=\"article:modified_time\" content=\"2025-03-30T22:00:33+00:00\" \/>\n<meta property=\"og:image\" content=\"https:\/\/beebipood.ee\/wp-content\/uploads\/2013\/09\/Tutti-Bambini-CoZee-beebihall-voodi-korvale-Beebivoodid-reisivoodid-hallid-Reisivoodid-Hallid-ja-vooditaskud-UUED-TOOTED-Lastemoobel-ja-sisustus_15-98d.jpg\" \/>\n\t<meta property=\"og:image:width\" content=\"1000\" \/>\n\t<meta property=\"og:image:height\" content=\"714\" \/>\n\t<meta property=\"og:image:type\" content=\"image\/jpeg\" \/>\n<meta name=\"twitter:card\" content=\"summary_large_image\" \/>\n<meta name=\"twitter:label1\" content=\"\u041f\u0440\u0438\u043c\u0435\u0440\u043d\u043e\u0435 \u0432\u0440\u0435\u043c\u044f \u0434\u043b\u044f \u0447\u0442\u0435\u043d\u0438\u044f\" \/>\n\t<meta name=\"twitter:data1\" content=\"1 \u043c\u0438\u043d\u0443\u0442\u0430\" \/>\n<script type=\"application\/ld+json\" class=\"yoast-schema-graph\">{\"@context\":\"https:\/\/schema.org\",\"@graph\":[{\"@type\":\"WebPage\",\"@id\":\"https:\/\/beebipood.ee\/ru\/produkt\/tutti-bambini-cozee-beebihall-voodi-korvale\/\",\"url\":\"https:\/\/beebipood.ee\/ru\/produkt\/tutti-bambini-cozee-beebihall-voodi-korvale\/\",\"name\":\"Tutti Bambini CoZee beebih\u00e4ll voodi k\u00f5rvale, Oak-Charcoal, \u0414\u0435\u0442\u0441\u043a\u0438e \u043a\u0440\u043e\u0432\u0430\u0442\u043a\u0438, \u043f\u0435\u0440\u0435\u043d\u043e\u0441\u043d\u044b\u0435 \u043a\u0440\u043e\u0432\u0430\u0442\u043a\u0438, \u043b\u044e\u043b\u044c\u043a\u0438, \u041f\u0435\u0440\u0435\u043d\u043e\u0441\u043d\u044b\u0435 \u043a\u0440\u043e\u0432\u0430\u0442\u043a\u0438, \u041b\u044e\u043b\u044c\u043a\u0438 \u0438 \u043a\u0430\u0440\u043c\u0430\u0448\u043a\u0438 \u0434\u043b\u044f \u043a\u0440\u043e\u0432\u0430\u0442\u043a\u0438, \u0421\u041a\u0418\u0414\u041a\u0418, \u0428\u0438\u0440\u0438\u043d\u043e\u0439 \u0434\u043e 160 \u0441\u043c , M\u0435\u0431\u0435\u043b\u044c, Beebipood\",\"isPartOf\":{\"@id\":\"https:\/\/beebipood.ee\/ru\/#website\"},\"primaryImageOfPage\":{\"@id\":\"https:\/\/beebipood.ee\/ru\/produkt\/tutti-bambini-cozee-beebihall-voodi-korvale\/#primaryimage\"},\"image\":{\"@id\":\"https:\/\/beebipood.ee\/ru\/produkt\/tutti-bambini-cozee-beebihall-voodi-korvale\/#primaryimage\"},\"thumbnailUrl\":\"https:\/\/beebipood.ee\/wp-content\/uploads\/2013\/09\/Tutti-Bambini-CoZee-beebihall-voodi-korvale-Beebivoodid-reisivoodid-hallid-Reisivoodid-Hallid-ja-vooditaskud-UUED-TOOTED-Lastemoobel-ja-sisustus_15-98d.jpg\",\"datePublished\":\"2013-09-02T10:39:50+00:00\",\"dateModified\":\"2025-03-30T22:00:33+00:00\",\"description\":\"Tutti Bambini CoZee beebih\u00e4ll voodi k\u00f5rvale, Oak-Charcoal, CoZee beebih&auml;ll voodi k&otilde;rvale on loodud selleks, et aidata sul luua see erilin\",\"breadcrumb\":{\"@id\":\"https:\/\/beebipood.ee\/ru\/produkt\/tutti-bambini-cozee-beebihall-voodi-korvale\/#breadcrumb\"},\"inLanguage\":\"ru-RU\",\"potentialAction\":[{\"@type\":\"ReadAction\",\"target\":[\"https:\/\/beebipood.ee\/ru\/produkt\/tutti-bambini-cozee-beebihall-voodi-korvale\/\"]}]},{\"@type\":\"ImageObject\",\"inLanguage\":\"ru-RU\",\"@id\":\"https:\/\/beebipood.ee\/ru\/produkt\/tutti-bambini-cozee-beebihall-voodi-korvale\/#primaryimage\",\"url\":\"https:\/\/beebipood.ee\/wp-content\/uploads\/2013\/09\/Tutti-Bambini-CoZee-beebihall-voodi-korvale-Beebivoodid-reisivoodid-hallid-Reisivoodid-Hallid-ja-vooditaskud-UUED-TOOTED-Lastemoobel-ja-sisustus_15-98d.jpg\",\"contentUrl\":\"https:\/\/beebipood.ee\/wp-content\/uploads\/2013\/09\/Tutti-Bambini-CoZee-beebihall-voodi-korvale-Beebivoodid-reisivoodid-hallid-Reisivoodid-Hallid-ja-vooditaskud-UUED-TOOTED-Lastemoobel-ja-sisustus_15-98d.jpg\",\"width\":1000,\"height\":714},{\"@type\":\"BreadcrumbList\",\"@id\":\"https:\/\/beebipood.ee\/ru\/produkt\/tutti-bambini-cozee-beebihall-voodi-korvale\/#breadcrumb\",\"itemListElement\":[{\"@type\":\"ListItem\",\"position\":1,\"name\":\"Home\",\"item\":\"https:\/\/beebipood.ee\/ru\/\"},{\"@type\":\"ListItem\",\"position\":2,\"name\":\"\u041a\u0430\u0442\u0430\u043b\u043e\u0433 \u0442\u043e\u0432\u0430\u0440\u043e\u0432\",\"item\":\"https:\/\/beebipood.ee\/tooted\/\"},{\"@type\":\"ListItem\",\"position\":3,\"name\":\"Tutti Bambini CoZee beebih\u00e4ll voodi k\u00f5rvale, Oak-Charcoal\"}]},{\"@type\":\"WebSite\",\"@id\":\"https:\/\/beebipood.ee\/ru\/#website\",\"url\":\"https:\/\/beebipood.ee\/ru\/\",\"name\":\"Beebipood\",\"description\":\"Lastekaubad, beebikaubad, m\u00e4nguasjad\",\"publisher\":{\"@id\":\"https:\/\/beebipood.ee\/ru\/#organization\"},\"potentialAction\":[{\"@type\":\"SearchAction\",\"target\":{\"@type\":\"EntryPoint\",\"urlTemplate\":\"https:\/\/beebipood.ee\/ru\/?s={search_term_string}\"},\"query-input\":{\"@type\":\"PropertyValueSpecification\",\"valueRequired\":true,\"valueName\":\"search_term_string\"}}],\"inLanguage\":\"ru-RU\"},{\"@type\":\"Organization\",\"@id\":\"https:\/\/beebipood.ee\/ru\/#organization\",\"name\":\"Beebipood\",\"url\":\"https:\/\/beebipood.ee\/ru\/\",\"logo\":{\"@type\":\"ImageObject\",\"inLanguage\":\"ru-RU\",\"@id\":\"https:\/\/beebipood.ee\/ru\/#\/schema\/logo\/image\/\",\"url\":\"https:\/\/beebipood.ee\/wp-content\/uploads\/2025\/03\/beebipood.ee-logo-1.svg\",\"contentUrl\":\"https:\/\/beebipood.ee\/wp-content\/uploads\/2025\/03\/beebipood.ee-logo-1.svg\",\"caption\":\"Beebipood\"},\"image\":{\"@id\":\"https:\/\/beebipood.ee\/ru\/#\/schema\/logo\/image\/\"}}]}<\/script>\n<!-- \/ Yoast SEO plugin. -->","yoast_head_json":{"title":"Tutti Bambini CoZee beebih\u00e4ll voodi k\u00f5rvale, Oak-Charcoal, \u0414\u0435\u0442\u0441\u043a\u0438e \u043a\u0440\u043e\u0432\u0430\u0442\u043a\u0438, \u043f\u0435\u0440\u0435\u043d\u043e\u0441\u043d\u044b\u0435 \u043a\u0440\u043e\u0432\u0430\u0442\u043a\u0438, \u043b\u044e\u043b\u044c\u043a\u0438, \u041f\u0435\u0440\u0435\u043d\u043e\u0441\u043d\u044b\u0435 \u043a\u0440\u043e\u0432\u0430\u0442\u043a\u0438, \u041b\u044e\u043b\u044c\u043a\u0438 \u0438 \u043a\u0430\u0440\u043c\u0430\u0448\u043a\u0438 \u0434\u043b\u044f \u043a\u0440\u043e\u0432\u0430\u0442\u043a\u0438, \u0421\u041a\u0418\u0414\u041a\u0418, \u0428\u0438\u0440\u0438\u043d\u043e\u0439 \u0434\u043e 160 \u0441\u043c , M\u0435\u0431\u0435\u043b\u044c, Beebipood","description":"Tutti Bambini CoZee beebih\u00e4ll voodi k\u00f5rvale, Oak-Charcoal, CoZee beebih&auml;ll voodi k&otilde;rvale on loodud selleks, et aidata sul luua see erilin","robots":{"index":"index","follow":"follow","max-snippet":"max-snippet:-1","max-image-preview":"max-image-preview:large","max-video-preview":"max-video-preview:-1"},"canonical":"https:\/\/beebipood.ee\/ru\/produkt\/tutti-bambini-cozee-beebihall-voodi-korvale\/","og_locale":"ru_RU","og_type":"article","og_title":"Tutti Bambini CoZee beebih\u00e4ll voodi k\u00f5rvale, Oak-Charcoal, \u0414\u0435\u0442\u0441\u043a\u0438e \u043a\u0440\u043e\u0432\u0430\u0442\u043a\u0438, \u043f\u0435\u0440\u0435\u043d\u043e\u0441\u043d\u044b\u0435 \u043a\u0440\u043e\u0432\u0430\u0442\u043a\u0438, \u043b\u044e\u043b\u044c\u043a\u0438, \u041f\u0435\u0440\u0435\u043d\u043e\u0441\u043d\u044b\u0435 \u043a\u0440\u043e\u0432\u0430\u0442\u043a\u0438, \u041b\u044e\u043b\u044c\u043a\u0438 \u0438 \u043a\u0430\u0440\u043c\u0430\u0448\u043a\u0438 \u0434\u043b\u044f \u043a\u0440\u043e\u0432\u0430\u0442\u043a\u0438, \u0421\u041a\u0418\u0414\u041a\u0418, \u0428\u0438\u0440\u0438\u043d\u043e\u0439 \u0434\u043e 160 \u0441\u043c , M\u0435\u0431\u0435\u043b\u044c, Beebipood","og_description":"Tutti Bambini CoZee beebih\u00e4ll voodi k\u00f5rvale, Oak-Charcoal, CoZee beebih&auml;ll voodi k&otilde;rvale on loodud selleks, et aidata sul luua see erilin","og_url":"https:\/\/beebipood.ee\/ru\/produkt\/tutti-bambini-cozee-beebihall-voodi-korvale\/","og_site_name":"Beebipood","article_modified_time":"2025-03-30T22:00:33+00:00","og_image":[{"width":1000,"height":714,"url":"https:\/\/beebipood.ee\/wp-content\/uploads\/2013\/09\/Tutti-Bambini-CoZee-beebihall-voodi-korvale-Beebivoodid-reisivoodid-hallid-Reisivoodid-Hallid-ja-vooditaskud-UUED-TOOTED-Lastemoobel-ja-sisustus_15-98d.jpg","type":"image\/jpeg"}],"twitter_card":"summary_large_image","twitter_misc":{"\u041f\u0440\u0438\u043c\u0435\u0440\u043d\u043e\u0435 \u0432\u0440\u0435\u043c\u044f \u0434\u043b\u044f \u0447\u0442\u0435\u043d\u0438\u044f":"1 \u043c\u0438\u043d\u0443\u0442\u0430"},"schema":{"@context":"https:\/\/schema.org","@graph":[{"@type":"WebPage","@id":"https:\/\/beebipood.ee\/ru\/produkt\/tutti-bambini-cozee-beebihall-voodi-korvale\/","url":"https:\/\/beebipood.ee\/ru\/produkt\/tutti-bambini-cozee-beebihall-voodi-korvale\/","name":"Tutti Bambini CoZee beebih\u00e4ll voodi k\u00f5rvale, Oak-Charcoal, \u0414\u0435\u0442\u0441\u043a\u0438e \u043a\u0440\u043e\u0432\u0430\u0442\u043a\u0438, \u043f\u0435\u0440\u0435\u043d\u043e\u0441\u043d\u044b\u0435 \u043a\u0440\u043e\u0432\u0430\u0442\u043a\u0438, \u043b\u044e\u043b\u044c\u043a\u0438, \u041f\u0435\u0440\u0435\u043d\u043e\u0441\u043d\u044b\u0435 \u043a\u0440\u043e\u0432\u0430\u0442\u043a\u0438, \u041b\u044e\u043b\u044c\u043a\u0438 \u0438 \u043a\u0430\u0440\u043c\u0430\u0448\u043a\u0438 \u0434\u043b\u044f \u043a\u0440\u043e\u0432\u0430\u0442\u043a\u0438, \u0421\u041a\u0418\u0414\u041a\u0418, \u0428\u0438\u0440\u0438\u043d\u043e\u0439 \u0434\u043e 160 \u0441\u043c , M\u0435\u0431\u0435\u043b\u044c, Beebipood","isPartOf":{"@id":"https:\/\/beebipood.ee\/ru\/#website"},"primaryImageOfPage":{"@id":"https:\/\/beebipood.ee\/ru\/produkt\/tutti-bambini-cozee-beebihall-voodi-korvale\/#primaryimage"},"image":{"@id":"https:\/\/beebipood.ee\/ru\/produkt\/tutti-bambini-cozee-beebihall-voodi-korvale\/#primaryimage"},"thumbnailUrl":"https:\/\/beebipood.ee\/wp-content\/uploads\/2013\/09\/Tutti-Bambini-CoZee-beebihall-voodi-korvale-Beebivoodid-reisivoodid-hallid-Reisivoodid-Hallid-ja-vooditaskud-UUED-TOOTED-Lastemoobel-ja-sisustus_15-98d.jpg","datePublished":"2013-09-02T10:39:50+00:00","dateModified":"2025-03-30T22:00:33+00:00","description":"Tutti Bambini CoZee beebih\u00e4ll voodi k\u00f5rvale, Oak-Charcoal, CoZee beebih&auml;ll voodi k&otilde;rvale on loodud selleks, et aidata sul luua see erilin","breadcrumb":{"@id":"https:\/\/beebipood.ee\/ru\/produkt\/tutti-bambini-cozee-beebihall-voodi-korvale\/#breadcrumb"},"inLanguage":"ru-RU","potentialAction":[{"@type":"ReadAction","target":["https:\/\/beebipood.ee\/ru\/produkt\/tutti-bambini-cozee-beebihall-voodi-korvale\/"]}]},{"@type":"ImageObject","inLanguage":"ru-RU","@id":"https:\/\/beebipood.ee\/ru\/produkt\/tutti-bambini-cozee-beebihall-voodi-korvale\/#primaryimage","url":"https:\/\/beebipood.ee\/wp-content\/uploads\/2013\/09\/Tutti-Bambini-CoZee-beebihall-voodi-korvale-Beebivoodid-reisivoodid-hallid-Reisivoodid-Hallid-ja-vooditaskud-UUED-TOOTED-Lastemoobel-ja-sisustus_15-98d.jpg","contentUrl":"https:\/\/beebipood.ee\/wp-content\/uploads\/2013\/09\/Tutti-Bambini-CoZee-beebihall-voodi-korvale-Beebivoodid-reisivoodid-hallid-Reisivoodid-Hallid-ja-vooditaskud-UUED-TOOTED-Lastemoobel-ja-sisustus_15-98d.jpg","width":1000,"height":714},{"@type":"BreadcrumbList","@id":"https:\/\/beebipood.ee\/ru\/produkt\/tutti-bambini-cozee-beebihall-voodi-korvale\/#breadcrumb","itemListElement":[{"@type":"ListItem","position":1,"name":"Home","item":"https:\/\/beebipood.ee\/ru\/"},{"@type":"ListItem","position":2,"name":"\u041a\u0430\u0442\u0430\u043b\u043e\u0433 \u0442\u043e\u0432\u0430\u0440\u043e\u0432","item":"https:\/\/beebipood.ee\/tooted\/"},{"@type":"ListItem","position":3,"name":"Tutti Bambini CoZee beebih\u00e4ll voodi k\u00f5rvale, Oak-Charcoal"}]},{"@type":"WebSite","@id":"https:\/\/beebipood.ee\/ru\/#website","url":"https:\/\/beebipood.ee\/ru\/","name":"Beebipood","description":"Lastekaubad, beebikaubad, m\u00e4nguasjad","publisher":{"@id":"https:\/\/beebipood.ee\/ru\/#organization"},"potentialAction":[{"@type":"SearchAction","target":{"@type":"EntryPoint","urlTemplate":"https:\/\/beebipood.ee\/ru\/?s={search_term_string}"},"query-input":{"@type":"PropertyValueSpecification","valueRequired":true,"valueName":"search_term_string"}}],"inLanguage":"ru-RU"},{"@type":"Organization","@id":"https:\/\/beebipood.ee\/ru\/#organization","name":"Beebipood","url":"https:\/\/beebipood.ee\/ru\/","logo":{"@type":"ImageObject","inLanguage":"ru-RU","@id":"https:\/\/beebipood.ee\/ru\/#\/schema\/logo\/image\/","url":"https:\/\/beebipood.ee\/wp-content\/uploads\/2025\/03\/beebipood.ee-logo-1.svg","contentUrl":"https:\/\/beebipood.ee\/wp-content\/uploads\/2025\/03\/beebipood.ee-logo-1.svg","caption":"Beebipood"},"image":{"@id":"https:\/\/beebipood.ee\/ru\/#\/schema\/logo\/image\/"}}]}},"brands":[],"_links":{"self":[{"href":"https:\/\/beebipood.ee\/ru\/wp-json\/wp\/v2\/product\/454294","targetHints":{"allow":["GET"]}}],"collection":[{"href":"https:\/\/beebipood.ee\/ru\/wp-json\/wp\/v2\/product"}],"about":[{"href":"https:\/\/beebipood.ee\/ru\/wp-json\/wp\/v2\/types\/product"}],"wp:featuredmedia":[{"embeddable":true,"href":"https:\/\/beebipood.ee\/ru\/wp-json\/wp\/v2\/media\/99764"}],"wp:attachment":[{"href":"https:\/\/beebipood.ee\/ru\/wp-json\/wp\/v2\/media?parent=454294"}],"wp:term":[{"taxonomy":"pwb-brand","embeddable":true,"href":"https:\/\/beebipood.ee\/ru\/wp-json\/wp\/v2\/pwb-brand?post=454294"},{"taxonomy":"product_brand","embeddable":true,"href":"https:\/\/beebipood.ee\/ru\/wp-json\/wp\/v2\/product_brand?post=454294"},{"taxonomy":"product_cat","embeddable":true,"href":"https:\/\/beebipood.ee\/ru\/wp-json\/wp\/v2\/product_cat?post=454294"},{"taxonomy":"product_tag","embeddable":true,"href":"https:\/\/beebipood.ee\/ru\/wp-json\/wp\/v2\/product_tag?post=454294"}],"curies":[{"name":"wp","href":"https:\/\/api.w.org\/{rel}","templated":true}]}}