{"id":454316,"date":"2013-09-02T13:40:22","date_gmt":"2013-09-02T10:40:22","guid":{"rendered":"https:\/\/beebipood.ee\/toode\/alecto-beebikaal-bc-55\/"},"modified":"2025-01-09T10:52:33","modified_gmt":"2025-01-09T08:52:33","slug":"alecto-beebikaal-bc-55","status":"publish","type":"product","link":"https:\/\/beebipood.ee\/ru\/produkt\/alecto-beebikaal-bc-55\/","title":{"rendered":"Alecto beebikaal BC-55"},"content":{"rendered":"<p>Alecto beebikaal aitab hoida lapse kasvul silma peal. <br \/>5g t\u00e4psusega beebikaal sobib kasutamiseks kuni kaaluni 20kg. <br \/>Antud mudelil on lisaks ka digitaalne pikkuse m\u00f5\u00f5tmise s\u00fcsteem.<\/p>\n<p><span style=\"text-decoration: underline;\">Omadused<\/span><br \/>Ideaalne abivahend j\u00e4lgimaks oma lapse kasvu ja pikkust<br \/>K\u00f5rged \u00e4\u00e4red, et kaitsta last maha kukkumise eest<br \/>Suurim kandev\u00f5ime 20kg<br \/>5g t\u00e4psusega<br \/><span style=\"text-decoration: underline;\">Digitaalseks pikkuse m\u00f5\u00f5tmiseks olemas vastav s\u00fcsteem<\/span><br \/>Kiire ja usaldusv\u00e4\u00e4rne m\u00f5\u00f5tmine<br \/>Suur ja lihtsasti loetav ekraan<br \/>Taara funktsioon &#8212; et saaksid kaaluda koos teki v\u00f5i m\u00e4hkmega<br \/>Stabiliseerimisfunktsioon &#8212; et saaksid kaaluda last ka siis kui ta v\u00e4hkreb<br \/>Automaatselt v\u00e4ljal\u00fclituv<br \/><span style=\"text-decoration: underline;\">N\u00e4itajad<\/span><br \/>M\u00f5\u00f5dud: 33 x 56,5 x 12,3cm<br \/>Toide: 3x AAA patareid (komplektis)<\/p>\n<p>\u00a0<\/p>\n","protected":false},"excerpt":{"rendered":"<p>Alecto beebikaal aitab hoida lapse kasvul silma peal. 5g t\u00e4psusega beebikaal sobib kasutamiseks kuni kaaluni 20kg. Antud mudelil on lisaks ka digitaalne pikkuse m\u00f5\u00f5tmise s\u00fcsteem. OmadusedIdeaalne abivahend j\u00e4lgimaks oma lapse kasvu ja pikkustK\u00f5rged \u00e4\u00e4red, et kaitsta last maha kukkumise eestSuurim kandev\u00f5ime 20kg5g t\u00e4psusegaDigitaalseks pikkuse m\u00f5\u00f5tmiseks olemas vastav s\u00fcsteemKiire ja usaldusv\u00e4\u00e4rne m\u00f5\u00f5tmineSuur ja lihtsasti loetav ekraanTaara [&hellip;]<\/p>\n","protected":false},"featured_media":99853,"template":"","meta":{"_acf_changed":false},"pwb-brand":[11968],"product_brand":[],"product_cat":[11709],"product_tag":[],"class_list":{"0":"post-454316","1":"product","2":"type-product","3":"status-publish","4":"has-post-thumbnail","6":"pwb-brand-alecto-ru","7":"product_cat-sootmistoolid-beebi-ja-lastetarbed-mahkimine-hugieen-ru","8":"pa_manufacturer-alecto-ru","10":"first","11":"outofstock","12":"taxable","13":"shipping-taxable","14":"purchasable","15":"product-type-simple"},"exclude_global_add_ons":[],"addons":[],"acf":[],"yoast_head":"<!-- This site is optimized with the Yoast SEO plugin v27.1.1 - https:\/\/yoast.com\/product\/yoast-seo-wordpress\/ -->\n<title>Alecto beebikaal BC-55, \u041d\u041e\u0412\u042b\u0415 \u0422\u041e\u0412\u0410\u0420\u042b, \u041f\u0440\u0438\u043d\u0430\u0434\u043b\u0435\u0436\u043d\u043e\u0441\u0442\u0438 \u0434\u043b\u044f \u043c\u043b\u0430\u0434\u0435\u043d\u0446\u0435\u0432, Beebipood<\/title>\n<meta name=\"description\" content=\"Alecto beebikaal BC-55, Alecto beebikaal aitab hoida lapse kasvul silma peal. 5g t&auml;psusega beebikaal sobib kasutamiseks kuni kaaluni 20kg. A\" \/>\n<meta name=\"robots\" content=\"index, follow, max-snippet:-1, max-image-preview:large, max-video-preview:-1\" \/>\n<link rel=\"canonical\" href=\"https:\/\/beebipood.ee\/ru\/produkt\/alecto-beebikaal-bc-55\/\" \/>\n<meta property=\"og:locale\" content=\"ru_RU\" \/>\n<meta property=\"og:type\" content=\"article\" \/>\n<meta property=\"og:title\" content=\"Alecto beebikaal BC-55, \u041d\u041e\u0412\u042b\u0415 \u0422\u041e\u0412\u0410\u0420\u042b, \u041f\u0440\u0438\u043d\u0430\u0434\u043b\u0435\u0436\u043d\u043e\u0441\u0442\u0438 \u0434\u043b\u044f \u043c\u043b\u0430\u0434\u0435\u043d\u0446\u0435\u0432, Beebipood\" \/>\n<meta property=\"og:description\" content=\"Alecto beebikaal BC-55, Alecto beebikaal aitab hoida lapse kasvul silma peal. 5g t&auml;psusega beebikaal sobib kasutamiseks kuni kaaluni 20kg. A\" \/>\n<meta property=\"og:url\" content=\"https:\/\/beebipood.ee\/ru\/produkt\/alecto-beebikaal-bc-55\/\" \/>\n<meta property=\"og:site_name\" content=\"Beebipood\" \/>\n<meta property=\"article:modified_time\" content=\"2025-01-09T08:52:33+00:00\" \/>\n<meta property=\"og:image\" content=\"https:\/\/beebipood.ee\/wp-content\/uploads\/2013\/09\/Alecto-beebikaal-BC55-UUED-TOOTED-Beebi-ja-lastetarbed_7-949.jpg\" \/>\n\t<meta property=\"og:image:width\" content=\"1808\" \/>\n\t<meta property=\"og:image:height\" content=\"1200\" \/>\n\t<meta property=\"og:image:type\" content=\"image\/jpeg\" \/>\n<meta name=\"twitter:card\" content=\"summary_large_image\" \/>\n<meta name=\"twitter:label1\" content=\"\u041f\u0440\u0438\u043c\u0435\u0440\u043d\u043e\u0435 \u0432\u0440\u0435\u043c\u044f \u0434\u043b\u044f \u0447\u0442\u0435\u043d\u0438\u044f\" \/>\n\t<meta name=\"twitter:data1\" content=\"1 \u043c\u0438\u043d\u0443\u0442\u0430\" \/>\n<script type=\"application\/ld+json\" class=\"yoast-schema-graph\">{\"@context\":\"https:\/\/schema.org\",\"@graph\":[{\"@type\":\"WebPage\",\"@id\":\"https:\/\/beebipood.ee\/ru\/produkt\/alecto-beebikaal-bc-55\/\",\"url\":\"https:\/\/beebipood.ee\/ru\/produkt\/alecto-beebikaal-bc-55\/\",\"name\":\"Alecto beebikaal BC-55, \u041d\u041e\u0412\u042b\u0415 \u0422\u041e\u0412\u0410\u0420\u042b, \u041f\u0440\u0438\u043d\u0430\u0434\u043b\u0435\u0436\u043d\u043e\u0441\u0442\u0438 \u0434\u043b\u044f \u043c\u043b\u0430\u0434\u0435\u043d\u0446\u0435\u0432, Beebipood\",\"isPartOf\":{\"@id\":\"https:\/\/beebipood.ee\/ru\/#website\"},\"primaryImageOfPage\":{\"@id\":\"https:\/\/beebipood.ee\/ru\/produkt\/alecto-beebikaal-bc-55\/#primaryimage\"},\"image\":{\"@id\":\"https:\/\/beebipood.ee\/ru\/produkt\/alecto-beebikaal-bc-55\/#primaryimage\"},\"thumbnailUrl\":\"https:\/\/beebipood.ee\/wp-content\/uploads\/2013\/09\/Alecto-beebikaal-BC55-UUED-TOOTED-Beebi-ja-lastetarbed_7-949.jpg\",\"datePublished\":\"2013-09-02T10:40:22+00:00\",\"dateModified\":\"2025-01-09T08:52:33+00:00\",\"description\":\"Alecto beebikaal BC-55, Alecto beebikaal aitab hoida lapse kasvul silma peal. 5g t&auml;psusega beebikaal sobib kasutamiseks kuni kaaluni 20kg. A\",\"breadcrumb\":{\"@id\":\"https:\/\/beebipood.ee\/ru\/produkt\/alecto-beebikaal-bc-55\/#breadcrumb\"},\"inLanguage\":\"ru-RU\",\"potentialAction\":[{\"@type\":\"ReadAction\",\"target\":[\"https:\/\/beebipood.ee\/ru\/produkt\/alecto-beebikaal-bc-55\/\"]}]},{\"@type\":\"ImageObject\",\"inLanguage\":\"ru-RU\",\"@id\":\"https:\/\/beebipood.ee\/ru\/produkt\/alecto-beebikaal-bc-55\/#primaryimage\",\"url\":\"https:\/\/beebipood.ee\/wp-content\/uploads\/2013\/09\/Alecto-beebikaal-BC55-UUED-TOOTED-Beebi-ja-lastetarbed_7-949.jpg\",\"contentUrl\":\"https:\/\/beebipood.ee\/wp-content\/uploads\/2013\/09\/Alecto-beebikaal-BC55-UUED-TOOTED-Beebi-ja-lastetarbed_7-949.jpg\",\"width\":1808,\"height\":1200},{\"@type\":\"BreadcrumbList\",\"@id\":\"https:\/\/beebipood.ee\/ru\/produkt\/alecto-beebikaal-bc-55\/#breadcrumb\",\"itemListElement\":[{\"@type\":\"ListItem\",\"position\":1,\"name\":\"Home\",\"item\":\"https:\/\/beebipood.ee\/ru\/\"},{\"@type\":\"ListItem\",\"position\":2,\"name\":\"\u041a\u0430\u0442\u0430\u043b\u043e\u0433 \u0442\u043e\u0432\u0430\u0440\u043e\u0432\",\"item\":\"https:\/\/beebipood.ee\/tooted\/\"},{\"@type\":\"ListItem\",\"position\":3,\"name\":\"Alecto beebikaal BC-55\"}]},{\"@type\":\"WebSite\",\"@id\":\"https:\/\/beebipood.ee\/ru\/#website\",\"url\":\"https:\/\/beebipood.ee\/ru\/\",\"name\":\"Beebipood\",\"description\":\"Lastekaubad, beebikaubad, m\u00e4nguasjad\",\"publisher\":{\"@id\":\"https:\/\/beebipood.ee\/ru\/#organization\"},\"potentialAction\":[{\"@type\":\"SearchAction\",\"target\":{\"@type\":\"EntryPoint\",\"urlTemplate\":\"https:\/\/beebipood.ee\/ru\/?s={search_term_string}\"},\"query-input\":{\"@type\":\"PropertyValueSpecification\",\"valueRequired\":true,\"valueName\":\"search_term_string\"}}],\"inLanguage\":\"ru-RU\"},{\"@type\":\"Organization\",\"@id\":\"https:\/\/beebipood.ee\/ru\/#organization\",\"name\":\"Beebipood\",\"url\":\"https:\/\/beebipood.ee\/ru\/\",\"logo\":{\"@type\":\"ImageObject\",\"inLanguage\":\"ru-RU\",\"@id\":\"https:\/\/beebipood.ee\/ru\/#\/schema\/logo\/image\/\",\"url\":\"https:\/\/beebipood.ee\/wp-content\/uploads\/2025\/03\/beebipood.ee-logo-1.svg\",\"contentUrl\":\"https:\/\/beebipood.ee\/wp-content\/uploads\/2025\/03\/beebipood.ee-logo-1.svg\",\"caption\":\"Beebipood\"},\"image\":{\"@id\":\"https:\/\/beebipood.ee\/ru\/#\/schema\/logo\/image\/\"}}]}<\/script>\n<!-- \/ Yoast SEO plugin. -->","yoast_head_json":{"title":"Alecto beebikaal BC-55, \u041d\u041e\u0412\u042b\u0415 \u0422\u041e\u0412\u0410\u0420\u042b, \u041f\u0440\u0438\u043d\u0430\u0434\u043b\u0435\u0436\u043d\u043e\u0441\u0442\u0438 \u0434\u043b\u044f \u043c\u043b\u0430\u0434\u0435\u043d\u0446\u0435\u0432, Beebipood","description":"Alecto beebikaal BC-55, Alecto beebikaal aitab hoida lapse kasvul silma peal. 5g t&auml;psusega beebikaal sobib kasutamiseks kuni kaaluni 20kg. A","robots":{"index":"index","follow":"follow","max-snippet":"max-snippet:-1","max-image-preview":"max-image-preview:large","max-video-preview":"max-video-preview:-1"},"canonical":"https:\/\/beebipood.ee\/ru\/produkt\/alecto-beebikaal-bc-55\/","og_locale":"ru_RU","og_type":"article","og_title":"Alecto beebikaal BC-55, \u041d\u041e\u0412\u042b\u0415 \u0422\u041e\u0412\u0410\u0420\u042b, \u041f\u0440\u0438\u043d\u0430\u0434\u043b\u0435\u0436\u043d\u043e\u0441\u0442\u0438 \u0434\u043b\u044f \u043c\u043b\u0430\u0434\u0435\u043d\u0446\u0435\u0432, Beebipood","og_description":"Alecto beebikaal BC-55, Alecto beebikaal aitab hoida lapse kasvul silma peal. 5g t&auml;psusega beebikaal sobib kasutamiseks kuni kaaluni 20kg. A","og_url":"https:\/\/beebipood.ee\/ru\/produkt\/alecto-beebikaal-bc-55\/","og_site_name":"Beebipood","article_modified_time":"2025-01-09T08:52:33+00:00","og_image":[{"width":1808,"height":1200,"url":"https:\/\/beebipood.ee\/wp-content\/uploads\/2013\/09\/Alecto-beebikaal-BC55-UUED-TOOTED-Beebi-ja-lastetarbed_7-949.jpg","type":"image\/jpeg"}],"twitter_card":"summary_large_image","twitter_misc":{"\u041f\u0440\u0438\u043c\u0435\u0440\u043d\u043e\u0435 \u0432\u0440\u0435\u043c\u044f \u0434\u043b\u044f \u0447\u0442\u0435\u043d\u0438\u044f":"1 \u043c\u0438\u043d\u0443\u0442\u0430"},"schema":{"@context":"https:\/\/schema.org","@graph":[{"@type":"WebPage","@id":"https:\/\/beebipood.ee\/ru\/produkt\/alecto-beebikaal-bc-55\/","url":"https:\/\/beebipood.ee\/ru\/produkt\/alecto-beebikaal-bc-55\/","name":"Alecto beebikaal BC-55, \u041d\u041e\u0412\u042b\u0415 \u0422\u041e\u0412\u0410\u0420\u042b, \u041f\u0440\u0438\u043d\u0430\u0434\u043b\u0435\u0436\u043d\u043e\u0441\u0442\u0438 \u0434\u043b\u044f \u043c\u043b\u0430\u0434\u0435\u043d\u0446\u0435\u0432, Beebipood","isPartOf":{"@id":"https:\/\/beebipood.ee\/ru\/#website"},"primaryImageOfPage":{"@id":"https:\/\/beebipood.ee\/ru\/produkt\/alecto-beebikaal-bc-55\/#primaryimage"},"image":{"@id":"https:\/\/beebipood.ee\/ru\/produkt\/alecto-beebikaal-bc-55\/#primaryimage"},"thumbnailUrl":"https:\/\/beebipood.ee\/wp-content\/uploads\/2013\/09\/Alecto-beebikaal-BC55-UUED-TOOTED-Beebi-ja-lastetarbed_7-949.jpg","datePublished":"2013-09-02T10:40:22+00:00","dateModified":"2025-01-09T08:52:33+00:00","description":"Alecto beebikaal BC-55, Alecto beebikaal aitab hoida lapse kasvul silma peal. 5g t&auml;psusega beebikaal sobib kasutamiseks kuni kaaluni 20kg. A","breadcrumb":{"@id":"https:\/\/beebipood.ee\/ru\/produkt\/alecto-beebikaal-bc-55\/#breadcrumb"},"inLanguage":"ru-RU","potentialAction":[{"@type":"ReadAction","target":["https:\/\/beebipood.ee\/ru\/produkt\/alecto-beebikaal-bc-55\/"]}]},{"@type":"ImageObject","inLanguage":"ru-RU","@id":"https:\/\/beebipood.ee\/ru\/produkt\/alecto-beebikaal-bc-55\/#primaryimage","url":"https:\/\/beebipood.ee\/wp-content\/uploads\/2013\/09\/Alecto-beebikaal-BC55-UUED-TOOTED-Beebi-ja-lastetarbed_7-949.jpg","contentUrl":"https:\/\/beebipood.ee\/wp-content\/uploads\/2013\/09\/Alecto-beebikaal-BC55-UUED-TOOTED-Beebi-ja-lastetarbed_7-949.jpg","width":1808,"height":1200},{"@type":"BreadcrumbList","@id":"https:\/\/beebipood.ee\/ru\/produkt\/alecto-beebikaal-bc-55\/#breadcrumb","itemListElement":[{"@type":"ListItem","position":1,"name":"Home","item":"https:\/\/beebipood.ee\/ru\/"},{"@type":"ListItem","position":2,"name":"\u041a\u0430\u0442\u0430\u043b\u043e\u0433 \u0442\u043e\u0432\u0430\u0440\u043e\u0432","item":"https:\/\/beebipood.ee\/tooted\/"},{"@type":"ListItem","position":3,"name":"Alecto beebikaal BC-55"}]},{"@type":"WebSite","@id":"https:\/\/beebipood.ee\/ru\/#website","url":"https:\/\/beebipood.ee\/ru\/","name":"Beebipood","description":"Lastekaubad, beebikaubad, m\u00e4nguasjad","publisher":{"@id":"https:\/\/beebipood.ee\/ru\/#organization"},"potentialAction":[{"@type":"SearchAction","target":{"@type":"EntryPoint","urlTemplate":"https:\/\/beebipood.ee\/ru\/?s={search_term_string}"},"query-input":{"@type":"PropertyValueSpecification","valueRequired":true,"valueName":"search_term_string"}}],"inLanguage":"ru-RU"},{"@type":"Organization","@id":"https:\/\/beebipood.ee\/ru\/#organization","name":"Beebipood","url":"https:\/\/beebipood.ee\/ru\/","logo":{"@type":"ImageObject","inLanguage":"ru-RU","@id":"https:\/\/beebipood.ee\/ru\/#\/schema\/logo\/image\/","url":"https:\/\/beebipood.ee\/wp-content\/uploads\/2025\/03\/beebipood.ee-logo-1.svg","contentUrl":"https:\/\/beebipood.ee\/wp-content\/uploads\/2025\/03\/beebipood.ee-logo-1.svg","caption":"Beebipood"},"image":{"@id":"https:\/\/beebipood.ee\/ru\/#\/schema\/logo\/image\/"}}]}},"brands":[{"id":11968,"name":"Alecto","slug":"alecto-ru"}],"_links":{"self":[{"href":"https:\/\/beebipood.ee\/ru\/wp-json\/wp\/v2\/product\/454316","targetHints":{"allow":["GET"]}}],"collection":[{"href":"https:\/\/beebipood.ee\/ru\/wp-json\/wp\/v2\/product"}],"about":[{"href":"https:\/\/beebipood.ee\/ru\/wp-json\/wp\/v2\/types\/product"}],"wp:featuredmedia":[{"embeddable":true,"href":"https:\/\/beebipood.ee\/ru\/wp-json\/wp\/v2\/media\/99853"}],"wp:attachment":[{"href":"https:\/\/beebipood.ee\/ru\/wp-json\/wp\/v2\/media?parent=454316"}],"wp:term":[{"taxonomy":"pwb-brand","embeddable":true,"href":"https:\/\/beebipood.ee\/ru\/wp-json\/wp\/v2\/pwb-brand?post=454316"},{"taxonomy":"product_brand","embeddable":true,"href":"https:\/\/beebipood.ee\/ru\/wp-json\/wp\/v2\/product_brand?post=454316"},{"taxonomy":"product_cat","embeddable":true,"href":"https:\/\/beebipood.ee\/ru\/wp-json\/wp\/v2\/product_cat?post=454316"},{"taxonomy":"product_tag","embeddable":true,"href":"https:\/\/beebipood.ee\/ru\/wp-json\/wp\/v2\/product_tag?post=454316"}],"curies":[{"name":"wp","href":"https:\/\/api.w.org\/{rel}","templated":true}]}}