{"id":454344,"date":"2013-09-02T13:40:50","date_gmt":"2013-09-02T10:40:50","guid":{"rendered":"https:\/\/beebipood.ee\/toode\/maxi-cosi-soogitool-moa-beyond-white\/"},"modified":"2025-10-20T14:23:17","modified_gmt":"2025-10-20T11:23:17","slug":"maxi-cosi-soogitool-moa-beyond-white","status":"publish","type":"product","link":"https:\/\/beebipood.ee\/ru\/produkt\/maxi-cosi-soogitool-moa-beyond-white\/","title":{"rendered":"Maxi-Cosi s\u00f6\u00f6gitool Moa, Beyond White"},"content":{"rendered":"<p>Multifunktsionaalne s\u00f6\u00f6gitool Maxi-Cosi Moa<br \/>\non m\u00f5eldud kasutamiseks lastele alates 6. elukuust kuni kaaluni 20kg.<br \/>\n8in1 toode, mis v\u00f5imaldab kasutada seda s\u00f6\u00f6gitoolina,<br \/>\nistepukina v\u00f5i laud+tool komplektina.<\/p>\n<p><span style=\"text-decoration: underline;\">Kasutajas\u00f5bralikkus<\/span><br \/>\nLihtsasti puhastatav<br \/>\nLihtsasti kokkupandav<br \/>\nKompaktne hoiustamine<br \/>\nKerge kaaluga (5kg)<br \/>\n<span style=\"text-decoration: underline;\">Mugavus<\/span><br \/>\nVetth\u00fclgav kangas<br \/>\n3 jalatoetusresti asendit<br \/>\n<span style=\"text-decoration: underline;\">Turvalisus<\/span><br \/>\nLibisemiskindlast kummist jalaotsad<br \/>\n5-punkti kinnitusega turvarihmad<br \/>\n<span style=\"text-decoration: underline;\">Kasutusaeg<\/span><br \/>\nAlates 6. elukuust kuni 5. eluaastani<br \/>\nSuurima kandev\u00f5ime 20kg<br \/>\n<span style=\"text-decoration: underline;\">N\u00e4itajad<\/span><br \/>\nKaal: 5,3kg<br \/>\nM\u00f5\u00f5dud: 60,5 x 58 x 85,8cm (laius, s\u00fcgavus, k\u00f5rgus)<br \/>\nKandiku k\u00f5rgus maapinnast 75,5cm<br \/>\nIsteosa sisem\u00f5\u00f5dud: 25,5 x 25,5 x 28cm (laius, s\u00fcgavus, seljatoe k\u00f5rgus)<br \/>\nKandiku m\u00f5\u00f5t 50 x 30cm<br \/>\n<span style=\"text-decoration: underline;\"><br \/>\nKomplektis<\/span><br \/>\nS\u00f6\u00f6gitool<br \/>\nKandik<br \/>\nKandiku sisu<br \/>\nIsteosa<br \/>\nJalad (2tk)<\/p>\n","protected":false},"excerpt":{"rendered":"<p>Multifunktsionaalne s\u00f6\u00f6gitool Maxi-Cosi Moa on m\u00f5eldud kasutamiseks lastele alates 6. elukuust kuni kaaluni 20kg. 8in1 toode, mis v\u00f5imaldab kasutada seda s\u00f6\u00f6gitoolina, istepukina v\u00f5i laud+tool komplektina. Kasutajas\u00f5bralikkus Lihtsasti puhastatav Lihtsasti kokkupandav Kompaktne hoiustamine Kerge kaaluga (5kg) Mugavus Vetth\u00fclgav kangas 3 jalatoetusresti asendit Turvalisus Libisemiskindlast kummist jalaotsad 5-punkti kinnitusega turvarihmad Kasutusaeg Alates 6. elukuust kuni 5. eluaastani [&hellip;]<\/p>\n","protected":false},"featured_media":508280,"template":"","meta":{"_acf_changed":false},"pwb-brand":[11961],"product_brand":[],"product_cat":[11645,11709],"product_tag":[],"class_list":{"0":"post-454344","1":"product","2":"type-product","3":"status-publish","4":"has-post-thumbnail","6":"pwb-brand-maxi-cosi-ru","7":"product_cat-sootmistoolid-ru","8":"product_cat-sootmistoolid-beebi-ja-lastetarbed-mahkimine-hugieen-ru","9":"pa_manufacturer-maxi_cosi-ru","11":"first","12":"onbackorder","13":"taxable","14":"shipping-taxable","15":"purchasable","16":"product-type-simple"},"exclude_global_add_ons":[],"addons":[],"acf":[],"yoast_head":"<!-- This site is optimized with the Yoast SEO plugin v27.1.1 - https:\/\/yoast.com\/product\/yoast-seo-wordpress\/ -->\n<title>Maxi-Cosi s\u00f6\u00f6gitool Moa, Beyond White, \u0421\u041a\u0418\u0414\u041a\u0418, \u0421\u0442\u0443\u043b\u044c\u0447\u0438\u043a\u0438 \u0434\u043b\u044f \u043a\u043e\u0440\u043c\u043b\u0435\u043d\u0438\u044f, \u041f\u0440\u0438\u043d\u0430\u0434\u043b\u0435\u0436\u043d\u043e\u0441\u0442\u0438 \u0434\u043b\u044f \u043c\u043b\u0430\u0434\u0435\u043d\u0446\u0435\u0432, Beebipood<\/title>\n<meta name=\"description\" content=\"Maxi-Cosi s\u00f6\u00f6gitool Moa, Beyond White, Multifunktsionaalne s\u00f6\u00f6gitool Maxi-Cosi Moa on m\u00f5eldud kasutamiseks lastele alates 6. elukuus\" \/>\n<meta name=\"robots\" content=\"index, follow, max-snippet:-1, max-image-preview:large, max-video-preview:-1\" \/>\n<link rel=\"canonical\" href=\"https:\/\/beebipood.ee\/ru\/produkt\/maxi-cosi-soogitool-moa-beyond-white\/\" \/>\n<meta property=\"og:locale\" content=\"ru_RU\" \/>\n<meta property=\"og:type\" content=\"article\" \/>\n<meta property=\"og:title\" content=\"Maxi-Cosi s\u00f6\u00f6gitool Moa, Beyond White, \u0421\u041a\u0418\u0414\u041a\u0418, \u0421\u0442\u0443\u043b\u044c\u0447\u0438\u043a\u0438 \u0434\u043b\u044f \u043a\u043e\u0440\u043c\u043b\u0435\u043d\u0438\u044f, \u041f\u0440\u0438\u043d\u0430\u0434\u043b\u0435\u0436\u043d\u043e\u0441\u0442\u0438 \u0434\u043b\u044f \u043c\u043b\u0430\u0434\u0435\u043d\u0446\u0435\u0432, Beebipood\" \/>\n<meta property=\"og:description\" content=\"Maxi-Cosi s\u00f6\u00f6gitool Moa, Beyond White, Multifunktsionaalne s\u00f6\u00f6gitool Maxi-Cosi Moa on m\u00f5eldud kasutamiseks lastele alates 6. elukuus\" \/>\n<meta property=\"og:url\" content=\"https:\/\/beebipood.ee\/ru\/produkt\/maxi-cosi-soogitool-moa-beyond-white\/\" \/>\n<meta property=\"og:site_name\" content=\"Beebipood\" \/>\n<meta property=\"article:modified_time\" content=\"2025-10-20T11:23:17+00:00\" \/>\n<meta property=\"og:image\" content=\"https:\/\/beebipood.ee\/wp-content\/uploads\/2013\/09\/maxi-cosi-soogitool-moa-white.jpg\" \/>\n\t<meta property=\"og:image:width\" content=\"932\" \/>\n\t<meta property=\"og:image:height\" content=\"1200\" \/>\n\t<meta property=\"og:image:type\" content=\"image\/jpeg\" \/>\n<meta name=\"twitter:card\" content=\"summary_large_image\" \/>\n<meta name=\"twitter:label1\" content=\"\u041f\u0440\u0438\u043c\u0435\u0440\u043d\u043e\u0435 \u0432\u0440\u0435\u043c\u044f \u0434\u043b\u044f \u0447\u0442\u0435\u043d\u0438\u044f\" \/>\n\t<meta name=\"twitter:data1\" content=\"1 \u043c\u0438\u043d\u0443\u0442\u0430\" \/>\n<script type=\"application\/ld+json\" class=\"yoast-schema-graph\">{\"@context\":\"https:\/\/schema.org\",\"@graph\":[{\"@type\":\"WebPage\",\"@id\":\"https:\/\/beebipood.ee\/ru\/produkt\/maxi-cosi-soogitool-moa-beyond-white\/\",\"url\":\"https:\/\/beebipood.ee\/ru\/produkt\/maxi-cosi-soogitool-moa-beyond-white\/\",\"name\":\"Maxi-Cosi s\u00f6\u00f6gitool Moa, Beyond White, \u0421\u041a\u0418\u0414\u041a\u0418, \u0421\u0442\u0443\u043b\u044c\u0447\u0438\u043a\u0438 \u0434\u043b\u044f \u043a\u043e\u0440\u043c\u043b\u0435\u043d\u0438\u044f, \u041f\u0440\u0438\u043d\u0430\u0434\u043b\u0435\u0436\u043d\u043e\u0441\u0442\u0438 \u0434\u043b\u044f \u043c\u043b\u0430\u0434\u0435\u043d\u0446\u0435\u0432, Beebipood\",\"isPartOf\":{\"@id\":\"https:\/\/beebipood.ee\/ru\/#website\"},\"primaryImageOfPage\":{\"@id\":\"https:\/\/beebipood.ee\/ru\/produkt\/maxi-cosi-soogitool-moa-beyond-white\/#primaryimage\"},\"image\":{\"@id\":\"https:\/\/beebipood.ee\/ru\/produkt\/maxi-cosi-soogitool-moa-beyond-white\/#primaryimage\"},\"thumbnailUrl\":\"https:\/\/beebipood.ee\/wp-content\/uploads\/2013\/09\/maxi-cosi-soogitool-moa-white.jpg\",\"datePublished\":\"2013-09-02T10:40:50+00:00\",\"dateModified\":\"2025-10-20T11:23:17+00:00\",\"description\":\"Maxi-Cosi s\u00f6\u00f6gitool Moa, Beyond White, Multifunktsionaalne s\u00f6\u00f6gitool Maxi-Cosi Moa on m\u00f5eldud kasutamiseks lastele alates 6. elukuus\",\"breadcrumb\":{\"@id\":\"https:\/\/beebipood.ee\/ru\/produkt\/maxi-cosi-soogitool-moa-beyond-white\/#breadcrumb\"},\"inLanguage\":\"ru-RU\",\"potentialAction\":[{\"@type\":\"ReadAction\",\"target\":[\"https:\/\/beebipood.ee\/ru\/produkt\/maxi-cosi-soogitool-moa-beyond-white\/\"]}]},{\"@type\":\"ImageObject\",\"inLanguage\":\"ru-RU\",\"@id\":\"https:\/\/beebipood.ee\/ru\/produkt\/maxi-cosi-soogitool-moa-beyond-white\/#primaryimage\",\"url\":\"https:\/\/beebipood.ee\/wp-content\/uploads\/2013\/09\/maxi-cosi-soogitool-moa-white.jpg\",\"contentUrl\":\"https:\/\/beebipood.ee\/wp-content\/uploads\/2013\/09\/maxi-cosi-soogitool-moa-white.jpg\",\"width\":932,\"height\":1200},{\"@type\":\"BreadcrumbList\",\"@id\":\"https:\/\/beebipood.ee\/ru\/produkt\/maxi-cosi-soogitool-moa-beyond-white\/#breadcrumb\",\"itemListElement\":[{\"@type\":\"ListItem\",\"position\":1,\"name\":\"Home\",\"item\":\"https:\/\/beebipood.ee\/ru\/\"},{\"@type\":\"ListItem\",\"position\":2,\"name\":\"\u041a\u0430\u0442\u0430\u043b\u043e\u0433 \u0442\u043e\u0432\u0430\u0440\u043e\u0432\",\"item\":\"https:\/\/beebipood.ee\/tooted\/\"},{\"@type\":\"ListItem\",\"position\":3,\"name\":\"Maxi-Cosi s\u00f6\u00f6gitool Moa, Beyond White\"}]},{\"@type\":\"WebSite\",\"@id\":\"https:\/\/beebipood.ee\/ru\/#website\",\"url\":\"https:\/\/beebipood.ee\/ru\/\",\"name\":\"Beebipood\",\"description\":\"Lastekaubad, beebikaubad, m\u00e4nguasjad\",\"publisher\":{\"@id\":\"https:\/\/beebipood.ee\/ru\/#organization\"},\"potentialAction\":[{\"@type\":\"SearchAction\",\"target\":{\"@type\":\"EntryPoint\",\"urlTemplate\":\"https:\/\/beebipood.ee\/ru\/?s={search_term_string}\"},\"query-input\":{\"@type\":\"PropertyValueSpecification\",\"valueRequired\":true,\"valueName\":\"search_term_string\"}}],\"inLanguage\":\"ru-RU\"},{\"@type\":\"Organization\",\"@id\":\"https:\/\/beebipood.ee\/ru\/#organization\",\"name\":\"Beebipood\",\"url\":\"https:\/\/beebipood.ee\/ru\/\",\"logo\":{\"@type\":\"ImageObject\",\"inLanguage\":\"ru-RU\",\"@id\":\"https:\/\/beebipood.ee\/ru\/#\/schema\/logo\/image\/\",\"url\":\"https:\/\/beebipood.ee\/wp-content\/uploads\/2025\/03\/beebipood.ee-logo-1.svg\",\"contentUrl\":\"https:\/\/beebipood.ee\/wp-content\/uploads\/2025\/03\/beebipood.ee-logo-1.svg\",\"caption\":\"Beebipood\"},\"image\":{\"@id\":\"https:\/\/beebipood.ee\/ru\/#\/schema\/logo\/image\/\"}}]}<\/script>\n<!-- \/ Yoast SEO plugin. -->","yoast_head_json":{"title":"Maxi-Cosi s\u00f6\u00f6gitool Moa, Beyond White, \u0421\u041a\u0418\u0414\u041a\u0418, \u0421\u0442\u0443\u043b\u044c\u0447\u0438\u043a\u0438 \u0434\u043b\u044f \u043a\u043e\u0440\u043c\u043b\u0435\u043d\u0438\u044f, \u041f\u0440\u0438\u043d\u0430\u0434\u043b\u0435\u0436\u043d\u043e\u0441\u0442\u0438 \u0434\u043b\u044f \u043c\u043b\u0430\u0434\u0435\u043d\u0446\u0435\u0432, Beebipood","description":"Maxi-Cosi s\u00f6\u00f6gitool Moa, Beyond White, Multifunktsionaalne s\u00f6\u00f6gitool Maxi-Cosi Moa on m\u00f5eldud kasutamiseks lastele alates 6. elukuus","robots":{"index":"index","follow":"follow","max-snippet":"max-snippet:-1","max-image-preview":"max-image-preview:large","max-video-preview":"max-video-preview:-1"},"canonical":"https:\/\/beebipood.ee\/ru\/produkt\/maxi-cosi-soogitool-moa-beyond-white\/","og_locale":"ru_RU","og_type":"article","og_title":"Maxi-Cosi s\u00f6\u00f6gitool Moa, Beyond White, \u0421\u041a\u0418\u0414\u041a\u0418, \u0421\u0442\u0443\u043b\u044c\u0447\u0438\u043a\u0438 \u0434\u043b\u044f \u043a\u043e\u0440\u043c\u043b\u0435\u043d\u0438\u044f, \u041f\u0440\u0438\u043d\u0430\u0434\u043b\u0435\u0436\u043d\u043e\u0441\u0442\u0438 \u0434\u043b\u044f \u043c\u043b\u0430\u0434\u0435\u043d\u0446\u0435\u0432, Beebipood","og_description":"Maxi-Cosi s\u00f6\u00f6gitool Moa, Beyond White, Multifunktsionaalne s\u00f6\u00f6gitool Maxi-Cosi Moa on m\u00f5eldud kasutamiseks lastele alates 6. elukuus","og_url":"https:\/\/beebipood.ee\/ru\/produkt\/maxi-cosi-soogitool-moa-beyond-white\/","og_site_name":"Beebipood","article_modified_time":"2025-10-20T11:23:17+00:00","og_image":[{"width":932,"height":1200,"url":"https:\/\/beebipood.ee\/wp-content\/uploads\/2013\/09\/maxi-cosi-soogitool-moa-white.jpg","type":"image\/jpeg"}],"twitter_card":"summary_large_image","twitter_misc":{"\u041f\u0440\u0438\u043c\u0435\u0440\u043d\u043e\u0435 \u0432\u0440\u0435\u043c\u044f \u0434\u043b\u044f \u0447\u0442\u0435\u043d\u0438\u044f":"1 \u043c\u0438\u043d\u0443\u0442\u0430"},"schema":{"@context":"https:\/\/schema.org","@graph":[{"@type":"WebPage","@id":"https:\/\/beebipood.ee\/ru\/produkt\/maxi-cosi-soogitool-moa-beyond-white\/","url":"https:\/\/beebipood.ee\/ru\/produkt\/maxi-cosi-soogitool-moa-beyond-white\/","name":"Maxi-Cosi s\u00f6\u00f6gitool Moa, Beyond White, \u0421\u041a\u0418\u0414\u041a\u0418, \u0421\u0442\u0443\u043b\u044c\u0447\u0438\u043a\u0438 \u0434\u043b\u044f \u043a\u043e\u0440\u043c\u043b\u0435\u043d\u0438\u044f, \u041f\u0440\u0438\u043d\u0430\u0434\u043b\u0435\u0436\u043d\u043e\u0441\u0442\u0438 \u0434\u043b\u044f \u043c\u043b\u0430\u0434\u0435\u043d\u0446\u0435\u0432, Beebipood","isPartOf":{"@id":"https:\/\/beebipood.ee\/ru\/#website"},"primaryImageOfPage":{"@id":"https:\/\/beebipood.ee\/ru\/produkt\/maxi-cosi-soogitool-moa-beyond-white\/#primaryimage"},"image":{"@id":"https:\/\/beebipood.ee\/ru\/produkt\/maxi-cosi-soogitool-moa-beyond-white\/#primaryimage"},"thumbnailUrl":"https:\/\/beebipood.ee\/wp-content\/uploads\/2013\/09\/maxi-cosi-soogitool-moa-white.jpg","datePublished":"2013-09-02T10:40:50+00:00","dateModified":"2025-10-20T11:23:17+00:00","description":"Maxi-Cosi s\u00f6\u00f6gitool Moa, Beyond White, Multifunktsionaalne s\u00f6\u00f6gitool Maxi-Cosi Moa on m\u00f5eldud kasutamiseks lastele alates 6. elukuus","breadcrumb":{"@id":"https:\/\/beebipood.ee\/ru\/produkt\/maxi-cosi-soogitool-moa-beyond-white\/#breadcrumb"},"inLanguage":"ru-RU","potentialAction":[{"@type":"ReadAction","target":["https:\/\/beebipood.ee\/ru\/produkt\/maxi-cosi-soogitool-moa-beyond-white\/"]}]},{"@type":"ImageObject","inLanguage":"ru-RU","@id":"https:\/\/beebipood.ee\/ru\/produkt\/maxi-cosi-soogitool-moa-beyond-white\/#primaryimage","url":"https:\/\/beebipood.ee\/wp-content\/uploads\/2013\/09\/maxi-cosi-soogitool-moa-white.jpg","contentUrl":"https:\/\/beebipood.ee\/wp-content\/uploads\/2013\/09\/maxi-cosi-soogitool-moa-white.jpg","width":932,"height":1200},{"@type":"BreadcrumbList","@id":"https:\/\/beebipood.ee\/ru\/produkt\/maxi-cosi-soogitool-moa-beyond-white\/#breadcrumb","itemListElement":[{"@type":"ListItem","position":1,"name":"Home","item":"https:\/\/beebipood.ee\/ru\/"},{"@type":"ListItem","position":2,"name":"\u041a\u0430\u0442\u0430\u043b\u043e\u0433 \u0442\u043e\u0432\u0430\u0440\u043e\u0432","item":"https:\/\/beebipood.ee\/tooted\/"},{"@type":"ListItem","position":3,"name":"Maxi-Cosi s\u00f6\u00f6gitool Moa, Beyond White"}]},{"@type":"WebSite","@id":"https:\/\/beebipood.ee\/ru\/#website","url":"https:\/\/beebipood.ee\/ru\/","name":"Beebipood","description":"Lastekaubad, beebikaubad, m\u00e4nguasjad","publisher":{"@id":"https:\/\/beebipood.ee\/ru\/#organization"},"potentialAction":[{"@type":"SearchAction","target":{"@type":"EntryPoint","urlTemplate":"https:\/\/beebipood.ee\/ru\/?s={search_term_string}"},"query-input":{"@type":"PropertyValueSpecification","valueRequired":true,"valueName":"search_term_string"}}],"inLanguage":"ru-RU"},{"@type":"Organization","@id":"https:\/\/beebipood.ee\/ru\/#organization","name":"Beebipood","url":"https:\/\/beebipood.ee\/ru\/","logo":{"@type":"ImageObject","inLanguage":"ru-RU","@id":"https:\/\/beebipood.ee\/ru\/#\/schema\/logo\/image\/","url":"https:\/\/beebipood.ee\/wp-content\/uploads\/2025\/03\/beebipood.ee-logo-1.svg","contentUrl":"https:\/\/beebipood.ee\/wp-content\/uploads\/2025\/03\/beebipood.ee-logo-1.svg","caption":"Beebipood"},"image":{"@id":"https:\/\/beebipood.ee\/ru\/#\/schema\/logo\/image\/"}}]}},"brands":[{"id":11961,"name":"Maxi-Cosi","slug":"maxi-cosi-ru"}],"_links":{"self":[{"href":"https:\/\/beebipood.ee\/ru\/wp-json\/wp\/v2\/product\/454344","targetHints":{"allow":["GET"]}}],"collection":[{"href":"https:\/\/beebipood.ee\/ru\/wp-json\/wp\/v2\/product"}],"about":[{"href":"https:\/\/beebipood.ee\/ru\/wp-json\/wp\/v2\/types\/product"}],"wp:featuredmedia":[{"embeddable":true,"href":"https:\/\/beebipood.ee\/ru\/wp-json\/wp\/v2\/media\/508280"}],"wp:attachment":[{"href":"https:\/\/beebipood.ee\/ru\/wp-json\/wp\/v2\/media?parent=454344"}],"wp:term":[{"taxonomy":"pwb-brand","embeddable":true,"href":"https:\/\/beebipood.ee\/ru\/wp-json\/wp\/v2\/pwb-brand?post=454344"},{"taxonomy":"product_brand","embeddable":true,"href":"https:\/\/beebipood.ee\/ru\/wp-json\/wp\/v2\/product_brand?post=454344"},{"taxonomy":"product_cat","embeddable":true,"href":"https:\/\/beebipood.ee\/ru\/wp-json\/wp\/v2\/product_cat?post=454344"},{"taxonomy":"product_tag","embeddable":true,"href":"https:\/\/beebipood.ee\/ru\/wp-json\/wp\/v2\/product_tag?post=454344"}],"curies":[{"name":"wp","href":"https:\/\/api.w.org\/{rel}","templated":true}]}}