{"id":454348,"date":"2013-09-02T13:40:55","date_gmt":"2013-09-02T10:40:55","guid":{"rendered":"https:\/\/beebipood.ee\/toode\/alecto-unetreener-bc-100-bunny\/"},"modified":"2025-01-09T10:52:31","modified_gmt":"2025-01-09T08:52:31","slug":"alecto-unetreener-bc-100-bunny","status":"publish","type":"product","link":"https:\/\/beebipood.ee\/ru\/produkt\/alecto-unetreener-bc-100-bunny\/","title":{"rendered":"Alecto unetreener BC-100 Bunny"},"content":{"rendered":"<p>Multifunktsionaalne unetreener Alectolt, <br \/>mida on v\u00f5imalik kasutada ka \u00f6\u00f6valguse v\u00f5i \u00e4ratuskellana. <br \/>T\u00f6\u00f6tab usb-juhtmest laetava akuga. <br \/>Aitab lastele \u00f5petada \u00f6\u00f6 ja p\u00e4eva erinevust ning aitab \u00e4rgata \u00f5igel ajal.<br \/>L\u00f5busate j\u00e4nkuk\u00f5rvade ja k\u00e4ppadega.<br \/><span style=\"text-decoration: underline;\">Omadused<\/span><br \/>Aitab lastel arendada ajataju<br \/>Julgustab lastel kauem voodis olema, et lapsevanemad saaksid kauem magada<br \/>Reguleeritav displei<br \/>Reguleeritav \u00f6\u00f6valguse heledus (7 taset ja OFF)<br \/>Kasutatav ka \u00e4ratuskellana<br \/>Lisa alarm ajaks, mil tuleb \u00e4rgata<br \/>Juhtmevaba ning laetav (l\u00e4bi micro USB kaabliga)<br \/><span style=\"text-decoration: underline;\">Kaks re\u017eiimi:<\/span><br \/>Ekraanivalgus on oran\u017e &#8212; aeg t\u00f5usta \u00fcles<br \/>Ekraanivalgus on sinine- aeg minna magama (magada edasi)<br \/><span style=\"text-decoration: underline;\">N\u00e4itajad<\/span><br \/>M\u00f5\u00f5dud: 14 x 11,8 x 3,6cm (k\u00f5rgus, laius, s\u00fcgavus)<\/p>\n<p><span style=\"text-decoration: underline;\">Kuidas see toimib?<\/span><br \/>Sea unetreeneril vastav aeg, mil sa soovid, <br \/>et laps t\u00f5useks \u00fcles ning l\u00e4heks magama. <br \/>Pane see lapsetoas n\u00e4htavale kohale. <br \/>Kui laps magab \u00f6\u00f6sel on unetreeneril \u00f6\u00f6valgus sinist tooni. <br \/>Kui hommikul on vastav aeg k\u00e4tte j\u00f5udnud, siis ekraan muutub oran\u017eiks <br \/>ning kuu asemel kuvatakse p\u00e4ikest &#8212; aeg on t\u00f5usta \u00fcles. <br \/>See aitab last treenida kauem magama, andes lapsevanematele veidi rohkem oma aega.<\/p>\n","protected":false},"excerpt":{"rendered":"<p>Multifunktsionaalne unetreener Alectolt, mida on v\u00f5imalik kasutada ka \u00f6\u00f6valguse v\u00f5i \u00e4ratuskellana. T\u00f6\u00f6tab usb-juhtmest laetava akuga. Aitab lastele \u00f5petada \u00f6\u00f6 ja p\u00e4eva erinevust ning aitab \u00e4rgata \u00f5igel ajal.L\u00f5busate j\u00e4nkuk\u00f5rvade ja k\u00e4ppadega.OmadusedAitab lastel arendada ajatajuJulgustab lastel kauem voodis olema, et lapsevanemad saaksid kauem magadaReguleeritav displeiReguleeritav \u00f6\u00f6valguse heledus (7 taset ja OFF)Kasutatav ka \u00e4ratuskellanaLisa alarm ajaks, mil tuleb [&hellip;]<\/p>\n","protected":false},"featured_media":99974,"template":"","meta":{"_acf_changed":false},"pwb-brand":[11968],"product_brand":[],"product_cat":[11709,11791],"product_tag":[],"class_list":{"0":"post-454348","1":"product","2":"type-product","3":"status-publish","4":"has-post-thumbnail","6":"pwb-brand-alecto-ru","7":"product_cat-sootmistoolid-beebi-ja-lastetarbed-mahkimine-hugieen-ru","8":"product_cat-turvavarustus-ru","9":"pa_manufacturer-alecto-ru","11":"first","12":"onbackorder","13":"taxable","14":"shipping-taxable","15":"purchasable","16":"product-type-simple"},"exclude_global_add_ons":[],"addons":[],"acf":[],"yoast_head":"<!-- This site is optimized with the Yoast SEO plugin v27.1.1 - https:\/\/yoast.com\/product\/yoast-seo-wordpress\/ -->\n<title>Alecto unetreener BC-100 Bunny, \u041f\u0440\u0438\u043d\u0430\u0434\u043b\u0435\u0436\u043d\u043e\u0441\u0442\u0438 \u0434\u043b\u044f \u043c\u043b\u0430\u0434\u0435\u043d\u0446\u0435\u0432, \u0421\u043d\u0430\u0440\u044f\u0436\u0435\u043d\u0438\u044f \u0431\u0435\u0437\u043e\u043f\u0430\u0441\u043d\u043e\u0441\u0442\u0438, Beebipood<\/title>\n<meta name=\"description\" content=\"Alecto unetreener BC-100 Bunny, Multifunktsionaalne unetreener Alectolt, mida on v&otilde;imalik kasutada ka &ouml;&ouml;valguse v&otilde;i &auml;ratus\" \/>\n<meta name=\"robots\" content=\"index, follow, max-snippet:-1, max-image-preview:large, max-video-preview:-1\" \/>\n<link rel=\"canonical\" href=\"https:\/\/beebipood.ee\/ru\/produkt\/alecto-unetreener-bc-100-bunny\/\" \/>\n<meta property=\"og:locale\" content=\"ru_RU\" \/>\n<meta property=\"og:type\" content=\"article\" \/>\n<meta property=\"og:title\" content=\"Alecto unetreener BC-100 Bunny, \u041f\u0440\u0438\u043d\u0430\u0434\u043b\u0435\u0436\u043d\u043e\u0441\u0442\u0438 \u0434\u043b\u044f \u043c\u043b\u0430\u0434\u0435\u043d\u0446\u0435\u0432, \u0421\u043d\u0430\u0440\u044f\u0436\u0435\u043d\u0438\u044f \u0431\u0435\u0437\u043e\u043f\u0430\u0441\u043d\u043e\u0441\u0442\u0438, Beebipood\" \/>\n<meta property=\"og:description\" content=\"Alecto unetreener BC-100 Bunny, Multifunktsionaalne unetreener Alectolt, mida on v&otilde;imalik kasutada ka &ouml;&ouml;valguse v&otilde;i &auml;ratus\" \/>\n<meta property=\"og:url\" content=\"https:\/\/beebipood.ee\/ru\/produkt\/alecto-unetreener-bc-100-bunny\/\" \/>\n<meta property=\"og:site_name\" content=\"Beebipood\" \/>\n<meta property=\"article:modified_time\" content=\"2025-01-09T08:52:31+00:00\" \/>\n<meta property=\"og:image\" content=\"https:\/\/beebipood.ee\/wp-content\/uploads\/2013\/09\/Alecto-unetreener-BC100-Bunny-Beebi-ja-lastetarbed-Turvavarustus_2-3c5.jpg\" \/>\n\t<meta property=\"og:image:width\" content=\"1200\" \/>\n\t<meta property=\"og:image:height\" content=\"1200\" \/>\n\t<meta property=\"og:image:type\" content=\"image\/jpeg\" \/>\n<meta name=\"twitter:card\" content=\"summary_large_image\" \/>\n<meta name=\"twitter:label1\" content=\"\u041f\u0440\u0438\u043c\u0435\u0440\u043d\u043e\u0435 \u0432\u0440\u0435\u043c\u044f \u0434\u043b\u044f \u0447\u0442\u0435\u043d\u0438\u044f\" \/>\n\t<meta name=\"twitter:data1\" content=\"1 \u043c\u0438\u043d\u0443\u0442\u0430\" \/>\n<script type=\"application\/ld+json\" class=\"yoast-schema-graph\">{\"@context\":\"https:\/\/schema.org\",\"@graph\":[{\"@type\":\"WebPage\",\"@id\":\"https:\/\/beebipood.ee\/ru\/produkt\/alecto-unetreener-bc-100-bunny\/\",\"url\":\"https:\/\/beebipood.ee\/ru\/produkt\/alecto-unetreener-bc-100-bunny\/\",\"name\":\"Alecto unetreener BC-100 Bunny, \u041f\u0440\u0438\u043d\u0430\u0434\u043b\u0435\u0436\u043d\u043e\u0441\u0442\u0438 \u0434\u043b\u044f \u043c\u043b\u0430\u0434\u0435\u043d\u0446\u0435\u0432, \u0421\u043d\u0430\u0440\u044f\u0436\u0435\u043d\u0438\u044f \u0431\u0435\u0437\u043e\u043f\u0430\u0441\u043d\u043e\u0441\u0442\u0438, Beebipood\",\"isPartOf\":{\"@id\":\"https:\/\/beebipood.ee\/ru\/#website\"},\"primaryImageOfPage\":{\"@id\":\"https:\/\/beebipood.ee\/ru\/produkt\/alecto-unetreener-bc-100-bunny\/#primaryimage\"},\"image\":{\"@id\":\"https:\/\/beebipood.ee\/ru\/produkt\/alecto-unetreener-bc-100-bunny\/#primaryimage\"},\"thumbnailUrl\":\"https:\/\/beebipood.ee\/wp-content\/uploads\/2013\/09\/Alecto-unetreener-BC100-Bunny-Beebi-ja-lastetarbed-Turvavarustus_2-3c5.jpg\",\"datePublished\":\"2013-09-02T10:40:55+00:00\",\"dateModified\":\"2025-01-09T08:52:31+00:00\",\"description\":\"Alecto unetreener BC-100 Bunny, Multifunktsionaalne unetreener Alectolt, mida on v&otilde;imalik kasutada ka &ouml;&ouml;valguse v&otilde;i &auml;ratus\",\"breadcrumb\":{\"@id\":\"https:\/\/beebipood.ee\/ru\/produkt\/alecto-unetreener-bc-100-bunny\/#breadcrumb\"},\"inLanguage\":\"ru-RU\",\"potentialAction\":[{\"@type\":\"ReadAction\",\"target\":[\"https:\/\/beebipood.ee\/ru\/produkt\/alecto-unetreener-bc-100-bunny\/\"]}]},{\"@type\":\"ImageObject\",\"inLanguage\":\"ru-RU\",\"@id\":\"https:\/\/beebipood.ee\/ru\/produkt\/alecto-unetreener-bc-100-bunny\/#primaryimage\",\"url\":\"https:\/\/beebipood.ee\/wp-content\/uploads\/2013\/09\/Alecto-unetreener-BC100-Bunny-Beebi-ja-lastetarbed-Turvavarustus_2-3c5.jpg\",\"contentUrl\":\"https:\/\/beebipood.ee\/wp-content\/uploads\/2013\/09\/Alecto-unetreener-BC100-Bunny-Beebi-ja-lastetarbed-Turvavarustus_2-3c5.jpg\",\"width\":1200,\"height\":1200},{\"@type\":\"BreadcrumbList\",\"@id\":\"https:\/\/beebipood.ee\/ru\/produkt\/alecto-unetreener-bc-100-bunny\/#breadcrumb\",\"itemListElement\":[{\"@type\":\"ListItem\",\"position\":1,\"name\":\"Home\",\"item\":\"https:\/\/beebipood.ee\/ru\/\"},{\"@type\":\"ListItem\",\"position\":2,\"name\":\"\u041a\u0430\u0442\u0430\u043b\u043e\u0433 \u0442\u043e\u0432\u0430\u0440\u043e\u0432\",\"item\":\"https:\/\/beebipood.ee\/tooted\/\"},{\"@type\":\"ListItem\",\"position\":3,\"name\":\"Alecto unetreener BC-100 Bunny\"}]},{\"@type\":\"WebSite\",\"@id\":\"https:\/\/beebipood.ee\/ru\/#website\",\"url\":\"https:\/\/beebipood.ee\/ru\/\",\"name\":\"Beebipood\",\"description\":\"Lastekaubad, beebikaubad, m\u00e4nguasjad\",\"publisher\":{\"@id\":\"https:\/\/beebipood.ee\/ru\/#organization\"},\"potentialAction\":[{\"@type\":\"SearchAction\",\"target\":{\"@type\":\"EntryPoint\",\"urlTemplate\":\"https:\/\/beebipood.ee\/ru\/?s={search_term_string}\"},\"query-input\":{\"@type\":\"PropertyValueSpecification\",\"valueRequired\":true,\"valueName\":\"search_term_string\"}}],\"inLanguage\":\"ru-RU\"},{\"@type\":\"Organization\",\"@id\":\"https:\/\/beebipood.ee\/ru\/#organization\",\"name\":\"Beebipood\",\"url\":\"https:\/\/beebipood.ee\/ru\/\",\"logo\":{\"@type\":\"ImageObject\",\"inLanguage\":\"ru-RU\",\"@id\":\"https:\/\/beebipood.ee\/ru\/#\/schema\/logo\/image\/\",\"url\":\"https:\/\/beebipood.ee\/wp-content\/uploads\/2025\/03\/beebipood.ee-logo-1.svg\",\"contentUrl\":\"https:\/\/beebipood.ee\/wp-content\/uploads\/2025\/03\/beebipood.ee-logo-1.svg\",\"caption\":\"Beebipood\"},\"image\":{\"@id\":\"https:\/\/beebipood.ee\/ru\/#\/schema\/logo\/image\/\"}}]}<\/script>\n<!-- \/ Yoast SEO plugin. -->","yoast_head_json":{"title":"Alecto unetreener BC-100 Bunny, \u041f\u0440\u0438\u043d\u0430\u0434\u043b\u0435\u0436\u043d\u043e\u0441\u0442\u0438 \u0434\u043b\u044f \u043c\u043b\u0430\u0434\u0435\u043d\u0446\u0435\u0432, \u0421\u043d\u0430\u0440\u044f\u0436\u0435\u043d\u0438\u044f \u0431\u0435\u0437\u043e\u043f\u0430\u0441\u043d\u043e\u0441\u0442\u0438, Beebipood","description":"Alecto unetreener BC-100 Bunny, Multifunktsionaalne unetreener Alectolt, mida on v&otilde;imalik kasutada ka &ouml;&ouml;valguse v&otilde;i &auml;ratus","robots":{"index":"index","follow":"follow","max-snippet":"max-snippet:-1","max-image-preview":"max-image-preview:large","max-video-preview":"max-video-preview:-1"},"canonical":"https:\/\/beebipood.ee\/ru\/produkt\/alecto-unetreener-bc-100-bunny\/","og_locale":"ru_RU","og_type":"article","og_title":"Alecto unetreener BC-100 Bunny, \u041f\u0440\u0438\u043d\u0430\u0434\u043b\u0435\u0436\u043d\u043e\u0441\u0442\u0438 \u0434\u043b\u044f \u043c\u043b\u0430\u0434\u0435\u043d\u0446\u0435\u0432, \u0421\u043d\u0430\u0440\u044f\u0436\u0435\u043d\u0438\u044f \u0431\u0435\u0437\u043e\u043f\u0430\u0441\u043d\u043e\u0441\u0442\u0438, Beebipood","og_description":"Alecto unetreener BC-100 Bunny, Multifunktsionaalne unetreener Alectolt, mida on v&otilde;imalik kasutada ka &ouml;&ouml;valguse v&otilde;i &auml;ratus","og_url":"https:\/\/beebipood.ee\/ru\/produkt\/alecto-unetreener-bc-100-bunny\/","og_site_name":"Beebipood","article_modified_time":"2025-01-09T08:52:31+00:00","og_image":[{"width":1200,"height":1200,"url":"https:\/\/beebipood.ee\/wp-content\/uploads\/2013\/09\/Alecto-unetreener-BC100-Bunny-Beebi-ja-lastetarbed-Turvavarustus_2-3c5.jpg","type":"image\/jpeg"}],"twitter_card":"summary_large_image","twitter_misc":{"\u041f\u0440\u0438\u043c\u0435\u0440\u043d\u043e\u0435 \u0432\u0440\u0435\u043c\u044f \u0434\u043b\u044f \u0447\u0442\u0435\u043d\u0438\u044f":"1 \u043c\u0438\u043d\u0443\u0442\u0430"},"schema":{"@context":"https:\/\/schema.org","@graph":[{"@type":"WebPage","@id":"https:\/\/beebipood.ee\/ru\/produkt\/alecto-unetreener-bc-100-bunny\/","url":"https:\/\/beebipood.ee\/ru\/produkt\/alecto-unetreener-bc-100-bunny\/","name":"Alecto unetreener BC-100 Bunny, \u041f\u0440\u0438\u043d\u0430\u0434\u043b\u0435\u0436\u043d\u043e\u0441\u0442\u0438 \u0434\u043b\u044f \u043c\u043b\u0430\u0434\u0435\u043d\u0446\u0435\u0432, \u0421\u043d\u0430\u0440\u044f\u0436\u0435\u043d\u0438\u044f \u0431\u0435\u0437\u043e\u043f\u0430\u0441\u043d\u043e\u0441\u0442\u0438, Beebipood","isPartOf":{"@id":"https:\/\/beebipood.ee\/ru\/#website"},"primaryImageOfPage":{"@id":"https:\/\/beebipood.ee\/ru\/produkt\/alecto-unetreener-bc-100-bunny\/#primaryimage"},"image":{"@id":"https:\/\/beebipood.ee\/ru\/produkt\/alecto-unetreener-bc-100-bunny\/#primaryimage"},"thumbnailUrl":"https:\/\/beebipood.ee\/wp-content\/uploads\/2013\/09\/Alecto-unetreener-BC100-Bunny-Beebi-ja-lastetarbed-Turvavarustus_2-3c5.jpg","datePublished":"2013-09-02T10:40:55+00:00","dateModified":"2025-01-09T08:52:31+00:00","description":"Alecto unetreener BC-100 Bunny, Multifunktsionaalne unetreener Alectolt, mida on v&otilde;imalik kasutada ka &ouml;&ouml;valguse v&otilde;i &auml;ratus","breadcrumb":{"@id":"https:\/\/beebipood.ee\/ru\/produkt\/alecto-unetreener-bc-100-bunny\/#breadcrumb"},"inLanguage":"ru-RU","potentialAction":[{"@type":"ReadAction","target":["https:\/\/beebipood.ee\/ru\/produkt\/alecto-unetreener-bc-100-bunny\/"]}]},{"@type":"ImageObject","inLanguage":"ru-RU","@id":"https:\/\/beebipood.ee\/ru\/produkt\/alecto-unetreener-bc-100-bunny\/#primaryimage","url":"https:\/\/beebipood.ee\/wp-content\/uploads\/2013\/09\/Alecto-unetreener-BC100-Bunny-Beebi-ja-lastetarbed-Turvavarustus_2-3c5.jpg","contentUrl":"https:\/\/beebipood.ee\/wp-content\/uploads\/2013\/09\/Alecto-unetreener-BC100-Bunny-Beebi-ja-lastetarbed-Turvavarustus_2-3c5.jpg","width":1200,"height":1200},{"@type":"BreadcrumbList","@id":"https:\/\/beebipood.ee\/ru\/produkt\/alecto-unetreener-bc-100-bunny\/#breadcrumb","itemListElement":[{"@type":"ListItem","position":1,"name":"Home","item":"https:\/\/beebipood.ee\/ru\/"},{"@type":"ListItem","position":2,"name":"\u041a\u0430\u0442\u0430\u043b\u043e\u0433 \u0442\u043e\u0432\u0430\u0440\u043e\u0432","item":"https:\/\/beebipood.ee\/tooted\/"},{"@type":"ListItem","position":3,"name":"Alecto unetreener BC-100 Bunny"}]},{"@type":"WebSite","@id":"https:\/\/beebipood.ee\/ru\/#website","url":"https:\/\/beebipood.ee\/ru\/","name":"Beebipood","description":"Lastekaubad, beebikaubad, m\u00e4nguasjad","publisher":{"@id":"https:\/\/beebipood.ee\/ru\/#organization"},"potentialAction":[{"@type":"SearchAction","target":{"@type":"EntryPoint","urlTemplate":"https:\/\/beebipood.ee\/ru\/?s={search_term_string}"},"query-input":{"@type":"PropertyValueSpecification","valueRequired":true,"valueName":"search_term_string"}}],"inLanguage":"ru-RU"},{"@type":"Organization","@id":"https:\/\/beebipood.ee\/ru\/#organization","name":"Beebipood","url":"https:\/\/beebipood.ee\/ru\/","logo":{"@type":"ImageObject","inLanguage":"ru-RU","@id":"https:\/\/beebipood.ee\/ru\/#\/schema\/logo\/image\/","url":"https:\/\/beebipood.ee\/wp-content\/uploads\/2025\/03\/beebipood.ee-logo-1.svg","contentUrl":"https:\/\/beebipood.ee\/wp-content\/uploads\/2025\/03\/beebipood.ee-logo-1.svg","caption":"Beebipood"},"image":{"@id":"https:\/\/beebipood.ee\/ru\/#\/schema\/logo\/image\/"}}]}},"brands":[{"id":11968,"name":"Alecto","slug":"alecto-ru"}],"_links":{"self":[{"href":"https:\/\/beebipood.ee\/ru\/wp-json\/wp\/v2\/product\/454348","targetHints":{"allow":["GET"]}}],"collection":[{"href":"https:\/\/beebipood.ee\/ru\/wp-json\/wp\/v2\/product"}],"about":[{"href":"https:\/\/beebipood.ee\/ru\/wp-json\/wp\/v2\/types\/product"}],"wp:featuredmedia":[{"embeddable":true,"href":"https:\/\/beebipood.ee\/ru\/wp-json\/wp\/v2\/media\/99974"}],"wp:attachment":[{"href":"https:\/\/beebipood.ee\/ru\/wp-json\/wp\/v2\/media?parent=454348"}],"wp:term":[{"taxonomy":"pwb-brand","embeddable":true,"href":"https:\/\/beebipood.ee\/ru\/wp-json\/wp\/v2\/pwb-brand?post=454348"},{"taxonomy":"product_brand","embeddable":true,"href":"https:\/\/beebipood.ee\/ru\/wp-json\/wp\/v2\/product_brand?post=454348"},{"taxonomy":"product_cat","embeddable":true,"href":"https:\/\/beebipood.ee\/ru\/wp-json\/wp\/v2\/product_cat?post=454348"},{"taxonomy":"product_tag","embeddable":true,"href":"https:\/\/beebipood.ee\/ru\/wp-json\/wp\/v2\/product_tag?post=454348"}],"curies":[{"name":"wp","href":"https:\/\/api.w.org\/{rel}","templated":true}]}}