{"id":454350,"date":"2013-09-02T13:41:01","date_gmt":"2013-09-02T10:41:01","guid":{"rendered":"https:\/\/beebipood.ee\/toode\/alecto-pudelisoojendaja-twin\/"},"modified":"2026-01-30T12:02:43","modified_gmt":"2026-01-30T10:02:43","slug":"alecto-pudelisoojendaja-twin","status":"publish","type":"product","link":"https:\/\/beebipood.ee\/ru\/produkt\/alecto-pudelisoojendaja-twin\/","title":{"rendered":"Alecto pudelisoojendaja Twin"},"content":{"rendered":"<p>Kiire ja digitaalne pudelisoojendaja kahele pudelile Alecto BW-700 TWIN <br \/>on t\u00f5eliselt praktiline abimees. <br \/>512-vatise v\u00f5imsusega seade suudab kiiresti soojendada, <br \/>steriliseerida ja sulatada kaks pudelit korraga! <br \/>See pudelisoojendaja v\u00f5imaldab sul pakkuda oma lapsele parimat, <br \/>sest t\u00e4nu temperatuuri reguleerimisele ei kuumene toit kunagi liiga kaua <br \/>ega liiga k\u00f5rgel temperatuuril. <br \/>Nii s\u00e4ilib v\u00f5imalikult palju vitamiine ja toitaineid.<br \/><span style=\"text-decoration: underline;\"><br \/>Toidu soojendamine<\/span><br \/>Soe piim v\u00f5i s\u00f6\u00f6k valmib vaid m\u00f5ne minuti jooksul. <br \/>K\u00f5ik soojeneb \u00fchtlaselt, seega kogu pudel ning selle sisu on sama temperatuuriga. <br \/>Soojenemise ajal on ekraanil n\u00e4ha kui kaua see aega v\u00f5tab. <br \/>Kui vastav temperatuur on saavutatud, l\u00fclitub seade automaatselt v\u00e4lja. <br \/><span style=\"text-decoration: underline;\">Steriliseerimine<\/span><br \/>Selle asemel, et lutipudeleid potis keeta, saate rahulikult aega s\u00e4\u00e4sta <br \/>ning lasta sellele pudelisoojendajal steriliseerida k\u00f5ik pudelid. <br \/>Arvestades, et beebid joovad 4-6 pudelit p\u00e4evas, siis on see t\u00f5eline ajav\u00f5it.<br \/><span style=\"text-decoration: underline;\">Sulatamine<\/span><br \/>Kui hoiustad piima s\u00fcgavk\u00fclmas v\u00f5i soovid \u00fcles sulatada, <br \/>siis Alecto BW-700 Twin aitab sulatada toidu <br \/>ja piima \u00fcles toa- v\u00f5i k\u00fclmikutemperatuurile.<br \/><span style=\"text-decoration: underline;\">Omadused<\/span><br \/>Eelprogrammeeritud k\u00fctteajad: kiire kuumutamine, <br \/>aeglane sulatus, tavaline sulatus ja steriliseerimine<br \/>Reguleeritav toa- v\u00f5i k\u00fclmikutemperatuurile<br \/>Suur ekraan, mis kuvab j\u00e4relej\u00e4\u00e4nud aega; lihtne juhtimine ekraani abil<br \/>L\u00fclitub automaatselt v\u00e4lja p\u00e4rast soovitud temperatuuri saavutamist<br \/>Sisaldab sooja hoidmise funktsiooni (kolm tundi)<br \/>BPA vaba<br \/><span style=\"text-decoration: underline;\">N\u00e4itajad<\/span><br \/>M\u00f5\u00f5dud 16 x 19 x 11,6cm (k\u00f5rgus, laius, s\u00fcgavus)<br \/>Kaal 0,75kg<br \/>N\u00f5udepesumasinas pestav<br \/>Sobib kasutamiseks erinevate pudelite ja purkidega<br \/>Komplektis ka aurutuskaas<\/p>\n","protected":false},"excerpt":{"rendered":"<p>Kiire ja digitaalne pudelisoojendaja kahele pudelile Alecto BW-700 TWIN on t\u00f5eliselt praktiline abimees. 512-vatise v\u00f5imsusega seade suudab kiiresti soojendada, steriliseerida ja sulatada kaks pudelit korraga! See pudelisoojendaja v\u00f5imaldab sul pakkuda oma lapsele parimat, sest t\u00e4nu temperatuuri reguleerimisele ei kuumene toit kunagi liiga kaua ega liiga k\u00f5rgel temperatuuril. Nii s\u00e4ilib v\u00f5imalikult palju vitamiine ja toitaineid.Toidu soojendamineSoe [&hellip;]<\/p>\n","protected":false},"featured_media":99983,"template":"","meta":{"_acf_changed":false},"pwb-brand":[11968],"product_brand":[],"product_cat":[11709,11883],"product_tag":[],"class_list":{"0":"post-454350","1":"product","2":"type-product","3":"status-publish","4":"has-post-thumbnail","6":"pwb-brand-alecto-ru","7":"product_cat-sootmistoolid-beebi-ja-lastetarbed-mahkimine-hugieen-ru","8":"product_cat-toidu-valmistamine-ru","9":"pa_manufacturer-alecto-ru","11":"first","12":"onbackorder","13":"taxable","14":"shipping-taxable","15":"purchasable","16":"product-type-simple"},"exclude_global_add_ons":[],"addons":[],"acf":[],"yoast_head":"<!-- This site is optimized with the Yoast SEO plugin v27.1.1 - https:\/\/yoast.com\/product\/yoast-seo-wordpress\/ -->\n<title>Alecto pudelisoojendaja Twin, \u041d\u041e\u0412\u042b\u0415 \u0422\u041e\u0412\u0410\u0420\u042b, \u041f\u0440\u0438\u043d\u0430\u0434\u043b\u0435\u0436\u043d\u043e\u0441\u0442\u0438 \u0434\u043b\u044f \u043c\u043b\u0430\u0434\u0435\u043d\u0446\u0435\u0432, \u041f\u0440\u0438\u0433\u043e\u0442\u043e\u0432\u043b\u0435\u043d\u0438\u0435 , Beebipood<\/title>\n<meta name=\"description\" content=\"Alecto pudelisoojendaja Twin, Kiire ja digitaalne pudelisoojendaja kahele pudelile Alecto BW-700 TWIN on t&otilde;eliselt praktiline abimees. 512\" \/>\n<meta name=\"robots\" content=\"index, follow, max-snippet:-1, max-image-preview:large, max-video-preview:-1\" \/>\n<link rel=\"canonical\" href=\"https:\/\/beebipood.ee\/ru\/produkt\/alecto-pudelisoojendaja-twin\/\" \/>\n<meta property=\"og:locale\" content=\"ru_RU\" \/>\n<meta property=\"og:type\" content=\"article\" \/>\n<meta property=\"og:title\" content=\"Alecto pudelisoojendaja Twin, \u041d\u041e\u0412\u042b\u0415 \u0422\u041e\u0412\u0410\u0420\u042b, \u041f\u0440\u0438\u043d\u0430\u0434\u043b\u0435\u0436\u043d\u043e\u0441\u0442\u0438 \u0434\u043b\u044f \u043c\u043b\u0430\u0434\u0435\u043d\u0446\u0435\u0432, \u041f\u0440\u0438\u0433\u043e\u0442\u043e\u0432\u043b\u0435\u043d\u0438\u0435 , Beebipood\" \/>\n<meta property=\"og:description\" content=\"Alecto pudelisoojendaja Twin, Kiire ja digitaalne pudelisoojendaja kahele pudelile Alecto BW-700 TWIN on t&otilde;eliselt praktiline abimees. 512\" \/>\n<meta property=\"og:url\" content=\"https:\/\/beebipood.ee\/ru\/produkt\/alecto-pudelisoojendaja-twin\/\" \/>\n<meta property=\"og:site_name\" content=\"Beebipood\" \/>\n<meta property=\"article:modified_time\" content=\"2026-01-30T10:02:43+00:00\" \/>\n<meta property=\"og:image\" content=\"https:\/\/beebipood.ee\/wp-content\/uploads\/2013\/09\/Alecto-pudelisoojendaja-Twin-Turvatoolid-hallid-Turvahallid_3-e6a.jpg\" \/>\n\t<meta property=\"og:image:width\" content=\"600\" \/>\n\t<meta property=\"og:image:height\" content=\"600\" \/>\n\t<meta property=\"og:image:type\" content=\"image\/jpeg\" \/>\n<meta name=\"twitter:card\" content=\"summary_large_image\" \/>\n<meta name=\"twitter:label1\" content=\"\u041f\u0440\u0438\u043c\u0435\u0440\u043d\u043e\u0435 \u0432\u0440\u0435\u043c\u044f \u0434\u043b\u044f \u0447\u0442\u0435\u043d\u0438\u044f\" \/>\n\t<meta name=\"twitter:data1\" content=\"1 \u043c\u0438\u043d\u0443\u0442\u0430\" \/>\n<script type=\"application\/ld+json\" class=\"yoast-schema-graph\">{\"@context\":\"https:\/\/schema.org\",\"@graph\":[{\"@type\":\"WebPage\",\"@id\":\"https:\/\/beebipood.ee\/ru\/produkt\/alecto-pudelisoojendaja-twin\/\",\"url\":\"https:\/\/beebipood.ee\/ru\/produkt\/alecto-pudelisoojendaja-twin\/\",\"name\":\"Alecto pudelisoojendaja Twin, \u041d\u041e\u0412\u042b\u0415 \u0422\u041e\u0412\u0410\u0420\u042b, \u041f\u0440\u0438\u043d\u0430\u0434\u043b\u0435\u0436\u043d\u043e\u0441\u0442\u0438 \u0434\u043b\u044f \u043c\u043b\u0430\u0434\u0435\u043d\u0446\u0435\u0432, \u041f\u0440\u0438\u0433\u043e\u0442\u043e\u0432\u043b\u0435\u043d\u0438\u0435 , Beebipood\",\"isPartOf\":{\"@id\":\"https:\/\/beebipood.ee\/ru\/#website\"},\"primaryImageOfPage\":{\"@id\":\"https:\/\/beebipood.ee\/ru\/produkt\/alecto-pudelisoojendaja-twin\/#primaryimage\"},\"image\":{\"@id\":\"https:\/\/beebipood.ee\/ru\/produkt\/alecto-pudelisoojendaja-twin\/#primaryimage\"},\"thumbnailUrl\":\"https:\/\/beebipood.ee\/wp-content\/uploads\/2013\/09\/Alecto-pudelisoojendaja-Twin-Turvatoolid-hallid-Turvahallid_3-e6a.jpg\",\"datePublished\":\"2013-09-02T10:41:01+00:00\",\"dateModified\":\"2026-01-30T10:02:43+00:00\",\"description\":\"Alecto pudelisoojendaja Twin, Kiire ja digitaalne pudelisoojendaja kahele pudelile Alecto BW-700 TWIN on t&otilde;eliselt praktiline abimees. 512\",\"breadcrumb\":{\"@id\":\"https:\/\/beebipood.ee\/ru\/produkt\/alecto-pudelisoojendaja-twin\/#breadcrumb\"},\"inLanguage\":\"ru-RU\",\"potentialAction\":[{\"@type\":\"ReadAction\",\"target\":[\"https:\/\/beebipood.ee\/ru\/produkt\/alecto-pudelisoojendaja-twin\/\"]}]},{\"@type\":\"ImageObject\",\"inLanguage\":\"ru-RU\",\"@id\":\"https:\/\/beebipood.ee\/ru\/produkt\/alecto-pudelisoojendaja-twin\/#primaryimage\",\"url\":\"https:\/\/beebipood.ee\/wp-content\/uploads\/2013\/09\/Alecto-pudelisoojendaja-Twin-Turvatoolid-hallid-Turvahallid_3-e6a.jpg\",\"contentUrl\":\"https:\/\/beebipood.ee\/wp-content\/uploads\/2013\/09\/Alecto-pudelisoojendaja-Twin-Turvatoolid-hallid-Turvahallid_3-e6a.jpg\",\"width\":600,\"height\":600},{\"@type\":\"BreadcrumbList\",\"@id\":\"https:\/\/beebipood.ee\/ru\/produkt\/alecto-pudelisoojendaja-twin\/#breadcrumb\",\"itemListElement\":[{\"@type\":\"ListItem\",\"position\":1,\"name\":\"Home\",\"item\":\"https:\/\/beebipood.ee\/ru\/\"},{\"@type\":\"ListItem\",\"position\":2,\"name\":\"\u041a\u0430\u0442\u0430\u043b\u043e\u0433 \u0442\u043e\u0432\u0430\u0440\u043e\u0432\",\"item\":\"https:\/\/beebipood.ee\/tooted\/\"},{\"@type\":\"ListItem\",\"position\":3,\"name\":\"Alecto pudelisoojendaja Twin\"}]},{\"@type\":\"WebSite\",\"@id\":\"https:\/\/beebipood.ee\/ru\/#website\",\"url\":\"https:\/\/beebipood.ee\/ru\/\",\"name\":\"Beebipood\",\"description\":\"Lastekaubad, beebikaubad, m\u00e4nguasjad\",\"publisher\":{\"@id\":\"https:\/\/beebipood.ee\/ru\/#organization\"},\"potentialAction\":[{\"@type\":\"SearchAction\",\"target\":{\"@type\":\"EntryPoint\",\"urlTemplate\":\"https:\/\/beebipood.ee\/ru\/?s={search_term_string}\"},\"query-input\":{\"@type\":\"PropertyValueSpecification\",\"valueRequired\":true,\"valueName\":\"search_term_string\"}}],\"inLanguage\":\"ru-RU\"},{\"@type\":\"Organization\",\"@id\":\"https:\/\/beebipood.ee\/ru\/#organization\",\"name\":\"Beebipood\",\"url\":\"https:\/\/beebipood.ee\/ru\/\",\"logo\":{\"@type\":\"ImageObject\",\"inLanguage\":\"ru-RU\",\"@id\":\"https:\/\/beebipood.ee\/ru\/#\/schema\/logo\/image\/\",\"url\":\"https:\/\/beebipood.ee\/wp-content\/uploads\/2025\/03\/beebipood.ee-logo-1.svg\",\"contentUrl\":\"https:\/\/beebipood.ee\/wp-content\/uploads\/2025\/03\/beebipood.ee-logo-1.svg\",\"caption\":\"Beebipood\"},\"image\":{\"@id\":\"https:\/\/beebipood.ee\/ru\/#\/schema\/logo\/image\/\"}}]}<\/script>\n<!-- \/ Yoast SEO plugin. -->","yoast_head_json":{"title":"Alecto pudelisoojendaja Twin, \u041d\u041e\u0412\u042b\u0415 \u0422\u041e\u0412\u0410\u0420\u042b, \u041f\u0440\u0438\u043d\u0430\u0434\u043b\u0435\u0436\u043d\u043e\u0441\u0442\u0438 \u0434\u043b\u044f \u043c\u043b\u0430\u0434\u0435\u043d\u0446\u0435\u0432, \u041f\u0440\u0438\u0433\u043e\u0442\u043e\u0432\u043b\u0435\u043d\u0438\u0435 , Beebipood","description":"Alecto pudelisoojendaja Twin, Kiire ja digitaalne pudelisoojendaja kahele pudelile Alecto BW-700 TWIN on t&otilde;eliselt praktiline abimees. 512","robots":{"index":"index","follow":"follow","max-snippet":"max-snippet:-1","max-image-preview":"max-image-preview:large","max-video-preview":"max-video-preview:-1"},"canonical":"https:\/\/beebipood.ee\/ru\/produkt\/alecto-pudelisoojendaja-twin\/","og_locale":"ru_RU","og_type":"article","og_title":"Alecto pudelisoojendaja Twin, \u041d\u041e\u0412\u042b\u0415 \u0422\u041e\u0412\u0410\u0420\u042b, \u041f\u0440\u0438\u043d\u0430\u0434\u043b\u0435\u0436\u043d\u043e\u0441\u0442\u0438 \u0434\u043b\u044f \u043c\u043b\u0430\u0434\u0435\u043d\u0446\u0435\u0432, \u041f\u0440\u0438\u0433\u043e\u0442\u043e\u0432\u043b\u0435\u043d\u0438\u0435 , Beebipood","og_description":"Alecto pudelisoojendaja Twin, Kiire ja digitaalne pudelisoojendaja kahele pudelile Alecto BW-700 TWIN on t&otilde;eliselt praktiline abimees. 512","og_url":"https:\/\/beebipood.ee\/ru\/produkt\/alecto-pudelisoojendaja-twin\/","og_site_name":"Beebipood","article_modified_time":"2026-01-30T10:02:43+00:00","og_image":[{"width":600,"height":600,"url":"https:\/\/beebipood.ee\/wp-content\/uploads\/2013\/09\/Alecto-pudelisoojendaja-Twin-Turvatoolid-hallid-Turvahallid_3-e6a.jpg","type":"image\/jpeg"}],"twitter_card":"summary_large_image","twitter_misc":{"\u041f\u0440\u0438\u043c\u0435\u0440\u043d\u043e\u0435 \u0432\u0440\u0435\u043c\u044f \u0434\u043b\u044f \u0447\u0442\u0435\u043d\u0438\u044f":"1 \u043c\u0438\u043d\u0443\u0442\u0430"},"schema":{"@context":"https:\/\/schema.org","@graph":[{"@type":"WebPage","@id":"https:\/\/beebipood.ee\/ru\/produkt\/alecto-pudelisoojendaja-twin\/","url":"https:\/\/beebipood.ee\/ru\/produkt\/alecto-pudelisoojendaja-twin\/","name":"Alecto pudelisoojendaja Twin, \u041d\u041e\u0412\u042b\u0415 \u0422\u041e\u0412\u0410\u0420\u042b, \u041f\u0440\u0438\u043d\u0430\u0434\u043b\u0435\u0436\u043d\u043e\u0441\u0442\u0438 \u0434\u043b\u044f \u043c\u043b\u0430\u0434\u0435\u043d\u0446\u0435\u0432, \u041f\u0440\u0438\u0433\u043e\u0442\u043e\u0432\u043b\u0435\u043d\u0438\u0435 , Beebipood","isPartOf":{"@id":"https:\/\/beebipood.ee\/ru\/#website"},"primaryImageOfPage":{"@id":"https:\/\/beebipood.ee\/ru\/produkt\/alecto-pudelisoojendaja-twin\/#primaryimage"},"image":{"@id":"https:\/\/beebipood.ee\/ru\/produkt\/alecto-pudelisoojendaja-twin\/#primaryimage"},"thumbnailUrl":"https:\/\/beebipood.ee\/wp-content\/uploads\/2013\/09\/Alecto-pudelisoojendaja-Twin-Turvatoolid-hallid-Turvahallid_3-e6a.jpg","datePublished":"2013-09-02T10:41:01+00:00","dateModified":"2026-01-30T10:02:43+00:00","description":"Alecto pudelisoojendaja Twin, Kiire ja digitaalne pudelisoojendaja kahele pudelile Alecto BW-700 TWIN on t&otilde;eliselt praktiline abimees. 512","breadcrumb":{"@id":"https:\/\/beebipood.ee\/ru\/produkt\/alecto-pudelisoojendaja-twin\/#breadcrumb"},"inLanguage":"ru-RU","potentialAction":[{"@type":"ReadAction","target":["https:\/\/beebipood.ee\/ru\/produkt\/alecto-pudelisoojendaja-twin\/"]}]},{"@type":"ImageObject","inLanguage":"ru-RU","@id":"https:\/\/beebipood.ee\/ru\/produkt\/alecto-pudelisoojendaja-twin\/#primaryimage","url":"https:\/\/beebipood.ee\/wp-content\/uploads\/2013\/09\/Alecto-pudelisoojendaja-Twin-Turvatoolid-hallid-Turvahallid_3-e6a.jpg","contentUrl":"https:\/\/beebipood.ee\/wp-content\/uploads\/2013\/09\/Alecto-pudelisoojendaja-Twin-Turvatoolid-hallid-Turvahallid_3-e6a.jpg","width":600,"height":600},{"@type":"BreadcrumbList","@id":"https:\/\/beebipood.ee\/ru\/produkt\/alecto-pudelisoojendaja-twin\/#breadcrumb","itemListElement":[{"@type":"ListItem","position":1,"name":"Home","item":"https:\/\/beebipood.ee\/ru\/"},{"@type":"ListItem","position":2,"name":"\u041a\u0430\u0442\u0430\u043b\u043e\u0433 \u0442\u043e\u0432\u0430\u0440\u043e\u0432","item":"https:\/\/beebipood.ee\/tooted\/"},{"@type":"ListItem","position":3,"name":"Alecto pudelisoojendaja Twin"}]},{"@type":"WebSite","@id":"https:\/\/beebipood.ee\/ru\/#website","url":"https:\/\/beebipood.ee\/ru\/","name":"Beebipood","description":"Lastekaubad, beebikaubad, m\u00e4nguasjad","publisher":{"@id":"https:\/\/beebipood.ee\/ru\/#organization"},"potentialAction":[{"@type":"SearchAction","target":{"@type":"EntryPoint","urlTemplate":"https:\/\/beebipood.ee\/ru\/?s={search_term_string}"},"query-input":{"@type":"PropertyValueSpecification","valueRequired":true,"valueName":"search_term_string"}}],"inLanguage":"ru-RU"},{"@type":"Organization","@id":"https:\/\/beebipood.ee\/ru\/#organization","name":"Beebipood","url":"https:\/\/beebipood.ee\/ru\/","logo":{"@type":"ImageObject","inLanguage":"ru-RU","@id":"https:\/\/beebipood.ee\/ru\/#\/schema\/logo\/image\/","url":"https:\/\/beebipood.ee\/wp-content\/uploads\/2025\/03\/beebipood.ee-logo-1.svg","contentUrl":"https:\/\/beebipood.ee\/wp-content\/uploads\/2025\/03\/beebipood.ee-logo-1.svg","caption":"Beebipood"},"image":{"@id":"https:\/\/beebipood.ee\/ru\/#\/schema\/logo\/image\/"}}]}},"brands":[{"id":11968,"name":"Alecto","slug":"alecto-ru"}],"_links":{"self":[{"href":"https:\/\/beebipood.ee\/ru\/wp-json\/wp\/v2\/product\/454350","targetHints":{"allow":["GET"]}}],"collection":[{"href":"https:\/\/beebipood.ee\/ru\/wp-json\/wp\/v2\/product"}],"about":[{"href":"https:\/\/beebipood.ee\/ru\/wp-json\/wp\/v2\/types\/product"}],"wp:featuredmedia":[{"embeddable":true,"href":"https:\/\/beebipood.ee\/ru\/wp-json\/wp\/v2\/media\/99983"}],"wp:attachment":[{"href":"https:\/\/beebipood.ee\/ru\/wp-json\/wp\/v2\/media?parent=454350"}],"wp:term":[{"taxonomy":"pwb-brand","embeddable":true,"href":"https:\/\/beebipood.ee\/ru\/wp-json\/wp\/v2\/pwb-brand?post=454350"},{"taxonomy":"product_brand","embeddable":true,"href":"https:\/\/beebipood.ee\/ru\/wp-json\/wp\/v2\/product_brand?post=454350"},{"taxonomy":"product_cat","embeddable":true,"href":"https:\/\/beebipood.ee\/ru\/wp-json\/wp\/v2\/product_cat?post=454350"},{"taxonomy":"product_tag","embeddable":true,"href":"https:\/\/beebipood.ee\/ru\/wp-json\/wp\/v2\/product_tag?post=454350"}],"curies":[{"name":"wp","href":"https:\/\/api.w.org\/{rel}","templated":true}]}}