{"id":454370,"date":"2013-09-02T13:42:15","date_gmt":"2013-09-02T10:42:15","guid":{"rendered":"https:\/\/beebipood.ee\/toode\/beebivoodi-pauline-60x120-turvapiirdega-ja-voodikastiga-grafiit\/"},"modified":"2025-01-09T10:52:30","modified_gmt":"2025-01-09T08:52:30","slug":"beebivoodi-pauline-60x120-turvapiirdega-ja-voodikastiga-grafiit","status":"publish","type":"product","link":"https:\/\/beebipood.ee\/ru\/produkt\/beebivoodi-pauline-60x120-turvapiirdega-ja-voodikastiga-grafiit\/","title":{"rendered":"Beebivoodi Pauline 60&#215;120 turvapiirdega ja voodikastiga, grafiit"},"content":{"rendered":"<p><span>* m\u00e4nnipuidust ja kvaliteetsest m\u00f6\u00f6bliplaadist beebivoodi\u00a0<\/span><br \/><span>* viimistlus: grafiit \/ natural<\/span><br \/><span>* tugev voodip\u00f5hi<\/span><br \/><span>* voodi \u00fcks k\u00fclgedest on eemaldatav<\/span><br \/><span>* voodi p\u00f5hja v\u00f5imalik t\u00f5sta kolm (3) erinevat k\u00f5rgust\u00a0<\/span><br \/><span>* sobivat m\u00f5\u00f5tu madrats voodisse: laius 60 cm, pikkus 120 cm<\/span><br \/><span>* madrats ei ole hinna sees<br \/><span>* komplektis ratastel liikuv voodikast (L 63cm, P 119cm, K 18cm)<\/span><\/span><br \/><span>* toode vastab k\u00f5ikidele EN turvastandarditele<\/span><br \/><span>* valmistamisel kasutatud antiallergilisei materjale<\/span><\/p>\n","protected":false},"excerpt":{"rendered":"<p>* m\u00e4nnipuidust ja kvaliteetsest m\u00f6\u00f6bliplaadist beebivoodi\u00a0* viimistlus: grafiit \/ natural* tugev voodip\u00f5hi* voodi \u00fcks k\u00fclgedest on eemaldatav* voodi p\u00f5hja v\u00f5imalik t\u00f5sta kolm (3) erinevat k\u00f5rgust\u00a0* sobivat m\u00f5\u00f5tu madrats voodisse: laius 60 cm, pikkus 120 cm* madrats ei ole hinna sees* komplektis ratastel liikuv voodikast (L 63cm, P 119cm, K 18cm)* toode vastab k\u00f5ikidele EN turvastandarditele* [&hellip;]<\/p>\n","protected":false},"featured_media":100171,"template":"","meta":{"_acf_changed":false},"pwb-brand":[11946],"product_brand":[],"product_cat":[11567,11745,11553,11789],"product_tag":[],"class_list":{"0":"post-454370","1":"product","2":"type-product","3":"status-publish","4":"has-post-thumbnail","6":"pwb-brand-klups-ru","7":"product_cat-vorevoodid-ru","8":"product_cat-madratsile-60x120-ru","9":"product_cat-beebivoodid-reisivoodid-hallid-ru","10":"product_cat-lastemoobel-ja-sisustus-ru","11":"pa_manufacturer-klups-ru","13":"first","14":"onbackorder","15":"sale","16":"taxable","17":"shipping-taxable","18":"purchasable","19":"product-type-simple"},"exclude_global_add_ons":[],"addons":[],"acf":[],"yoast_head":"<!-- This site is optimized with the Yoast SEO plugin v27.1.1 - https:\/\/yoast.com\/product\/yoast-seo-wordpress\/ -->\n<title>Beebivoodi Pauline 60x120 turvapiirdega ja voodikastiga, grafiit, \u0414\u0435\u0442\u0441\u043a\u0438e \u043a\u0440\u043e\u0432\u0430\u0442\u043a\u0438, \u043f\u0435\u0440\u0435\u043d\u043e\u0441\u043d\u044b\u0435 \u043a\u0440\u043e\u0432\u0430\u0442\u043a\u0438, \u043b\u044e\u043b\u044c\u043a\u0438, \u0414\u0435\u0442\u0441\u043a\u0438e \u043a\u0440\u043e\u0432\u0430\u0442\u043a\u0438, \u043c\u0430\u0442\u0440\u0430\u0441 60x120, M\u0435\u0431\u0435\u043b\u044c, Beebipood<\/title>\n<meta name=\"description\" content=\"Beebivoodi Pauline 60x120 turvapiirdega ja voodikastiga, grafiit, * m&auml;nnipuidust ja kvaliteetsest m&ouml;&ouml;bliplaadist beebivoodi&nbsp;\" \/>\n<meta name=\"robots\" content=\"index, follow, max-snippet:-1, max-image-preview:large, max-video-preview:-1\" \/>\n<link rel=\"canonical\" href=\"https:\/\/beebipood.ee\/ru\/produkt\/beebivoodi-pauline-60x120-turvapiirdega-ja-voodikastiga-grafiit\/\" \/>\n<meta property=\"og:locale\" content=\"ru_RU\" \/>\n<meta property=\"og:type\" content=\"article\" \/>\n<meta property=\"og:title\" content=\"Beebivoodi Pauline 60x120 turvapiirdega ja voodikastiga, grafiit, \u0414\u0435\u0442\u0441\u043a\u0438e \u043a\u0440\u043e\u0432\u0430\u0442\u043a\u0438, \u043f\u0435\u0440\u0435\u043d\u043e\u0441\u043d\u044b\u0435 \u043a\u0440\u043e\u0432\u0430\u0442\u043a\u0438, \u043b\u044e\u043b\u044c\u043a\u0438, \u0414\u0435\u0442\u0441\u043a\u0438e \u043a\u0440\u043e\u0432\u0430\u0442\u043a\u0438, \u043c\u0430\u0442\u0440\u0430\u0441 60x120, M\u0435\u0431\u0435\u043b\u044c, Beebipood\" \/>\n<meta property=\"og:description\" content=\"Beebivoodi Pauline 60x120 turvapiirdega ja voodikastiga, grafiit, * m&auml;nnipuidust ja kvaliteetsest m&ouml;&ouml;bliplaadist beebivoodi&nbsp;\" \/>\n<meta property=\"og:url\" content=\"https:\/\/beebipood.ee\/ru\/produkt\/beebivoodi-pauline-60x120-turvapiirdega-ja-voodikastiga-grafiit\/\" \/>\n<meta property=\"og:site_name\" content=\"Beebipood\" \/>\n<meta property=\"article:modified_time\" content=\"2025-01-09T08:52:30+00:00\" \/>\n<meta property=\"og:image\" content=\"https:\/\/beebipood.ee\/wp-content\/uploads\/2013\/09\/Beebivoodi-Pauline-60x120-turvapiirdega-ja-voodikastiga-grafiit-Beebivoodid-reisivoodid-hallid-Vorevoodid-UUED-TOOTED-madratsile-60x120-Lastemoobel-ja-sisustus_1-c55.jpg\" \/>\n\t<meta property=\"og:image:width\" content=\"1000\" \/>\n\t<meta property=\"og:image:height\" content=\"1000\" \/>\n\t<meta property=\"og:image:type\" content=\"image\/jpeg\" \/>\n<meta name=\"twitter:card\" content=\"summary_large_image\" \/>\n<script type=\"application\/ld+json\" class=\"yoast-schema-graph\">{\"@context\":\"https:\/\/schema.org\",\"@graph\":[{\"@type\":\"WebPage\",\"@id\":\"https:\/\/beebipood.ee\/ru\/produkt\/beebivoodi-pauline-60x120-turvapiirdega-ja-voodikastiga-grafiit\/\",\"url\":\"https:\/\/beebipood.ee\/ru\/produkt\/beebivoodi-pauline-60x120-turvapiirdega-ja-voodikastiga-grafiit\/\",\"name\":\"Beebivoodi Pauline 60x120 turvapiirdega ja voodikastiga, grafiit, \u0414\u0435\u0442\u0441\u043a\u0438e \u043a\u0440\u043e\u0432\u0430\u0442\u043a\u0438, \u043f\u0435\u0440\u0435\u043d\u043e\u0441\u043d\u044b\u0435 \u043a\u0440\u043e\u0432\u0430\u0442\u043a\u0438, \u043b\u044e\u043b\u044c\u043a\u0438, \u0414\u0435\u0442\u0441\u043a\u0438e \u043a\u0440\u043e\u0432\u0430\u0442\u043a\u0438, \u043c\u0430\u0442\u0440\u0430\u0441 60x120, M\u0435\u0431\u0435\u043b\u044c, Beebipood\",\"isPartOf\":{\"@id\":\"https:\/\/beebipood.ee\/ru\/#website\"},\"primaryImageOfPage\":{\"@id\":\"https:\/\/beebipood.ee\/ru\/produkt\/beebivoodi-pauline-60x120-turvapiirdega-ja-voodikastiga-grafiit\/#primaryimage\"},\"image\":{\"@id\":\"https:\/\/beebipood.ee\/ru\/produkt\/beebivoodi-pauline-60x120-turvapiirdega-ja-voodikastiga-grafiit\/#primaryimage\"},\"thumbnailUrl\":\"https:\/\/beebipood.ee\/wp-content\/uploads\/2013\/09\/Beebivoodi-Pauline-60x120-turvapiirdega-ja-voodikastiga-grafiit-Beebivoodid-reisivoodid-hallid-Vorevoodid-UUED-TOOTED-madratsile-60x120-Lastemoobel-ja-sisustus_1-c55.jpg\",\"datePublished\":\"2013-09-02T10:42:15+00:00\",\"dateModified\":\"2025-01-09T08:52:30+00:00\",\"description\":\"Beebivoodi Pauline 60x120 turvapiirdega ja voodikastiga, grafiit, * m&auml;nnipuidust ja kvaliteetsest m&ouml;&ouml;bliplaadist beebivoodi&nbsp;\",\"breadcrumb\":{\"@id\":\"https:\/\/beebipood.ee\/ru\/produkt\/beebivoodi-pauline-60x120-turvapiirdega-ja-voodikastiga-grafiit\/#breadcrumb\"},\"inLanguage\":\"ru-RU\",\"potentialAction\":[{\"@type\":\"ReadAction\",\"target\":[\"https:\/\/beebipood.ee\/ru\/produkt\/beebivoodi-pauline-60x120-turvapiirdega-ja-voodikastiga-grafiit\/\"]}]},{\"@type\":\"ImageObject\",\"inLanguage\":\"ru-RU\",\"@id\":\"https:\/\/beebipood.ee\/ru\/produkt\/beebivoodi-pauline-60x120-turvapiirdega-ja-voodikastiga-grafiit\/#primaryimage\",\"url\":\"https:\/\/beebipood.ee\/wp-content\/uploads\/2013\/09\/Beebivoodi-Pauline-60x120-turvapiirdega-ja-voodikastiga-grafiit-Beebivoodid-reisivoodid-hallid-Vorevoodid-UUED-TOOTED-madratsile-60x120-Lastemoobel-ja-sisustus_1-c55.jpg\",\"contentUrl\":\"https:\/\/beebipood.ee\/wp-content\/uploads\/2013\/09\/Beebivoodi-Pauline-60x120-turvapiirdega-ja-voodikastiga-grafiit-Beebivoodid-reisivoodid-hallid-Vorevoodid-UUED-TOOTED-madratsile-60x120-Lastemoobel-ja-sisustus_1-c55.jpg\",\"width\":1000,\"height\":1000},{\"@type\":\"BreadcrumbList\",\"@id\":\"https:\/\/beebipood.ee\/ru\/produkt\/beebivoodi-pauline-60x120-turvapiirdega-ja-voodikastiga-grafiit\/#breadcrumb\",\"itemListElement\":[{\"@type\":\"ListItem\",\"position\":1,\"name\":\"Home\",\"item\":\"https:\/\/beebipood.ee\/ru\/\"},{\"@type\":\"ListItem\",\"position\":2,\"name\":\"\u041a\u0430\u0442\u0430\u043b\u043e\u0433 \u0442\u043e\u0432\u0430\u0440\u043e\u0432\",\"item\":\"https:\/\/beebipood.ee\/tooted\/\"},{\"@type\":\"ListItem\",\"position\":3,\"name\":\"Beebivoodi Pauline 60&#215;120 turvapiirdega ja voodikastiga, grafiit\"}]},{\"@type\":\"WebSite\",\"@id\":\"https:\/\/beebipood.ee\/ru\/#website\",\"url\":\"https:\/\/beebipood.ee\/ru\/\",\"name\":\"Beebipood\",\"description\":\"Lastekaubad, beebikaubad, m\u00e4nguasjad\",\"publisher\":{\"@id\":\"https:\/\/beebipood.ee\/ru\/#organization\"},\"potentialAction\":[{\"@type\":\"SearchAction\",\"target\":{\"@type\":\"EntryPoint\",\"urlTemplate\":\"https:\/\/beebipood.ee\/ru\/?s={search_term_string}\"},\"query-input\":{\"@type\":\"PropertyValueSpecification\",\"valueRequired\":true,\"valueName\":\"search_term_string\"}}],\"inLanguage\":\"ru-RU\"},{\"@type\":\"Organization\",\"@id\":\"https:\/\/beebipood.ee\/ru\/#organization\",\"name\":\"Beebipood\",\"url\":\"https:\/\/beebipood.ee\/ru\/\",\"logo\":{\"@type\":\"ImageObject\",\"inLanguage\":\"ru-RU\",\"@id\":\"https:\/\/beebipood.ee\/ru\/#\/schema\/logo\/image\/\",\"url\":\"https:\/\/beebipood.ee\/wp-content\/uploads\/2025\/03\/beebipood.ee-logo-1.svg\",\"contentUrl\":\"https:\/\/beebipood.ee\/wp-content\/uploads\/2025\/03\/beebipood.ee-logo-1.svg\",\"caption\":\"Beebipood\"},\"image\":{\"@id\":\"https:\/\/beebipood.ee\/ru\/#\/schema\/logo\/image\/\"}}]}<\/script>\n<!-- \/ Yoast SEO plugin. -->","yoast_head_json":{"title":"Beebivoodi Pauline 60x120 turvapiirdega ja voodikastiga, grafiit, \u0414\u0435\u0442\u0441\u043a\u0438e \u043a\u0440\u043e\u0432\u0430\u0442\u043a\u0438, \u043f\u0435\u0440\u0435\u043d\u043e\u0441\u043d\u044b\u0435 \u043a\u0440\u043e\u0432\u0430\u0442\u043a\u0438, \u043b\u044e\u043b\u044c\u043a\u0438, \u0414\u0435\u0442\u0441\u043a\u0438e \u043a\u0440\u043e\u0432\u0430\u0442\u043a\u0438, \u043c\u0430\u0442\u0440\u0430\u0441 60x120, M\u0435\u0431\u0435\u043b\u044c, Beebipood","description":"Beebivoodi Pauline 60x120 turvapiirdega ja voodikastiga, grafiit, * m&auml;nnipuidust ja kvaliteetsest m&ouml;&ouml;bliplaadist beebivoodi&nbsp;","robots":{"index":"index","follow":"follow","max-snippet":"max-snippet:-1","max-image-preview":"max-image-preview:large","max-video-preview":"max-video-preview:-1"},"canonical":"https:\/\/beebipood.ee\/ru\/produkt\/beebivoodi-pauline-60x120-turvapiirdega-ja-voodikastiga-grafiit\/","og_locale":"ru_RU","og_type":"article","og_title":"Beebivoodi Pauline 60x120 turvapiirdega ja voodikastiga, grafiit, \u0414\u0435\u0442\u0441\u043a\u0438e \u043a\u0440\u043e\u0432\u0430\u0442\u043a\u0438, \u043f\u0435\u0440\u0435\u043d\u043e\u0441\u043d\u044b\u0435 \u043a\u0440\u043e\u0432\u0430\u0442\u043a\u0438, \u043b\u044e\u043b\u044c\u043a\u0438, \u0414\u0435\u0442\u0441\u043a\u0438e \u043a\u0440\u043e\u0432\u0430\u0442\u043a\u0438, \u043c\u0430\u0442\u0440\u0430\u0441 60x120, M\u0435\u0431\u0435\u043b\u044c, Beebipood","og_description":"Beebivoodi Pauline 60x120 turvapiirdega ja voodikastiga, grafiit, * m&auml;nnipuidust ja kvaliteetsest m&ouml;&ouml;bliplaadist beebivoodi&nbsp;","og_url":"https:\/\/beebipood.ee\/ru\/produkt\/beebivoodi-pauline-60x120-turvapiirdega-ja-voodikastiga-grafiit\/","og_site_name":"Beebipood","article_modified_time":"2025-01-09T08:52:30+00:00","og_image":[{"width":1000,"height":1000,"url":"https:\/\/beebipood.ee\/wp-content\/uploads\/2013\/09\/Beebivoodi-Pauline-60x120-turvapiirdega-ja-voodikastiga-grafiit-Beebivoodid-reisivoodid-hallid-Vorevoodid-UUED-TOOTED-madratsile-60x120-Lastemoobel-ja-sisustus_1-c55.jpg","type":"image\/jpeg"}],"twitter_card":"summary_large_image","schema":{"@context":"https:\/\/schema.org","@graph":[{"@type":"WebPage","@id":"https:\/\/beebipood.ee\/ru\/produkt\/beebivoodi-pauline-60x120-turvapiirdega-ja-voodikastiga-grafiit\/","url":"https:\/\/beebipood.ee\/ru\/produkt\/beebivoodi-pauline-60x120-turvapiirdega-ja-voodikastiga-grafiit\/","name":"Beebivoodi Pauline 60x120 turvapiirdega ja voodikastiga, grafiit, \u0414\u0435\u0442\u0441\u043a\u0438e \u043a\u0440\u043e\u0432\u0430\u0442\u043a\u0438, \u043f\u0435\u0440\u0435\u043d\u043e\u0441\u043d\u044b\u0435 \u043a\u0440\u043e\u0432\u0430\u0442\u043a\u0438, \u043b\u044e\u043b\u044c\u043a\u0438, \u0414\u0435\u0442\u0441\u043a\u0438e \u043a\u0440\u043e\u0432\u0430\u0442\u043a\u0438, \u043c\u0430\u0442\u0440\u0430\u0441 60x120, M\u0435\u0431\u0435\u043b\u044c, Beebipood","isPartOf":{"@id":"https:\/\/beebipood.ee\/ru\/#website"},"primaryImageOfPage":{"@id":"https:\/\/beebipood.ee\/ru\/produkt\/beebivoodi-pauline-60x120-turvapiirdega-ja-voodikastiga-grafiit\/#primaryimage"},"image":{"@id":"https:\/\/beebipood.ee\/ru\/produkt\/beebivoodi-pauline-60x120-turvapiirdega-ja-voodikastiga-grafiit\/#primaryimage"},"thumbnailUrl":"https:\/\/beebipood.ee\/wp-content\/uploads\/2013\/09\/Beebivoodi-Pauline-60x120-turvapiirdega-ja-voodikastiga-grafiit-Beebivoodid-reisivoodid-hallid-Vorevoodid-UUED-TOOTED-madratsile-60x120-Lastemoobel-ja-sisustus_1-c55.jpg","datePublished":"2013-09-02T10:42:15+00:00","dateModified":"2025-01-09T08:52:30+00:00","description":"Beebivoodi Pauline 60x120 turvapiirdega ja voodikastiga, grafiit, * m&auml;nnipuidust ja kvaliteetsest m&ouml;&ouml;bliplaadist beebivoodi&nbsp;","breadcrumb":{"@id":"https:\/\/beebipood.ee\/ru\/produkt\/beebivoodi-pauline-60x120-turvapiirdega-ja-voodikastiga-grafiit\/#breadcrumb"},"inLanguage":"ru-RU","potentialAction":[{"@type":"ReadAction","target":["https:\/\/beebipood.ee\/ru\/produkt\/beebivoodi-pauline-60x120-turvapiirdega-ja-voodikastiga-grafiit\/"]}]},{"@type":"ImageObject","inLanguage":"ru-RU","@id":"https:\/\/beebipood.ee\/ru\/produkt\/beebivoodi-pauline-60x120-turvapiirdega-ja-voodikastiga-grafiit\/#primaryimage","url":"https:\/\/beebipood.ee\/wp-content\/uploads\/2013\/09\/Beebivoodi-Pauline-60x120-turvapiirdega-ja-voodikastiga-grafiit-Beebivoodid-reisivoodid-hallid-Vorevoodid-UUED-TOOTED-madratsile-60x120-Lastemoobel-ja-sisustus_1-c55.jpg","contentUrl":"https:\/\/beebipood.ee\/wp-content\/uploads\/2013\/09\/Beebivoodi-Pauline-60x120-turvapiirdega-ja-voodikastiga-grafiit-Beebivoodid-reisivoodid-hallid-Vorevoodid-UUED-TOOTED-madratsile-60x120-Lastemoobel-ja-sisustus_1-c55.jpg","width":1000,"height":1000},{"@type":"BreadcrumbList","@id":"https:\/\/beebipood.ee\/ru\/produkt\/beebivoodi-pauline-60x120-turvapiirdega-ja-voodikastiga-grafiit\/#breadcrumb","itemListElement":[{"@type":"ListItem","position":1,"name":"Home","item":"https:\/\/beebipood.ee\/ru\/"},{"@type":"ListItem","position":2,"name":"\u041a\u0430\u0442\u0430\u043b\u043e\u0433 \u0442\u043e\u0432\u0430\u0440\u043e\u0432","item":"https:\/\/beebipood.ee\/tooted\/"},{"@type":"ListItem","position":3,"name":"Beebivoodi Pauline 60&#215;120 turvapiirdega ja voodikastiga, grafiit"}]},{"@type":"WebSite","@id":"https:\/\/beebipood.ee\/ru\/#website","url":"https:\/\/beebipood.ee\/ru\/","name":"Beebipood","description":"Lastekaubad, beebikaubad, m\u00e4nguasjad","publisher":{"@id":"https:\/\/beebipood.ee\/ru\/#organization"},"potentialAction":[{"@type":"SearchAction","target":{"@type":"EntryPoint","urlTemplate":"https:\/\/beebipood.ee\/ru\/?s={search_term_string}"},"query-input":{"@type":"PropertyValueSpecification","valueRequired":true,"valueName":"search_term_string"}}],"inLanguage":"ru-RU"},{"@type":"Organization","@id":"https:\/\/beebipood.ee\/ru\/#organization","name":"Beebipood","url":"https:\/\/beebipood.ee\/ru\/","logo":{"@type":"ImageObject","inLanguage":"ru-RU","@id":"https:\/\/beebipood.ee\/ru\/#\/schema\/logo\/image\/","url":"https:\/\/beebipood.ee\/wp-content\/uploads\/2025\/03\/beebipood.ee-logo-1.svg","contentUrl":"https:\/\/beebipood.ee\/wp-content\/uploads\/2025\/03\/beebipood.ee-logo-1.svg","caption":"Beebipood"},"image":{"@id":"https:\/\/beebipood.ee\/ru\/#\/schema\/logo\/image\/"}}]}},"brands":[{"id":11946,"name":"Klups","slug":"klups-ru"}],"_links":{"self":[{"href":"https:\/\/beebipood.ee\/ru\/wp-json\/wp\/v2\/product\/454370","targetHints":{"allow":["GET"]}}],"collection":[{"href":"https:\/\/beebipood.ee\/ru\/wp-json\/wp\/v2\/product"}],"about":[{"href":"https:\/\/beebipood.ee\/ru\/wp-json\/wp\/v2\/types\/product"}],"wp:featuredmedia":[{"embeddable":true,"href":"https:\/\/beebipood.ee\/ru\/wp-json\/wp\/v2\/media\/100171"}],"wp:attachment":[{"href":"https:\/\/beebipood.ee\/ru\/wp-json\/wp\/v2\/media?parent=454370"}],"wp:term":[{"taxonomy":"pwb-brand","embeddable":true,"href":"https:\/\/beebipood.ee\/ru\/wp-json\/wp\/v2\/pwb-brand?post=454370"},{"taxonomy":"product_brand","embeddable":true,"href":"https:\/\/beebipood.ee\/ru\/wp-json\/wp\/v2\/product_brand?post=454370"},{"taxonomy":"product_cat","embeddable":true,"href":"https:\/\/beebipood.ee\/ru\/wp-json\/wp\/v2\/product_cat?post=454370"},{"taxonomy":"product_tag","embeddable":true,"href":"https:\/\/beebipood.ee\/ru\/wp-json\/wp\/v2\/product_tag?post=454370"}],"curies":[{"name":"wp","href":"https:\/\/api.w.org\/{rel}","templated":true}]}}